{"id":10813,"date":"2023-05-29T09:52:50","date_gmt":"2023-05-29T07:52:50","guid":{"rendered":"https:\/\/derbedrosian.nl\/?page_id=10813"},"modified":"2025-12-21T16:40:58","modified_gmt":"2025-12-21T14:40:58","slug":"studienbeihilfe","status":"publish","type":"page","link":"https:\/\/www.derbedrosian.nl\/de\/rechtsgebieden\/sociaal-zekerheidsrecht\/studiefinanciering\/","title":{"rendered":"Studienfinanzierung"},"content":{"rendered":"<div data-elementor-type=\"wp-page\" data-elementor-id=\"10813\" class=\"elementor elementor-10813\" data-elementor-post-type=\"page\">\n\t\t\t\t<div class=\"wd-negative-gap elementor-element elementor-element-5b8e41a e-flex e-con-boxed e-con e-parent\" data-id=\"5b8e41a\" data-element_type=\"container\" data-e-type=\"container\">\n\t\t\t\t\t<div class=\"e-con-inner\">\n\t\t\t\t<div class=\"elementor-element elementor-element-a05ff38 elementor-hidden-desktop elementor-hidden-tablet elementor-hidden-mobile elementor-widget elementor-widget-wd_image_or_svg\" data-id=\"a05ff38\" data-element_type=\"widget\" data-e-type=\"widget\" id=\"seo-word\" data-widget_type=\"wd_image_or_svg.default\">\n\t\t\t\t<div class=\"elementor-widget-container\">\n\t\t\t\t\t\n\t\t<div class=\"wd-image text-left\">\n\t\t\t\t\t\t\t\t<img loading=\"lazy\" decoding=\"async\" width=\"1000\" height=\"667\" src=\"https:\/\/www.derbedrosian.nl\/wp-content\/uploads\/rechtsgebied-studiefinanciering.jpg\" class=\"attachment-full size-full\" alt=\"Antr\u00e4ge auf Studienfinanzierung 2023 ausl\u00e4ndische Studenten abgelehnt Anwalt Sozialversicherungsrecht\" srcset=\"https:\/\/www.derbedrosian.nl\/wp-content\/uploads\/rechtsgebied-studiefinanciering.jpg 1000w, https:\/\/www.derbedrosian.nl\/wp-content\/uploads\/rechtsgebied-studiefinanciering-400x267.jpg 400w, https:\/\/www.derbedrosian.nl\/wp-content\/uploads\/rechtsgebied-studiefinanciering-768x512.jpg 768w\" sizes=\"auto, (max-width: 1000px) 100vw, 1000px\" title=\"\">\t\t\t\t\t<\/div>\n\n\t\t\t\t\t\t<\/div>\n\t\t\t\t<\/div>\n\t\t\t\t<div class=\"elementor-element elementor-element-f216327 elementor-hidden-desktop elementor-hidden-tablet elementor-hidden-mobile elementor-widget elementor-widget-heading\" data-id=\"f216327\" data-element_type=\"widget\" data-e-type=\"widget\" id=\"seo-word\" data-widget_type=\"heading.default\">\n\t\t\t\t<div class=\"elementor-widget-container\">\n\t\t\t\t\t<h2 class=\"elementor-heading-title elementor-size-default\">Recht auf Studienfinanzierung<\/h2>\t\t\t\t<\/div>\n\t\t\t\t<\/div>\n\t\t\t\t<div class=\"elementor-element elementor-element-82a91af elementor-hidden-desktop elementor-hidden-tablet elementor-hidden-mobile elementor-widget elementor-widget-heading\" data-id=\"82a91af\" data-element_type=\"widget\" data-e-type=\"widget\" id=\"seo-word\" data-widget_type=\"heading.default\">\n\t\t\t\t<div class=\"elementor-widget-container\">\n\t\t\t\t\t<h5 class=\"elementor-heading-title elementor-size-default\">Was ist die Studienfinanzierung von mbo zu hbo<\/h5>\t\t\t\t<\/div>\n\t\t\t\t<\/div>\n\t\t\t\t<div class=\"elementor-element elementor-element-adf6b1b elementor-hidden-desktop elementor-hidden-tablet elementor-hidden-mobile elementor-widget elementor-widget-heading\" data-id=\"adf6b1b\" data-element_type=\"widget\" data-e-type=\"widget\" id=\"seo-word\" data-widget_type=\"heading.default\">\n\t\t\t\t<div class=\"elementor-widget-container\">\n\t\t\t\t\t<h5 class=\"elementor-heading-title elementor-size-default\">Studienfinanzierung in K\u00fcrze Zusatzstipendium Studiengeb\u00fchren Kredit<\/h5>\t\t\t\t<\/div>\n\t\t\t\t<\/div>\n\t\t\t\t<div class=\"elementor-element elementor-element-54f7f4e elementor-hidden-desktop elementor-hidden-tablet elementor-hidden-mobile elementor-widget elementor-widget-heading\" data-id=\"54f7f4e\" data-element_type=\"widget\" data-e-type=\"widget\" id=\"seo-word\" data-widget_type=\"heading.default\">\n\t\t\t\t<div class=\"elementor-widget-container\">\n\t\t\t\t\t<h5 class=\"elementor-heading-title elementor-size-default\">Anspruch auf einen zus\u00e4tzlichen Zuschuss<\/h5>\t\t\t\t<\/div>\n\t\t\t\t<\/div>\n\t\t\t\t<div class=\"elementor-element elementor-element-c91695a color-scheme-inherit text-left elementor-widget elementor-widget-text-editor\" data-id=\"c91695a\" data-element_type=\"widget\" data-e-type=\"widget\" data-widget_type=\"text-editor.default\">\n\t\t\t\t<div class=\"elementor-widget-container\">\n\t\t\t\t\t\t\t\t\t<p>Als Student in Enschede haben Sie m\u00f6glicherweise Anspruch auf ein zus\u00e4tzliches Stipendium, wenn Ihre Eltern nicht genug zu Ihren Studienkosten beitragen k\u00f6nnen. Allerdings ist die Beantragung dieses Stipendiums vielleicht nicht so einfach wie gedacht, zum Beispiel weil Ihr Antrag abgelehnt wird oder weil Sie nicht sicher sind, ob Sie Anspruch darauf haben.<\/p><p>In Enschede gibt es mehrere Anwaltskanzleien, die sich auf diese Art von F\u00e4llen spezialisiert haben. Suchen Sie im Internet nach den Erfahrungen anderer und treffen Sie eine fundierte Entscheidung.<\/p>\t\t\t\t\t\t\t\t<\/div>\n\t\t\t\t<\/div>\n\t\t\t\t<div class=\"elementor-element elementor-element-9c95c1f color-scheme-inherit text-left elementor-widget elementor-widget-text-editor\" data-id=\"9c95c1f\" data-element_type=\"widget\" data-e-type=\"widget\" data-widget_type=\"text-editor.default\">\n\t\t\t\t<div class=\"elementor-widget-container\">\n\t\t\t\t\t\t\t\t\t<p>Suchen Sie einen Anwalt f\u00fcr Sozialversicherungsrecht in Enschede? Es ist wichtig, einen Experten zu finden, der Ihnen bei Fragen zu Arbeitsunf\u00e4higkeit, Arbeitslosigkeit, Sozialhilfe und anderen Sozialversicherungssystemen helfen kann. Finden Sie einen spezialisierten Anwalt mit Erfahrung \u00fcber Rechtshilfeanbieter, das Internet, Empfehlungen von Freunden oder die \u00f6rtliche Anwaltskammer.<\/p>\t\t\t\t\t\t\t\t<\/div>\n\t\t\t\t<\/div>\n\t\t\t\t<div class=\"elementor-element elementor-element-9e6a56e elementor-widget elementor-widget-spacer\" data-id=\"9e6a56e\" data-element_type=\"widget\" data-e-type=\"widget\" data-widget_type=\"spacer.default\">\n\t\t\t\t<div class=\"elementor-widget-container\">\n\t\t\t\t\t\t\t<div class=\"elementor-spacer\">\n\t\t\t<div class=\"elementor-spacer-inner\"><\/div>\n\t\t<\/div>\n\t\t\t\t\t\t<\/div>\n\t\t\t\t<\/div>\n\t\t\t\t<div class=\"elementor-element elementor-element-a33f5e5 elementor-widget elementor-widget-heading\" data-id=\"a33f5e5\" data-element_type=\"widget\" data-e-type=\"widget\" data-widget_type=\"heading.default\">\n\t\t\t\t<div class=\"elementor-widget-container\">\n\t\t\t\t\t<h3 class=\"elementor-heading-title elementor-size-default\">Was beinhaltet ein Studentendarlehen?<\/h3>\t\t\t\t<\/div>\n\t\t\t\t<\/div>\n\t\t\t\t<div class=\"elementor-element elementor-element-51cade8 color-scheme-inherit text-left elementor-widget elementor-widget-text-editor\" data-id=\"51cade8\" data-element_type=\"widget\" data-e-type=\"widget\" data-widget_type=\"text-editor.default\">\n\t\t\t\t<div class=\"elementor-widget-container\">\n\t\t\t\t\t\t\t\t\t<p>Bei der Studienfinanzierung handelt es sich um einen finanziellen Beitrag, der Studenten gew\u00e4hrt wird, die an einer niederl\u00e4ndischen Einrichtung der mittleren Berufsausbildung (mbo), der h\u00f6heren Berufsausbildung (hbo) oder einer Universit\u00e4t eingeschrieben sind. Diese Regelung soll dazu beitragen, die Kosten f\u00fcr Ihre Ausbildung und Ihren Lebensunterhalt zu decken, so dass sich die Studenten besser auf ihr Studium und ihre akademischen Ziele konzentrieren k\u00f6nnen.<\/p><p>Ein Student kann durch eine solche Finanzierung Folgendes erhalten: ein Darlehen, ein Studentenreiseprodukt, einen Studiengeb\u00fchrenkredit und das Zusatzstipendium. Diese finanzielle Unterst\u00fctzung kann wichtig sein, um die Kosten f\u00fcr Studiengeb\u00fchren, Lehrb\u00fccher, Unterkunft und andere Ausgaben im Zusammenhang mit dem Studentenleben zu decken.<\/p>\t\t\t\t\t\t\t\t<\/div>\n\t\t\t\t<\/div>\n\t\t\t\t<div class=\"elementor-element elementor-element-2bacfa6 elementor-widget elementor-widget-spacer\" data-id=\"2bacfa6\" data-element_type=\"widget\" data-e-type=\"widget\" data-widget_type=\"spacer.default\">\n\t\t\t\t<div class=\"elementor-widget-container\">\n\t\t\t\t\t\t\t<div class=\"elementor-spacer\">\n\t\t\t<div class=\"elementor-spacer-inner\"><\/div>\n\t\t<\/div>\n\t\t\t\t\t\t<\/div>\n\t\t\t\t<\/div>\n\t\t\t\t<div class=\"elementor-element elementor-element-e16f04d elementor-widget elementor-widget-heading\" data-id=\"e16f04d\" data-element_type=\"widget\" data-e-type=\"widget\" data-widget_type=\"heading.default\">\n\t\t\t\t<div class=\"elementor-widget-container\">\n\t\t\t\t\t<h3 class=\"elementor-heading-title elementor-size-default\">Finanzierungsbedingungen studieren<\/h3>\t\t\t\t<\/div>\n\t\t\t\t<\/div>\n\t\t\t\t<div class=\"elementor-element elementor-element-d069b45 color-scheme-inherit text-left elementor-widget elementor-widget-text-editor\" data-id=\"d069b45\" data-element_type=\"widget\" data-e-type=\"widget\" data-widget_type=\"text-editor.default\">\n\t\t\t\t<div class=\"elementor-widget-container\">\n\t\t\t\t\t\t\t\t\t<p>Um als Student in den Genuss einer solchen Finanzierung zu kommen, m\u00fcssen bestimmte Bedingungen erf\u00fcllt sein. Diese Bedingungen gelten sowohl f\u00fcr niederl\u00e4ndische Staatsb\u00fcrger als auch f\u00fcr internationale Studenten:<\/p><ul><li><strong>Nationalit\u00e4t oder Aufenthaltsstatus:<\/strong>\u00a0Zun\u00e4chst einmal muss der Student die niederl\u00e4ndische Staatsangeh\u00f6rigkeit besitzen oder sich mit einer g\u00fcltigen Aufenthaltsgenehmigung legal in den Niederlanden aufhalten.<\/li><li><strong>Altersgrenze:\u00a0<\/strong>es ist nicht m\u00f6glich, sich f\u00fcr die Finanzierung zu qualifizieren, wenn Sie \u00fcber 30 Jahre alt sein m\u00fcssen. Diese Altersgrenze gilt f\u00fcr Studenten, die eine Hochschulausbildung anstreben.<\/li><li><strong>\u00dcbergangsregelung:<\/strong>\u00a0F\u00fcr Studenten, die bereits vor dem 30. Lebensjahr eine Studienfinanzierung erhalten haben, gibt es eine besondere \u00dcbergangsregelung. Auch wenn Sie \u00fcber 30 sind, k\u00f6nnen Sie noch bis 34 eine Studienfinanzierung in Anspruch nehmen, wenn Sie zuvor f\u00f6rderf\u00e4hig waren.<\/li><\/ul>\t\t\t\t\t\t\t\t<\/div>\n\t\t\t\t<\/div>\n\t\t\t\t<div class=\"elementor-element elementor-element-8703572 elementor-widget elementor-widget-spacer\" data-id=\"8703572\" data-element_type=\"widget\" data-e-type=\"widget\" data-widget_type=\"spacer.default\">\n\t\t\t\t<div class=\"elementor-widget-container\">\n\t\t\t\t\t\t\t<div class=\"elementor-spacer\">\n\t\t\t<div class=\"elementor-spacer-inner\"><\/div>\n\t\t<\/div>\n\t\t\t\t\t\t<\/div>\n\t\t\t\t<\/div>\n\t\t\t\t<div class=\"elementor-element elementor-element-63e8d2b elementor-widget elementor-widget-heading\" data-id=\"63e8d2b\" data-element_type=\"widget\" data-e-type=\"widget\" data-widget_type=\"heading.default\">\n\t\t\t\t<div class=\"elementor-widget-container\">\n\t\t\t\t\t<h3 class=\"elementor-heading-title elementor-size-default\">Verschiedene Arten der Studienfinanzierung<\/h3>\t\t\t\t<\/div>\n\t\t\t\t<\/div>\n\t\t\t\t<div class=\"elementor-element elementor-element-9f6219f color-scheme-inherit text-left elementor-widget elementor-widget-text-editor\" data-id=\"9f6219f\" data-element_type=\"widget\" data-e-type=\"widget\" data-widget_type=\"text-editor.default\">\n\t\t\t\t<div class=\"elementor-widget-container\">\n\t\t\t\t\t\t\t\t\t<p><span style=\"font-size: 17.6px; letter-spacing: var( --e-global-typography-text-letter-spacing ); text-transform: var( --e-global-typography-text-text-transform ); word-spacing: var( --e-global-typography-text-word-spacing ); color: var(--wd-text-color);\">Die Studienfinanzierung umfasst mehrere Komponenten, n\u00e4mlich:<\/span><\/p><ul><li><strong>Leihe:<\/strong> dieser finanzielle Beitrag steht Ihnen w\u00e4hrend Ihres Studiums zur Verf\u00fcgung, muss aber nach Ihrem Abschluss zur\u00fcckgezahlt werden.<\/li><li><strong>Studentisches Reiseprodukt:<\/strong> Damit k\u00f6nnen Sie als Student kostenlos oder erm\u00e4\u00dfigt reisen.<\/li><li><strong>Anrechnung der Studiengeb\u00fchren:<\/strong> Ein spezielles Darlehen, das zur Deckung Ihrer Studiengeb\u00fchren bestimmt ist.<\/li><li><strong>Zus\u00e4tzliches Stipendium:<\/strong>\u00a0die Zuteilung dieses Stipendiums h\u00e4ngt vom Einkommen Ihrer Eltern ab.<br \/>Der Anspruch auf das Zusatzstipendium wird auf der Grundlage des Einkommens Ihrer Eltern ermittelt.<\/li><\/ul><p>Alle Studenten haben Anspruch auf das Studentenreiseprodukt, das Darlehen und den Studiengeb\u00fchrenkredit, unabh\u00e4ngig vom Einkommen ihrer Eltern.<\/p><p>Beachten Sie, dass das Darlehen zur\u00fcckgezahlt werden muss, aber wenn Sie Ihren Abschluss innerhalb von 10 Jahren erreichen, werden das Zusatzstipendium und das Studentenreiseprodukt in ein Geschenk umgewandelt. Wird dies nicht innerhalb der festgelegten Frist erreicht, bleiben das Zusatzstipendium und das Reiseprodukt f\u00fcr Studenten Darlehen, die zur\u00fcckgezahlt werden m\u00fcssen.<\/p>\t\t\t\t\t\t\t\t<\/div>\n\t\t\t\t<\/div>\n\t\t\t\t<div class=\"elementor-element elementor-element-c1fa3a1 elementor-widget elementor-widget-spacer\" data-id=\"c1fa3a1\" data-element_type=\"widget\" data-e-type=\"widget\" data-widget_type=\"spacer.default\">\n\t\t\t\t<div class=\"elementor-widget-container\">\n\t\t\t\t\t\t\t<div class=\"elementor-spacer\">\n\t\t\t<div class=\"elementor-spacer-inner\"><\/div>\n\t\t<\/div>\n\t\t\t\t\t\t<\/div>\n\t\t\t\t<\/div>\n\t\t\t\t<div class=\"elementor-element elementor-element-1f4d8dd elementor-widget elementor-widget-heading\" data-id=\"1f4d8dd\" data-element_type=\"widget\" data-e-type=\"widget\" data-widget_type=\"heading.default\">\n\t\t\t\t<div class=\"elementor-widget-container\">\n\t\t\t\t\t<h3 class=\"elementor-heading-title elementor-size-default\">Verdienen Sie zus\u00e4tzlich zu Ihrem Stipendium<\/h3>\t\t\t\t<\/div>\n\t\t\t\t<\/div>\n\t\t\t\t<div class=\"elementor-element elementor-element-82a60a7 color-scheme-inherit text-left elementor-widget elementor-widget-text-editor\" data-id=\"82a60a7\" data-element_type=\"widget\" data-e-type=\"widget\" data-widget_type=\"text-editor.default\">\n\t\t\t\t<div class=\"elementor-widget-container\">\n\t\t\t\t\t\t\t\t\t<p>Im Rahmen des neuen Studienfinanzierungssystems gibt es keine Beschr\u00e4nkungen f\u00fcr zus\u00e4tzliche Eink\u00fcnfte neben Ihrer Studienfinanzierung. Dies erm\u00f6glicht es Studenten, w\u00e4hrend ihres Studiums ein zus\u00e4tzliches Einkommen zu erzielen. F\u00fcr Studenten im alten System gibt es jedoch Grenzen f\u00fcr die H\u00f6he des Nebenverdienstes, bevor er sich auf die Studienfinanzierung auswirkt.<\/p><p>Im Jahr 2017 wurde die Zuverdienstgrenze f\u00fcr Studenten nach dem alten System auf 14.215,75 \u20ac pro Jahr festgelegt. Das bedeutet, dass Sie, wenn Sie unter das alte System fallen und mehr als diese festgelegte Grenze verdienen, verpflichtet sind, Ihre Studentendarlehen einzustellen. Dies gilt auch f\u00fcr die Beendigung Ihres Studentenreiseprodukts.<\/p><p>Wenn Sie Fragen zum Hinzuverdienen zu Ihrem Studentenkredit haben, ist es ratsam, sich an das Bildungsministerium (DUO) oder einen Finanzberater zu wenden, um eine spezifische Beratung auf der Grundlage Ihrer pers\u00f6nlichen Situation zu erhalten. Wenn Sie diese Regeln richtig verstehen und einhalten, k\u00f6nnen Sie f\u00fcr finanzielle Stabilit\u00e4t w\u00e4hrend Ihres Studiums sorgen und unerw\u00fcnschte \u00dcberraschungen vermeiden.\"<\/p>\t\t\t\t\t\t\t\t<\/div>\n\t\t\t\t<\/div>\n\t\t\t\t<div class=\"elementor-element elementor-element-8ecfda2 elementor-widget elementor-widget-spacer\" data-id=\"8ecfda2\" data-element_type=\"widget\" data-e-type=\"widget\" data-widget_type=\"spacer.default\">\n\t\t\t\t<div class=\"elementor-widget-container\">\n\t\t\t\t\t\t\t<div class=\"elementor-spacer\">\n\t\t\t<div class=\"elementor-spacer-inner\"><\/div>\n\t\t<\/div>\n\t\t\t\t\t\t<\/div>\n\t\t\t\t<\/div>\n\t\t\t\t<div class=\"elementor-element elementor-element-74dce78 elementor-widget elementor-widget-heading\" data-id=\"74dce78\" data-element_type=\"widget\" data-e-type=\"widget\" data-widget_type=\"heading.default\">\n\t\t\t\t<div class=\"elementor-widget-container\">\n\t\t\t\t\t<h3 class=\"elementor-heading-title elementor-size-default\">Anwalt f\u00fcr Studienfinanzierung<\/h3>\t\t\t\t<\/div>\n\t\t\t\t<\/div>\n\t\t\t\t<div class=\"elementor-element elementor-element-b26da33 color-scheme-inherit text-left elementor-widget elementor-widget-text-editor\" data-id=\"b26da33\" data-element_type=\"widget\" data-e-type=\"widget\" data-widget_type=\"text-editor.default\">\n\t\t\t\t<div class=\"elementor-widget-container\">\n\t\t\t\t\t\t\t\t\t<p>Wenn Sie sich in einer Situation befinden, in der DUO (Dienst Uitvoering Onderwijs) eine negative Entscheidung \u00fcber Ihren Antrag auf Studienfinanzierung getroffen hat, ist es ratsam, einen erfahrenen Anwalt einzuschalten. Denn die Ablehnung, der Entzug oder die K\u00fcrzung der Studienfinanzierung kann sich auf Ihre finanzielle Stabilit\u00e4t und Ihre Fortschritte in der Ausbildung auswirken.<\/p><p>Die <a href=\"https:\/\/www.derbedrosian.nl\/de\/rechtsanwalte-2\/\">Fachanw\u00e4lte<\/a> der Anwaltskanzlei Der Bedrosian verf\u00fcgen \u00fcber umfangreiche Erfahrung in der <a href=\"https:\/\/www.derbedrosian.nl\/de\/gerichtsbarkeiten\/sozialversicherungsrecht\/\">Sozialversicherungsrecht<\/a>\u00a0und kann Sie in allen Fragen der sozialen Sicherheit beraten.<\/p><p>Nehmen Sie Kontakt mit uns auf, um professionelle Unterst\u00fctzung f\u00fcr Ihre Situation zu erhalten.<\/p>\t\t\t\t\t\t\t\t<\/div>\n\t\t\t\t<\/div>\n\t\t\t\t\t<\/div>\n\t\t\t\t<\/div>\n\t\t\t\t<\/div>","protected":false},"excerpt":{"rendered":"<p>recht op studiefinanciering wat is studiefinanciering van mbo naar hbo studiefinanciering in het kort aanvullende beurs collegegeldkrediet recht op een<\/p>","protected":false},"author":1,"featured_media":0,"parent":10804,"menu_order":0,"comment_status":"closed","ping_status":"closed","template":"","meta":{"footnotes":""},"class_list":["post-10813","page","type-page","status-publish","hentry"],"_links":{"self":[{"href":"https:\/\/www.derbedrosian.nl\/de\/wp-json\/wp\/v2\/pages\/10813","targetHints":{"allow":["GET"]}}],"collection":[{"href":"https:\/\/www.derbedrosian.nl\/de\/wp-json\/wp\/v2\/pages"}],"about":[{"href":"https:\/\/www.derbedrosian.nl\/de\/wp-json\/wp\/v2\/types\/page"}],"author":[{"embeddable":true,"href":"https:\/\/www.derbedrosian.nl\/de\/wp-json\/wp\/v2\/users\/1"}],"replies":[{"embeddable":true,"href":"https:\/\/www.derbedrosian.nl\/de\/wp-json\/wp\/v2\/comments?post=10813"}],"version-history":[{"count":0,"href":"https:\/\/www.derbedrosian.nl\/de\/wp-json\/wp\/v2\/pages\/10813\/revisions"}],"up":[{"embeddable":true,"href":"https:\/\/www.derbedrosian.nl\/de\/wp-json\/wp\/v2\/pages\/10804"}],"wp:attachment":[{"href":"https:\/\/www.derbedrosian.nl\/de\/wp-json\/wp\/v2\/media?parent=10813"}],"curies":[{"name":"wp","href":"https:\/\/api.w.org\/{rel}","templated":true}]}}