{"id":10799,"date":"2023-05-29T09:47:36","date_gmt":"2023-05-29T07:47:36","guid":{"rendered":"https:\/\/derbedrosian.nl\/?page_id=10799"},"modified":"2025-12-21T16:38:24","modified_gmt":"2025-12-21T14:38:24","slug":"medizinisches-verfahren","status":"publish","type":"page","link":"https:\/\/www.derbedrosian.nl\/de\/rechtsgebieden\/asielrecht\/medische-procedure\/","title":{"rendered":"Medizinisches Verfahren"},"content":{"rendered":"<div data-elementor-type=\"wp-page\" data-elementor-id=\"10799\" class=\"elementor elementor-10799\" data-elementor-post-type=\"page\">\n\t\t\t\t<div class=\"wd-negative-gap elementor-element elementor-element-69754f4 e-flex e-con-boxed e-con e-parent\" data-id=\"69754f4\" data-element_type=\"container\" data-e-type=\"container\">\n\t\t\t\t\t<div class=\"e-con-inner\">\n\t\t\t\t<div class=\"elementor-element elementor-element-a97c004 color-scheme-inherit text-left elementor-widget elementor-widget-text-editor\" data-id=\"a97c004\" data-element_type=\"widget\" data-e-type=\"widget\" data-widget_type=\"text-editor.default\">\n\t\t\t\t<div class=\"elementor-widget-container\">\n\t\t\t\t\t\t\t\t\t<p><strong>Die Anwaltskanzlei Der Bedrosian verf\u00fcgt \u00fcber spezialisierte Anw\u00e4lte auf dem Gebiet der medizinischen Verfahren.<\/strong><\/p>\t\t\t\t\t\t\t\t<\/div>\n\t\t\t\t<\/div>\n\t\t\t\t<div class=\"elementor-element elementor-element-014b80a elementor-widget elementor-widget-spacer\" data-id=\"014b80a\" data-element_type=\"widget\" data-e-type=\"widget\" data-widget_type=\"spacer.default\">\n\t\t\t\t<div class=\"elementor-widget-container\">\n\t\t\t\t\t\t\t<div class=\"elementor-spacer\">\n\t\t\t<div class=\"elementor-spacer-inner\"><\/div>\n\t\t<\/div>\n\t\t\t\t\t\t<\/div>\n\t\t\t\t<\/div>\n\t\t\t\t<div class=\"elementor-element elementor-element-20731d3 elementor-widget elementor-widget-heading\" data-id=\"20731d3\" data-element_type=\"widget\" data-e-type=\"widget\" data-widget_type=\"heading.default\">\n\t\t\t\t<div class=\"elementor-widget-container\">\n\t\t\t\t\t<h3 class=\"elementor-heading-title elementor-size-default\">Aufenthaltsgenehmigung medizinische Behandlung<\/h3>\t\t\t\t<\/div>\n\t\t\t\t<\/div>\n\t\t\t\t<div class=\"elementor-element elementor-element-1530cd3 color-scheme-inherit text-left elementor-widget elementor-widget-text-editor\" data-id=\"1530cd3\" data-element_type=\"widget\" data-e-type=\"widget\" data-widget_type=\"text-editor.default\">\n\t\t\t\t<div class=\"elementor-widget-container\">\n\t\t\t\t\t\t\t\t\t<p>Es kann sein, dass Sie sich nicht l\u00e4nger in den Niederlanden aufhalten d\u00fcrfen, aber Sie k\u00f6nnen die Niederlande nicht wegen einer medizinischen Behandlung verlassen. In bestimmten Situationen kann Ihnen ein Aufenthalt aus medizinischen Gr\u00fcnden gew\u00e4hrt werden.<\/p><p><strong>Zustand medizinisches Verfahren<\/strong><\/p><ul><li>Sie k\u00f6nnen aufgrund Ihres Gesundheitszustands oder des Gesundheitszustands eines Ihrer Familienmitglieder nicht reisen.<\/li><li>Wenn die Beendigung der medizinischen Behandlung zu einem medizinischen Notfall f\u00fchrt<\/li><li>Wenn eine medizinische Behandlung in Ihrem Herkunftsland nicht m\u00f6glich ist.<\/li><\/ul>\t\t\t\t\t\t\t\t<\/div>\n\t\t\t\t<\/div>\n\t\t\t\t<div class=\"elementor-element elementor-element-9cbff0f elementor-widget elementor-widget-spacer\" data-id=\"9cbff0f\" data-element_type=\"widget\" data-e-type=\"widget\" data-widget_type=\"spacer.default\">\n\t\t\t\t<div class=\"elementor-widget-container\">\n\t\t\t\t\t\t\t<div class=\"elementor-spacer\">\n\t\t\t<div class=\"elementor-spacer-inner\"><\/div>\n\t\t<\/div>\n\t\t\t\t\t\t<\/div>\n\t\t\t\t<\/div>\n\t\t\t\t<div class=\"elementor-element elementor-element-3c76ff3 elementor-widget elementor-widget-heading\" data-id=\"3c76ff3\" data-element_type=\"widget\" data-e-type=\"widget\" data-widget_type=\"heading.default\">\n\t\t\t\t<div class=\"elementor-widget-container\">\n\t\t\t\t\t<h3 class=\"elementor-heading-title elementor-size-default\">Bewertung IND<\/h3>\t\t\t\t<\/div>\n\t\t\t\t<\/div>\n\t\t\t\t<div class=\"elementor-element elementor-element-2340bca color-scheme-inherit text-left elementor-widget elementor-widget-text-editor\" data-id=\"2340bca\" data-element_type=\"widget\" data-e-type=\"widget\" data-widget_type=\"text-editor.default\">\n\t\t\t\t<div class=\"elementor-widget-container\">\n\t\t\t\t\t\t\t\t\tDas IND beurteilt die medizinische Situation eines Ausl\u00e4nders zu verschiedenen Zeitpunkten. Zun\u00e4chst bewertet das IND die medizinische Situation zum Zeitpunkt der Entscheidung \u00fcber den Aufenthaltsantrag. Dar\u00fcber hinaus f\u00fchrt das IND einen medizinischen Test durch, wenn der Ausl\u00e4nder einen Aufschub der Ausreise beantragt.\t\t\t\t\t\t\t\t<\/div>\n\t\t\t\t<\/div>\n\t\t\t\t<div class=\"elementor-element elementor-element-200194d elementor-widget elementor-widget-spacer\" data-id=\"200194d\" data-element_type=\"widget\" data-e-type=\"widget\" data-widget_type=\"spacer.default\">\n\t\t\t\t<div class=\"elementor-widget-container\">\n\t\t\t\t\t\t\t<div class=\"elementor-spacer\">\n\t\t\t<div class=\"elementor-spacer-inner\"><\/div>\n\t\t<\/div>\n\t\t\t\t\t\t<\/div>\n\t\t\t\t<\/div>\n\t\t\t\t<div class=\"elementor-element elementor-element-11a3f24 elementor-widget elementor-widget-heading\" data-id=\"11a3f24\" data-element_type=\"widget\" data-e-type=\"widget\" data-widget_type=\"heading.default\">\n\t\t\t\t<div class=\"elementor-widget-container\">\n\t\t\t\t\t<h3 class=\"elementor-heading-title elementor-size-default\">B\u00fcro f\u00fcr medizinische Beratung<\/h3>\t\t\t\t<\/div>\n\t\t\t\t<\/div>\n\t\t\t\t<div class=\"elementor-element elementor-element-785e670 color-scheme-inherit text-left elementor-widget elementor-widget-text-editor\" data-id=\"785e670\" data-element_type=\"widget\" data-e-type=\"widget\" data-widget_type=\"text-editor.default\">\n\t\t\t\t<div class=\"elementor-widget-container\">\n\t\t\t\t\t\t\t\t\t<p>Das Bureau of Medical Advice (BMA) spielt eine wichtige Rolle bei der Beurteilung von Antr\u00e4gen auf Verschiebung der Ausreise, die bei der Einwanderungs- und Einb\u00fcrgerungsbeh\u00f6rde (IND) eingereicht werden. Der IND verf\u00fcgt \u00fcber spezielle Mitarbeiter, die diese Antr\u00e4ge bearbeiten. Der Aufschub der Ausreise wird in bestimmten Situationen gew\u00e4hrt, n\u00e4mlich<\/p><ul><li><strong>Tuberkulose:<\/strong> Wenn bei der Person Tuberkulose diagnostiziert wurde.<\/li><li><strong>Einweisung in eine medizinische Einrichtung:<\/strong> wenn jemand in eine medizinische Einrichtung eingeliefert wird und diese noch nicht verlassen kann.<\/li><li><strong>Frauen in der Mutterschaft:<\/strong> wenn Frauen innerhalb von sechs Wochen entbinden werden oder sich im Mutterschaftsurlaub befinden.<\/li><\/ul><p>Um f\u00fcr einen Aufschub der Ausreise in Frage zu kommen, m\u00fcssen bestimmte Bedingungen erf\u00fcllt sein, und dabei spielt der Rat des BMA eine zentrale Rolle. Die IND gew\u00e4hrt einen Aufschub, wenn aus dem BMA-Gutachten hervorgeht, dass die notwendige medizinische Versorgung im Herkunftsland nicht verf\u00fcgbar ist und dass in K\u00fcrze eine Notsituation eintreten kann, die zu Tod, Behinderung oder k\u00f6rperlichen Sch\u00e4den f\u00fchren k\u00f6nnte.<\/p><p>Wenn es im Herkunftsland ausreichende M\u00f6glichkeiten zur medizinischen Behandlung gibt, wird der Antrag auf Verschiebung abgelehnt. Dar\u00fcber hinaus kann das BMA empfehlen, dass die Reise unter bestimmten Bedingungen stattfinden sollte, um die Gesundheit und Sicherheit der betreffenden Person zu gew\u00e4hrleisten. In einigen F\u00e4llen kann das BMA auch empfehlen, dass der ausl\u00e4ndische Staatsangeh\u00f6rige nach der Ankunft zur weiteren medizinischen Versorgung an einen Arzt oder Spezialisten \u00fcberwiesen wird.<\/p><p>Das BMA spielt eine entscheidende Rolle beim Schutz der Gesundheit und des Wohlergehens von Personen, die aus medizinischen Gr\u00fcnden eine aufgeschobene Ausreise beantragen. Der Prozess ist sorgf\u00e4ltig und basiert auf medizinischen Beurteilungen, um sicherzustellen, dass in diesen sensiblen Angelegenheiten die richtigen Entscheidungen getroffen werden.\"<\/p>\t\t\t\t\t\t\t\t<\/div>\n\t\t\t\t<\/div>\n\t\t\t\t<div class=\"elementor-element elementor-element-0575ccc elementor-widget elementor-widget-spacer\" data-id=\"0575ccc\" data-element_type=\"widget\" data-e-type=\"widget\" data-widget_type=\"spacer.default\">\n\t\t\t\t<div class=\"elementor-widget-container\">\n\t\t\t\t\t\t\t<div class=\"elementor-spacer\">\n\t\t\t<div class=\"elementor-spacer-inner\"><\/div>\n\t\t<\/div>\n\t\t\t\t\t\t<\/div>\n\t\t\t\t<\/div>\n\t\t\t\t<div class=\"elementor-element elementor-element-528d009 elementor-widget elementor-widget-heading\" data-id=\"528d009\" data-element_type=\"widget\" data-e-type=\"widget\" data-widget_type=\"heading.default\">\n\t\t\t\t<div class=\"elementor-widget-container\">\n\t\t\t\t\t<h3 class=\"elementor-heading-title elementor-size-default\">Anwalt Aufenthaltserlaubnis medizinische Gr\u00fcnde<\/h3>\t\t\t\t<\/div>\n\t\t\t\t<\/div>\n\t\t\t\t<div class=\"elementor-element elementor-element-4fda1d9 color-scheme-inherit text-left elementor-widget elementor-widget-text-editor\" data-id=\"4fda1d9\" data-element_type=\"widget\" data-e-type=\"widget\" data-widget_type=\"text-editor.default\">\n\t\t\t\t<div class=\"elementor-widget-container\">\n\t\t\t\t\t\t\t\t\t<p>Ein Beschwerdeverfahren bez\u00fcglich Ihres Anwalts f\u00fcr eine Aufenthaltserlaubnis aus medizinischen Gr\u00fcnden besteht aus mehreren Schritten. Wir m\u00f6chten Ihnen das Verfahren gerne genau erkl\u00e4ren:<\/p><ul><li><strong>Beschweren Sie sich:<\/strong> Sie k\u00f6nnen Ihre Beschwerde nur schriftlich beim Gericht einreichen. Das Gericht wird Ihre Beschwerde registrieren und eine Kopie an den Generalstaatsanwalt schicken.<\/li><li><strong>Bewertung der Beschwerde:<\/strong> wird die Beschwerdekammer entscheiden, ob es notwendig ist, dass Sie bei einer Anh\u00f6rung weitere Erkl\u00e4rungen abgeben. Dies kann von der Art Ihrer Beschwerde abh\u00e4ngen.<\/li><li><strong>Aufruf zur Sitzung:<\/strong> Wenn die Beschwerdekammer entscheidet, dass eine Anh\u00f6rung erforderlich ist, erhalten Sie eine Vorladung.<\/li><li><strong>Sitz:<\/strong> W\u00e4hrend der Anh\u00f6rung wird die Beschwerdekammer Ihre Beschwerde besprechen und Fragen stellen, um Ihren Fall besser zu verstehen.<\/li><li><strong>Entscheidung:<\/strong> Nach der Anh\u00f6rung wird die Pf\u00e4ndungskammer eine Entscheidung treffen, die positiv oder negativ ausfallen kann. Sie strebt an, dies innerhalb von sechs Wochen nach der Anh\u00f6rung zu tun.<\/li><li><strong>Keine Berufung m\u00f6glich:<\/strong> es ist wichtig zu wissen, dass es nach der Entscheidung der Pf\u00e4ndungskammer keine M\u00f6glichkeit gibt, Rechtsmittel einzulegen. Ihre Entscheidung ist endg\u00fcltig.<\/li><\/ul>\t\t\t\t\t\t\t\t<\/div>\n\t\t\t\t<\/div>\n\t\t\t\t<div class=\"elementor-element elementor-element-09f6be3 elementor-widget elementor-widget-spacer\" data-id=\"09f6be3\" data-element_type=\"widget\" data-e-type=\"widget\" data-widget_type=\"spacer.default\">\n\t\t\t\t<div class=\"elementor-widget-container\">\n\t\t\t\t\t\t\t<div class=\"elementor-spacer\">\n\t\t\t<div class=\"elementor-spacer-inner\"><\/div>\n\t\t<\/div>\n\t\t\t\t\t\t<\/div>\n\t\t\t\t<\/div>\n\t\t\t\t<div class=\"elementor-element elementor-element-4ab6840 elementor-widget elementor-widget-heading\" data-id=\"4ab6840\" data-element_type=\"widget\" data-e-type=\"widget\" data-widget_type=\"heading.default\">\n\t\t\t\t<div class=\"elementor-widget-container\">\n\t\t\t\t\t<h3 class=\"elementor-heading-title elementor-size-default\">Beschwerdeverfahren Rechtsanwalt <\/h3>\t\t\t\t<\/div>\n\t\t\t\t<\/div>\n\t\t\t\t<div class=\"elementor-element elementor-element-d510590 color-scheme-inherit text-left elementor-widget elementor-widget-text-editor\" data-id=\"d510590\" data-element_type=\"widget\" data-e-type=\"widget\" data-widget_type=\"text-editor.default\">\n\t\t\t\t<div class=\"elementor-widget-container\">\n\t\t\t\t\t\t\t\t\t<p>Sie sind derzeit krank oder in medizinischer Behandlung und stehen vor der Herausforderung, die Niederlande zu verlassen? Wir verstehen, dass dies eine schwierige Situation sein kann und m\u00f6chten Ihnen raten, sich umgehend an unsere Kanzlei zu wenden.<\/p><p>Unsere erfahrenen Anw\u00e4lte sind mit den Gesetzen in Bezug auf Einwanderung und medizinische Fragen bestens vertraut. Sie unterst\u00fctzen Sie bei der Verl\u00e4ngerung Ihres Aufenthalts in den Niederlanden, auch wenn Sie derzeit medizinische Versorgung ben\u00f6tigen.<\/p><p>Kontaktieren Sie uns noch heute, damit wir die Situation mit Ihnen durchgehen k\u00f6nnen.<\/p>\t\t\t\t\t\t\t\t<\/div>\n\t\t\t\t<\/div>\n\t\t\t\t\t<\/div>\n\t\t\t\t<\/div>\n\t\t\t\t<\/div>","protected":false},"excerpt":{"rendered":"<p>Die Anwaltskanzlei Der Bedrosian verf\u00fcgt \u00fcber spezialisierte Anw\u00e4lte im Bereich medizinischer Verfahren. Aufenthaltsgenehmigung f\u00fcr medizinische Behandlungen Es kann vorkommen, dass<\/p>","protected":false},"author":1,"featured_media":0,"parent":10757,"menu_order":0,"comment_status":"closed","ping_status":"closed","template":"","meta":{"footnotes":""},"class_list":["post-10799","page","type-page","status-publish","hentry"],"_links":{"self":[{"href":"https:\/\/www.derbedrosian.nl\/de\/wp-json\/wp\/v2\/pages\/10799","targetHints":{"allow":["GET"]}}],"collection":[{"href":"https:\/\/www.derbedrosian.nl\/de\/wp-json\/wp\/v2\/pages"}],"about":[{"href":"https:\/\/www.derbedrosian.nl\/de\/wp-json\/wp\/v2\/types\/page"}],"author":[{"embeddable":true,"href":"https:\/\/www.derbedrosian.nl\/de\/wp-json\/wp\/v2\/users\/1"}],"replies":[{"embeddable":true,"href":"https:\/\/www.derbedrosian.nl\/de\/wp-json\/wp\/v2\/comments?post=10799"}],"version-history":[{"count":0,"href":"https:\/\/www.derbedrosian.nl\/de\/wp-json\/wp\/v2\/pages\/10799\/revisions"}],"up":[{"embeddable":true,"href":"https:\/\/www.derbedrosian.nl\/de\/wp-json\/wp\/v2\/pages\/10757"}],"wp:attachment":[{"href":"https:\/\/www.derbedrosian.nl\/de\/wp-json\/wp\/v2\/media?parent=10799"}],"curies":[{"name":"wp","href":"https:\/\/api.w.org\/{rel}","templated":true}]}}