{"id":10794,"date":"2023-05-29T09:45:51","date_gmt":"2023-05-29T07:45:51","guid":{"rendered":"https:\/\/derbedrosian.nl\/?page_id=10794"},"modified":"2025-12-21T16:36:26","modified_gmt":"2025-12-21T14:36:26","slug":"wiederholte-asylantrage-hata","status":"publish","type":"page","link":"https:\/\/www.derbedrosian.nl\/de\/rechtsgebieden\/asielrecht\/herhaalde-asielaanvragen-hasa\/","title":{"rendered":"Wiederholte Asylantr\u00e4ge HASA"},"content":{"rendered":"<div data-elementor-type=\"wp-page\" data-elementor-id=\"10794\" class=\"elementor elementor-10794\" data-elementor-post-type=\"page\">\n\t\t\t\t<div class=\"wd-negative-gap elementor-element elementor-element-25c683a e-flex e-con-boxed e-con e-parent\" data-id=\"25c683a\" data-element_type=\"container\" data-e-type=\"container\">\n\t\t\t\t\t<div class=\"e-con-inner\">\n\t\t\t\t<div class=\"elementor-element elementor-element-9d6b899 elementor-hidden-desktop elementor-hidden-tablet elementor-hidden-mobile elementor-widget elementor-widget-wd_image_or_svg\" data-id=\"9d6b899\" data-element_type=\"widget\" data-e-type=\"widget\" id=\"seo-word\" data-widget_type=\"wd_image_or_svg.default\">\n\t\t\t\t<div class=\"elementor-widget-container\">\n\t\t\t\t\t\n\t\t<div class=\"wd-image text-left\">\n\t\t\t\t\t\t\t\t<img loading=\"lazy\" decoding=\"async\" width=\"1000\" height=\"666\" src=\"https:\/\/www.derbedrosian.nl\/wp-content\/uploads\/rechtsgebied-herhaalde-asielaanvragen.jpg\" class=\"attachment-full size-full\" alt=\"wiederholte Asylantr\u00e4ge HASA-Formular Rechtsanwalt Asylrecht hasa ind\" srcset=\"https:\/\/www.derbedrosian.nl\/wp-content\/uploads\/rechtsgebied-herhaalde-asielaanvragen.jpg 1000w, https:\/\/www.derbedrosian.nl\/wp-content\/uploads\/rechtsgebied-herhaalde-asielaanvragen-400x266.jpg 400w, https:\/\/www.derbedrosian.nl\/wp-content\/uploads\/rechtsgebied-herhaalde-asielaanvragen-768x511.jpg 768w\" sizes=\"auto, (max-width: 1000px) 100vw, 1000px\" title=\"\">\t\t\t\t\t<\/div>\n\n\t\t\t\t\t\t<\/div>\n\t\t\t\t<\/div>\n\t\t\t\t<div class=\"elementor-element elementor-element-dde9491 elementor-hidden-desktop elementor-hidden-tablet elementor-hidden-mobile elementor-widget elementor-widget-heading\" data-id=\"dde9491\" data-element_type=\"widget\" data-e-type=\"widget\" id=\"seo-word\" data-widget_type=\"heading.default\">\n\t\t\t\t<div class=\"elementor-widget-container\">\n\t\t\t\t\t<h2 class=\"elementor-heading-title elementor-size-default\">Asylrecht <\/h2>\t\t\t\t<\/div>\n\t\t\t\t<\/div>\n\t\t\t\t<div class=\"elementor-element elementor-element-c5268c6 elementor-hidden-desktop elementor-hidden-tablet elementor-hidden-mobile elementor-widget elementor-widget-heading\" data-id=\"c5268c6\" data-element_type=\"widget\" data-e-type=\"widget\" id=\"seo-word\" data-widget_type=\"heading.default\">\n\t\t\t\t<div class=\"elementor-widget-container\">\n\t\t\t\t\t<h5 class=\"elementor-heading-title elementor-size-default\">Formular f\u00fcr einen erneuten Asylantrag<\/h5>\t\t\t\t<\/div>\n\t\t\t\t<\/div>\n\t\t\t\t<div class=\"elementor-element elementor-element-8c5eff1 elementor-hidden-desktop elementor-hidden-tablet elementor-hidden-mobile elementor-widget elementor-widget-heading\" data-id=\"8c5eff1\" data-element_type=\"widget\" data-e-type=\"widget\" id=\"seo-word\" data-widget_type=\"heading.default\">\n\t\t\t\t<div class=\"elementor-widget-container\">\n\t\t\t\t\t<h5 class=\"elementor-heading-title elementor-size-default\">ind<\/h5>\t\t\t\t<\/div>\n\t\t\t\t<\/div>\n\t\t\t\t<div class=\"elementor-element elementor-element-85f44a0 elementor-hidden-desktop elementor-hidden-tablet elementor-hidden-mobile elementor-widget elementor-widget-heading\" data-id=\"85f44a0\" data-element_type=\"widget\" data-e-type=\"widget\" id=\"seo-word\" data-widget_type=\"heading.default\">\n\t\t\t\t<div class=\"elementor-widget-container\">\n\t\t\t\t\t<h5 class=\"elementor-heading-title elementor-size-default\">Asylanwalt<\/h5>\t\t\t\t<\/div>\n\t\t\t\t<\/div>\n\t\t\t\t<div class=\"elementor-element elementor-element-9a3cb72 elementor-hidden-desktop elementor-hidden-mobile elementor-widget elementor-widget-heading\" data-id=\"9a3cb72\" data-element_type=\"widget\" data-e-type=\"widget\" id=\"seo-word\" data-widget_type=\"heading.default\">\n\t\t\t\t<div class=\"elementor-widget-container\">\n\t\t\t\t\t<h5 class=\"elementor-heading-title elementor-size-default\">Unterschied zwischen Fl\u00fcchtlingsrecht und Asylrecht<\/h5>\t\t\t\t<\/div>\n\t\t\t\t<\/div>\n\t\t\t\t<div class=\"elementor-element elementor-element-d06d2d9 elementor-hidden-desktop elementor-hidden-tablet elementor-hidden-mobile elementor-widget elementor-widget-heading\" data-id=\"d06d2d9\" data-element_type=\"widget\" data-e-type=\"widget\" id=\"seo-word\" data-widget_type=\"heading.default\">\n\t\t\t\t<div class=\"elementor-widget-container\">\n\t\t\t\t\t<h5 class=\"elementor-heading-title elementor-size-default\">Wiederholte Asylantr\u00e4ge haben eine<\/h5>\t\t\t\t<\/div>\n\t\t\t\t<\/div>\n\t\t\t\t<div class=\"elementor-element elementor-element-145a390 elementor-hidden-desktop elementor-hidden-tablet elementor-hidden-mobile elementor-widget elementor-widget-heading\" data-id=\"145a390\" data-element_type=\"widget\" data-e-type=\"widget\" id=\"seo-word\" data-widget_type=\"heading.default\">\n\t\t\t\t<div class=\"elementor-widget-container\">\n\t\t\t\t\t<h5 class=\"elementor-heading-title elementor-size-default\">Brandbrief an die zweite Kammer<\/h5>\t\t\t\t<\/div>\n\t\t\t\t<\/div>\n\t\t\t\t<div class=\"elementor-element elementor-element-62e6d20 elementor-hidden-desktop elementor-hidden-tablet elementor-hidden-mobile elementor-widget elementor-widget-heading\" data-id=\"62e6d20\" data-element_type=\"widget\" data-e-type=\"widget\" id=\"seo-word\" data-widget_type=\"heading.default\">\n\t\t\t\t<div class=\"elementor-widget-container\">\n\t\t\t\t\t<h5 class=\"elementor-heading-title elementor-size-default\">Tag Punkte v Phase<\/h5>\t\t\t\t<\/div>\n\t\t\t\t<\/div>\n\t\t\t\t<div class=\"elementor-element elementor-element-8a580e3 elementor-hidden-desktop elementor-hidden-tablet elementor-hidden-mobile elementor-widget elementor-widget-heading\" data-id=\"8a580e3\" data-element_type=\"widget\" data-e-type=\"widget\" id=\"seo-word\" data-widget_type=\"heading.default\">\n\t\t\t\t<div class=\"elementor-widget-container\">\n\t\t\t\t\t<h5 class=\"elementor-heading-title elementor-size-default\">Rechtsanwalt enschede Asylrecht<\/h5>\t\t\t\t<\/div>\n\t\t\t\t<\/div>\n\t\t\t\t<div class=\"elementor-element elementor-element-8cfdb2b elementor-hidden-desktop elementor-hidden-tablet elementor-hidden-mobile elementor-widget elementor-widget-heading\" data-id=\"8cfdb2b\" data-element_type=\"widget\" data-e-type=\"widget\" id=\"seo-word\" data-widget_type=\"heading.default\">\n\t\t\t\t<div class=\"elementor-widget-container\">\n\t\t\t\t\t<h5 class=\"elementor-heading-title elementor-size-default\">Asylrecht enschede<\/h5>\t\t\t\t<\/div>\n\t\t\t\t<\/div>\n\t\t\t\t<div class=\"elementor-element elementor-element-ced9ced elementor-hidden-desktop elementor-hidden-tablet elementor-hidden-mobile elementor-widget elementor-widget-heading\" data-id=\"ced9ced\" data-element_type=\"widget\" data-e-type=\"widget\" id=\"seo-word\" data-widget_type=\"heading.default\">\n\t\t\t\t<div class=\"elementor-widget-container\">\n\t\t\t\t\t<h5 class=\"elementor-heading-title elementor-size-default\">Anwalt f\u00fcr Asylrecht Overijssel<\/h5>\t\t\t\t<\/div>\n\t\t\t\t<\/div>\n\t\t\t\t<div class=\"elementor-element elementor-element-554c7a3 elementor-hidden-desktop elementor-hidden-tablet elementor-hidden-mobile elementor-widget elementor-widget-heading\" data-id=\"554c7a3\" data-element_type=\"widget\" data-e-type=\"widget\" id=\"seo-word\" data-widget_type=\"heading.default\">\n\t\t\t\t<div class=\"elementor-widget-container\">\n\t\t\t\t\t<h5 class=\"elementor-heading-title elementor-size-default\">Anwalt f\u00fcr Asylrecht Enschede<\/h5>\t\t\t\t<\/div>\n\t\t\t\t<\/div>\n\t\t\t\t<div class=\"elementor-element elementor-element-e34074f elementor-hidden-desktop elementor-hidden-tablet elementor-hidden-mobile elementor-widget elementor-widget-heading\" data-id=\"e34074f\" data-element_type=\"widget\" data-e-type=\"widget\" id=\"seo-word\" data-widget_type=\"heading.default\">\n\t\t\t\t<div class=\"elementor-widget-container\">\n\t\t\t\t\t<h5 class=\"elementor-heading-title elementor-size-default\">zweite Kammer zum Asylverfahren<\/h5>\t\t\t\t<\/div>\n\t\t\t\t<\/div>\n\t\t\t\t<div class=\"elementor-element elementor-element-3cce8b2 elementor-hidden-desktop elementor-hidden-tablet elementor-hidden-mobile elementor-widget elementor-widget-heading\" data-id=\"3cce8b2\" data-element_type=\"widget\" data-e-type=\"widget\" id=\"seo-word\" data-widget_type=\"heading.default\">\n\t\t\t\t<div class=\"elementor-widget-container\">\n\t\t\t\t\t<h5 class=\"elementor-heading-title elementor-size-default\">Ein wiederholter Asylantrag, oft auch als HASA (repeated asylum application) bezeichnet, kann in Situationen gestellt werden, in denen ein Asylbewerber \u00fcber neue Informationen verf\u00fcgt, die darauf hindeuten, dass m\u00f6glicherweise neue Gr\u00fcnde f\u00fcr den Schutz vorliegen. Dies kann ein komplexes rechtliches Verfahren sein und erfordert eine fachkundige rechtliche Beratung und Begleitung.\n\nDerbedrosian Vreemdelingenrecht Advocaten in Enschede und Overijssel kennt die Herausforderungen, denen sich Asylsuchende bei wiederholten Asylantr\u00e4gen gegen\u00fcbersehen. Unser Team von spezialisierten Anw\u00e4lten kann Ihnen beim Ausf\u00fcllen des Formulars f\u00fcr wiederholte Asylantr\u00e4ge und bei der Einreichung Ihres wiederholten Asylantrags helfen.\n\nAu\u00dferdem wissen wir, wie wichtig es ist, diese Probleme bei den politischen Entscheidungstr\u00e4gern zur Sprache zu bringen. Wir k\u00f6nnen Sie beim Verfassen eines Brandbriefs an das Abgeordnetenhaus beraten, um auf Ihre Situation aufmerksam zu machen.\n\nWenn Sie erw\u00e4gen, einen erneuten Asylantrag zu stellen, Hilfe bei dem Verfahren ben\u00f6tigen oder Ratschl\u00e4ge f\u00fcr die Kommunikation mit politischen Entscheidungstr\u00e4gern suchen, z\u00f6gern Sie nicht, Derbedrosian Immigration Lawyers zu kontaktieren. Wir sind bereit, Ihnen zu helfen und Ihre Rechte zu sch\u00fctzen.<\/h5>\t\t\t\t<\/div>\n\t\t\t\t<\/div>\n\t\t\t\t<div class=\"elementor-element elementor-element-1211059 color-scheme-inherit text-left elementor-widget elementor-widget-text-editor\" data-id=\"1211059\" data-element_type=\"widget\" data-e-type=\"widget\" data-widget_type=\"text-editor.default\">\n\t\t\t\t<div class=\"elementor-widget-container\">\n\t\t\t\t\t\t\t\t\t<p><strong>Haben Sie bereits einen Asylantrag gestellt, der abgelehnt wurde, aber die Situation in Ihrem Herkunftsland hat sich ge\u00e4ndert? Ein erneuter Asylantrag HASA k\u00f6nnte die L\u00f6sung sein, nach der Sie suchen. Mit HASA haben Sie die M\u00f6glichkeit, Ihren Fall neu pr\u00fcfen zu lassen, um eine neue Chance auf eine sichere Zukunft in den Niederlanden zu erhalten.<\/strong><\/p>\t\t\t\t\t\t\t\t<\/div>\n\t\t\t\t<\/div>\n\t\t\t\t<div class=\"elementor-element elementor-element-7885935 elementor-widget elementor-widget-spacer\" data-id=\"7885935\" data-element_type=\"widget\" data-e-type=\"widget\" data-widget_type=\"spacer.default\">\n\t\t\t\t<div class=\"elementor-widget-container\">\n\t\t\t\t\t\t\t<div class=\"elementor-spacer\">\n\t\t\t<div class=\"elementor-spacer-inner\"><\/div>\n\t\t<\/div>\n\t\t\t\t\t\t<\/div>\n\t\t\t\t<\/div>\n\t\t\t\t<div class=\"elementor-element elementor-element-1e92872 elementor-widget elementor-widget-heading\" data-id=\"1e92872\" data-element_type=\"widget\" data-e-type=\"widget\" data-widget_type=\"heading.default\">\n\t\t\t\t<div class=\"elementor-widget-container\">\n\t\t\t\t\t<h3 class=\"elementor-heading-title elementor-size-default\">Wann sprechen wir von wiederholten Asylantr\u00e4gen HASA?<\/h3>\t\t\t\t<\/div>\n\t\t\t\t<\/div>\n\t\t\t\t<div class=\"elementor-element elementor-element-045c632 color-scheme-inherit text-left elementor-widget elementor-widget-text-editor\" data-id=\"045c632\" data-element_type=\"widget\" data-e-type=\"widget\" data-widget_type=\"text-editor.default\">\n\t\t\t\t<div class=\"elementor-widget-container\">\n\t\t\t\t\t\t\t\t\t<p>Ein erneuter Asylantrag HASA bietet die M\u00f6glichkeit, in den Niederlanden erneut einen Asylantrag zu stellen, wenn sich in Ihrem Herkunftsland oder in Ihren pers\u00f6nlichen Umst\u00e4nden wesentliche \u00c4nderungen ergeben haben. Dieses Verfahren soll Menschen, die bereits eine Ablehnung erhalten haben, die M\u00f6glichkeit geben, ihren Fall neu zu bewerten. HASA soll Fairness und Sorgfaltspflicht f\u00fcr Personen gew\u00e4hrleisten, die Grund zu der Annahme haben, dass ihr fr\u00fcherer Asylantrag m\u00f6glicherweise nicht korrekt beurteilt wurde.<\/p>\t\t\t\t\t\t\t\t<\/div>\n\t\t\t\t<\/div>\n\t\t\t\t<div class=\"elementor-element elementor-element-79c274a elementor-widget elementor-widget-spacer\" data-id=\"79c274a\" data-element_type=\"widget\" data-e-type=\"widget\" data-widget_type=\"spacer.default\">\n\t\t\t\t<div class=\"elementor-widget-container\">\n\t\t\t\t\t\t\t<div class=\"elementor-spacer\">\n\t\t\t<div class=\"elementor-spacer-inner\"><\/div>\n\t\t<\/div>\n\t\t\t\t\t\t<\/div>\n\t\t\t\t<\/div>\n\t\t\t\t<div class=\"elementor-element elementor-element-565ffb0 elementor-widget elementor-widget-heading\" data-id=\"565ffb0\" data-element_type=\"widget\" data-e-type=\"widget\" data-widget_type=\"heading.default\">\n\t\t\t\t<div class=\"elementor-widget-container\">\n\t\t\t\t\t<h3 class=\"elementor-heading-title elementor-size-default\">Wiederholte Asylantr\u00e4ge HASA-Bedingungen<\/h3>\t\t\t\t<\/div>\n\t\t\t\t<\/div>\n\t\t\t\t<div class=\"elementor-element elementor-element-ac344f8 color-scheme-inherit text-left elementor-widget elementor-widget-text-editor\" data-id=\"ac344f8\" data-element_type=\"widget\" data-e-type=\"widget\" data-widget_type=\"text-editor.default\">\n\t\t\t\t<div class=\"elementor-widget-container\">\n\t\t\t\t\t\t\t\t\t<p>Um in den Niederlanden einen erneuten Asylantrag (HASA) stellen zu k\u00f6nnen, m\u00fcssen bestimmte allgemeine Bedingungen erf\u00fcllt sein. Nachfolgend haben wir die Bedingungen f\u00fcr einen solchen Asylantrag aufgef\u00fchrt.<\/p><ul><li><strong>Physisch auf niederl\u00e4ndischem Territorium:<\/strong> Zun\u00e4chst einmal m\u00fcssen Sie sich zum Zeitpunkt der Antragstellung auf niederl\u00e4ndischem Staatsgebiet befinden. Das bedeutet, dass Sie zum Zeitpunkt der Einreichung des HASA-Antrags physisch in den Niederlanden anwesend sein m\u00fcssen.<\/li><li><strong>Fr\u00fchere Ablehnung oder Entzug der Aufenthaltsgenehmigung:<\/strong> Sie haben bereits einen Asylantrag in den Niederlanden gestellt und dieser Antrag wurde vom Einwanderungs- und Einb\u00fcrgerungsdienst (IND) abgelehnt. Dies kann auch der Fall sein, wenn Ihre Asyl-Aufenthaltsgenehmigung zuvor vom IND widerrufen wurde.<\/li><li><strong>\u00c4nderungen der Situation oder des Herkunftslandes:<\/strong> Ihre pers\u00f6nliche Situation oder die Situation in Ihrem Herkunftsland muss sich ge\u00e4ndert haben. Diese \u00c4nderungen k\u00f6nnen von pers\u00f6nlichen Umst\u00e4nden bis hin zu \u00c4nderungen in der Politik des IND oder neuen Gerichtsurteilen, die f\u00fcr Ihren Fall relevant sind, reichen....<\/li><\/ul>\t\t\t\t\t\t\t\t<\/div>\n\t\t\t\t<\/div>\n\t\t\t\t<div class=\"elementor-element elementor-element-c5e7b27 elementor-widget elementor-widget-spacer\" data-id=\"c5e7b27\" data-element_type=\"widget\" data-e-type=\"widget\" data-widget_type=\"spacer.default\">\n\t\t\t\t<div class=\"elementor-widget-container\">\n\t\t\t\t\t\t\t<div class=\"elementor-spacer\">\n\t\t\t<div class=\"elementor-spacer-inner\"><\/div>\n\t\t<\/div>\n\t\t\t\t\t\t<\/div>\n\t\t\t\t<\/div>\n\t\t\t\t<div class=\"elementor-element elementor-element-3e65d96 elementor-widget elementor-widget-heading\" data-id=\"3e65d96\" data-element_type=\"widget\" data-e-type=\"widget\" data-widget_type=\"heading.default\">\n\t\t\t\t<div class=\"elementor-widget-container\">\n\t\t\t\t\t<h3 class=\"elementor-heading-title elementor-size-default\">Entscheidung der IND<\/h3>\t\t\t\t<\/div>\n\t\t\t\t<\/div>\n\t\t\t\t<div class=\"elementor-element elementor-element-f0e41b4 color-scheme-inherit text-left elementor-widget elementor-widget-text-editor\" data-id=\"f0e41b4\" data-element_type=\"widget\" data-e-type=\"widget\" data-widget_type=\"text-editor.default\">\n\t\t\t\t<div class=\"elementor-widget-container\">\n\t\t\t\t\t\t\t\t\t<p>Ein Antragsformular ist auf der Website des IND verf\u00fcgbar. Es ist wichtig, dass dieses Formular vollst\u00e4ndig auf Niederl\u00e4ndisch ausgef\u00fcllt und so weit wie m\u00f6glich mit relevanten Beweisen untermauert wird. Nachdem Sie den Antrag eingereicht haben, entscheidet das IND, ob eine Anh\u00f6rung stattfinden wird oder nicht.<\/p><p>Wenn die Entscheidung positiv ausf\u00e4llt, wird dies sofort am selben Tag der Anh\u00f6rung bekannt gegeben. Auch im Falle einer negativen Entscheidung wird diese noch am selben Tag bekannt gegeben. Nach dieser Bekanntgabe hat Ihr Anwalt einen Tag Zeit, um auf die Entscheidung zu reagieren. Am darauffolgenden Tag trifft die IND eine weitere Entscheidung oder teilt mit, dass sie mehr Zeit ben\u00f6tigt, z.B. f\u00fcr weitere Nachforschungen zu bestimmten Dokumenten.<\/p>\t\t\t\t\t\t\t\t<\/div>\n\t\t\t\t<\/div>\n\t\t\t\t<div class=\"elementor-element elementor-element-52bfeb7 elementor-widget elementor-widget-spacer\" data-id=\"52bfeb7\" data-element_type=\"widget\" data-e-type=\"widget\" data-widget_type=\"spacer.default\">\n\t\t\t\t<div class=\"elementor-widget-container\">\n\t\t\t\t\t\t\t<div class=\"elementor-spacer\">\n\t\t\t<div class=\"elementor-spacer-inner\"><\/div>\n\t\t<\/div>\n\t\t\t\t\t\t<\/div>\n\t\t\t\t<\/div>\n\t\t\t\t<div class=\"elementor-element elementor-element-fcd6808 elementor-widget elementor-widget-heading\" data-id=\"fcd6808\" data-element_type=\"widget\" data-e-type=\"widget\" data-widget_type=\"heading.default\">\n\t\t\t\t<div class=\"elementor-widget-container\">\n\t\t\t\t\t<h3 class=\"elementor-heading-title elementor-size-default\">Berufung<\/h3>\t\t\t\t<\/div>\n\t\t\t\t<\/div>\n\t\t\t\t<div class=\"elementor-element elementor-element-7001e0b color-scheme-inherit text-left elementor-widget elementor-widget-text-editor\" data-id=\"7001e0b\" data-element_type=\"widget\" data-e-type=\"widget\" data-widget_type=\"text-editor.default\">\n\t\t\t\t<div class=\"elementor-widget-container\">\n\t\t\t\t\t\t\t\t\t<p>Nicht nur, wenn mehrere Asylantr\u00e4ge abgelehnt werden, sondern auch, wenn der Einwanderungs- und Einb\u00fcrgerungsdienst (IND) eine negative Entscheidung trifft, haben Sie die M\u00f6glichkeit, das Gericht anzurufen. Sollte auch die Entscheidung des Gerichts negativ ausfallen, gibt es eine weitere M\u00f6glichkeit, bei der Abteilung f\u00fcr Verwaltungsrecht des Staatsrats (ABvRS) Berufung einzulegen.<\/p><p>Dieses Berufungsverfahren gibt Ihnen eine zus\u00e4tzliche Gelegenheit, Ihren Fall zu \u00fcberpr\u00fcfen und zus\u00e4tzliche Argumente und Beweise vorzulegen. Das ABvRS ist ein unabh\u00e4ngiges Gremium, das beurteilt, ob die Entscheidung der IND rechtm\u00e4\u00dfig war.<\/p>\t\t\t\t\t\t\t\t<\/div>\n\t\t\t\t<\/div>\n\t\t\t\t<div class=\"elementor-element elementor-element-f29c2e6 elementor-widget elementor-widget-spacer\" data-id=\"f29c2e6\" data-element_type=\"widget\" data-e-type=\"widget\" data-widget_type=\"spacer.default\">\n\t\t\t\t<div class=\"elementor-widget-container\">\n\t\t\t\t\t\t\t<div class=\"elementor-spacer\">\n\t\t\t<div class=\"elementor-spacer-inner\"><\/div>\n\t\t<\/div>\n\t\t\t\t\t\t<\/div>\n\t\t\t\t<\/div>\n\t\t\t\t<div class=\"elementor-element elementor-element-d9c540a elementor-widget elementor-widget-heading\" data-id=\"d9c540a\" data-element_type=\"widget\" data-e-type=\"widget\" data-widget_type=\"heading.default\">\n\t\t\t\t<div class=\"elementor-widget-container\">\n\t\t\t\t\t<h3 class=\"elementor-heading-title elementor-size-default\">Wie l\u00e4uft ein HASA-Wiederholungs-Asylantrag ab?<\/h3>\t\t\t\t<\/div>\n\t\t\t\t<\/div>\n\t\t\t\t<div class=\"elementor-element elementor-element-79df8a5 color-scheme-inherit text-left elementor-widget elementor-widget-text-editor\" data-id=\"79df8a5\" data-element_type=\"widget\" data-e-type=\"widget\" data-widget_type=\"text-editor.default\">\n\t\t\t\t<div class=\"elementor-widget-container\">\n\t\t\t\t\t\t\t\t\t<p>Das Verfahren im niederl\u00e4ndischen Asylrecht umfasst mehrere Schritte. Hier finden Sie einen detaillierten \u00dcberblick \u00fcber das Verfahren:<\/p><ul><li><strong>Pr\u00fcfen Sie die Bedingungen:<\/strong> bevor Sie einen HASA-Antrag stellen, ist es wichtig zu pr\u00fcfen, ob Sie die Voraussetzungen f\u00fcr einen erneuten Asylantrag erf\u00fcllen. Diese Bedingungen k\u00f6nnen je nach Ihrer spezifischen Situation variieren.<\/li><li><strong>Sammeln von Dokumenten:<\/strong>\u00a0sammeln Sie alle relevanten Dokumente, die Sie zur Unterst\u00fctzung Ihres HASA-Antrags verwenden k\u00f6nnen. Dazu k\u00f6nnten neue Beweise geh\u00f6ren, die zeigen, dass sich Ihre Situation seit dem letzten Asylantrag ge\u00e4ndert hat.<\/li><li><strong>Anwendung machen:<\/strong>\u00a0das Antragsformular vollst\u00e4ndig auf Niederl\u00e4ndisch aus und reichen Sie es beim HASA-Schalter in Ter Apel ein. Achten Sie darauf, dass Sie alle erforderlichen Unterlagen beif\u00fcgen.<\/li><li><strong>Verifizierung der Anwendung:<\/strong>\u00a0Die Einwanderungs- und Einb\u00fcrgerungsbeh\u00f6rde (IND) wird Ihren Antrag pr\u00fcfen und ihn auf Vollst\u00e4ndigkeit untersuchen. Wenn Dokumente oder Informationen fehlen, kann der IND Sie auffordern, diese zu erg\u00e4nzen.<\/li><li><strong>Anh\u00f6rung oder nicht:<\/strong>\u00a0Wenn die IND feststellt, dass es gen\u00fcgend neue Fakten oder ver\u00e4nderte Umst\u00e4nde gibt, um eine erneute Pr\u00fcfung zu rechtfertigen, kann eine Anh\u00f6rung stattfinden, bei der Sie die M\u00f6glichkeit haben, Ihren Fall weiter zu erl\u00e4utern. Diese Anh\u00f6rung dient dazu, zus\u00e4tzliche Informationen zu liefern und eventuelle Fragen der IND zu beantworten.<\/li><li><strong>Entscheidung \u00fcber den Antrag:<\/strong>\u00a0Auf der Grundlage der eingereichten Unterlagen, der Anh\u00f6rung und anderer relevanter Informationen wird die IND eine Entscheidung \u00fcber Ihren HASA-Antrag treffen. Diese Entscheidung kann entweder positiv oder negativ ausfallen.<\/li><li><strong>Abholung der Aufenthaltsgenehmigung:<\/strong>\u00a0Wenn der HASA-Antrag genehmigt wird, erhalten Sie eine Aufenthaltsgenehmigung. Sie k\u00f6nnen diese Genehmigung beim IND oder einer anderen benannten Beh\u00f6rde abholen. Stellen Sie sicher, dass Sie alle notwendigen Schritte befolgen, um Ihre Aufenthaltsgenehmigung zu erhalten und zu aktivieren.<\/li><\/ul>\t\t\t\t\t\t\t\t<\/div>\n\t\t\t\t<\/div>\n\t\t\t\t<div class=\"elementor-element elementor-element-86138b9 elementor-widget elementor-widget-spacer\" data-id=\"86138b9\" data-element_type=\"widget\" data-e-type=\"widget\" data-widget_type=\"spacer.default\">\n\t\t\t\t<div class=\"elementor-widget-container\">\n\t\t\t\t\t\t\t<div class=\"elementor-spacer\">\n\t\t\t<div class=\"elementor-spacer-inner\"><\/div>\n\t\t<\/div>\n\t\t\t\t\t\t<\/div>\n\t\t\t\t<\/div>\n\t\t\t\t<div class=\"elementor-element elementor-element-2a2a4fe elementor-widget elementor-widget-heading\" data-id=\"2a2a4fe\" data-element_type=\"widget\" data-e-type=\"widget\" data-widget_type=\"heading.default\">\n\t\t\t\t<div class=\"elementor-widget-container\">\n\t\t\t\t\t<h3 class=\"elementor-heading-title elementor-size-default\">Anwalt f\u00fcr wiederholte Asylantr\u00e4ge<\/h3>\t\t\t\t<\/div>\n\t\t\t\t<\/div>\n\t\t\t\t<div class=\"elementor-element elementor-element-1cd712b color-scheme-inherit text-left elementor-widget elementor-widget-text-editor\" data-id=\"1cd712b\" data-element_type=\"widget\" data-e-type=\"widget\" data-widget_type=\"text-editor.default\">\n\t\t\t\t<div class=\"elementor-widget-container\">\n\t\t\t\t\t\t\t\t\t<p>Es ist unerl\u00e4sslich, das Asylverfahren genau zu durchlaufen, was ohne die Beauftragung eines erfahrenen Anwalts sehr zeitaufwendig sein kann.<\/p><p>Die Anwaltskanzlei Der Bedrosian verf\u00fcgt \u00fcber Anw\u00e4lte mit Expertise in den Bereichen <a href=\"https:\/\/www.derbedrosian.nl\/de\/gerichtsbarkeiten\/asylrecht\/\">Asylrecht<\/a> und bieten daher professionelle Hilfe w\u00e4hrend Ihres gesamten Prozesses.<\/p><p>Nehmen Sie also Kontakt mit uns auf, um ein Angebot zu erstellen. <a href=\"https:\/\/www.derbedrosian.nl\/de\/rechtsanwalte-2\/\">erfahrener Anwalt<\/a> besprechen Sie Ihre Situation.<\/p>\t\t\t\t\t\t\t\t<\/div>\n\t\t\t\t<\/div>\n\t\t\t\t\t<\/div>\n\t\t\t\t<\/div>\n\t\t\t\t<\/div>","protected":false},"excerpt":{"rendered":"<p>Asylrecht Wiederholter Asylantrag Formular ind Anwalt Asylrecht Fl\u00fcchtlingsrecht und Asylrecht Unterschied wiederholter Asylantrag hasa Brandbrief an die Zweite Kammer Tag<\/p>","protected":false},"author":1,"featured_media":0,"parent":10757,"menu_order":0,"comment_status":"closed","ping_status":"closed","template":"","meta":{"footnotes":""},"class_list":["post-10794","page","type-page","status-publish","hentry"],"_links":{"self":[{"href":"https:\/\/www.derbedrosian.nl\/de\/wp-json\/wp\/v2\/pages\/10794","targetHints":{"allow":["GET"]}}],"collection":[{"href":"https:\/\/www.derbedrosian.nl\/de\/wp-json\/wp\/v2\/pages"}],"about":[{"href":"https:\/\/www.derbedrosian.nl\/de\/wp-json\/wp\/v2\/types\/page"}],"author":[{"embeddable":true,"href":"https:\/\/www.derbedrosian.nl\/de\/wp-json\/wp\/v2\/users\/1"}],"replies":[{"embeddable":true,"href":"https:\/\/www.derbedrosian.nl\/de\/wp-json\/wp\/v2\/comments?post=10794"}],"version-history":[{"count":0,"href":"https:\/\/www.derbedrosian.nl\/de\/wp-json\/wp\/v2\/pages\/10794\/revisions"}],"up":[{"embeddable":true,"href":"https:\/\/www.derbedrosian.nl\/de\/wp-json\/wp\/v2\/pages\/10757"}],"wp:attachment":[{"href":"https:\/\/www.derbedrosian.nl\/de\/wp-json\/wp\/v2\/media?parent=10794"}],"curies":[{"name":"wp","href":"https:\/\/api.w.org\/{rel}","templated":true}]}}