{"id":10789,"date":"2023-05-29T09:44:21","date_gmt":"2023-05-29T07:44:21","guid":{"rendered":"https:\/\/derbedrosian.nl\/?page_id=10789"},"modified":"2025-12-21T16:35:30","modified_gmt":"2025-12-21T14:35:30","slug":"familienzusammenfuhrung-nach-der-wiedervereinigung","status":"publish","type":"page","link":"https:\/\/www.derbedrosian.nl\/de\/rechtsgebieden\/asielrecht\/gezinshereniging-nareis\/","title":{"rendered":"Familienzusammenf\u00fchrung (nach der Reise)"},"content":{"rendered":"<div data-elementor-type=\"wp-page\" data-elementor-id=\"10789\" class=\"elementor elementor-10789\" data-elementor-post-type=\"page\">\n\t\t\t\t<div class=\"wd-negative-gap elementor-element elementor-element-fde68bb e-flex e-con-boxed e-con e-parent\" data-id=\"fde68bb\" data-element_type=\"container\" data-e-type=\"container\">\n\t\t\t\t\t<div class=\"e-con-inner\">\n\t\t\t\t<div class=\"elementor-element elementor-element-141c632 color-scheme-inherit text-left elementor-widget elementor-widget-text-editor\" data-id=\"141c632\" data-element_type=\"widget\" data-e-type=\"widget\" data-widget_type=\"text-editor.default\">\n\t\t\t\t<div class=\"elementor-widget-container\">\n\t\t\t\t\t\t\t\t\t<p><strong>Die Anwaltskanzlei Der Bedrosian verf\u00fcgt \u00fcber spezialisierte Anw\u00e4lte auf dem Gebiet der Familienzusammenf\u00fchrung (Post-Return).<\/strong><\/p>\t\t\t\t\t\t\t\t<\/div>\n\t\t\t\t<\/div>\n\t\t\t\t<div class=\"elementor-element elementor-element-f0240e2 elementor-widget elementor-widget-heading\" data-id=\"f0240e2\" data-element_type=\"widget\" data-e-type=\"widget\" data-widget_type=\"heading.default\">\n\t\t\t\t<div class=\"elementor-widget-container\">\n\t\t\t\t\t<h3 class=\"elementor-heading-title elementor-size-default\">Was ist eine Familienzusammenf\u00fchrung?<\/h3>\t\t\t\t<\/div>\n\t\t\t\t<\/div>\n\t\t\t\t<div class=\"elementor-element elementor-element-274f90e color-scheme-inherit text-left elementor-widget elementor-widget-text-editor\" data-id=\"274f90e\" data-element_type=\"widget\" data-e-type=\"widget\" data-widget_type=\"text-editor.default\">\n\t\t\t\t<div class=\"elementor-widget-container\">\n\t\t\t\t\t\t\t\t\t<p>Familienzusammenf\u00fchrung ist die Zusammenf\u00fchrung einer Familie, die durch einen Krieg oder dessen Folgen getrennt wurde. Sobald ein Fl\u00fcchtling eine Aufenthaltsgenehmigung erhalten hat, kann er seine Familienmitglieder in die Niederlande holen.<\/p>\t\t\t\t\t\t\t\t<\/div>\n\t\t\t\t<\/div>\n\t\t\t\t<div class=\"elementor-element elementor-element-09590f8 elementor-widget elementor-widget-spacer\" data-id=\"09590f8\" data-element_type=\"widget\" data-e-type=\"widget\" data-widget_type=\"spacer.default\">\n\t\t\t\t<div class=\"elementor-widget-container\">\n\t\t\t\t\t\t\t<div class=\"elementor-spacer\">\n\t\t\t<div class=\"elementor-spacer-inner\"><\/div>\n\t\t<\/div>\n\t\t\t\t\t\t<\/div>\n\t\t\t\t<\/div>\n\t\t\t\t<div class=\"elementor-element elementor-element-0542018 elementor-widget elementor-widget-heading\" data-id=\"0542018\" data-element_type=\"widget\" data-e-type=\"widget\" data-widget_type=\"heading.default\">\n\t\t\t\t<div class=\"elementor-widget-container\">\n\t\t\t\t\t<h3 class=\"elementor-heading-title elementor-size-default\">Zeitraum nach der Reise<\/h3>\t\t\t\t<\/div>\n\t\t\t\t<\/div>\n\t\t\t\t<div class=\"elementor-element elementor-element-5bfee2e color-scheme-inherit text-left elementor-widget elementor-widget-text-editor\" data-id=\"5bfee2e\" data-element_type=\"widget\" data-e-type=\"widget\" data-widget_type=\"text-editor.default\">\n\t\t\t\t<div class=\"elementor-widget-container\">\n\t\t\t\t\t\t\t\t\tDer Antrag auf Familienzusammenf\u00fchrung, der MVV-Antrag nach der Reise sollte innerhalb von 3 Monaten eingereicht werden, nachdem dem B\u00fcrgen mitgeteilt wurde, dass er eine Asylgenehmigung erhalten hat. \t\t\t\t\t\t\t\t<\/div>\n\t\t\t\t<\/div>\n\t\t\t\t<div class=\"elementor-element elementor-element-7974393 elementor-widget elementor-widget-spacer\" data-id=\"7974393\" data-element_type=\"widget\" data-e-type=\"widget\" data-widget_type=\"spacer.default\">\n\t\t\t\t<div class=\"elementor-widget-container\">\n\t\t\t\t\t\t\t<div class=\"elementor-spacer\">\n\t\t\t<div class=\"elementor-spacer-inner\"><\/div>\n\t\t<\/div>\n\t\t\t\t\t\t<\/div>\n\t\t\t\t<\/div>\n\t\t\t\t<div class=\"elementor-element elementor-element-77380f5 elementor-widget elementor-widget-heading\" data-id=\"77380f5\" data-element_type=\"widget\" data-e-type=\"widget\" data-widget_type=\"heading.default\">\n\t\t\t\t<div class=\"elementor-widget-container\">\n\t\t\t\t\t<h3 class=\"elementor-heading-title elementor-size-default\">Bedingungen<\/h3>\t\t\t\t<\/div>\n\t\t\t\t<\/div>\n\t\t\t\t<div class=\"elementor-element elementor-element-981610a color-scheme-inherit text-left elementor-widget elementor-widget-text-editor\" data-id=\"981610a\" data-element_type=\"widget\" data-e-type=\"widget\" data-widget_type=\"text-editor.default\">\n\t\t\t\t<div class=\"elementor-widget-container\">\n\t\t\t\t\t\t\t\t\t<ul><li>Sie haben eine Aufenthaltserlaubnis f\u00fcr Asylbewerber<\/li><li>Sie k\u00f6nnen diesen Antrag nur stellen f\u00fcr: Ihren Ehepartner, Ihren Lebensgef\u00e4hrten, Ihr (Pflege-)Kind, Ihre Eltern (Sie k\u00f6nnen den Antrag nur f\u00fcr Ihre Eltern stellen, wenn Sie zum Zeitpunkt Ihres Asylantrags alleinstehend und unter 18 Jahre alt waren.<\/li><li>Sie beantragen den mvv f\u00fcr Ihren Familienangeh\u00f6rigen innerhalb von drei Monaten nach Erhalt der Asylgenehmigung.<\/li><li>Ihr Familienmitglied geh\u00f6rt zu Ihrer Familie und geh\u00f6rte auch im Ausland zu Ihrer Familie.<\/li><li>Sie m\u00fcssen beide mindestens 18 Jahre alt sein, wenn Sie den F\u00fchrerschein f\u00fcr Ihren Ehepartner oder Partner beantragen.<\/li><li>Ihr Familienmitglied hat kein Vergehen oder Verbrechen begangen<\/li><li>Der nachziehende Elternteil aus dem Herkunftsland muss eine Einverst\u00e4ndniserkl\u00e4rung unterschreiben. Der Elternteil gibt damit sein Einverst\u00e4ndnis f\u00fcr die Ausreise des Kindes in die Niederlande.<\/li><li>Sie m\u00fcssen die Identit\u00e4t Ihres Familienmitglieds und die Verwandtschaft mit Dokumenten nachweisen.<\/li><\/ul>\t\t\t\t\t\t\t\t<\/div>\n\t\t\t\t<\/div>\n\t\t\t\t<div class=\"elementor-element elementor-element-7f67a54 elementor-widget elementor-widget-spacer\" data-id=\"7f67a54\" data-element_type=\"widget\" data-e-type=\"widget\" data-widget_type=\"spacer.default\">\n\t\t\t\t<div class=\"elementor-widget-container\">\n\t\t\t\t\t\t\t<div class=\"elementor-spacer\">\n\t\t\t<div class=\"elementor-spacer-inner\"><\/div>\n\t\t<\/div>\n\t\t\t\t\t\t<\/div>\n\t\t\t\t<\/div>\n\t\t\t\t<div class=\"elementor-element elementor-element-720ebd7 elementor-widget elementor-widget-heading\" data-id=\"720ebd7\" data-element_type=\"widget\" data-e-type=\"widget\" data-widget_type=\"heading.default\">\n\t\t\t\t<div class=\"elementor-widget-container\">\n\t\t\t\t\t<h3 class=\"elementor-heading-title elementor-size-default\">Verfahren Familienzusammenf\u00fchrung<\/h3>\t\t\t\t<\/div>\n\t\t\t\t<\/div>\n\t\t\t\t<div class=\"elementor-element elementor-element-24d4bc0 color-scheme-inherit text-left elementor-widget elementor-widget-text-editor\" data-id=\"24d4bc0\" data-element_type=\"widget\" data-e-type=\"widget\" data-widget_type=\"text-editor.default\">\n\t\t\t\t<div class=\"elementor-widget-container\">\n\t\t\t\t\t\t\t\t\t<ul><li><strong>Pr\u00fcfen Sie die Bedingungen:<\/strong>\u00a0der erste wichtige Punkt im Verfahren zur Familienzusammenf\u00fchrung ist, dass Sie sorgf\u00e4ltig pr\u00fcfen, ob Sie alle Voraussetzungen erf\u00fcllen, bevor Sie fortfahren.<\/li><li><strong>Sammeln von Dokumenten:<\/strong>\u00a0Sammeln Sie alle erforderlichen Dokumente und Belege, die Sie zur Unterst\u00fctzung Ihres Antrags ben\u00f6tigen. Dazu geh\u00f6ren Ausweispapiere, Heiratsurkunden, Geburtsurkunden von Kindern und andere relevante Unterlagen.<\/li><li><strong>Bewerbung einreichen:<\/strong>\u00a0Reichen Sie Ihren Antrag bei der Einwanderungs- und Einb\u00fcrgerungsbeh\u00f6rde (IND) ein. F\u00fcllen Sie alle Formulare korrekt aus und stellen Sie sicher, dass Sie alle erforderlichen Dokumente beif\u00fcgen.<\/li><li><strong>Kosten zahlen:<\/strong>\u00a0zahlen Sie die erforderlichen Geb\u00fchren f\u00fcr Ihren Antrag. Vergewissern Sie sich, dass Sie die aktuellen Geb\u00fchren kennen und sie p\u00fcnktlich bezahlen.<\/li><li><strong>Die Entscheidung \u00fcber den Antrag steht noch aus:<\/strong>\u00a0Nachdem Sie Ihren Antrag eingereicht haben, m\u00fcssen Sie geduldig warten, w\u00e4hrend das IND Ihren Fall pr\u00fcft. Denken Sie daran, dass dies einige Zeit dauern kann, also haben Sie Geduld.<\/li><li><strong>Entscheidung \u00fcber den Antrag:<\/strong>\u00a0Sobald das IND eine Entscheidung \u00fcber Ihren Antrag getroffen hat, werden Sie \u00fcber das Ergebnis informiert. Dieses kann je nach Ihrer Situation entweder positiv oder negativ ausfallen.<\/li><li><strong>Erwerben Sie die Mvv und reisen Sie in die Niederlande:<\/strong> Wenn Ihr Antrag genehmigt wird, k\u00f6nnen Sie bei der niederl\u00e4ndischen Botschaft oder dem Konsulat in Ihrem Herkunftsland eine vorl\u00e4ufige Aufenthaltsgenehmigung (MVV) beantragen. Mit der Mvv d\u00fcrfen Sie in die Niederlande reisen.<\/li><li>Anmeldung in den Niederlanden: Sobald Sie in den Niederlanden sind, m\u00fcssen Sie sich bei der Gemeinde, in der Sie wohnen werden, anmelden. Hier werden Sie weitere Schritte unternehmen, um Ihre Familienzusammenf\u00fchrung offiziell zu machen und sich in die niederl\u00e4ndische Gesellschaft zu integrieren.<\/li><\/ul><p>Diese Schritt-f\u00fcr-Schritt-Anleitung gibt Ihnen einen \u00dcberblick dar\u00fcber, was Sie w\u00e4hrend des Verfahrens zur Familienzusammenf\u00fchrung in den Niederlanden erwartet. Es ist sehr wichtig, dass Sie in jeder Phase genau und geduldig vorgehen, um einen reibungslosen Ablauf Ihres Antrags zu gew\u00e4hrleisten.<\/p>\t\t\t\t\t\t\t\t<\/div>\n\t\t\t\t<\/div>\n\t\t\t\t<div class=\"elementor-element elementor-element-614c2d7 elementor-widget elementor-widget-spacer\" data-id=\"614c2d7\" data-element_type=\"widget\" data-e-type=\"widget\" data-widget_type=\"spacer.default\">\n\t\t\t\t<div class=\"elementor-widget-container\">\n\t\t\t\t\t\t\t<div class=\"elementor-spacer\">\n\t\t\t<div class=\"elementor-spacer-inner\"><\/div>\n\t\t<\/div>\n\t\t\t\t\t\t<\/div>\n\t\t\t\t<\/div>\n\t\t\t\t<div class=\"elementor-element elementor-element-eb094a8 elementor-widget elementor-widget-heading\" data-id=\"eb094a8\" data-element_type=\"widget\" data-e-type=\"widget\" data-widget_type=\"heading.default\">\n\t\t\t\t<div class=\"elementor-widget-container\">\n\t\t\t\t\t<h3 class=\"elementor-heading-title elementor-size-default\">Anwalt Familienzusammenf\u00fchrung nach der Einreise<\/h3>\t\t\t\t<\/div>\n\t\t\t\t<\/div>\n\t\t\t\t<div class=\"elementor-element elementor-element-da6acdc color-scheme-inherit text-left elementor-widget elementor-widget-text-editor\" data-id=\"da6acdc\" data-element_type=\"widget\" data-e-type=\"widget\" data-widget_type=\"text-editor.default\">\n\t\t\t\t<div class=\"elementor-widget-container\">\n\t\t\t\t\t\t\t\t\tDer Prozess der Familienzusammenf\u00fchrung kann schnell kompliziert werden, wenn eine der Voraussetzungen nicht erf\u00fcllt ist. Zum Beispiel, wenn die Einwanderungs- und Einb\u00fcrgerungsbeh\u00f6rde (IND) die Echtheit Ihrer Beziehung anzweifelt, wenn diese nicht begr\u00fcndet ist. Die erfahrenen Anw\u00e4lte der Anwaltskanzlei Der Bedrosian verf\u00fcgen \u00fcber umfassende Kenntnisse und Erfahrungen auf dem Gebiet der Familienzusammenf\u00fchrung und sind bereit, Ihnen bei diesem Prozess zu helfen. Sobald Sie sich an unsere Kanzlei wenden, stellen wir den direkten Kontakt zu einem spezialisierten Anwalt her. Wir tun dies alles, um Sie bei Ihrem Streben nach Familienzusammenf\u00fchrung zu unterst\u00fctzen.\t\t\t\t\t\t\t\t<\/div>\n\t\t\t\t<\/div>\n\t\t\t\t\t<\/div>\n\t\t\t\t<\/div>\n\t\t\t\t<\/div>","protected":false},"excerpt":{"rendered":"<p>Advocatenkantoor Der Bedrosian beschikt over gespecialiseerde advocaten op het gebied van gezinshereniging (nareis). Wat is een gezinshereniging? Gezinshereniging is het<\/p>","protected":false},"author":1,"featured_media":0,"parent":10757,"menu_order":0,"comment_status":"closed","ping_status":"closed","template":"","meta":{"footnotes":""},"class_list":["post-10789","page","type-page","status-publish","hentry"],"_links":{"self":[{"href":"https:\/\/www.derbedrosian.nl\/de\/wp-json\/wp\/v2\/pages\/10789","targetHints":{"allow":["GET"]}}],"collection":[{"href":"https:\/\/www.derbedrosian.nl\/de\/wp-json\/wp\/v2\/pages"}],"about":[{"href":"https:\/\/www.derbedrosian.nl\/de\/wp-json\/wp\/v2\/types\/page"}],"author":[{"embeddable":true,"href":"https:\/\/www.derbedrosian.nl\/de\/wp-json\/wp\/v2\/users\/1"}],"replies":[{"embeddable":true,"href":"https:\/\/www.derbedrosian.nl\/de\/wp-json\/wp\/v2\/comments?post=10789"}],"version-history":[{"count":0,"href":"https:\/\/www.derbedrosian.nl\/de\/wp-json\/wp\/v2\/pages\/10789\/revisions"}],"up":[{"embeddable":true,"href":"https:\/\/www.derbedrosian.nl\/de\/wp-json\/wp\/v2\/pages\/10757"}],"wp:attachment":[{"href":"https:\/\/www.derbedrosian.nl\/de\/wp-json\/wp\/v2\/media?parent=10789"}],"curies":[{"name":"wp","href":"https:\/\/api.w.org\/{rel}","templated":true}]}}