{"id":10765,"date":"2023-05-26T17:58:32","date_gmt":"2023-05-26T15:58:32","guid":{"rendered":"https:\/\/derbedrosian.nl\/?page_id=10765"},"modified":"2025-12-21T16:33:23","modified_gmt":"2025-12-21T14:33:23","slug":"dublin-verfahren","status":"publish","type":"page","link":"https:\/\/www.derbedrosian.nl\/de\/rechtsgebieden\/asielrecht\/dublin-procedure\/","title":{"rendered":"Dublin-Verfahren"},"content":{"rendered":"<div data-elementor-type=\"wp-page\" data-elementor-id=\"10765\" class=\"elementor elementor-10765\" data-elementor-post-type=\"page\">\n\t\t\t\t<div class=\"wd-negative-gap elementor-element elementor-element-2637238 e-flex e-con-boxed e-con e-parent\" data-id=\"2637238\" data-element_type=\"container\" data-e-type=\"container\">\n\t\t\t\t\t<div class=\"e-con-inner\">\n\t\t\t\t<div class=\"elementor-element elementor-element-4271693 elementor-hidden-desktop elementor-hidden-tablet elementor-hidden-mobile elementor-widget elementor-widget-wd_image_or_svg\" data-id=\"4271693\" data-element_type=\"widget\" data-e-type=\"widget\" id=\"seo-word\" data-widget_type=\"wd_image_or_svg.default\">\n\t\t\t\t<div class=\"elementor-widget-container\">\n\t\t\t\t\t\n\t\t<div class=\"wd-image text-left\">\n\t\t\t\t\t\t\t\t<img loading=\"lazy\" decoding=\"async\" width=\"1000\" height=\"936\" src=\"https:\/\/www.derbedrosian.nl\/wp-content\/uploads\/rechtsgebied-dublin-procedure.jpg\" class=\"attachment-full size-full\" alt=\"Dublin-Verfahren ind Asylanwalt Asylrecht\" srcset=\"https:\/\/www.derbedrosian.nl\/wp-content\/uploads\/rechtsgebied-dublin-procedure.jpg 1000w, https:\/\/www.derbedrosian.nl\/wp-content\/uploads\/rechtsgebied-dublin-procedure-321x300.jpg 321w, https:\/\/www.derbedrosian.nl\/wp-content\/uploads\/rechtsgebied-dublin-procedure-855x800.jpg 855w, https:\/\/www.derbedrosian.nl\/wp-content\/uploads\/rechtsgebied-dublin-procedure-768x719.jpg 768w\" sizes=\"auto, (max-width: 1000px) 100vw, 1000px\" title=\"\">\t\t\t\t\t<\/div>\n\n\t\t\t\t\t\t<\/div>\n\t\t\t\t<\/div>\n\t\t\t\t<div class=\"elementor-element elementor-element-44e3954 elementor-hidden-desktop elementor-hidden-tablet elementor-hidden-mobile elementor-widget elementor-widget-heading\" data-id=\"44e3954\" data-element_type=\"widget\" data-e-type=\"widget\" id=\"seo-word\" data-widget_type=\"heading.default\">\n\t\t\t\t<div class=\"elementor-widget-container\">\n\t\t\t\t\t<h2 class=\"elementor-heading-title elementor-size-default\">Asylrecht<\/h2>\t\t\t\t<\/div>\n\t\t\t\t<\/div>\n\t\t\t\t<div class=\"elementor-element elementor-element-ed50527 elementor-hidden-desktop elementor-hidden-tablet elementor-hidden-mobile elementor-widget elementor-widget-heading\" data-id=\"ed50527\" data-element_type=\"widget\" data-e-type=\"widget\" id=\"seo-word\" data-widget_type=\"heading.default\">\n\t\t\t\t<div class=\"elementor-widget-container\">\n\t\t\t\t\t<h5 class=\"elementor-heading-title elementor-size-default\">Dublin-Asylverfahren<\/h5>\t\t\t\t<\/div>\n\t\t\t\t<\/div>\n\t\t\t\t<div class=\"elementor-element elementor-element-1648db5 elementor-hidden-desktop elementor-hidden-tablet elementor-hidden-mobile elementor-widget elementor-widget-heading\" data-id=\"1648db5\" data-element_type=\"widget\" data-e-type=\"widget\" id=\"seo-word\" data-widget_type=\"heading.default\">\n\t\t\t\t<div class=\"elementor-widget-container\">\n\t\t\t\t\t<h5 class=\"elementor-heading-title elementor-size-default\">Dublin Verfahren ind<\/h5>\t\t\t\t<\/div>\n\t\t\t\t<\/div>\n\t\t\t\t<div class=\"elementor-element elementor-element-2e53283 elementor-hidden-desktop elementor-hidden-tablet elementor-hidden-mobile elementor-widget elementor-widget-heading\" data-id=\"2e53283\" data-element_type=\"widget\" data-e-type=\"widget\" id=\"seo-word\" data-widget_type=\"heading.default\">\n\t\t\t\t<div class=\"elementor-widget-container\">\n\t\t\t\t\t<h5 class=\"elementor-heading-title elementor-size-default\">Asylanwalt<\/h5>\t\t\t\t<\/div>\n\t\t\t\t<\/div>\n\t\t\t\t<div class=\"elementor-element elementor-element-387c22c elementor-hidden-desktop elementor-hidden-tablet elementor-hidden-mobile elementor-widget elementor-widget-heading\" data-id=\"387c22c\" data-element_type=\"widget\" data-e-type=\"widget\" id=\"seo-word\" data-widget_type=\"heading.default\">\n\t\t\t\t<div class=\"elementor-widget-container\">\n\t\t\t\t\t<h5 class=\"elementor-heading-title elementor-size-default\">dublin-verfahren<\/h5>\t\t\t\t<\/div>\n\t\t\t\t<\/div>\n\t\t\t\t<div class=\"elementor-element elementor-element-9ce40c0 elementor-hidden-desktop elementor-hidden-tablet elementor-hidden-mobile elementor-widget elementor-widget-heading\" data-id=\"9ce40c0\" data-element_type=\"widget\" data-e-type=\"widget\" id=\"seo-word\" data-widget_type=\"heading.default\">\n\t\t\t\t<div class=\"elementor-widget-container\">\n\t\t\t\t\t<h5 class=\"elementor-heading-title elementor-size-default\">Anwalt f\u00fcr Asylrecht Enschede<\/h5>\t\t\t\t<\/div>\n\t\t\t\t<\/div>\n\t\t\t\t<div class=\"elementor-element elementor-element-c020fa8 elementor-hidden-desktop elementor-hidden-tablet elementor-hidden-mobile elementor-widget elementor-widget-heading\" data-id=\"c020fa8\" data-element_type=\"widget\" data-e-type=\"widget\" id=\"seo-word\" data-widget_type=\"heading.default\">\n\t\t\t\t<div class=\"elementor-widget-container\">\n\t\t\t\t\t<h5 class=\"elementor-heading-title elementor-size-default\">Anwalt f\u00fcr Asylrecht Overijssel<\/h5>\t\t\t\t<\/div>\n\t\t\t\t<\/div>\n\t\t\t\t<div class=\"elementor-element elementor-element-8d8966c elementor-hidden-desktop elementor-hidden-tablet elementor-hidden-mobile elementor-widget elementor-widget-heading\" data-id=\"8d8966c\" data-element_type=\"widget\" data-e-type=\"widget\" id=\"seo-word\" data-widget_type=\"heading.default\">\n\t\t\t\t<div class=\"elementor-widget-container\">\n\t\t\t\t\t<h5 class=\"elementor-heading-title elementor-size-default\">Asylrecht enschede<\/h5>\t\t\t\t<\/div>\n\t\t\t\t<\/div>\n\t\t\t\t<div class=\"elementor-element elementor-element-d49682f elementor-hidden-desktop elementor-hidden-tablet elementor-hidden-mobile elementor-widget elementor-widget-heading\" data-id=\"d49682f\" data-element_type=\"widget\" data-e-type=\"widget\" id=\"seo-word\" data-widget_type=\"heading.default\">\n\t\t\t\t<div class=\"elementor-widget-container\">\n\t\t\t\t\t<h5 class=\"elementor-heading-title elementor-size-default\">Rechtsanwalt enschede Asylrecht<\/h5>\t\t\t\t<\/div>\n\t\t\t\t<\/div>\n\t\t\t\t<div class=\"elementor-element elementor-element-0c54d62 elementor-widget elementor-widget-heading\" data-id=\"0c54d62\" data-element_type=\"widget\" data-e-type=\"widget\" data-widget_type=\"heading.default\">\n\t\t\t\t<div class=\"elementor-widget-container\">\n\t\t\t\t\t<h3 class=\"elementor-heading-title elementor-size-default\">Was ist ein Dublin-Verfahren?<\/h3>\t\t\t\t<\/div>\n\t\t\t\t<\/div>\n\t\t\t\t<div class=\"elementor-element elementor-element-930f1be color-scheme-inherit text-left elementor-widget elementor-widget-text-editor\" data-id=\"930f1be\" data-element_type=\"widget\" data-e-type=\"widget\" data-widget_type=\"text-editor.default\">\n\t\t\t\t<div class=\"elementor-widget-container\">\n\t\t\t\t\t\t\t\t\t<p>Das Dublin-Verfahren ist einfach eine Bestimmung, die festlegt, welches der 32 europ\u00e4ischen L\u00e4nder unter bestimmten Voraussetzungen f\u00fcr die Pr\u00fcfung Ihres Asylantrags zust\u00e4ndig ist. Das bedeutet, dass Sie unter bestimmten Umst\u00e4nden die M\u00f6glichkeit haben, in dem Land zu bleiben, in dem Sie sich gerade befinden. Ein g\u00e4ngiges Beispiel hierf\u00fcr ist, wenn Sie Familienangeh\u00f6rige in dem betreffenden Land haben.<\/p><p>Das Dublin-Verfahren soll verhindern, dass Menschen mehrere Asylantr\u00e4ge in verschiedenen L\u00e4ndern stellen und Klarheit dar\u00fcber schaffen, welches Land f\u00fcr die Bearbeitung von Asylantr\u00e4gen zust\u00e4ndig ist. Dies tr\u00e4gt zu einem schlanken und effizienten Asylverfahren in Europa bei. Es ist wichtig zu verstehen, dass das Dublin-Verfahren darauf abzielt, Gerechtigkeit zu gew\u00e4hrleisten und Asylbewerbern eine faire Chance zu geben, ihren Fall darzulegen, und gleichzeitig zu verhindern, dass sie in verschiedenen L\u00e4ndern mehrere Asylantr\u00e4ge stellen.<\/p>\t\t\t\t\t\t\t\t<\/div>\n\t\t\t\t<\/div>\n\t\t\t\t<div class=\"elementor-element elementor-element-34bd768 elementor-widget elementor-widget-spacer\" data-id=\"34bd768\" data-element_type=\"widget\" data-e-type=\"widget\" data-widget_type=\"spacer.default\">\n\t\t\t\t<div class=\"elementor-widget-container\">\n\t\t\t\t\t\t\t<div class=\"elementor-spacer\">\n\t\t\t<div class=\"elementor-spacer-inner\"><\/div>\n\t\t<\/div>\n\t\t\t\t\t\t<\/div>\n\t\t\t\t<\/div>\n\t\t\t\t<div class=\"elementor-element elementor-element-5999f36 elementor-widget elementor-widget-heading\" data-id=\"5999f36\" data-element_type=\"widget\" data-e-type=\"widget\" data-widget_type=\"heading.default\">\n\t\t\t\t<div class=\"elementor-widget-container\">\n\t\t\t\t\t<h3 class=\"elementor-heading-title elementor-size-default\">Welche L\u00e4nder sind am Dublin-Verfahren beteiligt?<\/h3>\t\t\t\t<\/div>\n\t\t\t\t<\/div>\n\t\t\t\t<div class=\"elementor-element elementor-element-c9e97ec color-scheme-inherit text-left elementor-widget elementor-widget-text-editor\" data-id=\"c9e97ec\" data-element_type=\"widget\" data-e-type=\"widget\" data-widget_type=\"text-editor.default\">\n\t\t\t\t<div class=\"elementor-widget-container\">\n\t\t\t\t\t\t\t\t\t<p>Die folgenden L\u00e4nder, die das Dublin-Verfahren anwenden, werden als 'Dublin-L\u00e4nder' bezeichnet:<\/p>\t\t\t\t\t\t\t\t<\/div>\n\t\t\t\t<\/div>\n\t\t\t\t<div class=\"elementor-element elementor-element-9e7b054 color-scheme-inherit text-left elementor-widget elementor-widget-text-editor\" data-id=\"9e7b054\" data-element_type=\"widget\" data-e-type=\"widget\" data-widget_type=\"text-editor.default\">\n\t\t\t\t<div class=\"elementor-widget-container\">\n\t\t\t\t\t\t\t\t\t<ul><li><span style=\"font-size: 17.6px; letter-spacing: var( --e-global-typography-text-letter-spacing ); text-transform: var( --e-global-typography-text-text-transform ); word-spacing: var( --e-global-typography-text-word-spacing ); color: var(--wd-text-color);\">\u00d6sterreich<\/span><\/li><li>Belgien<\/li><li>Kroatien<\/li><li>Zypern<\/li><li>Tschechische Republik<\/li><li>D\u00e4nemark<\/li><li>Estland<\/li><li>Frankreich<\/li><li>Italien<\/li><li>Irland<\/li><li>Island<\/li><li>Ungarn<\/li><li>Litauen<\/li><li>Luxemburg<\/li><li>Rum\u00e4nien<\/li><li>Slowakei<\/li><li>Norwegen<\/li><li>Polen<\/li><li>Portugal<\/li><li>Schweden<\/li><li>Spanien<\/li><li>Schweiz<\/li><li>Vereinigtes K\u00f6nigreich<\/li><li>Lettland<\/li><li>Liechtenstein<\/li><li>Niederlande<\/li><li>Finnland<\/li><li>Deutschland<\/li><li>Griechenland<\/li><li>Malta<\/li><li>Slowenien<\/li><\/ul>\t\t\t\t\t\t\t\t<\/div>\n\t\t\t\t<\/div>\n\t\t\t\t<div class=\"elementor-element elementor-element-f3e632d elementor-widget elementor-widget-spacer\" data-id=\"f3e632d\" data-element_type=\"widget\" data-e-type=\"widget\" data-widget_type=\"spacer.default\">\n\t\t\t\t<div class=\"elementor-widget-container\">\n\t\t\t\t\t\t\t<div class=\"elementor-spacer\">\n\t\t\t<div class=\"elementor-spacer-inner\"><\/div>\n\t\t<\/div>\n\t\t\t\t\t\t<\/div>\n\t\t\t\t<\/div>\n\t\t\t\t<div class=\"elementor-element elementor-element-3555228 elementor-widget elementor-widget-heading\" data-id=\"3555228\" data-element_type=\"widget\" data-e-type=\"widget\" data-widget_type=\"heading.default\">\n\t\t\t\t<div class=\"elementor-widget-container\">\n\t\t\t\t\t<h3 class=\"elementor-heading-title elementor-size-default\">Bedingungen f\u00fcr legale Reisen in das Land Dublin<\/h3>\t\t\t\t<\/div>\n\t\t\t\t<\/div>\n\t\t\t\t<div class=\"elementor-element elementor-element-48d2356 color-scheme-inherit text-left elementor-widget elementor-widget-text-editor\" data-id=\"48d2356\" data-element_type=\"widget\" data-e-type=\"widget\" data-widget_type=\"text-editor.default\">\n\t\t\t\t<div class=\"elementor-widget-container\">\n\t\t\t\t\t\t\t\t\t<p>Um legal in ein anderes Land zu reisen, das dem Dublin-System angeh\u00f6rt, m\u00fcssen bestimmte Bedingungen erf\u00fcllt sein. Hier sind die Kriterien, die gelten:<\/p><ul><li><strong>Minderj\u00e4hrige ohne verantwortlichen Erwachsenen:<\/strong>\u00a0wenn Sie unter 18 Jahre alt sind und nicht in Begleitung Ihrer Mutter, Ihres Vaters oder eines anderen f\u00fcr Sie verantwortlichen Erwachsenen sind, k\u00f6nnen Sie legal in ein anderes Dublin-Land reisen.<\/li><li><strong>G\u00fcltiges Aufenthaltsdokument oder Visum: <\/strong>Sie besitzen ein g\u00fcltiges Aufenthaltsdokument oder ein Visum, das von einem Dublin-Land ausgestellt wurde, oder wenn Ihr aktuelles Aufenthaltsdokument seit weniger als zwei Jahren abgelaufen ist.<\/li><li><strong>Famili\u00e4re Beziehungen in einem anderen Dublin-Land:<\/strong>\u00a0Sie sind erwachsen und haben einen Ehepartner, Lebensgef\u00e4hrten oder ein Kind unter 18 Jahren, das sich in einem anderen Dublin-Land aufh\u00e4lt, k\u00f6nnen Sie legal in dieses Land reisen.<\/li><li><strong>Besondere Umst\u00e4nde:<\/strong>\u00a0unter bestimmten besonderen Umst\u00e4nden k\u00f6nnen Sie legal in ein anderes Dublin-Land reisen. Dies gilt f\u00fcr Situationen, in denen Sie schwanger sind, ein neugeborenes Kind haben, schwer behindert, schwer krank oder alt sind und ein Familienmitglied (Elternteil, Kind, Bruder, Schwester) haben, das sich legal in einem anderen Dublin-Land aufh\u00e4lt.<\/li><li><strong>Humanit\u00e4re Gr\u00fcnde:<\/strong>\u00a0in einigen F\u00e4llen k\u00f6nnen Sie aus humanit\u00e4ren Gr\u00fcnden, insbesondere aus famili\u00e4ren oder kulturellen Gr\u00fcnden, legal in ein anderes Dublin-Land reisen. Voraussetzung ist jedoch, dass das betreffende Land Ihrem Antrag auf Aufnahme aus diesen Gr\u00fcnden zustimmt.<\/li><\/ul>\t\t\t\t\t\t\t\t<\/div>\n\t\t\t\t<\/div>\n\t\t\t\t<div class=\"elementor-element elementor-element-6551c72 elementor-widget elementor-widget-spacer\" data-id=\"6551c72\" data-element_type=\"widget\" data-e-type=\"widget\" data-widget_type=\"spacer.default\">\n\t\t\t\t<div class=\"elementor-widget-container\">\n\t\t\t\t\t\t\t<div class=\"elementor-spacer\">\n\t\t\t<div class=\"elementor-spacer-inner\"><\/div>\n\t\t<\/div>\n\t\t\t\t\t\t<\/div>\n\t\t\t\t<\/div>\n\t\t\t\t<div class=\"elementor-element elementor-element-40c38ec elementor-widget elementor-widget-heading\" data-id=\"40c38ec\" data-element_type=\"widget\" data-e-type=\"widget\" data-widget_type=\"heading.default\">\n\t\t\t\t<div class=\"elementor-widget-container\">\n\t\t\t\t\t<h3 class=\"elementor-heading-title elementor-size-default\">Die Schritte im Dublin-Verfahren<\/h3>\t\t\t\t<\/div>\n\t\t\t\t<\/div>\n\t\t\t\t<div class=\"elementor-element elementor-element-caa12c1 color-scheme-inherit text-left elementor-widget elementor-widget-text-editor\" data-id=\"caa12c1\" data-element_type=\"widget\" data-e-type=\"widget\" data-widget_type=\"text-editor.default\">\n\t\t\t\t<div class=\"elementor-widget-container\">\n\t\t\t\t\t\t\t\t\t<p>Einreichung des Asylantrags: Das Verfahren beginnt damit, dass eine Person einen Asylantrag in den Niederlanden stellt. Dies kann in einem Antragszentrum oder bei der Einwanderungs- und Einb\u00fcrgerungsbeh\u00f6rde (IND) geschehen.<\/p><ul><li><strong>Erstmalige Registrierung:<\/strong>\u00a0Nach Einreichung des Asylantrags wird die Person vom IND registriert. Dabei werden pers\u00f6nliche Daten wie Name, Geburtsdatum, Staatsangeh\u00f6rigkeit und Reiseroute erfasst. Au\u00dferdem werden ein Foto gemacht und Fingerabdr\u00fccke abgenommen.<\/li><li><strong>IND:<\/strong>\u00a0pr\u00fcft das IND, ob es Hinweise darauf gibt, dass ein anderes europ\u00e4isches Land f\u00fcr die Bearbeitung des Asylantrags zust\u00e4ndig ist.<\/li><li><strong>Transfer in das zust\u00e4ndige Land:<\/strong>\u00a0wenn sich herausstellt, dass ein anderes europ\u00e4isches Land zust\u00e4ndig ist, wird ein R\u00fcck\u00fcbernahmeersuchen an dieses Land gerichtet. Die Beh\u00f6rden dieses Landes werden kontaktiert und ein \u00dcberstellungstermin wird vereinbart.<\/li><li><strong>R\u00fcck\u00fcbernahme oder Ablehnung der R\u00fcck\u00fcbernahme:<\/strong>\u00a0kann das zust\u00e4ndige Land dem Aufnahmegesuch zustimmen. In diesem Fall wird die Person zur weiteren Bearbeitung des Asylantrags in dieses Land \u00fcberstellt. Wenn das Ersuchen abgelehnt wird, bleibt die Person in den Niederlanden und das Verfahren wird dort fortgesetzt.<\/li><li><strong>Konsultation<\/strong>: W\u00e4hrend des Dublin-Verfahrens finden regelm\u00e4\u00dfige Konsultationen und ein Informationsaustausch zwischen den betroffenen L\u00e4ndern statt. Damit soll sichergestellt werden, dass die Zust\u00e4ndigkeiten korrekt festgelegt werden und das Verfahren gem\u00e4\u00df den europ\u00e4ischen Vorschriften durchgef\u00fchrt wird.<\/li><\/ul>\t\t\t\t\t\t\t\t<\/div>\n\t\t\t\t<\/div>\n\t\t\t\t<div class=\"elementor-element elementor-element-46ef943 elementor-widget elementor-widget-spacer\" data-id=\"46ef943\" data-element_type=\"widget\" data-e-type=\"widget\" data-widget_type=\"spacer.default\">\n\t\t\t\t<div class=\"elementor-widget-container\">\n\t\t\t\t\t\t\t<div class=\"elementor-spacer\">\n\t\t\t<div class=\"elementor-spacer-inner\"><\/div>\n\t\t<\/div>\n\t\t\t\t\t\t<\/div>\n\t\t\t\t<\/div>\n\t\t\t\t<div class=\"elementor-element elementor-element-a0a622c elementor-widget elementor-widget-heading\" data-id=\"a0a622c\" data-element_type=\"widget\" data-e-type=\"widget\" data-widget_type=\"heading.default\">\n\t\t\t\t<div class=\"elementor-widget-container\">\n\t\t\t\t\t<h3 class=\"elementor-heading-title elementor-size-default\">Welche Rechte habe ich, wenn das Dublin-Verfahren abgelehnt wird?<\/h3>\t\t\t\t<\/div>\n\t\t\t\t<\/div>\n\t\t\t\t<div class=\"elementor-element elementor-element-cd5d7f8 color-scheme-inherit text-left elementor-widget elementor-widget-text-editor\" data-id=\"cd5d7f8\" data-element_type=\"widget\" data-e-type=\"widget\" data-widget_type=\"text-editor.default\">\n\t\t\t\t<div class=\"elementor-widget-container\">\n\t\t\t\t\t\t\t\t\t<p>Wenn das Dublin-Verfahren abgelehnt wird, ist es wichtig zu wissen, dass Sie immer noch bestimmte Rechte haben und dass es weitere Schritte gibt, die Sie unternehmen k\u00f6nnen, um Ihre Situation anzufechten und Ihr Recht auf Asyl zu verteidigen. Hier sind einige wichtige Aspekte Ihrer Rechte nach einer Ablehnung im Dublin-Verfahren:<\/p><ul><li><strong>Recht auf Information:<\/strong>\u00a0 hat das Recht, klar \u00fcber die Gr\u00fcnde f\u00fcr die Ablehnung Ihres Dublin-Antrags informiert zu werden. Dazu geh\u00f6ren auch die spezifischen Argumente und Fakten, die zu dieser Entscheidung gef\u00fchrt haben.<\/li><li><strong>Recht auf Berufung:<\/strong>\u00a0in den meisten F\u00e4llen haben Sie das Recht, gegen die Entscheidung, Ihren Fall abzulehnen, Berufung einzulegen. Da dies innerhalb einer bestimmten Frist geschehen muss, ist es wichtig, dass Sie sich schnell rechtlich beraten lassen.<\/li><li><strong>Das Recht zu bleiben:<\/strong>\u00a0In einigen F\u00e4llen kann Ihnen ein vor\u00fcbergehendes Aufenthaltsrecht in dem Land gew\u00e4hrt werden, in dem Ihr Dublin-Verfahren abgelehnt wurde. Dies kann der Fall sein, wenn in dem Land, in das Sie \u00fcberstellt werden, Risiken f\u00fcr Ihre Sicherheit oder Ihr Wohlergehen bestehen.<\/li><\/ul>\t\t\t\t\t\t\t\t<\/div>\n\t\t\t\t<\/div>\n\t\t\t\t<div class=\"elementor-element elementor-element-be3558d elementor-widget elementor-widget-spacer\" data-id=\"be3558d\" data-element_type=\"widget\" data-e-type=\"widget\" data-widget_type=\"spacer.default\">\n\t\t\t\t<div class=\"elementor-widget-container\">\n\t\t\t\t\t\t\t<div class=\"elementor-spacer\">\n\t\t\t<div class=\"elementor-spacer-inner\"><\/div>\n\t\t<\/div>\n\t\t\t\t\t\t<\/div>\n\t\t\t\t<\/div>\n\t\t\t\t<div class=\"elementor-element elementor-element-4ee9824 elementor-widget elementor-widget-heading\" data-id=\"4ee9824\" data-element_type=\"widget\" data-e-type=\"widget\" data-widget_type=\"heading.default\">\n\t\t\t\t<div class=\"elementor-widget-container\">\n\t\t\t\t\t<h3 class=\"elementor-heading-title elementor-size-default\">Rechtsanwalt Dublin Verfahren <\/h3>\t\t\t\t<\/div>\n\t\t\t\t<\/div>\n\t\t\t\t<div class=\"elementor-element elementor-element-2218dbb color-scheme-inherit text-left elementor-widget elementor-widget-text-editor\" data-id=\"2218dbb\" data-element_type=\"widget\" data-e-type=\"widget\" data-widget_type=\"text-editor.default\">\n\t\t\t\t<div class=\"elementor-widget-container\">\n\t\t\t\t\t\t\t\t\t<p>Bei komplizierten Prozessen wie dem Dublin-Verfahren ist es ratsam, einen Anwalt zu Rate zu ziehen.<\/p><p>Die Anwaltskanzlei Der Bedrosian verf\u00fcgt \u00fcber auf Asylrecht spezialisierte Anw\u00e4lte, die Sie beraten. Wir wissen, dass jede Situation einzigartig ist, und analysieren Ihre Situation, um Sie fachkundig beraten zu k\u00f6nnen. Wir beantworten Ihre Fragen, informieren Sie \u00fcber Ihre Rechte und begleiten Sie durch das Verfahren.<\/p><p>Kontaktieren Sie uns f\u00fcr eine kostenlose Beratung und Besprechung Ihres Falles.<\/p>\t\t\t\t\t\t\t\t<\/div>\n\t\t\t\t<\/div>\n\t\t\t\t\t<\/div>\n\t\t\t\t<\/div>\n\t\t\t\t<\/div>","protected":false},"excerpt":{"rendered":"<p>Asylrecht Dublin-Verfahren Asyl Dublin-Verfahren ind Anwalt Asylrecht Dublin-Verfahren Asylrecht Anwalt Enschede Asylrecht Anwalt Overijssel Asylrecht Enschede Anwalt<\/p>","protected":false},"author":1,"featured_media":0,"parent":10757,"menu_order":0,"comment_status":"closed","ping_status":"closed","template":"","meta":{"footnotes":""},"class_list":["post-10765","page","type-page","status-publish","hentry"],"_links":{"self":[{"href":"https:\/\/www.derbedrosian.nl\/de\/wp-json\/wp\/v2\/pages\/10765","targetHints":{"allow":["GET"]}}],"collection":[{"href":"https:\/\/www.derbedrosian.nl\/de\/wp-json\/wp\/v2\/pages"}],"about":[{"href":"https:\/\/www.derbedrosian.nl\/de\/wp-json\/wp\/v2\/types\/page"}],"author":[{"embeddable":true,"href":"https:\/\/www.derbedrosian.nl\/de\/wp-json\/wp\/v2\/users\/1"}],"replies":[{"embeddable":true,"href":"https:\/\/www.derbedrosian.nl\/de\/wp-json\/wp\/v2\/comments?post=10765"}],"version-history":[{"count":0,"href":"https:\/\/www.derbedrosian.nl\/de\/wp-json\/wp\/v2\/pages\/10765\/revisions"}],"up":[{"embeddable":true,"href":"https:\/\/www.derbedrosian.nl\/de\/wp-json\/wp\/v2\/pages\/10757"}],"wp:attachment":[{"href":"https:\/\/www.derbedrosian.nl\/de\/wp-json\/wp\/v2\/media?parent=10765"}],"curies":[{"name":"wp","href":"https:\/\/api.w.org\/{rel}","templated":true}]}}