{"id":10717,"date":"2023-05-26T16:50:04","date_gmt":"2023-05-26T14:50:04","guid":{"rendered":"https:\/\/derbedrosian.nl\/?page_id=10717"},"modified":"2025-12-21T16:08:47","modified_gmt":"2025-12-21T14:08:47","slug":"aufenthaltserlaubnis-selbstandiger","status":"publish","type":"page","link":"https:\/\/www.derbedrosian.nl\/de\/rechtsgebieden\/vreemdelingenrecht\/verblijfsvergunning-zelfstandige-ondernemer\/","title":{"rendered":"Aufenthaltserlaubnis Selbst\u00e4ndiger Unternehmer"},"content":{"rendered":"<div data-elementor-type=\"wp-page\" data-elementor-id=\"10717\" class=\"elementor elementor-10717\" data-elementor-post-type=\"page\">\n\t\t\t\t<div class=\"wd-negative-gap elementor-element elementor-element-88bd715 e-flex e-con-boxed e-con e-parent\" data-id=\"88bd715\" data-element_type=\"container\" data-e-type=\"container\">\n\t\t\t\t\t<div class=\"e-con-inner\">\n\t\t\t\t<div class=\"elementor-element elementor-element-d086250 elementor-hidden-desktop elementor-hidden-tablet elementor-hidden-mobile elementor-widget elementor-widget-wd_image_or_svg\" data-id=\"d086250\" data-element_type=\"widget\" data-e-type=\"widget\" id=\"seo-word\" data-widget_type=\"wd_image_or_svg.default\">\n\t\t\t\t<div class=\"elementor-widget-container\">\n\t\t\t\t\t\n\t\t<div class=\"wd-image text-left\">\n\t\t\t\t\t\t\t\t<img loading=\"lazy\" decoding=\"async\" width=\"1000\" height=\"667\" src=\"https:\/\/www.derbedrosian.nl\/wp-content\/uploads\/rechtsgebied-verblijfsvergunning-zelfstandige-ondernemer.jpg\" class=\"attachment-full size-full\" alt=\"Antrag auf Aufenthaltsgenehmigung Selbst\u00e4ndiger ind Anwalt Ausl\u00e4nderrecht\" srcset=\"https:\/\/www.derbedrosian.nl\/wp-content\/uploads\/rechtsgebied-verblijfsvergunning-zelfstandige-ondernemer.jpg 1000w, https:\/\/www.derbedrosian.nl\/wp-content\/uploads\/rechtsgebied-verblijfsvergunning-zelfstandige-ondernemer-400x267.jpg 400w, https:\/\/www.derbedrosian.nl\/wp-content\/uploads\/rechtsgebied-verblijfsvergunning-zelfstandige-ondernemer-768x512.jpg 768w\" sizes=\"auto, (max-width: 1000px) 100vw, 1000px\" title=\"\">\t\t\t\t\t<\/div>\n\n\t\t\t\t\t\t<\/div>\n\t\t\t\t<\/div>\n\t\t\t\t<div class=\"elementor-element elementor-element-8756ea9 elementor-hidden-desktop elementor-hidden-tablet elementor-hidden-mobile elementor-widget elementor-widget-heading\" data-id=\"8756ea9\" data-element_type=\"widget\" data-e-type=\"widget\" id=\"seo-word\" data-widget_type=\"heading.default\">\n\t\t\t\t<div class=\"elementor-widget-container\">\n\t\t\t\t\t<h2 class=\"elementor-heading-title elementor-size-default\">Einwanderungsgesetz<\/h2>\t\t\t\t<\/div>\n\t\t\t\t<\/div>\n\t\t\t\t<div class=\"elementor-element elementor-element-cc89742 elementor-hidden-desktop elementor-hidden-tablet elementor-hidden-mobile elementor-widget elementor-widget-heading\" data-id=\"cc89742\" data-element_type=\"widget\" data-e-type=\"widget\" id=\"seo-word\" data-widget_type=\"heading.default\">\n\t\t\t\t<div class=\"elementor-widget-container\">\n\t\t\t\t\t<h5 class=\"elementor-heading-title elementor-size-default\">Beantragung einer Aufenthaltsgenehmigung zur Aufnahme einer selbst\u00e4ndigen T\u00e4tigkeit<\/h5>\t\t\t\t<\/div>\n\t\t\t\t<\/div>\n\t\t\t\t<div class=\"elementor-element elementor-element-bc46928 elementor-hidden-desktop elementor-hidden-tablet elementor-hidden-mobile elementor-widget elementor-widget-heading\" data-id=\"bc46928\" data-element_type=\"widget\" data-e-type=\"widget\" id=\"seo-word\" data-widget_type=\"heading.default\">\n\t\t\t\t<div class=\"elementor-widget-container\">\n\t\t\t\t\t<h5 class=\"elementor-heading-title elementor-size-default\">ind Aufenthaltstitel Selbst\u00e4ndiger<\/h5>\t\t\t\t<\/div>\n\t\t\t\t<\/div>\n\t\t\t\t<div class=\"elementor-element elementor-element-14ad2ae elementor-hidden-desktop elementor-hidden-tablet elementor-hidden-mobile elementor-widget elementor-widget-heading\" data-id=\"14ad2ae\" data-element_type=\"widget\" data-e-type=\"widget\" id=\"seo-word\" data-widget_type=\"heading.default\">\n\t\t\t\t<div class=\"elementor-widget-container\">\n\t\t\t\t\t<h5 class=\"elementor-heading-title elementor-size-default\">Punktesystem<\/h5>\t\t\t\t<\/div>\n\t\t\t\t<\/div>\n\t\t\t\t<div class=\"elementor-element elementor-element-4efe020 elementor-hidden-desktop elementor-hidden-tablet elementor-hidden-mobile elementor-widget elementor-widget-heading\" data-id=\"4efe020\" data-element_type=\"widget\" data-e-type=\"widget\" id=\"seo-word\" data-widget_type=\"heading.default\">\n\t\t\t\t<div class=\"elementor-widget-container\">\n\t\t\t\t\t<h5 class=\"elementor-heading-title elementor-size-default\">Anwalt f\u00fcr Einwanderungsrecht enschede<\/h5>\t\t\t\t<\/div>\n\t\t\t\t<\/div>\n\t\t\t\t<div class=\"elementor-element elementor-element-8097bb2 elementor-hidden-desktop elementor-hidden-tablet elementor-hidden-mobile elementor-widget elementor-widget-heading\" data-id=\"8097bb2\" data-element_type=\"widget\" data-e-type=\"widget\" id=\"seo-word\" data-widget_type=\"heading.default\">\n\t\t\t\t<div class=\"elementor-widget-container\">\n\t\t\t\t\t<h5 class=\"elementor-heading-title elementor-size-default\">Anwalt f\u00fcr Einwanderungsrecht Overijssel<\/h5>\t\t\t\t<\/div>\n\t\t\t\t<\/div>\n\t\t\t\t<div class=\"elementor-element elementor-element-873cf86 elementor-hidden-desktop elementor-hidden-tablet elementor-hidden-mobile elementor-widget elementor-widget-heading\" data-id=\"873cf86\" data-element_type=\"widget\" data-e-type=\"widget\" id=\"seo-word\" data-widget_type=\"heading.default\">\n\t\t\t\t<div class=\"elementor-widget-container\">\n\t\t\t\t\t<h5 class=\"elementor-heading-title elementor-size-default\">ausl\u00e4nderrecht enschede<\/h5>\t\t\t\t<\/div>\n\t\t\t\t<\/div>\n\t\t\t\t<div class=\"elementor-element elementor-element-e56016a elementor-hidden-desktop elementor-hidden-tablet elementor-hidden-mobile elementor-widget elementor-widget-heading\" data-id=\"e56016a\" data-element_type=\"widget\" data-e-type=\"widget\" id=\"seo-word\" data-widget_type=\"heading.default\">\n\t\t\t\t<div class=\"elementor-widget-container\">\n\t\t\t\t\t<h5 class=\"elementor-heading-title elementor-size-default\">Anwalt enschede Ausl\u00e4nderrecht<\/h5>\t\t\t\t<\/div>\n\t\t\t\t<\/div>\n\t\t\t\t<div class=\"elementor-element elementor-element-ec191a7 elementor-hidden-desktop elementor-hidden-tablet elementor-hidden-mobile elementor-widget elementor-widget-heading\" data-id=\"ec191a7\" data-element_type=\"widget\" data-e-type=\"widget\" id=\"seo-word\" data-widget_type=\"heading.default\">\n\t\t\t\t<div class=\"elementor-widget-container\">\n\t\t\t\t\t<h5 class=\"elementor-heading-title elementor-size-default\">als ausl\u00e4ndischer Unternehmer f\u00fcr einen Festpreis und das Recht auf legale Weitergabe<\/h5>\t\t\t\t<\/div>\n\t\t\t\t<\/div>\n\t\t\t\t<div class=\"elementor-element elementor-element-5740c84 elementor-hidden-desktop elementor-hidden-tablet elementor-hidden-mobile elementor-widget elementor-widget-heading\" data-id=\"5740c84\" data-element_type=\"widget\" data-e-type=\"widget\" id=\"seo-word\" data-widget_type=\"heading.default\">\n\t\t\t\t<div class=\"elementor-widget-container\">\n\t\t\t\t\t<h5 class=\"elementor-heading-title elementor-size-default\">Die Beantragung einer Aufenthaltsgenehmigung als Selbst\u00e4ndiger in den Niederlanden ist ein Verfahren, das auf einem Punktesystem basiert. Der Einwanderungs- und Einb\u00fcrgerungsdienst (IND) hat bestimmte Kriterien, die Sie erf\u00fcllen m\u00fcssen, um eine solche Aufenthaltsgenehmigung zu erhalten.\n\nDerbedrosian Aliens Lawyers in Enschede und Overijssel wei\u00df, wie wichtig es ist, eine Aufenthaltsgenehmigung als Selbst\u00e4ndiger korrekt zu beantragen und das Punktesystem einzuhalten. Unsere spezialisierten Einwanderungsanw\u00e4lte k\u00f6nnen Sie w\u00e4hrend des gesamten Prozesses beraten und begleiten, um sicherzustellen, dass Sie die Anforderungen erf\u00fcllen.\n\nEgal, ob Sie gerade dabei sind, einen Antrag beim IND zu stellen, oder ob Sie weitere Informationen \u00fcber das Punktesystem und die Voraussetzungen f\u00fcr eine Aufenthaltserlaubnis als Selbst\u00e4ndiger w\u00fcnschen, z\u00f6gern Sie nicht, Derbedrosian Immigration Lawyers zu kontaktieren. Wir sind bereit, Ihnen zu helfen und sicherzustellen, dass Ihr Antrag alle rechtlichen Anforderungen erf\u00fcllt, damit Sie als selbst\u00e4ndiger Unternehmer in den Niederlanden bleiben k\u00f6nnen.<\/h5>\t\t\t\t<\/div>\n\t\t\t\t<\/div>\n\t\t\t\t<div class=\"elementor-element elementor-element-6786bb8 elementor-widget elementor-widget-heading\" data-id=\"6786bb8\" data-element_type=\"widget\" data-e-type=\"widget\" data-widget_type=\"heading.default\">\n\t\t\t\t<div class=\"elementor-widget-container\">\n\t\t\t\t\t<h3 class=\"elementor-heading-title elementor-size-default\">Was versteht man unter einem \"Aufenthaltstitel Selbst\u00e4ndiger Unternehmer\"?<\/h3>\t\t\t\t<\/div>\n\t\t\t\t<\/div>\n\t\t\t\t<div class=\"elementor-element elementor-element-38ba973 color-scheme-inherit text-left elementor-widget elementor-widget-text-editor\" data-id=\"38ba973\" data-element_type=\"widget\" data-e-type=\"widget\" data-widget_type=\"text-editor.default\">\n\t\t\t\t<div class=\"elementor-widget-container\">\n\t\t\t\t\t\t\t\t\t<p>Eine 'Aufenthaltsgenehmigung Selbst\u00e4ndiger Unternehmer' in den Niederlanden ist eine Genehmigung, die ausl\u00e4ndischen Unternehmern das Recht gibt, hier zu leben und ihr eigenes Unternehmen zu f\u00fchren. Diese Genehmigung soll Unternehmern die M\u00f6glichkeit geben, einen Beitrag zur niederl\u00e4ndischen Wirtschaft und zur Innovation zu leisten. Um sich f\u00fcr diese Genehmigung zu qualifizieren, m\u00fcssen die Antragsteller strenge Bedingungen erf\u00fcllen und unter anderem Punkte in einem Punktesystem sammeln.<\/p>\t\t\t\t\t\t\t\t<\/div>\n\t\t\t\t<\/div>\n\t\t\t\t<div class=\"elementor-element elementor-element-789e398 elementor-widget elementor-widget-spacer\" data-id=\"789e398\" data-element_type=\"widget\" data-e-type=\"widget\" data-widget_type=\"spacer.default\">\n\t\t\t\t<div class=\"elementor-widget-container\">\n\t\t\t\t\t\t\t<div class=\"elementor-spacer\">\n\t\t\t<div class=\"elementor-spacer-inner\"><\/div>\n\t\t<\/div>\n\t\t\t\t\t\t<\/div>\n\t\t\t\t<\/div>\n\t\t\t\t<div class=\"elementor-element elementor-element-67f26fa elementor-widget elementor-widget-heading\" data-id=\"67f26fa\" data-element_type=\"widget\" data-e-type=\"widget\" data-widget_type=\"heading.default\">\n\t\t\t\t<div class=\"elementor-widget-container\">\n\t\t\t\t\t<h3 class=\"elementor-heading-title elementor-size-default\">Bedingungen f\u00fcr die Aufenthaltserlaubnis f\u00fcr selbst\u00e4ndige Unternehmer<\/h3>\t\t\t\t<\/div>\n\t\t\t\t<\/div>\n\t\t\t\t<div class=\"elementor-element elementor-element-3a442a2 color-scheme-inherit text-left elementor-widget elementor-widget-text-editor\" data-id=\"3a442a2\" data-element_type=\"widget\" data-e-type=\"widget\" data-widget_type=\"text-editor.default\">\n\t\t\t\t<div class=\"elementor-widget-container\">\n\t\t\t\t\t\t\t\t\t<p>Um eine Aufenthaltsgenehmigung als Selbst\u00e4ndiger in den Niederlanden zu erhalten, m\u00fcssen Sie bestimmte Bedingungen erf\u00fcllen, die sorgf\u00e4ltig beachtet werden m\u00fcssen. Wir erl\u00e4utern diese Bedingungen im Folgenden n\u00e4her:<\/p><ul><li><strong>Positiver Beitrag zur Marktwirtschaft:<\/strong>\u00a0Zun\u00e4chst einmal muss Ihr Unternehmen eindeutig einen positiven Beitrag zur wirtschaftlichen Entwicklung der Niederlande leisten. Ihre Gesch\u00e4ftsaktivit\u00e4ten sollten auf die Schaffung von Mehrwert und Wachstum ausgerichtet sein, und Sie sollten \u00fcber eine solide Strategie verf\u00fcgen, um diese Ziele zu erreichen.<\/li><li><strong>Herkunftsland:<\/strong>\u00a0das Herkunftsland kann sich auf Ihre Bewerbung auswirken. Es ist wichtig zu wissen, dass es einige europ\u00e4ische L\u00e4nder wie Norwegen, Island, die Schweiz und Liechtenstein gibt, deren Einwohner ohne besondere Erlaubnis in die Niederlande kommen k\u00f6nnen, um als Selbstst\u00e4ndige zu arbeiten. Wenn Sie nicht aus einem dieser L\u00e4nder stammen, m\u00fcssen Sie strenge Regeln und Bedingungen erf\u00fcllen, um eine Aufenthaltsgenehmigung zu erhalten.<\/li><li><strong>Das Punktesystem:\u00a0<\/strong>Um eine Aufenthaltsgenehmigung als selbst\u00e4ndiger Unternehmer in den Niederlanden zu erhalten, m\u00fcssen Sie nachweisen, dass Ihr Unternehmen wirklich n\u00fctzlich f\u00fcr die Niederlande ist. Die Einwanderungs- und Einb\u00fcrgerungsbeh\u00f6rde (IND) verwendet dazu ein 'Punktesystem'. Bei diesem System werden mehrere Dinge ber\u00fccksichtigt, wie z.B. Ihr Gesch\u00e4ftsplan, Ihre Erfahrung und die Frage, wie Ihr Unternehmen der niederl\u00e4ndischen Wirtschaft helfen wird. Wir werden das Punktesystem weiter unten gesondert erl\u00e4utern.<\/li><\/ul>\t\t\t\t\t\t\t\t<\/div>\n\t\t\t\t<\/div>\n\t\t\t\t<div class=\"elementor-element elementor-element-152233f elementor-widget elementor-widget-spacer\" data-id=\"152233f\" data-element_type=\"widget\" data-e-type=\"widget\" data-widget_type=\"spacer.default\">\n\t\t\t\t<div class=\"elementor-widget-container\">\n\t\t\t\t\t\t\t<div class=\"elementor-spacer\">\n\t\t\t<div class=\"elementor-spacer-inner\"><\/div>\n\t\t<\/div>\n\t\t\t\t\t\t<\/div>\n\t\t\t\t<\/div>\n\t\t\t\t<div class=\"elementor-element elementor-element-fbf620d elementor-widget elementor-widget-heading\" data-id=\"fbf620d\" data-element_type=\"widget\" data-e-type=\"widget\" data-widget_type=\"heading.default\">\n\t\t\t\t<div class=\"elementor-widget-container\">\n\t\t\t\t\t<h3 class=\"elementor-heading-title elementor-size-default\">Das Punktesystem<\/h3>\t\t\t\t<\/div>\n\t\t\t\t<\/div>\n\t\t\t\t<div class=\"elementor-element elementor-element-eb8d7e5 color-scheme-inherit text-left elementor-widget elementor-widget-text-editor\" data-id=\"eb8d7e5\" data-element_type=\"widget\" data-e-type=\"widget\" data-widget_type=\"text-editor.default\">\n\t\t\t\t<div class=\"elementor-widget-container\">\n\t\t\t\t\t\t\t\t\t<p>Um als selbst\u00e4ndiger Unternehmer in den Niederlanden bleiben zu k\u00f6nnen, m\u00fcssen Sie nachweisen, dass Ihr Unternehmen einen Nutzen f\u00fcr die Niederlande bringt. Das IND bewertet dies anhand eines \"Punktesystems\".<br \/>Das Punktesystem besteht aus drei Teilen:<\/p><ul><li><strong>Gesch\u00e4ftsplan:<\/strong> hier geht es um die Pl\u00e4ne f\u00fcr Ihr Unternehmen, z. B. wie viele Menschen Sie erreichen wollen, wie Sie es organisieren und wie Sie es finanzieren wollen.<\/li><li><strong>Pers\u00f6nliche Erfahrung:<\/strong> Dabei wird gepr\u00fcft, wie gut Sie die Niederlande kennen, welche Ausbildung Sie haben und welche Erfahrung Sie als Unternehmer haben.<\/li><li><strong>Zus\u00e4tzlicher Nutzen f\u00fcr die Niederlande:<\/strong> Das bedeutet, dass sie darauf achten, wie innovativ Sie sind oder ob Sie Arbeitspl\u00e4tze schaffen.<\/li><\/ul><p>Um eine Lizenz als Selbst\u00e4ndiger zu erhalten, m\u00fcssen Sie insgesamt mindestens 90 Punkte erreichen, wobei Sie f\u00fcr jeden Abschnitt mindestens 30 Punkte erreichen m\u00fcssen. Wenn Sie gut ausgebildet sind und in den ersten beiden Abschnitten (Gesch\u00e4ftsplan und pers\u00f6nliche Erfahrung) mindestens 45 Punkte erreichen, brauchen Sie f\u00fcr den dritten Abschnitt keine weiteren Punkte zu erzielen.<\/p>\t\t\t\t\t\t\t\t<\/div>\n\t\t\t\t<\/div>\n\t\t\t\t<div class=\"elementor-element elementor-element-af86f84 elementor-widget elementor-widget-spacer\" data-id=\"af86f84\" data-element_type=\"widget\" data-e-type=\"widget\" data-widget_type=\"spacer.default\">\n\t\t\t\t<div class=\"elementor-widget-container\">\n\t\t\t\t\t\t\t<div class=\"elementor-spacer\">\n\t\t\t<div class=\"elementor-spacer-inner\"><\/div>\n\t\t<\/div>\n\t\t\t\t\t\t<\/div>\n\t\t\t\t<\/div>\n\t\t\t\t<div class=\"elementor-element elementor-element-7c0e3d5 elementor-widget elementor-widget-heading\" data-id=\"7c0e3d5\" data-element_type=\"widget\" data-e-type=\"widget\" data-widget_type=\"heading.default\">\n\t\t\t\t<div class=\"elementor-widget-container\">\n\t\t\t\t\t<h3 class=\"elementor-heading-title elementor-size-default\">Verfahren f\u00fcr die Aufenthaltserlaubnis f\u00fcr selbst\u00e4ndige Unternehmer<\/h3>\t\t\t\t<\/div>\n\t\t\t\t<\/div>\n\t\t\t\t<div class=\"elementor-element elementor-element-2777105 color-scheme-inherit text-left elementor-widget elementor-widget-text-editor\" data-id=\"2777105\" data-element_type=\"widget\" data-e-type=\"widget\" data-widget_type=\"text-editor.default\">\n\t\t\t\t<div class=\"elementor-widget-container\">\n\t\t\t\t\t\t\t\t\t<p>Das Verfahren zur Erlangung einer Aufenthaltsgenehmigung f\u00fcr eine selbst\u00e4ndige T\u00e4tigkeit in den Niederlanden umfasst mehrere Schritte, die wir im Folgenden kurz erl\u00e4utern.<\/p><ul><li><strong>Sammeln von Dokumenten:<\/strong>\u00a0der erste Schritt besteht darin, dass Sie alle erforderlichen Dokumente sorgf\u00e4ltig pr\u00fcfen und sammeln. Es ist wichtig, dass alle offiziellen ausl\u00e4ndischen Dokumente vor der Einreichung legalisiert und ins Niederl\u00e4ndische \u00fcbersetzt werden.<\/li><li><strong>Bewerbung einreichen:<\/strong>\u00a0stellen Sie dann einen schriftlichen Antrag auf Erteilung der Aufenthaltsgenehmigung. Dieser Antrag muss innerhalb von 3 Monaten nach der Ankunft in den Niederlanden eingereicht werden. Alle erforderlichen Unterlagen m\u00fcssen dem Antrag beigef\u00fcgt werden. Die Antragsgeb\u00fchr betr\u00e4gt<\/li><li><strong>Bezahlung:<\/strong>\u00a0bitte beachten Sie, dass f\u00fcr die Bewerbung eine Geb\u00fchr von 350,00 \u20ac anf\u00e4llt. Es ist wichtig, dass Sie diese Geb\u00fchr korrekt bezahlen.<\/li><li><strong>Entscheidung der IND:<\/strong>\u00a0Der Immigration and Naturalisation Service (IND) wird Ihren Antrag pr\u00fcfen und ist gesetzlich verpflichtet, innerhalb von 90 Tagen eine Entscheidung zu treffen. Die IND wird Sie benachrichtigen, wenn die Entscheidung verl\u00e4ngert wird oder wenn Informationen zu Ihrem Antrag fehlen.<\/li><li><strong>Entscheidung erhalten:<\/strong>\u00a0Nach der Pr\u00fcfung erhalten Sie eine schriftliche Mitteilung mit der Entscheidung, die positiv oder negativ ausfallen kann. Im Falle einer positiven Entscheidung erhalten Sie die 'Aufenthaltsgenehmigung Selbst\u00e4ndiger Unternehmer'. Im Falle einer negativen Entscheidung haben Sie die M\u00f6glichkeit, gegen die Entscheidung des IND Einspruch zu erheben.<\/li><li><strong>Einholung der Aufenthaltsgenehmigung:<\/strong>\u00a0Wenn die Entscheidung des IND positiv ausf\u00e4llt, erhalten Sie eine schriftliche Benachrichtigung, aus der hervorgeht, wann die Aufenthaltsgenehmigung am IND-Schalter zur Abholung bereit liegt. Bitte beachten Sie, dass die Abholung Ihrer Aufenthaltsgenehmigung nur nach Terminvereinbarung m\u00f6glich ist.<\/li><\/ul>\t\t\t\t\t\t\t\t<\/div>\n\t\t\t\t<\/div>\n\t\t\t\t<div class=\"elementor-element elementor-element-7b3abb0 elementor-widget elementor-widget-spacer\" data-id=\"7b3abb0\" data-element_type=\"widget\" data-e-type=\"widget\" data-widget_type=\"spacer.default\">\n\t\t\t\t<div class=\"elementor-widget-container\">\n\t\t\t\t\t\t\t<div class=\"elementor-spacer\">\n\t\t\t<div class=\"elementor-spacer-inner\"><\/div>\n\t\t<\/div>\n\t\t\t\t\t\t<\/div>\n\t\t\t\t<\/div>\n\t\t\t\t<div class=\"elementor-element elementor-element-6e135cf elementor-widget elementor-widget-heading\" data-id=\"6e135cf\" data-element_type=\"widget\" data-e-type=\"widget\" data-widget_type=\"heading.default\">\n\t\t\t\t<div class=\"elementor-widget-container\">\n\t\t\t\t\t<h3 class=\"elementor-heading-title elementor-size-default\">Aufenthaltserlaubnis f\u00fcr selbst\u00e4ndige Rechtsanw\u00e4lte<\/h3>\t\t\t\t<\/div>\n\t\t\t\t<\/div>\n\t\t\t\t<div class=\"elementor-element elementor-element-fa51cf7 color-scheme-inherit text-left elementor-widget elementor-widget-text-editor\" data-id=\"fa51cf7\" data-element_type=\"widget\" data-e-type=\"widget\" data-widget_type=\"text-editor.default\">\n\t\t\t\t<div class=\"elementor-widget-container\">\n\t\t\t\t\t\t\t\t\t<p>Dieser ganze Prozess kann einen erheblichen Teil Ihrer kostbaren Zeit in Anspruch nehmen. Die Anwaltskanzlei Der Bedrosian besteht aus<a href=\"https:\/\/www.derbedrosian.nl\/de\/rechtsanwalte-2\/\"> erfahrene Anw\u00e4lte<\/a> mit Spezialisierung auf die <a href=\"https:\/\/www.derbedrosian.nl\/de\/gerichtsbarkeiten\/einwanderungsgesetz\/\">Einwanderungsgesetz.<\/a><\/p><p>Kontaktieren Sie uns noch heute und lassen Sie uns Ihnen auf dem Weg zu einer erfolgreichen Bewerbung helfen.<\/p>\t\t\t\t\t\t\t\t<\/div>\n\t\t\t\t<\/div>\n\t\t\t\t\t<\/div>\n\t\t\t\t<\/div>\n\t\t\t\t<\/div>","protected":false},"excerpt":{"rendered":"<p>vreemdelingenrecht verblijfsvergunning zelfstandig ondernemer aanvragen ind verblijfsvergunning zelfstandig ondernemer puntensysteem vreemdelingenrecht advocaat enschede vreemdelingenrecht advocaat overijssel vreemdelingenrecht enschede advocaat enschede<\/p>","protected":false},"author":1,"featured_media":0,"parent":10627,"menu_order":0,"comment_status":"closed","ping_status":"closed","template":"","meta":{"footnotes":""},"class_list":["post-10717","page","type-page","status-publish","hentry"],"_links":{"self":[{"href":"https:\/\/www.derbedrosian.nl\/de\/wp-json\/wp\/v2\/pages\/10717","targetHints":{"allow":["GET"]}}],"collection":[{"href":"https:\/\/www.derbedrosian.nl\/de\/wp-json\/wp\/v2\/pages"}],"about":[{"href":"https:\/\/www.derbedrosian.nl\/de\/wp-json\/wp\/v2\/types\/page"}],"author":[{"embeddable":true,"href":"https:\/\/www.derbedrosian.nl\/de\/wp-json\/wp\/v2\/users\/1"}],"replies":[{"embeddable":true,"href":"https:\/\/www.derbedrosian.nl\/de\/wp-json\/wp\/v2\/comments?post=10717"}],"version-history":[{"count":0,"href":"https:\/\/www.derbedrosian.nl\/de\/wp-json\/wp\/v2\/pages\/10717\/revisions"}],"up":[{"embeddable":true,"href":"https:\/\/www.derbedrosian.nl\/de\/wp-json\/wp\/v2\/pages\/10627"}],"wp:attachment":[{"href":"https:\/\/www.derbedrosian.nl\/de\/wp-json\/wp\/v2\/media?parent=10717"}],"curies":[{"name":"wp","href":"https:\/\/api.w.org\/{rel}","templated":true}]}}