{"id":10712,"date":"2023-05-26T16:47:20","date_gmt":"2023-05-26T14:47:20","guid":{"rendered":"https:\/\/derbedrosian.nl\/?page_id=10712"},"modified":"2025-12-21T16:07:56","modified_gmt":"2025-12-21T14:07:56","slug":"studie-zur-aufenthaltsgenehmigung","status":"publish","type":"page","link":"https:\/\/www.derbedrosian.nl\/de\/rechtsgebieden\/vreemdelingenrecht\/verblijfsvergunning-studie\/","title":{"rendered":"Studie zur Aufenthaltsgenehmigung"},"content":{"rendered":"<div data-elementor-type=\"wp-page\" data-elementor-id=\"10712\" class=\"elementor elementor-10712\" data-elementor-post-type=\"page\">\n\t\t\t\t<div class=\"wd-negative-gap elementor-element elementor-element-f296063 e-flex e-con-boxed e-con e-parent\" data-id=\"f296063\" data-element_type=\"container\" data-e-type=\"container\">\n\t\t\t\t\t<div class=\"e-con-inner\">\n\t\t\t\t<div class=\"elementor-element elementor-element-a76e188 elementor-hidden-desktop elementor-hidden-tablet elementor-hidden-mobile elementor-widget elementor-widget-wd_image_or_svg\" data-id=\"a76e188\" data-element_type=\"widget\" data-e-type=\"widget\" id=\"seo-word\" data-widget_type=\"wd_image_or_svg.default\">\n\t\t\t\t<div class=\"elementor-widget-container\">\n\t\t\t\t\t\n\t\t<div class=\"wd-image text-left\">\n\t\t\t\t\t\t\t\t<img loading=\"lazy\" decoding=\"async\" width=\"1000\" height=\"563\" src=\"https:\/\/www.derbedrosian.nl\/wp-content\/uploads\/rechtsgebieden-verblijfsvergunning-studie.jpg\" class=\"attachment-full size-full\" alt=\"Aufenthaltsgenehmigung Studienbewerbungen Rechtsanwalt abgelehnte Ausl\u00e4nder Recht\" srcset=\"https:\/\/www.derbedrosian.nl\/wp-content\/uploads\/rechtsgebieden-verblijfsvergunning-studie.jpg 1000w, https:\/\/www.derbedrosian.nl\/wp-content\/uploads\/rechtsgebieden-verblijfsvergunning-studie-400x225.jpg 400w, https:\/\/www.derbedrosian.nl\/wp-content\/uploads\/rechtsgebieden-verblijfsvergunning-studie-768x432.jpg 768w\" sizes=\"auto, (max-width: 1000px) 100vw, 1000px\" title=\"\">\t\t\t\t\t<\/div>\n\n\t\t\t\t\t\t<\/div>\n\t\t\t\t<\/div>\n\t\t\t\t<div class=\"elementor-element elementor-element-97a8044 elementor-hidden-desktop elementor-hidden-tablet elementor-hidden-mobile elementor-widget elementor-widget-heading\" data-id=\"97a8044\" data-element_type=\"widget\" data-e-type=\"widget\" id=\"seo-word\" data-widget_type=\"heading.default\">\n\t\t\t\t<div class=\"elementor-widget-container\">\n\t\t\t\t\t<h2 class=\"elementor-heading-title elementor-size-default\">Einwanderungsgesetz<\/h2>\t\t\t\t<\/div>\n\t\t\t\t<\/div>\n\t\t\t\t<div class=\"elementor-element elementor-element-0509621 elementor-hidden-desktop elementor-hidden-tablet elementor-hidden-mobile elementor-widget elementor-widget-heading\" data-id=\"0509621\" data-element_type=\"widget\" data-e-type=\"widget\" id=\"seo-word\" data-widget_type=\"heading.default\">\n\t\t\t\t<div class=\"elementor-widget-container\">\n\t\t\t\t\t<h5 class=\"elementor-heading-title elementor-size-default\">Verfahren f\u00fcr die Aufenthaltsgenehmigung<\/h5>\t\t\t\t<\/div>\n\t\t\t\t<\/div>\n\t\t\t\t<div class=\"elementor-element elementor-element-c177cae elementor-hidden-desktop elementor-hidden-tablet elementor-hidden-mobile elementor-widget elementor-widget-heading\" data-id=\"c177cae\" data-element_type=\"widget\" data-e-type=\"widget\" id=\"seo-word\" data-widget_type=\"heading.default\">\n\t\t\t\t<div class=\"elementor-widget-container\">\n\t\t\t\t\t<h5 class=\"elementor-heading-title elementor-size-default\">Rechtsanwalt Aufenthaltsgenehmigung Studie<\/h5>\t\t\t\t<\/div>\n\t\t\t\t<\/div>\n\t\t\t\t<div class=\"elementor-element elementor-element-785dacf elementor-hidden-desktop elementor-hidden-tablet elementor-hidden-mobile elementor-widget elementor-widget-heading\" data-id=\"785dacf\" data-element_type=\"widget\" data-e-type=\"widget\" id=\"seo-word\" data-widget_type=\"heading.default\">\n\t\t\t\t<div class=\"elementor-widget-container\">\n\t\t\t\t\t<h5 class=\"elementor-heading-title elementor-size-default\">Beantragen Sie eine Aufenthaltserlaubnis zum Studium<\/h5>\t\t\t\t<\/div>\n\t\t\t\t<\/div>\n\t\t\t\t<div class=\"elementor-element elementor-element-8d5c259 elementor-hidden-desktop elementor-hidden-tablet elementor-hidden-mobile elementor-widget elementor-widget-heading\" data-id=\"8d5c259\" data-element_type=\"widget\" data-e-type=\"widget\" id=\"seo-word\" data-widget_type=\"heading.default\">\n\t\t\t\t<div class=\"elementor-widget-container\">\n\t\t\t\t\t<h5 class=\"elementor-heading-title elementor-size-default\">Anwalt f\u00fcr Einwanderungsrecht enschede<\/h5>\t\t\t\t<\/div>\n\t\t\t\t<\/div>\n\t\t\t\t<div class=\"elementor-element elementor-element-1fd74ed elementor-hidden-desktop elementor-hidden-tablet elementor-hidden-mobile elementor-widget elementor-widget-heading\" data-id=\"1fd74ed\" data-element_type=\"widget\" data-e-type=\"widget\" id=\"seo-word\" data-widget_type=\"heading.default\">\n\t\t\t\t<div class=\"elementor-widget-container\">\n\t\t\t\t\t<h5 class=\"elementor-heading-title elementor-size-default\">ausl\u00e4nderrecht enschede<\/h5>\t\t\t\t<\/div>\n\t\t\t\t<\/div>\n\t\t\t\t<div class=\"elementor-element elementor-element-f4d276d elementor-hidden-desktop elementor-hidden-tablet elementor-hidden-mobile elementor-widget elementor-widget-heading\" data-id=\"f4d276d\" data-element_type=\"widget\" data-e-type=\"widget\" id=\"seo-word\" data-widget_type=\"heading.default\">\n\t\t\t\t<div class=\"elementor-widget-container\">\n\t\t\t\t\t<h5 class=\"elementor-heading-title elementor-size-default\">Anwalt f\u00fcr Einwanderungsrecht Overijssel<\/h5>\t\t\t\t<\/div>\n\t\t\t\t<\/div>\n\t\t\t\t<div class=\"elementor-element elementor-element-f819ebd elementor-hidden-desktop elementor-hidden-tablet elementor-hidden-mobile elementor-widget elementor-widget-heading\" data-id=\"f819ebd\" data-element_type=\"widget\" data-e-type=\"widget\" id=\"seo-word\" data-widget_type=\"heading.default\">\n\t\t\t\t<div class=\"elementor-widget-container\">\n\t\t\t\t\t<h5 class=\"elementor-heading-title elementor-size-default\">Anwalt enschede Ausl\u00e4nderrecht<\/h5>\t\t\t\t<\/div>\n\t\t\t\t<\/div>\n\t\t\t\t<div class=\"elementor-element elementor-element-168a51d elementor-hidden-desktop elementor-hidden-tablet elementor-hidden-mobile elementor-widget elementor-widget-heading\" data-id=\"168a51d\" data-element_type=\"widget\" data-e-type=\"widget\" id=\"seo-word\" data-widget_type=\"heading.default\">\n\t\t\t\t<div class=\"elementor-widget-container\">\n\t\t\t\t\t<h5 class=\"elementor-heading-title elementor-size-default\">welche Regelungen gibt es zur Vereinheitlichung des Studienverlaufs aufgrund der Aufenthaltserlaubnis in Verbindung mit der Studienrichtung regul\u00e4rer Aufenthalt und der niederl\u00e4ndischen Staatsb\u00fcrgerschaft<\/h5>\t\t\t\t<\/div>\n\t\t\t\t<\/div>\n\t\t\t\t<div class=\"elementor-element elementor-element-d54f1ee elementor-hidden-desktop elementor-hidden-tablet elementor-hidden-mobile elementor-widget elementor-widget-heading\" data-id=\"d54f1ee\" data-element_type=\"widget\" data-e-type=\"widget\" id=\"seo-word\" data-widget_type=\"heading.default\">\n\t\t\t\t<div class=\"elementor-widget-container\">\n\t\t\t\t\t<h5 class=\"elementor-heading-title elementor-size-default\">Eine Aufenthaltsgenehmigung f\u00fcr ein Studium ist eine wichtige Genehmigung f\u00fcr internationale Studenten, die zum Studieren in die Niederlande kommen m\u00f6chten. Die Beantragung einer Aufenthaltsgenehmigung f\u00fcr ein Studium kann ein komplexes Verfahren sein und erfordert eine sorgf\u00e4ltige Beachtung der Regelungen zur Standardisierung des Studienverlaufs.\n\nDas Verfahren zur Beantragung einer Aufenthaltsgenehmigung f\u00fcr ein Studium umfasst bestimmte Schritte und Anforderungen, die eingehalten werden m\u00fcssen. Internationale Studenten m\u00fcssen bestimmte Vorschriften in Bezug auf ihren Studienfortschritt einhalten, um ihren Aufenthaltsstatus zu behalten.\n\nDie Einwanderungsanw\u00e4lte von Derbedrosian in Enschede und Overijssel kennen die Komplexit\u00e4t dieser Verfahren und sind bereit, internationale Studenten bei der Beantragung einer Aufenthaltsgenehmigung f\u00fcr ein Studium zu beraten und zu unterst\u00fctzen, w\u00e4hrend sie gleichzeitig die Vorschriften zur Standardisierung des Studienfortschritts einhalten.\n\nWenn Sie Fragen zum Verfahren zur Beantragung einer Aufenthaltsgenehmigung f\u00fcr ein Studium, zur Standardisierung des Studienfortschritts oder zu anderen einwanderungsrechtlichen Fragen im Zusammenhang mit einem Studium haben, z\u00f6gern Sie bitte nicht, Derbedrosian Immigration Lawyers zu kontaktieren. Wir sind f\u00fcr Sie da und sorgen daf\u00fcr, dass Ihr Aufenthaltsstatus in den Niederlanden nach den geltenden Regeln und Vorschriften geregelt wird.\n\n\n\n\n<\/h5>\t\t\t\t<\/div>\n\t\t\t\t<\/div>\n\t\t\t\t<div class=\"elementor-element elementor-element-6cb8d0b color-scheme-inherit text-left elementor-widget elementor-widget-text-editor\" data-id=\"6cb8d0b\" data-element_type=\"widget\" data-e-type=\"widget\" data-widget_type=\"text-editor.default\">\n\t\t\t\t<div class=\"elementor-widget-container\">\n\t\t\t\t\t\t\t\t\t<p><strong>Eine Aufenthaltsgenehmigung f\u00fcr ein Studium in den Niederlanden \u00f6ffnet Ihnen die T\u00fcren zu einer Welt voller akademischer M\u00f6glichkeiten und kultureller Bereicherung. F\u00fcr internationale Studenten ist der Erhalt dieser Genehmigung ein entscheidender Schritt, um legal in den Niederlanden zu studieren.<\/strong><\/p>\t\t\t\t\t\t\t\t<\/div>\n\t\t\t\t<\/div>\n\t\t\t\t<div class=\"elementor-element elementor-element-763b869 elementor-widget elementor-widget-spacer\" data-id=\"763b869\" data-element_type=\"widget\" data-e-type=\"widget\" data-widget_type=\"spacer.default\">\n\t\t\t\t<div class=\"elementor-widget-container\">\n\t\t\t\t\t\t\t<div class=\"elementor-spacer\">\n\t\t\t<div class=\"elementor-spacer-inner\"><\/div>\n\t\t<\/div>\n\t\t\t\t\t\t<\/div>\n\t\t\t\t<\/div>\n\t\t\t\t<div class=\"elementor-element elementor-element-980fea9 elementor-widget elementor-widget-heading\" data-id=\"980fea9\" data-element_type=\"widget\" data-e-type=\"widget\" data-widget_type=\"heading.default\">\n\t\t\t\t<div class=\"elementor-widget-container\">\n\t\t\t\t\t<h3 class=\"elementor-heading-title elementor-size-default\">Was beinhaltet eine \"Studie zur Aufenthaltsgenehmigung\"?<\/h3>\t\t\t\t<\/div>\n\t\t\t\t<\/div>\n\t\t\t\t<div class=\"elementor-element elementor-element-cb9e355 color-scheme-inherit text-left elementor-widget elementor-widget-text-editor\" data-id=\"cb9e355\" data-element_type=\"widget\" data-e-type=\"widget\" data-widget_type=\"text-editor.default\">\n\t\t\t\t<div class=\"elementor-widget-container\">\n\t\t\t\t\t\t\t\t\t<p>Wenn Sie in die Niederlande kommen m\u00f6chten, um zu studieren, ben\u00f6tigen Sie eine Aufenthaltsgenehmigung f\u00fcr ein Studium an einer Hochschule oder Universit\u00e4t. Diese kann nur von der Hochschule oder Universit\u00e4t beantragt werden, an der die Person zu studieren beabsichtigt.<\/p><p>Eine 'Aufenthaltsgenehmigung Studium' ist eine offizielle Erlaubnis f\u00fcr internationale Studenten, sich legal in einem anderen Land aufzuhalten und zu studieren. Im Falle der Niederlande bedeutet eine Aufenthaltsgenehmigung Studium, dass ein ausl\u00e4ndischer Student das Recht erh\u00e4lt, f\u00fcr einen bestimmten Zeitraum in den Niederlanden zu leben und zu studieren, in der Regel f\u00fcr die Dauer des von ihm besuchten Studiengangs.<\/p>\t\t\t\t\t\t\t\t<\/div>\n\t\t\t\t<\/div>\n\t\t\t\t<div class=\"elementor-element elementor-element-ec3ff2d elementor-widget elementor-widget-spacer\" data-id=\"ec3ff2d\" data-element_type=\"widget\" data-e-type=\"widget\" data-widget_type=\"spacer.default\">\n\t\t\t\t<div class=\"elementor-widget-container\">\n\t\t\t\t\t\t\t<div class=\"elementor-spacer\">\n\t\t\t<div class=\"elementor-spacer-inner\"><\/div>\n\t\t<\/div>\n\t\t\t\t\t\t<\/div>\n\t\t\t\t<\/div>\n\t\t\t\t<div class=\"elementor-element elementor-element-e0e5b20 elementor-widget elementor-widget-heading\" data-id=\"e0e5b20\" data-element_type=\"widget\" data-e-type=\"widget\" data-widget_type=\"heading.default\">\n\t\t\t\t<div class=\"elementor-widget-container\">\n\t\t\t\t\t<h3 class=\"elementor-heading-title elementor-size-default\">Aufenthaltsgenehmigung Studienbedingungen<\/h3>\t\t\t\t<\/div>\n\t\t\t\t<\/div>\n\t\t\t\t<div class=\"elementor-element elementor-element-97ee548 color-scheme-inherit text-left elementor-widget elementor-widget-text-editor\" data-id=\"97ee548\" data-element_type=\"widget\" data-e-type=\"widget\" data-widget_type=\"text-editor.default\">\n\t\t\t\t<div class=\"elementor-widget-container\">\n\t\t\t\t\t\t\t\t\t<p>Um eine Aufenthaltsgenehmigung f\u00fcr ein Studium in den Niederlanden zu erhalten, m\u00fcssen einige strenge Regeln eingehalten werden. Diese Bedingungen sind im Folgenden \u00fcbersichtlich dargestellt:<\/p><ul><li><strong>Anmeldung:<\/strong> eine der grundlegendsten Voraussetzungen ist, dass Sie sich f\u00fcr einen Vollzeit-Tageskurs an einer anerkannten niederl\u00e4ndischen Bildungseinrichtung einschreiben m\u00fcssen. Es ist wichtig zu wissen, dass Abendkurse oder schriftliche Kurse f\u00fcr diese Genehmigung nicht in Frage kommen. Ein Vollzeitstudium ist hier unerl\u00e4sslich.<\/li><li><strong>Finanzielle Sicherheit:<\/strong> Ein weiterer entscheidender Faktor ist Ihre finanzielle Situation. Wenn Sie eine Aufenthaltsgenehmigung beantragen, m\u00fcssen Sie nachweisen k\u00f6nnen, dass Sie \u00fcber ausreichende finanzielle Mittel f\u00fcr mindestens 12 Monate verf\u00fcgen. Wenn Sie planen, weniger als ein Jahr zu studieren, m\u00fcssen Sie nachweisen, dass Sie die gesamte Dauer Ihres Studiums finanzieren k\u00f6nnen. Damit ist sichergestellt, dass Sie w\u00e4hrend Ihres Studiums in den Niederlanden keine finanziellen Probleme haben werden.<\/li><li><strong>Beschr\u00e4nkung der Arbeitszeiten:<\/strong>\u00a0Sobald Sie eine Aufenthaltsgenehmigung f\u00fcr ein Studium in den Niederlanden haben, gibt es Einschr\u00e4nkungen bei der Anzahl der Stunden, die Sie arbeiten d\u00fcrfen. W\u00e4hrend des regul\u00e4ren Studienjahres, das in der Regel von September bis Juni dauert, d\u00fcrfen Sie maximal 16 Stunden pro Woche arbeiten. Diese Regelung soll sicherstellen, dass das Studium Ihre Hauptbesch\u00e4ftigung bleibt und Sie gen\u00fcgend Zeit haben, um Ihren akademischen Verpflichtungen nachzukommen. W\u00e4hrend der Sommerferien, in der Regel im Juli und August, d\u00fcrfen Sie jedoch Vollzeit arbeiten.<\/li><\/ul><p>Es ist sehr wichtig, dass Sie diese Bedingungen sorgf\u00e4ltig einhalten, um sich f\u00fcr eine Aufenthaltsgenehmigung zum Studium in den Niederlanden zu qualifizieren und diese auch weiterhin zu erhalten. Auf diese Weise k\u00f6nnen Sie die akademischen M\u00f6glichkeiten und die reiche Kultur, die die Niederlande zu bieten haben, w\u00e4hrend Ihres Aufenthalts voll aussch\u00f6pfen.<\/p>\t\t\t\t\t\t\t\t<\/div>\n\t\t\t\t<\/div>\n\t\t\t\t<div class=\"elementor-element elementor-element-7a228ea elementor-widget elementor-widget-spacer\" data-id=\"7a228ea\" data-element_type=\"widget\" data-e-type=\"widget\" data-widget_type=\"spacer.default\">\n\t\t\t\t<div class=\"elementor-widget-container\">\n\t\t\t\t\t\t\t<div class=\"elementor-spacer\">\n\t\t\t<div class=\"elementor-spacer-inner\"><\/div>\n\t\t<\/div>\n\t\t\t\t\t\t<\/div>\n\t\t\t\t<\/div>\n\t\t\t\t<div class=\"elementor-element elementor-element-b2a7089 elementor-widget elementor-widget-heading\" data-id=\"b2a7089\" data-element_type=\"widget\" data-e-type=\"widget\" data-widget_type=\"heading.default\">\n\t\t\t\t<div class=\"elementor-widget-container\">\n\t\t\t\t\t<h3 class=\"elementor-heading-title elementor-size-default\">Verfahren f\u00fcr die Aufenthaltsgenehmigung <\/h3>\t\t\t\t<\/div>\n\t\t\t\t<\/div>\n\t\t\t\t<div class=\"elementor-element elementor-element-975ddfc color-scheme-inherit text-left elementor-widget elementor-widget-text-editor\" data-id=\"975ddfc\" data-element_type=\"widget\" data-e-type=\"widget\" data-widget_type=\"text-editor.default\">\n\t\t\t\t<div class=\"elementor-widget-container\">\n\t\t\t\t\t\t\t\t\t<p>Wenn Sie erw\u00e4gen, in den Niederlanden zu studieren, m\u00fcssen Sie einige wichtige Schritte beachten, um eine Aufenthaltsgenehmigung f\u00fcr ein Studium zu erhalten.<\/p><ul><li><strong>Sammeln von Dokumenten:<\/strong>\u00a0Der erste wichtige Schritt bei der Beantragung einer Aufenthaltserlaubnis zum Studium erfordert eine sorgf\u00e4ltige Dokumentation. Au\u00dferdem m\u00fcssen diese Unterlagen ins Niederl\u00e4ndische, Englische, Franz\u00f6sische oder Deutsche \u00fcbersetzt werden, je nach den Vorschriften Ihrer Bildungseinrichtung und der Einwanderungsbeh\u00f6rde.<\/li><li><strong>Bewerbung einreichen:<\/strong> Nachdem alle erforderlichen Dokumente zusammengetragen wurden, wird Ihre Bildungseinrichtung den Antrag auf Aufenthaltsgenehmigung in Ihrem Namen bei der Einwanderungs- und Einb\u00fcrgerungsbeh\u00f6rde (IND) einreichen. Dieser Prozess wird von der Bildungseinrichtung in Zusammenarbeit mit dem IND genau \u00fcberwacht und gesteuert, um sicherzustellen, dass Ihr Antrag korrekt eingereicht wird. Die Antragsgeb\u00fchr f\u00fcr eine solche Aufenthaltsgenehmigung betr\u00e4gt derzeit \u20ac210,00.<\/li><li><strong>Entscheidung der IND:<\/strong>\u00a0nach der Einreichung Ihres Antrags hat das IND rechtlich gesehen 60 Tage Zeit, um eine Entscheidung \u00fcber Ihre Aufenthaltsgenehmigung zu treffen. Ihre Bildungseinrichtung wird \u00fcber den Fortschritt Ihres Antrags auf dem Laufenden gehalten und informiert Sie \u00fcber eventuelle Verz\u00f6gerungen.<\/li><li><strong>Entscheidung erhalten:<\/strong>\u00a0Sobald das IND eine Entscheidung getroffen hat, erh\u00e4lt Ihre Bildungseinrichtung eine offizielle schriftliche Mitteilung \u00fcber die Entscheidung, die positiv oder negativ ausfallen kann. Im Falle einer positiven Entscheidung erhalten Sie die 'Aufenthaltserlaubnis zum Studium', die es Ihnen erlaubt, sich legal in den Niederlanden aufzuhalten und zu studieren. Im Falle einer negativen Entscheidung haben Sie das Recht, gegen die Entscheidung des IND Einspruch zu erheben.<\/li><li><strong>Einholung der Aufenthaltsgenehmigung:<\/strong>\u00a0Wenn die Entscheidung des IND positiv ausf\u00e4llt und Sie die Aufenthaltsgenehmigung erhalten haben, wird Ihre Bildungseinrichtung Sie benachrichtigen, wenn die Genehmigung zur Abholung am IND-Schalter bereitsteht. F\u00fcr die Abholung der Genehmigung ist ein vorher vereinbarter Termin erforderlich. Achten Sie also darauf, dass Sie die Anweisungen Ihrer Bildungseinrichtung befolgen, um die Aufenthaltsgenehmigung zu der angegebenen Zeit abzuholen.<\/li><\/ul>\t\t\t\t\t\t\t\t<\/div>\n\t\t\t\t<\/div>\n\t\t\t\t<div class=\"elementor-element elementor-element-ed79bba elementor-widget elementor-widget-spacer\" data-id=\"ed79bba\" data-element_type=\"widget\" data-e-type=\"widget\" data-widget_type=\"spacer.default\">\n\t\t\t\t<div class=\"elementor-widget-container\">\n\t\t\t\t\t\t\t<div class=\"elementor-spacer\">\n\t\t\t<div class=\"elementor-spacer-inner\"><\/div>\n\t\t<\/div>\n\t\t\t\t\t\t<\/div>\n\t\t\t\t<\/div>\n\t\t\t\t<div class=\"elementor-element elementor-element-dd7efc4 elementor-widget elementor-widget-heading\" data-id=\"dd7efc4\" data-element_type=\"widget\" data-e-type=\"widget\" data-widget_type=\"heading.default\">\n\t\t\t\t<div class=\"elementor-widget-container\">\n\t\t\t\t\t<h3 class=\"elementor-heading-title elementor-size-default\">Anwalt f\u00fcr das Studium der Aufenthaltserlaubnis<\/h3>\t\t\t\t<\/div>\n\t\t\t\t<\/div>\n\t\t\t\t<div class=\"elementor-element elementor-element-2211ee4 color-scheme-inherit text-left elementor-widget elementor-widget-text-editor\" data-id=\"2211ee4\" data-element_type=\"widget\" data-e-type=\"widget\" data-widget_type=\"text-editor.default\">\n\t\t\t\t<div class=\"elementor-widget-container\">\n\t\t\t\t\t\t\t\t\t<p>Die Beantragung einer Studienaufenthaltsgenehmigung ist oft ein komplizierter Prozess.<\/p><p>Die <a href=\"https:\/\/www.derbedrosian.nl\/de\/rechtsanwalte-2\/\">Rechtsanw\u00e4lte<\/a> der Anwaltskanzlei Der Bedrosian wird Ihren Fall sorgf\u00e4ltig pr\u00fcfen und Ihnen eine ma\u00dfgeschneiderte Beratung anbieten, die auf Ihre spezielle Situation zugeschnitten ist. Egal, ob Sie ein zuk\u00fcnftiger Student sind, der sich darauf vorbereitet, in die Niederlande zu kommen, oder ob Sie bereits in den Niederlanden wohnen und Ihren Studienaufenthalt verl\u00e4ngern m\u00f6chten.<\/p><p>Wenn Sie sich mit uns in Verbindung setzen, werden wir Sie direkt mit einem der folgenden Mitarbeiter verbinden <a href=\"https:\/\/www.derbedrosian.nl\/de\/rechtsanwalte-2\/\">unsere spezialisierten Anw\u00e4lte.<\/a><\/p>\t\t\t\t\t\t\t\t<\/div>\n\t\t\t\t<\/div>\n\t\t\t\t\t<\/div>\n\t\t\t\t<\/div>\n\t\t\t\t<\/div>","protected":false},"excerpt":{"rendered":"<p>Einwanderungsrecht Aufenthaltsgenehmigung Studienverfahren Rechtsanwalt Aufenthaltsgenehmigung Studienverfahren Aufenthaltsgenehmigung Studienantrag Ausl\u00e4nderrecht Rechtsanwalt enschede Ausl\u00e4nderrecht enschede Ausl\u00e4nderrecht Rechtsanwalt overijssel Rechtsanwalt<\/p>","protected":false},"author":1,"featured_media":0,"parent":10627,"menu_order":0,"comment_status":"closed","ping_status":"closed","template":"","meta":{"footnotes":""},"class_list":["post-10712","page","type-page","status-publish","hentry"],"_links":{"self":[{"href":"https:\/\/www.derbedrosian.nl\/de\/wp-json\/wp\/v2\/pages\/10712","targetHints":{"allow":["GET"]}}],"collection":[{"href":"https:\/\/www.derbedrosian.nl\/de\/wp-json\/wp\/v2\/pages"}],"about":[{"href":"https:\/\/www.derbedrosian.nl\/de\/wp-json\/wp\/v2\/types\/page"}],"author":[{"embeddable":true,"href":"https:\/\/www.derbedrosian.nl\/de\/wp-json\/wp\/v2\/users\/1"}],"replies":[{"embeddable":true,"href":"https:\/\/www.derbedrosian.nl\/de\/wp-json\/wp\/v2\/comments?post=10712"}],"version-history":[{"count":0,"href":"https:\/\/www.derbedrosian.nl\/de\/wp-json\/wp\/v2\/pages\/10712\/revisions"}],"up":[{"embeddable":true,"href":"https:\/\/www.derbedrosian.nl\/de\/wp-json\/wp\/v2\/pages\/10627"}],"wp:attachment":[{"href":"https:\/\/www.derbedrosian.nl\/de\/wp-json\/wp\/v2\/media?parent=10712"}],"curies":[{"name":"wp","href":"https:\/\/api.w.org\/{rel}","templated":true}]}}