{"id":10707,"date":"2023-05-26T16:45:58","date_gmt":"2023-05-26T14:45:58","guid":{"rendered":"https:\/\/derbedrosian.nl\/?page_id=10707"},"modified":"2025-12-21T16:07:17","modified_gmt":"2025-12-21T14:07:17","slug":"aufenthaltserlaubnis-aus-medizinischen-grunden","status":"publish","type":"page","link":"https:\/\/www.derbedrosian.nl\/de\/rechtsgebieden\/vreemdelingenrecht\/verblijfsvergunning-medische-gronden\/","title":{"rendered":"Aufenthaltserlaubnis aus medizinischen Gr\u00fcnden"},"content":{"rendered":"<div data-elementor-type=\"wp-page\" data-elementor-id=\"10707\" class=\"elementor elementor-10707\" data-elementor-post-type=\"page\">\n\t\t\t\t<div class=\"wd-negative-gap elementor-element elementor-element-254e15f e-flex e-con-boxed e-con e-parent\" data-id=\"254e15f\" data-element_type=\"container\" data-e-type=\"container\">\n\t\t\t\t\t<div class=\"e-con-inner\">\n\t\t\t\t<div class=\"elementor-element elementor-element-35687d7 elementor-hidden-desktop elementor-hidden-tablet elementor-hidden-mobile elementor-widget elementor-widget-wd_image_or_svg\" data-id=\"35687d7\" data-element_type=\"widget\" data-e-type=\"widget\" id=\"seo-word\" data-widget_type=\"wd_image_or_svg.default\">\n\t\t\t\t<div class=\"elementor-widget-container\">\n\t\t\t\t\t\n\t\t<div class=\"wd-image text-left\">\n\t\t\t\t\t\t\t\t<img loading=\"lazy\" decoding=\"async\" width=\"1000\" height=\"503\" src=\"https:\/\/www.derbedrosian.nl\/wp-content\/uploads\/rechtsgebied-verblijfsvergunning-medische-gronden.jpg\" class=\"attachment-full size-full\" alt=\"Aufenthaltsgenehmigung medizinische Gr\u00fcnde Antrag Anwalt ind IND Visum Genehmigung eines vor\u00fcbergehenden Aufenthalts mvv\" srcset=\"https:\/\/www.derbedrosian.nl\/wp-content\/uploads\/rechtsgebied-verblijfsvergunning-medische-gronden.jpg 1000w, https:\/\/www.derbedrosian.nl\/wp-content\/uploads\/rechtsgebied-verblijfsvergunning-medische-gronden-400x201.jpg 400w, https:\/\/www.derbedrosian.nl\/wp-content\/uploads\/rechtsgebied-verblijfsvergunning-medische-gronden-768x386.jpg 768w\" sizes=\"auto, (max-width: 1000px) 100vw, 1000px\" title=\"\">\t\t\t\t\t<\/div>\n\n\t\t\t\t\t\t<\/div>\n\t\t\t\t<\/div>\n\t\t\t\t<div class=\"elementor-element elementor-element-f588a40 elementor-hidden-desktop elementor-hidden-tablet elementor-hidden-mobile elementor-widget elementor-widget-heading\" data-id=\"f588a40\" data-element_type=\"widget\" data-e-type=\"widget\" id=\"seo-word\" data-widget_type=\"heading.default\">\n\t\t\t\t<div class=\"elementor-widget-container\">\n\t\t\t\t\t<h2 class=\"elementor-heading-title elementor-size-default\">Antrag auf Aufenthaltsgenehmigung <\/h2>\t\t\t\t<\/div>\n\t\t\t\t<\/div>\n\t\t\t\t<div class=\"elementor-element elementor-element-16c8d68 elementor-hidden-desktop elementor-hidden-tablet elementor-hidden-mobile elementor-widget elementor-widget-heading\" data-id=\"16c8d68\" data-element_type=\"widget\" data-e-type=\"widget\" id=\"seo-word\" data-widget_type=\"heading.default\">\n\t\t\t\t<div class=\"elementor-widget-container\">\n\t\t\t\t\t<h5 class=\"elementor-heading-title elementor-size-default\">IND<\/h5>\t\t\t\t<\/div>\n\t\t\t\t<\/div>\n\t\t\t\t<div class=\"elementor-element elementor-element-9962d59 elementor-hidden-desktop elementor-hidden-tablet elementor-hidden-mobile elementor-widget elementor-widget-heading\" data-id=\"9962d59\" data-element_type=\"widget\" data-e-type=\"widget\" id=\"seo-word\" data-widget_type=\"heading.default\">\n\t\t\t\t<div class=\"elementor-widget-container\">\n\t\t\t\t\t<h5 class=\"elementor-heading-title elementor-size-default\">Anwalt Aufenthaltserlaubnis medizinische Gr\u00fcnde<\/h5>\t\t\t\t<\/div>\n\t\t\t\t<\/div>\n\t\t\t\t<div class=\"elementor-element elementor-element-e2c149a elementor-hidden-desktop elementor-hidden-tablet elementor-hidden-mobile elementor-widget elementor-widget-heading\" data-id=\"e2c149a\" data-element_type=\"widget\" data-e-type=\"widget\" id=\"seo-word\" data-widget_type=\"heading.default\">\n\t\t\t\t<div class=\"elementor-widget-container\">\n\t\t\t\t\t<h5 class=\"elementor-heading-title elementor-size-default\">Bedingungen f\u00fcr die Beantragung eines Aufenthaltstitels<\/h5>\t\t\t\t<\/div>\n\t\t\t\t<\/div>\n\t\t\t\t<div class=\"elementor-element elementor-element-bdb239f elementor-hidden-desktop elementor-hidden-tablet elementor-hidden-mobile elementor-widget elementor-widget-heading\" data-id=\"bdb239f\" data-element_type=\"widget\" data-e-type=\"widget\" id=\"seo-word\" data-widget_type=\"heading.default\">\n\t\t\t\t<div class=\"elementor-widget-container\">\n\t\t\t\t\t<h5 class=\"elementor-heading-title elementor-size-default\">Vorl\u00e4ufige Aufenthaltserlaubnis (mvv)<\/h5>\t\t\t\t<\/div>\n\t\t\t\t<\/div>\n\t\t\t\t<div class=\"elementor-element elementor-element-f4b6948 elementor-hidden-desktop elementor-hidden-tablet elementor-hidden-mobile elementor-widget elementor-widget-heading\" data-id=\"f4b6948\" data-element_type=\"widget\" data-e-type=\"widget\" id=\"seo-word\" data-widget_type=\"heading.default\">\n\t\t\t\t<div class=\"elementor-widget-container\">\n\t\t\t\t\t<h5 class=\"elementor-heading-title elementor-size-default\">Anwalt f\u00fcr Einwanderungsrecht enschede<\/h5>\t\t\t\t<\/div>\n\t\t\t\t<\/div>\n\t\t\t\t<div class=\"elementor-element elementor-element-9cd1810 elementor-hidden-desktop elementor-hidden-tablet elementor-hidden-mobile elementor-widget elementor-widget-heading\" data-id=\"9cd1810\" data-element_type=\"widget\" data-e-type=\"widget\" id=\"seo-word\" data-widget_type=\"heading.default\">\n\t\t\t\t<div class=\"elementor-widget-container\">\n\t\t\t\t\t<h5 class=\"elementor-heading-title elementor-size-default\">Anwalt f\u00fcr Einwanderungsrecht Overijssel<\/h5>\t\t\t\t<\/div>\n\t\t\t\t<\/div>\n\t\t\t\t<div class=\"elementor-element elementor-element-5f4aa4b elementor-hidden-desktop elementor-hidden-tablet elementor-hidden-mobile elementor-widget elementor-widget-heading\" data-id=\"5f4aa4b\" data-element_type=\"widget\" data-e-type=\"widget\" id=\"seo-word\" data-widget_type=\"heading.default\">\n\t\t\t\t<div class=\"elementor-widget-container\">\n\t\t\t\t\t<h5 class=\"elementor-heading-title elementor-size-default\">ausl\u00e4nderrecht enschede<\/h5>\t\t\t\t<\/div>\n\t\t\t\t<\/div>\n\t\t\t\t<div class=\"elementor-element elementor-element-999e2e0 elementor-hidden-desktop elementor-hidden-tablet elementor-hidden-mobile elementor-widget elementor-widget-heading\" data-id=\"999e2e0\" data-element_type=\"widget\" data-e-type=\"widget\" id=\"seo-word\" data-widget_type=\"heading.default\">\n\t\t\t\t<div class=\"elementor-widget-container\">\n\t\t\t\t\t<h5 class=\"elementor-heading-title elementor-size-default\">Anwalt enschede Ausl\u00e4nderrecht<\/h5>\t\t\t\t<\/div>\n\t\t\t\t<\/div>\n\t\t\t\t<div class=\"elementor-element elementor-element-885bfaa elementor-hidden-desktop elementor-hidden-tablet elementor-hidden-mobile elementor-widget elementor-widget-heading\" data-id=\"885bfaa\" data-element_type=\"widget\" data-e-type=\"widget\" id=\"seo-word\" data-widget_type=\"heading.default\">\n\t\t\t\t<div class=\"elementor-widget-container\">\n\t\t\t\t\t<h5 class=\"elementor-heading-title elementor-size-default\">aufenthaltsgenehmigung medizinische behandlung mvv-voraussetzungen aufenthaltsgenehmigung medizinische aufenthaltsgenehmigung aus medizinischen gr\u00fcnden mvv-voraussetzungen aufenthaltsgenehmigung medizinische behandlung aufschiebung<\/h5>\t\t\t\t<\/div>\n\t\t\t\t<\/div>\n\t\t\t\t<div class=\"elementor-element elementor-element-af02908 elementor-hidden-desktop elementor-hidden-tablet elementor-hidden-mobile elementor-widget elementor-widget-heading\" data-id=\"af02908\" data-element_type=\"widget\" data-e-type=\"widget\" id=\"seo-word\" data-widget_type=\"heading.default\">\n\t\t\t\t<div class=\"elementor-widget-container\">\n\t\t\t\t\t<h5 class=\"elementor-heading-title elementor-size-default\">Die Aufenthaltsgenehmigung zur medizinischen Behandlung ist ein wichtiger Aspekt des Einwanderungsrechts. Diese Genehmigung ist f\u00fcr Menschen gedacht, die zur medizinischen Behandlung in die Niederlande kommen m\u00f6chten. Die Beantragung einer medizinischen Aufenthaltsgenehmigung kann kompliziert sein und muss bestimmte Bedingungen erf\u00fcllen, darunter das MVV-Erfordernis.\n\nDas MVV-Erfordernis bedeutet, dass Sie eine vorl\u00e4ufige Aufenthaltsgenehmigung (MVV) beantragen m\u00fcssen, bevor Sie f\u00fcr eine medizinische Behandlung in die Niederlande kommen k\u00f6nnen. Die Beantragung dieser Genehmigung erfordert eine sorgf\u00e4ltige Vorbereitung und rechtliche Beratung.\n\nDie Einwanderungsanw\u00e4lte von Derbedrosian in Enschede und Overijssel sind sich der Komplexit\u00e4t dieser Verfahren bewusst und k\u00f6nnen Sie bei der Beantragung einer Aufenthaltsgenehmigung f\u00fcr medizinische Behandlungen und der Erlangung eines MVV beraten und begleiten. Wir stellen sicher, dass Ihr Antrag alle gesetzlichen Anforderungen erf\u00fcllt und dass Ihre Rechte w\u00e4hrend des gesamten Verfahrens gesch\u00fctzt werden.\n\nWenn Sie Fragen zu Aufenthaltsgenehmigungen f\u00fcr medizinische Behandlungen, MVV-Anforderungen oder anderen einwanderungsrechtlichen Angelegenheiten haben, z\u00f6gern Sie bitte nicht, Derbedrosian Immigration Lawyers zu kontaktieren. Wir sind hier, um Ihnen zu helfen und Ihre Rechte zu sch\u00fctzen, insbesondere in Situationen, in denen eine medizinische Behandlung lebenswichtig ist.\n\n\n\n\n<\/h5>\t\t\t\t<\/div>\n\t\t\t\t<\/div>\n\t\t\t\t\t<\/div>\n\t\t\t\t<\/div>\n\t\t<div class=\"wd-negative-gap elementor-element elementor-element-0109d6e e-flex e-con-boxed e-con e-parent\" data-id=\"0109d6e\" data-element_type=\"container\" data-e-type=\"container\">\n\t\t\t\t\t<div class=\"e-con-inner\">\n\t\t\t\t<div class=\"elementor-element elementor-element-bb3482e color-scheme-inherit text-left elementor-widget elementor-widget-text-editor\" data-id=\"bb3482e\" data-element_type=\"widget\" data-e-type=\"widget\" data-widget_type=\"text-editor.default\">\n\t\t\t\t<div class=\"elementor-widget-container\">\n\t\t\t\t\t\t\t\t\t<p><strong>Vielleicht k\u00f6nnen Sie oder jemand aus Ihrer Familie aufgrund von gesundheitlichen Problemen nicht ausreisen. Vielleicht brauchen Sie eine medizinische Versorgung, die in Ihrem Heimatland nicht m\u00f6glich ist. Wenn Sie sich in den Niederlanden aufhalten und eine medizinische Behandlung erhalten, die in Ihrem Heimatland nicht m\u00f6glich ist, k\u00f6nnen Sie eine Aufenthaltserlaubnis als Ausl\u00e4nder aus medizinischen Gr\u00fcnden beantragen.<\/strong><\/p>\t\t\t\t\t\t\t\t<\/div>\n\t\t\t\t<\/div>\n\t\t\t\t<div class=\"elementor-element elementor-element-f92d0d6 elementor-widget elementor-widget-spacer\" data-id=\"f92d0d6\" data-element_type=\"widget\" data-e-type=\"widget\" data-widget_type=\"spacer.default\">\n\t\t\t\t<div class=\"elementor-widget-container\">\n\t\t\t\t\t\t\t<div class=\"elementor-spacer\">\n\t\t\t<div class=\"elementor-spacer-inner\"><\/div>\n\t\t<\/div>\n\t\t\t\t\t\t<\/div>\n\t\t\t\t<\/div>\n\t\t\t\t<div class=\"elementor-element elementor-element-9234123 elementor-widget elementor-widget-heading\" data-id=\"9234123\" data-element_type=\"widget\" data-e-type=\"widget\" data-widget_type=\"heading.default\">\n\t\t\t\t<div class=\"elementor-widget-container\">\n\t\t\t\t\t<h3 class=\"elementor-heading-title elementor-size-default\">Aufenthaltserlaubnis aus medizinischen Gr\u00fcnden <\/h3>\t\t\t\t<\/div>\n\t\t\t\t<\/div>\n\t\t\t\t<div class=\"elementor-element elementor-element-5efe0eb color-scheme-inherit text-left elementor-widget elementor-widget-text-editor\" data-id=\"5efe0eb\" data-element_type=\"widget\" data-e-type=\"widget\" data-widget_type=\"text-editor.default\">\n\t\t\t\t<div class=\"elementor-widget-container\">\n\t\t\t\t\t\t\t\t\t<p>Eine \"Aufenthaltsgenehmigung aus medizinischen Gr\u00fcnden\" ist eine Sondergenehmigung f\u00fcr Personen, die aus medizinischen Gr\u00fcnden nicht in ihr Heimatland zur\u00fcckkehren k\u00f6nnen. Mit dieser Genehmigung k\u00f6nnen sie sich in den Niederlanden aufhalten und eine medizinische Versorgung erhalten, die in ihrem Herkunftsland nicht verf\u00fcgbar ist. Mit dieser Genehmigung soll sichergestellt werden, dass Menschen mit schweren Erkrankungen Zugang zu notwendiger medizinischer Behandlung haben und dass ihre Gesundheit und ihr Wohlbefinden gesch\u00fctzt werden. Dies ist ein wichtiger Aspekt der niederl\u00e4ndischen Einwanderungspolitik, die den Schwerpunkt auf die humanit\u00e4re Versorgung von Personen mit medizinischen Bed\u00fcrfnissen legt.<\/p>\t\t\t\t\t\t\t\t<\/div>\n\t\t\t\t<\/div>\n\t\t\t\t<div class=\"elementor-element elementor-element-e3fdfe8 elementor-widget elementor-widget-spacer\" data-id=\"e3fdfe8\" data-element_type=\"widget\" data-e-type=\"widget\" data-widget_type=\"spacer.default\">\n\t\t\t\t<div class=\"elementor-widget-container\">\n\t\t\t\t\t\t\t<div class=\"elementor-spacer\">\n\t\t\t<div class=\"elementor-spacer-inner\"><\/div>\n\t\t<\/div>\n\t\t\t\t\t\t<\/div>\n\t\t\t\t<\/div>\n\t\t\t\t<div class=\"elementor-element elementor-element-f80b306 elementor-widget elementor-widget-heading\" data-id=\"f80b306\" data-element_type=\"widget\" data-e-type=\"widget\" data-widget_type=\"heading.default\">\n\t\t\t\t<div class=\"elementor-widget-container\">\n\t\t\t\t\t<h3 class=\"elementor-heading-title elementor-size-default\">Bedingungen Aufenthaltstitel medizinische Gr\u00fcnde<\/h3>\t\t\t\t<\/div>\n\t\t\t\t<\/div>\n\t\t\t\t<div class=\"elementor-element elementor-element-f021817 color-scheme-inherit text-left elementor-widget elementor-widget-text-editor\" data-id=\"f021817\" data-element_type=\"widget\" data-e-type=\"widget\" data-widget_type=\"text-editor.default\">\n\t\t\t\t<div class=\"elementor-widget-container\">\n\t\t\t\t\t\t\t\t\t<p>Um sich f\u00fcr diese Lizenz zu qualifizieren, m\u00fcssen Sie einige spezifische Bedingungen erf\u00fcllen. Diese Bedingungen sollen sicherstellen, dass die Erteilung der Lizenz gerechtfertigt ist:<\/p><ul><li><strong>Medizinischer Notfall:<\/strong>\u00a0ist es erforderlich, dass Sie sich in einer medizinischen Notsituation befinden. Das bedeutet, dass die medizinische Behandlung, die Sie in den Niederlanden ben\u00f6tigen, f\u00fcr Ihre Gesundheit lebenswichtig ist und in Ihrem Heimatland nicht verf\u00fcgbar ist. Diese Bedingung unterstreicht, wie wichtig Ihre Gesundheit und Ihre medizinischen Bed\u00fcrfnisse sind.<\/li><li><strong>G\u00fcltige Identifikation<\/strong>Eine weitere Voraussetzung ist der Besitz g\u00fcltiger Ausweispapiere. Sie m\u00fcssen im Besitz eines g\u00fcltigen Reisedokuments, Reisepasses oder Personalausweises sein, um sich auszuweisen und die gesetzlichen Verwaltungsvorschriften zu erf\u00fcllen.<\/li><li><strong>Keine Gefahr f\u00fcr die nationale Sicherheit:<\/strong>\u00a0ist es von gr\u00f6\u00dfter Bedeutung, dass Sie keine Gefahr f\u00fcr die nationale Sicherheit darstellen. Das bedeutet, dass Sie nicht an kriminellen Aktivit\u00e4ten beteiligt sind und die \u00f6ffentliche Ordnung nicht st\u00f6ren. Diese Bedingung dient dazu, die allgemeine Sicherheit und Stabilit\u00e4t zu gew\u00e4hrleisten.<\/li><li><strong>Tuberkulose-Forschung:<\/strong>\u00a0schlie\u00dflich sollten Sie bereit sein, sich einem Tuberkulosetest zu unterziehen. Tuberkulose ist eine schwere Infektionskrankheit, die durch ein Bakterium verursacht wird und in der Regel in der Lunge lokalisiert ist. Diese Untersuchung dient als Pr\u00e4ventivma\u00dfnahme, um die Ausbreitung dieser Krankheit zu verhindern und die \u00f6ffentliche Gesundheit zu sch\u00fctzen.<\/li><\/ul>\t\t\t\t\t\t\t\t<\/div>\n\t\t\t\t<\/div>\n\t\t\t\t<div class=\"elementor-element elementor-element-136a37d elementor-widget elementor-widget-spacer\" data-id=\"136a37d\" data-element_type=\"widget\" data-e-type=\"widget\" data-widget_type=\"spacer.default\">\n\t\t\t\t<div class=\"elementor-widget-container\">\n\t\t\t\t\t\t\t<div class=\"elementor-spacer\">\n\t\t\t<div class=\"elementor-spacer-inner\"><\/div>\n\t\t<\/div>\n\t\t\t\t\t\t<\/div>\n\t\t\t\t<\/div>\n\t\t\t\t<div class=\"elementor-element elementor-element-2563659 elementor-widget elementor-widget-heading\" data-id=\"2563659\" data-element_type=\"widget\" data-e-type=\"widget\" data-widget_type=\"heading.default\">\n\t\t\t\t<div class=\"elementor-widget-container\">\n\t\t\t\t\t<h3 class=\"elementor-heading-title elementor-size-default\">Vorl\u00e4ufige Aufenthaltserlaubnis (mvv) <\/h3>\t\t\t\t<\/div>\n\t\t\t\t<\/div>\n\t\t\t\t<div class=\"elementor-element elementor-element-eeacbad color-scheme-inherit text-left elementor-widget elementor-widget-text-editor\" data-id=\"eeacbad\" data-element_type=\"widget\" data-e-type=\"widget\" data-widget_type=\"text-editor.default\">\n\t\t\t\t<div class=\"elementor-widget-container\">\n\t\t\t\t\t\t\t\t\t<p>Wenn Sie von au\u00dferhalb der Europ\u00e4ischen Union kommen, ist f\u00fcr die Einreise in die Niederlande in der Regel ein Visum erforderlich. Dieses besondere Visum ist als MVV bekannt, was f\u00fcr \u2018Authorisation for Provisional Residence\u2019 steht.<\/p><p>Das MVV ist eigentlich eine Genehmigung, mit der Sie in die Niederlande reisen k\u00f6nnen, um dort eine Aufenthaltsgenehmigung zu beantragen. Dies ist der erste Schritt auf dem Weg zu einer Aufenthaltserlaubnis.<\/p><p>In einigen F\u00e4llen kann es vorkommen, dass Ihrem Einspruch beim Immigration and Naturalisation Service (IND) nicht stattgegeben wird. In diesem Fall haben Sie das Recht, innerhalb von vier Wochen vor Gericht zu klagen. Lehnt auch das Gericht Ihren Einspruch ab, besteht immer noch die M\u00f6glichkeit, bei der Abteilung f\u00fcr Verwaltungsrecht des Staatsrats Beschwerde einzulegen.<\/p><p>Es ist wichtig zu betonen, dass das Verfahren zur Erlangung einer Aufenthaltsgenehmigung komplex sein kann, insbesondere f\u00fcr Nicht-EU-B\u00fcrger. Es ist daher ratsam, sich rechtlich beraten zu lassen und eventuell einen spezialisierten Anwalt zu konsultieren, der Sie durch dieses Verfahren f\u00fchrt und Ihre Rechte sch\u00fctzt.\u201d<\/p>\t\t\t\t\t\t\t\t<\/div>\n\t\t\t\t<\/div>\n\t\t\t\t<div class=\"elementor-element elementor-element-b86b75e elementor-widget elementor-widget-spacer\" data-id=\"b86b75e\" data-element_type=\"widget\" data-e-type=\"widget\" data-widget_type=\"spacer.default\">\n\t\t\t\t<div class=\"elementor-widget-container\">\n\t\t\t\t\t\t\t<div class=\"elementor-spacer\">\n\t\t\t<div class=\"elementor-spacer-inner\"><\/div>\n\t\t<\/div>\n\t\t\t\t\t\t<\/div>\n\t\t\t\t<\/div>\n\t\t\t\t<div class=\"elementor-element elementor-element-997f9da elementor-widget elementor-widget-heading\" data-id=\"997f9da\" data-element_type=\"widget\" data-e-type=\"widget\" data-widget_type=\"heading.default\">\n\t\t\t\t<div class=\"elementor-widget-container\">\n\t\t\t\t\t<h3 class=\"elementor-heading-title elementor-size-default\">Mein Antrag auf Aufenthaltsgenehmigung aus medizinischen Gr\u00fcnden abgelehnt<\/h3>\t\t\t\t<\/div>\n\t\t\t\t<\/div>\n\t\t\t\t<div class=\"elementor-element elementor-element-52f0506 color-scheme-inherit text-left elementor-widget elementor-widget-text-editor\" data-id=\"52f0506\" data-element_type=\"widget\" data-e-type=\"widget\" data-widget_type=\"text-editor.default\">\n\t\t\t\t<div class=\"elementor-widget-container\">\n\t\t\t\t\t\t\t\t\t<p>Wenn Ihr Antrag auf Aufenthaltsgenehmigung aus medizinischen Gr\u00fcnden abgelehnt wird, gibt es Schritte, die Sie unternehmen k\u00f6nnen, um Ihren Fall weiter zu verteidigen. Zun\u00e4chst haben Sie das Recht, innerhalb von vier Wochen nach der Ablehnung einen Einspruch beim Immigration and Naturalisation Service (IND) einzulegen. Auf diese Weise k\u00f6nnen Sie die Gr\u00fcnde f\u00fcr die Ablehnung anfechten und zus\u00e4tzliche Informationen vorlegen, die Ihren Fall st\u00fctzen k\u00f6nnen.<\/p><p>Wenn Ihr Einspruch gegen die Entscheidung der IND nicht akzeptiert und f\u00fcr unbegr\u00fcndet erkl\u00e4rt wird, k\u00f6nnen Sie innerhalb von weiteren vier Wochen eine Beschwerde beim Gericht einreichen. So k\u00f6nnen Sie Ihren Fall vor Gericht vortragen, wo eine unabh\u00e4ngige Beurteilung stattfindet. Mit Hilfe eines erfahrenen Anwalts k\u00f6nnen Sie starke Argumente und Beweise vorbringen, um die Entscheidung der IND anzufechten.<\/p><p>\u00a0<\/p>\t\t\t\t\t\t\t\t<\/div>\n\t\t\t\t<\/div>\n\t\t\t\t<div class=\"elementor-element elementor-element-261373e elementor-widget elementor-widget-spacer\" data-id=\"261373e\" data-element_type=\"widget\" data-e-type=\"widget\" data-widget_type=\"spacer.default\">\n\t\t\t\t<div class=\"elementor-widget-container\">\n\t\t\t\t\t\t\t<div class=\"elementor-spacer\">\n\t\t\t<div class=\"elementor-spacer-inner\"><\/div>\n\t\t<\/div>\n\t\t\t\t\t\t<\/div>\n\t\t\t\t<\/div>\n\t\t\t\t<div class=\"elementor-element elementor-element-e07c084 elementor-widget elementor-widget-heading\" data-id=\"e07c084\" data-element_type=\"widget\" data-e-type=\"widget\" data-widget_type=\"heading.default\">\n\t\t\t\t<div class=\"elementor-widget-container\">\n\t\t\t\t\t<h3 class=\"elementor-heading-title elementor-size-default\">Aufenthaltsgenehmigung medizinische Gr\u00fcnde Anwalt\n<\/h3>\t\t\t\t<\/div>\n\t\t\t\t<\/div>\n\t\t\t\t<div class=\"elementor-element elementor-element-d6b508d color-scheme-inherit text-left elementor-widget elementor-widget-text-editor\" data-id=\"d6b508d\" data-element_type=\"widget\" data-e-type=\"widget\" data-widget_type=\"text-editor.default\">\n\t\t\t\t<div class=\"elementor-widget-container\">\n\t\t\t\t\t\t\t\t\t<p>Wenn Sie gezwungen sind, die Niederlande zu verlassen, aber eine dringende medizinische Behandlung ben\u00f6tigen, die in Ihrem Heimatland nicht zur Verf\u00fcgung steht, ist es ratsam, die Hilfe von Rechtsexperten in Anspruch zu nehmen.<\/p><p>Die Anwaltskanzlei Der Bedrosian hat <a href=\"https:\/\/www.derbedrosian.nl\/de\/rechtsanwalte-2\/\">Fachanw\u00e4lte<\/a> auf dem Gebiet des Einwanderungsrechts, die Ihnen gerne behilflich sein werden. Nehmen Sie Kontakt mit uns auf, damit einer unserer Anw\u00e4lte Sie unterst\u00fctzen und eine Zwangsabschiebung verhindern kann.<\/p>\t\t\t\t\t\t\t\t<\/div>\n\t\t\t\t<\/div>\n\t\t\t\t\t<\/div>\n\t\t\t\t<\/div>\n\t\t\t\t<\/div>","protected":false},"excerpt":{"rendered":"<p>Aufenthaltsgenehmigung beantragen IND-Anwalt Aufenthaltsgenehmigung aus medizinischen Gr\u00fcnden Bedingungen Aufenthaltsgenehmigung beantragen Befristete Aufenthaltsgenehmigung (mvv) Ausl\u00e4nderrecht Anwalt Enschede Ausl\u00e4nderrecht<\/p>","protected":false},"author":1,"featured_media":0,"parent":10627,"menu_order":0,"comment_status":"closed","ping_status":"closed","template":"","meta":{"footnotes":""},"class_list":["post-10707","page","type-page","status-publish","hentry"],"_links":{"self":[{"href":"https:\/\/www.derbedrosian.nl\/de\/wp-json\/wp\/v2\/pages\/10707","targetHints":{"allow":["GET"]}}],"collection":[{"href":"https:\/\/www.derbedrosian.nl\/de\/wp-json\/wp\/v2\/pages"}],"about":[{"href":"https:\/\/www.derbedrosian.nl\/de\/wp-json\/wp\/v2\/types\/page"}],"author":[{"embeddable":true,"href":"https:\/\/www.derbedrosian.nl\/de\/wp-json\/wp\/v2\/users\/1"}],"replies":[{"embeddable":true,"href":"https:\/\/www.derbedrosian.nl\/de\/wp-json\/wp\/v2\/comments?post=10707"}],"version-history":[{"count":0,"href":"https:\/\/www.derbedrosian.nl\/de\/wp-json\/wp\/v2\/pages\/10707\/revisions"}],"up":[{"embeddable":true,"href":"https:\/\/www.derbedrosian.nl\/de\/wp-json\/wp\/v2\/pages\/10627"}],"wp:attachment":[{"href":"https:\/\/www.derbedrosian.nl\/de\/wp-json\/wp\/v2\/media?parent=10707"}],"curies":[{"name":"wp","href":"https:\/\/api.w.org\/{rel}","templated":true}]}}