{"id":10702,"date":"2023-05-26T16:04:57","date_gmt":"2023-05-26T14:04:57","guid":{"rendered":"https:\/\/derbedrosian.nl\/?page_id=10702"},"modified":"2025-12-21T16:06:18","modified_gmt":"2025-12-21T14:06:18","slug":"aufenthaltserlaubnis-fur-qualifizierte-migranten","status":"publish","type":"page","link":"https:\/\/www.derbedrosian.nl\/de\/rechtsgebieden\/vreemdelingenrecht\/verblijfsvergunning-kennismigrant\/","title":{"rendered":"Aufenthaltstitel Wissensmigrant"},"content":{"rendered":"<div data-elementor-type=\"wp-page\" data-elementor-id=\"10702\" class=\"elementor elementor-10702\" data-elementor-post-type=\"page\">\n\t\t\t\t<div class=\"wd-negative-gap elementor-element elementor-element-299fda3 e-flex e-con-boxed e-con e-parent\" data-id=\"299fda3\" data-element_type=\"container\" data-e-type=\"container\">\n\t\t\t\t\t<div class=\"e-con-inner\">\n\t\t\t\t<div class=\"elementor-element elementor-element-275733a elementor-hidden-desktop elementor-hidden-tablet elementor-hidden-mobile elementor-widget elementor-widget-wd_image_or_svg\" data-id=\"275733a\" data-element_type=\"widget\" data-e-type=\"widget\" id=\"seo-word\" data-widget_type=\"wd_image_or_svg.default\">\n\t\t\t\t<div class=\"elementor-widget-container\">\n\t\t\t\t\t\n\t\t<div class=\"wd-image text-center\">\n\t\t\t\t\t\t\t\t<img loading=\"lazy\" decoding=\"async\" width=\"1000\" height=\"667\" src=\"https:\/\/www.derbedrosian.nl\/wp-content\/uploads\/verblijfsvergunning-kennismigrant.jpg\" class=\"attachment-full size-full\" alt=\"Aufenthaltstitel Wissensmigrant\" srcset=\"https:\/\/www.derbedrosian.nl\/wp-content\/uploads\/verblijfsvergunning-kennismigrant.jpg 1000w, https:\/\/www.derbedrosian.nl\/wp-content\/uploads\/verblijfsvergunning-kennismigrant-400x267.jpg 400w, https:\/\/www.derbedrosian.nl\/wp-content\/uploads\/verblijfsvergunning-kennismigrant-768x512.jpg 768w\" sizes=\"auto, (max-width: 1000px) 100vw, 1000px\" title=\"\">\t\t\t\t\t<\/div>\n\n\t\t\t\t\t\t<\/div>\n\t\t\t\t<\/div>\n\t\t\t\t<div class=\"elementor-element elementor-element-900f7aa elementor-hidden-desktop elementor-hidden-tablet elementor-hidden-mobile elementor-widget elementor-widget-heading\" data-id=\"900f7aa\" data-element_type=\"widget\" data-e-type=\"widget\" id=\"seo-word\" data-widget_type=\"heading.default\">\n\t\t\t\t<div class=\"elementor-widget-container\">\n\t\t\t\t\t<h2 class=\"elementor-heading-title elementor-size-default\">Anwalt f\u00fcr Aufenthaltsgenehmigung<\/h2>\t\t\t\t<\/div>\n\t\t\t\t<\/div>\n\t\t\t\t<div class=\"elementor-element elementor-element-df1eaaa elementor-hidden-desktop elementor-hidden-tablet elementor-hidden-mobile elementor-widget elementor-widget-heading\" data-id=\"df1eaaa\" data-element_type=\"widget\" data-e-type=\"widget\" id=\"seo-word\" data-widget_type=\"heading.default\">\n\t\t\t\t<div class=\"elementor-widget-container\">\n\t\t\t\t\t<h5 class=\"elementor-heading-title elementor-size-default\">Anwalt f\u00fcr die Verl\u00e4ngerung der Aufenthaltsgenehmigung<\/h5>\t\t\t\t<\/div>\n\t\t\t\t<\/div>\n\t\t\t\t<div class=\"elementor-element elementor-element-44278cb elementor-hidden-desktop elementor-hidden-tablet elementor-hidden-mobile elementor-widget elementor-widget-heading\" data-id=\"44278cb\" data-element_type=\"widget\" data-e-type=\"widget\" id=\"seo-word\" data-widget_type=\"heading.default\">\n\t\t\t\t<div class=\"elementor-widget-container\">\n\t\t\t\t\t<h5 class=\"elementor-heading-title elementor-size-default\">Anwalt f\u00fcr unbefristete Aufenthaltsgenehmigung<\/h5>\t\t\t\t<\/div>\n\t\t\t\t<\/div>\n\t\t\t\t<div class=\"elementor-element elementor-element-6bb0f5b elementor-hidden-desktop elementor-hidden-tablet elementor-hidden-mobile elementor-widget elementor-widget-heading\" data-id=\"6bb0f5b\" data-element_type=\"widget\" data-e-type=\"widget\" id=\"seo-word\" data-widget_type=\"heading.default\">\n\t\t\t\t<div class=\"elementor-widget-container\">\n\t\t\t\t\t<h5 class=\"elementor-heading-title elementor-size-default\">Visum f\u00fcr qualifizierte Migranten<\/h5>\t\t\t\t<\/div>\n\t\t\t\t<\/div>\n\t\t\t\t<div class=\"elementor-element elementor-element-e236d03 elementor-hidden-desktop elementor-hidden-tablet elementor-hidden-mobile elementor-widget elementor-widget-heading\" data-id=\"e236d03\" data-element_type=\"widget\" data-e-type=\"widget\" id=\"seo-word\" data-widget_type=\"heading.default\">\n\t\t\t\t<div class=\"elementor-widget-container\">\n\t\t\t\t\t<h5 class=\"elementor-heading-title elementor-size-default\">Gehalt f\u00fcr Wissensmigranten 2023<\/h5>\t\t\t\t<\/div>\n\t\t\t\t<\/div>\n\t\t\t\t<div class=\"elementor-element elementor-element-0bd94f3 elementor-hidden-desktop elementor-hidden-tablet elementor-hidden-mobile elementor-widget elementor-widget-heading\" data-id=\"0bd94f3\" data-element_type=\"widget\" data-e-type=\"widget\" id=\"seo-word\" data-widget_type=\"heading.default\">\n\t\t\t\t<div class=\"elementor-widget-container\">\n\t\t\t\t\t<h5 class=\"elementor-heading-title elementor-size-default\">G\u00fcltigkeit Arbeitserlaubnis beif\u00fcgen<\/h5>\t\t\t\t<\/div>\n\t\t\t\t<\/div>\n\t\t\t\t<div class=\"elementor-element elementor-element-51caa46 elementor-hidden-desktop elementor-hidden-tablet elementor-hidden-mobile elementor-widget elementor-widget-heading\" data-id=\"51caa46\" data-element_type=\"widget\" data-e-type=\"widget\" id=\"seo-word\" data-widget_type=\"heading.default\">\n\t\t\t\t<div class=\"elementor-widget-container\">\n\t\t\t\t\t<h5 class=\"elementor-heading-title elementor-size-default\">Anwalt f\u00fcr Einwanderungsrecht enschede<\/h5>\t\t\t\t<\/div>\n\t\t\t\t<\/div>\n\t\t\t\t<div class=\"elementor-element elementor-element-5cc258e elementor-hidden-desktop elementor-hidden-tablet elementor-hidden-mobile elementor-widget elementor-widget-heading\" data-id=\"5cc258e\" data-element_type=\"widget\" data-e-type=\"widget\" id=\"seo-word\" data-widget_type=\"heading.default\">\n\t\t\t\t<div class=\"elementor-widget-container\">\n\t\t\t\t\t<h5 class=\"elementor-heading-title elementor-size-default\">Anwalt f\u00fcr Einwanderungsrecht Overijssel<\/h5>\t\t\t\t<\/div>\n\t\t\t\t<\/div>\n\t\t\t\t<div class=\"elementor-element elementor-element-80f4509 elementor-hidden-desktop elementor-hidden-tablet elementor-hidden-mobile elementor-widget elementor-widget-heading\" data-id=\"80f4509\" data-element_type=\"widget\" data-e-type=\"widget\" id=\"seo-word\" data-widget_type=\"heading.default\">\n\t\t\t\t<div class=\"elementor-widget-container\">\n\t\t\t\t\t<h5 class=\"elementor-heading-title elementor-size-default\">ausl\u00e4nderrecht enschede<\/h5>\t\t\t\t<\/div>\n\t\t\t\t<\/div>\n\t\t\t\t<div class=\"elementor-element elementor-element-9627050 elementor-hidden-desktop elementor-hidden-tablet elementor-hidden-mobile elementor-widget elementor-widget-heading\" data-id=\"9627050\" data-element_type=\"widget\" data-e-type=\"widget\" id=\"seo-word\" data-widget_type=\"heading.default\">\n\t\t\t\t<div class=\"elementor-widget-container\">\n\t\t\t\t\t<h5 class=\"elementor-heading-title elementor-size-default\">Anwalt enschede Ausl\u00e4nderrecht<\/h5>\t\t\t\t<\/div>\n\t\t\t\t<\/div>\n\t\t\t\t<div class=\"elementor-element elementor-element-3659afb elementor-hidden-desktop elementor-hidden-tablet elementor-hidden-mobile elementor-widget elementor-widget-heading\" data-id=\"3659afb\" data-element_type=\"widget\" data-e-type=\"widget\" id=\"seo-word\" data-widget_type=\"heading.default\">\n\t\t\t\t<div class=\"elementor-widget-container\">\n\t\t\t\t\t<h5 class=\"elementor-heading-title elementor-size-default\">Dokumente, die Sie mitschicken, deren G\u00fcltigkeit durch diese Informationen unterst\u00fctzt wird, lassen Sie uns wissen <\/h5>\t\t\t\t<\/div>\n\t\t\t\t<\/div>\n\t\t\t\t<div class=\"elementor-element elementor-element-e7e0043 elementor-hidden-desktop elementor-hidden-tablet elementor-hidden-mobile elementor-widget elementor-widget-heading\" data-id=\"e7e0043\" data-element_type=\"widget\" data-e-type=\"widget\" id=\"seo-word\" data-widget_type=\"heading.default\">\n\t\t\t\t<div class=\"elementor-widget-container\">\n\t\t\t\t\t<h5 class=\"elementor-heading-title elementor-size-default\">Die Verl\u00e4ngerung einer Aufenthaltsgenehmigung, insbesondere einer Daueraufenthaltsgenehmigung, ist ein wichtiger Schritt im Einwanderungsrecht. Wenn Sie sich mit einer befristeten Aufenthaltsgenehmigung in den Niederlanden aufhalten und Ihren Aufenthaltsstatus verl\u00e4ngern oder eine unbefristete Aufenthaltsgenehmigung beantragen m\u00f6chten, kann die rechtliche Unterst\u00fctzung eines spezialisierten Einwanderungsanwalts bei Derbedrosian Vreemdelingenrecht Advocaten in Enschede und Overijssel von unsch\u00e4tzbarem Wert sein.\n\nF\u00fcr hochqualifizierte Arbeitnehmer, die in den Niederlanden arbeiten m\u00f6chten, kann ein qualifiziertes Migrantenvisum eine Option sein. Dieses Visum ist an bestimmte Bedingungen und Voraussetzungen gekn\u00fcpft, die erf\u00fcllt werden m\u00fcssen.\n\nUnsere Einwanderungsanw\u00e4lte sind sich der Komplexit\u00e4t dieser Verfahren bewusst und k\u00f6nnen Sie bei der Verl\u00e4ngerung Ihrer Aufenthaltsgenehmigung, der Beantragung einer Daueraufenthaltsgenehmigung oder der Erteilung eines Visums f\u00fcr qualifizierte Zuwanderer beraten und begleiten. Wir stellen sicher, dass Ihr Antrag alle gesetzlichen Anforderungen erf\u00fcllt und dass Ihre Rechte w\u00e4hrend des gesamten Prozesses gesch\u00fctzt werden.\n\nWenn Sie Fragen zur Verl\u00e4ngerung Ihrer Aufenthaltserlaubnis, zur Beantragung einer unbefristeten Aufenthaltserlaubnis oder zu anderen einwanderungsrechtlichen Fragen haben, z\u00f6gern Sie nicht, Derbedrosian Immigration Lawyers zu kontaktieren. Wir sind bereit, Ihnen zu helfen und sicherzustellen, dass Ihr Aufenthaltsstatus in den Niederlanden ordnungsgem\u00e4\u00df geregelt ist.<\/h5>\t\t\t\t<\/div>\n\t\t\t\t<\/div>\n\t\t\t\t<div class=\"elementor-element elementor-element-5ff9cb8 color-scheme-inherit text-left elementor-widget elementor-widget-text-editor\" data-id=\"5ff9cb8\" data-element_type=\"widget\" data-e-type=\"widget\" data-widget_type=\"text-editor.default\">\n\t\t\t\t<div class=\"elementor-widget-container\">\n\t\t\t\t\t\t\t\t\t<p><strong>Sind Sie auf der Suche nach einem Anwalt, der Ihnen bei der Beantragung einer Aufenthaltsgenehmigung Wissender Migrant helfen kann? Die Anwaltskanzlei Der Bedrosian verf\u00fcgt \u00fcber Anw\u00e4lte mit umfassender Erfahrung im Einwanderungsrecht und kann Ihnen daher bei Ihrem Fall helfen.<\/strong><\/p>\t\t\t\t\t\t\t\t<\/div>\n\t\t\t\t<\/div>\n\t\t\t\t<div class=\"elementor-element elementor-element-c7347a5 elementor-widget elementor-widget-spacer\" data-id=\"c7347a5\" data-element_type=\"widget\" data-e-type=\"widget\" data-widget_type=\"spacer.default\">\n\t\t\t\t<div class=\"elementor-widget-container\">\n\t\t\t\t\t\t\t<div class=\"elementor-spacer\">\n\t\t\t<div class=\"elementor-spacer-inner\"><\/div>\n\t\t<\/div>\n\t\t\t\t\t\t<\/div>\n\t\t\t\t<\/div>\n\t\t\t\t<div class=\"elementor-element elementor-element-d75d389 elementor-widget elementor-widget-heading\" data-id=\"d75d389\" data-element_type=\"widget\" data-e-type=\"widget\" data-widget_type=\"heading.default\">\n\t\t\t\t<div class=\"elementor-widget-container\">\n\t\t\t\t\t<h3 class=\"elementor-heading-title elementor-size-default\">Was f\u00e4llt unter Wissensmigranten?<\/h3>\t\t\t\t<\/div>\n\t\t\t\t<\/div>\n\t\t\t\t<div class=\"elementor-element elementor-element-b5874b7 color-scheme-inherit text-left elementor-widget elementor-widget-text-editor\" data-id=\"b5874b7\" data-element_type=\"widget\" data-e-type=\"widget\" data-widget_type=\"text-editor.default\">\n\t\t\t\t<div class=\"elementor-widget-container\">\n\t\t\t\t\t\t\t\t\t<p>Auf dem aktuellen Arbeitsmarkt ist es f\u00fcr niederl\u00e4ndische Unternehmen sehr attraktiv geworden, hochqualifizierte Migranten einzustellen. Dabei handelt es sich um hochgebildete Personen au\u00dferhalb Europas, die beispielsweise in die Niederlande kommen m\u00f6chten, um dort zu arbeiten. Denken Sie beispielsweise an Wissenschaftler, Forscher und Dozenten. Um hier arbeiten zu k\u00f6nnen, ben\u00f6tigen sie jedoch eine spezielle Arbeitserlaubnis. Diese wird als \u2018Aufenthaltsgenehmigung f\u00fcr hochqualifizierte Migranten\u2019 bezeichnet.\u00a0Der gesamte damit verbundene Prozess wird als hochqualifizierte Migration bezeichnet.<\/p>\t\t\t\t\t\t\t\t<\/div>\n\t\t\t\t<\/div>\n\t\t\t\t<div class=\"elementor-element elementor-element-7d41da8 elementor-widget elementor-widget-spacer\" data-id=\"7d41da8\" data-element_type=\"widget\" data-e-type=\"widget\" data-widget_type=\"spacer.default\">\n\t\t\t\t<div class=\"elementor-widget-container\">\n\t\t\t\t\t\t\t<div class=\"elementor-spacer\">\n\t\t\t<div class=\"elementor-spacer-inner\"><\/div>\n\t\t<\/div>\n\t\t\t\t\t\t<\/div>\n\t\t\t\t<\/div>\n\t\t\t\t<div class=\"elementor-element elementor-element-061b7a3 elementor-widget elementor-widget-heading\" data-id=\"061b7a3\" data-element_type=\"widget\" data-e-type=\"widget\" data-widget_type=\"heading.default\">\n\t\t\t\t<div class=\"elementor-widget-container\">\n\t\t\t\t\t<h3 class=\"elementor-heading-title elementor-size-default\">Was sollte ein Wissensmigrant als Minimum verdienen?<\/h3>\t\t\t\t<\/div>\n\t\t\t\t<\/div>\n\t\t\t\t<div class=\"elementor-element elementor-element-88f4e70 color-scheme-inherit text-left elementor-widget elementor-widget-text-editor\" data-id=\"88f4e70\" data-element_type=\"widget\" data-e-type=\"widget\" data-widget_type=\"text-editor.default\">\n\t\t\t\t<div class=\"elementor-widget-container\">\n\t\t\t\t\t\t\t\t\t<p>Es ist wichtig zu wissen, dass die Bedingungen f\u00fcr die Aufenthaltsgenehmigung f\u00fcr hochqualifizierte Migranten ab dem 1. Januar 2022 je nach Alter und Einkommen unterschiedlich sind. Wenn Sie j\u00fcnger als 30 Jahre sind, gilt in den ersten drei Jahren nach Ihrem Abschluss eine Gehaltsschwelle von 2.543 \u20ac pro Monat, was einem Bruttojahresgehalt von 30.516 \u20ac entspricht. Wenn Sie 30 Jahre oder \u00e4lter sind, m\u00fcssen Sie ein Bruttomonatsgehalt von 4.840 \u20ac haben, was einem Bruttojahresgehalt von mindestens 58.080 \u20ac pro Jahr entspricht.<\/p><p>Bitte beachten Sie, dass diese Betr\u00e4ge ohne 8% Urlaubsgeld angegeben sind.<\/p>\t\t\t\t\t\t\t\t<\/div>\n\t\t\t\t<\/div>\n\t\t\t\t<div class=\"elementor-element elementor-element-a2c362b elementor-widget elementor-widget-spacer\" data-id=\"a2c362b\" data-element_type=\"widget\" data-e-type=\"widget\" data-widget_type=\"spacer.default\">\n\t\t\t\t<div class=\"elementor-widget-container\">\n\t\t\t\t\t\t\t<div class=\"elementor-spacer\">\n\t\t\t<div class=\"elementor-spacer-inner\"><\/div>\n\t\t<\/div>\n\t\t\t\t\t\t<\/div>\n\t\t\t\t<\/div>\n\t\t\t\t<div class=\"elementor-element elementor-element-e416ba5 elementor-widget elementor-widget-heading\" data-id=\"e416ba5\" data-element_type=\"widget\" data-e-type=\"widget\" data-widget_type=\"heading.default\">\n\t\t\t\t<div class=\"elementor-widget-container\">\n\t\t\t\t\t<h3 class=\"elementor-heading-title elementor-size-default\">Wie lange k\u00f6nnen Sie als Wissensmigrant in den Niederlanden bleiben?<\/h3>\t\t\t\t<\/div>\n\t\t\t\t<\/div>\n\t\t\t\t<div class=\"elementor-element elementor-element-91ad552 color-scheme-inherit text-left elementor-widget elementor-widget-text-editor\" data-id=\"91ad552\" data-element_type=\"widget\" data-e-type=\"widget\" data-widget_type=\"text-editor.default\">\n\t\t\t\t<div class=\"elementor-widget-container\">\n\t\t\t\t\t\t\t\t\t<p>Wenn Sie sich als hochqualifizierter Migrant in den Niederlanden aufhalten, d\u00fcrfen Sie sich im Prinzip maximal f\u00fcnf Jahre lang in den Niederlanden aufhalten. Dieser Zeitraum kann verl\u00e4ngert werden, wenn Sie die Bedingungen weiterhin erf\u00fcllen. Wenn Sie nach der Regelung f\u00fcr hochqualifizierte Migranten l\u00e4nger in den Niederlanden bleiben m\u00f6chten, m\u00fcssen Sie m\u00f6glicherweise eine weitere Aufenthaltsgenehmigung beantragen oder in Betracht ziehen, die niederl\u00e4ndische Staatsb\u00fcrgerschaft anzunehmen. Es ist ratsam, sich an einen unserer Anw\u00e4lte zu wenden, um Informationen und Beratung zu Ihrer Situation zu erhalten.<\/p>\t\t\t\t\t\t\t\t<\/div>\n\t\t\t\t<\/div>\n\t\t\t\t<div class=\"elementor-element elementor-element-343f1e8 elementor-widget elementor-widget-spacer\" data-id=\"343f1e8\" data-element_type=\"widget\" data-e-type=\"widget\" data-widget_type=\"spacer.default\">\n\t\t\t\t<div class=\"elementor-widget-container\">\n\t\t\t\t\t\t\t<div class=\"elementor-spacer\">\n\t\t\t<div class=\"elementor-spacer-inner\"><\/div>\n\t\t<\/div>\n\t\t\t\t\t\t<\/div>\n\t\t\t\t<\/div>\n\t\t\t\t<div class=\"elementor-element elementor-element-a5bddba elementor-widget elementor-widget-heading\" data-id=\"a5bddba\" data-element_type=\"widget\" data-e-type=\"widget\" data-widget_type=\"heading.default\">\n\t\t\t\t<div class=\"elementor-widget-container\">\n\t\t\t\t\t<h3 class=\"elementor-heading-title elementor-size-default\">Bedingungen f\u00fcr einen Aufenthaltstitel f\u00fcr hochqualifizierte Migranten<\/h3>\t\t\t\t<\/div>\n\t\t\t\t<\/div>\n\t\t\t\t<div class=\"elementor-element elementor-element-9c11f63 color-scheme-inherit text-left elementor-widget elementor-widget-text-editor\" data-id=\"9c11f63\" data-element_type=\"widget\" data-e-type=\"widget\" data-widget_type=\"text-editor.default\">\n\t\t\t\t<div class=\"elementor-widget-container\">\n\t\t\t\t\t\t\t\t\t<p>Um eine Aufenthaltserlaubnis f\u00fcr Wissensmigranten zu beantragen, m\u00fcssen Sie zun\u00e4chst die unten aufgef\u00fchrten Bedingungen erf\u00fcllen:<\/p><ul><li><strong>Id:<\/strong> Sie haben ein g\u00fcltiges Reisedokument, einen Reisepass oder einen Personalausweis, um sich auszuweisen.<\/li><li><strong>Wohnung:<\/strong> Sie leben haupts\u00e4chlich in den Niederlanden und verbringen die meiste Zeit dort.<\/li><li><strong>Die Gefahr:<\/strong> Sie stellen keine Gefahr f\u00fcr die \u00f6ffentliche Ordnung oder die nationale Sicherheit dar, weil Sie zum Beispiel in der Vergangenheit ein Verbrechen begangen haben.<\/li><li><strong>G\u00fcltige Aufenthaltsgenehmigung:<\/strong> Sie besitzen bereits eine g\u00fcltige Aufenthaltserlaubnis, die verl\u00e4ngert werden kann. Ihr aktueller Aufenthaltstitel darf auch keine falschen Angaben enthalten.<\/li><\/ul>\t\t\t\t\t\t\t\t<\/div>\n\t\t\t\t<\/div>\n\t\t\t\t<div class=\"elementor-element elementor-element-e02016e elementor-widget elementor-widget-spacer\" data-id=\"e02016e\" data-element_type=\"widget\" data-e-type=\"widget\" data-widget_type=\"spacer.default\">\n\t\t\t\t<div class=\"elementor-widget-container\">\n\t\t\t\t\t\t\t<div class=\"elementor-spacer\">\n\t\t\t<div class=\"elementor-spacer-inner\"><\/div>\n\t\t<\/div>\n\t\t\t\t\t\t<\/div>\n\t\t\t\t<\/div>\n\t\t\t\t<div class=\"elementor-element elementor-element-0cc72d8 elementor-widget elementor-widget-heading\" data-id=\"0cc72d8\" data-element_type=\"widget\" data-e-type=\"widget\" data-widget_type=\"heading.default\">\n\t\t\t\t<div class=\"elementor-widget-container\">\n\t\t\t\t\t<h3 class=\"elementor-heading-title elementor-size-default\">Was muss ein Wissensmigrant gem\u00e4\u00df den Bedingungen erf\u00fcllen?<\/h3>\t\t\t\t<\/div>\n\t\t\t\t<\/div>\n\t\t\t\t<div class=\"elementor-element elementor-element-525ed33 color-scheme-inherit text-left elementor-widget elementor-widget-text-editor\" data-id=\"525ed33\" data-element_type=\"widget\" data-e-type=\"widget\" data-widget_type=\"text-editor.default\">\n\t\t\t\t<div class=\"elementor-widget-container\">\n\t\t\t\t\t\t\t\t\t<p>Neben den Standardbedingungen gibt es auch spezielle Bedingungen, die f\u00fcr Sie und Ihren Arbeitgeber gelten:<\/p><ul><li><strong>Arbeitsvertrag:<\/strong> Sie haben einen Arbeitsvertrag mit einem Arbeitgeber oder einer Forschungseinrichtung in den Niederlanden.<\/li><li><strong>Zugelassener Arbeitgeber:<\/strong> Ihr Arbeitgeber muss von der Einwanderungs- und Einb\u00fcrgerungsbeh\u00f6rde (IND) anerkannt sein, um eine negative Entscheidung zu vermeiden, au\u00dfer wenn Sie die t\u00fcrkische Staatsangeh\u00f6rigkeit besitzen. In diesem Fall k\u00f6nnen Sie den Antrag selbst einreichen.<\/li><li><strong>BIG-Register<\/strong>: Wenn Sie in der individuellen Gesundheitsversorgung arbeiten m\u00f6chten, m\u00fcssen Sie im BIG-Register registriert sein. Diese Registrierung erm\u00f6glicht es Ihrem Arbeitgeber, einem Gesundheitsdienstleister mit ausl\u00e4ndischem Diplom zu erlauben, unabh\u00e4ngig zu arbeiten<\/li><\/ul>\t\t\t\t\t\t\t\t<\/div>\n\t\t\t\t<\/div>\n\t\t\t\t<div class=\"elementor-element elementor-element-8bd9ba0 elementor-widget elementor-widget-spacer\" data-id=\"8bd9ba0\" data-element_type=\"widget\" data-e-type=\"widget\" data-widget_type=\"spacer.default\">\n\t\t\t\t<div class=\"elementor-widget-container\">\n\t\t\t\t\t\t\t<div class=\"elementor-spacer\">\n\t\t\t<div class=\"elementor-spacer-inner\"><\/div>\n\t\t<\/div>\n\t\t\t\t\t\t<\/div>\n\t\t\t\t<\/div>\n\t\t\t\t<div class=\"elementor-element elementor-element-141cc68 elementor-widget elementor-widget-heading\" data-id=\"141cc68\" data-element_type=\"widget\" data-e-type=\"widget\" data-widget_type=\"heading.default\">\n\t\t\t\t<div class=\"elementor-widget-container\">\n\t\t\t\t\t<h3 class=\"elementor-heading-title elementor-size-default\">Kenntnisse \u00fcber das Verfahren f\u00fcr die Aufenthaltsgenehmigung von Migranten<\/h3>\t\t\t\t<\/div>\n\t\t\t\t<\/div>\n\t\t\t\t<div class=\"elementor-element elementor-element-0f42503 color-scheme-inherit text-left elementor-widget elementor-widget-text-editor\" data-id=\"0f42503\" data-element_type=\"widget\" data-e-type=\"widget\" data-widget_type=\"text-editor.default\">\n\t\t\t\t<div class=\"elementor-widget-container\">\n\t\t\t\t\t\t\t\t\t<p>Es gibt eine Reihe von Schritten, die Sie unternehmen m\u00fcssen, um schlie\u00dflich Ihre Aufenthaltsgenehmigung zu erhalten. Wir haben diese Schritte unten aufgef\u00fchrt.<\/p><ul><li><span style=\"font-size: 17.6px;\"><b>Welche Dokumente senden Sie mit<\/b><\/span><b>:<\/b> Pr\u00fcfen Sie, welche Dokumente ben\u00f6tigt werden und besorgen Sie diese, bevor die Bildungseinrichtung den Antrag einreicht. Stellen Sie sicher, dass die offiziellen ausl\u00e4ndischen Dokumente legalisiert und ins Niederl\u00e4ndische \u00fcbersetzt sind, um Verz\u00f6gerungen zu vermeiden.<\/li><li><strong>Bewerbung einreichen:<\/strong>\u00a0Sie reichen den Antrag auf Ihre Aufenthaltsgenehmigung bei der Einwanderungs- und Einb\u00fcrgerungsbeh\u00f6rde (IND) ein.<\/li><li><strong>Bezahlung:<\/strong>\u00a0Sie zahlen die \u00fcbliche Antragsgeb\u00fchr f\u00fcr eine Aufenthaltserlaubnis als hochqualifizierter Migrant. Diese kostet \u20ac350<\/li><li><strong>IND-Entscheidung:<\/strong>\u00a0hat das IND 90 Tage Zeit, eine Entscheidung zu treffen. In manchen F\u00e4llen kann die Entscheidung l\u00e4nger dauern, zum Beispiel wenn der Antrag nicht vollst\u00e4ndig ist. Sie erhalten einen Brief mit der Entscheidung, die positiv oder negativ ausfallen kann. Im Falle einer positiven Entscheidung erhalten Sie die 'Aufenthaltsgenehmigung Wissensmigrant'. Im Falle einer negativen Entscheidung haben Sie die M\u00f6glichkeit, gegen die Entscheidung des IND Einspruch zu erheben.<\/li><li><strong>Einholung der Aufenthaltsgenehmigung:<\/strong>\u00a0wenn die Entscheidung des IND positiv ausf\u00e4llt, erhalten Sie eine Benachrichtigung, wenn die Aufenthaltsgenehmigung am IND-Schalter bereit liegt. Die Abholung kann nur nach Terminvereinbarung erfolgen.<\/li><\/ul>\t\t\t\t\t\t\t\t<\/div>\n\t\t\t\t<\/div>\n\t\t\t\t<div class=\"elementor-element elementor-element-b422f5c elementor-widget elementor-widget-spacer\" data-id=\"b422f5c\" data-element_type=\"widget\" data-e-type=\"widget\" data-widget_type=\"spacer.default\">\n\t\t\t\t<div class=\"elementor-widget-container\">\n\t\t\t\t\t\t\t<div class=\"elementor-spacer\">\n\t\t\t<div class=\"elementor-spacer-inner\"><\/div>\n\t\t<\/div>\n\t\t\t\t\t\t<\/div>\n\t\t\t\t<\/div>\n\t\t\t\t<div class=\"elementor-element elementor-element-1c0f48c elementor-widget elementor-widget-heading\" data-id=\"1c0f48c\" data-element_type=\"widget\" data-e-type=\"widget\" data-widget_type=\"heading.default\">\n\t\t\t\t<div class=\"elementor-widget-container\">\n\t\t\t\t\t<h3 class=\"elementor-heading-title elementor-size-default\">Aufenthaltsgenehmigung Wissen Migrantenanwalt<\/h3>\t\t\t\t<\/div>\n\t\t\t\t<\/div>\n\t\t\t\t<div class=\"elementor-element elementor-element-6bdaafc color-scheme-inherit text-left elementor-widget elementor-widget-text-editor\" data-id=\"6bdaafc\" data-element_type=\"widget\" data-e-type=\"widget\" data-widget_type=\"text-editor.default\">\n\t\t\t\t<div class=\"elementor-widget-container\">\n\t\t\t\t\t\t\t\t\t<p>All diese Regeln, Bedingungen und Verfahrensschritte k\u00f6nnen sehr zeitaufwendig sein.<\/p><p>Daher ist es immer ratsam, die Hilfe eines erfahrenen Anwalts in Anspruch zu nehmen. In der Anwaltskanzlei Der Bedrosian verf\u00fcgen wir \u00fcber spezialisierte Anw\u00e4lte mit umfassender Erfahrung im Einwanderungsrecht und k\u00f6nnen Ihnen daher bei der Beantragung einer Aufenthaltsgenehmigung f\u00fcr Wissensmigranten weiterhelfen.<\/p><p>Nehmen Sie also gerne Kontakt mit uns auf, um ein Gespr\u00e4ch mit einem unserer Anw\u00e4lte zu vereinbaren, die Ihnen gerne mit Rat und Tat zur Seite stehen.<\/p>\t\t\t\t\t\t\t\t<\/div>\n\t\t\t\t<\/div>\n\t\t\t\t\t<\/div>\n\t\t\t\t<\/div>\n\t\t<div class=\"wd-negative-gap elementor-element elementor-element-f08288c e-flex e-con-boxed e-con e-parent\" data-id=\"f08288c\" data-element_type=\"container\" data-e-type=\"container\">\n\t\t\t\t\t<div class=\"e-con-inner\">\n\t\t\t\t\t<\/div>\n\t\t\t\t<\/div>\n\t\t\t\t<\/div>","protected":false},"excerpt":{"rendered":"<p>Aufenthaltsgenehmigung beantragen Anwalt Aufenthaltsgenehmigung verl\u00e4ngern Anwalt Aufenthaltsgenehmigung auf unbestimmte Zeit Anwalt Hochqualifizierte Migranten Visum Hochqualifizierte Migranten Gehalt 2023 Bitte senden Sie mir die G\u00fcltigkeit der Arbeitserlaubnis<\/p>","protected":false},"author":1,"featured_media":0,"parent":10627,"menu_order":0,"comment_status":"closed","ping_status":"closed","template":"","meta":{"footnotes":""},"class_list":["post-10702","page","type-page","status-publish","hentry"],"_links":{"self":[{"href":"https:\/\/www.derbedrosian.nl\/de\/wp-json\/wp\/v2\/pages\/10702","targetHints":{"allow":["GET"]}}],"collection":[{"href":"https:\/\/www.derbedrosian.nl\/de\/wp-json\/wp\/v2\/pages"}],"about":[{"href":"https:\/\/www.derbedrosian.nl\/de\/wp-json\/wp\/v2\/types\/page"}],"author":[{"embeddable":true,"href":"https:\/\/www.derbedrosian.nl\/de\/wp-json\/wp\/v2\/users\/1"}],"replies":[{"embeddable":true,"href":"https:\/\/www.derbedrosian.nl\/de\/wp-json\/wp\/v2\/comments?post=10702"}],"version-history":[{"count":0,"href":"https:\/\/www.derbedrosian.nl\/de\/wp-json\/wp\/v2\/pages\/10702\/revisions"}],"up":[{"embeddable":true,"href":"https:\/\/www.derbedrosian.nl\/de\/wp-json\/wp\/v2\/pages\/10627"}],"wp:attachment":[{"href":"https:\/\/www.derbedrosian.nl\/de\/wp-json\/wp\/v2\/media?parent=10702"}],"curies":[{"name":"wp","href":"https:\/\/api.w.org\/{rel}","templated":true}]}}