{"id":10697,"date":"2023-05-26T16:03:51","date_gmt":"2023-05-26T14:03:51","guid":{"rendered":"https:\/\/derbedrosian.nl\/?page_id=10697"},"modified":"2025-12-21T16:04:53","modified_gmt":"2025-12-21T14:04:53","slug":"aufenthaltserlaubnis-ohne-eigenes-verschulden","status":"publish","type":"page","link":"https:\/\/www.derbedrosian.nl\/de\/rechtsgebieden\/vreemdelingenrecht\/verblijfsvergunning-buiten-schuld\/","title":{"rendered":"Aufenthaltsgenehmigung Unverschuldet"},"content":{"rendered":"<div data-elementor-type=\"wp-page\" data-elementor-id=\"10697\" class=\"elementor elementor-10697\" data-elementor-post-type=\"page\">\n\t\t\t\t<div class=\"wd-negative-gap elementor-element elementor-element-4e82d63 e-flex e-con-boxed e-con e-parent\" data-id=\"4e82d63\" data-element_type=\"container\" data-e-type=\"container\">\n\t\t\t\t\t<div class=\"e-con-inner\">\n\t\t\t\t<div class=\"elementor-element elementor-element-77beea1 elementor-hidden-desktop elementor-hidden-tablet elementor-hidden-mobile elementor-widget elementor-widget-wd_image_or_svg\" data-id=\"77beea1\" data-element_type=\"widget\" data-e-type=\"widget\" id=\"seo-word\" data-widget_type=\"wd_image_or_svg.default\">\n\t\t\t\t<div class=\"elementor-widget-container\">\n\t\t\t\t\t\n\t\t<div class=\"wd-image text-left\">\n\t\t\t\t\t\t\t\t<img loading=\"lazy\" decoding=\"async\" width=\"1000\" height=\"667\" src=\"https:\/\/www.derbedrosian.nl\/wp-content\/uploads\/rechtsgebied-verblijfsvergunning-buiten-schuld.jpg\" class=\"attachment-full size-full\" alt=\"Aufenthaltserlaubnis ohne Verschulden des Anwalts DT&amp;V (Repatriierungs- und Ausreiseservice) Bedingungen ausl\u00e4nderrechtliches Visum\" srcset=\"https:\/\/www.derbedrosian.nl\/wp-content\/uploads\/rechtsgebied-verblijfsvergunning-buiten-schuld.jpg 1000w, https:\/\/www.derbedrosian.nl\/wp-content\/uploads\/rechtsgebied-verblijfsvergunning-buiten-schuld-400x267.jpg 400w, https:\/\/www.derbedrosian.nl\/wp-content\/uploads\/rechtsgebied-verblijfsvergunning-buiten-schuld-768x512.jpg 768w\" sizes=\"auto, (max-width: 1000px) 100vw, 1000px\" title=\"\">\t\t\t\t\t<\/div>\n\n\t\t\t\t\t\t<\/div>\n\t\t\t\t<\/div>\n\t\t\t\t<div class=\"elementor-element elementor-element-3b78b60 elementor-hidden-desktop elementor-hidden-tablet elementor-hidden-mobile elementor-widget elementor-widget-heading\" data-id=\"3b78b60\" data-element_type=\"widget\" data-e-type=\"widget\" id=\"seo-word\" data-widget_type=\"heading.default\">\n\t\t\t\t<div class=\"elementor-widget-container\">\n\t\t\t\t\t<h2 class=\"elementor-heading-title elementor-size-default\">Anwalt Aufenthaltserlaubnis ohne eigenes Verschulden<\/h2>\t\t\t\t<\/div>\n\t\t\t\t<\/div>\n\t\t\t\t<div class=\"elementor-element elementor-element-58aa2cf elementor-hidden-desktop elementor-hidden-tablet elementor-hidden-mobile elementor-widget elementor-widget-heading\" data-id=\"58aa2cf\" data-element_type=\"widget\" data-e-type=\"widget\" id=\"seo-word\" data-widget_type=\"heading.default\">\n\t\t\t\t<div class=\"elementor-widget-container\">\n\t\t\t\t\t<h5 class=\"elementor-heading-title elementor-size-default\">Beantragen Sie eine Aufenthaltsgenehmigung ohne eigenes Verschulden<\/h5>\t\t\t\t<\/div>\n\t\t\t\t<\/div>\n\t\t\t\t<div class=\"elementor-element elementor-element-c53fd78 elementor-hidden-desktop elementor-hidden-tablet elementor-hidden-mobile elementor-widget elementor-widget-heading\" data-id=\"c53fd78\" data-element_type=\"widget\" data-e-type=\"widget\" id=\"seo-word\" data-widget_type=\"heading.default\">\n\t\t\t\t<div class=\"elementor-widget-container\">\n\t\t\t\t\t<h5 class=\"elementor-heading-title elementor-size-default\">R\u00fcckf\u00fchrungs- und Ausreiseservice (DT&amp;V)\n<\/h5>\t\t\t\t<\/div>\n\t\t\t\t<\/div>\n\t\t\t\t<div class=\"elementor-element elementor-element-9e79ca4 elementor-hidden-desktop elementor-hidden-tablet elementor-hidden-mobile elementor-widget elementor-widget-heading\" data-id=\"9e79ca4\" data-element_type=\"widget\" data-e-type=\"widget\" id=\"seo-word\" data-widget_type=\"heading.default\">\n\t\t\t\t<div class=\"elementor-widget-container\">\n\t\t\t\t\t<h5 class=\"elementor-heading-title elementor-size-default\">Einwanderungsgesetz<\/h5>\t\t\t\t<\/div>\n\t\t\t\t<\/div>\n\t\t\t\t<div class=\"elementor-element elementor-element-efe2b47 elementor-hidden-desktop elementor-hidden-tablet elementor-hidden-mobile elementor-widget elementor-widget-heading\" data-id=\"efe2b47\" data-element_type=\"widget\" data-e-type=\"widget\" id=\"seo-word\" data-widget_type=\"heading.default\">\n\t\t\t\t<div class=\"elementor-widget-container\">\n\t\t\t\t\t<h5 class=\"elementor-heading-title elementor-size-default\">Anwalt f\u00fcr Einwanderungsrecht enschede<\/h5>\t\t\t\t<\/div>\n\t\t\t\t<\/div>\n\t\t\t\t<div class=\"elementor-element elementor-element-d7de649 elementor-hidden-desktop elementor-hidden-tablet elementor-hidden-mobile elementor-widget elementor-widget-heading\" data-id=\"d7de649\" data-element_type=\"widget\" data-e-type=\"widget\" id=\"seo-word\" data-widget_type=\"heading.default\">\n\t\t\t\t<div class=\"elementor-widget-container\">\n\t\t\t\t\t<h5 class=\"elementor-heading-title elementor-size-default\">Anwalt f\u00fcr Einwanderungsrecht Overijssel<\/h5>\t\t\t\t<\/div>\n\t\t\t\t<\/div>\n\t\t\t\t<div class=\"elementor-element elementor-element-dac1cab elementor-hidden-desktop elementor-hidden-tablet elementor-hidden-mobile elementor-widget elementor-widget-heading\" data-id=\"dac1cab\" data-element_type=\"widget\" data-e-type=\"widget\" id=\"seo-word\" data-widget_type=\"heading.default\">\n\t\t\t\t<div class=\"elementor-widget-container\">\n\t\t\t\t\t<h5 class=\"elementor-heading-title elementor-size-default\">ausl\u00e4nderrecht enschede<\/h5>\t\t\t\t<\/div>\n\t\t\t\t<\/div>\n\t\t\t\t<div class=\"elementor-element elementor-element-df5865a elementor-hidden-desktop elementor-hidden-tablet elementor-hidden-mobile elementor-widget elementor-widget-heading\" data-id=\"df5865a\" data-element_type=\"widget\" data-e-type=\"widget\" id=\"seo-word\" data-widget_type=\"heading.default\">\n\t\t\t\t<div class=\"elementor-widget-container\">\n\t\t\t\t\t<h5 class=\"elementor-heading-title elementor-size-default\">Anwalt enschede Ausl\u00e4nderrecht<\/h5>\t\t\t\t<\/div>\n\t\t\t\t<\/div>\n\t\t\t\t<div class=\"elementor-element elementor-element-72c00aa elementor-hidden-desktop elementor-hidden-tablet elementor-hidden-mobile elementor-widget elementor-widget-heading\" data-id=\"72c00aa\" data-element_type=\"widget\" data-e-type=\"widget\" id=\"seo-word\" data-widget_type=\"heading.default\">\n\t\t\t\t<div class=\"elementor-widget-container\">\n\t\t\t\t\t<h5 class=\"elementor-heading-title elementor-size-default\">was ist ein es kann die Niederlande nicht verlassen gibt es eine besondere Aufenthaltsgenehmigung<\/h5>\t\t\t\t<\/div>\n\t\t\t\t<\/div>\n\t\t\t\t<div class=\"elementor-element elementor-element-76d0107 elementor-hidden-desktop elementor-hidden-tablet elementor-hidden-mobile elementor-widget elementor-widget-heading\" data-id=\"76d0107\" data-element_type=\"widget\" data-e-type=\"widget\" id=\"seo-word\" data-widget_type=\"heading.default\">\n\t\t\t\t<div class=\"elementor-widget-container\">\n\t\t\t\t\t<h5 class=\"elementor-heading-title elementor-size-default\">Die Aufenthaltserlaubnis \"Ohne eigenes Verschulden\" ist ein wichtiges Rechtsinstrument im Einwanderungsrecht. Dieser Aufenthaltstitel ist f\u00fcr Personen bestimmt, die die Niederlande unverschuldet nicht verlassen k\u00f6nnen. Die Beantragung einer Aufenthaltserlaubnis \"ohne eigenes Verschulden\" kann ein komplexes Verfahren sein, bei dem bestimmte Kriterien und Regeln zu ber\u00fccksichtigen sind.\n\nDer Dienst f\u00fcr R\u00fcckf\u00fchrung und Ausreise (DT&amp;V) spielt eine Rolle im Verfahren f\u00fcr die Aufenthaltsgenehmigung und die R\u00fcckkehr. Es ist wichtig, sich von spezialisierten Einwanderungsanw\u00e4lten wie Derbedrosian Vreemdelingenrecht Advocaten in Enschede und Overijssel beraten zu lassen, wenn man erw\u00e4gt, eine Aufenthaltsgenehmigung \"ohne eigenes Verschulden\" zu beantragen oder wenn man mit dem DT&amp;V zu tun hat.\n\nUnsere Anw\u00e4lte sind sich der Komplexit\u00e4t dieser Verfahren bewusst und stehen Ihnen mit Rat und Tat zur Seite, wenn es um die Beantragung und die Kommunikation mit dem DT&amp;V geht. Wenn Sie Unterst\u00fctzung in Bezug auf die Aufenthaltsgenehmigung \"Ohne eigenes Verschulden\" oder andere einwanderungsrechtliche Angelegenheiten ben\u00f6tigen, z\u00f6gern Sie nicht, Derbedrosian Immigration Lawyers zu kontaktieren. Wir sind hier, um Ihnen zu helfen und Ihre Rechte zu sch\u00fctzen.<\/h5>\t\t\t\t<\/div>\n\t\t\t\t<\/div>\n\t\t\t\t<div class=\"elementor-element elementor-element-9b79d93 elementor-widget elementor-widget-heading\" data-id=\"9b79d93\" data-element_type=\"widget\" data-e-type=\"widget\" data-widget_type=\"heading.default\">\n\t\t\t\t<div class=\"elementor-widget-container\">\n\t\t\t\t\t<h3 class=\"elementor-heading-title elementor-size-default\">Was versteht man unter einer unverschuldeten Aufenthaltserlaubnis?<\/h3>\t\t\t\t<\/div>\n\t\t\t\t<\/div>\n\t\t\t\t<div class=\"elementor-element elementor-element-01f9d0a color-scheme-inherit text-left elementor-widget elementor-widget-text-editor\" data-id=\"01f9d0a\" data-element_type=\"widget\" data-e-type=\"widget\" data-widget_type=\"text-editor.default\">\n\t\t\t\t<div class=\"elementor-widget-container\">\n\t\t\t\t\t\t\t\t\t<p>Nach dem Ausl\u00e4ndergesetz muss eine sich illegal in den Niederlanden aufhaltende Person die Niederlande verlassen. Mit einer Aufenthaltsgenehmigung namens 'Residence Permit Through No Fault' kann die Person, die die Niederlande verlassen m\u00f6chte, in den Niederlanden bleiben, auch wenn sie kein Ausweisdokument besitzt oder wenn das Land, aus dem die Person kommt, nicht bei ihrer Ausreise aus den Niederlanden kooperiert. In solchen F\u00e4llen bietet diese Genehmigung eine legale und humanit\u00e4re L\u00f6sung f\u00fcr eine komplexe Situation.<\/p>\t\t\t\t\t\t\t\t<\/div>\n\t\t\t\t<\/div>\n\t\t\t\t<div class=\"elementor-element elementor-element-7ac62af elementor-widget elementor-widget-spacer\" data-id=\"7ac62af\" data-element_type=\"widget\" data-e-type=\"widget\" data-widget_type=\"spacer.default\">\n\t\t\t\t<div class=\"elementor-widget-container\">\n\t\t\t\t\t\t\t<div class=\"elementor-spacer\">\n\t\t\t<div class=\"elementor-spacer-inner\"><\/div>\n\t\t<\/div>\n\t\t\t\t\t\t<\/div>\n\t\t\t\t<\/div>\n\t\t\t\t<div class=\"elementor-element elementor-element-30f83de elementor-widget elementor-widget-heading\" data-id=\"30f83de\" data-element_type=\"widget\" data-e-type=\"widget\" data-widget_type=\"heading.default\">\n\t\t\t\t<div class=\"elementor-widget-container\">\n\t\t\t\t\t<h3 class=\"elementor-heading-title elementor-size-default\">Habe ich Anspruch auf eine Aufenthaltsgenehmigung, ohne dass ich etwas daf\u00fcr kann?<\/h3>\t\t\t\t<\/div>\n\t\t\t\t<\/div>\n\t\t\t\t<div class=\"elementor-element elementor-element-96d932d color-scheme-inherit text-left elementor-widget elementor-widget-text-editor\" data-id=\"96d932d\" data-element_type=\"widget\" data-e-type=\"widget\" data-widget_type=\"text-editor.default\">\n\t\t\t\t<div class=\"elementor-widget-container\">\n\t\t\t\t\t\t\t\t\t<p>Um eine \"unverschuldete Aufenthaltserlaubnis\" zu erhalten, m\u00fcssen Sie \u00fcberzeugend darlegen, dass die Umst\u00e4nde, die Sie an der Ausreise aus den Niederlanden hindern, v\u00f6llig au\u00dferhalb Ihrer Kontrolle liegen und dass es nicht Ihre Schuld ist, dass Sie nicht ausreisen k\u00f6nnen.<\/p><p>Im Folgenden finden Sie die besonderen Bedingungen f\u00fcr die Erteilung dieser Lizenz:<\/p><ul><li><strong>Identifizierung (ID):<\/strong> ist es wichtig, dass jeder Ihre Staatsangeh\u00f6rigkeit und Identit\u00e4t zweifelsfrei feststellen kann. Dazu m\u00fcssen Sie \u00fcber g\u00fcltige und \u00fcberpr\u00fcfbare Dokumente verf\u00fcgen, die Ihre Staatsangeh\u00f6rigkeit und Identit\u00e4t best\u00e4tigen. Das Fehlen solcher Dokumente kann es schwierig machen, diese Genehmigung zu erhalten.<\/li><li><strong>Zusammenarbeit mit (DT&amp;V):<\/strong> w\u00e4hrend Ihres Aufenthalts in den Niederlanden wird von Ihnen erwartet, dass Sie sich kontinuierlich um eine Zusammenarbeit mit dem Repatriierungs- und Ausreisedienst (DT&amp;V) bem\u00fchen, um die Niederlande zu verlassen. Dazu geh\u00f6rt, dass Sie an Gespr\u00e4chen teilnehmen, relevante Informationen zur Verf\u00fcgung stellen und die Anweisungen befolgen, die zur Erleichterung Ihrer Ausreise gegeben werden.<\/li><li><strong>Motivation:<\/strong> es muss eine nachweisbare Motivation bestehen, in Ihr Herkunftsland zur\u00fcckzukehren. Dies kann durch eine glaubw\u00fcrdige Erkl\u00e4rung belegt werden, in der Sie erkl\u00e4ren, warum Sie zur\u00fcckkehren wollen und welche Schritte Sie unternommen haben, um dies zu erreichen. Eine eindeutige Motivation zur R\u00fcckkehr ist ein entscheidendes Element bei der Beantragung einer \"unverschuldeten Aufenthaltsgenehmigung\".<\/li><\/ul>\t\t\t\t\t\t\t\t<\/div>\n\t\t\t\t<\/div>\n\t\t\t\t<div class=\"elementor-element elementor-element-b0770ce elementor-widget elementor-widget-spacer\" data-id=\"b0770ce\" data-element_type=\"widget\" data-e-type=\"widget\" data-widget_type=\"spacer.default\">\n\t\t\t\t<div class=\"elementor-widget-container\">\n\t\t\t\t\t\t\t<div class=\"elementor-spacer\">\n\t\t\t<div class=\"elementor-spacer-inner\"><\/div>\n\t\t<\/div>\n\t\t\t\t\t\t<\/div>\n\t\t\t\t<\/div>\n\t\t\t\t<div class=\"elementor-element elementor-element-5d32e89 elementor-widget elementor-widget-heading\" data-id=\"5d32e89\" data-element_type=\"widget\" data-e-type=\"widget\" data-widget_type=\"heading.default\">\n\t\t\t\t<div class=\"elementor-widget-container\">\n\t\t\t\t\t<h3 class=\"elementor-heading-title elementor-size-default\">Familienmitglieder<\/h3>\t\t\t\t<\/div>\n\t\t\t\t<\/div>\n\t\t\t\t<div class=\"elementor-element elementor-element-1172612 color-scheme-inherit text-left elementor-widget elementor-widget-text-editor\" data-id=\"1172612\" data-element_type=\"widget\" data-e-type=\"widget\" data-widget_type=\"text-editor.default\">\n\t\t\t\t<div class=\"elementor-widget-container\">\n\t\t\t\t\t\t\t\t\t<p>Manchmal ist es m\u00f6glich, dass Ihre Familienangeh\u00f6rigen, wie Ihr Partner und Ihre Kinder unter 18 Jahren, ebenfalls in den Niederlanden bleiben k\u00f6nnen. In solchen F\u00e4llen gelten besondere Regeln, die sowohl Sie als auch Ihre Familienangeh\u00f6rigen einhalten m\u00fcssen. Die Bedingungen, die f\u00fcr Sie und Ihre Familienangeh\u00f6rigen gelten, sind unten aufgef\u00fchrt.<\/p><ul><li><strong>Gemeinsamer Aufenthalt:<\/strong> ist es erforderlich, dass Sie und Ihre Familienangeh\u00f6rigen sich gleichzeitig in den Niederlanden aufhalten. Das bedeutet, dass Sie sich nicht getrennt im Land aufhalten k\u00f6nnen, w\u00e4hrend Ihre Verwandten woanders sind. Sie m\u00fcssen gemeinsam in den Niederlanden leben, damit Ihre Familienangeh\u00f6rigen das Recht auf Aufenthalt erhalten.<\/li><li><strong>Famili\u00e4re Beziehung:<\/strong> Es muss absolute Gewissheit \u00fcber den Familienstand der beteiligten Personen herrschen. Das bedeutet, dass Sie die famili\u00e4re Beziehung durch offizielle Dokumente wie Geburts- oder Heiratsurkunden nachweisen k\u00f6nnen. Es ist sehr wichtig, dass Sie nachweisen k\u00f6nnen, dass die famili\u00e4ren Bindungen legitim und unbestreitbar sind.<\/li><\/ul>\t\t\t\t\t\t\t\t<\/div>\n\t\t\t\t<\/div>\n\t\t\t\t<div class=\"elementor-element elementor-element-b75afe6 elementor-widget elementor-widget-spacer\" data-id=\"b75afe6\" data-element_type=\"widget\" data-e-type=\"widget\" data-widget_type=\"spacer.default\">\n\t\t\t\t<div class=\"elementor-widget-container\">\n\t\t\t\t\t\t\t<div class=\"elementor-spacer\">\n\t\t\t<div class=\"elementor-spacer-inner\"><\/div>\n\t\t<\/div>\n\t\t\t\t\t\t<\/div>\n\t\t\t\t<\/div>\n\t\t\t\t<div class=\"elementor-element elementor-element-50bdf4b elementor-widget elementor-widget-heading\" data-id=\"50bdf4b\" data-element_type=\"widget\" data-e-type=\"widget\" data-widget_type=\"heading.default\">\n\t\t\t\t<div class=\"elementor-widget-container\">\n\t\t\t\t\t<h2 class=\"elementor-heading-title elementor-size-default\">Verfahren <\/h2>\t\t\t\t<\/div>\n\t\t\t\t<\/div>\n\t\t\t\t<div class=\"elementor-element elementor-element-68e0642 color-scheme-inherit text-left elementor-widget elementor-widget-text-editor\" data-id=\"68e0642\" data-element_type=\"widget\" data-e-type=\"widget\" data-widget_type=\"text-editor.default\">\n\t\t\t\t<div class=\"elementor-widget-container\">\n\t\t\t\t\t\t\t\t\t<ul><li><strong>Einreichung der Bewerbung:<\/strong>&nbsp;der erste Schritt, um eine Aufenthaltserlaubnis \"ohne eigenes Verschulden\" zu erhalten, ist die Einreichung eines offiziellen Antrags. Dies muss ein ausl\u00e4ndischer Staatsangeh\u00f6riger tun, der die Niederlande aus Gr\u00fcnden, die er nicht zu vertreten hat, nicht verlassen kann. Der Antrag kann beim Einwanderungs- und Einb\u00fcrgerungsdienst (IND) eingereicht werden, der f\u00fcr die Bearbeitung dieser Antr\u00e4ge zust\u00e4ndig ist.<\/li>\n<li><strong>Forschung und Bewertung:<\/strong>&nbsp;nachdem der Antrag eingereicht wurde, f\u00fchrt das IND eine gr\u00fcndliche Untersuchung durch und bewertet die Situation. Dazu geh\u00f6rt auch das Sammeln von Informationen, um zu \u00fcberpr\u00fcfen, ob der ausl\u00e4ndische Staatsangeh\u00f6rige aufgrund un\u00fcberwindbarer Umst\u00e4nde tats\u00e4chlich nicht in sein Herkunftsland zur\u00fcckkehren kann.<\/li>\n<li><strong>Die Beweislast:<\/strong>&nbsp;ist es unerl\u00e4sslich, dass der ausl\u00e4ndische Staatsangeh\u00f6rige \u00fcberzeugende Beweise vorlegt, um seine Situation zu rechtfertigen. Dieser Nachweis kann je nach den individuellen Umst\u00e4nden variieren, aber er muss zeigen, dass es keine vern\u00fcnftige M\u00f6glichkeit gibt, in das Herkunftsland zur\u00fcckzukehren.<\/li>\n<li><strong>Entscheidungsfindung:<\/strong>&nbsp;Auf der Grundlage der durchgef\u00fchrten Untersuchung und Bewertung trifft die IND eine Entscheidung \u00fcber den Antrag auf eine \"verschuldensunabh\u00e4ngige\" Aufenthaltsgenehmigung. Wenn der ausl\u00e4ndische Staatsangeh\u00f6rige die erforderlichen Voraussetzungen erf\u00fcllt und die vorgelegten Nachweise \u00fcberzeugend sind, wird die Genehmigung erteilt. Wenn der Antrag genehmigt wird, kann der Ausl\u00e4nder legal in den Niederlanden bleiben und bestimmte Rechte und Erleichterungen in Anspruch nehmen.<\/li><\/ul>\t\t\t\t\t\t\t\t<\/div>\n\t\t\t\t<\/div>\n\t\t\t\t<div class=\"elementor-element elementor-element-5e90d2c elementor-widget elementor-widget-spacer\" data-id=\"5e90d2c\" data-element_type=\"widget\" data-e-type=\"widget\" data-widget_type=\"spacer.default\">\n\t\t\t\t<div class=\"elementor-widget-container\">\n\t\t\t\t\t\t\t<div class=\"elementor-spacer\">\n\t\t\t<div class=\"elementor-spacer-inner\"><\/div>\n\t\t<\/div>\n\t\t\t\t\t\t<\/div>\n\t\t\t\t<\/div>\n\t\t\t\t<div class=\"elementor-element elementor-element-89298ce elementor-widget elementor-widget-heading\" data-id=\"89298ce\" data-element_type=\"widget\" data-e-type=\"widget\" data-widget_type=\"heading.default\">\n\t\t\t\t<div class=\"elementor-widget-container\">\n\t\t\t\t\t<h3 class=\"elementor-heading-title elementor-size-default\">R\u00fcckf\u00fchrungs- und Ausreiseservice (DT&amp;V)<\/h3>\t\t\t\t<\/div>\n\t\t\t\t<\/div>\n\t\t\t\t<div class=\"elementor-element elementor-element-d31607e color-scheme-inherit text-left elementor-widget elementor-widget-text-editor\" data-id=\"d31607e\" data-element_type=\"widget\" data-e-type=\"widget\" data-widget_type=\"text-editor.default\">\n\t\t\t\t<div class=\"elementor-widget-container\">\n\t\t\t\t\t\t\t\t\t<p>Der Repatriierungs- und Ausreisedienst (DT&amp;V) hat die Aufgabe, daf\u00fcr zu sorgen, dass Personen, die die Niederlande eigentlich verlassen sollten, dies auch tats\u00e4chlich tun. Die Erlangung einer Aufenthaltsgenehmigung kann in solchen F\u00e4llen oft ein komplexes Verfahren sein. Die DT&amp;V bezweifelt manchmal, dass eine Person wirklich in ihr Heimatland zur\u00fcckkehren m\u00f6chte und ob sie sich ausreichend bem\u00fcht hat, die gesetzlichen Anforderungen zu erf\u00fcllen. Daher ist es \u00e4u\u00dferst wichtig, sich rechtzeitig mit dem DT&amp;V in Verbindung zu setzen und dessen Anweisungen genau zu befolgen.<\/p>\t\t\t\t\t\t\t\t<\/div>\n\t\t\t\t<\/div>\n\t\t\t\t<div class=\"elementor-element elementor-element-9edd9a6 elementor-widget elementor-widget-spacer\" data-id=\"9edd9a6\" data-element_type=\"widget\" data-e-type=\"widget\" data-widget_type=\"spacer.default\">\n\t\t\t\t<div class=\"elementor-widget-container\">\n\t\t\t\t\t\t\t<div class=\"elementor-spacer\">\n\t\t\t<div class=\"elementor-spacer-inner\"><\/div>\n\t\t<\/div>\n\t\t\t\t\t\t<\/div>\n\t\t\t\t<\/div>\n\t\t\t\t<div class=\"elementor-element elementor-element-cd70734 elementor-widget elementor-widget-heading\" data-id=\"cd70734\" data-element_type=\"widget\" data-e-type=\"widget\" data-widget_type=\"heading.default\">\n\t\t\t\t<div class=\"elementor-widget-container\">\n\t\t\t\t\t<h3 class=\"elementor-heading-title elementor-size-default\">Aufenthaltsgenehmigung ohne Verschulden des Anwalts<\/h3>\t\t\t\t<\/div>\n\t\t\t\t<\/div>\n\t\t\t\t<div class=\"elementor-element elementor-element-07ff750 color-scheme-inherit text-left elementor-widget elementor-widget-text-editor\" data-id=\"07ff750\" data-element_type=\"widget\" data-e-type=\"widget\" data-widget_type=\"text-editor.default\">\n\t\t\t\t<div class=\"elementor-widget-container\">\n\t\t\t\t\t\t\t\t\t<p>Die Erlangung einer unverschuldeten Aufenthaltsgenehmigung ist ein Prozess, der viel Zeit in Anspruch nimmt, wenn kein erfahrener Anwalt eingeschaltet wird. Die<a href=\"https:\/\/www.derbedrosian.nl\/de\/rechtsanwalte-2\/\"> Rechtsanw\u00e4lte<\/a> der Anwaltskanzlei Der Bedrosian sind spezialisiert auf die <a href=\"https:\/\/www.derbedrosian.nl\/de\/gerichtsbarkeiten\/einwanderungsgesetz\/\">Einwanderungsgesetz<\/a>\u00a0und bieten umfassenden Rechtsbeistand.<\/p><p>Nehmen Sie also Kontakt mit uns auf und lassen Sie sich kostenlos beraten.<\/p>\t\t\t\t\t\t\t\t<\/div>\n\t\t\t\t<\/div>\n\t\t\t\t\t<\/div>\n\t\t\t\t<\/div>\n\t\t\t\t<\/div>","protected":false},"excerpt":{"rendered":"<p>Anwalt Aufenthaltsgenehmigung Ohne Verschulden Aufenthaltsgenehmigung Ohne Verschulden beantragen Dienst R\u00fcckkehr und Ausreise (DT&amp;V) Ausl\u00e4nderrecht Ausl\u00e4nderrecht Anwalt Enschede Ausl\u00e4nderrecht Anwalt Overijssel<\/p>","protected":false},"author":1,"featured_media":0,"parent":10627,"menu_order":0,"comment_status":"closed","ping_status":"closed","template":"","meta":{"footnotes":""},"class_list":["post-10697","page","type-page","status-publish","hentry"],"_links":{"self":[{"href":"https:\/\/www.derbedrosian.nl\/de\/wp-json\/wp\/v2\/pages\/10697","targetHints":{"allow":["GET"]}}],"collection":[{"href":"https:\/\/www.derbedrosian.nl\/de\/wp-json\/wp\/v2\/pages"}],"about":[{"href":"https:\/\/www.derbedrosian.nl\/de\/wp-json\/wp\/v2\/types\/page"}],"author":[{"embeddable":true,"href":"https:\/\/www.derbedrosian.nl\/de\/wp-json\/wp\/v2\/users\/1"}],"replies":[{"embeddable":true,"href":"https:\/\/www.derbedrosian.nl\/de\/wp-json\/wp\/v2\/comments?post=10697"}],"version-history":[{"count":0,"href":"https:\/\/www.derbedrosian.nl\/de\/wp-json\/wp\/v2\/pages\/10697\/revisions"}],"up":[{"embeddable":true,"href":"https:\/\/www.derbedrosian.nl\/de\/wp-json\/wp\/v2\/pages\/10627"}],"wp:attachment":[{"href":"https:\/\/www.derbedrosian.nl\/de\/wp-json\/wp\/v2\/media?parent=10697"}],"curies":[{"name":"wp","href":"https:\/\/api.w.org\/{rel}","templated":true}]}}