{"id":10692,"date":"2023-05-26T16:02:10","date_gmt":"2023-05-26T14:02:10","guid":{"rendered":"https:\/\/derbedrosian.nl\/?page_id=10692"},"modified":"2025-12-21T16:04:07","modified_gmt":"2025-12-21T14:04:07","slug":"aufenthaltsrecht-fur-eu-burger","status":"publish","type":"page","link":"https:\/\/www.derbedrosian.nl\/de\/rechtsgebieden\/vreemdelingenrecht\/verblijfsrecht-eu-burger\/","title":{"rendered":"Aufenthaltsrecht EU-B\u00fcrger"},"content":{"rendered":"<div data-elementor-type=\"wp-page\" data-elementor-id=\"10692\" class=\"elementor elementor-10692\" data-elementor-post-type=\"page\">\n\t\t\t\t<div class=\"wd-negative-gap elementor-element elementor-element-b05a20d e-flex e-con-boxed e-con e-parent\" data-id=\"b05a20d\" data-element_type=\"container\" data-e-type=\"container\">\n\t\t\t\t\t<div class=\"e-con-inner\">\n\t\t\t\t<div class=\"elementor-element elementor-element-89e1860 elementor-hidden-desktop elementor-hidden-tablet elementor-hidden-mobile elementor-widget elementor-widget-wd_image_or_svg\" data-id=\"89e1860\" data-element_type=\"widget\" data-e-type=\"widget\" id=\"seo-word\" data-widget_type=\"wd_image_or_svg.default\">\n\t\t\t\t<div class=\"elementor-widget-container\">\n\t\t\t\t\t\n\t\t<div class=\"wd-image text-left\">\n\t\t\t\t\t\t\t\t<img loading=\"lazy\" decoding=\"async\" width=\"1000\" height=\"667\" src=\"https:\/\/www.derbedrosian.nl\/wp-content\/uploads\/rechtsgebied-verblijfsrecht-eu-burger-1.jpg\" class=\"attachment-full size-full\" alt=\"Aufenthaltsrecht EU-B\u00fcrger Niederlande Rechtsanwalt Ausl\u00e4nderrecht Aufenthaltsgenehmigung Visum IND ind\" srcset=\"https:\/\/www.derbedrosian.nl\/wp-content\/uploads\/rechtsgebied-verblijfsrecht-eu-burger-1.jpg 1000w, https:\/\/www.derbedrosian.nl\/wp-content\/uploads\/rechtsgebied-verblijfsrecht-eu-burger-1-400x267.jpg 400w, https:\/\/www.derbedrosian.nl\/wp-content\/uploads\/rechtsgebied-verblijfsrecht-eu-burger-1-768x512.jpg 768w\" sizes=\"auto, (max-width: 1000px) 100vw, 1000px\" title=\"\">\t\t\t\t\t<\/div>\n\n\t\t\t\t\t\t<\/div>\n\t\t\t\t<\/div>\n\t\t\t\t<div class=\"elementor-element elementor-element-97a0527 elementor-hidden-desktop elementor-hidden-tablet elementor-hidden-mobile elementor-widget elementor-widget-heading\" data-id=\"97a0527\" data-element_type=\"widget\" data-e-type=\"widget\" id=\"seo-word\" data-widget_type=\"heading.default\">\n\t\t\t\t<div class=\"elementor-widget-container\">\n\t\t\t\t\t<h2 class=\"elementor-heading-title elementor-size-default\">Aufenthaltsrecht Niederlande<\/h2>\t\t\t\t<\/div>\n\t\t\t\t<\/div>\n\t\t\t\t<div class=\"elementor-element elementor-element-3629efb elementor-hidden-desktop elementor-hidden-tablet elementor-hidden-mobile elementor-widget elementor-widget-heading\" data-id=\"3629efb\" data-element_type=\"widget\" data-e-type=\"widget\" id=\"seo-word\" data-widget_type=\"heading.default\">\n\t\t\t\t<div class=\"elementor-widget-container\">\n\t\t\t\t\t<h5 class=\"elementor-heading-title elementor-size-default\">Recht auf Aufenthalt EU-Bedingungen<\/h5>\t\t\t\t<\/div>\n\t\t\t\t<\/div>\n\t\t\t\t<div class=\"elementor-element elementor-element-4cf1a29 elementor-hidden-desktop elementor-hidden-tablet elementor-hidden-mobile elementor-widget elementor-widget-heading\" data-id=\"4cf1a29\" data-element_type=\"widget\" data-e-type=\"widget\" id=\"seo-word\" data-widget_type=\"heading.default\">\n\t\t\t\t<div class=\"elementor-widget-container\">\n\t\t\t\t\t<h5 class=\"elementor-heading-title elementor-size-default\">Was bedeutet das Bleiberecht?<\/h5>\t\t\t\t<\/div>\n\t\t\t\t<\/div>\n\t\t\t\t<div class=\"elementor-element elementor-element-0dc8ef1 elementor-hidden-desktop elementor-hidden-tablet elementor-hidden-mobile elementor-widget elementor-widget-heading\" data-id=\"0dc8ef1\" data-element_type=\"widget\" data-e-type=\"widget\" id=\"seo-word\" data-widget_type=\"heading.default\">\n\t\t\t\t<div class=\"elementor-widget-container\">\n\t\t\t\t\t<h5 class=\"elementor-heading-title elementor-size-default\">Wie lange k\u00f6nnen Sie in Europa bleiben?<\/h5>\t\t\t\t<\/div>\n\t\t\t\t<\/div>\n\t\t\t\t<div class=\"elementor-element elementor-element-24199f6 elementor-hidden-desktop elementor-hidden-tablet elementor-hidden-mobile elementor-widget elementor-widget-heading\" data-id=\"24199f6\" data-element_type=\"widget\" data-e-type=\"widget\" id=\"seo-word\" data-widget_type=\"heading.default\">\n\t\t\t\t<div class=\"elementor-widget-container\">\n\t\t\t\t\t<h5 class=\"elementor-heading-title elementor-size-default\">Anwalt f\u00fcr Einwanderungsrecht<\/h5>\t\t\t\t<\/div>\n\t\t\t\t<\/div>\n\t\t\t\t<div class=\"elementor-element elementor-element-6915dda elementor-hidden-desktop elementor-hidden-tablet elementor-hidden-mobile elementor-widget elementor-widget-heading\" data-id=\"6915dda\" data-element_type=\"widget\" data-e-type=\"widget\" id=\"seo-word\" data-widget_type=\"heading.default\">\n\t\t\t\t<div class=\"elementor-widget-container\">\n\t\t\t\t\t<h5 class=\"elementor-heading-title elementor-size-default\">Anwalt f\u00fcr Einwanderungsrecht enschede<\/h5>\t\t\t\t<\/div>\n\t\t\t\t<\/div>\n\t\t\t\t<div class=\"elementor-element elementor-element-663e8b3 elementor-hidden-desktop elementor-hidden-tablet elementor-hidden-mobile elementor-widget elementor-widget-heading\" data-id=\"663e8b3\" data-element_type=\"widget\" data-e-type=\"widget\" id=\"seo-word\" data-widget_type=\"heading.default\">\n\t\t\t\t<div class=\"elementor-widget-container\">\n\t\t\t\t\t<h5 class=\"elementor-heading-title elementor-size-default\">Anwalt f\u00fcr Einwanderungsrecht Overijssel<\/h5>\t\t\t\t<\/div>\n\t\t\t\t<\/div>\n\t\t\t\t<div class=\"elementor-element elementor-element-cb74d2c elementor-hidden-desktop elementor-hidden-tablet elementor-hidden-mobile elementor-widget elementor-widget-heading\" data-id=\"cb74d2c\" data-element_type=\"widget\" data-e-type=\"widget\" id=\"seo-word\" data-widget_type=\"heading.default\">\n\t\t\t\t<div class=\"elementor-widget-container\">\n\t\t\t\t\t<h5 class=\"elementor-heading-title elementor-size-default\">ausl\u00e4nderrecht enschede<\/h5>\t\t\t\t<\/div>\n\t\t\t\t<\/div>\n\t\t\t\t<div class=\"elementor-element elementor-element-74d3f9a elementor-hidden-desktop elementor-hidden-tablet elementor-hidden-mobile elementor-widget elementor-widget-heading\" data-id=\"74d3f9a\" data-element_type=\"widget\" data-e-type=\"widget\" id=\"seo-word\" data-widget_type=\"heading.default\">\n\t\t\t\t<div class=\"elementor-widget-container\">\n\t\t\t\t\t<h5 class=\"elementor-heading-title elementor-size-default\">Anwalt enschede Ausl\u00e4nderrecht<\/h5>\t\t\t\t<\/div>\n\t\t\t\t<\/div>\n\t\t\t\t<div class=\"elementor-element elementor-element-102039a elementor-hidden-desktop elementor-hidden-tablet elementor-hidden-mobile elementor-widget elementor-widget-heading\" data-id=\"102039a\" data-element_type=\"widget\" data-e-type=\"widget\" id=\"seo-word\" data-widget_type=\"heading.default\">\n\t\t\t\t<div class=\"elementor-widget-container\">\n\t\t\t\t\t<h5 class=\"elementor-heading-title elementor-size-default\">keine gesetzliche regelung unterst\u00fctzung zahlen transformationsnetzwerk gesetzliche regelung unterst\u00fctzung zahlen transformationsnetzwerk f\u00fcr eu-b\u00fcrger mit freiem niederlassungsrecht und ihre familienangeh\u00f6rigen regelung unterst\u00fctzung zahlen transformationsnetzwerk f\u00fcr gemeinden sozial <\/h5>\t\t\t\t<\/div>\n\t\t\t\t<\/div>\n\t\t\t\t<div class=\"elementor-element elementor-element-56de84d elementor-hidden-desktop elementor-hidden-tablet elementor-hidden-mobile elementor-widget elementor-widget-heading\" data-id=\"56de84d\" data-element_type=\"widget\" data-e-type=\"widget\" id=\"seo-word\" data-widget_type=\"heading.default\">\n\t\t\t\t<div class=\"elementor-widget-container\">\n\t\t\t\t\t<h5 class=\"elementor-heading-title elementor-size-default\">Das Aufenthaltsrecht in der Europ\u00e4ischen Union ist ein wesentliches Thema innerhalb des Einwanderungsrechts und betrifft die Bedingungen und Regeln, die ausl\u00e4ndische B\u00fcrger erf\u00fcllen m\u00fcssen, um in einem EU-Mitgliedstaat bleiben zu k\u00f6nnen. Dieses Gesetz bestimmt, wie lange sich eine Person in Europa aufhalten darf und welche Bedingungen f\u00fcr einen Aufenthalt in den Niederlanden gelten.\n\nDas Aufenthaltsrecht in der Europ\u00e4ischen Union ist eine komplexe Rechtsmaterie, die von verschiedenen Faktoren wie der Staatsangeh\u00f6rigkeit, dem Zweck des Aufenthalts und anderen individuellen Umst\u00e4nden abh\u00e4ngt. Es ist wichtig, dass Sie verstehen, was dieses Recht bedeutet und welche Bedingungen f\u00fcr Ihre spezielle Situation gelten.\n\nWenn Sie rechtliche Beratung oder Unterst\u00fctzung in Bezug auf Ihr Aufenthaltsrecht in der Europ\u00e4ischen Union oder in den Niederlanden ben\u00f6tigen, wenden Sie sich bitte an Derbedrosian Vreemdelingenrecht Advocaten in Enschede und Overijssel. Unsere spezialisierten Einwanderungsanw\u00e4lte beraten und begleiten Sie, damit Sie die richtigen Schritte unternehmen k\u00f6nnen, um die Voraussetzungen f\u00fcr das Aufenthaltsrecht in der Europ\u00e4ischen Union und den Niederlanden zu erf\u00fcllen.\n\n\n\n\n\n<\/h5>\t\t\t\t<\/div>\n\t\t\t\t<\/div>\n\t\t\t\t<div class=\"elementor-element elementor-element-16d40dd elementor-widget elementor-widget-heading\" data-id=\"16d40dd\" data-element_type=\"widget\" data-e-type=\"widget\" data-widget_type=\"heading.default\">\n\t\t\t\t<div class=\"elementor-widget-container\">\n\t\t\t\t\t<h3 class=\"elementor-heading-title elementor-size-default\">Was bedeutet das Aufenthaltsrecht eines EU-B\u00fcrgers?<\/h3>\t\t\t\t<\/div>\n\t\t\t\t<\/div>\n\t\t\t\t<div class=\"elementor-element elementor-element-6743b5b color-scheme-inherit text-left elementor-widget elementor-widget-text-editor\" data-id=\"6743b5b\" data-element_type=\"widget\" data-e-type=\"widget\" data-widget_type=\"text-editor.default\">\n\t\t\t\t<div class=\"elementor-widget-container\">\n\t\t\t\t\t\t\t\t\t<p>Das \u2018Aufenthaltsrecht EU-B\u00fcrger\u2019 bezieht sich auf das Recht, dass sich B\u00fcrger der EU-Mitgliedstaaten f\u00fcr einen Zeitraum von 6 Monaten frei in anderen EU-Mitgliedstaaten aufhalten d\u00fcrfen, ohne einen besonderen Grund f\u00fcr ihre Anwesenheit nachweisen zu m\u00fcssen.<\/p><p>Nach diesen ersten sechs Monaten m\u00fcssen die EU-B\u00fcrger jedoch nachweisen k\u00f6nnen, warum sie in den Niederlanden bleiben wollen. Beispiele f\u00fcr solche Gr\u00fcnde k\u00f6nnten ein Studium oder die Gr\u00fcndung eines eigenen Unternehmens sein.<\/p><p>Wenn EU-B\u00fcrger Familienmitglieder haben, die nicht die EU-Staatsb\u00fcrgerschaft besitzen, und sie den Aufenthalt ihrer Familie in den Niederlanden beantragen m\u00f6chten, m\u00fcssen sie sich bei der Einwanderungs- und Einb\u00fcrgerungsbeh\u00f6rde (IND) anmelden. Diese Registrierung ist erforderlich, um einen Antrag f\u00fcr ihre Nicht-EU-Familienangeh\u00f6rigen zu stellen. Es ist sehr wichtig, diese Regeln zu verstehen und zu befolgen, um sicherzustellen, dass der Aufenthalt und die Antr\u00e4ge mit den geltenden Gesetzen und Vorschriften in den Niederlanden \u00fcbereinstimmen<\/p>\t\t\t\t\t\t\t\t<\/div>\n\t\t\t\t<\/div>\n\t\t\t\t<div class=\"elementor-element elementor-element-c9b520c elementor-widget elementor-widget-spacer\" data-id=\"c9b520c\" data-element_type=\"widget\" data-e-type=\"widget\" data-widget_type=\"spacer.default\">\n\t\t\t\t<div class=\"elementor-widget-container\">\n\t\t\t\t\t\t\t<div class=\"elementor-spacer\">\n\t\t\t<div class=\"elementor-spacer-inner\"><\/div>\n\t\t<\/div>\n\t\t\t\t\t\t<\/div>\n\t\t\t\t<\/div>\n\t\t\t\t<div class=\"elementor-element elementor-element-664de77 elementor-widget elementor-widget-heading\" data-id=\"664de77\" data-element_type=\"widget\" data-e-type=\"widget\" data-widget_type=\"heading.default\">\n\t\t\t\t<div class=\"elementor-widget-container\">\n\t\t\t\t\t<h3 class=\"elementor-heading-title elementor-size-default\">Recht auf Aufenthalt Bedingungen f\u00fcr EU-B\u00fcrger<\/h3>\t\t\t\t<\/div>\n\t\t\t\t<\/div>\n\t\t\t\t<div class=\"elementor-element elementor-element-d959a4e elementor-widget__width-initial color-scheme-inherit text-left elementor-widget elementor-widget-text-editor\" data-id=\"d959a4e\" data-element_type=\"widget\" data-e-type=\"widget\" data-widget_type=\"text-editor.default\">\n\t\t\t\t<div class=\"elementor-widget-container\">\n\t\t\t\t\t\t\t\t\t<p>Die Niederlande verf\u00fcgen \u00fcber europ\u00e4ische Gesetze, die es EU-, EWR- und Schweizer B\u00fcrgern erlauben, sich hier aufzuhalten. F\u00fcr EU-B\u00fcrger gibt es jedoch einige Bedingungen:<\/p><ul><li><strong>Id:<\/strong>\u00a0Sie m\u00fcssen jederzeit einen g\u00fcltigen Identit\u00e4tsnachweis, wie z.B. einen Personalausweis oder Reisepass, bei sich tragen.<\/li><li><strong>\u00d6ffentliche Sicherheit:<\/strong>\u00a0Um das Aufenthaltsrecht als EU-B\u00fcrger zu erhalten, d\u00fcrfen Sie keine Gefahr f\u00fcr die \u00f6ffentliche Ordnung darstellen, was der Fall sein kann, wenn Sie ein<a href=\"https:\/\/www.derbedrosian.nl\/de\/gerichtsbarkeiten\/strafrecht\/verbrechen\/\"> Verbrechen<\/a> verpflichtet.<\/li><li><strong>Kommunale Registrierung:<\/strong>\u00a0Wenn Sie vorhaben, l\u00e4nger als vier Monate in den Niederlanden zu bleiben, m\u00fcssen Sie sich bei der Gemeinde, in der Sie sich aufhalten, anmelden.<\/li><li><strong>Arbeitserlaubnis:<\/strong> in einigen F\u00e4llen ist es erforderlich, eine Arbeitserlaubnis zu beantragen, um in den Niederlanden zu arbeiten.<\/li><li><strong>Arbeitszeiten und Einkommen:<\/strong> Sie m\u00fcssen mindestens 16 Stunden pro Woche arbeiten oder mindestens 50% des Sozialhilfestandards verdienen.<\/li><li><strong>Krankenkasse:\u00a0<\/strong>Um Zugang zu medizinischer Versorgung zu erhalten, m\u00fcssen Sie eine niederl\u00e4ndische Krankenversicherung haben.<\/li><li><strong>Handelskammer (CoC):<\/strong>\u00a0Wenn Sie Ihr eigenes Unternehmen besitzen oder selbst\u00e4ndig sind, m\u00fcssen Sie sich bei der Handelskammer anmelden.<\/li><\/ul><p>Als EU-B\u00fcrger k\u00f6nnen Sie in den ersten drei Monaten in den Niederlanden nach Arbeit suchen. W\u00e4hrend dieser Zeit haben Sie m\u00f6glicherweise Anspruch auf eine Leistung. Wenn Sie nach diesen drei Monaten noch keine Arbeit gefunden haben, aber auch ohne Sozialhilfe genug Geld verdienen, k\u00f6nnen Sie in den Niederlanden bleiben, um weiter nach Arbeit zu suchen. Es ist wichtig, dass Sie diese Regeln kennen, damit Ihr Aufenthalt in den Niederlanden legal bleibt.<\/p>\t\t\t\t\t\t\t\t<\/div>\n\t\t\t\t<\/div>\n\t\t\t\t<div class=\"elementor-element elementor-element-b2af945 elementor-widget elementor-widget-spacer\" data-id=\"b2af945\" data-element_type=\"widget\" data-e-type=\"widget\" data-widget_type=\"spacer.default\">\n\t\t\t\t<div class=\"elementor-widget-container\">\n\t\t\t\t\t\t\t<div class=\"elementor-spacer\">\n\t\t\t<div class=\"elementor-spacer-inner\"><\/div>\n\t\t<\/div>\n\t\t\t\t\t\t<\/div>\n\t\t\t\t<\/div>\n\t\t\t\t<div class=\"elementor-element elementor-element-42f6668 elementor-widget elementor-widget-heading\" data-id=\"42f6668\" data-element_type=\"widget\" data-e-type=\"widget\" data-widget_type=\"heading.default\">\n\t\t\t\t<div class=\"elementor-widget-container\">\n\t\t\t\t\t<h3 class=\"elementor-heading-title elementor-size-default\">Aufenthaltsrecht EU-B\u00fcrger Niederlande<\/h3>\t\t\t\t<\/div>\n\t\t\t\t<\/div>\n\t\t\t\t<div class=\"elementor-element elementor-element-02035a7 color-scheme-inherit text-left elementor-widget elementor-widget-text-editor\" data-id=\"02035a7\" data-element_type=\"widget\" data-e-type=\"widget\" data-widget_type=\"text-editor.default\">\n\t\t\t\t<div class=\"elementor-widget-container\">\n\t\t\t\t\t\t\t\t\t<p>Wenn Sie aus einem EU-Land, einem EWR-Land oder der Schweiz kommen und in den Niederlanden arbeiten m\u00f6chten, m\u00fcssen Sie einige Bedingungen erf\u00fcllen:<\/p><ul><li><strong>G\u00fcltige ID:<\/strong>\u00a0Zun\u00e4chst einmal ist es wichtig, dass Sie immer einen g\u00fcltigen Reisepass oder Personalausweis mit sich f\u00fchren. Dieser dient Ihnen w\u00e4hrend Ihres Aufenthalts in den Niederlanden als offizieller Ausweis.<\/li><li><strong>Arbeitszeiten und Einkommen:<\/strong>\u00a0Dar\u00fcber hinaus wird von Ihnen erwartet, dass Sie mindestens 16 Stunden pro Woche arbeiten oder mindestens 50% der f\u00fcr Ihre spezielle Situation geltenden Sozialhilfe-Norm verdienen. Dadurch wird Ihre aktive Teilnahme am Arbeitsmarkt sichergestellt.<\/li><li><strong>Krankenkasse:<\/strong>\u00a0ist es obligatorisch, eine niederl\u00e4ndische Krankenversicherung abzuschlie\u00dfen, die Ihnen Zugang zur medizinischen Versorgung in den Niederlanden verschafft. Damit ist Ihre medizinische Versorgung w\u00e4hrend Ihres Aufenthalts gesichert.<\/li><li><strong>KVK Registrierung:<\/strong>\u00a0Wenn Sie Ihr eigenes Unternehmen haben oder selbst\u00e4ndig sind, m\u00fcssen Sie sich bei der Handelskammer (CoC) anmelden. Diese Registrierung ist notwendig, um Ihre gesch\u00e4ftlichen Aktivit\u00e4ten in den Niederlanden legal auszu\u00fcben.<\/li><\/ul><p>Es ist wichtig, dass Sie sich \u00fcber die Anforderungen und Vorschriften in Bezug auf Ihre Besch\u00e4ftigungssituation in den Niederlanden auf dem Laufenden halten.<\/p>\t\t\t\t\t\t\t\t<\/div>\n\t\t\t\t<\/div>\n\t\t\t\t<div class=\"elementor-element elementor-element-3eb0aa5 elementor-widget elementor-widget-spacer\" data-id=\"3eb0aa5\" data-element_type=\"widget\" data-e-type=\"widget\" data-widget_type=\"spacer.default\">\n\t\t\t\t<div class=\"elementor-widget-container\">\n\t\t\t\t\t\t\t<div class=\"elementor-spacer\">\n\t\t\t<div class=\"elementor-spacer-inner\"><\/div>\n\t\t<\/div>\n\t\t\t\t\t\t<\/div>\n\t\t\t\t<\/div>\n\t\t\t\t<div class=\"elementor-element elementor-element-8537ede elementor-widget elementor-widget-heading\" data-id=\"8537ede\" data-element_type=\"widget\" data-e-type=\"widget\" data-widget_type=\"heading.default\">\n\t\t\t\t<div class=\"elementor-widget-container\">\n\t\t\t\t\t<h3 class=\"elementor-heading-title elementor-size-default\">Beantragen Sie das Aufenthaltsrecht eines EU-B\u00fcrgers zur Arbeit<\/h3>\t\t\t\t<\/div>\n\t\t\t\t<\/div>\n\t\t\t\t<div class=\"elementor-element elementor-element-3b27969 color-scheme-inherit text-left elementor-widget elementor-widget-text-editor\" data-id=\"3b27969\" data-element_type=\"widget\" data-e-type=\"widget\" data-widget_type=\"text-editor.default\">\n\t\t\t\t<div class=\"elementor-widget-container\">\n\t\t\t\t\t\t\t\t\t<p>Wenn Sie aus einem EU-Land, einem EWR-Land oder der Schweiz stammen und das Aufenthaltsrecht f\u00fcr EU-B\u00fcrger in den Niederlanden beantragen m\u00f6chten, m\u00fcssen Sie bestimmte Bedingungen erf\u00fcllen:<\/p><ul><li><strong>G\u00fcltige ID:<\/strong>\u00a0Sie m\u00fcssen im Besitz eines g\u00fcltigen Reisepasses oder Personalausweises sein, der f\u00fcr Ihre Identifizierung und Registrierung in den Niederlanden unerl\u00e4sslich ist.<\/li><li><strong>Besch\u00e4ftigungsanforderungen:<\/strong>\u00a0Um die Voraussetzungen f\u00fcr die Teilnahme am Arbeitsleben zu erf\u00fcllen, m\u00fcssen Sie mindestens 16 Stunden pro Woche arbeiten oder mindestens 50% des f\u00fcr Sie geltenden Sozialhilfestandards verdienen.<\/li><li><strong>Krankenkasse:<\/strong>\u00a0ist es obligatorisch, eine niederl\u00e4ndische Krankenversicherung abzuschlie\u00dfen, um die Kosten f\u00fcr die medizinische Versorgung in den Niederlanden zu decken. Damit haben Sie Zugang zu medizinischer Versorgung und sind f\u00fcr alle Gesundheitskosten abgesichert.<\/li><li><strong>Anmeldung bei der Handelskammer:<\/strong>\u00a0Wenn Sie Ihr eigenes Unternehmen haben oder selbst\u00e4ndig sind, sollten Sie sich bei der Handelskammer (CoC) anmelden.<\/li><\/ul><p>Wenn Sie nach dieser dreimonatigen Frist immer noch keine Arbeit gefunden haben, aber \u00fcber ein ausreichendes Einkommen ohne Sozialhilfe verf\u00fcgen, k\u00f6nnen Sie in den Niederlanden bleiben und weiter nach Arbeit suchen.<\/p>\t\t\t\t\t\t\t\t<\/div>\n\t\t\t\t<\/div>\n\t\t\t\t<div class=\"elementor-element elementor-element-f1fa703 elementor-widget elementor-widget-spacer\" data-id=\"f1fa703\" data-element_type=\"widget\" data-e-type=\"widget\" data-widget_type=\"spacer.default\">\n\t\t\t\t<div class=\"elementor-widget-container\">\n\t\t\t\t\t\t\t<div class=\"elementor-spacer\">\n\t\t\t<div class=\"elementor-spacer-inner\"><\/div>\n\t\t<\/div>\n\t\t\t\t\t\t<\/div>\n\t\t\t\t<\/div>\n\t\t\t\t<div class=\"elementor-element elementor-element-b16d5f1 elementor-widget elementor-widget-heading\" data-id=\"b16d5f1\" data-element_type=\"widget\" data-e-type=\"widget\" data-widget_type=\"heading.default\">\n\t\t\t\t<div class=\"elementor-widget-container\">\n\t\t\t\t\t<h3 class=\"elementor-heading-title elementor-size-default\">Beantragung des Aufenthaltsrechts eines EU-B\u00fcrgers zum Studium<\/h3>\t\t\t\t<\/div>\n\t\t\t\t<\/div>\n\t\t\t\t<div class=\"elementor-element elementor-element-cf02ecf color-scheme-inherit text-left elementor-widget elementor-widget-text-editor\" data-id=\"cf02ecf\" data-element_type=\"widget\" data-e-type=\"widget\" data-widget_type=\"text-editor.default\">\n\t\t\t\t<div class=\"elementor-widget-container\">\n\t\t\t\t\t\t\t\t\t<p>Wenn Sie das Aufenthaltsrecht eines EU-B\u00fcrgers f\u00fcr ein Studium in den Niederlanden beantragen m\u00f6chten, m\u00fcssen Sie bestimmte Bedingungen erf\u00fcllen:<\/p><ul><li><strong>G\u00fcltige ID:<\/strong>\u00a0Sie m\u00fcssen im Besitz eines g\u00fcltigen Reisepasses oder Personalausweises sein. Dieses Dokument ist f\u00fcr Ihre Identifizierung und Registrierung in den Niederlanden unerl\u00e4sslich.<\/li><li><strong>Einschreibung in einen anerkannten Schulungskurs:<\/strong> Sie m\u00fcssen an einer Bildungseinrichtung in den Niederlanden eingeschrieben sein, die von den zust\u00e4ndigen Bildungsbeh\u00f6rden offiziell anerkannt ist.<\/li><li><strong>Ausreichende finanzielle Mittel:<\/strong>\u00a0Sie m\u00fcssen \u00fcber ausreichende finanzielle Mittel verf\u00fcgen, um Ihren Lebensunterhalt w\u00e4hrend Ihres Aufenthalts in den Niederlanden bestreiten zu k\u00f6nnen. Dazu geh\u00f6ren Ausgaben wie Unterkunft, Verpflegung, Studienmaterial und andere Kosten.<\/li><li><strong>Krankenkasse:\u00a0<\/strong>Der Abschluss einer niederl\u00e4ndischen Krankenversicherung ist ebenfalls eine der Bedingungen. Diese erm\u00f6glicht den Zugang zu medizinischer Versorgung und die Deckung von Krankheitskosten.<\/li><\/ul><p>Es ist ratsam, bei den niederl\u00e4ndischen Einwanderungsbeh\u00f6rden aktuelle Informationen anzufordern, um sich \u00fcber die Anforderungen f\u00fcr Ihr Studium in den Niederlanden zu informieren.<\/p>\t\t\t\t\t\t\t\t<\/div>\n\t\t\t\t<\/div>\n\t\t\t\t<div class=\"elementor-element elementor-element-d6b6efe elementor-widget elementor-widget-spacer\" data-id=\"d6b6efe\" data-element_type=\"widget\" data-e-type=\"widget\" data-widget_type=\"spacer.default\">\n\t\t\t\t<div class=\"elementor-widget-container\">\n\t\t\t\t\t\t\t<div class=\"elementor-spacer\">\n\t\t\t<div class=\"elementor-spacer-inner\"><\/div>\n\t\t<\/div>\n\t\t\t\t\t\t<\/div>\n\t\t\t\t<\/div>\n\t\t\t\t<div class=\"elementor-element elementor-element-b8b432b elementor-widget elementor-widget-heading\" data-id=\"b8b432b\" data-element_type=\"widget\" data-e-type=\"widget\" data-widget_type=\"heading.default\">\n\t\t\t\t<div class=\"elementor-widget-container\">\n\t\t\t\t\t<h3 class=\"elementor-heading-title elementor-size-default\">Rechtsanwalt, der das Aufenthaltsrecht eines EU-B\u00fcrgers beantragt<\/h3>\t\t\t\t<\/div>\n\t\t\t\t<\/div>\n\t\t\t\t<div class=\"elementor-element elementor-element-6e89e25 color-scheme-inherit text-left elementor-widget elementor-widget-text-editor\" data-id=\"6e89e25\" data-element_type=\"widget\" data-e-type=\"widget\" data-widget_type=\"text-editor.default\">\n\t\t\t\t<div class=\"elementor-widget-container\">\n\t\t\t\t\t\t\t\t\t<p>Wenn Sie als EU-B\u00fcrger erw\u00e4gen, eine Aufenthaltsgenehmigung zu beantragen, ist es ratsam, sich einen <a href=\"https:\/\/www.derbedrosian.nl\/de\/rechtsanwalte-2\/\">Fachanwalt<\/a> beraten. Wenn Sie sich an unsere Anwaltskanzlei wenden, wird ein Anwalt mit Erfahrung in der <a href=\"https:\/\/www.derbedrosian.nl\/de\/gerichtsbarkeiten\/einwanderungsgesetz\/\">Einwanderungsgesetz<\/a> spricht mit Ihnen, f\u00fchrt Sie Schritt f\u00fcr Schritt durch den Prozess und hilft Ihnen bei der Beantragung der Aufenthaltsgenehmigung.<\/p>\t\t\t\t\t\t\t\t<\/div>\n\t\t\t\t<\/div>\n\t\t\t\t\t<\/div>\n\t\t\t\t<\/div>\n\t\t\t\t<\/div>","protected":false},"excerpt":{"rendered":"<p>Verblijfsrecht Nederland verblijfsrecht EU voorwaarden Wat betekent verblijfsrecht? Hoe lang mag je in Europa blijven? advocaat vreemdelingenrecht vreemdelingenrecht advocaat enschede<\/p>","protected":false},"author":1,"featured_media":0,"parent":10627,"menu_order":0,"comment_status":"closed","ping_status":"closed","template":"","meta":{"footnotes":""},"class_list":["post-10692","page","type-page","status-publish","hentry"],"_links":{"self":[{"href":"https:\/\/www.derbedrosian.nl\/de\/wp-json\/wp\/v2\/pages\/10692","targetHints":{"allow":["GET"]}}],"collection":[{"href":"https:\/\/www.derbedrosian.nl\/de\/wp-json\/wp\/v2\/pages"}],"about":[{"href":"https:\/\/www.derbedrosian.nl\/de\/wp-json\/wp\/v2\/types\/page"}],"author":[{"embeddable":true,"href":"https:\/\/www.derbedrosian.nl\/de\/wp-json\/wp\/v2\/users\/1"}],"replies":[{"embeddable":true,"href":"https:\/\/www.derbedrosian.nl\/de\/wp-json\/wp\/v2\/comments?post=10692"}],"version-history":[{"count":0,"href":"https:\/\/www.derbedrosian.nl\/de\/wp-json\/wp\/v2\/pages\/10692\/revisions"}],"up":[{"embeddable":true,"href":"https:\/\/www.derbedrosian.nl\/de\/wp-json\/wp\/v2\/pages\/10627"}],"wp:attachment":[{"href":"https:\/\/www.derbedrosian.nl\/de\/wp-json\/wp\/v2\/media?parent=10692"}],"curies":[{"name":"wp","href":"https:\/\/api.w.org\/{rel}","templated":true}]}}