{"id":10687,"date":"2023-05-26T16:00:31","date_gmt":"2023-05-26T14:00:31","guid":{"rendered":"https:\/\/derbedrosian.nl\/?page_id=10687"},"modified":"2025-12-21T16:03:21","modified_gmt":"2025-12-21T14:03:21","slug":"arbeitserlaubnis","status":"publish","type":"page","link":"https:\/\/www.derbedrosian.nl\/de\/rechtsgebieden\/vreemdelingenrecht\/tewerkstellingsvergunning\/","title":{"rendered":"Arbeitserlaubnis"},"content":{"rendered":"<div data-elementor-type=\"wp-page\" data-elementor-id=\"10687\" class=\"elementor elementor-10687\" data-elementor-post-type=\"page\">\n\t\t\t\t<div class=\"wd-negative-gap elementor-element elementor-element-cb29eb1 e-flex e-con-boxed e-con e-parent\" data-id=\"cb29eb1\" data-element_type=\"container\" data-e-type=\"container\">\n\t\t\t\t\t<div class=\"e-con-inner\">\n\t\t\t\t<div class=\"elementor-element elementor-element-c9696ed elementor-hidden-desktop elementor-hidden-tablet elementor-hidden-mobile elementor-widget elementor-widget-wd_image_or_svg\" data-id=\"c9696ed\" data-element_type=\"widget\" data-e-type=\"widget\" id=\"seo-word\" data-widget_type=\"wd_image_or_svg.default\">\n\t\t\t\t<div class=\"elementor-widget-container\">\n\t\t\t\t\t\n\t\t<div class=\"wd-image text-left\">\n\t\t\t\t\t\t\t\t<img loading=\"lazy\" decoding=\"async\" width=\"1000\" height=\"667\" src=\"https:\/\/www.derbedrosian.nl\/wp-content\/uploads\/rechtsgebied-tewerkstellingsvergunning.jpg\" class=\"attachment-full size-full\" alt=\"Arbeitserlaubnis Antrag Ukraine ind Anwalt\" srcset=\"https:\/\/www.derbedrosian.nl\/wp-content\/uploads\/rechtsgebied-tewerkstellingsvergunning.jpg 1000w, https:\/\/www.derbedrosian.nl\/wp-content\/uploads\/rechtsgebied-tewerkstellingsvergunning-400x267.jpg 400w, https:\/\/www.derbedrosian.nl\/wp-content\/uploads\/rechtsgebied-tewerkstellingsvergunning-768x512.jpg 768w\" sizes=\"auto, (max-width: 1000px) 100vw, 1000px\" title=\"\">\t\t\t\t\t<\/div>\n\n\t\t\t\t\t\t<\/div>\n\t\t\t\t<\/div>\n\t\t\t\t<div class=\"elementor-element elementor-element-7ec710d elementor-hidden-desktop elementor-hidden-tablet elementor-hidden-mobile elementor-widget elementor-widget-heading\" data-id=\"7ec710d\" data-element_type=\"widget\" data-e-type=\"widget\" id=\"seo-word\" data-widget_type=\"heading.default\">\n\t\t\t\t<div class=\"elementor-widget-container\">\n\t\t\t\t\t<h2 class=\"elementor-heading-title elementor-size-default\">Anwalt f\u00fcr Arbeitserlaubnis<\/h2>\t\t\t\t<\/div>\n\t\t\t\t<\/div>\n\t\t\t\t<div class=\"elementor-element elementor-element-2291545 elementor-hidden-desktop elementor-hidden-tablet elementor-hidden-mobile elementor-widget elementor-widget-heading\" data-id=\"2291545\" data-element_type=\"widget\" data-e-type=\"widget\" id=\"seo-word\" data-widget_type=\"heading.default\">\n\t\t\t\t<div class=\"elementor-widget-container\">\n\t\t\t\t\t<h5 class=\"elementor-heading-title elementor-size-default\">Ukraine Arbeitserlaubnis<\/h5>\t\t\t\t<\/div>\n\t\t\t\t<\/div>\n\t\t\t\t<div class=\"elementor-element elementor-element-4cbc071 elementor-hidden-desktop elementor-hidden-tablet elementor-hidden-mobile elementor-widget elementor-widget-heading\" data-id=\"4cbc071\" data-element_type=\"widget\" data-e-type=\"widget\" id=\"seo-word\" data-widget_type=\"heading.default\">\n\t\t\t\t<div class=\"elementor-widget-container\">\n\t\t\t\t\t<h5 class=\"elementor-heading-title elementor-size-default\">Bedingungen f\u00fcr die Arbeitserlaubnis<\/h5>\t\t\t\t<\/div>\n\t\t\t\t<\/div>\n\t\t\t\t<div class=\"elementor-element elementor-element-5a2693f elementor-hidden-desktop elementor-hidden-tablet elementor-hidden-mobile elementor-widget elementor-widget-heading\" data-id=\"5a2693f\" data-element_type=\"widget\" data-e-type=\"widget\" id=\"seo-word\" data-widget_type=\"heading.default\">\n\t\t\t\t<div class=\"elementor-widget-container\">\n\t\t\t\t\t<h5 class=\"elementor-heading-title elementor-size-default\">Einwanderungsgesetz<\/h5>\t\t\t\t<\/div>\n\t\t\t\t<\/div>\n\t\t\t\t<div class=\"elementor-element elementor-element-d9d3038 elementor-hidden-desktop elementor-hidden-tablet elementor-hidden-mobile elementor-widget elementor-widget-heading\" data-id=\"d9d3038\" data-element_type=\"widget\" data-e-type=\"widget\" id=\"seo-word\" data-widget_type=\"heading.default\">\n\t\t\t\t<div class=\"elementor-widget-container\">\n\t\t\t\t\t<h5 class=\"elementor-heading-title elementor-size-default\">arbeitserlaubnis antrag uwv<\/h5>\t\t\t\t<\/div>\n\t\t\t\t<\/div>\n\t\t\t\t<div class=\"elementor-element elementor-element-f7c53d2 elementor-hidden-desktop elementor-hidden-tablet elementor-hidden-mobile elementor-widget elementor-widget-heading\" data-id=\"f7c53d2\" data-element_type=\"widget\" data-e-type=\"widget\" id=\"seo-word\" data-widget_type=\"heading.default\">\n\t\t\t\t<div class=\"elementor-widget-container\">\n\t\t\t\t\t<h5 class=\"elementor-heading-title elementor-size-default\">Anwalt f\u00fcr Einwanderungsrecht enschede<\/h5>\t\t\t\t<\/div>\n\t\t\t\t<\/div>\n\t\t\t\t<div class=\"elementor-element elementor-element-fd4e24b elementor-hidden-desktop elementor-hidden-tablet elementor-hidden-mobile elementor-widget elementor-widget-heading\" data-id=\"fd4e24b\" data-element_type=\"widget\" data-e-type=\"widget\" id=\"seo-word\" data-widget_type=\"heading.default\">\n\t\t\t\t<div class=\"elementor-widget-container\">\n\t\t\t\t\t<h5 class=\"elementor-heading-title elementor-size-default\">Anwalt f\u00fcr Einwanderungsrecht Overijssel<\/h5>\t\t\t\t<\/div>\n\t\t\t\t<\/div>\n\t\t\t\t<div class=\"elementor-element elementor-element-df024ef elementor-hidden-desktop elementor-hidden-tablet elementor-hidden-mobile elementor-widget elementor-widget-heading\" data-id=\"df024ef\" data-element_type=\"widget\" data-e-type=\"widget\" id=\"seo-word\" data-widget_type=\"heading.default\">\n\t\t\t\t<div class=\"elementor-widget-container\">\n\t\t\t\t\t<h5 class=\"elementor-heading-title elementor-size-default\">ausl\u00e4nderrecht enschede<\/h5>\t\t\t\t<\/div>\n\t\t\t\t<\/div>\n\t\t\t\t<div class=\"elementor-element elementor-element-c1c50b9 elementor-hidden-desktop elementor-hidden-tablet elementor-hidden-mobile elementor-widget elementor-widget-heading\" data-id=\"c1c50b9\" data-element_type=\"widget\" data-e-type=\"widget\" id=\"seo-word\" data-widget_type=\"heading.default\">\n\t\t\t\t<div class=\"elementor-widget-container\">\n\t\t\t\t\t<h5 class=\"elementor-heading-title elementor-size-default\">Anwalt enschede Ausl\u00e4nderrecht<\/h5>\t\t\t\t<\/div>\n\t\t\t\t<\/div>\n\t\t\t\t<div class=\"elementor-element elementor-element-3cedad2 elementor-hidden-desktop elementor-hidden-tablet elementor-hidden-mobile elementor-widget elementor-widget-heading\" data-id=\"3cedad2\" data-element_type=\"widget\" data-e-type=\"widget\" id=\"seo-word\" data-widget_type=\"heading.default\">\n\t\t\t\t<div class=\"elementor-widget-container\">\n\t\t\t\t\t<h5 class=\"elementor-heading-title elementor-size-default\">Arbeitserlaubnis oder eine kombinierte Erlaubnis Entzug Arbeitserlaubnis oder kombinierte Aufenthaltserlaubnis und eine kombinierte Erlaubnis wegen des Zwecks<\/h5>\t\t\t\t<\/div>\n\t\t\t\t<\/div>\n\t\t\t\t<div class=\"elementor-element elementor-element-82f4103 elementor-hidden-desktop elementor-hidden-tablet elementor-hidden-mobile elementor-widget elementor-widget-heading\" data-id=\"82f4103\" data-element_type=\"widget\" data-e-type=\"widget\" id=\"seo-word\" data-widget_type=\"heading.default\">\n\t\t\t\t<div class=\"elementor-widget-container\">\n\t\t\t\t\t<h5 class=\"elementor-heading-title elementor-size-default\">In Enschede und Overijssel k\u00f6nnen Sie sich auf die Einwanderungsanw\u00e4lte von Derbedrosian Immigration Lawyers verlassen, die Sie in F\u00e4llen von Arbeitserlaubnissen und damit zusammenh\u00e4ngenden Fragen unterst\u00fctzen k\u00f6nnen.\n\nEine Arbeitserlaubnis ist eine wichtige Genehmigung f\u00fcr Menschen, die aus der Ukraine in die Niederlande kommen wollen, um dort zu arbeiten. Es gibt bestimmte Bedingungen, die bei der Beantragung einer Arbeitserlaubnis erf\u00fcllt werden m\u00fcssen, und das UWV spielt in diesem Prozess eine Rolle.\n\nUnsere Einwanderungsanw\u00e4lte in Enschede haben umfangreiche Erfahrung mit solchen Antr\u00e4gen und k\u00f6nnen Sie \u00fcber die Bedingungen und Verfahren f\u00fcr den Erhalt einer Arbeitserlaubnis beraten.\n\nWenn Sie Fragen zur Arbeitserlaubnis, zur Beantragung beim UWV, zum Entzug der Erlaubnis oder zu anderen einwanderungsrechtlichen Angelegenheiten haben, z\u00f6gern Sie bitte nicht, Derbedrosian Immigration Lawyers zu kontaktieren. Wir sind bereit, Ihnen zu helfen und sicherzustellen, dass Ihre Rechte im Zusammenhang mit der Arbeitserlaubnis und den damit verbundenen Genehmigungen gesch\u00fctzt werden.\n<\/h5>\t\t\t\t<\/div>\n\t\t\t\t<\/div>\n\t\t\t\t<div class=\"elementor-element elementor-element-d8ac0c7 color-scheme-inherit text-left elementor-widget elementor-widget-text-editor\" data-id=\"d8ac0c7\" data-element_type=\"widget\" data-e-type=\"widget\" data-widget_type=\"text-editor.default\">\n\t\t\t\t<div class=\"elementor-widget-container\">\n\t\t\t\t\t\t\t\t\t<p><strong>Um in den Niederlanden zu arbeiten, ist manchmal eine besondere Genehmigung erforderlich. Wir nennen diese Genehmigung \u2018Arbeitserlaubnis\u2019 (TWV). Normalerweise brauchen Drittstaatsangeh\u00f6rige (Menschen, die von au\u00dferhalb der EU kommen) eine solche Erlaubnis.<\/strong><\/p>\t\t\t\t\t\t\t\t<\/div>\n\t\t\t\t<\/div>\n\t\t\t\t<div class=\"elementor-element elementor-element-1e21452 elementor-widget elementor-widget-spacer\" data-id=\"1e21452\" data-element_type=\"widget\" data-e-type=\"widget\" data-widget_type=\"spacer.default\">\n\t\t\t\t<div class=\"elementor-widget-container\">\n\t\t\t\t\t\t\t<div class=\"elementor-spacer\">\n\t\t\t<div class=\"elementor-spacer-inner\"><\/div>\n\t\t<\/div>\n\t\t\t\t\t\t<\/div>\n\t\t\t\t<\/div>\n\t\t\t\t<div class=\"elementor-element elementor-element-c0835ec elementor-widget elementor-widget-heading\" data-id=\"c0835ec\" data-element_type=\"widget\" data-e-type=\"widget\" data-widget_type=\"heading.default\">\n\t\t\t\t<div class=\"elementor-widget-container\">\n\t\t\t\t\t<h3 class=\"elementor-heading-title elementor-size-default\">Was ist eine Arbeitserlaubnis?<\/h3>\t\t\t\t<\/div>\n\t\t\t\t<\/div>\n\t\t\t\t<div class=\"elementor-element elementor-element-2664ed6 color-scheme-inherit text-left elementor-widget elementor-widget-text-editor\" data-id=\"2664ed6\" data-element_type=\"widget\" data-e-type=\"widget\" data-widget_type=\"text-editor.default\">\n\t\t\t\t<div class=\"elementor-widget-container\">\n\t\t\t\t\t\t\t\t\t<p>Eine Arbeitserlaubnis (TWV) kann als notwendige Genehmigung angesehen werden, die ausl\u00e4ndische Arbeitnehmer ben\u00f6tigen, um legal in den Niederlanden zu arbeiten. Das Verfahren erfordert eine sorgf\u00e4ltige Einhaltung der Gesetze und Vorschriften. Sowohl Arbeitgeber als auch Arbeitnehmer m\u00fcssen \u00fcber diesen Prozess gut informiert sein, um ein erfolgreiches und rechtm\u00e4\u00dfiges Arbeitsverh\u00e4ltnis zu erhalten.<\/p>\t\t\t\t\t\t\t\t<\/div>\n\t\t\t\t<\/div>\n\t\t\t\t<div class=\"elementor-element elementor-element-d52921b elementor-widget elementor-widget-spacer\" data-id=\"d52921b\" data-element_type=\"widget\" data-e-type=\"widget\" data-widget_type=\"spacer.default\">\n\t\t\t\t<div class=\"elementor-widget-container\">\n\t\t\t\t\t\t\t<div class=\"elementor-spacer\">\n\t\t\t<div class=\"elementor-spacer-inner\"><\/div>\n\t\t<\/div>\n\t\t\t\t\t\t<\/div>\n\t\t\t\t<\/div>\n\t\t\t\t<div class=\"elementor-element elementor-element-c3d1e8d elementor-widget elementor-widget-heading\" data-id=\"c3d1e8d\" data-element_type=\"widget\" data-e-type=\"widget\" data-widget_type=\"heading.default\">\n\t\t\t\t<div class=\"elementor-widget-container\">\n\t\t\t\t\t<h3 class=\"elementor-heading-title elementor-size-default\">Bedingungen f\u00fcr die Arbeitserlaubnis (TWV)<\/h3>\t\t\t\t<\/div>\n\t\t\t\t<\/div>\n\t\t\t\t<div class=\"elementor-element elementor-element-718c8cd color-scheme-inherit text-left elementor-widget elementor-widget-text-editor\" data-id=\"718c8cd\" data-element_type=\"widget\" data-e-type=\"widget\" data-widget_type=\"text-editor.default\">\n\t\t\t\t<div class=\"elementor-widget-container\">\n\t\t\t\t\t\t\t\t\t<p>Um eine Arbeitserlaubnis (TWV) zu erhalten, m\u00fcssen einige wichtige Bedingungen erf\u00fcllt werden. Wir haben diese Bedingungen unten aufgef\u00fchrt:<\/p><ul><li><strong>Einhaltung der Arbeitsbedingungen und der Gesetzgebung:<\/strong> der Arbeitgeber muss zu jeder Zeit die geltenden Arbeitsbedingungen einhalten und darf nicht gegen das Arbeitsrecht versto\u00dfen. Dazu geh\u00f6ren Dinge wie die Einhaltung von Mindestl\u00f6hnen, die Gew\u00e4hrleistung angemessener Arbeitsbedingungen und die Einhaltung der Arbeitszeiten gem\u00e4\u00df den gesetzlichen Bestimmungen. Es ist von gr\u00f6\u00dfter Bedeutung, dass der Arbeitsplatz den gesetzlichen Standards entspricht.<\/li><li><strong>G\u00fcltige Aufenthaltsgenehmigung:<\/strong>\u00a0Eine wichtige Voraussetzung ist, dass der Arbeitnehmer bereits eine g\u00fcltige Aufenthaltserlaubnis f\u00fcr den Aufenthalt und die Arbeit in den Niederlanden hat.<\/li><\/ul><p>Wenn Sie als Arbeitgeber eine TWV beantragen m\u00f6chten, m\u00fcssen Sie diesen Antrag beim UWV (Uitvoeringsinstituut Werknemersverzekeringen) einreichen. Bitte beachten Sie, dass es einige Wochen dauern kann, bis eine Entscheidung \u00fcber Ihren Antrag getroffen wird.<\/p><p>Das Vers\u00e4umnis, eine TWV zu beantragen, kann schwerwiegende Folgen f\u00fcr ein Unternehmen haben, einschlie\u00dflich Geldstrafen von bis zu 8.000 \u20ac f\u00fcr die Besch\u00e4ftigung von Arbeitnehmern ohne die erforderliche Genehmigung. Es ist daher von gr\u00f6\u00dfter Wichtigkeit, dass Arbeitgeber die Gesetze und Vorschriften zur Arbeitserlaubnis genau befolgen, um rechtliche Probleme und finanzielle Strafen zu vermeiden.<\/p>\t\t\t\t\t\t\t\t<\/div>\n\t\t\t\t<\/div>\n\t\t\t\t<div class=\"elementor-element elementor-element-92e0758 elementor-widget elementor-widget-spacer\" data-id=\"92e0758\" data-element_type=\"widget\" data-e-type=\"widget\" data-widget_type=\"spacer.default\">\n\t\t\t\t<div class=\"elementor-widget-container\">\n\t\t\t\t\t\t\t<div class=\"elementor-spacer\">\n\t\t\t<div class=\"elementor-spacer-inner\"><\/div>\n\t\t<\/div>\n\t\t\t\t\t\t<\/div>\n\t\t\t\t<\/div>\n\t\t\t\t<div class=\"elementor-element elementor-element-2369330 elementor-widget elementor-widget-heading\" data-id=\"2369330\" data-element_type=\"widget\" data-e-type=\"widget\" data-widget_type=\"heading.default\">\n\t\t\t\t<div class=\"elementor-widget-container\">\n\t\t\t\t\t<h3 class=\"elementor-heading-title elementor-size-default\">Wie beantrage ich als Arbeitgeber eine Arbeitserlaubnis?<\/h3>\t\t\t\t<\/div>\n\t\t\t\t<\/div>\n\t\t\t\t<div class=\"elementor-element elementor-element-3e68711 color-scheme-inherit text-left elementor-widget elementor-widget-text-editor\" data-id=\"3e68711\" data-element_type=\"widget\" data-e-type=\"widget\" data-widget_type=\"text-editor.default\">\n\t\t\t\t<div class=\"elementor-widget-container\">\n\t\t\t\t\t\t\t\t\t<ul><li><strong>Bewerbung bei UWV:<\/strong> bei der UWV hat ein Arbeitgeber die M\u00f6glichkeit, die Besch\u00e4ftigungserlaubnis zu beantragen. Es ist wichtig zu wissen, dass diese Genehmigung sowohl personen- als auch arbeitsbezogen ist, d.h. sie gilt speziell f\u00fcr einen bestimmten Mitarbeiter und eine bestimmte Stelle.<\/li><li><strong>UWV Bewertung:<\/strong> das UWV pr\u00fcft den Antrag und entscheidet innerhalb von maximal f\u00fcnf Wochen \u00fcber die Erteilung der Genehmigung.<\/li><\/ul>\t\t\t\t\t\t\t\t<\/div>\n\t\t\t\t<\/div>\n\t\t\t\t<div class=\"elementor-element elementor-element-d6af95f elementor-widget elementor-widget-spacer\" data-id=\"d6af95f\" data-element_type=\"widget\" data-e-type=\"widget\" data-widget_type=\"spacer.default\">\n\t\t\t\t<div class=\"elementor-widget-container\">\n\t\t\t\t\t\t\t<div class=\"elementor-spacer\">\n\t\t\t<div class=\"elementor-spacer-inner\"><\/div>\n\t\t<\/div>\n\t\t\t\t\t\t<\/div>\n\t\t\t\t<\/div>\n\t\t\t\t<div class=\"elementor-element elementor-element-9797714 elementor-widget elementor-widget-heading\" data-id=\"9797714\" data-element_type=\"widget\" data-e-type=\"widget\" data-widget_type=\"heading.default\">\n\t\t\t\t<div class=\"elementor-widget-container\">\n\t\t\t\t\t<h3 class=\"elementor-heading-title elementor-size-default\">Arbeitserlaubnis Ukraine<\/h3>\t\t\t\t<\/div>\n\t\t\t\t<\/div>\n\t\t\t\t<div class=\"elementor-element elementor-element-cbd87c1 color-scheme-inherit text-left elementor-widget elementor-widget-text-editor\" data-id=\"cbd87c1\" data-element_type=\"widget\" data-e-type=\"widget\" data-widget_type=\"text-editor.default\">\n\t\t\t\t<div class=\"elementor-widget-container\">\n\t\t\t\t\t\t\t\t\t<p>F\u00fcr Arbeitnehmer aus der Ukraine gelten besondere und g\u00fcnstige Regelungen f\u00fcr die Arbeitserlaubnis in den Niederlanden. Im Gegensatz zu vielen anderen Nicht-EU-B\u00fcrgern m\u00fcssen Sie f\u00fcr ukrainische Arbeitnehmer keine Arbeitserlaubnis beantragen, wenn sie bestimmte Kriterien erf\u00fcllen. Diese Kriterien lauten wie folgt:<\/p><ul><li><strong>Gem\u00e4\u00df der Richtlinie der Europ\u00e4ischen Union zum vor\u00fcbergehenden Schutz:<\/strong>\u00a0Zun\u00e4chst einmal muss Ihr Arbeitnehmer unter die 'Richtlinie der Europ\u00e4ischen Union \u00fcber den vor\u00fcbergehenden Schutz' fallen. Diese Richtlinie gilt f\u00fcr ukrainische Staatsb\u00fcrger, die aufgrund besonderer Umst\u00e4nde in ihrem Heimatland vor\u00fcbergehenden Schutz in der EU suchen. Dies kann zum Beispiel bei politischer Instabilit\u00e4t, bewaffneten Konflikten oder schweren Menschenrechtsverletzungen in der Ukraine der Fall sein.<\/li><li><strong>Arbeitsvertrag:<\/strong>\u00a0Zweitens ist es wichtig, dass Ihr ukrainischer Arbeitnehmer einen g\u00fcltigen Arbeitsvertrag hat. Das bedeutet, dass es eine schriftliche Vereinbarung zwischen dem Arbeitnehmer und dem Arbeitgeber geben muss, in der die Arbeitsbedingungen wie Gehalt, Arbeitszeit und Stellenbeschreibung festgelegt sind. Dieser Arbeitsvertrag sollte den gesetzlichen Anforderungen entsprechen, die f\u00fcr Arbeitsvertr\u00e4ge in den Niederlanden gelten.<\/li><\/ul>\t\t\t\t\t\t\t\t<\/div>\n\t\t\t\t<\/div>\n\t\t\t\t<div class=\"elementor-element elementor-element-e9eb7f5 elementor-widget elementor-widget-spacer\" data-id=\"e9eb7f5\" data-element_type=\"widget\" data-e-type=\"widget\" data-widget_type=\"spacer.default\">\n\t\t\t\t<div class=\"elementor-widget-container\">\n\t\t\t\t\t\t\t<div class=\"elementor-spacer\">\n\t\t\t<div class=\"elementor-spacer-inner\"><\/div>\n\t\t<\/div>\n\t\t\t\t\t\t<\/div>\n\t\t\t\t<\/div>\n\t\t\t\t<div class=\"elementor-element elementor-element-fa39963 elementor-widget elementor-widget-heading\" data-id=\"fa39963\" data-element_type=\"widget\" data-e-type=\"widget\" data-widget_type=\"heading.default\">\n\t\t\t\t<div class=\"elementor-widget-container\">\n\t\t\t\t\t<h3 class=\"elementor-heading-title elementor-size-default\">Wie lange ist eine Arbeitserlaubnis (TWV) g\u00fcltig?<\/h3>\t\t\t\t<\/div>\n\t\t\t\t<\/div>\n\t\t\t\t<div class=\"elementor-element elementor-element-0373861 color-scheme-inherit text-left elementor-widget elementor-widget-text-editor\" data-id=\"0373861\" data-element_type=\"widget\" data-e-type=\"widget\" data-widget_type=\"text-editor.default\">\n\t\t\t\t<div class=\"elementor-widget-container\">\n\t\t\t\t\t\t\t\t\t<p>Normalerweise hat eine Arbeitserlaubnis (TWV) eine G\u00fcltigkeitsdauer von bis zu einem Jahr. Dies ist der Standardzeitraum, der festgelegt wurde, um sicherzustellen, dass sowohl der Arbeitgeber als auch der Arbeitnehmer die Bedingungen einhalten, und um regelm\u00e4\u00dfige Kontrollen der Einhaltung der Einwanderungsgesetze zu erm\u00f6glichen. Es ist wichtig zu wissen, dass es F\u00e4lle gibt, in denen die G\u00fcltigkeitsdauer einer TWV verl\u00e4ngert werden kann, und in einigen Situationen kann diese Verl\u00e4ngerung bis zu drei Jahre betragen.<\/p><p>Die M\u00f6glichkeit der Verl\u00e4ngerung eines TWV h\u00e4ngt von mehreren Faktoren ab, darunter die spezifische Besch\u00e4ftigungssituation und die zum Zeitpunkt der Verl\u00e4ngerung geltenden Gesetze und Vorschriften. Der Einwanderungs- und Einb\u00fcrgerungsdienst (IND) hat strenge Leitlinien und Anforderungen f\u00fcr die Gew\u00e4hrung von Verl\u00e4ngerungen. Es ist wichtig, diese genau zu befolgen, um eine erfolgreiche Verl\u00e4ngerung zu erhalten.<\/p>\t\t\t\t\t\t\t\t<\/div>\n\t\t\t\t<\/div>\n\t\t\t\t<div class=\"elementor-element elementor-element-fc468f6 elementor-widget elementor-widget-spacer\" data-id=\"fc468f6\" data-element_type=\"widget\" data-e-type=\"widget\" data-widget_type=\"spacer.default\">\n\t\t\t\t<div class=\"elementor-widget-container\">\n\t\t\t\t\t\t\t<div class=\"elementor-spacer\">\n\t\t\t<div class=\"elementor-spacer-inner\"><\/div>\n\t\t<\/div>\n\t\t\t\t\t\t<\/div>\n\t\t\t\t<\/div>\n\t\t\t\t<div class=\"elementor-element elementor-element-5809e3f elementor-widget elementor-widget-heading\" data-id=\"5809e3f\" data-element_type=\"widget\" data-e-type=\"widget\" data-widget_type=\"heading.default\">\n\t\t\t\t<div class=\"elementor-widget-container\">\n\t\t\t\t\t<h3 class=\"elementor-heading-title elementor-size-default\">Besondere Situationen<\/h3>\t\t\t\t<\/div>\n\t\t\t\t<\/div>\n\t\t\t\t<div class=\"elementor-element elementor-element-511e4b7 color-scheme-inherit text-left elementor-widget elementor-widget-text-editor\" data-id=\"511e4b7\" data-element_type=\"widget\" data-e-type=\"widget\" data-widget_type=\"text-editor.default\">\n\t\t\t\t<div class=\"elementor-widget-container\">\n\t\t\t\t\t\t\t\t\tF\u00fcr bestimmte Situationen gibt es Ausnahmen. So gibt es zum Beispiel eine Sonderregelung f\u00fcr K\u00f6che in asiatischen Restaurants, die es ihnen unter bestimmten strengen Bedingungen erleichtert, ein TWV zu erhalten. Auch andere Sonderkategorien gelten unter bestimmten Bedingungen, wie z.B. Musiker oder Lehrer an internationalen Hochschulen und Universit\u00e4ten.\t\t\t\t\t\t\t\t<\/div>\n\t\t\t\t<\/div>\n\t\t\t\t<div class=\"elementor-element elementor-element-443e13f elementor-widget elementor-widget-spacer\" data-id=\"443e13f\" data-element_type=\"widget\" data-e-type=\"widget\" data-widget_type=\"spacer.default\">\n\t\t\t\t<div class=\"elementor-widget-container\">\n\t\t\t\t\t\t\t<div class=\"elementor-spacer\">\n\t\t\t<div class=\"elementor-spacer-inner\"><\/div>\n\t\t<\/div>\n\t\t\t\t\t\t<\/div>\n\t\t\t\t<\/div>\n\t\t\t\t<div class=\"elementor-element elementor-element-721cbed elementor-widget elementor-widget-heading\" data-id=\"721cbed\" data-element_type=\"widget\" data-e-type=\"widget\" data-widget_type=\"heading.default\">\n\t\t\t\t<div class=\"elementor-widget-container\">\n\t\t\t\t\t<h3 class=\"elementor-heading-title elementor-size-default\">Anwalt f\u00fcr Arbeitserlaubnis<\/h3>\t\t\t\t<\/div>\n\t\t\t\t<\/div>\n\t\t\t\t<div class=\"elementor-element elementor-element-ecdef05 color-scheme-inherit text-left elementor-widget elementor-widget-text-editor\" data-id=\"ecdef05\" data-element_type=\"widget\" data-e-type=\"widget\" data-widget_type=\"text-editor.default\">\n\t\t\t\t<div class=\"elementor-widget-container\">\n\t\t\t\t\t\t\t\t\t<p>Die Beantragung einer Arbeitserlaubnis (TWV) ist kein einfacher Prozess und kann einige Zeit in Anspruch nehmen.<\/p><p>Es ist ratsam, einen unserer Anw\u00e4lte so schnell wie m\u00f6glich zu beauftragen. <a href=\"https:\/\/www.derbedrosian.nl\/de\/rechtsanwalte-2\/\">Unsere Anw\u00e4lte<\/a> sind spezialisiert auf die <a href=\"https:\/\/www.derbedrosian.nl\/de\/gerichtsbarkeiten\/einwanderungsgesetz\/\">Einwanderungsgesetz<\/a> und k\u00f6nnen Ihnen helfen, eine TWV zu beantragen. Wenden Sie sich an uns, um weitere rechtliche Hilfe zu erhalten.<\/p>\t\t\t\t\t\t\t\t<\/div>\n\t\t\t\t<\/div>\n\t\t\t\t\t<\/div>\n\t\t\t\t<\/div>\n\t\t\t\t<\/div>","protected":false},"excerpt":{"rendered":"<p>Advocaat tewerkstellingsvergunning Oekra\u00efne tewerkstellingsvergunning Voorwaarden tewerkstellingsvergunning vreemdelingenrecht tewerkstellingsvergunning aanvragen uwv vreemdelingenrecht advocaat enschede vreemdelingenrecht advocaat overijssel vreemdelingenrecht enschede advocaat enschede<\/p>","protected":false},"author":1,"featured_media":0,"parent":10627,"menu_order":0,"comment_status":"closed","ping_status":"closed","template":"","meta":{"footnotes":""},"class_list":["post-10687","page","type-page","status-publish","hentry"],"_links":{"self":[{"href":"https:\/\/www.derbedrosian.nl\/de\/wp-json\/wp\/v2\/pages\/10687","targetHints":{"allow":["GET"]}}],"collection":[{"href":"https:\/\/www.derbedrosian.nl\/de\/wp-json\/wp\/v2\/pages"}],"about":[{"href":"https:\/\/www.derbedrosian.nl\/de\/wp-json\/wp\/v2\/types\/page"}],"author":[{"embeddable":true,"href":"https:\/\/www.derbedrosian.nl\/de\/wp-json\/wp\/v2\/users\/1"}],"replies":[{"embeddable":true,"href":"https:\/\/www.derbedrosian.nl\/de\/wp-json\/wp\/v2\/comments?post=10687"}],"version-history":[{"count":0,"href":"https:\/\/www.derbedrosian.nl\/de\/wp-json\/wp\/v2\/pages\/10687\/revisions"}],"up":[{"embeddable":true,"href":"https:\/\/www.derbedrosian.nl\/de\/wp-json\/wp\/v2\/pages\/10627"}],"wp:attachment":[{"href":"https:\/\/www.derbedrosian.nl\/de\/wp-json\/wp\/v2\/media?parent=10687"}],"curies":[{"name":"wp","href":"https:\/\/api.w.org\/{rel}","templated":true}]}}