{"id":10682,"date":"2023-05-26T15:50:36","date_gmt":"2023-05-26T13:50:36","guid":{"rendered":"https:\/\/derbedrosian.nl\/?page_id=10682"},"modified":"2025-12-21T16:01:40","modified_gmt":"2025-12-21T14:01:40","slug":"ruckkehrentscheidung","status":"publish","type":"page","link":"https:\/\/www.derbedrosian.nl\/de\/rechtsgebieden\/vreemdelingenrecht\/terugkeerbesluit\/","title":{"rendered":"Entscheidung zur R\u00fcckkehr"},"content":{"rendered":"<div data-elementor-type=\"wp-page\" data-elementor-id=\"10682\" class=\"elementor elementor-10682\" data-elementor-post-type=\"page\">\n\t\t\t\t<div class=\"wd-negative-gap elementor-element elementor-element-a587312 e-flex e-con-boxed e-con e-parent\" data-id=\"a587312\" data-element_type=\"container\" data-e-type=\"container\">\n\t\t\t\t\t<div class=\"e-con-inner\">\n\t\t\t\t<div class=\"elementor-element elementor-element-bf3d679 elementor-hidden-desktop elementor-hidden-tablet elementor-hidden-mobile elementor-widget elementor-widget-wd_image_or_svg\" data-id=\"bf3d679\" data-element_type=\"widget\" data-e-type=\"widget\" id=\"seo-word\" data-widget_type=\"wd_image_or_svg.default\">\n\t\t\t\t<div class=\"elementor-widget-container\">\n\t\t\t\t\t\n\t\t<div class=\"wd-image text-left\">\n\t\t\t\t\t\t\t\t<img loading=\"lazy\" decoding=\"async\" width=\"1000\" height=\"668\" src=\"https:\/\/www.derbedrosian.nl\/wp-content\/uploads\/rechtsgebied-terugkeerbesluit.jpg\" class=\"attachment-full size-full\" alt=\"R\u00fcckgabeentscheidung aufgehoben Anwalt Urteil Berufung R\u00fcckgabeentscheidung\" srcset=\"https:\/\/www.derbedrosian.nl\/wp-content\/uploads\/rechtsgebied-terugkeerbesluit.jpg 1000w, https:\/\/www.derbedrosian.nl\/wp-content\/uploads\/rechtsgebied-terugkeerbesluit-400x267.jpg 400w, https:\/\/www.derbedrosian.nl\/wp-content\/uploads\/rechtsgebied-terugkeerbesluit-768x513.jpg 768w\" sizes=\"auto, (max-width: 1000px) 100vw, 1000px\" title=\"\">\t\t\t\t\t<\/div>\n\n\t\t\t\t\t\t<\/div>\n\t\t\t\t<\/div>\n\t\t\t\t<div class=\"elementor-element elementor-element-d4b308a elementor-hidden-desktop elementor-hidden-tablet elementor-hidden-mobile elementor-widget elementor-widget-heading\" data-id=\"d4b308a\" data-element_type=\"widget\" data-e-type=\"widget\" id=\"seo-word\" data-widget_type=\"heading.default\">\n\t\t\t\t<div class=\"elementor-widget-container\">\n\t\t\t\t\t<h2 class=\"elementor-heading-title elementor-size-default\">Entscheidung \u00fcber die R\u00fcckgabe eines Anwalts<\/h2>\t\t\t\t<\/div>\n\t\t\t\t<\/div>\n\t\t\t\t<div class=\"elementor-element elementor-element-4755776 elementor-hidden-desktop elementor-hidden-tablet elementor-hidden-mobile elementor-widget elementor-widget-heading\" data-id=\"4755776\" data-element_type=\"widget\" data-e-type=\"widget\" id=\"seo-word\" data-widget_type=\"heading.default\">\n\t\t\t\t<div class=\"elementor-widget-container\">\n\t\t\t\t\t<h5 class=\"elementor-heading-title elementor-size-default\">Entscheidung \u00fcber die R\u00fcckgabe<\/h5>\t\t\t\t<\/div>\n\t\t\t\t<\/div>\n\t\t\t\t<div class=\"elementor-element elementor-element-57b379b elementor-hidden-desktop elementor-hidden-tablet elementor-hidden-mobile elementor-widget elementor-widget-heading\" data-id=\"57b379b\" data-element_type=\"widget\" data-e-type=\"widget\" id=\"seo-word\" data-widget_type=\"heading.default\">\n\t\t\t\t<div class=\"elementor-widget-container\">\n\t\t\t\t\t<h5 class=\"elementor-heading-title elementor-size-default\">Berufung R\u00fcckgabe Entscheidung<\/h5>\t\t\t\t<\/div>\n\t\t\t\t<\/div>\n\t\t\t\t<div class=\"elementor-element elementor-element-dea1465 elementor-hidden-desktop elementor-hidden-tablet elementor-hidden-mobile elementor-widget elementor-widget-heading\" data-id=\"dea1465\" data-element_type=\"widget\" data-e-type=\"widget\" id=\"seo-word\" data-widget_type=\"heading.default\">\n\t\t\t\t<div class=\"elementor-widget-container\">\n\t\t\t\t\t<h5 class=\"elementor-heading-title elementor-size-default\">Aufhebung der R\u00fcckf\u00fchrungsentscheidung<\/h5>\t\t\t\t<\/div>\n\t\t\t\t<\/div>\n\t\t\t\t<div class=\"elementor-element elementor-element-e9d6bb1 elementor-hidden-desktop elementor-hidden-tablet elementor-hidden-mobile elementor-widget elementor-widget-heading\" data-id=\"e9d6bb1\" data-element_type=\"widget\" data-e-type=\"widget\" id=\"seo-word\" data-widget_type=\"heading.default\">\n\t\t\t\t<div class=\"elementor-widget-container\">\n\t\t\t\t\t<h5 class=\"elementor-heading-title elementor-size-default\">Einwanderungsgesetz<\/h5>\t\t\t\t<\/div>\n\t\t\t\t<\/div>\n\t\t\t\t<div class=\"elementor-element elementor-element-5ccea5a elementor-hidden-desktop elementor-hidden-tablet elementor-hidden-mobile elementor-widget elementor-widget-heading\" data-id=\"5ccea5a\" data-element_type=\"widget\" data-e-type=\"widget\" id=\"seo-word\" data-widget_type=\"heading.default\">\n\t\t\t\t<div class=\"elementor-widget-container\">\n\t\t\t\t\t<h5 class=\"elementor-heading-title elementor-size-default\">Anwalt f\u00fcr Einwanderungsrecht enschede<\/h5>\t\t\t\t<\/div>\n\t\t\t\t<\/div>\n\t\t\t\t<div class=\"elementor-element elementor-element-3129534 elementor-hidden-desktop elementor-hidden-tablet elementor-hidden-mobile elementor-widget elementor-widget-heading\" data-id=\"3129534\" data-element_type=\"widget\" data-e-type=\"widget\" id=\"seo-word\" data-widget_type=\"heading.default\">\n\t\t\t\t<div class=\"elementor-widget-container\">\n\t\t\t\t\t<h5 class=\"elementor-heading-title elementor-size-default\">Anwalt f\u00fcr Einwanderungsrecht Overijssel<\/h5>\t\t\t\t<\/div>\n\t\t\t\t<\/div>\n\t\t\t\t<div class=\"elementor-element elementor-element-3189326 elementor-hidden-desktop elementor-hidden-tablet elementor-hidden-mobile elementor-widget elementor-widget-heading\" data-id=\"3189326\" data-element_type=\"widget\" data-e-type=\"widget\" id=\"seo-word\" data-widget_type=\"heading.default\">\n\t\t\t\t<div class=\"elementor-widget-container\">\n\t\t\t\t\t<h5 class=\"elementor-heading-title elementor-size-default\">ausl\u00e4nderrecht enschede<\/h5>\t\t\t\t<\/div>\n\t\t\t\t<\/div>\n\t\t\t\t<div class=\"elementor-element elementor-element-1d82020 color-scheme-inherit text-left elementor-widget elementor-widget-text-editor\" data-id=\"1d82020\" data-element_type=\"widget\" data-e-type=\"widget\" id=\"seo-word\" data-widget_type=\"text-editor.default\">\n\t\t\t\t<div class=\"elementor-widget-container\">\n\t\t\t\t\t\t\t\t\t<p>R\u00fcckkehrbeschluss und Einreiseverbot f\u00fcr die Niederlande aus eigenem Antrieb, d. h. das Verfahren und die Schritte, die f\u00fcr die R\u00fcckkehr in das Herkunftsland unternommen werden, sowie die spezifischen Bedingungen und Vorschriften, die f\u00fcr den R\u00fcckkehrbeschluss und das Einreiseverbot gelten.<\/p>\t\t\t\t\t\t\t\t<\/div>\n\t\t\t\t<\/div>\n\t\t\t\t<div class=\"elementor-element elementor-element-09494fd elementor-hidden-desktop elementor-hidden-tablet elementor-hidden-mobile elementor-widget elementor-widget-heading\" data-id=\"09494fd\" data-element_type=\"widget\" data-e-type=\"widget\" id=\"seo-word\" data-widget_type=\"heading.default\">\n\t\t\t\t<div class=\"elementor-widget-container\">\n\t\t\t\t\t<h5 class=\"elementor-heading-title elementor-size-default\">Anwalt enschede Ausl\u00e4nderrecht<\/h5>\t\t\t\t<\/div>\n\t\t\t\t<\/div>\n\t\t\t\t<div class=\"elementor-element elementor-element-7811f20 color-scheme-inherit text-left elementor-widget elementor-widget-text-editor\" data-id=\"7811f20\" data-element_type=\"widget\" data-e-type=\"widget\" data-widget_type=\"text-editor.default\">\n\t\t\t\t<div class=\"elementor-widget-container\">\n\t\t\t\t\t\t\t\t\t<p><strong>In den Niederlanden bezieht sich der Begriff 'R\u00fcckkehrentscheidung' auf ein spezielles rechtliches Verfahren f\u00fcr Personen, die sich ohne den erforderlichen Aufenthaltsstatus im Land aufhalten. Diese Entscheidung hat wichtige rechtliche Auswirkungen und wirkt sich auf den Aufenthalt von Personen in den Niederlanden aus.<\/strong><\/p>\t\t\t\t\t\t\t\t<\/div>\n\t\t\t\t<\/div>\n\t\t\t\t<div class=\"elementor-element elementor-element-dd3db22 elementor-widget elementor-widget-spacer\" data-id=\"dd3db22\" data-element_type=\"widget\" data-e-type=\"widget\" data-widget_type=\"spacer.default\">\n\t\t\t\t<div class=\"elementor-widget-container\">\n\t\t\t\t\t\t\t<div class=\"elementor-spacer\">\n\t\t\t<div class=\"elementor-spacer-inner\"><\/div>\n\t\t<\/div>\n\t\t\t\t\t\t<\/div>\n\t\t\t\t<\/div>\n\t\t\t\t<div class=\"elementor-element elementor-element-692aab6 elementor-widget elementor-widget-heading\" data-id=\"692aab6\" data-element_type=\"widget\" data-e-type=\"widget\" data-widget_type=\"heading.default\">\n\t\t\t\t<div class=\"elementor-widget-container\">\n\t\t\t\t\t<h3 class=\"elementor-heading-title elementor-size-default\">Was ist eine R\u00fcckkehrentscheidung?<\/h3>\t\t\t\t<\/div>\n\t\t\t\t<\/div>\n\t\t\t\t<div class=\"elementor-element elementor-element-fb6855a color-scheme-inherit text-left elementor-widget elementor-widget-text-editor\" data-id=\"fb6855a\" data-element_type=\"widget\" data-e-type=\"widget\" data-widget_type=\"text-editor.default\">\n\t\t\t\t<div class=\"elementor-widget-container\">\n\t\t\t\t\t\t\t\t\t<p>Eine R\u00fcckf\u00fchrungsentscheidung ist eine juristische Erkl\u00e4rung, die einfach bedeutet, dass Ihr Aufenthalt in den Niederlanden illegal ist und Sie verpflichtet sind, das Land sowie alle EU\/EWR-L\u00e4nder und die Schweiz zu verlassen. Diese Situation tritt ein, wenn Ihr Antrag auf ein befristetes Aufenthaltsvisum abgelehnt wird. Manchmal kann sogar ein Einreiseverbot verh\u00e4ngt werden, was bedeutet, dass Sie f\u00fcr einen bestimmten Zeitraum nicht wieder in das Land einreisen d\u00fcrfen. Dies ist insbesondere dann der Fall, wenn die Ablehnung mit einer St\u00f6rung der \u00f6ffentlichen Ordnung zusammenh\u00e4ngt.<\/p>\t\t\t\t\t\t\t\t<\/div>\n\t\t\t\t<\/div>\n\t\t\t\t<div class=\"elementor-element elementor-element-9130cb7 elementor-widget elementor-widget-spacer\" data-id=\"9130cb7\" data-element_type=\"widget\" data-e-type=\"widget\" data-widget_type=\"spacer.default\">\n\t\t\t\t<div class=\"elementor-widget-container\">\n\t\t\t\t\t\t\t<div class=\"elementor-spacer\">\n\t\t\t<div class=\"elementor-spacer-inner\"><\/div>\n\t\t<\/div>\n\t\t\t\t\t\t<\/div>\n\t\t\t\t<\/div>\n\t\t\t\t<div class=\"elementor-element elementor-element-c76a020 elementor-widget elementor-widget-heading\" data-id=\"c76a020\" data-element_type=\"widget\" data-e-type=\"widget\" data-widget_type=\"heading.default\">\n\t\t\t\t<div class=\"elementor-widget-container\">\n\t\t\t\t\t<h3 class=\"elementor-heading-title elementor-size-default\">F\u00fcr wen gilt eine R\u00fcckkehrentscheidung?\n<\/h3>\t\t\t\t<\/div>\n\t\t\t\t<\/div>\n\t\t\t\t<div class=\"elementor-element elementor-element-85d8417 color-scheme-inherit text-left elementor-widget elementor-widget-text-editor\" data-id=\"85d8417\" data-element_type=\"widget\" data-e-type=\"widget\" data-widget_type=\"text-editor.default\">\n\t\t\t\t<div class=\"elementor-widget-container\">\n\t\t\t\t\t\t\t\t\t<p>Die R\u00fcckkehrentscheidung ist eine rechtliche Ma\u00dfnahme, die f\u00fcr Personen gilt, die nicht die Staatsangeh\u00f6rigkeit eines EU\/EWR-Landes oder der Schweiz besitzen und sich in den Niederlanden aufhalten. Es gibt mehrere Situationen, in denen eine solche R\u00fcckf\u00fchrungsentscheidung erlassen werden kann:<\/p><ul><li><strong>Ablehnung des Antrags auf Aufenthaltsgenehmigung:<\/strong> Eine der Situationen, in denen Sie eine R\u00fcckkehrentscheidung erhalten k\u00f6nnen, ist, wenn der Immigration and Naturalisation Service (IND) Ihren Antrag auf eine Aufenthaltsgenehmigung ablehnt. Die R\u00fcckf\u00fchrungsentscheidung kann dann Teil dieser negativen Entscheidung sein. Dies kann der Fall sein, wenn Ihr Antrag nicht den festgelegten Anforderungen entspricht oder wenn es andere rechtliche Gr\u00fcnde f\u00fcr die Ablehnung gibt.<\/li><li><strong>Entzug der Aufenthaltserlaubnis:<\/strong> Eine weitere Situation, in der eine R\u00fcckkehrentscheidung getroffen werden kann, ist, wenn das IND beschlie\u00dft, Ihre Aufenthaltserlaubnis zu widerrufen. Die R\u00fcckkehrentscheidung ist dann Teil dieser Entscheidung. Dies kann geschehen, wenn Sie gegen die Bedingungen Ihrer Aufenthaltserlaubnis versto\u00dfen haben, zum Beispiel indem Sie gegen das Gesetz versto\u00dfen oder die Regeln f\u00fcr Ihren Aufenthalt nicht eingehalten haben.<\/li><li><strong>Illegaler Aufenthalt wird von den Beh\u00f6rden festgestellt: <\/strong>wenn die Polizei oder die K\u00f6nigliche Milit\u00e4rpolizei Sie an der Grenze oder in den Niederlanden antrifft und feststellt, dass Sie sich illegal im Land aufhalten. Dies kann der Fall sein, wenn Sie keine g\u00fcltige Aufenthaltsgenehmigung haben oder es vers\u00e4umt haben, eine solche zu beantragen. Die R\u00fcckf\u00fchrungsentscheidung wird in dieser Situation als rechtliche Ma\u00dfnahme eingesetzt, um sicherzustellen, dass Sie das Land verlassen.<\/li><\/ul><p>Es ist \u00e4u\u00dferst wichtig zu verstehen, dass eine R\u00fcckgabeentscheidung eine ernste rechtliche Angelegenheit ist. Die Einhaltung der darin festgelegten Fristen und Verfahren ist sehr wichtig. Wenn Sie mit einer R\u00fcckgabeentscheidung nicht einverstanden sind, haben Sie, wie bereits erw\u00e4hnt, das Recht, Einspruch oder Widerspruch einzulegen. Es ist ratsam, sich rechtlich beraten zu lassen und geeignete Schritte zu unternehmen, um Ihre Situation zu verstehen und innerhalb der gesetzlichen Grenzen zu bew\u00e4ltigen. Dies kann Ihnen helfen, Ihre Rechte zu sch\u00fctzen und rechtliche Komplikationen zu vermeiden.<\/p>\t\t\t\t\t\t\t\t<\/div>\n\t\t\t\t<\/div>\n\t\t\t\t<div class=\"elementor-element elementor-element-37fad05 elementor-widget elementor-widget-spacer\" data-id=\"37fad05\" data-element_type=\"widget\" data-e-type=\"widget\" data-widget_type=\"spacer.default\">\n\t\t\t\t<div class=\"elementor-widget-container\">\n\t\t\t\t\t\t\t<div class=\"elementor-spacer\">\n\t\t\t<div class=\"elementor-spacer-inner\"><\/div>\n\t\t<\/div>\n\t\t\t\t\t\t<\/div>\n\t\t\t\t<\/div>\n\t\t\t\t<div class=\"elementor-element elementor-element-a26fa5a elementor-widget elementor-widget-heading\" data-id=\"a26fa5a\" data-element_type=\"widget\" data-e-type=\"widget\" data-widget_type=\"heading.default\">\n\t\t\t\t<div class=\"elementor-widget-container\">\n\t\t\t\t\t<h3 class=\"elementor-heading-title elementor-size-default\">Nachteilige Auswirkungen der R\u00fcckkehrentscheidung<\/h3>\t\t\t\t<\/div>\n\t\t\t\t<\/div>\n\t\t\t\t<div class=\"elementor-element elementor-element-fa71844 color-scheme-inherit text-left elementor-widget elementor-widget-text-editor\" data-id=\"fa71844\" data-element_type=\"widget\" data-e-type=\"widget\" data-widget_type=\"text-editor.default\">\n\t\t\t\t<div class=\"elementor-widget-container\">\n\t\t\t\t\t\t\t\t\t<p>Eine R\u00fcckf\u00fchrungsentscheidung kann erhebliche Folgen f\u00fcr die betroffene Person haben. Hier sind einige m\u00f6gliche Auswirkungen einer R\u00fcckf\u00fchrungsentscheidung:<\/p><ul><li><strong>Obligatorische Abreise:<\/strong> Eine R\u00fcckf\u00fchrungsentscheidung bedeutet, dass die Person die Niederlande verlassen und in ihr Herkunftsland oder ein anderes Land, in dem sie sich legal aufhalten darf, zur\u00fcckkehren muss. Die Nichtbefolgung dieser Entscheidung kann rechtliche Konsequenzen nach sich ziehen, wie etwa ein Einreiseverbot.<\/li><li><strong>Ausschlussverfahren:<\/strong> wenn die Person nicht freiwillig ausreist, kann ein Abschiebungsverfahren eingeleitet werden, um die R\u00fcckf\u00fchrung zu erzwingen. Dies kann bedeuten, dass die Person in einer Haftanstalt festgehalten wird, bis die Abschiebung erfolgen kann.<\/li><li><a href=\"https:\/\/www.derbedrosian.nl\/de\/gerichtsbarkeiten\/einwanderungsgesetz\/einreiseverbot\/\"><strong>Einreiseverbot:<\/strong><\/a>\u00a0kann auch ein Einreiseverbot verh\u00e4ngt werden, d.h. die Person darf f\u00fcr einen bestimmten Zeitraum nicht in die Niederlande einreisen. Die Nichteinhaltung dieses Einreiseverbots kann strafrechtliche Konsequenzen nach sich ziehen, wie z. B. eine Geld- oder Freiheitsstrafe.<\/li><\/ul>\t\t\t\t\t\t\t\t<\/div>\n\t\t\t\t<\/div>\n\t\t\t\t<div class=\"elementor-element elementor-element-a044565 elementor-widget elementor-widget-spacer\" data-id=\"a044565\" data-element_type=\"widget\" data-e-type=\"widget\" data-widget_type=\"spacer.default\">\n\t\t\t\t<div class=\"elementor-widget-container\">\n\t\t\t\t\t\t\t<div class=\"elementor-spacer\">\n\t\t\t<div class=\"elementor-spacer-inner\"><\/div>\n\t\t<\/div>\n\t\t\t\t\t\t<\/div>\n\t\t\t\t<\/div>\n\t\t\t\t<div class=\"elementor-element elementor-element-bdf7b45 elementor-widget elementor-widget-heading\" data-id=\"bdf7b45\" data-element_type=\"widget\" data-e-type=\"widget\" data-widget_type=\"heading.default\">\n\t\t\t\t<div class=\"elementor-widget-container\">\n\t\t\t\t\t<h3 class=\"elementor-heading-title elementor-size-default\">Einspruch gegen die R\u00fcckgabeentscheidung<\/h3>\t\t\t\t<\/div>\n\t\t\t\t<\/div>\n\t\t\t\t<div class=\"elementor-element elementor-element-f9c76d3 color-scheme-inherit text-left elementor-widget elementor-widget-text-editor\" data-id=\"f9c76d3\" data-element_type=\"widget\" data-e-type=\"widget\" data-widget_type=\"text-editor.default\">\n\t\t\t\t<div class=\"elementor-widget-container\">\n\t\t\t\t\t\t\t\t\t<p>Wenn Sie mit einer R\u00fcckf\u00fchrungsentscheidung nicht einverstanden sind, haben Sie die M\u00f6glichkeit, Einspruch gegen die Entscheidung zu erheben oder Berufung einzulegen. In der offiziellen Benachrichtigung \u00fcber die Entscheidung wird ausf\u00fchrlich erkl\u00e4rt, wie Sie bei der Einwanderungs- und Einb\u00fcrgerungsbeh\u00f6rde (IND) Einspruch einlegen oder vor Gericht klagen k\u00f6nnen.<\/p><p>Es gibt jedoch Umst\u00e4nde, unter denen Sie nicht verpflichtet sind, das Land sofort zu verlassen, nachdem eine R\u00fcckf\u00fchrungsentscheidung getroffen wurde:<\/p><ul><li><strong>Antrag auf Aufenthaltsgenehmigung:<\/strong>\u00a0wenn Sie sich nach Erhalt einer R\u00fcckf\u00fchrungsentscheidung daf\u00fcr entscheiden, eine Aufenthaltserlaubnis zu beantragen, und Sie in den Niederlanden bleiben d\u00fcrfen, w\u00e4hrend Sie auf die Pr\u00fcfung Ihres Antrags warten. So haben Sie die M\u00f6glichkeit, Ihren Fall darzulegen und auf die Entscheidung \u00fcber Ihren Aufenthaltsstatus zu warten.<\/li><li><strong>Einspruch oder Einwendung:<\/strong>\u00a0Wenn Ihr Antrag auf eine Aufenthaltsgenehmigung abgelehnt wurde und Sie innerhalb der vorgeschriebenen Frist Einspruch gegen diese Entscheidung einlegen, sind Sie nicht verpflichtet, sofort auszureisen. W\u00e4hrend des Berufungs- oder Einspruchsverfahrens k\u00f6nnen Sie in den Niederlanden bleiben, bis eine endg\u00fcltige Entscheidung getroffen wird.<\/li><\/ul><p>Es ist wichtig zu wissen, dass Sie, wenn Sie keinen g\u00fcltigen Aufenthaltsstatus in den Niederlanden haben und keine Schritte unternehmen, um Ihre Situation mit dem Gesetz in Einklang zu bringen, Gefahr laufen, in einer speziellen Einrichtung, einem so genannten \"Haftzentrum\", inhaftiert zu werden. Diese Haftanstalt \u00e4hnelt einer Gef\u00e4ngniszelle und dient der Inhaftierung von Personen, die die Voraussetzungen f\u00fcr einen Aufenthalt in den Niederlanden nicht erf\u00fcllen.<\/p>\t\t\t\t\t\t\t\t<\/div>\n\t\t\t\t<\/div>\n\t\t\t\t<div class=\"elementor-element elementor-element-0013d6a elementor-widget elementor-widget-spacer\" data-id=\"0013d6a\" data-element_type=\"widget\" data-e-type=\"widget\" data-widget_type=\"spacer.default\">\n\t\t\t\t<div class=\"elementor-widget-container\">\n\t\t\t\t\t\t\t<div class=\"elementor-spacer\">\n\t\t\t<div class=\"elementor-spacer-inner\"><\/div>\n\t\t<\/div>\n\t\t\t\t\t\t<\/div>\n\t\t\t\t<\/div>\n\t\t\t\t<div class=\"elementor-element elementor-element-750046e elementor-widget elementor-widget-heading\" data-id=\"750046e\" data-element_type=\"widget\" data-e-type=\"widget\" data-widget_type=\"heading.default\">\n\t\t\t\t<div class=\"elementor-widget-container\">\n\t\t\t\t\t<h3 class=\"elementor-heading-title elementor-size-default\">Entscheidung \u00fcber die R\u00fcckkehr des Anwalts<\/h3>\t\t\t\t<\/div>\n\t\t\t\t<\/div>\n\t\t\t\t<div class=\"elementor-element elementor-element-d562b0b color-scheme-inherit text-left elementor-widget elementor-widget-text-editor\" data-id=\"d562b0b\" data-element_type=\"widget\" data-e-type=\"widget\" data-widget_type=\"text-editor.default\">\n\t\t\t\t<div class=\"elementor-widget-container\">\n\t\t\t\t\t\t\t\t\t<p>Wenn Sie mit einer R\u00fcckf\u00fchrungsentscheidung konfrontiert sind, ist es wichtig, dass Sie sofort einen Anwalt kontaktieren. Ganz gleich, ob Sie Fragen zu Ihren Rechten haben, Einspruch gegen einen R\u00fcckf\u00fchrungsbescheid einlegen wollen oder Schritte zur Verbesserung Ihrer Situation unternehmen m\u00fcssen, wir sind f\u00fcr Sie da.<\/p><p>Anwaltskanzlei Der Bedrosian Merkmale <a href=\"https:\/\/www.derbedrosian.nl\/de\/rechtsanwalte-2\/\">Fachanw\u00e4lte<\/a> im <a href=\"https:\/\/www.derbedrosian.nl\/de\/gerichtsbarkeiten\/einwanderungsgesetz\/\">Einwanderungsgesetz<\/a> und freuen uns, Ihnen bei diesem Prozess zu helfen. Rufen Sie uns einfach an, um Ihre Situation zu besprechen.<\/p>\t\t\t\t\t\t\t\t<\/div>\n\t\t\t\t<\/div>\n\t\t\t\t\t<\/div>\n\t\t\t\t<\/div>\n\t\t\t\t<\/div>","protected":false},"excerpt":{"rendered":"<p>Anwalt R\u00fcckf\u00fchrungsbeschluss R\u00fcckf\u00fchrungsbeschluss Urteil Berufung R\u00fcckf\u00fchrungsbeschluss Aufhebung R\u00fcckf\u00fchrungsbeschluss Ausl\u00e4nderrecht Ausl\u00e4nderrecht Anwalt Enschede Ausl\u00e4nderrecht Anwalt Overijssel Ausl\u00e4nderrecht Enschede R\u00fcckf\u00fchrungsbeschluss und Einreiseverbot<\/p>","protected":false},"author":1,"featured_media":0,"parent":10627,"menu_order":0,"comment_status":"closed","ping_status":"closed","template":"","meta":{"footnotes":""},"class_list":["post-10682","page","type-page","status-publish","hentry"],"_links":{"self":[{"href":"https:\/\/www.derbedrosian.nl\/de\/wp-json\/wp\/v2\/pages\/10682","targetHints":{"allow":["GET"]}}],"collection":[{"href":"https:\/\/www.derbedrosian.nl\/de\/wp-json\/wp\/v2\/pages"}],"about":[{"href":"https:\/\/www.derbedrosian.nl\/de\/wp-json\/wp\/v2\/types\/page"}],"author":[{"embeddable":true,"href":"https:\/\/www.derbedrosian.nl\/de\/wp-json\/wp\/v2\/users\/1"}],"replies":[{"embeddable":true,"href":"https:\/\/www.derbedrosian.nl\/de\/wp-json\/wp\/v2\/comments?post=10682"}],"version-history":[{"count":0,"href":"https:\/\/www.derbedrosian.nl\/de\/wp-json\/wp\/v2\/pages\/10682\/revisions"}],"up":[{"embeddable":true,"href":"https:\/\/www.derbedrosian.nl\/de\/wp-json\/wp\/v2\/pages\/10627"}],"wp:attachment":[{"href":"https:\/\/www.derbedrosian.nl\/de\/wp-json\/wp\/v2\/media?parent=10682"}],"curies":[{"name":"wp","href":"https:\/\/api.w.org\/{rel}","templated":true}]}}