{"id":10677,"date":"2023-05-26T15:48:18","date_gmt":"2023-05-26T13:48:18","guid":{"rendered":"https:\/\/derbedrosian.nl\/?page_id=10677"},"modified":"2025-12-21T15:58:40","modified_gmt":"2025-12-21T13:58:40","slug":"unerwunschte-erklarung","status":"publish","type":"page","link":"https:\/\/www.derbedrosian.nl\/de\/rechtsgebieden\/vreemdelingenrecht\/ongewenstverklaring\/","title":{"rendered":"Unerw\u00fcnschte Aussage"},"content":{"rendered":"<div data-elementor-type=\"wp-page\" data-elementor-id=\"10677\" class=\"elementor elementor-10677\" data-elementor-post-type=\"page\">\n\t\t\t\t<div class=\"wd-negative-gap elementor-element elementor-element-76dd1dd e-flex e-con-boxed e-con e-parent\" data-id=\"76dd1dd\" data-element_type=\"container\" data-e-type=\"container\">\n\t\t\t\t\t<div class=\"e-con-inner\">\n\t\t\t\t<div class=\"elementor-element elementor-element-77f8a99 elementor-hidden-desktop elementor-hidden-tablet elementor-hidden-mobile elementor-widget elementor-widget-wd_image_or_svg\" data-id=\"77f8a99\" data-element_type=\"widget\" data-e-type=\"widget\" id=\"seo-word\" data-widget_type=\"wd_image_or_svg.default\">\n\t\t\t\t<div class=\"elementor-widget-container\">\n\t\t\t\t\t\n\t\t<div class=\"wd-image text-left\">\n\t\t\t\t\t\t\t\t<img loading=\"lazy\" decoding=\"async\" width=\"1000\" height=\"667\" src=\"https:\/\/www.derbedrosian.nl\/wp-content\/uploads\/rechtsgebied-ongewenstverklaring.jpg\" class=\"attachment-full size-full\" alt=\"Unerw\u00fcnschtheit Annullierung Einreiseverbot Anwalt Aufenthaltserlaubnis IND\" srcset=\"https:\/\/www.derbedrosian.nl\/wp-content\/uploads\/rechtsgebied-ongewenstverklaring.jpg 1000w, https:\/\/www.derbedrosian.nl\/wp-content\/uploads\/rechtsgebied-ongewenstverklaring-400x267.jpg 400w, https:\/\/www.derbedrosian.nl\/wp-content\/uploads\/rechtsgebied-ongewenstverklaring-768x512.jpg 768w\" sizes=\"auto, (max-width: 1000px) 100vw, 1000px\" title=\"\">\t\t\t\t\t<\/div>\n\n\t\t\t\t\t\t<\/div>\n\t\t\t\t<\/div>\n\t\t\t\t<div class=\"elementor-element elementor-element-82078fc elementor-hidden-desktop elementor-hidden-tablet elementor-hidden-mobile elementor-widget elementor-widget-heading\" data-id=\"82078fc\" data-element_type=\"widget\" data-e-type=\"widget\" id=\"seo-word\" data-widget_type=\"heading.default\">\n\t\t\t\t<div class=\"elementor-widget-container\">\n\t\t\t\t\t<h2 class=\"elementor-heading-title elementor-size-default\">Einreiseverbot unerw\u00fcnschte Erkl\u00e4rung<\/h2>\t\t\t\t<\/div>\n\t\t\t\t<\/div>\n\t\t\t\t<div class=\"elementor-element elementor-element-d5480f4 elementor-hidden-desktop elementor-hidden-tablet elementor-hidden-mobile elementor-widget elementor-widget-heading\" data-id=\"d5480f4\" data-element_type=\"widget\" data-e-type=\"widget\" id=\"seo-word\" data-widget_type=\"heading.default\">\n\t\t\t\t<div class=\"elementor-widget-container\">\n\t\t\t\t\t<h5 class=\"elementor-heading-title elementor-size-default\">Ausspruch der strafrechtlichen Unerw\u00fcnschtheit<\/h5>\t\t\t\t<\/div>\n\t\t\t\t<\/div>\n\t\t\t\t<div class=\"elementor-element elementor-element-3ffba1e elementor-hidden-desktop elementor-hidden-tablet elementor-hidden-mobile elementor-widget elementor-widget-heading\" data-id=\"3ffba1e\" data-element_type=\"widget\" data-e-type=\"widget\" id=\"seo-word\" data-widget_type=\"heading.default\">\n\t\t\t\t<div class=\"elementor-widget-container\">\n\t\t\t\t\t<h5 class=\"elementor-heading-title elementor-size-default\">eine Erkl\u00e4rung der Unerw\u00fcnschtheit beantragen<\/h5>\t\t\t\t<\/div>\n\t\t\t\t<\/div>\n\t\t\t\t<div class=\"elementor-element elementor-element-2ff1edd elementor-hidden-desktop elementor-hidden-tablet elementor-hidden-mobile elementor-widget elementor-widget-heading\" data-id=\"2ff1edd\" data-element_type=\"widget\" data-e-type=\"widget\" id=\"seo-word\" data-widget_type=\"heading.default\">\n\t\t\t\t<div class=\"elementor-widget-container\">\n\t\t\t\t\t<h5 class=\"elementor-heading-title elementor-size-default\">Kriminalisierung der Unerw\u00fcnschtheit<\/h5>\t\t\t\t<\/div>\n\t\t\t\t<\/div>\n\t\t\t\t<div class=\"elementor-element elementor-element-d641bd3 elementor-hidden-desktop elementor-hidden-tablet elementor-hidden-mobile elementor-widget elementor-widget-heading\" data-id=\"d641bd3\" data-element_type=\"widget\" data-e-type=\"widget\" id=\"seo-word\" data-widget_type=\"heading.default\">\n\t\t\t\t<div class=\"elementor-widget-container\">\n\t\t\t\t\t<h5 class=\"elementor-heading-title elementor-size-default\">Unerw\u00fcnschtheitsbescheinigung und\/oder Einreisebeschr\u00e4nkung Arbeitsmarktvermerk und G\u00fcltigkeitsdauer Aufhebung der alten Unerw\u00fcnschtheitsbescheinigung, die vor der alten Unerw\u00fcnschtheitsbescheinigung, die vor Dezember<\/h5>\t\t\t\t<\/div>\n\t\t\t\t<\/div>\n\t\t\t\t<div class=\"elementor-element elementor-element-772e6ec elementor-hidden-desktop elementor-hidden-tablet elementor-hidden-mobile elementor-widget elementor-widget-heading\" data-id=\"772e6ec\" data-element_type=\"widget\" data-e-type=\"widget\" id=\"seo-word\" data-widget_type=\"heading.default\">\n\t\t\t\t<div class=\"elementor-widget-container\">\n\t\t\t\t\t<h5 class=\"elementor-heading-title elementor-size-default\">Regeln f\u00fcr die vor\u00fcbergehende Aufhebung der Entscheidung, eine Ausschreibung vorzunehmen<\/h5>\t\t\t\t<\/div>\n\t\t\t\t<\/div>\n\t\t\t\t<div class=\"elementor-element elementor-element-c66054e elementor-hidden-desktop elementor-hidden-tablet elementor-hidden-mobile elementor-widget elementor-widget-heading\" data-id=\"c66054e\" data-element_type=\"widget\" data-e-type=\"widget\" id=\"seo-word\" data-widget_type=\"heading.default\">\n\t\t\t\t<div class=\"elementor-widget-container\">\n\t\t\t\t\t<h5 class=\"elementor-heading-title elementor-size-default\">Anwalt f\u00fcr Einwanderungsrecht enschede<\/h5>\t\t\t\t<\/div>\n\t\t\t\t<\/div>\n\t\t\t\t<div class=\"elementor-element elementor-element-9ae2ef2 elementor-hidden-desktop elementor-hidden-tablet elementor-hidden-mobile elementor-widget elementor-widget-heading\" data-id=\"9ae2ef2\" data-element_type=\"widget\" data-e-type=\"widget\" id=\"seo-word\" data-widget_type=\"heading.default\">\n\t\t\t\t<div class=\"elementor-widget-container\">\n\t\t\t\t\t<h5 class=\"elementor-heading-title elementor-size-default\">Anwalt f\u00fcr Einwanderungsrecht Overijssel<\/h5>\t\t\t\t<\/div>\n\t\t\t\t<\/div>\n\t\t\t\t<div class=\"elementor-element elementor-element-a9cd106 elementor-hidden-desktop elementor-hidden-tablet elementor-hidden-mobile elementor-widget elementor-widget-heading\" data-id=\"a9cd106\" data-element_type=\"widget\" data-e-type=\"widget\" id=\"seo-word\" data-widget_type=\"heading.default\">\n\t\t\t\t<div class=\"elementor-widget-container\">\n\t\t\t\t\t<h5 class=\"elementor-heading-title elementor-size-default\">ausl\u00e4nderrecht enschede<\/h5>\t\t\t\t<\/div>\n\t\t\t\t<\/div>\n\t\t\t\t<div class=\"elementor-element elementor-element-6ea98cf elementor-hidden-desktop elementor-hidden-tablet elementor-hidden-mobile elementor-widget elementor-widget-heading\" data-id=\"6ea98cf\" data-element_type=\"widget\" data-e-type=\"widget\" id=\"seo-word\" data-widget_type=\"heading.default\">\n\t\t\t\t<div class=\"elementor-widget-container\">\n\t\t\t\t\t<h5 class=\"elementor-heading-title elementor-size-default\">Anwalt enschede Ausl\u00e4nderrecht<\/h5>\t\t\t\t<\/div>\n\t\t\t\t<\/div>\n\t\t\t\t<div class=\"elementor-element elementor-element-3800064 elementor-hidden-desktop elementor-hidden-tablet elementor-hidden-mobile elementor-widget elementor-widget-heading\" data-id=\"3800064\" data-element_type=\"widget\" data-e-type=\"widget\" id=\"seo-word\" data-widget_type=\"heading.default\">\n\t\t\t\t<div class=\"elementor-widget-container\">\n\t\t\t\t\t<h5 class=\"elementor-heading-title elementor-size-default\">In Enschede und Overijssel k\u00f6nnen Sie auf die erfahrenen Einwanderungsanw\u00e4lte von Derbedrosian Immigration Lawyers z\u00e4hlen. Wir wissen, dass Unerw\u00fcnschtheit eine komplexe Rechtsfrage im Einwanderungsrecht ist.\n\nDie Feststellung der Unerw\u00fcnschtheit bedeutet, dass jemand in den Niederlanden nicht mehr willkommen ist und kann schwerwiegende Folgen haben. Es kann zu strafrechtlichen Anklagen und anderen rechtlichen Problemen f\u00fchren.\n\nDer Antrag auf Aufhebung eines Unerw\u00fcnschtheitsurteils ist ein rechtliches Verfahren, das sorgf\u00e4ltig befolgt werden muss. Es gibt politische Regeln f\u00fcr die vor\u00fcbergehende Aufhebung einer Unerw\u00fcnschtheitserkl\u00e4rung, aber diese h\u00e4ngen von den besonderen Umst\u00e4nden des Falles ab.\n\nUnsere Anw\u00e4lte f\u00fcr Einwanderungsrecht in Enschede stehen Ihnen bei F\u00e4llen von Unerw\u00fcnschtheitserkl\u00e4rungen und Antr\u00e4gen auf deren Aufhebung mit Rat und Tat zur Seite. Wir verstehen die Komplexit\u00e4t dieser Situationen und helfen Ihnen dabei, Ihre Rechte zu wahren.\n\nWenn Sie rechtlichen Beistand in Bezug auf eine Unerw\u00fcnschtheitserkl\u00e4rung ben\u00f6tigen, z\u00f6gern Sie nicht, Derbedrosian Immigration Lawyers zu kontaktieren. Wir sind f\u00fcr Sie da und bearbeiten Ihren Fall mit dem Ziel, die Folgen einer Unerw\u00fcnschtheitserkl\u00e4rung zu minimieren und Ihre Rechte zu sch\u00fctzen.<\/h5>\t\t\t\t<\/div>\n\t\t\t\t<\/div>\n\t\t\t\t<div class=\"elementor-element elementor-element-6202735 color-scheme-inherit text-left elementor-widget elementor-widget-text-editor\" data-id=\"6202735\" data-element_type=\"widget\" data-e-type=\"widget\" data-widget_type=\"text-editor.default\">\n\t\t\t\t<div class=\"elementor-widget-container\">\n\t\t\t\t\t\t\t\t\t<p><strong>Die Ma\u00dfnahme 'Unerw\u00fcnschte Erkl\u00e4rung' wird bei Ausl\u00e4ndern angewendet, die in den Niederlanden nicht willkommen sind. Diese Ma\u00dfnahme kann aus verschiedenen Gr\u00fcnden verh\u00e4ngt werden, z. B. wegen strafrechtlicher Verurteilungen, Bedenken hinsichtlich der nationalen Sicherheit oder Verst\u00f6\u00dfen gegen das Einwanderungsgesetz. Der Zweck der Unerw\u00fcnschtheitserkl\u00e4rung besteht darin, Personen fernzuhalten, die als Bedrohung f\u00fcr die \u00f6ffentliche Ordnung oder die nationale Sicherheit angesehen werden.<\/strong><\/p>\t\t\t\t\t\t\t\t<\/div>\n\t\t\t\t<\/div>\n\t\t\t\t<div class=\"elementor-element elementor-element-9371e37 elementor-widget elementor-widget-spacer\" data-id=\"9371e37\" data-element_type=\"widget\" data-e-type=\"widget\" data-widget_type=\"spacer.default\">\n\t\t\t\t<div class=\"elementor-widget-container\">\n\t\t\t\t\t\t\t<div class=\"elementor-spacer\">\n\t\t\t<div class=\"elementor-spacer-inner\"><\/div>\n\t\t<\/div>\n\t\t\t\t\t\t<\/div>\n\t\t\t\t<\/div>\n\t\t\t\t<div class=\"elementor-element elementor-element-fb5b297 elementor-widget elementor-widget-heading\" data-id=\"fb5b297\" data-element_type=\"widget\" data-e-type=\"widget\" data-widget_type=\"heading.default\">\n\t\t\t\t<div class=\"elementor-widget-container\">\n\t\t\t\t\t<h3 class=\"elementor-heading-title elementor-size-default\">Was bedeutet eine Erkl\u00e4rung der Unerw\u00fcnschtheit? <\/h3>\t\t\t\t<\/div>\n\t\t\t\t<\/div>\n\t\t\t\t<div class=\"elementor-element elementor-element-e658e17 color-scheme-inherit text-left elementor-widget elementor-widget-text-editor\" data-id=\"e658e17\" data-element_type=\"widget\" data-e-type=\"widget\" data-widget_type=\"text-editor.default\">\n\t\t\t\t<div class=\"elementor-widget-container\">\n\t\t\t\t\t\t\t\t\t<p>Eine Unerw\u00fcnschtenerkl\u00e4rung ist eine Entscheidung, die besagt, dass Sie in den Niederlanden ein unerw\u00fcnschter Ausl\u00e4nder sind. Die niederl\u00e4ndische Regierung ist der Meinung, dass Sie sich nicht in den Niederlanden aufhalten sollten. Unerw\u00fcnschte Personen m\u00fcssen die Niederlande sofort verlassen, d.h. sie d\u00fcrfen sich nicht l\u00e4nger in den Niederlanden aufhalten, z.B. weil Sie wegen eines Verbrechens verurteilt wurden. Oft handelt es sich um Menschen, die eine Gefahr f\u00fcr die Niederlande darstellen.<\/p>\t\t\t\t\t\t\t\t<\/div>\n\t\t\t\t<\/div>\n\t\t\t\t<div class=\"elementor-element elementor-element-cd7ba9b elementor-widget elementor-widget-spacer\" data-id=\"cd7ba9b\" data-element_type=\"widget\" data-e-type=\"widget\" data-widget_type=\"spacer.default\">\n\t\t\t\t<div class=\"elementor-widget-container\">\n\t\t\t\t\t\t\t<div class=\"elementor-spacer\">\n\t\t\t<div class=\"elementor-spacer-inner\"><\/div>\n\t\t<\/div>\n\t\t\t\t\t\t<\/div>\n\t\t\t\t<\/div>\n\t\t\t\t<div class=\"elementor-element elementor-element-7821fde elementor-widget elementor-widget-heading\" data-id=\"7821fde\" data-element_type=\"widget\" data-e-type=\"widget\" data-widget_type=\"heading.default\">\n\t\t\t\t<div class=\"elementor-widget-container\">\n\t\t\t\t\t<h3 class=\"elementor-heading-title elementor-size-default\">Konsequenzen, wenn Sie f\u00fcr unerw\u00fcnscht erkl\u00e4rt werden<\/h3>\t\t\t\t<\/div>\n\t\t\t\t<\/div>\n\t\t\t\t<div class=\"elementor-element elementor-element-5cfcaf7 color-scheme-inherit text-left elementor-widget elementor-widget-text-editor\" data-id=\"5cfcaf7\" data-element_type=\"widget\" data-e-type=\"widget\" data-widget_type=\"text-editor.default\">\n\t\t\t\t<div class=\"elementor-widget-container\">\n\t\t\t\t\t\t\t\t\t<p>Wenn Sie mit einer Unerw\u00fcnschtheitserkl\u00e4rung konfrontiert werden, m\u00fcssen Sie die Niederlande unbedingt sofort verlassen. Wenn Sie dennoch versuchen, in die Niederlande zur\u00fcckzukehren, riskieren Sie eine Gef\u00e4ngnisstrafe von bis zu 6 Monaten oder eine Geldstrafe. In einigen F\u00e4llen k\u00f6nnen die niederl\u00e4ndischen Beh\u00f6rden sogar beschlie\u00dfen, Sie \u00fcber die Grenze abzuschieben.<\/p><p>Was die Komplikationen bei einer Unerw\u00fcnschtheitserkl\u00e4rung betrifft, so gibt es kein vorher festgelegtes Enddatum. Nur der Immigration and Naturalisation Service (IND) ist befugt zu entscheiden, wann die Unerw\u00fcnschtheitserkl\u00e4rung beendet wird.<\/p>\t\t\t\t\t\t\t\t<\/div>\n\t\t\t\t<\/div>\n\t\t\t\t<div class=\"elementor-element elementor-element-be55a29 elementor-widget elementor-widget-spacer\" data-id=\"be55a29\" data-element_type=\"widget\" data-e-type=\"widget\" data-widget_type=\"spacer.default\">\n\t\t\t\t<div class=\"elementor-widget-container\">\n\t\t\t\t\t\t\t<div class=\"elementor-spacer\">\n\t\t\t<div class=\"elementor-spacer-inner\"><\/div>\n\t\t<\/div>\n\t\t\t\t\t\t<\/div>\n\t\t\t\t<\/div>\n\t\t\t\t<div class=\"elementor-element elementor-element-082d019 elementor-widget elementor-widget-heading\" data-id=\"082d019\" data-element_type=\"widget\" data-e-type=\"widget\" data-widget_type=\"heading.default\">\n\t\t\t\t<div class=\"elementor-widget-container\">\n\t\t\t\t\t<h3 class=\"elementor-heading-title elementor-size-default\">F\u00fcr wen gilt eine unerw\u00fcnschte Erkl\u00e4rung?\n<\/h3>\t\t\t\t<\/div>\n\t\t\t\t<\/div>\n\t\t\t\t<div class=\"elementor-element elementor-element-bd87fc2 color-scheme-inherit text-left elementor-widget elementor-widget-text-editor\" data-id=\"bd87fc2\" data-element_type=\"widget\" data-e-type=\"widget\" data-widget_type=\"text-editor.default\">\n\t\t\t\t<div class=\"elementor-widget-container\">\n\t\t\t\t\t\t\t\t\t<p>Derzeit gilt die Unerw\u00fcnschtheitserkl\u00e4rung nur f\u00fcr Personen aus der Europ\u00e4ischen Union (EU). Da EU-B\u00fcrger in der Regel innerhalb der EU frei reisen k\u00f6nnen, m\u00fcssen au\u00dfergew\u00f6hnlich triftige Gr\u00fcnde vorliegen, um ihnen dieses Recht zu verweigern. Eine solche Ma\u00dfnahme wird nur dann ergriffen, wenn eine Person zu diesem Zeitpunkt eine eindeutige und schwerwiegende Gefahr f\u00fcr die \u00f6ffentliche Ordnung darstellt.<\/p><p>F\u00fcr Personen, die nicht zur EU geh\u00f6ren und oft als Drittstaatsangeh\u00f6rige bezeichnet werden, gilt die Unerw\u00fcnschtheitserkl\u00e4rung nicht. Stattdessen kann unter bestimmten Umst\u00e4nden ein Einreiseverbot verh\u00e4ngt werden. Dieses Einreiseverbot kann unterschiedlich lang sein und wird in der Regel verh\u00e4ngt, wenn nachweisliche Gr\u00fcnde vorliegen, die eine Einreise in die Niederlande oder die EU ausschlie\u00dfen.<\/p><p>Es ist wichtig zu beachten, dass sowohl die Unerw\u00fcnschigkeitserkl\u00e4rung als auch das Einreiseverbot schwerwiegende rechtliche Ma\u00dfnahmen sind und strengen rechtlichen Verfahren unterliegen. In solchen F\u00e4llen ist es ratsam, rechtlichen Rat einzuholen, um Ihre Rechte und Optionen vollst\u00e4ndig zu verstehen und zu sch\u00fctzen.<\/p>\t\t\t\t\t\t\t\t<\/div>\n\t\t\t\t<\/div>\n\t\t\t\t<div class=\"elementor-element elementor-element-32291b5 elementor-widget elementor-widget-spacer\" data-id=\"32291b5\" data-element_type=\"widget\" data-e-type=\"widget\" data-widget_type=\"spacer.default\">\n\t\t\t\t<div class=\"elementor-widget-container\">\n\t\t\t\t\t\t\t<div class=\"elementor-spacer\">\n\t\t\t<div class=\"elementor-spacer-inner\"><\/div>\n\t\t<\/div>\n\t\t\t\t\t\t<\/div>\n\t\t\t\t<\/div>\n\t\t\t\t<div class=\"elementor-element elementor-element-d2d9bec elementor-widget elementor-widget-heading\" data-id=\"d2d9bec\" data-element_type=\"widget\" data-e-type=\"widget\" data-widget_type=\"heading.default\">\n\t\t\t\t<div class=\"elementor-widget-container\">\n\t\t\t\t\t<h3 class=\"elementor-heading-title elementor-size-default\">Annullierung einer unerw\u00fcnschten Meldung<\/h3>\t\t\t\t<\/div>\n\t\t\t\t<\/div>\n\t\t\t\t<div class=\"elementor-element elementor-element-44e4571 color-scheme-inherit text-left elementor-widget elementor-widget-text-editor\" data-id=\"44e4571\" data-element_type=\"widget\" data-e-type=\"widget\" data-widget_type=\"text-editor.default\">\n\t\t\t\t<div class=\"elementor-widget-container\">\n\t\t\t\t\t\t\t\t\t<p>Nach einiger Zeit k\u00f6nnen Sie beantragen, dass die 'Unerw\u00fcnschtheitserkl\u00e4rung' aufgehoben wird. In diesem Antrag m\u00fcssen Sie nachweisen, dass Sie sich tats\u00e4chlich eine bestimmte Zeit lang au\u00dferhalb der Niederlande aufgehalten haben. Die L\u00e4nge dieses Zeitraums h\u00e4ngt von der Schwere der Straftat ab, wegen der die Unerw\u00fcnschtheitserkl\u00e4rung ausgesprochen wurde. Wichtig ist auch, dass Sie w\u00e4hrend dieses Zeitraums keine neuen Straftaten begangen haben.<\/p><p>In einigen F\u00e4llen kann die 'Unerw\u00fcnschtheitserkl\u00e4rung' vor\u00fcbergehend aufgehoben werden, zum Beispiel in Situationen mit schwerwiegenden famili\u00e4ren Umst\u00e4nden oder wenn Sie in einem laufenden Gerichtsverfahren aussagen m\u00fcssen. Dies wird als vor\u00fcbergehender Verzicht betrachtet, um besonderen Umst\u00e4nden Rechnung zu tragen.<\/p><p>Es ist wichtig zu verstehen, dass das Verfahren zur Aufhebung oder vor\u00fcbergehenden Aussetzung einer 'Unerw\u00fcnschtheitsverf\u00fcgung' sorgf\u00e4ltig befolgt werden muss und dass oft eine professionelle rechtliche Beratung notwendig ist, um die besten Ergebnisse zu erzielen.<\/p>\t\t\t\t\t\t\t\t<\/div>\n\t\t\t\t<\/div>\n\t\t\t\t<div class=\"elementor-element elementor-element-fc4fd6f elementor-widget elementor-widget-spacer\" data-id=\"fc4fd6f\" data-element_type=\"widget\" data-e-type=\"widget\" data-widget_type=\"spacer.default\">\n\t\t\t\t<div class=\"elementor-widget-container\">\n\t\t\t\t\t\t\t<div class=\"elementor-spacer\">\n\t\t\t<div class=\"elementor-spacer-inner\"><\/div>\n\t\t<\/div>\n\t\t\t\t\t\t<\/div>\n\t\t\t\t<\/div>\n\t\t\t\t<div class=\"elementor-element elementor-element-1129e00 elementor-widget elementor-widget-heading\" data-id=\"1129e00\" data-element_type=\"widget\" data-e-type=\"widget\" data-widget_type=\"heading.default\">\n\t\t\t\t<div class=\"elementor-widget-container\">\n\t\t\t\t\t<h3 class=\"elementor-heading-title elementor-size-default\">Anwalt f\u00fcr Einwanderungsrecht<\/h3>\t\t\t\t<\/div>\n\t\t\t\t<\/div>\n\t\t\t\t<div class=\"elementor-element elementor-element-450038b color-scheme-inherit text-left elementor-widget elementor-widget-text-editor\" data-id=\"450038b\" data-element_type=\"widget\" data-e-type=\"widget\" data-widget_type=\"text-editor.default\">\n\t\t\t\t<div class=\"elementor-widget-container\">\n\t\t\t\t\t\t\t\t\t<p>Wenn Sie mit einer Unerw\u00fcnschtheitserkl\u00e4rung konfrontiert sind, ist es ratsam, sich von einem spezialisierten Anwalt professionell beraten zu lassen. Das Verfahren rund um die Unerw\u00fcnschtheitserkl\u00e4rung kann sehr komplex sein und es ist wichtig, Ihre Rechte zu sch\u00fctzen.<\/p><p>Wenn Sie sich an uns wenden, k\u00f6nnen Sie auf das Fachwissen eines erfahrenen Anwalts z\u00e4hlen, der sich auf diesen Rechtsbereich spezialisiert hat. Unsere Anw\u00e4lte werden Sie umfassend beraten und Ihnen die Schritte aufzeigen, die Sie in Ihrer Situation unternehmen k\u00f6nnen. Sie sind nicht allein; wir sind hier, um Ihnen zu helfen und Ihre rechtlichen Interessen zu verteidigen. Nehmen Sie Kontakt mit uns auf und sprechen Sie mit einem der <a href=\"https:\/\/www.derbedrosian.nl\/de\/rechtsanwalte-2\/\">unsere engagierten Anw\u00e4lte<\/a> ist bereit, Ihnen weiter zu helfen.<\/p>\t\t\t\t\t\t\t\t<\/div>\n\t\t\t\t<\/div>\n\t\t\t\t\t<\/div>\n\t\t\t\t<\/div>\n\t\t\t\t<\/div>","protected":false},"excerpt":{"rendered":"<p>Einreiseverbot Unerw\u00fcnschtheitserkl\u00e4rung Unerw\u00fcnschtheitserkl\u00e4rung Strafrecht Unerw\u00fcnschtheitserkl\u00e4rung beantragen Unerw\u00fcnschtheitserkl\u00e4rung strafbar Unerw\u00fcnschtheitserkl\u00e4rung und\/oder Einreiseverbot Beschr\u00e4nkung Arbeitsmarktvermerk und G\u00fcltigkeitsdauer Aufhebung alte Unerw\u00fcnschtheitserkl\u00e4rung verh\u00e4ngt f\u00fcr<\/p>","protected":false},"author":1,"featured_media":0,"parent":10627,"menu_order":0,"comment_status":"closed","ping_status":"closed","template":"","meta":{"footnotes":""},"class_list":["post-10677","page","type-page","status-publish","hentry"],"_links":{"self":[{"href":"https:\/\/www.derbedrosian.nl\/de\/wp-json\/wp\/v2\/pages\/10677","targetHints":{"allow":["GET"]}}],"collection":[{"href":"https:\/\/www.derbedrosian.nl\/de\/wp-json\/wp\/v2\/pages"}],"about":[{"href":"https:\/\/www.derbedrosian.nl\/de\/wp-json\/wp\/v2\/types\/page"}],"author":[{"embeddable":true,"href":"https:\/\/www.derbedrosian.nl\/de\/wp-json\/wp\/v2\/users\/1"}],"replies":[{"embeddable":true,"href":"https:\/\/www.derbedrosian.nl\/de\/wp-json\/wp\/v2\/comments?post=10677"}],"version-history":[{"count":0,"href":"https:\/\/www.derbedrosian.nl\/de\/wp-json\/wp\/v2\/pages\/10677\/revisions"}],"up":[{"embeddable":true,"href":"https:\/\/www.derbedrosian.nl\/de\/wp-json\/wp\/v2\/pages\/10627"}],"wp:attachment":[{"href":"https:\/\/www.derbedrosian.nl\/de\/wp-json\/wp\/v2\/media?parent=10677"}],"curies":[{"name":"wp","href":"https:\/\/api.w.org\/{rel}","templated":true}]}}