{"id":10667,"date":"2023-05-26T15:41:30","date_gmt":"2023-05-26T13:41:30","guid":{"rendered":"https:\/\/derbedrosian.nl\/?page_id=10667"},"modified":"2025-12-21T15:55:47","modified_gmt":"2025-12-21T13:55:47","slug":"vorlaufiger-aufenthaltstitel-mvv","status":"publish","type":"page","link":"https:\/\/www.derbedrosian.nl\/de\/rechtsgebieden\/vreemdelingenrecht\/machtiging-voorlopig-verblijf-mvv\/","title":{"rendered":"Vorl\u00e4ufige Aufenthaltserlaubnis MVV"},"content":{"rendered":"<div data-elementor-type=\"wp-page\" data-elementor-id=\"10667\" class=\"elementor elementor-10667\" data-elementor-post-type=\"page\">\n\t\t\t\t<div class=\"wd-negative-gap elementor-element elementor-element-cde49c8 e-flex e-con-boxed e-con e-parent\" data-id=\"cde49c8\" data-element_type=\"container\" data-e-type=\"container\">\n\t\t\t\t\t<div class=\"e-con-inner\">\n\t\t\t\t<div class=\"elementor-element elementor-element-53f20cc elementor-hidden-desktop elementor-hidden-tablet elementor-hidden-mobile elementor-widget elementor-widget-wd_image_or_svg\" data-id=\"53f20cc\" data-element_type=\"widget\" data-e-type=\"widget\" id=\"seo-word\" data-widget_type=\"wd_image_or_svg.default\">\n\t\t\t\t<div class=\"elementor-widget-container\">\n\t\t\t\t\t\n\t\t<div class=\"wd-image text-left\">\n\t\t\t\t\t\t\t\t<img loading=\"lazy\" decoding=\"async\" width=\"1000\" height=\"667\" src=\"https:\/\/www.derbedrosian.nl\/wp-content\/uploads\/rechtsgebieden-machtiging-voorlopig-verblijf.jpg\" class=\"attachment-full size-full\" alt=\"Befristete Aufenthaltserlaubnis MVV Rechtsanwalt Ausl\u00e4nderrecht Niederlande Antragsformular Aufenthaltserlaubnis\" srcset=\"https:\/\/www.derbedrosian.nl\/wp-content\/uploads\/rechtsgebieden-machtiging-voorlopig-verblijf.jpg 1000w, https:\/\/www.derbedrosian.nl\/wp-content\/uploads\/rechtsgebieden-machtiging-voorlopig-verblijf-400x267.jpg 400w, https:\/\/www.derbedrosian.nl\/wp-content\/uploads\/rechtsgebieden-machtiging-voorlopig-verblijf-768x512.jpg 768w\" sizes=\"auto, (max-width: 1000px) 100vw, 1000px\" title=\"\">\t\t\t\t\t<\/div>\n\n\t\t\t\t\t\t<\/div>\n\t\t\t\t<\/div>\n\t\t\t\t<div class=\"elementor-element elementor-element-db6bdd2 elementor-hidden-desktop elementor-hidden-tablet elementor-hidden-mobile elementor-widget elementor-widget-heading\" data-id=\"db6bdd2\" data-element_type=\"widget\" data-e-type=\"widget\" id=\"seo-word\" data-widget_type=\"heading.default\">\n\t\t\t\t<div class=\"elementor-widget-container\">\n\t\t\t\t\t<h2 class=\"elementor-heading-title elementor-size-default\">Beantragen Sie eine vorl\u00e4ufige Aufenthaltsgenehmigung MVV<\/h2>\t\t\t\t<\/div>\n\t\t\t\t<\/div>\n\t\t\t\t<div class=\"elementor-element elementor-element-0f721b6 elementor-hidden-desktop elementor-hidden-tablet elementor-hidden-mobile elementor-widget elementor-widget-heading\" data-id=\"0f721b6\" data-element_type=\"widget\" data-e-type=\"widget\" id=\"seo-word\" data-widget_type=\"heading.default\">\n\t\t\t\t<div class=\"elementor-widget-container\">\n\t\t\t\t\t<h5 class=\"elementor-heading-title elementor-size-default\">MVV-Anwalt<\/h5>\t\t\t\t<\/div>\n\t\t\t\t<\/div>\n\t\t\t\t<div class=\"elementor-element elementor-element-a0cc190 elementor-hidden-desktop elementor-hidden-tablet elementor-hidden-mobile elementor-widget elementor-widget-heading\" data-id=\"a0cc190\" data-element_type=\"widget\" data-e-type=\"widget\" id=\"seo-word\" data-widget_type=\"heading.default\">\n\t\t\t\t<div class=\"elementor-widget-container\">\n\t\t\t\t\t<h5 class=\"elementor-heading-title elementor-size-default\">mvv Anwalt<\/h5>\t\t\t\t<\/div>\n\t\t\t\t<\/div>\n\t\t\t\t<div class=\"elementor-element elementor-element-e24aa23 elementor-hidden-desktop elementor-hidden-tablet elementor-hidden-mobile elementor-widget elementor-widget-heading\" data-id=\"e24aa23\" data-element_type=\"widget\" data-e-type=\"widget\" id=\"seo-word\" data-widget_type=\"heading.default\">\n\t\t\t\t<div class=\"elementor-widget-container\">\n\t\t\t\t\t<h5 class=\"elementor-heading-title elementor-size-default\">Anwalt f\u00fcr Einwanderungsrecht enschede<\/h5>\t\t\t\t<\/div>\n\t\t\t\t<\/div>\n\t\t\t\t<div class=\"elementor-element elementor-element-ee8e83f elementor-hidden-desktop elementor-hidden-tablet elementor-hidden-mobile elementor-widget elementor-widget-heading\" data-id=\"ee8e83f\" data-element_type=\"widget\" data-e-type=\"widget\" id=\"seo-word\" data-widget_type=\"heading.default\">\n\t\t\t\t<div class=\"elementor-widget-container\">\n\t\t\t\t\t<h5 class=\"elementor-heading-title elementor-size-default\">Anwalt f\u00fcr Einwanderungsrecht Overijssel<\/h5>\t\t\t\t<\/div>\n\t\t\t\t<\/div>\n\t\t\t\t<div class=\"elementor-element elementor-element-7dc24c7 elementor-hidden-desktop elementor-hidden-tablet elementor-hidden-mobile elementor-widget elementor-widget-heading\" data-id=\"7dc24c7\" data-element_type=\"widget\" data-e-type=\"widget\" id=\"seo-word\" data-widget_type=\"heading.default\">\n\t\t\t\t<div class=\"elementor-widget-container\">\n\t\t\t\t\t<h5 class=\"elementor-heading-title elementor-size-default\">ausl\u00e4nderrecht enschede<\/h5>\t\t\t\t<\/div>\n\t\t\t\t<\/div>\n\t\t\t\t<div class=\"elementor-element elementor-element-61d74e5 elementor-hidden-desktop elementor-hidden-tablet elementor-hidden-mobile elementor-widget elementor-widget-heading\" data-id=\"61d74e5\" data-element_type=\"widget\" data-e-type=\"widget\" id=\"seo-word\" data-widget_type=\"heading.default\">\n\t\t\t\t<div class=\"elementor-widget-container\">\n\t\t\t\t\t<h5 class=\"elementor-heading-title elementor-size-default\">Anwalt enschede Ausl\u00e4nderrecht<\/h5>\t\t\t\t<\/div>\n\t\t\t\t<\/div>\n\t\t\t\t<div class=\"elementor-element elementor-element-5272684 elementor-hidden-desktop elementor-hidden-tablet elementor-hidden-mobile elementor-widget elementor-widget-heading\" data-id=\"5272684\" data-element_type=\"widget\" data-e-type=\"widget\" id=\"seo-word\" data-widget_type=\"heading.default\">\n\t\t\t\t<div class=\"elementor-widget-container\">\n\t\t\t\t\t<h5 class=\"elementor-heading-title elementor-size-default\">Verfahren MVV-Antr\u00e4ge Abrechnung in den Niederlanden bei der niederl\u00e4ndischen Vertretung bei Anwendung der folgenden<\/h5>\t\t\t\t<\/div>\n\t\t\t\t<\/div>\n\t\t\t\t<div class=\"elementor-element elementor-element-6e3bede elementor-hidden-desktop elementor-hidden-tablet elementor-hidden-mobile elementor-widget elementor-widget-heading\" data-id=\"6e3bede\" data-element_type=\"widget\" data-e-type=\"widget\" id=\"seo-word\" data-widget_type=\"heading.default\">\n\t\t\t\t<div class=\"elementor-widget-container\">\n\t\t\t\t\t<h5 class=\"elementor-heading-title elementor-size-default\">In Enschede und Overijssel finden Sie die spezialisierten Einwanderungsanw\u00e4lte von Derbedrosian Vreemdelingenrecht Advocaten. Unsere Anw\u00e4lte in Enschede verf\u00fcgen \u00fcber umfangreiche Erfahrung in ausl\u00e4nderrechtlichen F\u00e4llen, einschlie\u00dflich F\u00e4llen, die die Genehmigung f\u00fcr einen vorl\u00e4ufigen Aufenthalt (MVV) betreffen.\n\nEine MVV ist eine Voraussetzung f\u00fcr einige ausl\u00e4ndische Staatsangeh\u00f6rige, die zu einem langfristigen Aufenthalt in die Niederlande einreisen m\u00f6chten, z.B. zum Arbeiten, Studieren oder zur Familiengr\u00fcndung. Die Beantragung eines MVV ist ein wichtiger Schritt und muss sorgf\u00e4ltig durchgef\u00fchrt werden, um die Einreise in die Niederlande zu erm\u00f6glichen.\n\nEin MVV-Anwalt ist von unsch\u00e4tzbarem Wert bei der Beantragung einer vorl\u00e4ufigen Aufenthaltsgenehmigung. Unsere Anw\u00e4lte in Enschede beraten und begleiten Sie bei der Einreichung eines MVV-Antrags, um sicherzustellen, dass Ihr Antrag alle Anforderungen erf\u00fcllt.\n\nWenn Sie Hilfe bei der Beantragung eines MVV oder bei anderen einwanderungsrechtlichen Fragen ben\u00f6tigen, z\u00f6gern Sie nicht, Derbedrosian Immigration Lawyers zu kontaktieren. Wir helfen Ihnen bei jedem Schritt und stellen sicher, dass Sie den Rechtsbeistand bekommen, den Sie brauchen.<\/h5>\t\t\t\t<\/div>\n\t\t\t\t<\/div>\n\t\t\t\t<div class=\"elementor-element elementor-element-efc051f color-scheme-inherit text-left elementor-widget elementor-widget-text-editor\" data-id=\"efc051f\" data-element_type=\"widget\" data-e-type=\"widget\" data-widget_type=\"text-editor.default\">\n\t\t\t\t<div class=\"elementor-widget-container\">\n\t\t\t\t\t\t\t\t\t<p><strong>Die Genehmigung f\u00fcr einen vorl\u00e4ufigen Aufenthalt MVV ist ein wichtiger Schritt f\u00fcr Menschen, die sich in den Niederlanden niederlassen und hier eine Aufenthaltsgenehmigung beantragen m\u00f6chten. Es ist der erste Schritt im umfangreichen Einwanderungsverfahren der Niederlande.<\/strong><\/p>\t\t\t\t\t\t\t\t<\/div>\n\t\t\t\t<\/div>\n\t\t\t\t<div class=\"elementor-element elementor-element-f4d813f elementor-widget elementor-widget-spacer\" data-id=\"f4d813f\" data-element_type=\"widget\" data-e-type=\"widget\" data-widget_type=\"spacer.default\">\n\t\t\t\t<div class=\"elementor-widget-container\">\n\t\t\t\t\t\t\t<div class=\"elementor-spacer\">\n\t\t\t<div class=\"elementor-spacer-inner\"><\/div>\n\t\t<\/div>\n\t\t\t\t\t\t<\/div>\n\t\t\t\t<\/div>\n\t\t\t\t<div class=\"elementor-element elementor-element-b79f852 elementor-widget elementor-widget-heading\" data-id=\"b79f852\" data-element_type=\"widget\" data-e-type=\"widget\" data-widget_type=\"heading.default\">\n\t\t\t\t<div class=\"elementor-widget-container\">\n\t\t\t\t\t<h3 class=\"elementor-heading-title elementor-size-default\">Was beinhaltet eine Genehmigung f\u00fcr einen vorl\u00e4ufigen Aufenthalt (MVV)?<\/h3>\t\t\t\t<\/div>\n\t\t\t\t<\/div>\n\t\t\t\t<div class=\"elementor-element elementor-element-c749a4d color-scheme-inherit text-left elementor-widget elementor-widget-text-editor\" data-id=\"c749a4d\" data-element_type=\"widget\" data-e-type=\"widget\" data-widget_type=\"text-editor.default\">\n\t\t\t\t<div class=\"elementor-widget-container\">\n\t\t\t\t\t\t\t\t\t<p>Ein Machtiging Voorlopig Verblijf MVV ist einfach ein Visum, mit dem Sie in die Niederlande reisen k\u00f6nnen, um dort eine Aufenthaltsgenehmigung zu beantragen, wenn Sie l\u00e4nger als 90 Tage in den Niederlanden bleiben. Es ist ein grundlegender Schritt auf dem Weg zu einer eventuellen Aufenthaltsgenehmigung. Die Anforderungen f\u00fcr den Erhalt eines MVV entsprechen denen f\u00fcr die jeweilige Aufenthaltsgenehmigung, die Sie beantragen m\u00f6chten. Aus diesem Grund ist es notwendig, dieses Visum zuerst zu beantragen, da die Regierung \u00fcberpr\u00fcfen m\u00f6chte, ob Sie berechtigt sind, in die Niederlande zu reisen, bevor Sie tats\u00e4chlich im Land ankommen.<\/p><p>Es ist sehr wichtig, bei der Beantragung einer vorl\u00e4ufigen Aufenthaltsgenehmigung MVV die richtigen Schritte zu unternehmen, da diese Ihnen Zugang zu weiteren Schritten im Einwanderungsprozess verschafft<\/p>\t\t\t\t\t\t\t\t<\/div>\n\t\t\t\t<\/div>\n\t\t\t\t<div class=\"elementor-element elementor-element-d6cf486 elementor-widget elementor-widget-spacer\" data-id=\"d6cf486\" data-element_type=\"widget\" data-e-type=\"widget\" data-widget_type=\"spacer.default\">\n\t\t\t\t<div class=\"elementor-widget-container\">\n\t\t\t\t\t\t\t<div class=\"elementor-spacer\">\n\t\t\t<div class=\"elementor-spacer-inner\"><\/div>\n\t\t<\/div>\n\t\t\t\t\t\t<\/div>\n\t\t\t\t<\/div>\n\t\t\t\t<div class=\"elementor-element elementor-element-41960fb elementor-widget elementor-widget-heading\" data-id=\"41960fb\" data-element_type=\"widget\" data-e-type=\"widget\" data-widget_type=\"heading.default\">\n\t\t\t\t<div class=\"elementor-widget-container\">\n\t\t\t\t\t<h3 class=\"elementor-heading-title elementor-size-default\">Gr\u00fcnde f\u00fcr die Beantragung einer vorl\u00e4ufigen Aufenthaltserlaubnis MVV<\/h3>\t\t\t\t<\/div>\n\t\t\t\t<\/div>\n\t\t\t\t<div class=\"elementor-element elementor-element-b110397 color-scheme-inherit text-left elementor-widget elementor-widget-text-editor\" data-id=\"b110397\" data-element_type=\"widget\" data-e-type=\"widget\" data-widget_type=\"text-editor.default\">\n\t\t\t\t<div class=\"elementor-widget-container\">\n\t\t\t\t\t\t\t\t\t<p>Wenn Sie ein MVV beantragen, ist der Grund f\u00fcr Ihren Aufenthalt in den Niederlanden sehr wichtig. Nachfolgend haben wir die m\u00f6glichen Gr\u00fcnde aufgelistet, damit Sie sich ein klares Bild von den Situationen machen k\u00f6nnen, in denen ein MVV erforderlich sein kann:<\/p><ul><li><strong>Studie:<\/strong>\u00a0Wenn Sie in die Niederlande kommen m\u00f6chten, um an einer Universit\u00e4t oder Hochschule zu studieren, m\u00fcssen Sie ein MVV beantragen. Dies gilt f\u00fcr internationale Studenten, die ein Studium in den Niederlanden aufnehmen m\u00f6chten.<\/li><li><strong>Leiharbeit:<\/strong>\u00a0Menschen, die f\u00fcr einen begrenzten Zeitraum in den Niederlanden arbeiten m\u00f6chten, wie z. B. Saisonarbeiter, ben\u00f6tigen ebenfalls ein MVV. Dies kann f\u00fcr verschiedene Berufe und Branchen gelten, in denen Zeitarbeiter ben\u00f6tigt werden.<\/li><li><strong>Permanente Arbeit:<\/strong>\u00a0wenn Sie vorhaben, f\u00fcr l\u00e4ngere Zeit in den Niederlanden zu arbeiten und eine feste Anstellung zu haben, sollten Sie auch ein MVV beantragen. Dies ist ein wichtiger Schritt f\u00fcr diejenigen, die eine stabile Karriere aufbauen und lange in den Niederlanden bleiben m\u00f6chten.<\/li><li><strong>Wissen und Talent:<\/strong>\u00a0Ein MVV ist f\u00fcr Fachleute und talentierte Personen mit einzigartigen F\u00e4higkeiten erforderlich, die in den Niederlanden arbeiten m\u00f6chten. Dies gilt zum Beispiel f\u00fcr Forscher, K\u00fcnstler und technische Experten, die ihr Fachwissen in den Niederlanden einsetzen m\u00f6chten.<\/li><li><strong>Kultureller Austausch:<\/strong>\u00a0Wenn Sie planen, an einem kulturellen Austausch in den Niederlanden teilzunehmen, k\u00f6nnen Sie ein MVV beantragen. Dies gilt f\u00fcr Situationen, in denen Sie an kulturellen Veranstaltungen, Austauschprogrammen oder anderen Aktivit\u00e4ten teilnehmen, die der kulturellen Interaktion dienen.<\/li><\/ul><p>Bei der Beantragung eines MVV ist es von entscheidender Bedeutung, den Grund f\u00fcr Ihren Aufenthalt in den Niederlanden zu kennen, da dieser die Art des Visums, das Sie ben\u00f6tigen, und die weiteren Schritte im Einwanderungsprozess beeinflusst.<\/p><p><span style=\"font-size: 17.6px; letter-spacing: var( --e-global-typography-text-letter-spacing ); text-transform: var( --e-global-typography-text-text-transform ); word-spacing: var( --e-global-typography-text-word-spacing ); color: var(--wd-text-color);\">Aus famili\u00e4ren und anderen sozialen Gr\u00fcnden.<\/span><\/p><ul><li><strong>Familie und Familie:<\/strong> Wenn Sie mit Ihren Verwandten in den Niederlanden wiedervereint werden m\u00f6chten (Familienzusammenf\u00fchrung), m\u00fcssen Sie ein MVV beantragen. Dies ist ein wichtiger Schritt, um mit Ihren Angeh\u00f6rigen wiedervereint zu werden.<\/li><li><strong>Humanit\u00e4re Gr\u00fcnde:<\/strong> In F\u00e4llen von humanit\u00e4rer Notwendigkeit, wie z.B. medizinische Behandlung oder Schutz vor Gefahren, kann ein MVV aus humanit\u00e4ren Gr\u00fcnden beantragt werden.<br \/>Besondere Gr\u00fcnde: Es gibt Situationen, in denen Menschen aus besonderen Gr\u00fcnden in die Niederlande kommen m\u00f6chten, z. B. f\u00fcr religi\u00f6se Aktivit\u00e4ten oder besondere Veranstaltungen. In solchen F\u00e4llen kann ein MVV beantragt werden, um diese Zwecke zu unterst\u00fctzen.<\/li><\/ul>\t\t\t\t\t\t\t\t<\/div>\n\t\t\t\t<\/div>\n\t\t\t\t<div class=\"elementor-element elementor-element-ee147f3 elementor-widget elementor-widget-spacer\" data-id=\"ee147f3\" data-element_type=\"widget\" data-e-type=\"widget\" data-widget_type=\"spacer.default\">\n\t\t\t\t<div class=\"elementor-widget-container\">\n\t\t\t\t\t\t\t<div class=\"elementor-spacer\">\n\t\t\t<div class=\"elementor-spacer-inner\"><\/div>\n\t\t<\/div>\n\t\t\t\t\t\t<\/div>\n\t\t\t\t<\/div>\n\t\t\t\t<div class=\"elementor-element elementor-element-675d610 elementor-widget elementor-widget-heading\" data-id=\"675d610\" data-element_type=\"widget\" data-e-type=\"widget\" data-widget_type=\"heading.default\">\n\t\t\t\t<div class=\"elementor-widget-container\">\n\t\t\t\t\t<h2 class=\"elementor-heading-title elementor-size-default\">Was sind die Voraussetzungen f\u00fcr ein MVV?<\/h2>\t\t\t\t<\/div>\n\t\t\t\t<\/div>\n\t\t\t\t<div class=\"elementor-element elementor-element-b54b2b7 color-scheme-inherit text-left elementor-widget elementor-widget-text-editor\" data-id=\"b54b2b7\" data-element_type=\"widget\" data-e-type=\"widget\" data-widget_type=\"text-editor.default\">\n\t\t\t\t<div class=\"elementor-widget-container\">\n\t\t\t\t\t\t\t\t\t<p>Um eine MVV (Authorisation for Provisional Residence) in den Niederlanden zu beantragen, m\u00fcssen Sie bestimmte Bedingungen erf\u00fcllen. Diese Bedingungen k\u00f6nnen je nach Aufenthaltszweck variieren, aber hier sind einige allgemeine Voraussetzungen:<\/p><ul><li><strong>Finanzielle Mittel:<\/strong>\u00a0Sie m\u00fcssen nachweisen k\u00f6nnen, dass Sie \u00fcber ausreichende finanzielle Mittel verf\u00fcgen, um Ihren Lebensunterhalt w\u00e4hrend Ihres Aufenthalts in den Niederlanden zu bestreiten. Der genaue Betrag kann je nach Situation variieren.<\/li><li><strong>Krankenkasse:<\/strong>\u00a0m\u00fcssen Sie nachweisen, dass Sie \u00fcber eine ausreichende Krankenversicherung verf\u00fcgen, die alle medizinischen Kosten w\u00e4hrend Ihres Aufenthalts abdeckt.<\/li><li><strong>Keine Bedrohung der \u00f6ffentlichen Ordnung oder der nationalen Sicherheit:<\/strong>\u00a0Sie d\u00fcrfen keine Gefahr f\u00fcr die \u00f6ffentliche Ordnung oder die nationale Sicherheit in den Niederlanden darstellen. Das bedeutet, dass Sie nicht vorbestraft sein d\u00fcrfen und keine Gefahr f\u00fcr die Gesellschaft darstellen d\u00fcrfen.<\/li><li><strong>G\u00fcltige Reisedokumente:<\/strong>\u00a0Vergewissern Sie sich, dass Sie \u00fcber g\u00fcltige Reisedokumente verf\u00fcgen, z. B. einen Reisepass, der f\u00fcr die Dauer Ihres Aufenthalts in den Niederlanden g\u00fcltig ist.<\/li><li><strong>Zweck Ihres Aufenthalts:<\/strong>\u00a0Sie m\u00fcssen klar erkl\u00e4ren k\u00f6nnen, warum Sie in die Niederlande kommen wollen, z. B. zum Arbeiten, Studieren, zur Familienzusammenf\u00fchrung und so weiter. Dieser Zweck muss im Einklang mit den niederl\u00e4ndischen Gesetzen und Vorschriften stehen.<\/li><li><strong>Einhaltung der Schengen-Bestimmungen:<\/strong>\u00a0Ihr Aufenthalt in den Niederlanden darf nicht gegen die Regeln des Schengen-Raums versto\u00dfen, da die Niederlande Teil dieses Raums sind.<\/li><\/ul><p>Die spezifischen Anforderungen k\u00f6nnen je nach Ihrer Situation und der Art des MVV, das Sie beantragen, variieren. Ausf\u00fchrliche Informationen und Hinweise zu Ihrem MVV-Antrag finden Sie auf der Website des niederl\u00e4ndischen Einwanderungs- und Einb\u00fcrgerungsdienstes (IND) oder bei der niederl\u00e4ndischen Botschaft oder dem Konsulat in Ihrem Land.<\/p>\t\t\t\t\t\t\t\t<\/div>\n\t\t\t\t<\/div>\n\t\t\t\t<div class=\"elementor-element elementor-element-ace97e2 elementor-widget elementor-widget-spacer\" data-id=\"ace97e2\" data-element_type=\"widget\" data-e-type=\"widget\" data-widget_type=\"spacer.default\">\n\t\t\t\t<div class=\"elementor-widget-container\">\n\t\t\t\t\t\t\t<div class=\"elementor-spacer\">\n\t\t\t<div class=\"elementor-spacer-inner\"><\/div>\n\t\t<\/div>\n\t\t\t\t\t\t<\/div>\n\t\t\t\t<\/div>\n\t\t\t\t<div class=\"elementor-element elementor-element-9e823ef elementor-widget elementor-widget-heading\" data-id=\"9e823ef\" data-element_type=\"widget\" data-e-type=\"widget\" data-widget_type=\"heading.default\">\n\t\t\t\t<div class=\"elementor-widget-container\">\n\t\t\t\t\t<h3 class=\"elementor-heading-title elementor-size-default\">MVV-Verfahren\n<\/h3>\t\t\t\t<\/div>\n\t\t\t\t<\/div>\n\t\t\t\t<div class=\"elementor-element elementor-element-6759b2b color-scheme-inherit text-left elementor-widget elementor-widget-text-editor\" data-id=\"6759b2b\" data-element_type=\"widget\" data-e-type=\"widget\" data-widget_type=\"text-editor.default\">\n\t\t\t\t<div class=\"elementor-widget-container\">\n\t\t\t\t\t\t\t\t\t<p>Der erste Schritt bei der Beantragung einer Aufenthaltsgenehmigung in den Niederlanden ist die Einholung einer Genehmigung f\u00fcr einen vor\u00fcbergehenden Aufenthalt (MVV). Diese MVV ist f\u00fcr Menschen, die in die Niederlande einwandern m\u00f6chten, sehr wichtig. Das spezifische Verfahren kann je nach Einwanderungsgrund, wie z.B. Familienzusammenf\u00fchrung oder Familiengr\u00fcndung, variieren.<\/p><ul><li><strong>Staatsb\u00fcrgerkundepr\u00fcfung:<\/strong> in einigen F\u00e4llen, insbesondere bei <a href=\"https:\/\/www.derbedrosian.nl\/de\/gerichtsbarkeiten\/einwanderungsgesetz\/familienzusammenfuhrung-2\/\">Familienzusammenf\u00fchrung<\/a> oder Familiengr\u00fcndung, m\u00fcssen Sie eine Integrationspr\u00fcfung ablegen, bevor Sie einen MVV beantragen k\u00f6nnen.<\/li><li><strong>MVV-Anwendung:<\/strong> Nachdem Sie die Pr\u00fcfung zur staatsb\u00fcrgerlichen Integration erfolgreich bestanden haben (falls erforderlich), m\u00fcssen Sie innerhalb von 1 Jahr nach Bestehen dieser Pr\u00fcfung einen MVV-Antrag stellen und die damit verbundenen Geb\u00fchren bezahlen. Sie haben die M\u00f6glichkeit, dies bei der niederl\u00e4ndischen Botschaft in Ihrem Heimatland oder bei der Einwanderungs- und Einb\u00fcrgerungsbeh\u00f6rde (IND) zu tun.<\/li><li><strong>IND-Bewertung:<\/strong> Nachdem Sie Ihren MVV-Antrag eingereicht haben, wird er von der Einwanderungs- und Einb\u00fcrgerungsbeh\u00f6rde (IND) gepr\u00fcft. Wenn Ihr Antrag abgelehnt wird, erhalten Sie eine schriftliche Benachrichtigung mit den Gr\u00fcnden f\u00fcr die Ablehnung. Nach der Genehmigung k\u00f6nnen Sie Ihr MVV bei der Botschaft oder dem Konsulat in Ihrem Land abholen. Damit k\u00f6nnen Sie in die Niederlande reisen und das weitere Verfahren zur Beantragung der Aufenthaltsgenehmigung fortsetzen.<\/li><\/ul>\t\t\t\t\t\t\t\t<\/div>\n\t\t\t\t<\/div>\n\t\t\t\t<div class=\"elementor-element elementor-element-716e47a elementor-widget elementor-widget-spacer\" data-id=\"716e47a\" data-element_type=\"widget\" data-e-type=\"widget\" data-widget_type=\"spacer.default\">\n\t\t\t\t<div class=\"elementor-widget-container\">\n\t\t\t\t\t\t\t<div class=\"elementor-spacer\">\n\t\t\t<div class=\"elementor-spacer-inner\"><\/div>\n\t\t<\/div>\n\t\t\t\t\t\t<\/div>\n\t\t\t\t<\/div>\n\t\t\t\t<div class=\"elementor-element elementor-element-4950254 elementor-widget elementor-widget-heading\" data-id=\"4950254\" data-element_type=\"widget\" data-e-type=\"widget\" data-widget_type=\"heading.default\">\n\t\t\t\t<div class=\"elementor-widget-container\">\n\t\t\t\t\t<h3 class=\"elementor-heading-title elementor-size-default\">Anwalt f\u00fcr MVV Vorl\u00e4ufige Aufenthaltsgenehmigung<\/h3>\t\t\t\t<\/div>\n\t\t\t\t<\/div>\n\t\t\t\t<div class=\"elementor-element elementor-element-38d04b4 color-scheme-inherit text-left elementor-widget elementor-widget-text-editor\" data-id=\"38d04b4\" data-element_type=\"widget\" data-e-type=\"widget\" data-widget_type=\"text-editor.default\">\n\t\t\t\t<div class=\"elementor-widget-container\">\n\t\t\t\t\t\t\t\t\t<p>Die Beantragung einer vorl\u00e4ufigen Aufenthaltsgenehmigung (MVV) ist also mit viel Aufwand verbunden. In solch komplexen Situationen ist es ratsam, einen Anwalt hinzuzuziehen. Bei der Anwaltskanzlei Der Bedrosian verf\u00fcgen wir \u00fcber fachkundige Anw\u00e4lte, die sich bestens mit dem Ausl\u00e4nderrecht auskennen.<\/p><p>Wenn Sie sich mit uns in Verbindung setzen, sorgen wir daf\u00fcr, dass Sie direkt an einen unserer spezialisierten Anw\u00e4lte weitergeleitet werden, der Ihnen w\u00e4hrend des gesamten Verfahrens weitere rechtliche Unterst\u00fctzung und Beratung bietet.<\/p>\t\t\t\t\t\t\t\t<\/div>\n\t\t\t\t<\/div>\n\t\t\t\t\t<\/div>\n\t\t\t\t<\/div>\n\t\t\t\t<\/div>","protected":false},"excerpt":{"rendered":"<p>Antr\u00e4ge Genehmigung Vorl\u00e4ufiger Aufenthalt MVV MVV Rechtsanwalt Rechtsanwalt MVV Ausl\u00e4nderrecht Rechtsanwalt Enschede Ausl\u00e4nderrecht Rechtsanwalt Overijssel Ausl\u00e4nderrecht Enschede Rechtsanwalt Enschede Ausl\u00e4nderrecht<\/p>","protected":false},"author":1,"featured_media":0,"parent":10627,"menu_order":0,"comment_status":"closed","ping_status":"closed","template":"","meta":{"footnotes":""},"class_list":["post-10667","page","type-page","status-publish","hentry"],"_links":{"self":[{"href":"https:\/\/www.derbedrosian.nl\/de\/wp-json\/wp\/v2\/pages\/10667","targetHints":{"allow":["GET"]}}],"collection":[{"href":"https:\/\/www.derbedrosian.nl\/de\/wp-json\/wp\/v2\/pages"}],"about":[{"href":"https:\/\/www.derbedrosian.nl\/de\/wp-json\/wp\/v2\/types\/page"}],"author":[{"embeddable":true,"href":"https:\/\/www.derbedrosian.nl\/de\/wp-json\/wp\/v2\/users\/1"}],"replies":[{"embeddable":true,"href":"https:\/\/www.derbedrosian.nl\/de\/wp-json\/wp\/v2\/comments?post=10667"}],"version-history":[{"count":0,"href":"https:\/\/www.derbedrosian.nl\/de\/wp-json\/wp\/v2\/pages\/10667\/revisions"}],"up":[{"embeddable":true,"href":"https:\/\/www.derbedrosian.nl\/de\/wp-json\/wp\/v2\/pages\/10627"}],"wp:attachment":[{"href":"https:\/\/www.derbedrosian.nl\/de\/wp-json\/wp\/v2\/media?parent=10667"}],"curies":[{"name":"wp","href":"https:\/\/api.w.org\/{rel}","templated":true}]}}