{"id":10655,"date":"2023-05-26T15:34:34","date_gmt":"2023-05-26T13:34:34","guid":{"rendered":"https:\/\/derbedrosian.nl\/?page_id=10655"},"modified":"2025-12-21T15:54:19","modified_gmt":"2025-12-21T13:54:19","slug":"entzug-der-aufenthaltserlaubnis","status":"publish","type":"page","link":"https:\/\/www.derbedrosian.nl\/de\/rechtsgebieden\/vreemdelingenrecht\/intrekking-verblijfsvergunning\/","title":{"rendered":"Entzug der Aufenthaltserlaubnis"},"content":{"rendered":"<div data-elementor-type=\"wp-page\" data-elementor-id=\"10655\" class=\"elementor elementor-10655\" data-elementor-post-type=\"page\">\n\t\t\t\t<div class=\"wd-negative-gap elementor-element elementor-element-07c2989 e-flex e-con-boxed e-con e-parent\" data-id=\"07c2989\" data-element_type=\"container\" data-e-type=\"container\">\n\t\t\t\t\t<div class=\"e-con-inner\">\n\t\t\t\t<div class=\"elementor-element elementor-element-a81a63a elementor-hidden-desktop elementor-hidden-tablet elementor-hidden-mobile elementor-widget elementor-widget-wd_image_or_svg\" data-id=\"a81a63a\" data-element_type=\"widget\" data-e-type=\"widget\" id=\"seo-word\" data-widget_type=\"wd_image_or_svg.default\">\n\t\t\t\t<div class=\"elementor-widget-container\">\n\t\t\t\t\t\n\t\t<div class=\"wd-image text-left\">\n\t\t\t\t\t\t\t\t<img loading=\"lazy\" decoding=\"async\" width=\"1000\" height=\"667\" src=\"https:\/\/www.derbedrosian.nl\/wp-content\/uploads\/rechtsgebieden-intrekking-verblijfsvergunning.jpg\" class=\"attachment-full size-full\" alt=\"Widerruf der Aufenthaltserlaubnis Rechtsanwalt Einspruch IND Verfahren Ausl\u00e4nderrecht\" srcset=\"https:\/\/www.derbedrosian.nl\/wp-content\/uploads\/rechtsgebieden-intrekking-verblijfsvergunning.jpg 1000w, https:\/\/www.derbedrosian.nl\/wp-content\/uploads\/rechtsgebieden-intrekking-verblijfsvergunning-400x267.jpg 400w, https:\/\/www.derbedrosian.nl\/wp-content\/uploads\/rechtsgebieden-intrekking-verblijfsvergunning-768x512.jpg 768w\" sizes=\"auto, (max-width: 1000px) 100vw, 1000px\" title=\"\">\t\t\t\t\t<\/div>\n\n\t\t\t\t\t\t<\/div>\n\t\t\t\t<\/div>\n\t\t\t\t<div class=\"elementor-element elementor-element-510b0b4 elementor-hidden-desktop elementor-hidden-tablet elementor-hidden-mobile elementor-widget elementor-widget-heading\" data-id=\"510b0b4\" data-element_type=\"widget\" data-e-type=\"widget\" id=\"seo-word\" data-widget_type=\"heading.default\">\n\t\t\t\t<div class=\"elementor-widget-container\">\n\t\t\t\t\t<h2 class=\"elementor-heading-title elementor-size-default\">Aufenthaltserlaubnis entzogen<\/h2>\t\t\t\t<\/div>\n\t\t\t\t<\/div>\n\t\t\t\t<div class=\"elementor-element elementor-element-ce09e4c elementor-hidden-desktop elementor-hidden-tablet elementor-hidden-mobile elementor-widget elementor-widget-heading\" data-id=\"ce09e4c\" data-element_type=\"widget\" data-e-type=\"widget\" id=\"seo-word\" data-widget_type=\"heading.default\">\n\t\t\t\t<div class=\"elementor-widget-container\">\n\t\t\t\t\t<h5 class=\"elementor-heading-title elementor-size-default\">Anwalt f\u00fcr Aufenthaltsrecht<\/h5>\t\t\t\t<\/div>\n\t\t\t\t<\/div>\n\t\t\t\t<div class=\"elementor-element elementor-element-504c64c elementor-hidden-desktop elementor-hidden-tablet elementor-hidden-mobile elementor-widget elementor-widget-heading\" data-id=\"504c64c\" data-element_type=\"widget\" data-e-type=\"widget\" id=\"seo-word\" data-widget_type=\"heading.default\">\n\t\t\t\t<div class=\"elementor-widget-container\">\n\t\t\t\t\t<h5 class=\"elementor-heading-title elementor-size-default\">Gr\u00fcnde f\u00fcr den Entzug der Aufenthaltserlaubnis<\/h5>\t\t\t\t<\/div>\n\t\t\t\t<\/div>\n\t\t\t\t<div class=\"elementor-element elementor-element-aea539b elementor-hidden-desktop elementor-hidden-tablet elementor-hidden-mobile elementor-widget elementor-widget-heading\" data-id=\"aea539b\" data-element_type=\"widget\" data-e-type=\"widget\" id=\"seo-word\" data-widget_type=\"heading.default\">\n\t\t\t\t<div class=\"elementor-widget-container\">\n\t\t\t\t\t<h5 class=\"elementor-heading-title elementor-size-default\">Verfahren f\u00fcr den Entzug der Aufenthaltserlaubnis<\/h5>\t\t\t\t<\/div>\n\t\t\t\t<\/div>\n\t\t\t\t<div class=\"elementor-element elementor-element-9f3ea4c elementor-hidden-desktop elementor-hidden-tablet elementor-hidden-mobile elementor-widget elementor-widget-heading\" data-id=\"9f3ea4c\" data-element_type=\"widget\" data-e-type=\"widget\" id=\"seo-word\" data-widget_type=\"heading.default\">\n\t\t\t\t<div class=\"elementor-widget-container\">\n\t\t\t\t\t<h5 class=\"elementor-heading-title elementor-size-default\">mehr Widerruf der Aufenthaltserlaubnis IND<\/h5>\t\t\t\t<\/div>\n\t\t\t\t<\/div>\n\t\t\t\t<div class=\"elementor-element elementor-element-6a9b7e2 elementor-hidden-desktop elementor-hidden-tablet elementor-hidden-mobile elementor-widget elementor-widget-heading\" data-id=\"6a9b7e2\" data-element_type=\"widget\" data-e-type=\"widget\" id=\"seo-word\" data-widget_type=\"heading.default\">\n\t\t\t\t<div class=\"elementor-widget-container\">\n\t\t\t\t\t<h5 class=\"elementor-heading-title elementor-size-default\">Anwalt f\u00fcr Einwanderungsrecht enschede<\/h5>\t\t\t\t<\/div>\n\t\t\t\t<\/div>\n\t\t\t\t<div class=\"elementor-element elementor-element-97cfade elementor-hidden-desktop elementor-hidden-tablet elementor-hidden-mobile elementor-widget elementor-widget-heading\" data-id=\"97cfade\" data-element_type=\"widget\" data-e-type=\"widget\" id=\"seo-word\" data-widget_type=\"heading.default\">\n\t\t\t\t<div class=\"elementor-widget-container\">\n\t\t\t\t\t<h5 class=\"elementor-heading-title elementor-size-default\">ausl\u00e4nderrecht enschede<\/h5>\t\t\t\t<\/div>\n\t\t\t\t<\/div>\n\t\t\t\t<div class=\"elementor-element elementor-element-d50e981 elementor-hidden-desktop elementor-hidden-tablet elementor-hidden-mobile elementor-widget elementor-widget-heading\" data-id=\"d50e981\" data-element_type=\"widget\" data-e-type=\"widget\" id=\"seo-word\" data-widget_type=\"heading.default\">\n\t\t\t\t<div class=\"elementor-widget-container\">\n\t\t\t\t\t<h5 class=\"elementor-heading-title elementor-size-default\">Anwalt f\u00fcr Einwanderungsrecht Overijssel<\/h5>\t\t\t\t<\/div>\n\t\t\t\t<\/div>\n\t\t\t\t<div class=\"elementor-element elementor-element-d9de11c elementor-hidden-desktop elementor-hidden-tablet elementor-hidden-mobile elementor-widget elementor-widget-heading\" data-id=\"d9de11c\" data-element_type=\"widget\" data-e-type=\"widget\" id=\"seo-word\" data-widget_type=\"heading.default\">\n\t\t\t\t<div class=\"elementor-widget-container\">\n\t\t\t\t\t<h5 class=\"elementor-heading-title elementor-size-default\">Anwalt enschede Ausl\u00e4nderrecht<\/h5>\t\t\t\t<\/div>\n\t\t\t\t<\/div>\n\t\t\t\t<div class=\"elementor-element elementor-element-69b3916 elementor-hidden-desktop elementor-hidden-tablet elementor-hidden-mobile elementor-widget elementor-widget-heading\" data-id=\"69b3916\" data-element_type=\"widget\" data-e-type=\"widget\" id=\"seo-word\" data-widget_type=\"heading.default\">\n\t\t\t\t<div class=\"elementor-widget-container\">\n\t\t\t\t\t<h5 class=\"elementor-heading-title elementor-size-default\">In Enschede und Overijssel k\u00f6nnen Sie sich auf die Einwanderungsanw\u00e4lte von Derbedrosian Immigration Lawyers verlassen. Unsere spezialisierten Anw\u00e4lte in Enschede verf\u00fcgen \u00fcber umfangreiche Erfahrung in ausl\u00e4nderrechtlichen F\u00e4llen, einschlie\u00dflich F\u00e4llen, in denen es um den Widerruf von Aufenthaltsgenehmigungen geht.\n\nDer Widerruf einer Aufenthaltserlaubnis ist ein weitreichendes rechtliches Verfahren. Der Immigrations- und Einb\u00fcrgerungsdienst (IND) f\u00fchrt dieses Verfahren durch und es m\u00fcssen besondere Gr\u00fcnde f\u00fcr den Widerruf einer Aufenthaltsgenehmigung vorliegen.\n\nDie Gr\u00fcnde f\u00fcr den Entzug einer Aufenthaltsgenehmigung k\u00f6nnen unterschiedlich sein und mit Verst\u00f6\u00dfen gegen die Aufenthaltsbedingungen, wie z.B. Verbrechen oder Betrug, sowie mit anderen rechtlichen Gr\u00fcnden zusammenh\u00e4ngen.\n\nEs ist sehr wichtig, die richtigen rechtlichen Schritte zu unternehmen, wenn Ihnen der Widerruf Ihrer Aufenthaltserlaubnis droht. Unsere Anw\u00e4lte f\u00fcr Einwanderungsrecht in Enschede beraten Sie und vertreten Ihre Interessen in F\u00e4llen, in denen es um den Widerruf der Aufenthaltsgenehmigung geht.\n\nWenn Sie rechtlichen Beistand in F\u00e4llen des Widerrufs Ihrer Aufenthaltserlaubnis oder in anderen ausl\u00e4nderrechtlichen Angelegenheiten ben\u00f6tigen, z\u00f6gern Sie nicht, Derbedrosian Immigration Lawyers zu kontaktieren. Wir sind hier, um Ihnen zu helfen, Ihren Fall zu bearbeiten und sicherzustellen, dass Ihre Rechte gewahrt werden.<\/h5>\t\t\t\t<\/div>\n\t\t\t\t<\/div>\n\t\t\t\t<div class=\"elementor-element elementor-element-2d074c3 elementor-hidden-desktop elementor-hidden-tablet elementor-hidden-mobile elementor-widget elementor-widget-heading\" data-id=\"2d074c3\" data-element_type=\"widget\" data-e-type=\"widget\" id=\"seo-word\" data-widget_type=\"heading.default\">\n\t\t\t\t<div class=\"elementor-widget-container\">\n\t\t\t\t\t<h5 class=\"elementor-heading-title elementor-size-default\">Grundsatz der Verh\u00e4ltnism\u00e4\u00dfigkeit bietet perspektivische \u00dcberpr\u00fcfung des Entzugs der Aufenthaltserlaubnis mit r\u00fcckwirkender Wirkung Interessenabw\u00e4gung bei Entzug der Aufenthaltserlaubnis<\/h5>\t\t\t\t<\/div>\n\t\t\t\t<\/div>\n\t\t\t\t<div class=\"elementor-element elementor-element-350b769 color-scheme-inherit text-left elementor-widget elementor-widget-text-editor\" data-id=\"350b769\" data-element_type=\"widget\" data-e-type=\"widget\" data-widget_type=\"text-editor.default\">\n\t\t\t\t<div class=\"elementor-widget-container\">\n\t\t\t\t\t\t\t\t\t<p><strong>In den Niederlanden kann der 'Widerruf der Aufenthaltserlaubnis' erhebliche rechtliche und pers\u00f6nliche Konsequenzen f\u00fcr die betroffene Person haben. Eine Aufenthaltserlaubnis wird widerrufen, wenn es nach Ansicht des Einwanderungs- und Einb\u00fcrgerungsdienstes (IND) einen triftigen Grund gibt, die zuvor erteilte Erlaubnis, sich in den Niederlanden aufzuhalten und zu leben, zu annullieren oder zu widerrufen.<\/strong><\/p>\t\t\t\t\t\t\t\t<\/div>\n\t\t\t\t<\/div>\n\t\t\t\t<div class=\"elementor-element elementor-element-d5fc5d9 elementor-widget elementor-widget-spacer\" data-id=\"d5fc5d9\" data-element_type=\"widget\" data-e-type=\"widget\" data-widget_type=\"spacer.default\">\n\t\t\t\t<div class=\"elementor-widget-container\">\n\t\t\t\t\t\t\t<div class=\"elementor-spacer\">\n\t\t\t<div class=\"elementor-spacer-inner\"><\/div>\n\t\t<\/div>\n\t\t\t\t\t\t<\/div>\n\t\t\t\t<\/div>\n\t\t\t\t<div class=\"elementor-element elementor-element-d51a96a elementor-widget elementor-widget-heading\" data-id=\"d51a96a\" data-element_type=\"widget\" data-e-type=\"widget\" data-widget_type=\"heading.default\">\n\t\t\t\t<div class=\"elementor-widget-container\">\n\t\t\t\t\t<h3 class=\"elementor-heading-title elementor-size-default\">Entzug der Aufenthaltserlaubnis<\/h3>\t\t\t\t<\/div>\n\t\t\t\t<\/div>\n\t\t\t\t<div class=\"elementor-element elementor-element-0d0624b color-scheme-inherit text-left elementor-widget elementor-widget-text-editor\" data-id=\"0d0624b\" data-element_type=\"widget\" data-e-type=\"widget\" data-widget_type=\"text-editor.default\">\n\t\t\t\t<div class=\"elementor-widget-container\">\n\t\t\t\t\t\t\t\t\t<p>Wenn Ihre Aufenthaltsgenehmigung widerrufen wird, bedeutet dies, dass Sie sich nicht mehr in den Niederlanden aufhalten d\u00fcrfen. Dies kann schwerwiegende Folgen haben, z. B. dass Sie von den Beh\u00f6rden festgenommen, inhaftiert und gezwungen werden, das Land zu verlassen. Gl\u00fccklicherweise k\u00f6nnen Sie gegen diese Entscheidung Einspruch erheben und rechtliche Schritte einleiten, um Ihre Situation anzufechten. Es ist wichtig, dass Sie sich schnell rechtlich beraten lassen und Ihre Rechte kennen, um eine angemessene Antwort zu formulieren.<\/p>\t\t\t\t\t\t\t\t<\/div>\n\t\t\t\t<\/div>\n\t\t\t\t<div class=\"elementor-element elementor-element-58372ae elementor-widget elementor-widget-spacer\" data-id=\"58372ae\" data-element_type=\"widget\" data-e-type=\"widget\" data-widget_type=\"spacer.default\">\n\t\t\t\t<div class=\"elementor-widget-container\">\n\t\t\t\t\t\t\t<div class=\"elementor-spacer\">\n\t\t\t<div class=\"elementor-spacer-inner\"><\/div>\n\t\t<\/div>\n\t\t\t\t\t\t<\/div>\n\t\t\t\t<\/div>\n\t\t\t\t<div class=\"elementor-element elementor-element-944264c elementor-widget elementor-widget-heading\" data-id=\"944264c\" data-element_type=\"widget\" data-e-type=\"widget\" data-widget_type=\"heading.default\">\n\t\t\t\t<div class=\"elementor-widget-container\">\n\t\t\t\t\t<h3 class=\"elementor-heading-title elementor-size-default\">Gr\u00fcnde f\u00fcr den Entzug der Aufenthaltserlaubnis\n<\/h3>\t\t\t\t<\/div>\n\t\t\t\t<\/div>\n\t\t\t\t<div class=\"elementor-element elementor-element-c87d8db color-scheme-inherit text-left elementor-widget elementor-widget-text-editor\" data-id=\"c87d8db\" data-element_type=\"widget\" data-e-type=\"widget\" data-widget_type=\"text-editor.default\">\n\t\t\t\t<div class=\"elementor-widget-container\">\n\t\t\t\t\t\t\t\t\t<p>Dies kann verschiedene Gr\u00fcnde haben, wie zum Beispiel:<\/p><ul><li><strong>Nichterf\u00fcllung der Einkommensanforderungen:<\/strong>\u00a0wenn Ihr Einkommen unter die festgelegte Mindestgrenze f\u00e4llt oder wenn Sie nachweislich nicht in der Lage sind, Ihren Lebensunterhalt zu bestreiten.<\/li><li><strong>Sie sind nicht mehr mit Ihrem Partner verheiratet:<\/strong>\u00a0wenn Ihre Aufenthaltserlaubnis auf einer Ehe oder eingetragenen Partnerschaft beruht, kann die Beendigung dieser Beziehung zum Verlust Ihres Aufenthaltsrechts f\u00fchren.<\/li><li><a href=\"https:\/\/www.derbedrosian.nl\/de\/gerichtsbarkeiten\/strafrecht\/verbrechen\/\"><strong>Begangene Straftat:<\/strong><\/a>\u00a0wenn Sie eine Straftat begangen haben, k\u00f6nnen Sie eine \"unerw\u00fcnschte Erkl\u00e4rung\" erhalten, die besagt, dass Sie in den Niederlanden als unerw\u00fcnscht gelten und das Land verlassen m\u00fcssen. Diese Situation kann zu einer erzwungenen Ausreise aus dem Land f\u00fchren, was schwerwiegende Folgen f\u00fcr Ihren Aufenthaltsstatus und Ihre Zukunft in den Niederlanden haben kann.<\/li><li><strong>Unzureichende Credits:<\/strong> Wenn Sie nicht gen\u00fcgend Credits in Ihrem Kurs erwerben, kann das IND Ihre Aufenthaltsgenehmigung widerrufen.<\/li><\/ul>\t\t\t\t\t\t\t\t<\/div>\n\t\t\t\t<\/div>\n\t\t\t\t<div class=\"elementor-element elementor-element-4e8d621 elementor-widget elementor-widget-spacer\" data-id=\"4e8d621\" data-element_type=\"widget\" data-e-type=\"widget\" data-widget_type=\"spacer.default\">\n\t\t\t\t<div class=\"elementor-widget-container\">\n\t\t\t\t\t\t\t<div class=\"elementor-spacer\">\n\t\t\t<div class=\"elementor-spacer-inner\"><\/div>\n\t\t<\/div>\n\t\t\t\t\t\t<\/div>\n\t\t\t\t<\/div>\n\t\t\t\t<div class=\"elementor-element elementor-element-be3e65a elementor-widget elementor-widget-heading\" data-id=\"be3e65a\" data-element_type=\"widget\" data-e-type=\"widget\" data-widget_type=\"heading.default\">\n\t\t\t\t<div class=\"elementor-widget-container\">\n\t\t\t\t\t<h3 class=\"elementor-heading-title elementor-size-default\">Einspruchsverfahren <\/h3>\t\t\t\t<\/div>\n\t\t\t\t<\/div>\n\t\t\t\t<div class=\"elementor-element elementor-element-1cf68cf color-scheme-inherit text-left elementor-widget elementor-widget-text-editor\" data-id=\"1cf68cf\" data-element_type=\"widget\" data-e-type=\"widget\" data-widget_type=\"text-editor.default\">\n\t\t\t\t<div class=\"elementor-widget-container\">\n\t\t\t\t\t\t\t\t\t<p>Wenn Sie mit dem Widerruf Ihrer Aufenthaltserlaubnis nicht einverstanden sind, k\u00f6nnen Sie dagegen Widerspruch einlegen. Dies muss innerhalb von vier Wochen nach dem Widerruf Ihrer Aufenthaltserlaubnis oder nach der Ablehnung eines fr\u00fcheren Widerspruchs geschehen. Wenn die Entscheidung l\u00e4nger zur\u00fcckliegt, k\u00f6nnen Sie keinen Widerspruch mehr einlegen.<br \/>Nachfolgend finden Sie die Schritte zur Einreichung eines Einspruchs:<\/p><ul><li><strong>Ansichten:<\/strong>\u00a0dies ist der erste Schritt, um zu zeigen, dass Sie mit der Entscheidung der IND nicht einverstanden sind. Sie k\u00f6nnen dies auf verschiedene Weise tun, z.B. m\u00fcndlich, per E-Mail oder per Brief.<\/li><li><strong>Einspruch:<\/strong>\u00a0Wenn Ihr Standpunkt nicht akzeptiert wird, kann Ihr Anwalt einen Einspruch einlegen. Darin geben Sie die Gr\u00fcnde an, warum Sie mit der Entscheidung der IND nicht einverstanden sind.<\/li><li><strong>Berufung einlegen:<\/strong>\u00a0wenn der Einspruch abgelehnt wird, haben Sie die M\u00f6glichkeit, innerhalb einer vierw\u00f6chigen Frist bei Gericht Berufung einzulegen, wenn Sie mit der Entscheidung nicht einverstanden sind.<\/li><li><strong>Berufung einlegen:<\/strong>\u00a0Wenn auch dieser Widerspruch abgelehnt wird, k\u00f6nnen Sie immer noch bei der Abteilung f\u00fcr Verwaltungsrecht des Staatsrats (ABRvS) Beschwerde einlegen.<\/li><\/ul>\t\t\t\t\t\t\t\t<\/div>\n\t\t\t\t<\/div>\n\t\t\t\t<div class=\"elementor-element elementor-element-2347f1a elementor-widget elementor-widget-spacer\" data-id=\"2347f1a\" data-element_type=\"widget\" data-e-type=\"widget\" data-widget_type=\"spacer.default\">\n\t\t\t\t<div class=\"elementor-widget-container\">\n\t\t\t\t\t\t\t<div class=\"elementor-spacer\">\n\t\t\t<div class=\"elementor-spacer-inner\"><\/div>\n\t\t<\/div>\n\t\t\t\t\t\t<\/div>\n\t\t\t\t<\/div>\n\t\t\t\t<div class=\"elementor-element elementor-element-4436c2b elementor-widget elementor-widget-heading\" data-id=\"4436c2b\" data-element_type=\"widget\" data-e-type=\"widget\" data-widget_type=\"heading.default\">\n\t\t\t\t<div class=\"elementor-widget-container\">\n\t\t\t\t\t<h3 class=\"elementor-heading-title elementor-size-default\">Anwalt legt Einspruch gegen den Widerruf der Aufenthaltserlaubnis ein<\/h3>\t\t\t\t<\/div>\n\t\t\t\t<\/div>\n\t\t\t\t<div class=\"elementor-element elementor-element-a53ff4a color-scheme-inherit text-left elementor-widget elementor-widget-text-editor\" data-id=\"a53ff4a\" data-element_type=\"widget\" data-e-type=\"widget\" data-widget_type=\"text-editor.default\">\n\t\t\t\t<div class=\"elementor-widget-container\">\n\t\t\t\t\t\t\t\t\t<p>Wenn Ihre Aufenthaltsgenehmigung widerrufen wird, kann das schwerwiegende Folgen haben. Daher ist es ratsam, einen Rechtsbeistand zu suchen.<\/p><p>Die <a href=\"https:\/\/www.derbedrosian.nl\/de\/rechtsanwalte-2\/\">Fachanw\u00e4lte<\/a> der Anwaltskanzlei Derbedrosian verf\u00fcgen \u00fcber umfangreiche Erfahrung im Einwanderungsrecht und k\u00f6nnen Ihnen daher professionelle Rechtshilfe anbieten. Wir bei Derbedrosian verstehen die Probleme, die mit dem Verlust Ihres Aufenthaltsstatus verbunden sind. Wenden Sie sich an uns, wenn Sie weitere rechtliche Unterst\u00fctzung ben\u00f6tigen.<\/p>\t\t\t\t\t\t\t\t<\/div>\n\t\t\t\t<\/div>\n\t\t\t\t\t<\/div>\n\t\t\t\t<\/div>\n\t\t\t\t<\/div>","protected":false},"excerpt":{"rendered":"<p>verblijfsvergunning ingetrokken verblijfsvergunning advocaat redenen intrekking van verblijfsvergunning Procedure intrekking verblijfsvergunning meer intrekking verblijfsvergunning IND vreemdelingenrecht advocaat enschede vreemdelingenrecht enschede<\/p>","protected":false},"author":1,"featured_media":0,"parent":10627,"menu_order":0,"comment_status":"closed","ping_status":"closed","template":"","meta":{"footnotes":""},"class_list":["post-10655","page","type-page","status-publish","hentry"],"_links":{"self":[{"href":"https:\/\/www.derbedrosian.nl\/de\/wp-json\/wp\/v2\/pages\/10655","targetHints":{"allow":["GET"]}}],"collection":[{"href":"https:\/\/www.derbedrosian.nl\/de\/wp-json\/wp\/v2\/pages"}],"about":[{"href":"https:\/\/www.derbedrosian.nl\/de\/wp-json\/wp\/v2\/types\/page"}],"author":[{"embeddable":true,"href":"https:\/\/www.derbedrosian.nl\/de\/wp-json\/wp\/v2\/users\/1"}],"replies":[{"embeddable":true,"href":"https:\/\/www.derbedrosian.nl\/de\/wp-json\/wp\/v2\/comments?post=10655"}],"version-history":[{"count":0,"href":"https:\/\/www.derbedrosian.nl\/de\/wp-json\/wp\/v2\/pages\/10655\/revisions"}],"up":[{"embeddable":true,"href":"https:\/\/www.derbedrosian.nl\/de\/wp-json\/wp\/v2\/pages\/10627"}],"wp:attachment":[{"href":"https:\/\/www.derbedrosian.nl\/de\/wp-json\/wp\/v2\/media?parent=10655"}],"curies":[{"name":"wp","href":"https:\/\/api.w.org\/{rel}","templated":true}]}}