{"id":10636,"date":"2023-05-26T13:08:55","date_gmt":"2023-05-26T11:08:55","guid":{"rendered":"https:\/\/derbedrosian.nl\/?page_id=10636"},"modified":"2025-12-21T15:48:57","modified_gmt":"2025-12-21T13:48:57","slug":"familienzusammenfuhrung-2","status":"publish","type":"page","link":"https:\/\/www.derbedrosian.nl\/de\/rechtsgebieden\/vreemdelingenrecht\/gezinshereniging\/","title":{"rendered":"Familienzusammenf\u00fchrung"},"content":{"rendered":"<div data-elementor-type=\"wp-page\" data-elementor-id=\"10636\" class=\"elementor elementor-10636\" data-elementor-post-type=\"page\">\n\t\t\t\t<div class=\"wd-negative-gap elementor-element elementor-element-2ba4c6b e-flex e-con-boxed e-con e-parent\" data-id=\"2ba4c6b\" data-element_type=\"container\" data-e-type=\"container\">\n\t\t\t\t\t<div class=\"e-con-inner\">\n\t\t\t\t<div class=\"elementor-element elementor-element-c548197 elementor-hidden-desktop elementor-hidden-tablet elementor-hidden-mobile elementor-widget elementor-widget-wd_image_or_svg\" data-id=\"c548197\" data-element_type=\"widget\" data-e-type=\"widget\" id=\"seo-word\" data-widget_type=\"wd_image_or_svg.default\">\n\t\t\t\t<div class=\"elementor-widget-container\">\n\t\t\t\t\t\n\t\t<div class=\"wd-image text-left\">\n\t\t\t\t\t\t\t\t<img loading=\"lazy\" decoding=\"async\" width=\"1000\" height=\"667\" src=\"https:\/\/www.derbedrosian.nl\/wp-content\/uploads\/rechtsgebieden-gezinshereniging.jpg\" class=\"attachment-full size-full\" alt=\"Anwalt Familienzusammenf\u00fchrung Niederlande Verfahrensbedingungen Was ist Familienzusammenf\u00fchrung Drittstaatsangeh\u00f6riger\" srcset=\"https:\/\/www.derbedrosian.nl\/wp-content\/uploads\/rechtsgebieden-gezinshereniging.jpg 1000w, https:\/\/www.derbedrosian.nl\/wp-content\/uploads\/rechtsgebieden-gezinshereniging-400x267.jpg 400w, https:\/\/www.derbedrosian.nl\/wp-content\/uploads\/rechtsgebieden-gezinshereniging-768x512.jpg 768w\" sizes=\"auto, (max-width: 1000px) 100vw, 1000px\" title=\"\">\t\t\t\t\t<\/div>\n\n\t\t\t\t\t\t<\/div>\n\t\t\t\t<\/div>\n\t\t\t\t<div class=\"elementor-element elementor-element-5af6620 elementor-hidden-desktop elementor-hidden-tablet elementor-hidden-mobile elementor-widget elementor-widget-heading\" data-id=\"5af6620\" data-element_type=\"widget\" data-e-type=\"widget\" id=\"seo-word\" data-widget_type=\"heading.default\">\n\t\t\t\t<div class=\"elementor-widget-container\">\n\t\t\t\t\t<h2 class=\"elementor-heading-title elementor-size-default\">Familienzusammenf\u00fchrung niederlande<\/h2>\t\t\t\t<\/div>\n\t\t\t\t<\/div>\n\t\t\t\t<div class=\"elementor-element elementor-element-4b820c4 elementor-hidden-desktop elementor-hidden-tablet elementor-hidden-mobile elementor-widget elementor-widget-heading\" data-id=\"4b820c4\" data-element_type=\"widget\" data-e-type=\"widget\" id=\"seo-word\" data-widget_type=\"heading.default\">\n\t\t\t\t<div class=\"elementor-widget-container\">\n\t\t\t\t\t<h5 class=\"elementor-heading-title elementor-size-default\">Bedingungen f\u00fcr die Familienzusammenf\u00fchrung<\/h5>\t\t\t\t<\/div>\n\t\t\t\t<\/div>\n\t\t\t\t<div class=\"elementor-element elementor-element-3fd1260 elementor-hidden-desktop elementor-hidden-tablet elementor-hidden-mobile elementor-widget elementor-widget-heading\" data-id=\"3fd1260\" data-element_type=\"widget\" data-e-type=\"widget\" id=\"seo-word\" data-widget_type=\"heading.default\">\n\t\t\t\t<div class=\"elementor-widget-container\">\n\t\t\t\t\t<h5 class=\"elementor-heading-title elementor-size-default\">Anwalt f\u00fcr Familienzusammenf\u00fchrung<\/h5>\t\t\t\t<\/div>\n\t\t\t\t<\/div>\n\t\t\t\t<div class=\"elementor-element elementor-element-fb1502d elementor-hidden-desktop elementor-hidden-tablet elementor-hidden-mobile elementor-widget elementor-widget-heading\" data-id=\"fb1502d\" data-element_type=\"widget\" data-e-type=\"widget\" id=\"seo-word\" data-widget_type=\"heading.default\">\n\t\t\t\t<div class=\"elementor-widget-container\">\n\t\t\t\t\t<h5 class=\"elementor-heading-title elementor-size-default\">Verfahren zur Familienzusammenf\u00fchrung<\/h5>\t\t\t\t<\/div>\n\t\t\t\t<\/div>\n\t\t\t\t<div class=\"elementor-element elementor-element-360581d elementor-hidden-desktop elementor-hidden-tablet elementor-hidden-mobile elementor-widget elementor-widget-heading\" data-id=\"360581d\" data-element_type=\"widget\" data-e-type=\"widget\" id=\"seo-word\" data-widget_type=\"heading.default\">\n\t\t\t\t<div class=\"elementor-widget-container\">\n\t\t\t\t\t<h5 class=\"elementor-heading-title elementor-size-default\">Bedingungen f\u00fcr die Familienzusammenf\u00fchrung<\/h5>\t\t\t\t<\/div>\n\t\t\t\t<\/div>\n\t\t\t\t<div class=\"elementor-element elementor-element-ca080ee elementor-hidden-desktop elementor-hidden-tablet elementor-hidden-mobile elementor-widget elementor-widget-heading\" data-id=\"ca080ee\" data-element_type=\"widget\" data-e-type=\"widget\" id=\"seo-word\" data-widget_type=\"heading.default\">\n\t\t\t\t<div class=\"elementor-widget-container\">\n\t\t\t\t\t<h5 class=\"elementor-heading-title elementor-size-default\">Familienzusammenf\u00fchrung mit einem Drittstaatsangeh\u00f6rigen<\/h5>\t\t\t\t<\/div>\n\t\t\t\t<\/div>\n\t\t\t\t<div class=\"elementor-element elementor-element-73ec6b2 elementor-hidden-desktop elementor-hidden-tablet elementor-hidden-mobile elementor-widget elementor-widget-heading\" data-id=\"73ec6b2\" data-element_type=\"widget\" data-e-type=\"widget\" id=\"seo-word\" data-widget_type=\"heading.default\">\n\t\t\t\t<div class=\"elementor-widget-container\">\n\t\t\t\t\t<h5 class=\"elementor-heading-title elementor-size-default\">Anwalt f\u00fcr Einwanderungsrecht enschede<\/h5>\t\t\t\t<\/div>\n\t\t\t\t<\/div>\n\t\t\t\t<div class=\"elementor-element elementor-element-fe938b1 elementor-hidden-desktop elementor-hidden-tablet elementor-hidden-mobile elementor-widget elementor-widget-heading\" data-id=\"fe938b1\" data-element_type=\"widget\" data-e-type=\"widget\" id=\"seo-word\" data-widget_type=\"heading.default\">\n\t\t\t\t<div class=\"elementor-widget-container\">\n\t\t\t\t\t<h5 class=\"elementor-heading-title elementor-size-default\">Anwalt f\u00fcr Einwanderungsrecht Overijssel<\/h5>\t\t\t\t<\/div>\n\t\t\t\t<\/div>\n\t\t\t\t<div class=\"elementor-element elementor-element-f8efdee elementor-hidden-desktop elementor-hidden-tablet elementor-hidden-mobile elementor-widget elementor-widget-heading\" data-id=\"f8efdee\" data-element_type=\"widget\" data-e-type=\"widget\" id=\"seo-word\" data-widget_type=\"heading.default\">\n\t\t\t\t<div class=\"elementor-widget-container\">\n\t\t\t\t\t<h5 class=\"elementor-heading-title elementor-size-default\">ausl\u00e4nderrecht enschede<\/h5>\t\t\t\t<\/div>\n\t\t\t\t<\/div>\n\t\t\t\t<div class=\"elementor-element elementor-element-f3ed3b4 elementor-hidden-desktop elementor-hidden-tablet elementor-hidden-mobile elementor-widget elementor-widget-heading\" data-id=\"f3ed3b4\" data-element_type=\"widget\" data-e-type=\"widget\" id=\"seo-word\" data-widget_type=\"heading.default\">\n\t\t\t\t<div class=\"elementor-widget-container\">\n\t\t\t\t\t<h5 class=\"elementor-heading-title elementor-size-default\">Anwalt f\u00fcr Einwanderungsrecht enschede<\/h5>\t\t\t\t<\/div>\n\t\t\t\t<\/div>\n\t\t\t\t<div class=\"elementor-element elementor-element-a2ef326 elementor-hidden-desktop elementor-hidden-tablet elementor-hidden-mobile elementor-widget elementor-widget-heading\" data-id=\"a2ef326\" data-element_type=\"widget\" data-e-type=\"widget\" id=\"seo-word\" data-widget_type=\"heading.default\">\n\t\t\t\t<div class=\"elementor-widget-container\">\n\t\t\t\t\t<h5 class=\"elementor-heading-title elementor-size-default\">Recht auf Familienzusammenf\u00fchrung gew\u00e4hrleisten Fortschritt und jetzt Rechte des Niedergangs<\/h5>\t\t\t\t<\/div>\n\t\t\t\t<\/div>\n\t\t\t\t<div class=\"elementor-element elementor-element-a1380fe elementor-hidden-desktop elementor-hidden-tablet elementor-hidden-mobile elementor-widget elementor-widget-heading\" data-id=\"a1380fe\" data-element_type=\"widget\" data-e-type=\"widget\" id=\"seo-word\" data-widget_type=\"heading.default\">\n\t\t\t\t<div class=\"elementor-widget-container\">\n\t\t\t\t\t<h5 class=\"elementor-heading-title elementor-size-default\">In Enschede und Overijssel k\u00f6nnen Sie sich auf die spezialisierten Einwanderungsanw\u00e4lte von Derbedrosian Immigration Lawyers verlassen. Unsere Anw\u00e4lte in Enschede verf\u00fcgen \u00fcber umfangreiche Erfahrung in Einwanderungsangelegenheiten, einschlie\u00dflich Familienzusammenf\u00fchrung.\n\nDie Familienzusammenf\u00fchrung ist ein wichtiges rechtliches Verfahren, bei dem ein Drittstaatsangeh\u00f6riger oder eine Person von au\u00dferhalb der Europ\u00e4ischen Union seine oder ihre Familie in den Niederlanden zusammenf\u00fchren m\u00f6chte. Es gibt bestimmte Bedingungen und Verfahren, die eingehalten werden m\u00fcssen, um sich f\u00fcr die Familienzusammenf\u00fchrung zu qualifizieren.\n\nDas Recht auf Familienzusammenf\u00fchrung ist ein wesentlicher Aspekt des Einwanderungsrechts. Es f\u00f6rdert und sch\u00fctzt die Rechte von Menschen, die ihre Angeh\u00f6rigen in den Niederlanden wiedersehen m\u00f6chten.\n\nUnsere Anw\u00e4lte f\u00fcr Einwanderungsrecht in Enschede beraten Sie und vertreten Ihre Interessen in F\u00e4llen der Familienzusammenf\u00fchrung mit einem Drittstaatsangeh\u00f6rigen. Wir sind uns der Komplexit\u00e4t dieser Verfahren bewusst und helfen Ihnen dabei, sicherzustellen, dass Ihre Rechte bei der Familienzusammenf\u00fchrung respektiert werden.\n\nWenn Sie rechtlichen Beistand in F\u00e4llen von Familienzusammenf\u00fchrung oder anderen einwanderungsrechtlichen Fragen ben\u00f6tigen, z\u00f6gern Sie nicht, Derbedrosian Immigration Lawyers zu kontaktieren. Wir sind hier, um Ihnen zu helfen, Ihren Fall zu bearbeiten und dazu beizutragen, dass sich Ihre Situation verbessert.<\/h5>\t\t\t\t<\/div>\n\t\t\t\t<\/div>\n\t\t\t\t<div class=\"elementor-element elementor-element-6752b3f color-scheme-inherit text-left elementor-widget elementor-widget-text-editor\" data-id=\"6752b3f\" data-element_type=\"widget\" data-e-type=\"widget\" data-widget_type=\"text-editor.default\">\n\t\t\t\t<div class=\"elementor-widget-container\">\n\t\t\t\t\t\t\t\t\t<p><strong>Die Familienzusammenf\u00fchrung ist der Schl\u00fcssel zur Wiedervereinigung Ihrer Familie, um ein neues Leben in den Niederlanden zu beginnen. Wenn Sie diesen \"Traum\" verwirklichen wollen, ist die Beantragung eines Visums der erste Schritt. Es ist immer ratsam, bei der Familienzusammenf\u00fchrung die Hilfe eines erfahrenen Anwalts in Anspruch zu nehmen.<\/strong><\/p>\t\t\t\t\t\t\t\t<\/div>\n\t\t\t\t<\/div>\n\t\t\t\t<div class=\"elementor-element elementor-element-95c2092 elementor-widget elementor-widget-spacer\" data-id=\"95c2092\" data-element_type=\"widget\" data-e-type=\"widget\" data-widget_type=\"spacer.default\">\n\t\t\t\t<div class=\"elementor-widget-container\">\n\t\t\t\t\t\t\t<div class=\"elementor-spacer\">\n\t\t\t<div class=\"elementor-spacer-inner\"><\/div>\n\t\t<\/div>\n\t\t\t\t\t\t<\/div>\n\t\t\t\t<\/div>\n\t\t\t\t<div class=\"elementor-element elementor-element-9ae613f elementor-widget elementor-widget-heading\" data-id=\"9ae613f\" data-element_type=\"widget\" data-e-type=\"widget\" data-widget_type=\"heading.default\">\n\t\t\t\t<div class=\"elementor-widget-container\">\n\t\t\t\t\t<h3 class=\"elementor-heading-title elementor-size-default\">Was ist Familienzusammenf\u00fchrung?<\/h3>\t\t\t\t<\/div>\n\t\t\t\t<\/div>\n\t\t\t\t<div class=\"elementor-element elementor-element-3a204cd color-scheme-inherit text-left elementor-widget elementor-widget-text-editor\" data-id=\"3a204cd\" data-element_type=\"widget\" data-e-type=\"widget\" data-widget_type=\"text-editor.default\">\n\t\t\t\t<div class=\"elementor-widget-container\">\n\t\t\t\t\t\t\t\t\t<p>Die Familienzusammenf\u00fchrung ist ein Prozess, der sowohl die praktischen als auch die emotionalen Aspekte des Lebens der Menschen ber\u00fchrt und die starken Bindungen, die Familien teilen, hervorhebt. Familienzusammenf\u00fchrung bedeutet ganz einfach, dass eine Person eine Aufenthaltsgenehmigung beantragt, um mit ihrem Angeh\u00f6rigen oder ihren Kindern in den Niederlanden zusammenzukommen, mit dem Ziel, eine gemeinsame Zukunft aufzubauen.\u00a0<\/p><p>Dieser Prozess bietet die M\u00f6glichkeit, Familien, die aus verschiedenen Gr\u00fcnden getrennt wurden, wieder zusammenzuf\u00fchren. Der Drang zur Familienzusammenf\u00fchrung wird oft von dem Wunsch angetrieben, zusammenzuleben, f\u00fcreinander zu sorgen und ein neues Leben in einem neuen Heimatland aufzubauen.<\/p>\t\t\t\t\t\t\t\t<\/div>\n\t\t\t\t<\/div>\n\t\t\t\t<div class=\"elementor-element elementor-element-aec1924 elementor-widget elementor-widget-spacer\" data-id=\"aec1924\" data-element_type=\"widget\" data-e-type=\"widget\" data-widget_type=\"spacer.default\">\n\t\t\t\t<div class=\"elementor-widget-container\">\n\t\t\t\t\t\t\t<div class=\"elementor-spacer\">\n\t\t\t<div class=\"elementor-spacer-inner\"><\/div>\n\t\t<\/div>\n\t\t\t\t\t\t<\/div>\n\t\t\t\t<\/div>\n\t\t\t\t<div class=\"elementor-element elementor-element-6a50ad3 elementor-widget elementor-widget-heading\" data-id=\"6a50ad3\" data-element_type=\"widget\" data-e-type=\"widget\" data-widget_type=\"heading.default\">\n\t\t\t\t<div class=\"elementor-widget-container\">\n\t\t\t\t\t<h3 class=\"elementor-heading-title elementor-size-default\">Die Bedingungen f\u00fcr die Familienzusammenf\u00fchrung<\/h3>\t\t\t\t<\/div>\n\t\t\t\t<\/div>\n\t\t\t\t<div class=\"elementor-element elementor-element-57f280d color-scheme-inherit text-left elementor-widget elementor-widget-text-editor\" data-id=\"57f280d\" data-element_type=\"widget\" data-e-type=\"widget\" data-widget_type=\"text-editor.default\">\n\t\t\t\t<div class=\"elementor-widget-container\">\n\t\t\t\t\t\t\t\t\t<p>Um f\u00fcr eine Familienzusammenf\u00fchrung in Frage zu kommen, m\u00fcssen die folgenden Bedingungen erf\u00fcllt sein:<\/p><ul><li><strong>Alter:<\/strong>\u00a0Partner und Ehegatten m\u00fcssen zum Zeitpunkt der Entscheidung \u00fcber die Familienzusammenf\u00fchrung beide mindestens 21 Jahre alt sein. Kinder m\u00fcssen zum Zeitpunkt der Antragstellung minderj\u00e4hrig sein. In einigen F\u00e4llen k\u00f6nnen unsere Anw\u00e4lte Sie jedoch zu altersbezogenen Fragen beraten.<\/li><li><strong>Beziehung:<\/strong>\u00a0Bei verheirateten Paaren muss die Ehe durch eine g\u00fcltige Heiratsurkunde nachgewiesen werden. Unverheiratete Partner m\u00fcssen nachweisen, dass sie in einer ernsthaften und dauerhaften Beziehung leben, die einer Ehe gleichkommt.<\/li><li><strong>Familienrechtliche Beziehung: <\/strong>f\u00fcr die Familienzusammenf\u00fchrung mit minderj\u00e4hrigen Kindern m\u00fcssen diese Kinder eine familienrechtliche Beziehung zum Hauptantragsteller haben.<\/li><li><strong>Integration:<\/strong>\u00a0In der Regel muss im Ausland eine Integrationspr\u00fcfung abgelegt werden, bevor man in die Niederlande einreisen kann.<\/li><li><strong>Einkommen:<\/strong>\u00a0der Hauptantragsteller in den Niederlanden muss die Einkommensanforderungen erf\u00fcllen, einschlie\u00dflich eines Mindesteinkommens, das f\u00fcr ein Jahr zur Verf\u00fcgung stehen muss.<\/li><li><strong>Offizielle Dokumente:<\/strong>\u00a0Ausl\u00e4ndische Dokumente m\u00fcssen \u00fcbersetzt, legalisiert oder mit einem Apostille-Stempel versehen sein.<\/li><\/ul>\t\t\t\t\t\t\t\t<\/div>\n\t\t\t\t<\/div>\n\t\t\t\t<div class=\"elementor-element elementor-element-b4f4264 elementor-widget elementor-widget-spacer\" data-id=\"b4f4264\" data-element_type=\"widget\" data-e-type=\"widget\" data-widget_type=\"spacer.default\">\n\t\t\t\t<div class=\"elementor-widget-container\">\n\t\t\t\t\t\t\t<div class=\"elementor-spacer\">\n\t\t\t<div class=\"elementor-spacer-inner\"><\/div>\n\t\t<\/div>\n\t\t\t\t\t\t<\/div>\n\t\t\t\t<\/div>\n\t\t\t\t<div class=\"elementor-element elementor-element-6272c51 elementor-widget elementor-widget-heading\" data-id=\"6272c51\" data-element_type=\"widget\" data-e-type=\"widget\" data-widget_type=\"heading.default\">\n\t\t\t\t<div class=\"elementor-widget-container\">\n\t\t\t\t\t<h3 class=\"elementor-heading-title elementor-size-default\">Verfahren zur Familienzusammenf\u00fchrung <\/h3>\t\t\t\t<\/div>\n\t\t\t\t<\/div>\n\t\t\t\t<div class=\"elementor-element elementor-element-5c88c35 color-scheme-inherit text-left elementor-widget elementor-widget-text-editor\" data-id=\"5c88c35\" data-element_type=\"widget\" data-e-type=\"widget\" data-widget_type=\"text-editor.default\">\n\t\t\t\t<div class=\"elementor-widget-container\">\n\t\t\t\t\t\t\t\t\t<p>Der Prozess l\u00e4uft in den folgenden vier Schritten ab, die wir im Folgenden aufgef\u00fchrt haben.<\/p><ul><li><strong>Visumantrag:<\/strong> In einem ersten Schritt stellt die Person, die sich in den Niederlanden aufh\u00e4lt und ihre Familienangeh\u00f6rigen nachholen m\u00f6chte, einen Visumantrag bei den niederl\u00e4ndischen Beh\u00f6rden. Der Antragsteller muss angeben, dass er oder sie Familienmitglieder nachholen m\u00f6chte und den Grund f\u00fcr die Zusammenf\u00fchrung nennen.<\/li><li><strong>Nachweis der famili\u00e4ren Beziehung:<\/strong> In diesem Schritt m\u00fcssen die Antragsteller nachweisen, dass zwischen ihnen und den Familienmitgliedern, die sie zusammenf\u00fchren m\u00f6chten, tats\u00e4chlich eine famili\u00e4re Beziehung besteht. Dieser Nachweis kann je nach Art der famili\u00e4ren Beziehung unterschiedlich ausfallen, z. B. durch Heiratsurkunden, Geburtsurkunden f\u00fcr Kinder oder den Nachweis einer dauerhaften und ausschlie\u00dflichen Beziehung im Fall von unverheirateten Partnern.<\/li><li><strong>Holen Sie das Visum bei der niederl\u00e4ndischen Botschaft ab:<\/strong>\u00a0Nach Genehmigung des Visumantrags m\u00fcssen die Familienmitglieder das Visum bei der niederl\u00e4ndischen Botschaft oder dem Konsulat in ihrem Heimatland abholen. Dieses Visum erlaubt es ihnen, zur Familienzusammenf\u00fchrung in die Niederlande zu reisen.<\/li><li><strong>Erlangung der Aufenthaltsgenehmigung:<\/strong>\u00a0Sobald sie in den Niederlanden sind, m\u00fcssen die Familienmitglieder bei der Einwanderungs- und Einb\u00fcrgerungsbeh\u00f6rde (IND) eine Aufenthaltsgenehmigung zur Familienzusammenf\u00fchrung beantragen. Dieser Antrag zielt darauf ab, ihnen den Aufenthalt in den Niederlanden f\u00fcr einen l\u00e4ngeren Zeitraum zu erm\u00f6glichen. Bei diesem Schritt werden die nationalen Bedingungen und die europ\u00e4ischen Vorschriften f\u00fcr die Familienzusammenf\u00fchrung gepr\u00fcft, und der Hauptantragsteller muss nachweisen, dass er oder sie alle Anforderungen erf\u00fcllt.<\/li><\/ul>\t\t\t\t\t\t\t\t<\/div>\n\t\t\t\t<\/div>\n\t\t\t\t<div class=\"elementor-element elementor-element-544b427 elementor-widget elementor-widget-spacer\" data-id=\"544b427\" data-element_type=\"widget\" data-e-type=\"widget\" data-widget_type=\"spacer.default\">\n\t\t\t\t<div class=\"elementor-widget-container\">\n\t\t\t\t\t\t\t<div class=\"elementor-spacer\">\n\t\t\t<div class=\"elementor-spacer-inner\"><\/div>\n\t\t<\/div>\n\t\t\t\t\t\t<\/div>\n\t\t\t\t<\/div>\n\t\t\t\t<div class=\"elementor-element elementor-element-74c7229 elementor-widget elementor-widget-heading\" data-id=\"74c7229\" data-element_type=\"widget\" data-e-type=\"widget\" data-widget_type=\"heading.default\">\n\t\t\t\t<div class=\"elementor-widget-container\">\n\t\t\t\t\t<h3 class=\"elementor-heading-title elementor-size-default\">K\u00f6nnen Familienmitglieder, die eine Familienzusammenf\u00fchrung erhalten haben, sp\u00e4ter abgeschoben werden?<\/h3>\t\t\t\t<\/div>\n\t\t\t\t<\/div>\n\t\t\t\t<div class=\"elementor-element elementor-element-a006987 color-scheme-inherit text-left elementor-widget elementor-widget-text-editor\" data-id=\"a006987\" data-element_type=\"widget\" data-e-type=\"widget\" data-widget_type=\"text-editor.default\">\n\t\t\t\t<div class=\"elementor-widget-container\">\n\t\t\t\t\t\t\t\t\t<p>Ja, das ist in bestimmten F\u00e4llen m\u00f6glich. Obwohl es sich bei der Familienzusammenf\u00fchrung um ein Verfahren handelt, k\u00f6nnen Familienmitglieder immer noch in ihr Herkunftsland abgeschoben werden.<\/p><p>Dies kann aus folgenden Gr\u00fcnden geschehen:<\/p><ul><li><strong>Schwere kriminelle Aktivit\u00e4ten:<\/strong> wenn ein Familienmitglied wegen schwerer Straftaten wie Gewaltverbrechen, Drogenhandel oder Terrorismus verurteilt wird, kann dies zur Abschiebung f\u00fchren, selbst wenn sie zuvor eine Familienzusammenf\u00fchrung erhalten haben.<\/li><li><strong>Versto\u00df gegen die Aufenthaltsbedingungen:<\/strong> Familienangeh\u00f6rige m\u00fcssen sich an die Bedingungen f\u00fcr ihren Aufenthalt im Aufnahmeland halten. Wenn sie gegen diese Bedingungen versto\u00dfen, indem sie zum Beispiel ohne die entsprechenden Genehmigungen arbeiten oder das Land f\u00fcr l\u00e4ngere Zeit ohne triftigen Grund verlassen, k\u00f6nnen sie ihren Aufenthaltsstatus verlieren.<\/li><li><strong>Nationale Sicherheit:<\/strong> wenn es Beweise daf\u00fcr gibt, dass ein Familienmitglied eine Bedrohung f\u00fcr die nationale Sicherheit des Aufnahmelandes darstellt, kann dies zu einer Abschiebung f\u00fchren.<\/li><li><strong>Betrug im Prozess der Familienzusammenf\u00fchrung:<\/strong> wenn sich herausstellt, dass w\u00e4hrend des Familienzusammenf\u00fchrungsprozesses ein Betrug begangen wurde, z. B. durch die Vorlage falscher Dokumente oder das Eingehen einer Scheinehe, kann dies zum Entzug des Aufenthaltsstatus und zur Abschiebung f\u00fchren.<\/li><\/ul><p>Es ist wichtig zu wissen, dass eine Abschiebung nur nach ordnungsgem\u00e4\u00dfer Pr\u00fcfung und unter Einhaltung der gesetzlichen Vorschriften erfolgt. Familienangeh\u00f6rige haben das Recht, der Abschiebung zu widersprechen. Wie eine Abschiebung genau funktioniert und warum sie erfolgt, ist von Land zu Land und von Gesetz zu Gesetz unterschiedlich. Wenn eine Abschiebung droht, ist es klug, so schnell wie m\u00f6glich Widerspruch einzulegen. <a href=\"https:\/\/www.derbedrosian.nl\/de\/kontakt\/\">Kontakt<\/a> mit unseren Anw\u00e4lten, die pr\u00fcfen werden, welche Schritte unternommen werden k\u00f6nnen, um Sie und Ihre Familienangeh\u00f6rigen zu sch\u00fctzen.<\/p>\t\t\t\t\t\t\t\t<\/div>\n\t\t\t\t<\/div>\n\t\t\t\t<div class=\"elementor-element elementor-element-8c1263b elementor-widget elementor-widget-spacer\" data-id=\"8c1263b\" data-element_type=\"widget\" data-e-type=\"widget\" data-widget_type=\"spacer.default\">\n\t\t\t\t<div class=\"elementor-widget-container\">\n\t\t\t\t\t\t\t<div class=\"elementor-spacer\">\n\t\t\t<div class=\"elementor-spacer-inner\"><\/div>\n\t\t<\/div>\n\t\t\t\t\t\t<\/div>\n\t\t\t\t<\/div>\n\t\t\t\t<div class=\"elementor-element elementor-element-7431784 elementor-widget elementor-widget-heading\" data-id=\"7431784\" data-element_type=\"widget\" data-e-type=\"widget\" data-widget_type=\"heading.default\">\n\t\t\t\t<div class=\"elementor-widget-container\">\n\t\t\t\t\t<h3 class=\"elementor-heading-title elementor-size-default\">Anwalt f\u00fcr Familienzusammenf\u00fchrung<\/h3>\t\t\t\t<\/div>\n\t\t\t\t<\/div>\n\t\t\t\t<div class=\"elementor-element elementor-element-659509d color-scheme-inherit text-left elementor-widget elementor-widget-text-editor\" data-id=\"659509d\" data-element_type=\"widget\" data-e-type=\"widget\" data-widget_type=\"text-editor.default\">\n\t\t\t\t<div class=\"elementor-widget-container\">\n\t\t\t\t\t\t\t\t\t<p>Die Einwanderungsanw\u00e4lte der Anwaltskanzlei Der Bedrosian sind Experten auf dem Gebiet der Aufenthaltsgenehmigung und stehen Ihnen gerne zur Seite.<\/p><p>Wenn Sie sich an einen der<a href=\"https:\/\/www.derbedrosian.nl\/de\/rechtsanwalte-2\/\"> unsere Anw\u00e4lte<\/a> die sich auf das Thema <a href=\"https:\/\/www.derbedrosian.nl\/de\/gerichtsbarkeiten\/einwanderungsgesetz\/\">Einwanderungsgesetz<\/a>Sie werden Ihnen helfen, Ihre Fragen und Bedenken bez\u00fcglich Ihrer Zukunft oder der Ihres Angeh\u00f6rigen zu beantworten.<\/p><p>Kontaktieren Sie uns, um eine kostenlose Rechtsberatung zu erhalten.<\/p>\t\t\t\t\t\t\t\t<\/div>\n\t\t\t\t<\/div>\n\t\t\t\t\t<\/div>\n\t\t\t\t<\/div>\n\t\t\t\t<\/div>","protected":false},"excerpt":{"rendered":"<p>Familienzusammenf\u00fchrung Niederlande Bedingungen Familienzusammenf\u00fchrung Anwalt Familienzusammenf\u00fchrung Verfahren Familienzusammenf\u00fchrung Familienzusammenf\u00fchrung Bedingungen Familienzusammenf\u00fchrung mit einem Drittstaatsangeh\u00f6rigen Ausl\u00e4nderrecht Anwalt Enschede Ausl\u00e4nderrecht Anwalt Overijssel<\/p>","protected":false},"author":1,"featured_media":0,"parent":10627,"menu_order":0,"comment_status":"closed","ping_status":"closed","template":"","meta":{"footnotes":""},"class_list":["post-10636","page","type-page","status-publish","hentry"],"_links":{"self":[{"href":"https:\/\/www.derbedrosian.nl\/de\/wp-json\/wp\/v2\/pages\/10636","targetHints":{"allow":["GET"]}}],"collection":[{"href":"https:\/\/www.derbedrosian.nl\/de\/wp-json\/wp\/v2\/pages"}],"about":[{"href":"https:\/\/www.derbedrosian.nl\/de\/wp-json\/wp\/v2\/types\/page"}],"author":[{"embeddable":true,"href":"https:\/\/www.derbedrosian.nl\/de\/wp-json\/wp\/v2\/users\/1"}],"replies":[{"embeddable":true,"href":"https:\/\/www.derbedrosian.nl\/de\/wp-json\/wp\/v2\/comments?post=10636"}],"version-history":[{"count":0,"href":"https:\/\/www.derbedrosian.nl\/de\/wp-json\/wp\/v2\/pages\/10636\/revisions"}],"up":[{"embeddable":true,"href":"https:\/\/www.derbedrosian.nl\/de\/wp-json\/wp\/v2\/pages\/10627"}],"wp:attachment":[{"href":"https:\/\/www.derbedrosian.nl\/de\/wp-json\/wp\/v2\/media?parent=10636"}],"curies":[{"name":"wp","href":"https:\/\/api.w.org\/{rel}","templated":true}]}}