{"id":10622,"date":"2023-05-26T13:01:23","date_gmt":"2023-05-26T11:01:23","guid":{"rendered":"https:\/\/derbedrosian.nl\/?page_id=10622"},"modified":"2025-12-21T15:38:11","modified_gmt":"2025-12-21T13:38:11","slug":"gesetz-zur-einstweiligen-verfugung","status":"publish","type":"page","link":"https:\/\/www.derbedrosian.nl\/de\/rechtsgebieden\/strafrecht\/wet-tijdelijk-huisverbod\/","title":{"rendered":"Gesetz \u00fcber einstweilige Verf\u00fcgungen"},"content":{"rendered":"<div data-elementor-type=\"wp-page\" data-elementor-id=\"10622\" class=\"elementor elementor-10622\" data-elementor-post-type=\"page\">\n\t\t\t\t<div class=\"wd-negative-gap elementor-element elementor-element-51f7353 e-flex e-con-boxed e-con e-parent\" data-id=\"51f7353\" data-element_type=\"container\" data-e-type=\"container\">\n\t\t\t\t\t<div class=\"e-con-inner\">\n\t\t\t\t<div class=\"elementor-element elementor-element-8c1c5d5 elementor-hidden-desktop elementor-hidden-tablet elementor-hidden-mobile elementor-widget elementor-widget-wd_image_or_svg\" data-id=\"8c1c5d5\" data-element_type=\"widget\" data-e-type=\"widget\" id=\"seo-word\" data-widget_type=\"wd_image_or_svg.default\">\n\t\t\t\t<div class=\"elementor-widget-container\">\n\t\t\t\t\t\n\t\t<div class=\"wd-image text-left\">\n\t\t\t\t\t\t\t\t<img loading=\"lazy\" decoding=\"async\" width=\"1000\" height=\"667\" src=\"https:\/\/www.derbedrosian.nl\/wp-content\/uploads\/rechtsgebied-tijdelijke-huisverbod.jpg\" class=\"attachment-full size-full\" alt=\"Einstweilige Verf\u00fcgung Anwalt Artikel 2 Straftat Polizei\" srcset=\"https:\/\/www.derbedrosian.nl\/wp-content\/uploads\/rechtsgebied-tijdelijke-huisverbod.jpg 1000w, https:\/\/www.derbedrosian.nl\/wp-content\/uploads\/rechtsgebied-tijdelijke-huisverbod-400x267.jpg 400w, https:\/\/www.derbedrosian.nl\/wp-content\/uploads\/rechtsgebied-tijdelijke-huisverbod-768x512.jpg 768w\" sizes=\"auto, (max-width: 1000px) 100vw, 1000px\" title=\"\">\t\t\t\t\t<\/div>\n\n\t\t\t\t\t\t<\/div>\n\t\t\t\t<\/div>\n\t\t\t\t<div class=\"elementor-element elementor-element-c6038dc elementor-hidden-desktop elementor-hidden-tablet elementor-hidden-mobile elementor-widget elementor-widget-heading\" data-id=\"c6038dc\" data-element_type=\"widget\" data-e-type=\"widget\" id=\"seo-word\" data-widget_type=\"heading.default\">\n\t\t\t\t<div class=\"elementor-widget-container\">\n\t\t\t\t\t<h2 class=\"elementor-heading-title elementor-size-default\">Hausverbot <\/h2>\t\t\t\t<\/div>\n\t\t\t\t<\/div>\n\t\t\t\t<div class=\"elementor-element elementor-element-01f2873 elementor-hidden-desktop elementor-hidden-tablet elementor-hidden-mobile elementor-widget elementor-widget-heading\" data-id=\"01f2873\" data-element_type=\"widget\" data-e-type=\"widget\" id=\"seo-word\" data-widget_type=\"heading.default\">\n\t\t\t\t<div class=\"elementor-widget-container\">\n\t\t\t\t\t<h5 class=\"elementor-heading-title elementor-size-default\">Einspruch gegen eine einstweilige Verf\u00fcgung<\/h5>\t\t\t\t<\/div>\n\t\t\t\t<\/div>\n\t\t\t\t<div class=\"elementor-element elementor-element-51dfe72 elementor-hidden-desktop elementor-hidden-tablet elementor-hidden-mobile elementor-widget elementor-widget-heading\" data-id=\"51dfe72\" data-element_type=\"widget\" data-e-type=\"widget\" id=\"seo-word\" data-widget_type=\"heading.default\">\n\t\t\t\t<div class=\"elementor-widget-container\">\n\t\t\t\t\t<h5 class=\"elementor-heading-title elementor-size-default\">Versto\u00df gegen eine einstweilige Verf\u00fcgung<\/h5>\t\t\t\t<\/div>\n\t\t\t\t<\/div>\n\t\t\t\t<div class=\"elementor-element elementor-element-ce28456 elementor-hidden-desktop elementor-hidden-tablet elementor-hidden-mobile elementor-widget elementor-widget-heading\" data-id=\"ce28456\" data-element_type=\"widget\" data-e-type=\"widget\" id=\"seo-word\" data-widget_type=\"heading.default\">\n\t\t\t\t<div class=\"elementor-widget-container\">\n\t\t\t\t\t<h5 class=\"elementor-heading-title elementor-size-default\">Anwalt Einstweilige Verf\u00fcgung<\/h5>\t\t\t\t<\/div>\n\t\t\t\t<\/div>\n\t\t\t\t<div class=\"elementor-element elementor-element-2300e1e elementor-hidden-desktop elementor-hidden-tablet elementor-hidden-mobile elementor-widget elementor-widget-heading\" data-id=\"2300e1e\" data-element_type=\"widget\" data-e-type=\"widget\" id=\"seo-word\" data-widget_type=\"heading.default\">\n\t\t\t\t<div class=\"elementor-widget-container\">\n\t\t\t\t\t<h5 class=\"elementor-heading-title elementor-size-default\">Anwalt f\u00fcr Strafrecht enschede<\/h5>\t\t\t\t<\/div>\n\t\t\t\t<\/div>\n\t\t\t\t<div class=\"elementor-element elementor-element-8371a99 elementor-hidden-desktop elementor-hidden-tablet elementor-hidden-mobile elementor-widget elementor-widget-heading\" data-id=\"8371a99\" data-element_type=\"widget\" data-e-type=\"widget\" id=\"seo-word\" data-widget_type=\"heading.default\">\n\t\t\t\t<div class=\"elementor-widget-container\">\n\t\t\t\t\t<h5 class=\"elementor-heading-title elementor-size-default\">Strafrecht enschede<\/h5>\t\t\t\t<\/div>\n\t\t\t\t<\/div>\n\t\t\t\t<div class=\"elementor-element elementor-element-c22934c elementor-hidden-desktop elementor-hidden-tablet elementor-hidden-mobile elementor-widget elementor-widget-heading\" data-id=\"c22934c\" data-element_type=\"widget\" data-e-type=\"widget\" id=\"seo-word\" data-widget_type=\"heading.default\">\n\t\t\t\t<div class=\"elementor-widget-container\">\n\t\t\t\t\t<h5 class=\"elementor-heading-title elementor-size-default\">Anwalt Strafrecht Enschede<\/h5>\t\t\t\t<\/div>\n\t\t\t\t<\/div>\n\t\t\t\t<div class=\"elementor-element elementor-element-32f0969 elementor-hidden-desktop elementor-hidden-tablet elementor-hidden-mobile elementor-widget elementor-widget-heading\" data-id=\"32f0969\" data-element_type=\"widget\" data-e-type=\"widget\" id=\"seo-word\" data-widget_type=\"heading.default\">\n\t\t\t\t<div class=\"elementor-widget-container\">\n\t\t\t\t\t<h5 class=\"elementor-heading-title elementor-size-default\">Anwalt Strafrecht Overijssel<\/h5>\t\t\t\t<\/div>\n\t\t\t\t<\/div>\n\t\t\t\t<div class=\"elementor-element elementor-element-f461d04 elementor-hidden-desktop elementor-hidden-tablet elementor-hidden-mobile elementor-widget elementor-widget-heading\" data-id=\"f461d04\" data-element_type=\"widget\" data-e-type=\"widget\" id=\"seo-word\" data-widget_type=\"heading.default\">\n\t\t\t\t<div class=\"elementor-widget-container\">\n\t\t\t\t\t<h5 class=\"elementor-heading-title elementor-size-default\">ernsthafte Bedrohung durch h\u00e4usliche Gewalt Artikel<\/h5>\t\t\t\t<\/div>\n\t\t\t\t<\/div>\n\t\t\t\t<div class=\"elementor-element elementor-element-849d45b elementor-hidden-desktop elementor-hidden-tablet elementor-hidden-mobile elementor-widget elementor-widget-heading\" data-id=\"849d45b\" data-element_type=\"widget\" data-e-type=\"widget\" id=\"seo-word\" data-widget_type=\"heading.default\">\n\t\t\t\t<div class=\"elementor-widget-container\">\n\t\t\t\t\t<h5 class=\"elementor-heading-title elementor-size-default\">In Enschede und Overijssel finden Sie die erfahrenen Strafrechtsanw\u00e4lte von Derbedrosian Criminal Lawyers. Unsere Anw\u00e4lte in Enschede sind auf Strafsachen spezialisiert und bieten professionellen Rechtsbeistand, auch in F\u00e4llen von einstweiligen Verf\u00fcgungen.\n\nEine einstweilige Verf\u00fcgung wird verh\u00e4ngt, wenn eine ernsthafte Bedrohung durch h\u00e4usliche Gewalt vorliegt. Wenn Sie mit einer verh\u00e4ngten einstweiligen Verf\u00fcgung nicht einverstanden sind, haben Sie das Recht, Einspruch zu erheben. Es ist sehr wichtig, dass Sie sich von einem spezialisierten Anwalt f\u00fcr einstweilige Verf\u00fcgungen rechtlich beraten lassen.\n\nUnsere Anw\u00e4lte in Enschede stehen Ihnen mit Rat und Tat zur Seite, wenn Sie Einspruch gegen eine einstweilige Verf\u00fcgung einlegen m\u00f6chten. Wir verstehen den Ernst der Lage und werden Ihre Interessen in dieser Rechtsangelegenheit vertreten.\n\nWenn Sie rechtlichen Beistand in Bezug auf einstweilige Verf\u00fcgungen oder andere strafrechtliche Angelegenheiten ben\u00f6tigen, z\u00f6gern Sie nicht, Derbedrosian Criminal Lawyers zu kontaktieren. Wir sind hier, um Ihnen zu helfen und Ihren Fall zu bearbeiten.<\/h5>\t\t\t\t<\/div>\n\t\t\t\t<\/div>\n\t\t\t\t<div class=\"elementor-element elementor-element-27737f0 color-scheme-inherit text-left elementor-widget elementor-widget-text-editor\" data-id=\"27737f0\" data-element_type=\"widget\" data-e-type=\"widget\" data-widget_type=\"text-editor.default\">\n\t\t\t\t<div class=\"elementor-widget-container\">\n\t\t\t\t\t\t\t\t\t<p><strong>Das Gesetz \u00fcber einstweilige Verf\u00fcgungen in den Niederlanden ist ein wichtiger rechtlicher Rahmen, der in F\u00e4llen von h\u00e4uslicher Gewalt oder Kindesmissbrauch angewendet wird. Es zielt darauf ab, geeignete Ma\u00dfnahmen zu ergreifen, um die Beteiligten und die \u00f6ffentliche Ordnung in solchen Situationen zu sch\u00fctzen.<\/strong><\/p>\t\t\t\t\t\t\t\t<\/div>\n\t\t\t\t<\/div>\n\t\t\t\t<div class=\"elementor-element elementor-element-aa03ca2 elementor-widget elementor-widget-spacer\" data-id=\"aa03ca2\" data-element_type=\"widget\" data-e-type=\"widget\" data-widget_type=\"spacer.default\">\n\t\t\t\t<div class=\"elementor-widget-container\">\n\t\t\t\t\t\t\t<div class=\"elementor-spacer\">\n\t\t\t<div class=\"elementor-spacer-inner\"><\/div>\n\t\t<\/div>\n\t\t\t\t\t\t<\/div>\n\t\t\t\t<\/div>\n\t\t\t\t<div class=\"elementor-element elementor-element-74ab7c8 elementor-widget elementor-widget-heading\" data-id=\"74ab7c8\" data-element_type=\"widget\" data-e-type=\"widget\" data-widget_type=\"heading.default\">\n\t\t\t\t<div class=\"elementor-widget-container\">\n\t\t\t\t\t<h3 class=\"elementor-heading-title elementor-size-default\">Was versteht man unter dem Gesetz zur einstweiligen Verf\u00fcgung?<\/h3>\t\t\t\t<\/div>\n\t\t\t\t<\/div>\n\t\t\t\t<div class=\"elementor-element elementor-element-d4d08d0 color-scheme-inherit text-left elementor-widget elementor-widget-text-editor\" data-id=\"d4d08d0\" data-element_type=\"widget\" data-e-type=\"widget\" data-widget_type=\"text-editor.default\">\n\t\t\t\t<div class=\"elementor-widget-container\">\n\t\t\t\t\t\t\t\t\t<p>Bei Kindesmissbrauch oder h\u00e4uslicher Gewalt ist der B\u00fcrgermeister befugt, eine einstweilige Verf\u00fcgung zu erlassen. Es gibt keine M\u00f6glichkeit, die Entscheidung des B\u00fcrgermeisters anzufechten. Wenn die Person, die aus der Wohnung verwiesen wurde, mit der einstweiligen Verf\u00fcgung nicht einverstanden ist, kann sie sich direkt an das Gericht wenden und eine einstweilige Verf\u00fcgung beantragen.<\/p><p>Bei einer einstweiligen Verf\u00fcgung muss die aus der Wohnung verwiesene Person das Haus sofort verlassen und darf 10 Tage lang nicht zur\u00fcckkehren. Jeder Kontakt mit dem Partner und den Kindern ist ebenfalls verboten. Dieser Zeitraum von zehn Tagen dient dazu, Sicherheit und Ruhe zu gew\u00e4hrleisten und Hilfe einzuleiten<\/p>\t\t\t\t\t\t\t\t<\/div>\n\t\t\t\t<\/div>\n\t\t\t\t<div class=\"elementor-element elementor-element-1673fd7 elementor-widget elementor-widget-spacer\" data-id=\"1673fd7\" data-element_type=\"widget\" data-e-type=\"widget\" data-widget_type=\"spacer.default\">\n\t\t\t\t<div class=\"elementor-widget-container\">\n\t\t\t\t\t\t\t<div class=\"elementor-spacer\">\n\t\t\t<div class=\"elementor-spacer-inner\"><\/div>\n\t\t<\/div>\n\t\t\t\t\t\t<\/div>\n\t\t\t\t<\/div>\n\t\t\t\t<div class=\"elementor-element elementor-element-c3f2e54 elementor-widget elementor-widget-heading\" data-id=\"c3f2e54\" data-element_type=\"widget\" data-e-type=\"widget\" data-widget_type=\"heading.default\">\n\t\t\t\t<div class=\"elementor-widget-container\">\n\t\t\t\t\t<h3 class=\"elementor-heading-title elementor-size-default\">Verfahren f\u00fcr einstweilige Verf\u00fcgungen in den Niederlanden<\/h3>\t\t\t\t<\/div>\n\t\t\t\t<\/div>\n\t\t\t\t<div class=\"elementor-element elementor-element-fe032ca color-scheme-inherit text-left elementor-widget elementor-widget-text-editor\" data-id=\"fe032ca\" data-element_type=\"widget\" data-e-type=\"widget\" data-widget_type=\"text-editor.default\">\n\t\t\t\t<div class=\"elementor-widget-container\">\n\t\t\t\t\t\t\t\t\t<p>Das Verfahren f\u00fcr das Gesetz zur einstweiligen Verf\u00fcgung umfasst viele Schritte, die wir im Folgenden aufgef\u00fchrt haben. Es ist ratsam, einen Anwalt zu beauftragen, der \u00fcber umfangreiche Erfahrung in <a href=\"https:\/\/www.derbedrosian.nl\/de\/gerichtsbarkeiten\/strafrecht\/\">Strafrecht<\/a>der Sie durch den Prozess f\u00fchren wird.<\/p><ul><li><strong>Benachrichtigung und Risikobewertung:<\/strong>\u00a0Das Verfahren beginnt in der Regel mit einer Anzeige bei der Polizei wegen h\u00e4uslicher Gewalt. Im Anschluss an die Anzeige wird eine Risikobewertung durchgef\u00fchrt, um den Ernst der Lage zu beurteilen, wobei Faktoren wie die Art der Gewalt und die Sicherheit der Beteiligten ber\u00fccksichtigt werden.<\/li><li><strong>Beurteilung durch den Hilfsstaatsanwalt:<\/strong>\u00a0Wenn die Risikobewertung ergibt, dass eine akute Gefahr f\u00fcr die Sicherheit der Personen in der Wohnung besteht, kann der stellvertretende Staatsanwalt eine einstweilige Verf\u00fcgung verh\u00e4ngen. Diese Entscheidung kann ohne gerichtliche Intervention getroffen werden.<\/li><li><strong>Entscheidung:<\/strong>\u00a0stellt der stellvertretende Staatsanwalt eine Verf\u00fcgung aus, die besagt, dass der T\u00e4ter, der h\u00e4usliche Gewalt aus\u00fcbt, die Wohnung sofort verlassen muss und nicht mehr zur\u00fcckkehren darf. Diese Verf\u00fcgung wird dem T\u00e4ter ausgeh\u00e4ndigt und enth\u00e4lt Informationen \u00fcber die Dauer der einstweiligen Verf\u00fcgung.<\/li><li><strong>Abreise des T\u00e4ters:<\/strong>\u00a0Nach Erhalt der Anordnung muss der Straft\u00e4ter die Wohnung sofort verlassen und das R\u00fcckkehrverbot einhalten. In einigen F\u00e4llen kann die Polizei den T\u00e4ter beim Verlassen der Wohnung begleiten, um sicherzustellen, dass das Verfahren reibungslos abl\u00e4uft.<\/li><li><strong>Empfang und Unterst\u00fctzung:<\/strong>\u00a0Gleichzeitig mit der einstweiligen Verf\u00fcgung wird eine Betreuung und Unterst\u00fctzung f\u00fcr das Opfer und alle anderen beteiligten Personen organisiert. Victim Support Netherlands bietet Opfern beispielsweise Rechtsberatung an und kann ihnen helfen, weitere Schritte zu unternehmen.<\/li><li><strong>Dauer der einstweiligen Verf\u00fcgung<\/strong>: Eine einstweilige Verf\u00fcgung hat im Prinzip eine Dauer von 10 Tagen. Innerhalb dieses Zeitraums kann eine strafrechtliche Untersuchung stattfinden und es k\u00f6nnen Ma\u00dfnahmen ergriffen werden, um die Sicherheit des Opfers zu gew\u00e4hrleisten. Wenn nach zehn Tagen immer noch eine ernsthafte Bedrohung besteht, kann die einstweilige Verf\u00fcgung verl\u00e4ngert werden.<\/li><\/ul><p>Bitte beachten Sie, dass dies ein allgemeiner \u00dcberblick \u00fcber das Verfahren f\u00fcr das Gesetz zur einstweiligen Verf\u00fcgung ist. Die genaue Umsetzung kann je nach den spezifischen Umst\u00e4nden Ihrer pers\u00f6nlichen Situation variieren.<\/p>\t\t\t\t\t\t\t\t<\/div>\n\t\t\t\t<\/div>\n\t\t\t\t<div class=\"elementor-element elementor-element-5f75f7a elementor-widget elementor-widget-spacer\" data-id=\"5f75f7a\" data-element_type=\"widget\" data-e-type=\"widget\" data-widget_type=\"spacer.default\">\n\t\t\t\t<div class=\"elementor-widget-container\">\n\t\t\t\t\t\t\t<div class=\"elementor-spacer\">\n\t\t\t<div class=\"elementor-spacer-inner\"><\/div>\n\t\t<\/div>\n\t\t\t\t\t\t<\/div>\n\t\t\t\t<\/div>\n\t\t\t\t<div class=\"elementor-element elementor-element-a9078f1 elementor-widget elementor-widget-heading\" data-id=\"a9078f1\" data-element_type=\"widget\" data-e-type=\"widget\" data-widget_type=\"heading.default\">\n\t\t\t\t<div class=\"elementor-widget-container\">\n\t\t\t\t\t<h3 class=\"elementor-heading-title elementor-size-default\">Einspruch gegen das Gesetz zur einstweiligen Verf\u00fcgung<\/h3>\t\t\t\t<\/div>\n\t\t\t\t<\/div>\n\t\t\t\t<div class=\"elementor-element elementor-element-522b96e color-scheme-inherit text-left elementor-widget elementor-widget-text-editor\" data-id=\"522b96e\" data-element_type=\"widget\" data-e-type=\"widget\" data-widget_type=\"text-editor.default\">\n\t\t\t\t<div class=\"elementor-widget-container\">\n\t\t\t\t\t\t\t\t\t<p>Die Entscheidung des B\u00fcrgermeisters in Bezug auf das Gesetz \u00fcber die einstweilige Verf\u00fcgung zeichnet sich durch ihre Unwiderruflichkeit aus; sie ist nicht anfechtbar. Das bedeutet, dass es kein formelles Verfahren gibt, mit dem man gegen diese Entscheidung Einspruch erheben kann. In Situationen, in denen die aus der Wohnung verwiesene Person mit der verh\u00e4ngten einstweiligen Verf\u00fcgung nicht einverstanden ist, gibt es jedoch immer noch einen rechtlichen Ausweg.<\/p><p>Dieser Ausweg bietet die M\u00f6glichkeit, direkt vor dem Verwaltungsgericht Berufung einzulegen. Dieser Rechtsbehelf bietet der betroffenen Person die M\u00f6glichkeit, ihren Standpunkt darzulegen und die Rechtm\u00e4\u00dfigkeit der verh\u00e4ngten einstweiligen Verf\u00fcgung zu \u00fcberpr\u00fcfen. In einigen F\u00e4llen, wenn ein dringender Bedarf an sofortigem Schutz besteht, kann die betroffene Person auch eine einstweilige Verf\u00fcgung beantragen. Diese einstweilige Verf\u00fcgung kann dazu f\u00fchren, dass vor\u00fcbergehende Ma\u00dfnahmen in Kraft treten, w\u00e4hrend der Fall vor dem Verwaltungsgericht verhandelt wird.<\/p>\t\t\t\t\t\t\t\t<\/div>\n\t\t\t\t<\/div>\n\t\t\t\t<div class=\"elementor-element elementor-element-7518197 elementor-widget elementor-widget-spacer\" data-id=\"7518197\" data-element_type=\"widget\" data-e-type=\"widget\" data-widget_type=\"spacer.default\">\n\t\t\t\t<div class=\"elementor-widget-container\">\n\t\t\t\t\t\t\t<div class=\"elementor-spacer\">\n\t\t\t<div class=\"elementor-spacer-inner\"><\/div>\n\t\t<\/div>\n\t\t\t\t\t\t<\/div>\n\t\t\t\t<\/div>\n\t\t\t\t<div class=\"elementor-element elementor-element-341fbf7 elementor-widget elementor-widget-heading\" data-id=\"341fbf7\" data-element_type=\"widget\" data-e-type=\"widget\" data-widget_type=\"heading.default\">\n\t\t\t\t<div class=\"elementor-widget-container\">\n\t\t\t\t\t<h3 class=\"elementor-heading-title elementor-size-default\">Versto\u00df gegen das Gesetz zur einstweiligen Verf\u00fcgung<\/h3>\t\t\t\t<\/div>\n\t\t\t\t<\/div>\n\t\t\t\t<div class=\"elementor-element elementor-element-7052f18 color-scheme-inherit text-left elementor-widget elementor-widget-text-editor\" data-id=\"7052f18\" data-element_type=\"widget\" data-e-type=\"widget\" data-widget_type=\"text-editor.default\">\n\t\t\t\t<div class=\"elementor-widget-container\">\n\t\t\t\t\t\t\t\t\t<p>Die Nichteinhaltung einer einstweiligen Verf\u00fcgung ist ein schwerwiegender Versto\u00df gegen das Gesetz, der erhebliche Konsequenzen hat. Wenn sich jemand nicht an eine verh\u00e4ngte einstweilige Verf\u00fcgung h\u00e4lt, hat das mehrere Konsequenzen.<\/p><ul><li><strong>Zivildienst:<\/strong> Zun\u00e4chst einmal kann dies zu gemeinn\u00fctziger Arbeit f\u00fchren, einer Strafma\u00dfnahme, die vom Gericht auferlegt wird, damit die Person einen n\u00fctzlichen Beitrag zur Gesellschaft leistet.<\/li><li><strong>Freiheitsstrafe:<\/strong> Zus\u00e4tzlich kann das Gericht eine Freiheitsstrafe von bis zu zwei Jahren verh\u00e4ngen. Dies ist eine schwerwiegende Sanktion, die deutlich macht, wie ernst die Verletzung einer einstweiligen Verf\u00fcgung vom Gesetz genommen wird.<\/li><li><strong>Zus\u00e4tzliche Bedingungen:<\/strong> Dar\u00fcber hinaus hat das Gericht die Befugnis, die Strafe mit zus\u00e4tzlichen Auflagen zu versehen. Dazu kann zum Beispiel geh\u00f6ren, dass die Person bestimmte Gebiete meiden muss, um weitere Konflikte zu vermeiden. Diese Auflagen sollen die Sicherheit aller Beteiligten gew\u00e4hrleisten und eine Wiederholung des Fehlverhaltens verhindern.<\/li><\/ul><p>Die Nichteinhaltung dieser auferlegten Bedingungen kann weitere rechtliche Konsequenzen nach sich ziehen. Die Bew\u00e4hrungsstrafe kann in eine unbedingte Strafe umgewandelt werden, was bedeutet, dass die Person die gesamte Strafe im Gef\u00e4ngnis verb\u00fc\u00dfen muss, ohne die M\u00f6glichkeit einer vorzeitigen Entlassung. Dies verdeutlicht, wie wichtig es ist, die auferlegten Bedingungen zu respektieren und wie schwerwiegend ein Versto\u00df gegen eine einstweilige Verf\u00fcgung nach niederl\u00e4ndischem Recht ist.<\/p>\t\t\t\t\t\t\t\t<\/div>\n\t\t\t\t<\/div>\n\t\t\t\t<div class=\"elementor-element elementor-element-0afac1b elementor-widget elementor-widget-spacer\" data-id=\"0afac1b\" data-element_type=\"widget\" data-e-type=\"widget\" data-widget_type=\"spacer.default\">\n\t\t\t\t<div class=\"elementor-widget-container\">\n\t\t\t\t\t\t\t<div class=\"elementor-spacer\">\n\t\t\t<div class=\"elementor-spacer-inner\"><\/div>\n\t\t<\/div>\n\t\t\t\t\t\t<\/div>\n\t\t\t\t<\/div>\n\t\t\t\t<div class=\"elementor-element elementor-element-75cf74d elementor-widget elementor-widget-heading\" data-id=\"75cf74d\" data-element_type=\"widget\" data-e-type=\"widget\" data-widget_type=\"heading.default\">\n\t\t\t\t<div class=\"elementor-widget-container\">\n\t\t\t\t\t<h3 class=\"elementor-heading-title elementor-size-default\">Anwalt f\u00fcr einstweilige Verf\u00fcgungen<\/h3>\t\t\t\t<\/div>\n\t\t\t\t<\/div>\n\t\t\t\t<div class=\"elementor-element elementor-element-3efb1cd color-scheme-inherit text-left elementor-widget elementor-widget-text-editor\" data-id=\"3efb1cd\" data-element_type=\"widget\" data-e-type=\"widget\" data-widget_type=\"text-editor.default\">\n\t\t\t\t<div class=\"elementor-widget-container\">\n\t\t\t\t\t\t\t\t\t<p>Die Verh\u00e4ngung einer einstweiligen Verf\u00fcgung ist zeitaufw\u00e4ndig und erfordert ein sofortiges Handeln des mit der Akte befassten Beamten der Gemeinde. Abgesehen davon, dass es wichtig ist, die Akte gr\u00fcndlich und \u00fcbersichtlich anzulegen, sind die Fristen f\u00fcr die Einreichung der Dokumente sehr kurz. Es ist daher ratsam, die Hilfe eines erfahrenen Anwalts in Anspruch zu nehmen.<\/p><p><a href=\"https:\/\/www.derbedrosian.nl\/de\/rechtsanwalte-2\/\">Unsere spezialisierten Anw\u00e4lte<\/a> in der Anwaltskanzlei Der Bedrosian sind bereit, Sie durch den Prozess der Fallvorbereitung zu f\u00fchren und k\u00f6nnen Ihnen weitere rechtliche Unterst\u00fctzung anbieten.<\/p>\t\t\t\t\t\t\t\t<\/div>\n\t\t\t\t<\/div>\n\t\t\t\t\t<\/div>\n\t\t\t\t<\/div>\n\t\t\t\t<\/div>","protected":false},"excerpt":{"rendered":"<p>Hausverbot Einspruch gegen vorl\u00e4ufiges Hausverbot Hausverbot Versto\u00df Rechtsanwalt vorl\u00e4ufiges Hausverbot Strafverteidiger Enschede Strafrecht Enschede Rechtsanwalt Strafrecht Enschede Rechtsanwalt Strafrecht Overijssel schwerwiegend<\/p>","protected":false},"author":1,"featured_media":0,"parent":10047,"menu_order":0,"comment_status":"closed","ping_status":"closed","template":"","meta":{"footnotes":""},"class_list":["post-10622","page","type-page","status-publish","hentry"],"_links":{"self":[{"href":"https:\/\/www.derbedrosian.nl\/de\/wp-json\/wp\/v2\/pages\/10622","targetHints":{"allow":["GET"]}}],"collection":[{"href":"https:\/\/www.derbedrosian.nl\/de\/wp-json\/wp\/v2\/pages"}],"about":[{"href":"https:\/\/www.derbedrosian.nl\/de\/wp-json\/wp\/v2\/types\/page"}],"author":[{"embeddable":true,"href":"https:\/\/www.derbedrosian.nl\/de\/wp-json\/wp\/v2\/users\/1"}],"replies":[{"embeddable":true,"href":"https:\/\/www.derbedrosian.nl\/de\/wp-json\/wp\/v2\/comments?post=10622"}],"version-history":[{"count":0,"href":"https:\/\/www.derbedrosian.nl\/de\/wp-json\/wp\/v2\/pages\/10622\/revisions"}],"up":[{"embeddable":true,"href":"https:\/\/www.derbedrosian.nl\/de\/wp-json\/wp\/v2\/pages\/10047"}],"wp:attachment":[{"href":"https:\/\/www.derbedrosian.nl\/de\/wp-json\/wp\/v2\/media?parent=10622"}],"curies":[{"name":"wp","href":"https:\/\/api.w.org\/{rel}","templated":true}]}}