{"id":10617,"date":"2023-05-26T11:05:32","date_gmt":"2023-05-26T09:05:32","guid":{"rendered":"https:\/\/derbedrosian.nl\/?page_id=10617"},"modified":"2025-12-21T15:37:20","modified_gmt":"2025-12-21T13:37:20","slug":"gesetz-uber-die-ubertragung-der-vollstreckung-von-strafurteilen-wots","status":"publish","type":"page","link":"https:\/\/www.derbedrosian.nl\/de\/rechtsgebieden\/strafrecht\/wet-overdracht-tenuitvoerlegging-strafvonnis-wots\/","title":{"rendered":"Gesetz \u00fcber die \u00dcbertragung der Vollstreckung von Strafurteilen WOTS"},"content":{"rendered":"<div data-elementor-type=\"wp-page\" data-elementor-id=\"10617\" class=\"elementor elementor-10617\" data-elementor-post-type=\"page\">\n\t\t\t\t<div class=\"wd-negative-gap elementor-element elementor-element-e45b92a e-flex e-con-boxed e-con e-parent\" data-id=\"e45b92a\" data-element_type=\"container\" data-e-type=\"container\">\n\t\t\t\t\t<div class=\"e-con-inner\">\n\t\t\t\t<div class=\"elementor-element elementor-element-c4007e9 elementor-hidden-desktop elementor-hidden-tablet elementor-hidden-mobile elementor-widget elementor-widget-wd_image_or_svg\" data-id=\"c4007e9\" data-element_type=\"widget\" data-e-type=\"widget\" id=\"seo-word\" data-widget_type=\"wd_image_or_svg.default\">\n\t\t\t\t<div class=\"elementor-widget-container\">\n\t\t\t\t\t\n\t\t<div class=\"wd-image text-left\">\n\t\t\t\t\t\t\t\t<img loading=\"lazy\" decoding=\"async\" width=\"1000\" height=\"667\" src=\"https:\/\/www.derbedrosian.nl\/wp-content\/uploads\/rechtsgebied-wet-overdracht-tenuitvoerlegging-strafvonnis-wots.jpg\" class=\"attachment-full size-full\" alt=\"Gesetz zur \u00dcbertragung der Vollstreckung strafrechtlicher Verurteilungen WOTS Anwalt Urteil Polizei\" srcset=\"https:\/\/www.derbedrosian.nl\/wp-content\/uploads\/rechtsgebied-wet-overdracht-tenuitvoerlegging-strafvonnis-wots.jpg 1000w, https:\/\/www.derbedrosian.nl\/wp-content\/uploads\/rechtsgebied-wet-overdracht-tenuitvoerlegging-strafvonnis-wots-400x267.jpg 400w, https:\/\/www.derbedrosian.nl\/wp-content\/uploads\/rechtsgebied-wet-overdracht-tenuitvoerlegging-strafvonnis-wots-768x512.jpg 768w\" sizes=\"auto, (max-width: 1000px) 100vw, 1000px\" title=\"\">\t\t\t\t\t<\/div>\n\n\t\t\t\t\t\t<\/div>\n\t\t\t\t<\/div>\n\t\t\t\t<div class=\"elementor-element elementor-element-5b489f5 elementor-hidden-desktop elementor-hidden-tablet elementor-hidden-mobile elementor-widget elementor-widget-heading\" data-id=\"5b489f5\" data-element_type=\"widget\" data-e-type=\"widget\" id=\"seo-word\" data-widget_type=\"heading.default\">\n\t\t\t\t<div class=\"elementor-widget-container\">\n\t\t\t\t\t<h2 class=\"elementor-heading-title elementor-size-default\">WOTS<\/h2>\t\t\t\t<\/div>\n\t\t\t\t<\/div>\n\t\t\t\t<div class=\"elementor-element elementor-element-45209de elementor-hidden-desktop elementor-hidden-tablet elementor-hidden-mobile elementor-widget elementor-widget-heading\" data-id=\"45209de\" data-element_type=\"widget\" data-e-type=\"widget\" id=\"seo-word\" data-widget_type=\"heading.default\">\n\t\t\t\t<div class=\"elementor-widget-container\">\n\t\t\t\t\t<h5 class=\"elementor-heading-title elementor-size-default\">WETS<\/h5>\t\t\t\t<\/div>\n\t\t\t\t<\/div>\n\t\t\t\t<div class=\"elementor-element elementor-element-d1cb32f elementor-hidden-desktop elementor-hidden-tablet elementor-hidden-mobile elementor-widget elementor-widget-heading\" data-id=\"d1cb32f\" data-element_type=\"widget\" data-e-type=\"widget\" id=\"seo-word\" data-widget_type=\"heading.default\">\n\t\t\t\t<div class=\"elementor-widget-container\">\n\t\t\t\t\t<h5 class=\"elementor-heading-title elementor-size-default\">Abschiebungsstrafe in den Niederlanden<\/h5>\t\t\t\t<\/div>\n\t\t\t\t<\/div>\n\t\t\t\t<div class=\"elementor-element elementor-element-64c4abc elementor-hidden-desktop elementor-hidden-tablet elementor-hidden-mobile elementor-widget elementor-widget-heading\" data-id=\"64c4abc\" data-element_type=\"widget\" data-e-type=\"widget\" id=\"seo-word\" data-widget_type=\"heading.default\">\n\t\t\t\t<div class=\"elementor-widget-container\">\n\t\t\t\t\t<h5 class=\"elementor-heading-title elementor-size-default\">WOTS Anwalt <\/h5>\t\t\t\t<\/div>\n\t\t\t\t<\/div>\n\t\t\t\t<div class=\"elementor-element elementor-element-dea43dd elementor-hidden-desktop elementor-hidden-tablet elementor-hidden-mobile elementor-widget elementor-widget-heading\" data-id=\"dea43dd\" data-element_type=\"widget\" data-e-type=\"widget\" id=\"seo-word\" data-widget_type=\"heading.default\">\n\t\t\t\t<div class=\"elementor-widget-container\">\n\t\t\t\t\t<h5 class=\"elementor-heading-title elementor-size-default\">WETS-Anwalt<\/h5>\t\t\t\t<\/div>\n\t\t\t\t<\/div>\n\t\t\t\t<div class=\"elementor-element elementor-element-347c889 elementor-hidden-desktop elementor-hidden-tablet elementor-hidden-mobile elementor-widget elementor-widget-heading\" data-id=\"347c889\" data-element_type=\"widget\" data-e-type=\"widget\" id=\"seo-word\" data-widget_type=\"heading.default\">\n\t\t\t\t<div class=\"elementor-widget-container\">\n\t\t\t\t\t<h5 class=\"elementor-heading-title elementor-size-default\">im rahmen des eu-gesetzes \u00fcber die \u00fcbertragung der vollstreckung strafrechtlicher verurteilungen informationsblatt f\u00fcr niederl\u00e4ndische inhaftierte im ausland<\/h5>\t\t\t\t<\/div>\n\t\t\t\t<\/div>\n\t\t\t\t<div class=\"elementor-element elementor-element-536775c elementor-hidden-desktop elementor-hidden-tablet elementor-hidden-mobile elementor-widget elementor-widget-heading\" data-id=\"536775c\" data-element_type=\"widget\" data-e-type=\"widget\" id=\"seo-word\" data-widget_type=\"heading.default\">\n\t\t\t\t<div class=\"elementor-widget-container\">\n\t\t\t\t\t<h5 class=\"elementor-heading-title elementor-size-default\">Anwalt f\u00fcr Strafrecht enschede<\/h5>\t\t\t\t<\/div>\n\t\t\t\t<\/div>\n\t\t\t\t<div class=\"elementor-element elementor-element-434f3f3 elementor-hidden-desktop elementor-hidden-tablet elementor-hidden-mobile elementor-widget elementor-widget-heading\" data-id=\"434f3f3\" data-element_type=\"widget\" data-e-type=\"widget\" id=\"seo-word\" data-widget_type=\"heading.default\">\n\t\t\t\t<div class=\"elementor-widget-container\">\n\t\t\t\t\t<h5 class=\"elementor-heading-title elementor-size-default\">Strafrecht enschede<\/h5>\t\t\t\t<\/div>\n\t\t\t\t<\/div>\n\t\t\t\t<div class=\"elementor-element elementor-element-32f7150 elementor-hidden-desktop elementor-hidden-tablet elementor-hidden-mobile elementor-widget elementor-widget-heading\" data-id=\"32f7150\" data-element_type=\"widget\" data-e-type=\"widget\" id=\"seo-word\" data-widget_type=\"heading.default\">\n\t\t\t\t<div class=\"elementor-widget-container\">\n\t\t\t\t\t<h5 class=\"elementor-heading-title elementor-size-default\">Anwalt Strafrecht Enschede<\/h5>\t\t\t\t<\/div>\n\t\t\t\t<\/div>\n\t\t\t\t<div class=\"elementor-element elementor-element-cc2b103 elementor-hidden-desktop elementor-hidden-tablet elementor-hidden-mobile elementor-widget elementor-widget-heading\" data-id=\"cc2b103\" data-element_type=\"widget\" data-e-type=\"widget\" id=\"seo-word\" data-widget_type=\"heading.default\">\n\t\t\t\t<div class=\"elementor-widget-container\">\n\t\t\t\t\t<h5 class=\"elementor-heading-title elementor-size-default\">Anwalt Strafrecht Overijssel<\/h5>\t\t\t\t<\/div>\n\t\t\t\t<\/div>\n\t\t\t\t<div class=\"elementor-element elementor-element-e8a948e elementor-hidden-desktop elementor-hidden-tablet elementor-hidden-mobile elementor-widget elementor-widget-heading\" data-id=\"e8a948e\" data-element_type=\"widget\" data-e-type=\"widget\" id=\"seo-word\" data-widget_type=\"heading.default\">\n\t\t\t\t<div class=\"elementor-widget-container\">\n\t\t\t\t\t<h5 class=\"elementor-heading-title elementor-size-default\">Das WOTS (Gesetz \u00fcber die \u00dcbertragung der Vollstreckung strafrechtlicher Urteile) und das WETS (Gesetz \u00fcber die gegenseitige Anerkennung und Vollstreckung freiheitsentziehender Sanktionen) sind f\u00fcr die internationale \u00dcberstellung in Strafsachen von entscheidender Bedeutung. Anw\u00e4lte f\u00fcr Strafrecht spielen in diesem Prozess eine wesentliche Rolle. Sie beraten Mandanten \u00fcber die M\u00f6glichkeiten und Anforderungen, stellen Antr\u00e4ge und verteidigen ihre Rechte. Das Verfahren beginnt mit einem sorgf\u00e4ltig eingereichten Antrag, der von gerichtlichen und diplomatischen Beh\u00f6rden gepr\u00fcft wird. Die Anw\u00e4lte sorgen f\u00fcr ein rechtm\u00e4\u00dfiges Vorgehen, bieten Unterst\u00fctzung an und k\u00f6nnen bei Bedarf Rechtsmittel einlegen. Zusammenfassend l\u00e4sst sich sagen, dass diese Gesetze die Grundlage f\u00fcr internationale strafrechtliche \u00dcberstellungen bilden und Anw\u00e4lte f\u00fcr Strafrecht eine unverzichtbare Rolle beim Schutz der Interessen ihrer Mandanten in diesem komplexen Rechtsverfahren spielen.<\/h5>\t\t\t\t<\/div>\n\t\t\t\t<\/div>\n\t\t\t\t<div class=\"elementor-element elementor-element-8c0dd12 color-scheme-inherit text-left elementor-widget elementor-widget-text-editor\" data-id=\"8c0dd12\" data-element_type=\"widget\" data-e-type=\"widget\" data-widget_type=\"text-editor.default\">\n\t\t\t\t<div class=\"elementor-widget-container\">\n\t\t\t\t\t\t\t\t\t<p><strong>Das Gesetz \u00fcber die \u00dcbertragung der Vollstreckung strafrechtlicher Verurteilungen (WOTS) und das Gesetz \u00fcber die gegenseitige Anerkennung und Vollstreckung von Freiheitsstrafen und bedingten Sanktionen (WETS) sind zwei Gesetze, die sich mit der \u00dcbertragung von Strafen zwischen L\u00e4ndern befassen. Diese Gesetze bieten Optionen f\u00fcr bestimmte Situationen in Bezug auf strafrechtliche Verurteilungen im Ausland. Hier sehen wir uns an, was diese Gesetze beinhalten und wie sie in den Niederlanden gelten.<\/strong><\/p>\t\t\t\t\t\t\t\t<\/div>\n\t\t\t\t<\/div>\n\t\t\t\t<div class=\"elementor-element elementor-element-824ced2 elementor-widget elementor-widget-spacer\" data-id=\"824ced2\" data-element_type=\"widget\" data-e-type=\"widget\" data-widget_type=\"spacer.default\">\n\t\t\t\t<div class=\"elementor-widget-container\">\n\t\t\t\t\t\t\t<div class=\"elementor-spacer\">\n\t\t\t<div class=\"elementor-spacer-inner\"><\/div>\n\t\t<\/div>\n\t\t\t\t\t\t<\/div>\n\t\t\t\t<\/div>\n\t\t\t\t<div class=\"elementor-element elementor-element-f1492d9 elementor-widget elementor-widget-heading\" data-id=\"f1492d9\" data-element_type=\"widget\" data-e-type=\"widget\" data-widget_type=\"heading.default\">\n\t\t\t\t<div class=\"elementor-widget-container\">\n\t\t\t\t\t<h3 class=\"elementor-heading-title elementor-size-default\">Was sind WETS und WOTS?<\/h3>\t\t\t\t<\/div>\n\t\t\t\t<\/div>\n\t\t\t\t<div class=\"elementor-element elementor-element-62e202b color-scheme-inherit text-left elementor-widget elementor-widget-text-editor\" data-id=\"62e202b\" data-element_type=\"widget\" data-e-type=\"widget\" data-widget_type=\"text-editor.default\">\n\t\t\t\t<div class=\"elementor-widget-container\">\n\t\t\t\t\t\t\t\t\t<p>WETS und WOTS sind zwei Gesetze in den Niederlanden, die sich mit der \u00dcbertragung von Strafen zwischen L\u00e4ndern befassen. Diese Gesetze regeln die M\u00f6glichkeit f\u00fcr niederl\u00e4ndische B\u00fcrger, ihre Strafe in den Niederlanden zu verb\u00fc\u00dfen, wenn sie im Ausland verurteilt worden sind. Nachfolgend haben wir erkl\u00e4rt, was beide Gesetze bedeuten.<\/p><p><strong>Gesetz \u00fcber die gegenseitige Anerkennung und Vollstreckung von Freiheitsstrafen und bedingten Verurteilungen (WETS):<\/strong><\/p><ul><li>Gilt f\u00fcr Verurteilungen in Nicht-EU-L\u00e4ndern.<\/li><li>Es erm\u00f6glicht niederl\u00e4ndischen Staatsb\u00fcrgern, ihre Strafe unter bestimmten Bedingungen in den Niederlanden zu verb\u00fc\u00dfen.<\/li><li>Es zielt darauf ab, die Rechte des Verurteilten zu sch\u00fctzen und eine humane Vollstreckung der Strafe zu gew\u00e4hrleisten.<\/li><li>Der Prozess der Straf\u00fcbertragung im Rahmen des WETS erfordert rechtliche Verfahren und diplomatische Vereinbarungen zwischen den L\u00e4ndern.<\/li><\/ul><p><strong>Gesetz zur \u00dcbertragung der Vollstreckung von Strafurteilen (WOTS):<\/strong><\/p><ul><li>Gilt f\u00fcr Verurteilungen in EU-L\u00e4ndern.<\/li><li>Es erm\u00f6glicht niederl\u00e4ndischen Staatsb\u00fcrgern, die Verb\u00fc\u00dfung ihrer Strafe in den Niederlanden zu beantragen.<br \/>Dies kann Vorteile mit sich bringen wie die N\u00e4he zu Familie und Freunden, den Zugang zu niederl\u00e4ndischen Gef\u00e4ngnisprogrammen und die Vorbereitung auf die Wiedereingliederung in die niederl\u00e4ndische Gesellschaft.<\/li><li>Der Prozess der Straf\u00fcbertragung im Rahmen von WOTS erfordert ebenfalls rechtliche Verfahren und Vereinbarungen zwischen den L\u00e4ndern, konzentriert sich aber auf die EU-L\u00e4nder.<\/li><li>Beide Gesetze bieten eine wichtige Option f\u00fcr niederl\u00e4ndische Staatsb\u00fcrger, die im Ausland verurteilt wurden und ihre Strafe n\u00e4her an ihrem Heimatland verb\u00fc\u00dfen m\u00f6chten. Es ist ratsam, sich rechtlich beraten zu lassen und die spezifischen Bedingungen und Verfahren zu verstehen, wenn Sie sich in dieser Situation befinden.<\/li><\/ul>\t\t\t\t\t\t\t\t<\/div>\n\t\t\t\t<\/div>\n\t\t\t\t<div class=\"elementor-element elementor-element-4a656bf elementor-widget elementor-widget-spacer\" data-id=\"4a656bf\" data-element_type=\"widget\" data-e-type=\"widget\" data-widget_type=\"spacer.default\">\n\t\t\t\t<div class=\"elementor-widget-container\">\n\t\t\t\t\t\t\t<div class=\"elementor-spacer\">\n\t\t\t<div class=\"elementor-spacer-inner\"><\/div>\n\t\t<\/div>\n\t\t\t\t\t\t<\/div>\n\t\t\t\t<\/div>\n\t\t\t\t<div class=\"elementor-element elementor-element-b144de2 elementor-widget elementor-widget-heading\" data-id=\"b144de2\" data-element_type=\"widget\" data-e-type=\"widget\" data-widget_type=\"heading.default\">\n\t\t\t\t<div class=\"elementor-widget-container\">\n\t\t\t\t\t<h3 class=\"elementor-heading-title elementor-size-default\">Was sind die Vorteile eines WETS- oder WOTS-Verfahrens?\n<\/h3>\t\t\t\t<\/div>\n\t\t\t\t<\/div>\n\t\t\t\t<div class=\"elementor-element elementor-element-58cdfcb color-scheme-inherit text-left elementor-widget elementor-widget-text-editor\" data-id=\"58cdfcb\" data-element_type=\"widget\" data-e-type=\"widget\" data-widget_type=\"text-editor.default\">\n\t\t\t\t<div class=\"elementor-widget-container\">\n\t\t\t\t\t\t\t\t\t<p>Das WETS- und WOTS-Verfahren bietet sowohl dem verurteilenden Land als auch den Niederlanden Vorteile.<\/p><ul><li><strong>Verantwortung: <\/strong>F\u00fcr das Land, das die Strafe verh\u00e4ngt hat, bedeutet dies, dass es nicht mehr f\u00fcr den Verurteilten verantwortlich ist. Dies entlastet ihr Gef\u00e4ngnissystem und erm\u00f6glicht es ihnen, sich auf andere Aspekte ihres Justizsystems zu konzentrieren.<\/li><li><strong>Verbesserte Wiedereingliederung:<\/strong> F\u00fcr die Niederlande hat dieses Verfahren den Vorteil, dass der Verurteilte w\u00e4hrend seiner Strafe in Kontakt mit der niederl\u00e4ndischen Gesellschaft bleiben kann, was zur Wiedereingliederung des Verurteilten nach Verb\u00fc\u00dfung seiner Strafe beitr\u00e4gt. Es verringert das Risiko von R\u00fcckf\u00e4llen und ist somit ein Verfahren, das sowohl dem Verurteilten als auch der Gesellschaft als Ganzes zugute kommt.<\/li><\/ul>\t\t\t\t\t\t\t\t<\/div>\n\t\t\t\t<\/div>\n\t\t\t\t<div class=\"elementor-element elementor-element-a48c189 elementor-widget elementor-widget-spacer\" data-id=\"a48c189\" data-element_type=\"widget\" data-e-type=\"widget\" data-widget_type=\"spacer.default\">\n\t\t\t\t<div class=\"elementor-widget-container\">\n\t\t\t\t\t\t\t<div class=\"elementor-spacer\">\n\t\t\t<div class=\"elementor-spacer-inner\"><\/div>\n\t\t<\/div>\n\t\t\t\t\t\t<\/div>\n\t\t\t\t<\/div>\n\t\t\t\t<div class=\"elementor-element elementor-element-e6df5cf elementor-widget elementor-widget-heading\" data-id=\"e6df5cf\" data-element_type=\"widget\" data-e-type=\"widget\" data-widget_type=\"heading.default\">\n\t\t\t\t<div class=\"elementor-widget-container\">\n\t\t\t\t\t<h3 class=\"elementor-heading-title elementor-size-default\">Welche Bedingungen gelten f\u00fcr ein WOTS?<\/h3>\t\t\t\t<\/div>\n\t\t\t\t<\/div>\n\t\t\t\t<div class=\"elementor-element elementor-element-68f8e27 color-scheme-inherit text-left elementor-widget elementor-widget-text-editor\" data-id=\"68f8e27\" data-element_type=\"widget\" data-e-type=\"widget\" data-widget_type=\"text-editor.default\">\n\t\t\t\t<div class=\"elementor-widget-container\">\n\t\t\t\t\t\t\t\t\t<p>Der WOTS gilt, wenn die folgenden Bedingungen erf\u00fcllt sind:<\/p><ul><li>L\u00e4nder au\u00dferhalb Europas, die das \u00dcbereinkommen \u00fcber die \u00dcberstellung verurteilter Personen mit den Niederlanden unterzeichnet haben.<\/li><li>L\u00e4nder innerhalb Europas, mit denen die Niederlande separate WOTS-Vertr\u00e4ge abgeschlossen haben.<\/li><li>L\u00e4nder der Europ\u00e4ischen Union, die die neuen europ\u00e4ischen Vorschriften zur Straf\u00fcbertragung noch nicht auf nationaler Ebene umgesetzt haben. Um f\u00fcr eine Straf\u00fcbertragung nach dem WOTS in Frage zu kommen, m\u00fcssen bestimmte Bedingungen erf\u00fcllt sein:<\/li><li>Es muss ein bilaterales Abkommen \u00fcber die Straf\u00fcbertragung zwischen den Niederlanden und dem Empf\u00e4ngerland bestehen.<\/li><li>Sie m\u00fcssen nachweislich eine Verbindung zu dem Aufnahmeland haben, z. B. durch Staatsangeh\u00f6rigkeit, Wohnsitz, Arbeit, Studium oder famili\u00e4re Bindungen in den Niederlanden.<\/li><\/ul><p>Sobald die Strafe in die Niederlande \u00fcberf\u00fchrt und dort vollstreckt wird, gilt sie als eine in den Niederlanden verh\u00e4ngte Strafe, so dass die niederl\u00e4ndischen Gesetze und Vorschriften w\u00e4hrend der Dauer der Strafe gelten.<\/p>\t\t\t\t\t\t\t\t<\/div>\n\t\t\t\t<\/div>\n\t\t\t\t<div class=\"elementor-element elementor-element-1f90f67 elementor-widget elementor-widget-spacer\" data-id=\"1f90f67\" data-element_type=\"widget\" data-e-type=\"widget\" data-widget_type=\"spacer.default\">\n\t\t\t\t<div class=\"elementor-widget-container\">\n\t\t\t\t\t\t\t<div class=\"elementor-spacer\">\n\t\t\t<div class=\"elementor-spacer-inner\"><\/div>\n\t\t<\/div>\n\t\t\t\t\t\t<\/div>\n\t\t\t\t<\/div>\n\t\t\t\t<div class=\"elementor-element elementor-element-f8f32db elementor-widget elementor-widget-heading\" data-id=\"f8f32db\" data-element_type=\"widget\" data-e-type=\"widget\" data-widget_type=\"heading.default\">\n\t\t\t\t<div class=\"elementor-widget-container\">\n\t\t\t\t\t<h3 class=\"elementor-heading-title elementor-size-default\">Wie sieht ein Verfahren f\u00fcr ein WOTS aus?<\/h3>\t\t\t\t<\/div>\n\t\t\t\t<\/div>\n\t\t\t\t<div class=\"elementor-element elementor-element-be9326d color-scheme-inherit text-left elementor-widget elementor-widget-text-editor\" data-id=\"be9326d\" data-element_type=\"widget\" data-e-type=\"widget\" data-widget_type=\"text-editor.default\">\n\t\t\t\t<div class=\"elementor-widget-container\">\n\t\t\t\t\t\t\t\t\t<p>Wir haben die wichtigsten Schritte unten aufgef\u00fchrt. Es ist ratsam, einen erfahrenen Anwalt f\u00fcr Strafrecht zu beauftragen, wenn Sie sich in einer Situation befinden, in der eine Strafversetzung in Betracht gezogen wird.<\/p><p>Es ist \u00e4u\u00dferst wichtig, den richtigen Anwalt mit Erfahrung im Strafrecht zu finden, der Ihre Interessen sch\u00fctzt und Ihnen hilft, den Antrag auf Strafvollstreckung zu stellen.\u00a0<\/p><ul><li><strong>Einen Antrag einreichen:<\/strong> muss der Verurteilte pers\u00f6nlich einen Antrag auf Verb\u00fc\u00dfung seiner Strafe in einem anderen Land oder auf \u00dcbertragung seiner Strafe in die Niederlande stellen. Die korrekte Stellung dieses Antrags ist ein wichtiger Schritt in diesem Verfahren.<\/li><li><strong>Bedingungen und Voraussetzungen:<\/strong> Das WOTS-Verfahren hat spezifische Regeln, die eingehalten werden m\u00fcssen. Diese k\u00f6nnen je nach Land und Art der Straftat unterschiedlich sein. Es ist wichtig, diese Regeln zu befolgen, um f\u00fcr eine Straf\u00fcbertragung in Frage zu kommen.<\/li><li><strong>Bewertung und Entscheidung:<\/strong> Nachdem der Antrag eingereicht wurde, wird er von den zust\u00e4ndigen Beh\u00f6rden, wie der Staatsanwaltschaft, sorgf\u00e4ltig gepr\u00fcft. Sie pr\u00fcfen Dinge wie die Art des Verbrechens, die L\u00e4nge der Strafe und ob das Land, das die Strafe vollstrecken soll, damit einverstanden ist. Diese Pr\u00fcfung tr\u00e4gt dazu bei, dass die \u00dcberstellung im Einklang mit dem Gesetz und internationalen Abkommen steht.<\/li><li><strong>Umsetzung der Strafe:<\/strong> Wird der Antrag genehmigt, wird die Strafe an das Empfangsland \u00fcberwiesen, wo der Verurteilte seine Strafe nach den Gesetzen und Verfahren dieses Landes verb\u00fc\u00dfen wird. Das Empfangsland ist f\u00fcr die weitere \u00dcberstellung der Strafe verantwortlich, einschlie\u00dflich der Inhaftierung, Beratung und \u00dcberwachung. Die verurteilte Person muss sich w\u00e4hrend des Strafvollzugs an die Regeln und Vorschriften des Aufnahmelandes halten.<\/li><\/ul>\t\t\t\t\t\t\t\t<\/div>\n\t\t\t\t<\/div>\n\t\t\t\t<div class=\"elementor-element elementor-element-0d8f96f elementor-widget elementor-widget-spacer\" data-id=\"0d8f96f\" data-element_type=\"widget\" data-e-type=\"widget\" data-widget_type=\"spacer.default\">\n\t\t\t\t<div class=\"elementor-widget-container\">\n\t\t\t\t\t\t\t<div class=\"elementor-spacer\">\n\t\t\t<div class=\"elementor-spacer-inner\"><\/div>\n\t\t<\/div>\n\t\t\t\t\t\t<\/div>\n\t\t\t\t<\/div>\n\t\t\t\t<div class=\"elementor-element elementor-element-d656ffd elementor-widget elementor-widget-heading\" data-id=\"d656ffd\" data-element_type=\"widget\" data-e-type=\"widget\" data-widget_type=\"heading.default\">\n\t\t\t\t<div class=\"elementor-widget-container\">\n\t\t\t\t\t<h3 class=\"elementor-heading-title elementor-size-default\">WOTS \/ WETS Anwalt        <\/h3>\t\t\t\t<\/div>\n\t\t\t\t<\/div>\n\t\t\t\t<div class=\"elementor-element elementor-element-a3e5237 color-scheme-inherit text-left elementor-widget elementor-widget-text-editor\" data-id=\"a3e5237\" data-element_type=\"widget\" data-e-type=\"widget\" data-widget_type=\"text-editor.default\">\n\t\t\t\t<div class=\"elementor-widget-container\">\n\t\t\t\t\t\t\t\t\t<p>Das Verfahren beginnt mit einem Antrag in dem Land, in dem die Strafe verh\u00e4ngt wurde, und wird fortgesetzt, sobald dieser Antrag in den Niederlanden bearbeitet und genehmigt ist. An diesem Punkt kann ein Anwalt helfen.<br \/>Die Anwaltskanzlei Derbedrosian verf\u00fcgt \u00fcber umfangreiche Erfahrung in <a href=\"https:\/\/www.derbedrosian.nl\/de\/gerichtsbarkeiten\/strafrecht\/\">Strafrecht<\/a> und k\u00f6nnen Sie daher bei WOTS- und WETS-Verfahren unterst\u00fctzen. Nehmen Sie Kontakt mit uns auf, und Sie werden mit einem unserer Mitarbeiter verbunden. <a href=\"https:\/\/www.derbedrosian.nl\/de\/rechtsanwalte-2\/\">spezialisierte Anw\u00e4lte.<\/a><\/p>\t\t\t\t\t\t\t\t<\/div>\n\t\t\t\t<\/div>\n\t\t\t\t\t<\/div>\n\t\t\t\t<\/div>\n\t\t\t\t<\/div>","protected":false},"excerpt":{"rendered":"<p>WOTS WETS Strafvollstreckung in den Niederlanden WOTS-Anwalt WETS-Anwalt innerhalb der EU Gesetz \u00fcber die Vollstreckung von Strafurteilen Informationsblatt f\u00fcr die Niederlande<\/p>","protected":false},"author":1,"featured_media":0,"parent":10047,"menu_order":0,"comment_status":"closed","ping_status":"closed","template":"","meta":{"footnotes":""},"class_list":["post-10617","page","type-page","status-publish","hentry"],"_links":{"self":[{"href":"https:\/\/www.derbedrosian.nl\/de\/wp-json\/wp\/v2\/pages\/10617","targetHints":{"allow":["GET"]}}],"collection":[{"href":"https:\/\/www.derbedrosian.nl\/de\/wp-json\/wp\/v2\/pages"}],"about":[{"href":"https:\/\/www.derbedrosian.nl\/de\/wp-json\/wp\/v2\/types\/page"}],"author":[{"embeddable":true,"href":"https:\/\/www.derbedrosian.nl\/de\/wp-json\/wp\/v2\/users\/1"}],"replies":[{"embeddable":true,"href":"https:\/\/www.derbedrosian.nl\/de\/wp-json\/wp\/v2\/comments?post=10617"}],"version-history":[{"count":0,"href":"https:\/\/www.derbedrosian.nl\/de\/wp-json\/wp\/v2\/pages\/10617\/revisions"}],"up":[{"embeddable":true,"href":"https:\/\/www.derbedrosian.nl\/de\/wp-json\/wp\/v2\/pages\/10047"}],"wp:attachment":[{"href":"https:\/\/www.derbedrosian.nl\/de\/wp-json\/wp\/v2\/media?parent=10617"}],"curies":[{"name":"wp","href":"https:\/\/api.w.org\/{rel}","templated":true}]}}