{"id":10612,"date":"2023-05-26T11:04:15","date_gmt":"2023-05-26T09:04:15","guid":{"rendered":"https:\/\/derbedrosian.nl\/?page_id=10612"},"modified":"2025-12-21T15:22:57","modified_gmt":"2025-12-21T13:22:57","slug":"antrag-auf-vollstreckung-einer-bewahrungsstrafe","status":"publish","type":"page","link":"https:\/\/www.derbedrosian.nl\/de\/rechtsgebieden\/strafrecht\/vordering-tenuitvoerlegging-voorwaardelijke-straf\/","title":{"rendered":"Antrag auf Vollstreckung einer Bew\u00e4hrungsstrafe"},"content":{"rendered":"<div data-elementor-type=\"wp-page\" data-elementor-id=\"10612\" class=\"elementor elementor-10612\" data-elementor-post-type=\"page\">\n\t\t\t\t<div class=\"wd-negative-gap elementor-element elementor-element-d5c972d e-flex e-con-boxed e-con e-parent\" data-id=\"d5c972d\" data-element_type=\"container\" data-e-type=\"container\">\n\t\t\t\t\t<div class=\"e-con-inner\">\n\t\t\t\t<div class=\"elementor-element elementor-element-bebecf5 elementor-hidden-desktop elementor-hidden-tablet elementor-hidden-mobile elementor-widget elementor-widget-wd_image_or_svg\" data-id=\"bebecf5\" data-element_type=\"widget\" data-e-type=\"widget\" id=\"seo-word\" data-widget_type=\"wd_image_or_svg.default\">\n\t\t\t\t<div class=\"elementor-widget-container\">\n\t\t\t\t\t\n\t\t<div class=\"wd-image text-left\">\n\t\t\t\t\t\t\t\t<img loading=\"lazy\" decoding=\"async\" width=\"1000\" height=\"667\" src=\"https:\/\/www.derbedrosian.nl\/wp-content\/uploads\/rechtsgebied-vordering-tenuitvoerlegging-voorwaardelijke-straf.jpg\" class=\"attachment-full size-full\" alt=\"Forderung Vollstreckung bedingte Verurteilung Rechtsanwalt Staatsanwalt Richter\" srcset=\"https:\/\/www.derbedrosian.nl\/wp-content\/uploads\/rechtsgebied-vordering-tenuitvoerlegging-voorwaardelijke-straf.jpg 1000w, https:\/\/www.derbedrosian.nl\/wp-content\/uploads\/rechtsgebied-vordering-tenuitvoerlegging-voorwaardelijke-straf-400x267.jpg 400w, https:\/\/www.derbedrosian.nl\/wp-content\/uploads\/rechtsgebied-vordering-tenuitvoerlegging-voorwaardelijke-straf-768x512.jpg 768w\" sizes=\"auto, (max-width: 1000px) 100vw, 1000px\" title=\"\">\t\t\t\t\t<\/div>\n\n\t\t\t\t\t\t<\/div>\n\t\t\t\t<\/div>\n\t\t\t\t<div class=\"elementor-element elementor-element-5a74c16 elementor-hidden-desktop elementor-hidden-tablet elementor-hidden-mobile elementor-widget elementor-widget-heading\" data-id=\"5a74c16\" data-element_type=\"widget\" data-e-type=\"widget\" id=\"seo-word\" data-widget_type=\"heading.default\">\n\t\t\t\t<div class=\"elementor-widget-container\">\n\t\t\t\t\t<h2 class=\"elementor-heading-title elementor-size-default\"> Was ist ein Antrag auf Vollstreckung einer Bew\u00e4hrungsstrafe?<\/h2>\t\t\t\t<\/div>\n\t\t\t\t<\/div>\n\t\t\t\t<div class=\"elementor-element elementor-element-b0bf5ac elementor-hidden-desktop elementor-hidden-tablet elementor-hidden-mobile elementor-widget elementor-widget-heading\" data-id=\"b0bf5ac\" data-element_type=\"widget\" data-e-type=\"widget\" id=\"seo-word\" data-widget_type=\"heading.default\">\n\t\t\t\t<div class=\"elementor-widget-container\">\n\t\t\t\t\t<h5 class=\"elementor-heading-title elementor-size-default\">Anwalt Forderung nach Vollstreckung der Bew\u00e4hrungsstrafe<\/h5>\t\t\t\t<\/div>\n\t\t\t\t<\/div>\n\t\t\t\t<div class=\"elementor-element elementor-element-b8554c4 elementor-hidden-desktop elementor-hidden-tablet elementor-hidden-mobile elementor-widget elementor-widget-heading\" data-id=\"b8554c4\" data-element_type=\"widget\" data-e-type=\"widget\" id=\"seo-word\" data-widget_type=\"heading.default\">\n\t\t\t\t<div class=\"elementor-widget-container\">\n\t\t\t\t\t<h5 class=\"elementor-heading-title elementor-size-default\">Strafrecht enschede<\/h5>\t\t\t\t<\/div>\n\t\t\t\t<\/div>\n\t\t\t\t<div class=\"elementor-element elementor-element-05d1f41 elementor-hidden-desktop elementor-hidden-tablet elementor-hidden-mobile elementor-widget elementor-widget-heading\" data-id=\"05d1f41\" data-element_type=\"widget\" data-e-type=\"widget\" id=\"seo-word\" data-widget_type=\"heading.default\">\n\t\t\t\t<div class=\"elementor-widget-container\">\n\t\t\t\t\t<h5 class=\"elementor-heading-title elementor-size-default\">Anwalt Strafrecht Enschede<\/h5>\t\t\t\t<\/div>\n\t\t\t\t<\/div>\n\t\t\t\t<div class=\"elementor-element elementor-element-7957013 elementor-hidden-desktop elementor-hidden-tablet elementor-hidden-mobile elementor-widget elementor-widget-heading\" data-id=\"7957013\" data-element_type=\"widget\" data-e-type=\"widget\" id=\"seo-word\" data-widget_type=\"heading.default\">\n\t\t\t\t<div class=\"elementor-widget-container\">\n\t\t\t\t\t<h5 class=\"elementor-heading-title elementor-size-default\">Anwalt Strafrecht Overijssel<\/h5>\t\t\t\t<\/div>\n\t\t\t\t<\/div>\n\t\t\t\t<div class=\"elementor-element elementor-element-6456930 elementor-hidden-desktop elementor-hidden-tablet elementor-hidden-mobile elementor-widget elementor-widget-heading\" data-id=\"6456930\" data-element_type=\"widget\" data-e-type=\"widget\" id=\"seo-word\" data-widget_type=\"heading.default\">\n\t\t\t\t<div class=\"elementor-widget-container\">\n\t\t\t\t\t<h5 class=\"elementor-heading-title elementor-size-default\">Anwalt f\u00fcr Strafrecht enschede<\/h5>\t\t\t\t<\/div>\n\t\t\t\t<\/div>\n\t\t\t\t<div class=\"elementor-element elementor-element-e6347a7 elementor-hidden-desktop elementor-hidden-tablet elementor-hidden-mobile elementor-widget elementor-widget-heading\" data-id=\"e6347a7\" data-element_type=\"widget\" data-e-type=\"widget\" id=\"seo-word\" data-widget_type=\"heading.default\">\n\t\t\t\t<div class=\"elementor-widget-container\">\n\t\t\t\t\t<h5 class=\"elementor-heading-title elementor-size-default\">Einspruch gegen die Vollstreckung einer Bew\u00e4hrungsstrafe<\/h5>\t\t\t\t<\/div>\n\t\t\t\t<\/div>\n\t\t\t\t<div class=\"elementor-element elementor-element-3b0f6c2 elementor-hidden-desktop elementor-hidden-tablet elementor-hidden-mobile elementor-widget elementor-widget-heading\" data-id=\"3b0f6c2\" data-element_type=\"widget\" data-e-type=\"widget\" id=\"seo-word\" data-widget_type=\"heading.default\">\n\t\t\t\t<div class=\"elementor-widget-container\">\n\t\t\t\t\t<h5 class=\"elementor-heading-title elementor-size-default\">In Enschede und Overijssel k\u00f6nnen Sie auf die erfahrenen Strafrechtsanw\u00e4lte von Derbedrosian Criminal Lawyers z\u00e4hlen. Unsere Anw\u00e4lte in Enschede sind auf Strafsachen spezialisiert und bieten professionelle Rechtshilfe.\n\nEin Antrag auf Vollstreckung einer Bew\u00e4hrungsstrafe ist ein gerichtliches Verfahren, in dem beantragt wird, dass die verh\u00e4ngte Bew\u00e4hrungsstrafe noch vollstreckt wird. Dies kann geschehen, wenn der Verurteilte die verh\u00e4ngten Auflagen nicht erf\u00fcllt hat.\n\nWenn Sie mit einem Antrag auf Vollstreckung einer Bew\u00e4hrungsstrafe konfrontiert sind, sollten Sie unbedingt juristischen Beistand suchen. Unsere Anw\u00e4lte in Enschede beraten Sie gerne und vertreten Ihre Interessen in einem solchen Verfahren.\n\nWenn Sie einen spezialisierten Anwalt f\u00fcr die Vollstreckung von Bew\u00e4hrungsstrafen ben\u00f6tigen, z\u00f6gern Sie nicht, Derbedrosian Criminal Lawyers zu kontaktieren. Wir sind hier, um Ihnen zu helfen und Ihren Fall zu bearbeiten.<\/h5>\t\t\t\t<\/div>\n\t\t\t\t<\/div>\n\t\t\t\t<div class=\"elementor-element elementor-element-13b61a7 color-scheme-inherit text-left elementor-widget elementor-widget-text-editor\" data-id=\"13b61a7\" data-element_type=\"widget\" data-e-type=\"widget\" data-widget_type=\"text-editor.default\">\n\t\t\t\t<div class=\"elementor-widget-container\">\n\t\t\t\t\t\t\t\t\t<p><strong>Ersuchen um Vollstreckung von Bew\u00e4hrungsstrafen sind in den Niederlanden ein wichtiger Bestandteil des Strafrechts. In solchen F\u00e4llen kann der Staatsanwalt oder die Staatsanw\u00e4ltin beim Gericht beantragen, die Bew\u00e4hrungsstrafe in eine tats\u00e4chliche Strafe umzuwandeln. Dieses Verfahren soll sicherstellen, dass die Bedingungen eingehalten werden und die Gerechtigkeit im niederl\u00e4ndischen Strafrecht durchgesetzt wird.<\/strong><\/p>\t\t\t\t\t\t\t\t<\/div>\n\t\t\t\t<\/div>\n\t\t\t\t<div class=\"elementor-element elementor-element-ff19e35 elementor-widget elementor-widget-spacer\" data-id=\"ff19e35\" data-element_type=\"widget\" data-e-type=\"widget\" data-widget_type=\"spacer.default\">\n\t\t\t\t<div class=\"elementor-widget-container\">\n\t\t\t\t\t\t\t<div class=\"elementor-spacer\">\n\t\t\t<div class=\"elementor-spacer-inner\"><\/div>\n\t\t<\/div>\n\t\t\t\t\t\t<\/div>\n\t\t\t\t<\/div>\n\t\t\t\t<div class=\"elementor-element elementor-element-b45c127 elementor-widget elementor-widget-heading\" data-id=\"b45c127\" data-element_type=\"widget\" data-e-type=\"widget\" data-widget_type=\"heading.default\">\n\t\t\t\t<div class=\"elementor-widget-container\">\n\t\t\t\t\t<h3 class=\"elementor-heading-title elementor-size-default\">Antrag auf Vollstreckung einer Bew\u00e4hrungsstrafe<\/h3>\t\t\t\t<\/div>\n\t\t\t\t<\/div>\n\t\t\t\t<div class=\"elementor-element elementor-element-dc13070 color-scheme-inherit text-left elementor-widget elementor-widget-text-editor\" data-id=\"dc13070\" data-element_type=\"widget\" data-e-type=\"widget\" data-widget_type=\"text-editor.default\">\n\t\t\t\t<div class=\"elementor-widget-container\">\n\t\t\t\t\t\t\t\t\t<p>Wenn Sie eine 'Aufforderung zur Vollstreckung einer bedingten Strafe' erhalten haben, m\u00fcssen Sie bestimmte allgemeine und besondere Bedingungen erf\u00fcllen. Wenn die Staatsanwaltschaft der Ansicht ist, dass Sie diese Bedingungen nicht erf\u00fcllt haben, kann die Bew\u00e4hrungsstrafe in eine unbedingte Strafe umgewandelt werden. Wenn eine der besonderen Bedingungen zum Beispiel vorsieht, dass Sie sich bei der Bew\u00e4hrungshilfe melden m\u00fcssen und diese feststellt, dass Sie dies nicht ausreichend getan haben, k\u00f6nnen Sie zu einer Gerichtsverhandlung vorgeladen werden.<\/p><p>Dar\u00fcber hinaus k\u00f6nnen besondere Bedingungen auferlegt werden, wie zum Beispiel:<\/p><ul><li>Obligatorische Kontakte mit der Bew\u00e4hrungshilfe und\/oder Teilnahme an Kursen.<\/li><li>Station\u00e4re oder ambulante Behandlung.<\/li><li>Elektronische \u00dcberwachung.<\/li><\/ul>\t\t\t\t\t\t\t\t<\/div>\n\t\t\t\t<\/div>\n\t\t\t\t<div class=\"elementor-element elementor-element-b2f594c elementor-widget elementor-widget-spacer\" data-id=\"b2f594c\" data-element_type=\"widget\" data-e-type=\"widget\" data-widget_type=\"spacer.default\">\n\t\t\t\t<div class=\"elementor-widget-container\">\n\t\t\t\t\t\t\t<div class=\"elementor-spacer\">\n\t\t\t<div class=\"elementor-spacer-inner\"><\/div>\n\t\t<\/div>\n\t\t\t\t\t\t<\/div>\n\t\t\t\t<\/div>\n\t\t\t\t<div class=\"elementor-element elementor-element-70b31d0 elementor-widget elementor-widget-heading\" data-id=\"70b31d0\" data-element_type=\"widget\" data-e-type=\"widget\" data-widget_type=\"heading.default\">\n\t\t\t\t<div class=\"elementor-widget-container\">\n\t\t\t\t\t<h3 class=\"elementor-heading-title elementor-size-default\">Wie lange kann ein Antrag auf Vollstreckung einer Bew\u00e4hrungsstrafe dauern?\n<\/h3>\t\t\t\t<\/div>\n\t\t\t\t<\/div>\n\t\t\t\t<div class=\"elementor-element elementor-element-0da0a86 color-scheme-inherit text-left elementor-widget elementor-widget-text-editor\" data-id=\"0da0a86\" data-element_type=\"widget\" data-e-type=\"widget\" data-widget_type=\"text-editor.default\">\n\t\t\t\t<div class=\"elementor-widget-container\">\n\t\t\t\t\t\t\t\t\t<p>In der Regel wird im Rahmen einer Bew\u00e4hrungsstrafe eine Bew\u00e4hrungszeit von zwei Jahren verh\u00e4ngt. W\u00e4hrend dieser Bew\u00e4hrungszeit muss die verurteilte Person bestimmte Bedingungen erf\u00fcllen und darf keine Straftaten begehen. Es ist sehr wichtig, diese Bedingungen strikt einzuhalten, damit die Bew\u00e4hrungsstrafe nicht zu einer tats\u00e4chlichen Strafe wird.<\/p><p>Wenn die verurteilte Person jedoch w\u00e4hrend dieser Bew\u00e4hrungszeit eine weitere Straftat begeht oder die auferlegten Bedingungen nicht erf\u00fcllt, hat die Staatsanwaltschaft das Recht, beim Gericht die Vollstreckung der Bew\u00e4hrungsstrafe zu beantragen. Das bedeutet, dass die verurteilte Person die verh\u00e4ngte Strafe trotzdem verb\u00fc\u00dfen muss.<\/p><p>Wenn ein solcher Antrag gestellt wird, wird die verurteilte Person schriftlich benachrichtigt. In dieser Mitteilung wird das Datum genannt, an dem das Gericht den Antrag auf Vollstreckung der ausgesetzten Strafe pr\u00fcfen wird.<\/p><p>Es ist von entscheidender Bedeutung, dass Verurteilte die w\u00e4hrend der Bew\u00e4hrung auferlegten Bedingungen genau einhalten und keine neuen Straftaten begehen, um zu verhindern, dass die Bew\u00e4hrungsstrafe in eine wirksame umgewandelt wird.<\/p><p>Die Einhaltung der Bedingungen ist entscheidend, um rechtliche Komplikationen und die Vollstreckung von Strafen zu vermeiden.<\/p>\t\t\t\t\t\t\t\t<\/div>\n\t\t\t\t<\/div>\n\t\t\t\t<div class=\"elementor-element elementor-element-8f602a1 elementor-widget elementor-widget-spacer\" data-id=\"8f602a1\" data-element_type=\"widget\" data-e-type=\"widget\" data-widget_type=\"spacer.default\">\n\t\t\t\t<div class=\"elementor-widget-container\">\n\t\t\t\t\t\t\t<div class=\"elementor-spacer\">\n\t\t\t<div class=\"elementor-spacer-inner\"><\/div>\n\t\t<\/div>\n\t\t\t\t\t\t<\/div>\n\t\t\t\t<\/div>\n\t\t\t\t<div class=\"elementor-element elementor-element-1a06dc4 elementor-widget elementor-widget-heading\" data-id=\"1a06dc4\" data-element_type=\"widget\" data-e-type=\"widget\" data-widget_type=\"heading.default\">\n\t\t\t\t<div class=\"elementor-widget-container\">\n\t\t\t\t\t<h3 class=\"elementor-heading-title elementor-size-default\">Wie lang ist die Frist f\u00fcr die Einreichung eines Antrags auf Vollstreckung der ausgesetzten Strafe?\n<\/h3>\t\t\t\t<\/div>\n\t\t\t\t<\/div>\n\t\t\t\t<div class=\"elementor-element elementor-element-52808d1 color-scheme-inherit text-left elementor-widget elementor-widget-text-editor\" data-id=\"52808d1\" data-element_type=\"widget\" data-e-type=\"widget\" data-widget_type=\"text-editor.default\">\n\t\t\t\t<div class=\"elementor-widget-container\">\n\t\t\t\t\t\t\t\t\t<p>Die Frist f\u00fcr die Einreichung eines Antrags auf Vollstreckung einer zur Bew\u00e4hrung ausgesetzten Strafe ist gesetzlich festgelegt und folgt einem klaren Verfahren. Die Staatsanwaltschaft hat die M\u00f6glichkeit, einen Antrag auf Vollstreckung bis zu drei Monate nach Ende der Bew\u00e4hrungszeit zu stellen.<\/p><p>Diese dreimonatige Frist bietet die M\u00f6glichkeit, die Einhaltung der auferlegten Bedingungen zu bewerten, bevor eine Entscheidung \u00fcber die Vollstreckung der Strafe getroffen wird. Es ist wichtig, dass der Verurteilte sich dieser Frist bewusst ist und sicherstellt, dass er die w\u00e4hrend der Bew\u00e4hrungszeit auferlegten Bedingungen gewissenhaft einh\u00e4lt, um zu vermeiden, dass die bedingte Verurteilung noch in eine wirksame Strafe umgewandelt wird.<\/p>\t\t\t\t\t\t\t\t<\/div>\n\t\t\t\t<\/div>\n\t\t\t\t<div class=\"elementor-element elementor-element-0e986ac elementor-widget elementor-widget-spacer\" data-id=\"0e986ac\" data-element_type=\"widget\" data-e-type=\"widget\" data-widget_type=\"spacer.default\">\n\t\t\t\t<div class=\"elementor-widget-container\">\n\t\t\t\t\t\t\t<div class=\"elementor-spacer\">\n\t\t\t<div class=\"elementor-spacer-inner\"><\/div>\n\t\t<\/div>\n\t\t\t\t\t\t<\/div>\n\t\t\t\t<\/div>\n\t\t\t\t<div class=\"elementor-element elementor-element-ddcffc0 elementor-widget elementor-widget-heading\" data-id=\"ddcffc0\" data-element_type=\"widget\" data-e-type=\"widget\" data-widget_type=\"heading.default\">\n\t\t\t\t<div class=\"elementor-widget-container\">\n\t\t\t\t\t<h3 class=\"elementor-heading-title elementor-size-default\">Umwandlung der Bew\u00e4hrungsstrafe verhindern\n<\/h3>\t\t\t\t<\/div>\n\t\t\t\t<\/div>\n\t\t\t\t<div class=\"elementor-element elementor-element-fce1590 color-scheme-inherit text-left elementor-widget elementor-widget-text-editor\" data-id=\"fce1590\" data-element_type=\"widget\" data-e-type=\"widget\" data-widget_type=\"text-editor.default\">\n\t\t\t\t<div class=\"elementor-widget-container\">\n\t\t\t\t\t\t\t\t\t<p>W\u00e4hrend der Anh\u00f6rung kann der Anwalt dem Richter erkl\u00e4ren, warum Sie die besonderen Bedingungen nicht erf\u00fcllen konnten. Wenn der Richter den Antrag des Staatsanwalts pr\u00fcft, kann er entscheiden, ob er die Strafe vollstreckt oder nicht und ob er die Bew\u00e4hrungsfrist verl\u00e4ngert.<\/p>\t\t\t\t\t\t\t\t<\/div>\n\t\t\t\t<\/div>\n\t\t\t\t<div class=\"elementor-element elementor-element-fd9dae3 elementor-widget elementor-widget-spacer\" data-id=\"fd9dae3\" data-element_type=\"widget\" data-e-type=\"widget\" data-widget_type=\"spacer.default\">\n\t\t\t\t<div class=\"elementor-widget-container\">\n\t\t\t\t\t\t\t<div class=\"elementor-spacer\">\n\t\t\t<div class=\"elementor-spacer-inner\"><\/div>\n\t\t<\/div>\n\t\t\t\t\t\t<\/div>\n\t\t\t\t<\/div>\n\t\t\t\t<div class=\"elementor-element elementor-element-1b341d9 elementor-widget elementor-widget-heading\" data-id=\"1b341d9\" data-element_type=\"widget\" data-e-type=\"widget\" data-widget_type=\"heading.default\">\n\t\t\t\t<div class=\"elementor-widget-container\">\n\t\t\t\t\t<h3 class=\"elementor-heading-title elementor-size-default\">Antrag auf Vollstreckung einer Bew\u00e4hrungsstrafe Rechtsanwalt <\/h3>\t\t\t\t<\/div>\n\t\t\t\t<\/div>\n\t\t\t\t<div class=\"elementor-element elementor-element-94ba991 color-scheme-inherit text-left elementor-widget elementor-widget-text-editor\" data-id=\"94ba991\" data-element_type=\"widget\" data-e-type=\"widget\" data-widget_type=\"text-editor.default\">\n\t\t\t\t<div class=\"elementor-widget-container\">\n\t\t\t\t\t\t\t\t\t<p>Es ist daher wichtig, dass Sie sich an <a href=\"https:\/\/www.derbedrosian.nl\/de\/rechtsanwalte-2\/\">einen spezialisierten Anwalt.<\/a><\/p><p>Die Anw\u00e4lte der Anwaltskanzlei Derbedrosian sind spezialisiert auf die Bereiche <a href=\"https:\/\/www.derbedrosian.nl\/de\/gerichtsbarkeiten\/strafrecht\/\">Strafrecht<\/a> und k\u00f6nnen Ihnen daher bei Ihrem Fall helfen. Nehmen Sie Kontakt mit uns auf und Sie werden mit einem unserer erfahrenen Anw\u00e4lte verbunden, der Ihnen Rat und weitere juristische Hilfe anbieten wird.<\/p>\t\t\t\t\t\t\t\t<\/div>\n\t\t\t\t<\/div>\n\t\t\t\t\t<\/div>\n\t\t\t\t<\/div>\n\t\t\t\t<\/div>","protected":false},"excerpt":{"rendered":"<p>Was ist eine Klage auf Vollstreckung einer Bew\u00e4hrungsstrafe? Rechtsanwalt Klage auf Vollstreckung einer Bew\u00e4hrungsstrafe Strafrecht Enschede Rechtsanwalt Strafrecht Enschede Rechtsanwalt Strafrecht Overijssel<\/p>","protected":false},"author":1,"featured_media":0,"parent":10047,"menu_order":0,"comment_status":"closed","ping_status":"closed","template":"","meta":{"footnotes":""},"class_list":["post-10612","page","type-page","status-publish","hentry"],"_links":{"self":[{"href":"https:\/\/www.derbedrosian.nl\/de\/wp-json\/wp\/v2\/pages\/10612","targetHints":{"allow":["GET"]}}],"collection":[{"href":"https:\/\/www.derbedrosian.nl\/de\/wp-json\/wp\/v2\/pages"}],"about":[{"href":"https:\/\/www.derbedrosian.nl\/de\/wp-json\/wp\/v2\/types\/page"}],"author":[{"embeddable":true,"href":"https:\/\/www.derbedrosian.nl\/de\/wp-json\/wp\/v2\/users\/1"}],"replies":[{"embeddable":true,"href":"https:\/\/www.derbedrosian.nl\/de\/wp-json\/wp\/v2\/comments?post=10612"}],"version-history":[{"count":0,"href":"https:\/\/www.derbedrosian.nl\/de\/wp-json\/wp\/v2\/pages\/10612\/revisions"}],"up":[{"embeddable":true,"href":"https:\/\/www.derbedrosian.nl\/de\/wp-json\/wp\/v2\/pages\/10047"}],"wp:attachment":[{"href":"https:\/\/www.derbedrosian.nl\/de\/wp-json\/wp\/v2\/media?parent=10612"}],"curies":[{"name":"wp","href":"https:\/\/api.w.org\/{rel}","templated":true}]}}