{"id":10599,"date":"2023-05-26T10:45:17","date_gmt":"2023-05-26T08:45:17","guid":{"rendered":"https:\/\/derbedrosian.nl\/?page_id=10599"},"modified":"2025-12-21T14:53:18","modified_gmt":"2025-12-21T12:53:18","slug":"entschadigung-nach-der-untersuchungshaft","status":"publish","type":"page","link":"https:\/\/www.derbedrosian.nl\/de\/rechtsgebieden\/strafrecht\/schadevergoeding-na-voorlopige-hechtenis\/","title":{"rendered":"Entsch\u00e4digung nach der Untersuchungshaft"},"content":{"rendered":"<div data-elementor-type=\"wp-page\" data-elementor-id=\"10599\" class=\"elementor elementor-10599\" data-elementor-post-type=\"page\">\n\t\t\t\t<div class=\"wd-negative-gap elementor-element elementor-element-c5288ff e-flex e-con-boxed e-con e-parent\" data-id=\"c5288ff\" data-element_type=\"container\" data-e-type=\"container\">\n\t\t\t\t\t<div class=\"e-con-inner\">\n\t\t\t\t<div class=\"elementor-element elementor-element-7165c8e elementor-hidden-desktop elementor-hidden-tablet elementor-hidden-mobile elementor-widget elementor-widget-wd_image_or_svg\" data-id=\"7165c8e\" data-element_type=\"widget\" data-e-type=\"widget\" id=\"seo-word\" data-widget_type=\"wd_image_or_svg.default\">\n\t\t\t\t<div class=\"elementor-widget-container\">\n\t\t\t\t\t\n\t\t<div class=\"wd-image text-left\">\n\t\t\t\t\t\t\t\t<img loading=\"lazy\" decoding=\"async\" width=\"1000\" height=\"667\" src=\"https:\/\/www.derbedrosian.nl\/wp-content\/uploads\/rechtsgebied-schadevergoeding.jpg\" class=\"attachment-full size-full\" alt=\"Entsch\u00e4digung nach Untersuchungshaft unn\u00f6tige Inhaftierung unrechtm\u00e4\u00dfige Inhaftierung Anwalt\" srcset=\"https:\/\/www.derbedrosian.nl\/wp-content\/uploads\/rechtsgebied-schadevergoeding.jpg 1000w, https:\/\/www.derbedrosian.nl\/wp-content\/uploads\/rechtsgebied-schadevergoeding-400x267.jpg 400w, https:\/\/www.derbedrosian.nl\/wp-content\/uploads\/rechtsgebied-schadevergoeding-768x512.jpg 768w\" sizes=\"auto, (max-width: 1000px) 100vw, 1000px\" title=\"\">\t\t\t\t\t<\/div>\n\n\t\t\t\t\t\t<\/div>\n\t\t\t\t<\/div>\n\t\t\t\t<div class=\"elementor-element elementor-element-d0ab5e0 elementor-hidden-desktop elementor-hidden-tablet elementor-hidden-mobile elementor-widget elementor-widget-heading\" data-id=\"d0ab5e0\" data-element_type=\"widget\" data-e-type=\"widget\" id=\"seo-word\" data-widget_type=\"heading.default\">\n\t\t\t\t<div class=\"elementor-widget-container\">\n\t\t\t\t\t<h5 class=\"elementor-heading-title elementor-size-default\">Anwalt f\u00fcr Schadenersatz<\/h5>\t\t\t\t<\/div>\n\t\t\t\t<\/div>\n\t\t\t\t<div class=\"elementor-element elementor-element-03ba0d1 elementor-hidden-desktop elementor-hidden-tablet elementor-hidden-mobile elementor-widget elementor-widget-heading\" data-id=\"03ba0d1\" data-element_type=\"widget\" data-e-type=\"widget\" id=\"seo-word\" data-widget_type=\"heading.default\">\n\t\t\t\t<div class=\"elementor-widget-container\">\n\t\t\t\t\t<h5 class=\"elementor-heading-title elementor-size-default\">Anwalt f\u00fcr Schadenersatz<\/h5>\t\t\t\t<\/div>\n\t\t\t\t<\/div>\n\t\t\t\t<div class=\"elementor-element elementor-element-7d2467a elementor-hidden-desktop elementor-hidden-tablet elementor-hidden-mobile elementor-widget elementor-widget-heading\" data-id=\"7d2467a\" data-element_type=\"widget\" data-e-type=\"widget\" id=\"seo-word\" data-widget_type=\"heading.default\">\n\t\t\t\t<div class=\"elementor-widget-container\">\n\t\t\t\t\t<h5 class=\"elementor-heading-title elementor-size-default\">Schadenersatzanspr\u00fcche<\/h5>\t\t\t\t<\/div>\n\t\t\t\t<\/div>\n\t\t\t\t<div class=\"elementor-element elementor-element-adb0e27 elementor-hidden-desktop elementor-hidden-tablet elementor-hidden-mobile elementor-widget elementor-widget-heading\" data-id=\"adb0e27\" data-element_type=\"widget\" data-e-type=\"widget\" id=\"seo-word\" data-widget_type=\"heading.default\">\n\t\t\t\t<div class=\"elementor-widget-container\">\n\t\t\t\t\t<h5 class=\"elementor-heading-title elementor-size-default\">Entsch\u00e4digung f\u00fcr unrechtm\u00e4\u00dfige Inhaftierung<\/h5>\t\t\t\t<\/div>\n\t\t\t\t<\/div>\n\t\t\t\t<div class=\"elementor-element elementor-element-e68bf1d elementor-hidden-desktop elementor-hidden-tablet elementor-hidden-mobile elementor-widget elementor-widget-heading\" data-id=\"e68bf1d\" data-element_type=\"widget\" data-e-type=\"widget\" id=\"seo-word\" data-widget_type=\"heading.default\">\n\t\t\t\t<div class=\"elementor-widget-container\">\n\t\t\t\t\t<h5 class=\"elementor-heading-title elementor-size-default\">Immaterielle und materielle Sch\u00e4den\n<\/h5>\t\t\t\t<\/div>\n\t\t\t\t<\/div>\n\t\t\t\t<div class=\"elementor-element elementor-element-746d354 color-scheme-inherit text-left elementor-widget elementor-widget-text-editor\" data-id=\"746d354\" data-element_type=\"widget\" data-e-type=\"widget\" data-widget_type=\"text-editor.default\">\n\t\t\t\t<div class=\"elementor-widget-container\">\n\t\t\t\t\t\t\t\t\t<p><strong>In den Niederlanden ist die Entsch\u00e4digung nach der Untersuchungshaft ein wichtiger Bestandteil des Rechtssystems, auch wenn jemand vor Prozessbeginn vor\u00fcbergehend inhaftiert wird. Das bedeutet, dass Sie Anspruch auf Entsch\u00e4digung haben, wenn Sie zu Unrecht inhaftiert wurden, bevor Sie verurteilt wurden.<\/strong><\/p>\t\t\t\t\t\t\t\t<\/div>\n\t\t\t\t<\/div>\n\t\t\t\t<div class=\"elementor-element elementor-element-0e8f7ba elementor-widget elementor-widget-spacer\" data-id=\"0e8f7ba\" data-element_type=\"widget\" data-e-type=\"widget\" data-widget_type=\"spacer.default\">\n\t\t\t\t<div class=\"elementor-widget-container\">\n\t\t\t\t\t\t\t<div class=\"elementor-spacer\">\n\t\t\t<div class=\"elementor-spacer-inner\"><\/div>\n\t\t<\/div>\n\t\t\t\t\t\t<\/div>\n\t\t\t\t<\/div>\n\t\t\t\t<div class=\"elementor-element elementor-element-aaf8981 elementor-widget elementor-widget-heading\" data-id=\"aaf8981\" data-element_type=\"widget\" data-e-type=\"widget\" data-widget_type=\"heading.default\">\n\t\t\t\t<div class=\"elementor-widget-container\">\n\t\t\t\t\t<h3 class=\"elementor-heading-title elementor-size-default\">Entsch\u00e4digung f\u00fcr unrechtm\u00e4\u00dfige Inhaftierung<\/h3>\t\t\t\t<\/div>\n\t\t\t\t<\/div>\n\t\t\t\t<div class=\"elementor-element elementor-element-ed29cee color-scheme-inherit text-left elementor-widget elementor-widget-text-editor\" data-id=\"ed29cee\" data-element_type=\"widget\" data-e-type=\"widget\" data-widget_type=\"text-editor.default\">\n\t\t\t\t<div class=\"elementor-widget-container\">\n\t\t\t\t\t\t\t\t\t<p>Wir sprechen von 'Entsch\u00e4digung nach der Untersuchungshaft', wenn Sie vor\u00fcbergehend im Gef\u00e4ngnis waren, obwohl Sie noch nicht wegen einer Straftat verurteilt wurden. <a href=\"https:\/\/www.derbedrosian.nl\/de\/gerichtsbarkeiten\/strafrecht\/verbrechen\/\">Verbrechen<\/a> und es stellt sich sp\u00e4ter heraus, dass Sie unschuldig sind. Dann haben Sie Anspruch auf eine Art finanzielle Entsch\u00e4digung. Diese soll Sie f\u00fcr alle Probleme oder Kosten entsch\u00e4digen, die Ihnen w\u00e4hrend der Untersuchungshaft entstanden sind, z. B. den Verlust Ihres Arbeitsplatzes, Stress oder Anwaltskosten.\u00a0<\/p>\t\t\t\t\t\t\t\t<\/div>\n\t\t\t\t<\/div>\n\t\t\t\t<div class=\"elementor-element elementor-element-a0a925d elementor-widget elementor-widget-spacer\" data-id=\"a0a925d\" data-element_type=\"widget\" data-e-type=\"widget\" data-widget_type=\"spacer.default\">\n\t\t\t\t<div class=\"elementor-widget-container\">\n\t\t\t\t\t\t\t<div class=\"elementor-spacer\">\n\t\t\t<div class=\"elementor-spacer-inner\"><\/div>\n\t\t<\/div>\n\t\t\t\t\t\t<\/div>\n\t\t\t\t<\/div>\n\t\t\t\t<div class=\"elementor-element elementor-element-115a4a3 elementor-widget elementor-widget-heading\" data-id=\"115a4a3\" data-element_type=\"widget\" data-e-type=\"widget\" data-widget_type=\"heading.default\">\n\t\t\t\t<div class=\"elementor-widget-container\">\n\t\t\t\t\t<h3 class=\"elementor-heading-title elementor-size-default\"> Materielle und immaterielle Sch\u00e4den\n<\/h3>\t\t\t\t<\/div>\n\t\t\t\t<\/div>\n\t\t\t\t<div class=\"elementor-element elementor-element-90bf32d color-scheme-inherit text-left elementor-widget elementor-widget-text-editor\" data-id=\"90bf32d\" data-element_type=\"widget\" data-e-type=\"widget\" data-widget_type=\"text-editor.default\">\n\t\t\t\t<div class=\"elementor-widget-container\">\n\t\t\t\t\t\t\t\t\t<p>Der Anspruch auf materiellen und immateriellen Schadenersatz bedeutet, dass Sie nicht nur f\u00fcr materielle Kosten wie den Verlust Ihrer Wohnung, Reisekosten und Umzugskosten entsch\u00e4digt werden k\u00f6nnen, sondern auch f\u00fcr die emotionalen Auswirkungen, die die Untersuchungshaft f\u00fcr Sie hatte.<\/p><ul><li><strong>Material:<\/strong> Wenn es um materielle Kosten geht, wie z.B. Hausverlust, Reise- und Umzugskosten, ist es wichtig, dass Sie diese Kosten ordnungsgem\u00e4\u00df nachweisen k\u00f6nnen. Das bedeutet, dass Sie in der Lage sein m\u00fcssen, diese Kosten zu belegen, z. B. durch Quittungen und Belege f\u00fcr Ihre Ausgaben.<\/li><li><strong>Reisekosten:<\/strong> Reisekosten werden in der Regel zu einem Satz von 0,28 \u20ac pro Kilometer f\u00fcr Anh\u00f6rungen erstattet. Wenn Sie aufgrund der Tage, die Sie in Untersuchungshaft verbracht haben, Einkommensverluste erlitten haben, haben Sie m\u00f6glicherweise auch Anspruch auf eine Entsch\u00e4digung f\u00fcr verpasste Arbeit. Damit soll sichergestellt werden, dass Sie durch die Zeit, die Sie f\u00fcr Ihren Fall aufgewendet haben, keine finanziellen Nachteile erleiden.<\/li><\/ul><p>Kurz gesagt, es ist wichtig zu wissen, dass es Geb\u00fchren gibt, die sowohl die materiellen Kosten als auch die emotionalen Auswirkungen der Untersuchungshaft abdecken, aber es erfordert eine sorgf\u00e4ltige Dokumentation und Beweise, um diese Geb\u00fchren geltend zu machen.<\/p>\t\t\t\t\t\t\t\t<\/div>\n\t\t\t\t<\/div>\n\t\t\t\t<div class=\"elementor-element elementor-element-31e3082 elementor-widget elementor-widget-spacer\" data-id=\"31e3082\" data-element_type=\"widget\" data-e-type=\"widget\" data-widget_type=\"spacer.default\">\n\t\t\t\t<div class=\"elementor-widget-container\">\n\t\t\t\t\t\t\t<div class=\"elementor-spacer\">\n\t\t\t<div class=\"elementor-spacer-inner\"><\/div>\n\t\t<\/div>\n\t\t\t\t\t\t<\/div>\n\t\t\t\t<\/div>\n\t\t\t\t<div class=\"elementor-element elementor-element-a3cc134 elementor-widget elementor-widget-heading\" data-id=\"a3cc134\" data-element_type=\"widget\" data-e-type=\"widget\" data-widget_type=\"heading.default\">\n\t\t\t\t<div class=\"elementor-widget-container\">\n\t\t\t\t\t<h3 class=\"elementor-heading-title elementor-size-default\">Berechnung des Schadensersatzes<\/h3>\t\t\t\t<\/div>\n\t\t\t\t<\/div>\n\t\t\t\t<div class=\"elementor-element elementor-element-e2721da color-scheme-inherit text-left elementor-widget elementor-widget-text-editor\" data-id=\"e2721da\" data-element_type=\"widget\" data-e-type=\"widget\" data-widget_type=\"text-editor.default\">\n\t\t\t\t<div class=\"elementor-widget-container\">\n\t\t\t\t\t\t\t\t\t<p>In den meisten F\u00e4llen betr\u00e4gt das Taschengeld 105,00 \u20ac pro Tag f\u00fcr Polizeigewahrsam oder Untersuchungshaft und 80,00 \u20ac pro Tag in einer Haftanstalt. Im Falle von Einschr\u00e4nkungen oder einer besonders gesicherten Einrichtung werden ebenfalls 105,00 \u20ac pro Tag gezahlt.<\/p><ul><li><strong>Ausnahmen f\u00fcr h\u00f6here Verg\u00fctungen:<\/strong> Manchmal haben Sie Anspruch auf eine h\u00f6here Entsch\u00e4digung, z. B. bei schwerwiegenden Verdachtsmomenten, Medienaufmerksamkeit, dauerhafter Stigmatisierung oder langen Haftstrafen.<\/li><li><strong>Antrag auf Schadensersatz:<\/strong>\u00a0im Falle einer unrechtm\u00e4\u00dfigen Inhaftierung, kontaktieren Sie sofort unsere Anw\u00e4lte. Sie werden einen Antrag auf Entsch\u00e4digung vorbereiten und k\u00f6nnen die Kosten erstatten, wenn der Fall auf Stundenbasis bearbeitet wird. Auch die Kosten f\u00fcr die Petition werden erstattet.<\/li><\/ul>\t\t\t\t\t\t\t\t<\/div>\n\t\t\t\t<\/div>\n\t\t\t\t<div class=\"elementor-element elementor-element-4208b50 elementor-widget elementor-widget-spacer\" data-id=\"4208b50\" data-element_type=\"widget\" data-e-type=\"widget\" data-widget_type=\"spacer.default\">\n\t\t\t\t<div class=\"elementor-widget-container\">\n\t\t\t\t\t\t\t<div class=\"elementor-spacer\">\n\t\t\t<div class=\"elementor-spacer-inner\"><\/div>\n\t\t<\/div>\n\t\t\t\t\t\t<\/div>\n\t\t\t\t<\/div>\n\t\t\t\t<div class=\"elementor-element elementor-element-e162525 elementor-widget elementor-widget-heading\" data-id=\"e162525\" data-element_type=\"widget\" data-e-type=\"widget\" data-widget_type=\"heading.default\">\n\t\t\t\t<div class=\"elementor-widget-container\">\n\t\t\t\t\t<h3 class=\"elementor-heading-title elementor-size-default\">H\u00f6here Verg\u00fctung<\/h3>\t\t\t\t<\/div>\n\t\t\t\t<\/div>\n\t\t\t\t<div class=\"elementor-element elementor-element-f1b5210 color-scheme-inherit text-left elementor-widget elementor-widget-text-editor\" data-id=\"f1b5210\" data-element_type=\"widget\" data-e-type=\"widget\" data-widget_type=\"text-editor.default\">\n\t\t\t\t<div class=\"elementor-widget-container\">\n\t\t\t\t\t\t\t\t\t<p>Bei der Festlegung der Entsch\u00e4digung werden alle relevanten Fakten und Umst\u00e4nde ber\u00fccksichtigt. Wenn Sie als Gesch\u00e4ftsinhaber Einkommensverluste erlitten haben, k\u00f6nnen auch diese geltend gemacht werden. Es ist wichtig, dass Sie alle Ihre Entsch\u00e4digungskosten mit schriftlichen Belegen ordnungsgem\u00e4\u00df nachweisen.<\/p><p>Es gibt Gerichtsurteile, die bestimmte Situationen beschreiben, in denen eine h\u00f6here Entsch\u00e4digung erfolgreich war. Hier sind einige Beispiele:<\/p><ul><li><strong>Verdacht auf ein Verbrechen:<\/strong> wenn ein ernsthafter Verdacht auf ein Verbrechen besteht.<\/li><li><strong>Aufmerksamkeit der Medien:<\/strong> wenn der Fall national oder international viel Aufmerksamkeit in den Medien erregt hat.<\/li><li><strong>Dienstleistungen f\u00fcr die psychische Gesundheit:<\/strong> wenn die Inhaftierung des Angeklagten dazu f\u00fchrt, dass eine psychiatrische Behandlung erforderlich ist.<\/li><li><strong>Die Stigmatisierung des Angeklagten als \"T\u00e4ter\":<\/strong> wenn der Angeklagte st\u00e4ndig als schuldig stigmatisiert wird, kann sich dies auf die Entsch\u00e4digung auswirken, indem sein Status negativ beeintr\u00e4chtigt wird.<\/li><li><strong>Verurteilt zu einer extrem langen Haftstrafe:<\/strong> wenn eine erste Verurteilung des Angeklagten mit einer extrem langen Haftstrafe verbunden ist.<\/li><\/ul>\t\t\t\t\t\t\t\t<\/div>\n\t\t\t\t<\/div>\n\t\t\t\t<div class=\"elementor-element elementor-element-1e90487 elementor-widget elementor-widget-spacer\" data-id=\"1e90487\" data-element_type=\"widget\" data-e-type=\"widget\" data-widget_type=\"spacer.default\">\n\t\t\t\t<div class=\"elementor-widget-container\">\n\t\t\t\t\t\t\t<div class=\"elementor-spacer\">\n\t\t\t<div class=\"elementor-spacer-inner\"><\/div>\n\t\t<\/div>\n\t\t\t\t\t\t<\/div>\n\t\t\t\t<\/div>\n\t\t\t\t<div class=\"elementor-element elementor-element-3bc2426 elementor-widget elementor-widget-heading\" data-id=\"3bc2426\" data-element_type=\"widget\" data-e-type=\"widget\" data-widget_type=\"heading.default\">\n\t\t\t\t<div class=\"elementor-widget-container\">\n\t\t\t\t\t<h3 class=\"elementor-heading-title elementor-size-default\">Anwalt f\u00fcr Entsch\u00e4digung\n<\/h3>\t\t\t\t<\/div>\n\t\t\t\t<\/div>\n\t\t\t\t<div class=\"elementor-element elementor-element-3c6cb97 color-scheme-inherit text-left elementor-widget elementor-widget-text-editor\" data-id=\"3c6cb97\" data-element_type=\"widget\" data-e-type=\"widget\" data-widget_type=\"text-editor.default\">\n\t\t\t\t<div class=\"elementor-widget-container\">\n\t\t\t\t\t\t\t\t\t<p>Wenn Sie Rechtsbeistand auf der Grundlage eines Stundensatzes erhalten haben, haben Sie Anspruch auf Erstattung der gezahlten Anwaltsgeb\u00fchren. Allerdings m\u00fcssen die aufgewendeten Stunden angemessen sein und der berechnete Stundensatz muss akzeptabel sein. Die Rechnungen m\u00fcssen als Beweis f\u00fcr Ihren Anspruch vorgelegt werden.<\/p><p>Die Anw\u00e4lte der Anwaltskanzlei Derbedrosian bieten Ihnen professionellen Rechtsbeistand und k\u00f6nnen Ihnen helfen, eine starke 'Entsch\u00e4digungsklage nach Untersuchungshaft' einzureichen. Wenn Sie sich an uns wenden, werden wir Sie direkt verbinden mit <a href=\"https:\/\/www.derbedrosian.nl\/de\/rechtsanwalte-2\/\">ein erfahrener Anwalt<\/a> der Sie w\u00e4hrend des Strafverfahrens unterst\u00fctzen und beraten kann.<\/p>\t\t\t\t\t\t\t\t<\/div>\n\t\t\t\t<\/div>\n\t\t\t\t\t<\/div>\n\t\t\t\t<\/div>\n\t\t\t\t<\/div>","protected":false},"excerpt":{"rendered":"<p>schadevergoeding advocaat advocaat schadevergoeding schadevergoeding aanvragen schadevergoeding onterechte hechtenis Immateri\u00eble en materi\u00eble schadevergoeding In Nederland is schadevergoeding na voorlopige hechtenis<\/p>","protected":false},"author":1,"featured_media":0,"parent":10047,"menu_order":0,"comment_status":"closed","ping_status":"closed","template":"","meta":{"footnotes":""},"class_list":["post-10599","page","type-page","status-publish","hentry"],"_links":{"self":[{"href":"https:\/\/www.derbedrosian.nl\/de\/wp-json\/wp\/v2\/pages\/10599","targetHints":{"allow":["GET"]}}],"collection":[{"href":"https:\/\/www.derbedrosian.nl\/de\/wp-json\/wp\/v2\/pages"}],"about":[{"href":"https:\/\/www.derbedrosian.nl\/de\/wp-json\/wp\/v2\/types\/page"}],"author":[{"embeddable":true,"href":"https:\/\/www.derbedrosian.nl\/de\/wp-json\/wp\/v2\/users\/1"}],"replies":[{"embeddable":true,"href":"https:\/\/www.derbedrosian.nl\/de\/wp-json\/wp\/v2\/comments?post=10599"}],"version-history":[{"count":0,"href":"https:\/\/www.derbedrosian.nl\/de\/wp-json\/wp\/v2\/pages\/10599\/revisions"}],"up":[{"embeddable":true,"href":"https:\/\/www.derbedrosian.nl\/de\/wp-json\/wp\/v2\/pages\/10047"}],"wp:attachment":[{"href":"https:\/\/www.derbedrosian.nl\/de\/wp-json\/wp\/v2\/media?parent=10599"}],"curies":[{"name":"wp","href":"https:\/\/api.w.org\/{rel}","templated":true}]}}