{"id":10552,"date":"2023-05-26T10:20:08","date_gmt":"2023-05-26T08:20:08","guid":{"rendered":"https:\/\/derbedrosian.nl\/?page_id=10552"},"modified":"2025-12-21T14:49:06","modified_gmt":"2025-12-21T12:49:06","slug":"trunkenheit-am-steuer","status":"publish","type":"page","link":"https:\/\/www.derbedrosian.nl\/de\/rechtsgebieden\/strafrecht\/rijden-onder-invloed\/","title":{"rendered":"Fahren unter Alkoholeinfluss"},"content":{"rendered":"<div data-elementor-type=\"wp-page\" data-elementor-id=\"10552\" class=\"elementor elementor-10552\" data-elementor-post-type=\"page\">\n\t\t\t\t<div class=\"wd-negative-gap elementor-element elementor-element-1266d6a e-flex e-con-boxed e-con e-parent\" data-id=\"1266d6a\" data-element_type=\"container\" data-e-type=\"container\">\n\t\t\t\t\t<div class=\"e-con-inner\">\n\t\t\t\t<div class=\"elementor-element elementor-element-28fd8c0 elementor-hidden-desktop elementor-hidden-tablet elementor-hidden-mobile elementor-widget elementor-widget-wd_image_or_svg\" data-id=\"28fd8c0\" data-element_type=\"widget\" data-e-type=\"widget\" id=\"seo-word\" data-widget_type=\"wd_image_or_svg.default\">\n\t\t\t\t<div class=\"elementor-widget-container\">\n\t\t\t\t\t\n\t\t<div class=\"wd-image text-left\">\n\t\t\t\t\t\t\t\t<img loading=\"lazy\" decoding=\"async\" width=\"1000\" height=\"667\" src=\"https:\/\/www.derbedrosian.nl\/wp-content\/uploads\/rechtsgebied-rijden-onder-invloed.jpg\" class=\"attachment-full size-full\" alt=\"Alkohol am Steuer Anwalt Polizei F\u00fchrerschein beschlagnahmt Vorstrafen Entzug der Fahrerlaubnis\" srcset=\"https:\/\/www.derbedrosian.nl\/wp-content\/uploads\/rechtsgebied-rijden-onder-invloed.jpg 1000w, https:\/\/www.derbedrosian.nl\/wp-content\/uploads\/rechtsgebied-rijden-onder-invloed-400x267.jpg 400w, https:\/\/www.derbedrosian.nl\/wp-content\/uploads\/rechtsgebied-rijden-onder-invloed-768x512.jpg 768w\" sizes=\"auto, (max-width: 1000px) 100vw, 1000px\" title=\"\">\t\t\t\t\t<\/div>\n\n\t\t\t\t\t\t<\/div>\n\t\t\t\t<\/div>\n\t\t\t\t<div class=\"elementor-element elementor-element-da07702 elementor-hidden-desktop elementor-hidden-tablet elementor-hidden-mobile elementor-widget elementor-widget-heading\" data-id=\"da07702\" data-element_type=\"widget\" data-e-type=\"widget\" id=\"seo-word\" data-widget_type=\"heading.default\">\n\t\t\t\t<div class=\"elementor-widget-container\">\n\t\t\t\t\t<h2 class=\"elementor-heading-title elementor-size-default\">Anwalt f\u00fcr Alkohol am Steuer<\/h2>\t\t\t\t<\/div>\n\t\t\t\t<\/div>\n\t\t\t\t<div class=\"elementor-element elementor-element-0d65570 elementor-hidden-desktop elementor-hidden-tablet elementor-hidden-mobile elementor-widget elementor-widget-heading\" data-id=\"0d65570\" data-element_type=\"widget\" data-e-type=\"widget\" id=\"seo-word\" data-widget_type=\"heading.default\">\n\t\t\t\t<div class=\"elementor-widget-container\">\n\t\t\t\t\t<h5 class=\"elementor-heading-title elementor-size-default\">Anwalt f\u00fcr Trunkenheit am Steuer<\/h5>\t\t\t\t<\/div>\n\t\t\t\t<\/div>\n\t\t\t\t<div class=\"elementor-element elementor-element-0e2acd9 elementor-hidden-desktop elementor-hidden-tablet elementor-hidden-mobile elementor-widget elementor-widget-heading\" data-id=\"0e2acd9\" data-element_type=\"widget\" data-e-type=\"widget\" id=\"seo-word\" data-widget_type=\"heading.default\">\n\t\t\t\t<div class=\"elementor-widget-container\">\n\t\t\t\t\t<h5 class=\"elementor-heading-title elementor-size-default\">Polizei wegen Trunkenheit am Steuer<\/h5>\t\t\t\t<\/div>\n\t\t\t\t<\/div>\n\t\t\t\t<div class=\"elementor-element elementor-element-3006f94 elementor-hidden-desktop elementor-hidden-tablet elementor-hidden-mobile elementor-widget elementor-widget-heading\" data-id=\"3006f94\" data-element_type=\"widget\" data-e-type=\"widget\" id=\"seo-word\" data-widget_type=\"heading.default\">\n\t\t\t\t<div class=\"elementor-widget-container\">\n\t\t\t\t\t<h5 class=\"elementor-heading-title elementor-size-default\">F\u00fchrerschein beschlagnahmt<\/h5>\t\t\t\t<\/div>\n\t\t\t\t<\/div>\n\t\t\t\t<div class=\"elementor-element elementor-element-4c541a4 elementor-hidden-desktop elementor-hidden-tablet elementor-hidden-mobile elementor-widget elementor-widget-heading\" data-id=\"4c541a4\" data-element_type=\"widget\" data-e-type=\"widget\" id=\"seo-word\" data-widget_type=\"heading.default\">\n\t\t\t\t<div class=\"elementor-widget-container\">\n\t\t\t\t\t<h5 class=\"elementor-heading-title elementor-size-default\">Anwalt Strafrecht Overijssel<\/h5>\t\t\t\t<\/div>\n\t\t\t\t<\/div>\n\t\t\t\t<div class=\"elementor-element elementor-element-e0d95f5 elementor-hidden-desktop elementor-hidden-tablet elementor-hidden-mobile elementor-widget elementor-widget-heading\" data-id=\"e0d95f5\" data-element_type=\"widget\" data-e-type=\"widget\" id=\"seo-word\" data-widget_type=\"heading.default\">\n\t\t\t\t<div class=\"elementor-widget-container\">\n\t\t\t\t\t<h5 class=\"elementor-heading-title elementor-size-default\">Anwalt Strafrecht Enschede<\/h5>\t\t\t\t<\/div>\n\t\t\t\t<\/div>\n\t\t\t\t<div class=\"elementor-element elementor-element-609d2ce elementor-hidden-desktop elementor-hidden-tablet elementor-hidden-mobile elementor-widget elementor-widget-heading\" data-id=\"609d2ce\" data-element_type=\"widget\" data-e-type=\"widget\" id=\"seo-word\" data-widget_type=\"heading.default\">\n\t\t\t\t<div class=\"elementor-widget-container\">\n\t\t\t\t\t<h5 class=\"elementor-heading-title elementor-size-default\">Strafrecht enschede<\/h5>\t\t\t\t<\/div>\n\t\t\t\t<\/div>\n\t\t\t\t<div class=\"elementor-element elementor-element-3830399 elementor-hidden-desktop elementor-hidden-tablet elementor-hidden-mobile elementor-widget elementor-widget-heading\" data-id=\"3830399\" data-element_type=\"widget\" data-e-type=\"widget\" id=\"seo-word\" data-widget_type=\"heading.default\">\n\t\t\t\t<div class=\"elementor-widget-container\">\n\t\t\t\t\t<h5 class=\"elementor-heading-title elementor-size-default\">Anwalt f\u00fcr Strafrecht enschede<\/h5>\t\t\t\t<\/div>\n\t\t\t\t<\/div>\n\t\t\t\t<div class=\"elementor-element elementor-element-038f3a9 elementor-hidden-desktop elementor-hidden-tablet elementor-hidden-mobile elementor-widget elementor-widget-heading\" data-id=\"038f3a9\" data-element_type=\"widget\" data-e-type=\"widget\" id=\"seo-word\" data-widget_type=\"heading.default\">\n\t\t\t\t<div class=\"elementor-widget-container\">\n\t\t\t\t\t<h5 class=\"elementor-heading-title elementor-size-default\">kann ich am Verkehr teilnehmen<\/h5>\t\t\t\t<\/div>\n\t\t\t\t<\/div>\n\t\t\t\t<div class=\"elementor-element elementor-element-19eb044 elementor-hidden-desktop elementor-hidden-tablet elementor-hidden-mobile elementor-widget elementor-widget-heading\" data-id=\"19eb044\" data-element_type=\"widget\" data-e-type=\"widget\" id=\"seo-word\" data-widget_type=\"heading.default\">\n\t\t\t\t<div class=\"elementor-widget-container\">\n\t\t\t\t\t<h5 class=\"elementor-heading-title elementor-size-default\">Wenn Sie in Enschede und Overijssel Rechtsbeistand in Bezug auf Alkohol am Steuer ben\u00f6tigen, vertrauen Sie auf die Expertise der Strafrechtsanw\u00e4lte von Derbedrosian Criminal Lawyers. Unsere Anw\u00e4lte in Enschede sind auf Strafsachen spezialisiert und verf\u00fcgen \u00fcber umfangreiche Erfahrung in F\u00e4llen, in denen der F\u00fchrerschein wegen Trunkenheit am Steuer beschlagnahmt worden ist.\n\nWenn Sie wegen Trunkenheit am Steuer mit der Polizei in Kontakt kommen, kann das schwerwiegende rechtliche Konsequenzen haben, einschlie\u00dflich der Beschlagnahme Ihres F\u00fchrerscheins. In einer solchen Situation ist es unerl\u00e4sslich, sich sofort rechtlich beraten zu lassen und einen auf Alkohol am Steuer spezialisierten Anwalt einzuschalten.\n\nUnsere Anw\u00e4lte in Enschede helfen Ihnen und bieten Ihnen die richtige rechtliche Unterst\u00fctzung, um Ihren Fall zu bearbeiten und Ihre Interessen zu vertreten. Wenn Sie sich in einer solchen Situation befinden, wenden Sie sich an Derbedrosian Criminal Lawyers, um fachkundige juristische Unterst\u00fctzung zu erhalten.\n\n\n\n\n<\/h5>\t\t\t\t<\/div>\n\t\t\t\t<\/div>\n\t\t\t\t<div class=\"elementor-element elementor-element-fc7d042 color-scheme-inherit text-left elementor-widget elementor-widget-text-editor\" data-id=\"fc7d042\" data-element_type=\"widget\" data-e-type=\"widget\" data-widget_type=\"text-editor.default\">\n\t\t\t\t<div class=\"elementor-widget-container\">\n\t\t\t\t\t\t\t\t\t<p><strong>Fahren unter dem Einfluss von Drogen oder Alkohol? Die Niederlande nehmen Verkehrsverst\u00f6\u00dfe, die die Sicherheit im Stra\u00dfenverkehr gef\u00e4hrden, sehr ernst. In den Niederlanden gibt es strenge Gesetze und Regeln f\u00fcr das Fahren unter Alkohol- und Drogeneinfluss. Zu diesen Regeln geh\u00f6ren gesetzliche Grenzwerte, Konsequenzen f\u00fcr Verst\u00f6\u00dfe und Durchsetzungsma\u00dfnahmen.<\/strong><\/p>\t\t\t\t\t\t\t\t<\/div>\n\t\t\t\t<\/div>\n\t\t\t\t<div class=\"elementor-element elementor-element-d3a126b elementor-widget elementor-widget-spacer\" data-id=\"d3a126b\" data-element_type=\"widget\" data-e-type=\"widget\" data-widget_type=\"spacer.default\">\n\t\t\t\t<div class=\"elementor-widget-container\">\n\t\t\t\t\t\t\t<div class=\"elementor-spacer\">\n\t\t\t<div class=\"elementor-spacer-inner\"><\/div>\n\t\t<\/div>\n\t\t\t\t\t\t<\/div>\n\t\t\t\t<\/div>\n\t\t\t\t<div class=\"elementor-element elementor-element-1717937 elementor-widget elementor-widget-heading\" data-id=\"1717937\" data-element_type=\"widget\" data-e-type=\"widget\" data-widget_type=\"heading.default\">\n\t\t\t\t<div class=\"elementor-widget-container\">\n\t\t\t\t\t<h3 class=\"elementor-heading-title elementor-size-default\">Was ist Alkohol am Steuer?<\/h3>\t\t\t\t<\/div>\n\t\t\t\t<\/div>\n\t\t\t\t<div class=\"elementor-element elementor-element-2f80684 color-scheme-inherit text-left elementor-widget elementor-widget-text-editor\" data-id=\"2f80684\" data-element_type=\"widget\" data-e-type=\"widget\" data-widget_type=\"text-editor.default\">\n\t\t\t\t<div class=\"elementor-widget-container\">\n\t\t\t\t\t\t\t\t\t<p>Fahren unter Alkoholeinfluss liegt vor, wenn jemand vor dem Fahren zu viel Alkohol trinkt, Drogen nimmt oder bestimmte Medikamente einnimmt. Wenn Sie beim Fahren unter Alkoholeinfluss erwischt werden, kann das schwerwiegende Folgen haben. In den Niederlanden gilt dies als Straftat und kann zu einem Vorstrafenregister f\u00fchren. Sie k\u00f6nnen auch Ihren F\u00fchrerschein verlieren und m\u00fcssen mit Ma\u00dfnahmen der CBR rechnen.<\/p><p>Die Strafen f\u00fcr dieses Vergehen k\u00f6nnen Ihr pers\u00f6nliches Leben und Ihre Karriere erheblich beeintr\u00e4chtigen. Es ist wichtig, dass Sie sich in einer solchen Situation sofort an einen Anwalt wenden.<\/p>\t\t\t\t\t\t\t\t<\/div>\n\t\t\t\t<\/div>\n\t\t\t\t<div class=\"elementor-element elementor-element-e5b4ae1 elementor-widget elementor-widget-spacer\" data-id=\"e5b4ae1\" data-element_type=\"widget\" data-e-type=\"widget\" data-widget_type=\"spacer.default\">\n\t\t\t\t<div class=\"elementor-widget-container\">\n\t\t\t\t\t\t\t<div class=\"elementor-spacer\">\n\t\t\t<div class=\"elementor-spacer-inner\"><\/div>\n\t\t<\/div>\n\t\t\t\t\t\t<\/div>\n\t\t\t\t<\/div>\n\t\t\t\t<div class=\"elementor-element elementor-element-3e6586f elementor-widget elementor-widget-heading\" data-id=\"3e6586f\" data-element_type=\"widget\" data-e-type=\"widget\" data-widget_type=\"heading.default\">\n\t\t\t\t<div class=\"elementor-widget-container\">\n\t\t\t\t\t<h3 class=\"elementor-heading-title elementor-size-default\">Entzug der Fahrerlaubnis <\/h3>\t\t\t\t<\/div>\n\t\t\t\t<\/div>\n\t\t\t\t<div class=\"elementor-element elementor-element-15e6b19 color-scheme-inherit text-left elementor-widget elementor-widget-text-editor\" data-id=\"15e6b19\" data-element_type=\"widget\" data-e-type=\"widget\" data-widget_type=\"text-editor.default\">\n\t\t\t\t<div class=\"elementor-widget-container\">\n\t\t\t\t\t\t\t\t\t<p>Es ist illegal, ein Fahrzeug zu f\u00fchren, w\u00e4hrend Sie unter dem Einfluss von Alkohol, Drogen oder bestimmten Medikamenten stehen, die die Fahrt\u00fcchtigkeit beeinflussen k\u00f6nnen. Die Strafe h\u00e4ngt von der H\u00f6he des Alko-holkonsums ab. In den meisten F\u00e4llen wird ein Bu\u00dfgeld verh\u00e4ngt, aber wenn der Blutalkoholspiegel 1,3 \u00fcbersteigt, beantragt der Staatsanwalt in der Regel beim Richter ein Fahrverbot, das in schweren F\u00e4llen zwischen 6 Monaten und 5 Jahren betragen kann.<\/p>\t\t\t\t\t\t\t\t<\/div>\n\t\t\t\t<\/div>\n\t\t\t\t<div class=\"elementor-element elementor-element-0fff3b6 elementor-widget elementor-widget-spacer\" data-id=\"0fff3b6\" data-element_type=\"widget\" data-e-type=\"widget\" data-widget_type=\"spacer.default\">\n\t\t\t\t<div class=\"elementor-widget-container\">\n\t\t\t\t\t\t\t<div class=\"elementor-spacer\">\n\t\t\t<div class=\"elementor-spacer-inner\"><\/div>\n\t\t<\/div>\n\t\t\t\t\t\t<\/div>\n\t\t\t\t<\/div>\n\t\t\t\t<div class=\"elementor-element elementor-element-dbcb558 elementor-widget elementor-widget-heading\" data-id=\"dbcb558\" data-element_type=\"widget\" data-e-type=\"widget\" data-widget_type=\"heading.default\">\n\t\t\t\t<div class=\"elementor-widget-container\">\n\t\t\t\t\t<h3 class=\"elementor-heading-title elementor-size-default\">Polizeiliches Vorgehen bei verd\u00e4chtigem Fahren<\/h3>\t\t\t\t<\/div>\n\t\t\t\t<\/div>\n\t\t\t\t<div class=\"elementor-element elementor-element-b754519 color-scheme-inherit text-left elementor-widget elementor-widget-text-editor\" data-id=\"b754519\" data-element_type=\"widget\" data-e-type=\"widget\" data-widget_type=\"text-editor.default\">\n\t\t\t\t<div class=\"elementor-widget-container\">\n\t\t\t\t\t\t\t\t\t<p>Wenn die Polizei Sie wegen Ihrer Fahrweise anh\u00e4lt, kann sie vor Ort Tests durchf\u00fchren, um Ihren Alkohol- oder Drogenkonsum zu \u00fcberpr\u00fcfen. Dies geschieht in der Regel durch einen Atemalkoholtest oder einen Speicheltest. Es gibt auch eine dritte Testm\u00f6glichkeit f\u00fcr Situationen, in denen die oben genannten Tests nicht m\u00f6glich sind. Bei diesem Test werden Ihre psychomotorischen Funktionen sowie Ihre Augen- und Sprachf\u00e4higkeiten \u00fcberpr\u00fcft. In diesem Fall pr\u00fcft ein Polizeibeamter, ob Ihre Augen noch normal aussehen, ob Sie noch normal sprechen k\u00f6nnen und ob Sie noch in geraden Linien gehen k\u00f6nnen.<\/p><p>Wenn einer dieser Tests darauf hindeutet, dass Sie zu viel Alkohol oder Drogen konsumiert haben, werden Sie wegen des Verdachts auf Alkohol am Steuer auf die Polizeiwache gebracht. Dort wird Ihre Situation durch eine Atemanalyse oder einen Bluttest weiter untersucht, um genauer zu bestimmen, wie viel Alkohol oder Drogen in Ihrem K\u00f6rper sind. Wenn dieser Wert die gesetzlichen Grenzwerte \u00fcberschreitet, kann dies zu einem Entzug der Fahrerlaubnis f\u00fchren und Sie k\u00f6nnen eine strafrechtliche Verurteilung oder eine Vorladung wegen Trunkenheit am Steuer erhalten.<\/p>\t\t\t\t\t\t\t\t<\/div>\n\t\t\t\t<\/div>\n\t\t\t\t<div class=\"elementor-element elementor-element-dfbb379 elementor-widget elementor-widget-spacer\" data-id=\"dfbb379\" data-element_type=\"widget\" data-e-type=\"widget\" data-widget_type=\"spacer.default\">\n\t\t\t\t<div class=\"elementor-widget-container\">\n\t\t\t\t\t\t\t<div class=\"elementor-spacer\">\n\t\t\t<div class=\"elementor-spacer-inner\"><\/div>\n\t\t<\/div>\n\t\t\t\t\t\t<\/div>\n\t\t\t\t<\/div>\n\t\t\t\t<div class=\"elementor-element elementor-element-a05064b elementor-widget elementor-widget-heading\" data-id=\"a05064b\" data-element_type=\"widget\" data-e-type=\"widget\" data-widget_type=\"heading.default\">\n\t\t\t\t<div class=\"elementor-widget-container\">\n\t\t\t\t\t<h3 class=\"elementor-heading-title elementor-size-default\">Grenzwerte f\u00fcr Alkohol am Steuer<\/h3>\t\t\t\t<\/div>\n\t\t\t\t<\/div>\n\t\t\t\t<div class=\"elementor-element elementor-element-9efbd9d color-scheme-inherit text-left elementor-widget elementor-widget-text-editor\" data-id=\"9efbd9d\" data-element_type=\"widget\" data-e-type=\"widget\" data-widget_type=\"text-editor.default\">\n\t\t\t\t<div class=\"elementor-widget-container\">\n\t\t\t\t\t\t\t\t\t<p>F\u00fcr mehrere Wirkstoffe wurden zul\u00e4ssige H\u00f6chstwerte festgelegt.<\/p><p><strong>Drogenkonsum:<\/strong> Wenn Sie unter Drogeneinfluss fahren und die festgelegten Grenzwerte \u00fcberschreiten, ist Ihr <a href=\"https:\/\/www.derbedrosian.nl\/de\/gerichtsbarkeiten\/strafrecht\/fuhrerschein-beschlagnahmt\/\">Der F\u00fchrerschein wird beschlagnahmt.<\/a> Dies gilt f\u00fcr die folgenden \u00dcberschreitungen, n\u00e4mlich:<\/p><ul><li>50 Mikrogramm Amphetamin<\/li><li>3 Mikrogramm Cannabis<\/li><li>20 Mikrogramm Morphin<\/li><li>10 Milligramm GHB<\/li><li>3,0 Mikrogramm THC<\/li><\/ul><p>Diese Mengen sind pro Liter Blut in Ihrem K\u00f6rper angegeben.<\/p><p><strong>Alkoholgehalt<\/strong>: wenn Ihr Blutalkoholspiegel 1,3 Promille \u00fcbersteigt. F\u00fcr Fahranf\u00e4nger liegt die Grenze bei 0,8 Promille.<\/p>\t\t\t\t\t\t\t\t<\/div>\n\t\t\t\t<\/div>\n\t\t\t\t<div class=\"elementor-element elementor-element-7b9d133 elementor-widget elementor-widget-spacer\" data-id=\"7b9d133\" data-element_type=\"widget\" data-e-type=\"widget\" data-widget_type=\"spacer.default\">\n\t\t\t\t<div class=\"elementor-widget-container\">\n\t\t\t\t\t\t\t<div class=\"elementor-spacer\">\n\t\t\t<div class=\"elementor-spacer-inner\"><\/div>\n\t\t<\/div>\n\t\t\t\t\t\t<\/div>\n\t\t\t\t<\/div>\n\t\t\t\t<div class=\"elementor-element elementor-element-61f526b elementor-widget elementor-widget-heading\" data-id=\"61f526b\" data-element_type=\"widget\" data-e-type=\"widget\" data-widget_type=\"heading.default\">\n\t\t\t\t<div class=\"elementor-widget-container\">\n\t\t\t\t\t<h3 class=\"elementor-heading-title elementor-size-default\">Erscheinen vor dem Polizeirichter und OM-Anh\u00f6rung<\/h3>\t\t\t\t<\/div>\n\t\t\t\t<\/div>\n\t\t\t\t<div class=\"elementor-element elementor-element-d5f6626 color-scheme-inherit text-left elementor-widget elementor-widget-text-editor\" data-id=\"d5f6626\" data-element_type=\"widget\" data-e-type=\"widget\" data-widget_type=\"text-editor.default\">\n\t\t\t\t<div class=\"elementor-widget-container\">\n\t\t\t\t\t\t\t\t\t<p>Bevor Sie einen Bu\u00dfgeldbescheid wegen Trunkenheit am Steuer erhalten, erhalten Sie in der Regel zun\u00e4chst eine Einladung der Staatsanwaltschaft zu einer Anh\u00f6rung, in der der Staatsanwalt Ihnen mitteilt, welche Strafe er gegen Sie zu verh\u00e4ngen gedenkt.<\/p><p>Wenn Sie mit der von der Staatsanwaltschaft verh\u00e4ngten Strafe nicht einverstanden sind, k\u00f6nnen Sie Einspruch einlegen, was zu einer Vorladung zu einer Anh\u00f6rung vor dem Polizeigericht f\u00fchrt.<br \/>Es gibt auch F\u00e4lle, in denen der Polizeirichter direkt an einem Fall beteiligt ist. Sie erhalten dann keine Einladung zur OM-Anh\u00f6rung, sondern werden direkt vor den Polizeirichter geladen. Dies geschieht nur in schwerwiegenden F\u00e4llen, z.B. bei starkem Alkoholkonsum oder Wiederholungsdelikten.<\/p>\t\t\t\t\t\t\t\t<\/div>\n\t\t\t\t<\/div>\n\t\t\t\t<div class=\"elementor-element elementor-element-1b3ff3a elementor-widget elementor-widget-spacer\" data-id=\"1b3ff3a\" data-element_type=\"widget\" data-e-type=\"widget\" data-widget_type=\"spacer.default\">\n\t\t\t\t<div class=\"elementor-widget-container\">\n\t\t\t\t\t\t\t<div class=\"elementor-spacer\">\n\t\t\t<div class=\"elementor-spacer-inner\"><\/div>\n\t\t<\/div>\n\t\t\t\t\t\t<\/div>\n\t\t\t\t<\/div>\n\t\t\t\t<div class=\"elementor-element elementor-element-911b591 elementor-widget elementor-widget-heading\" data-id=\"911b591\" data-element_type=\"widget\" data-e-type=\"widget\" data-widget_type=\"heading.default\">\n\t\t\t\t<div class=\"elementor-widget-container\">\n\t\t\t\t\t<h3 class=\"elementor-heading-title elementor-size-default\">Punkte F\u00fchrerschein<\/h3>\t\t\t\t<\/div>\n\t\t\t\t<\/div>\n\t\t\t\t<div class=\"elementor-element elementor-element-8a6f7f8 color-scheme-inherit text-left elementor-widget elementor-widget-text-editor\" data-id=\"8a6f7f8\" data-element_type=\"widget\" data-e-type=\"widget\" data-widget_type=\"text-editor.default\">\n\t\t\t\t<div class=\"elementor-widget-container\">\n\t\t\t\t\t\t\t\t\tDer Punktef\u00fchrerschein ist ein System, das f\u00fcr alle Fahrer gilt, um Alkohol am Steuer zu verhindern. Wenn Sie innerhalb von f\u00fcnf Jahren zweimal mit einem Blutalkoholwert von mindestens 1,3 erwischt werden, verlieren Sie Ihren F\u00fchrerschein. Lesen Sie mehr \u00fcber den Punktef\u00fchrerschein.\n\n\t\t\t\t\t\t\t\t<\/div>\n\t\t\t\t<\/div>\n\t\t\t\t<div class=\"elementor-element elementor-element-79bc39b elementor-widget elementor-widget-spacer\" data-id=\"79bc39b\" data-element_type=\"widget\" data-e-type=\"widget\" data-widget_type=\"spacer.default\">\n\t\t\t\t<div class=\"elementor-widget-container\">\n\t\t\t\t\t\t\t<div class=\"elementor-spacer\">\n\t\t\t<div class=\"elementor-spacer-inner\"><\/div>\n\t\t<\/div>\n\t\t\t\t\t\t<\/div>\n\t\t\t\t<\/div>\n\t\t\t\t<div class=\"elementor-element elementor-element-163cff7 elementor-widget elementor-widget-heading\" data-id=\"163cff7\" data-element_type=\"widget\" data-e-type=\"widget\" data-widget_type=\"heading.default\">\n\t\t\t\t<div class=\"elementor-widget-container\">\n\t\t\t\t\t<h3 class=\"elementor-heading-title elementor-size-default\">R\u00fcckforderung des F\u00fchrerscheins durch Beschwerde<\/h3>\t\t\t\t<\/div>\n\t\t\t\t<\/div>\n\t\t\t\t<div class=\"elementor-element elementor-element-268b21f color-scheme-inherit text-left elementor-widget elementor-widget-text-editor\" data-id=\"268b21f\" data-element_type=\"widget\" data-e-type=\"widget\" data-widget_type=\"text-editor.default\">\n\t\t\t\t<div class=\"elementor-widget-container\">\n\t\t\t\t\t\t\t\t\t<p>Nach der Beschlagnahme Ihres F\u00fchrerscheins wird der Fall an die Staatsanwaltschaft weitergeleitet, die innerhalb von 10 Tagen \u00fcber die Einbehaltung Ihres F\u00fchrerscheins entscheidet. Der Fall wird innerhalb von sechs Monaten dem Gericht vorgelegt. Der Staatsanwalt kann auch beschlie\u00dfen, Ihren F\u00fchrerschein an die CBR weiterzuleiten, insbesondere in F\u00e4llen von hohem Blutalkoholspiegel, Drogenkonsum oder Wiederholungstaten.<\/p><p>Es ist wichtig, dass Sie so schnell wie m\u00f6glich eine Beschwerde f\u00fcr die R\u00fcckgabe Ihres F\u00fchrerscheins einreichen. Eine Beschwerde ist ein Brief, den eine Person an das Gericht schreibt, um sich zu beschweren oder gegen etwas zu protestieren, das eine Regierungsbeh\u00f6rde entschieden hat.<\/p>\t\t\t\t\t\t\t\t<\/div>\n\t\t\t\t<\/div>\n\t\t\t\t<div class=\"elementor-element elementor-element-ad59f66 elementor-widget elementor-widget-spacer\" data-id=\"ad59f66\" data-element_type=\"widget\" data-e-type=\"widget\" data-widget_type=\"spacer.default\">\n\t\t\t\t<div class=\"elementor-widget-container\">\n\t\t\t\t\t\t\t<div class=\"elementor-spacer\">\n\t\t\t<div class=\"elementor-spacer-inner\"><\/div>\n\t\t<\/div>\n\t\t\t\t\t\t<\/div>\n\t\t\t\t<\/div>\n\t\t\t\t<div class=\"elementor-element elementor-element-61ebe16 elementor-widget elementor-widget-heading\" data-id=\"61ebe16\" data-element_type=\"widget\" data-e-type=\"widget\" data-widget_type=\"heading.default\">\n\t\t\t\t<div class=\"elementor-widget-container\">\n\t\t\t\t\t<h3 class=\"elementor-heading-title elementor-size-default\">Anwalt Alkohol am Steuer<\/h3>\t\t\t\t<\/div>\n\t\t\t\t<\/div>\n\t\t\t\t<div class=\"elementor-element elementor-element-d10e8b1 color-scheme-inherit text-left elementor-widget elementor-widget-text-editor\" data-id=\"d10e8b1\" data-element_type=\"widget\" data-e-type=\"widget\" data-widget_type=\"text-editor.default\">\n\t\t\t\t<div class=\"elementor-widget-container\">\n\t\t\t\t\t\t\t\t\t<p>Es ist daher empfehlenswert, Ihren Fall einem Anwalt vorzulegen, der Ihnen bei Ihrer Verteidigung helfen und die n\u00e4chsten Schritte festlegen kann.<\/p><p>Kontaktieren Sie einen von <a href=\"https:\/\/www.derbedrosian.nl\/de\/rechtsanwalte-2\/\">unsere erfahrenen Anw\u00e4lte<\/a> f\u00fcr eine Beratung. Unsere Anw\u00e4lte in der Anwaltskanzlei Derbedrosian verf\u00fcgen \u00fcber jahrelange Erfahrung im Verkehrsstrafrecht und werden ihr Wissen einsetzen, um das beste Ergebnis f\u00fcr Sie zu erzielen.<\/p>\t\t\t\t\t\t\t\t<\/div>\n\t\t\t\t<\/div>\n\t\t\t\t\t<\/div>\n\t\t\t\t<\/div>\n\t\t\t\t<\/div>","protected":false},"excerpt":{"rendered":"<p>Fahren unter Alkoholeinfluss Anwalt Anwalt Fahren unter Alkoholeinfluss Fahren unter Alkoholeinfluss Polizei F\u00fchrerschein beschlagnahmt Anwalt Strafrecht Overijssel Anwalt<\/p>","protected":false},"author":1,"featured_media":0,"parent":10047,"menu_order":0,"comment_status":"closed","ping_status":"closed","template":"","meta":{"footnotes":""},"class_list":["post-10552","page","type-page","status-publish","hentry"],"_links":{"self":[{"href":"https:\/\/www.derbedrosian.nl\/de\/wp-json\/wp\/v2\/pages\/10552","targetHints":{"allow":["GET"]}}],"collection":[{"href":"https:\/\/www.derbedrosian.nl\/de\/wp-json\/wp\/v2\/pages"}],"about":[{"href":"https:\/\/www.derbedrosian.nl\/de\/wp-json\/wp\/v2\/types\/page"}],"author":[{"embeddable":true,"href":"https:\/\/www.derbedrosian.nl\/de\/wp-json\/wp\/v2\/users\/1"}],"replies":[{"embeddable":true,"href":"https:\/\/www.derbedrosian.nl\/de\/wp-json\/wp\/v2\/comments?post=10552"}],"version-history":[{"count":0,"href":"https:\/\/www.derbedrosian.nl\/de\/wp-json\/wp\/v2\/pages\/10552\/revisions"}],"up":[{"embeddable":true,"href":"https:\/\/www.derbedrosian.nl\/de\/wp-json\/wp\/v2\/pages\/10047"}],"wp:attachment":[{"href":"https:\/\/www.derbedrosian.nl\/de\/wp-json\/wp\/v2\/media?parent=10552"}],"curies":[{"name":"wp","href":"https:\/\/api.w.org\/{rel}","templated":true}]}}