{"id":10523,"date":"2023-05-26T09:57:41","date_gmt":"2023-05-26T07:57:41","guid":{"rendered":"https:\/\/derbedrosian.nl\/?page_id=10523"},"modified":"2025-12-21T15:40:17","modified_gmt":"2025-12-21T13:40:17","slug":"diebstahl","status":"publish","type":"page","link":"https:\/\/www.derbedrosian.nl\/de\/rechtsgebieden\/strafrecht\/diefstal\/","title":{"rendered":"Diebstahl"},"content":{"rendered":"<div data-elementor-type=\"wp-page\" data-elementor-id=\"10523\" class=\"elementor elementor-10523\" data-elementor-post-type=\"page\">\n\t\t\t\t<div class=\"wd-negative-gap elementor-element elementor-element-7fff01d e-flex e-con-boxed e-con e-parent\" data-id=\"7fff01d\" data-element_type=\"container\" data-e-type=\"container\">\n\t\t\t\t\t<div class=\"e-con-inner\">\n\t\t\t\t<div class=\"elementor-element elementor-element-6fe2a61 elementor-hidden-desktop elementor-hidden-tablet elementor-hidden-mobile elementor-widget elementor-widget-wd_image_or_svg\" data-id=\"6fe2a61\" data-element_type=\"widget\" data-e-type=\"widget\" id=\"seo-word\" data-widget_type=\"wd_image_or_svg.default\">\n\t\t\t\t<div class=\"elementor-widget-container\">\n\t\t\t\t\t\n\t\t<div class=\"wd-image text-left\">\n\t\t\t\t\t\t\t\t<img loading=\"lazy\" decoding=\"async\" width=\"1000\" height=\"750\" src=\"https:\/\/www.derbedrosian.nl\/wp-content\/uploads\/rechtsgebied-diefstal.jpg\" class=\"attachment-full size-full\" alt=\"Diebstahl Strafe Anwalt Versicherung Bericht Polizei Strafrecht\" srcset=\"https:\/\/www.derbedrosian.nl\/wp-content\/uploads\/rechtsgebied-diefstal.jpg 1000w, https:\/\/www.derbedrosian.nl\/wp-content\/uploads\/rechtsgebied-diefstal-400x300.jpg 400w, https:\/\/www.derbedrosian.nl\/wp-content\/uploads\/rechtsgebied-diefstal-768x576.jpg 768w\" sizes=\"auto, (max-width: 1000px) 100vw, 1000px\" title=\"\">\t\t\t\t\t<\/div>\n\n\t\t\t\t\t\t<\/div>\n\t\t\t\t<\/div>\n\t\t\t\t<div class=\"elementor-element elementor-element-9bc99d8 elementor-hidden-desktop elementor-hidden-tablet elementor-hidden-mobile elementor-widget elementor-widget-heading\" data-id=\"9bc99d8\" data-element_type=\"widget\" data-e-type=\"widget\" id=\"seo-word\" data-widget_type=\"heading.default\">\n\t\t\t\t<div class=\"elementor-widget-container\">\n\t\t\t\t\t<h5 class=\"elementor-heading-title elementor-size-default\">Strafe Diebstahl<\/h5>\t\t\t\t<\/div>\n\t\t\t\t<\/div>\n\t\t\t\t<div class=\"elementor-element elementor-element-75ec799 elementor-hidden-desktop elementor-hidden-tablet elementor-hidden-mobile elementor-widget elementor-widget-heading\" data-id=\"75ec799\" data-element_type=\"widget\" data-e-type=\"widget\" id=\"seo-word\" data-widget_type=\"heading.default\">\n\t\t\t\t<div class=\"elementor-widget-container\">\n\t\t\t\t\t<h5 class=\"elementor-heading-title elementor-size-default\">Anwalt f\u00fcr Diebstahl <\/h5>\t\t\t\t<\/div>\n\t\t\t\t<\/div>\n\t\t\t\t<div class=\"elementor-element elementor-element-d2fa426 elementor-hidden-desktop elementor-hidden-tablet elementor-hidden-mobile elementor-widget elementor-widget-heading\" data-id=\"d2fa426\" data-element_type=\"widget\" data-e-type=\"widget\" id=\"seo-word\" data-widget_type=\"heading.default\">\n\t\t\t\t<div class=\"elementor-widget-container\">\n\t\t\t\t\t<h5 class=\"elementor-heading-title elementor-size-default\">Diebstahlsanzeige Polizei <\/h5>\t\t\t\t<\/div>\n\t\t\t\t<\/div>\n\t\t\t\t<div class=\"elementor-element elementor-element-c8022ec elementor-hidden-desktop elementor-hidden-tablet elementor-hidden-mobile elementor-widget elementor-widget-heading\" data-id=\"c8022ec\" data-element_type=\"widget\" data-e-type=\"widget\" id=\"seo-word\" data-widget_type=\"heading.default\">\n\t\t\t\t<div class=\"elementor-widget-container\">\n\t\t\t\t\t<h5 class=\"elementor-heading-title elementor-size-default\">Diebstahlversicherung<\/h5>\t\t\t\t<\/div>\n\t\t\t\t<\/div>\n\t\t\t\t<div class=\"elementor-element elementor-element-62a93d5 elementor-hidden-desktop elementor-hidden-tablet elementor-hidden-mobile elementor-widget elementor-widget-heading\" data-id=\"62a93d5\" data-element_type=\"widget\" data-e-type=\"widget\" id=\"seo-word\" data-widget_type=\"heading.default\">\n\t\t\t\t<div class=\"elementor-widget-container\">\n\t\t\t\t\t<h5 class=\"elementor-heading-title elementor-size-default\">Veruntreuungsbetrug<\/h5>\t\t\t\t<\/div>\n\t\t\t\t<\/div>\n\t\t\t\t<div class=\"elementor-element elementor-element-b4012a8 elementor-hidden-desktop elementor-hidden-tablet elementor-hidden-mobile elementor-widget elementor-widget-heading\" data-id=\"b4012a8\" data-element_type=\"widget\" data-e-type=\"widget\" id=\"seo-word\" data-widget_type=\"heading.default\">\n\t\t\t\t<div class=\"elementor-widget-container\">\n\t\t\t\t\t<h5 class=\"elementor-heading-title elementor-size-default\">Unterschied zwischen Diebstahl, Betrug, Hehlerei und Unterschlagung<\/h5>\t\t\t\t<\/div>\n\t\t\t\t<\/div>\n\t\t\t\t<div class=\"elementor-element elementor-element-71e6575 color-scheme-inherit text-left elementor-widget elementor-widget-text-editor\" data-id=\"71e6575\" data-element_type=\"widget\" data-e-type=\"widget\" data-widget_type=\"text-editor.default\">\n\t\t\t\t<div class=\"elementor-widget-container\">\n\t\t\t\t\t\t\t\t\t<p><strong>Diebstahl ist eine Straftat, die in den Niederlanden sehr ernst genommen wird. Da er etwa die H\u00e4lfte aller Straftaten in den Niederlanden ausmacht, ist er auch die am h\u00e4ufigsten vorkommende Art von Verbrechen.<\/strong><\/p>\t\t\t\t\t\t\t\t<\/div>\n\t\t\t\t<\/div>\n\t\t\t\t<div class=\"elementor-element elementor-element-8c6bfbd elementor-widget elementor-widget-spacer\" data-id=\"8c6bfbd\" data-element_type=\"widget\" data-e-type=\"widget\" data-widget_type=\"spacer.default\">\n\t\t\t\t<div class=\"elementor-widget-container\">\n\t\t\t\t\t\t\t<div class=\"elementor-spacer\">\n\t\t\t<div class=\"elementor-spacer-inner\"><\/div>\n\t\t<\/div>\n\t\t\t\t\t\t<\/div>\n\t\t\t\t<\/div>\n\t\t\t\t<div class=\"elementor-element elementor-element-2302821 elementor-widget elementor-widget-heading\" data-id=\"2302821\" data-element_type=\"widget\" data-e-type=\"widget\" data-widget_type=\"heading.default\">\n\t\t\t\t<div class=\"elementor-widget-container\">\n\t\t\t\t\t<h3 class=\"elementor-heading-title elementor-size-default\">Was f\u00e4llt unter Diebstahl?<\/h3>\t\t\t\t<\/div>\n\t\t\t\t<\/div>\n\t\t\t\t<div class=\"elementor-element elementor-element-c080a89 color-scheme-inherit text-left elementor-widget elementor-widget-text-editor\" data-id=\"c080a89\" data-element_type=\"widget\" data-e-type=\"widget\" data-widget_type=\"text-editor.default\">\n\t\t\t\t<div class=\"elementor-widget-container\">\n\t\t\t\t\t\t\t\t\t<p>Gem\u00e4\u00df Artikel 310 des Strafgesetzbuches f\u00e4llt Diebstahl unter folgende Straftaten: \"Wer eine Sache, die einem anderen geh\u00f6rt, ganz oder teilweise in der Absicht wegnimmt, sie sich unrechtm\u00e4\u00dfig anzueignen.\"<\/p><p>Dies bedeutet, dass ein Dieb einer anderen Person etwas ohne Erlaubnis wegnimmt. Es kann sich dabei sowohl um Dinge handeln, die Sie physisch anfassen k\u00f6nnen (materielle Gegenst\u00e4nde), wie z.B. einen Roller und ein Telefon, als auch um Dinge, die Sie nicht anfassen k\u00f6nnen (immaterielle Gegenst\u00e4nde), wie z.B. Online-Waren und Strom.<\/p>\t\t\t\t\t\t\t\t<\/div>\n\t\t\t\t<\/div>\n\t\t\t\t<div class=\"elementor-element elementor-element-06792ed elementor-widget elementor-widget-spacer\" data-id=\"06792ed\" data-element_type=\"widget\" data-e-type=\"widget\" data-widget_type=\"spacer.default\">\n\t\t\t\t<div class=\"elementor-widget-container\">\n\t\t\t\t\t\t\t<div class=\"elementor-spacer\">\n\t\t\t<div class=\"elementor-spacer-inner\"><\/div>\n\t\t<\/div>\n\t\t\t\t\t\t<\/div>\n\t\t\t\t<\/div>\n\t\t\t\t<div class=\"elementor-element elementor-element-8f42e4b elementor-widget elementor-widget-heading\" data-id=\"8f42e4b\" data-element_type=\"widget\" data-e-type=\"widget\" data-widget_type=\"heading.default\">\n\t\t\t\t<div class=\"elementor-widget-container\">\n\t\t\t\t\t<h3 class=\"elementor-heading-title elementor-size-default\">Was ist der Unterschied zwischen Diebstahl, Betrug, Hehlerei und Unterschlagung?<\/h3>\t\t\t\t<\/div>\n\t\t\t\t<\/div>\n\t\t\t\t<div class=\"elementor-element elementor-element-272881e color-scheme-inherit text-left elementor-widget elementor-widget-text-editor\" data-id=\"272881e\" data-element_type=\"widget\" data-e-type=\"widget\" data-widget_type=\"text-editor.default\">\n\t\t\t\t<div class=\"elementor-widget-container\">\n\t\t\t\t\t\t\t\t\t<p>Wie bereits erw\u00e4hnt, sprechen wir von Diebstahl, wenn ein Dieb etwas nimmt, das einem anderen geh\u00f6rt, ohne die Erlaubnis dazu zu haben.<\/p><ul><li><strong>Betrug<\/strong>: Betrug ist auch eine Form des Diebstahls, bei der F\u00e4lschungen oder T\u00e4uschungen eingesetzt werden k\u00f6nnen, um sich einen Vorteil zu verschaffen, indem das Opfer, bei dem es sich nicht nur um eine Person, sondern auch um ein Unternehmen handeln kann, verloren geht.<\/li><li><strong><a href=\"https:\/\/www.derbedrosian.nl\/de\/gerichtsbarkeiten\/strafrecht\/blackout\/\">Verdunkelung:<\/a><\/strong> ein Dieb nimmt etwas weg, w\u00e4hrend ein Veruntreuer bereits im legalen Besitz des Gutes ist. Wenn Sie zum Beispiel ein Buch ohne Erlaubnis aus einer Bibliothek nehmen, ist das Diebstahl. Wenn Sie das Buch jedoch ausleihen und es absichtlich nicht zur\u00fcckgeben, ist das Unterschlagung.<\/li><li><a href=\"https:\/\/www.derbedrosian.nl\/de\/gerichtsbarkeiten\/strafrecht\/heilung\/\"><strong>Heilung:<\/strong> <\/a>Hehlerei liegt vor, wenn Sie eine Ware erwerben, besitzen oder \u00fcbertragen, obwohl Sie wussten oder h\u00e4tten wissen m\u00fcssen, dass die Ware aus einem Verbrechen stammt. Wenn Sie also ein gestohlenes Fahrrad kaufen, machen Sie sich der Hehlerei schuldig. Dies gilt auch, wenn Sie ein Fahrrad von jemandem kaufen, den Sie verd\u00e4chtigen, gestohlen zu sein.<\/li><\/ul><p>Es ist verst\u00e4ndlich, dass all diese Begriffe und Unterschiede f\u00fcr Sie sehr verwirrend sein k\u00f6nnen. Wenn Sie uns kontaktieren, k\u00f6nnen Sie uns weitere Fragen stellen.<\/p>\t\t\t\t\t\t\t\t<\/div>\n\t\t\t\t<\/div>\n\t\t\t\t<div class=\"elementor-element elementor-element-bcf8d38 elementor-widget elementor-widget-spacer\" data-id=\"bcf8d38\" data-element_type=\"widget\" data-e-type=\"widget\" data-widget_type=\"spacer.default\">\n\t\t\t\t<div class=\"elementor-widget-container\">\n\t\t\t\t\t\t\t<div class=\"elementor-spacer\">\n\t\t\t<div class=\"elementor-spacer-inner\"><\/div>\n\t\t<\/div>\n\t\t\t\t\t\t<\/div>\n\t\t\t\t<\/div>\n\t\t\t\t<div class=\"elementor-element elementor-element-5771058 elementor-widget elementor-widget-heading\" data-id=\"5771058\" data-element_type=\"widget\" data-e-type=\"widget\" data-widget_type=\"heading.default\">\n\t\t\t\t<div class=\"elementor-widget-container\">\n\t\t\t\t\t<h3 class=\"elementor-heading-title elementor-size-default\">Strafen f\u00fcr Diebstahl<\/h3>\t\t\t\t<\/div>\n\t\t\t\t<\/div>\n\t\t\t\t<div class=\"elementor-element elementor-element-3a03a8a color-scheme-inherit text-left elementor-widget elementor-widget-text-editor\" data-id=\"3a03a8a\" data-element_type=\"widget\" data-e-type=\"widget\" data-widget_type=\"text-editor.default\">\n\t\t\t\t<div class=\"elementor-widget-container\">\n\t\t\t\t\t\t\t\t\tF\u00fcr 'gew\u00f6hnlichen' Diebstahl kann der Richter eine H\u00f6chststrafe von vier Jahren Haft oder eine Geldstrafe von bis zu \u00fcber 20.000 \u20ac verh\u00e4ngen, die auch als Geldstrafe der 4. Wenn Sie mit einer anderen Person gestohlen haben, riskieren Sie bis zu sechs Jahre Gef\u00e4ngnis. Einbruch, Stra\u00dfenraub oder Diebstahl mit Gewalt k\u00f6nnen zu h\u00f6heren Strafen f\u00fchren, bis zu neun Jahren Gef\u00e4ngnis oder Geldstrafen von bis zu 75.000 \u20ac. Wenn Gewalt angewendet wurde und ein Opfer verletzt wurde oder starb, kann die Strafe bis zu 15 Jahre Gef\u00e4ngnis betragen.\t\t\t\t\t\t\t\t<\/div>\n\t\t\t\t<\/div>\n\t\t\t\t<div class=\"elementor-element elementor-element-f6e89bf elementor-widget elementor-widget-spacer\" data-id=\"f6e89bf\" data-element_type=\"widget\" data-e-type=\"widget\" data-widget_type=\"spacer.default\">\n\t\t\t\t<div class=\"elementor-widget-container\">\n\t\t\t\t\t\t\t<div class=\"elementor-spacer\">\n\t\t\t<div class=\"elementor-spacer-inner\"><\/div>\n\t\t<\/div>\n\t\t\t\t\t\t<\/div>\n\t\t\t\t<\/div>\n\t\t\t\t<div class=\"elementor-element elementor-element-f081a6e elementor-widget elementor-widget-heading\" data-id=\"f081a6e\" data-element_type=\"widget\" data-e-type=\"widget\" data-widget_type=\"heading.default\">\n\t\t\t\t<div class=\"elementor-widget-container\">\n\t\t\t\t\t<h3 class=\"elementor-heading-title elementor-size-default\">Einfach oder qualifiziert<\/h3>\t\t\t\t<\/div>\n\t\t\t\t<\/div>\n\t\t\t\t<div class=\"elementor-element elementor-element-b826a12 color-scheme-inherit text-left elementor-widget elementor-widget-text-editor\" data-id=\"b826a12\" data-element_type=\"widget\" data-e-type=\"widget\" data-widget_type=\"text-editor.default\">\n\t\t\t\t<div class=\"elementor-widget-container\">\n\t\t\t\t\t\t\t\t\t<p>Der Richter schaut auch auf die Art des Diebstahls, der stattgefunden hat. Es gibt zwei davon, n\u00e4mlich einfachen oder qualifizierten Diebstahl.<\/p><ul><li><strong>Einfacher Diebstahl:<\/strong> Bei einfachem Diebstahl denken Sie an den Diebstahl eines Telefons oder einen Ladendiebstahl. Hier gibt es keine zus\u00e4tzlichen erschwerenden Umst\u00e4nde wie den Gebrauch einer Schusswaffe, eine Verletzung des Opfers, einen Einbruch oder das unerlaubte Betreten von Privateigentum.<\/li><li><strong>Qualifizierter Diebstahl:<\/strong> Wenn wir von schwerem Diebstahl sprechen, geht es um Diebstahl, bei dem diese strafversch\u00e4rfenden Umst\u00e4nde einfach gegeben sind.<\/li><\/ul>\t\t\t\t\t\t\t\t<\/div>\n\t\t\t\t<\/div>\n\t\t\t\t<div class=\"elementor-element elementor-element-55eda99 elementor-widget elementor-widget-spacer\" data-id=\"55eda99\" data-element_type=\"widget\" data-e-type=\"widget\" data-widget_type=\"spacer.default\">\n\t\t\t\t<div class=\"elementor-widget-container\">\n\t\t\t\t\t\t\t<div class=\"elementor-spacer\">\n\t\t\t<div class=\"elementor-spacer-inner\"><\/div>\n\t\t<\/div>\n\t\t\t\t\t\t<\/div>\n\t\t\t\t<\/div>\n\t\t\t\t<div class=\"elementor-element elementor-element-5dffb30 elementor-widget elementor-widget-heading\" data-id=\"5dffb30\" data-element_type=\"widget\" data-e-type=\"widget\" data-widget_type=\"heading.default\">\n\t\t\t\t<div class=\"elementor-widget-container\">\n\t\t\t\t\t<h3 class=\"elementor-heading-title elementor-size-default\">Anspruch auf Entbehrung<\/h3>\t\t\t\t<\/div>\n\t\t\t\t<\/div>\n\t\t\t\t<div class=\"elementor-element elementor-element-1528668 color-scheme-inherit text-left elementor-widget elementor-widget-text-editor\" data-id=\"1528668\" data-element_type=\"widget\" data-e-type=\"widget\" data-widget_type=\"text-editor.default\">\n\t\t\t\t<div class=\"elementor-widget-container\">\n\t\t\t\t\t\t\t\t\t<p>Neben den Standardstrafen, die die Staatsanwaltschaft verh\u00e4ngen kann, kann sie Sie auch auffordern, das gestohlene Geld oder Eigentum zur\u00fcckzuzahlen. Wenn Sie dies nicht tun, k\u00f6nnen weitere Probleme entstehen.<\/p>\t\t\t\t\t\t\t\t<\/div>\n\t\t\t\t<\/div>\n\t\t\t\t<div class=\"elementor-element elementor-element-e82c6a8 elementor-widget elementor-widget-spacer\" data-id=\"e82c6a8\" data-element_type=\"widget\" data-e-type=\"widget\" data-widget_type=\"spacer.default\">\n\t\t\t\t<div class=\"elementor-widget-container\">\n\t\t\t\t\t\t\t<div class=\"elementor-spacer\">\n\t\t\t<div class=\"elementor-spacer-inner\"><\/div>\n\t\t<\/div>\n\t\t\t\t\t\t<\/div>\n\t\t\t\t<\/div>\n\t\t\t\t<div class=\"elementor-element elementor-element-656f271 elementor-widget elementor-widget-heading\" data-id=\"656f271\" data-element_type=\"widget\" data-e-type=\"widget\" data-widget_type=\"heading.default\">\n\t\t\t\t<div class=\"elementor-widget-container\">\n\t\t\t\t\t<h3 class=\"elementor-heading-title elementor-size-default\">Verdacht auf Diebstahl und Polizei <\/h3>\t\t\t\t<\/div>\n\t\t\t\t<\/div>\n\t\t\t\t<div class=\"elementor-element elementor-element-b03fbec color-scheme-inherit text-left elementor-widget elementor-widget-text-editor\" data-id=\"b03fbec\" data-element_type=\"widget\" data-e-type=\"widget\" data-widget_type=\"text-editor.default\">\n\t\t\t\t<div class=\"elementor-widget-container\">\n\t\t\t\t\t\t\t\t\t<p>Werden Sie eines Diebstahls verd\u00e4chtigt? Wenn die Polizei glaubt, dass Sie etwas gestohlen haben, ist es ratsam, von Ihrem Recht zu schweigen Gebrauch zu machen, bis Sie mit einem Anwalt gesprochen haben. Denn das Gesagte kann sp\u00e4ter gegen Sie verwendet werden.<br \/>Die Polizei verwendet oft Beweise wie Kamerabilder, Fingerabdr\u00fccke oder DNA, um nachzuweisen, dass Sie etwas gestohlen haben.\u00a0<\/p>\t\t\t\t\t\t\t\t<\/div>\n\t\t\t\t<\/div>\n\t\t\t\t<div class=\"elementor-element elementor-element-8efa27b elementor-widget elementor-widget-spacer\" data-id=\"8efa27b\" data-element_type=\"widget\" data-e-type=\"widget\" data-widget_type=\"spacer.default\">\n\t\t\t\t<div class=\"elementor-widget-container\">\n\t\t\t\t\t\t\t<div class=\"elementor-spacer\">\n\t\t\t<div class=\"elementor-spacer-inner\"><\/div>\n\t\t<\/div>\n\t\t\t\t\t\t<\/div>\n\t\t\t\t<\/div>\n\t\t\t\t<div class=\"elementor-element elementor-element-8f9a942 elementor-widget elementor-widget-heading\" data-id=\"8f9a942\" data-element_type=\"widget\" data-e-type=\"widget\" data-widget_type=\"heading.default\">\n\t\t\t\t<div class=\"elementor-widget-container\">\n\t\t\t\t\t<h3 class=\"elementor-heading-title elementor-size-default\">Anwalt ben\u00f6tigt Diebstahl<\/h3>\t\t\t\t<\/div>\n\t\t\t\t<\/div>\n\t\t\t\t<div class=\"elementor-element elementor-element-a798277 color-scheme-inherit text-left elementor-widget elementor-widget-text-editor\" data-id=\"a798277\" data-element_type=\"widget\" data-e-type=\"widget\" data-widget_type=\"text-editor.default\">\n\t\t\t\t<div class=\"elementor-widget-container\">\n\t\t\t\t\t\t\t\t\t<p>Manchmal behandelt die Staatsanwaltschaft Diebstahlsf\u00e4lle au\u00dfergerichtlich mit einem Gesch\u00e4ftsvorschlag oder Strafbefehl, was zu einem Strafregistereintrag f\u00fchren kann. Eine Verurteilung wegen Diebstahls kann Probleme f\u00fcr Ihre Zukunft mit sich bringen, wie z.B. ein Vorstrafenregister und ein F\u00fchrungszeugnis (VOG).<\/p><p>Eine starke Verteidigung ist entscheidend, wenn Sie des Diebstahls beschuldigt werden, um negative Folgen f\u00fcr Sie zu vermeiden. Der erfahrene <a href=\"https:\/\/www.derbedrosian.nl\/de\/rechtsanwalte-2\/\">Strafverteidiger<\/a> der Anwaltskanzlei Der Bedrosian sind auf dem Gebiet des Diebstahls spezialisiert.<\/p><p>Wenden Sie sich also an uns, wenn Sie eine kostenlose Beratung und weitere rechtliche Unterst\u00fctzung in Ihrem Fall w\u00fcnschen.<\/p>\t\t\t\t\t\t\t\t<\/div>\n\t\t\t\t<\/div>\n\t\t\t\t\t<\/div>\n\t\t\t\t<\/div>\n\t\t\t\t<\/div>","protected":false},"excerpt":{"rendered":"<p>Strafe Diebstahl Diebstahlsanwalt Diebstahlsanzeige Polizei Diebstahlsversicherung Hehlerei Unterschlagung Betrug Unterschied zwischen Diebstahl, Betrug, Hehlerei und Unterschlagung Diebstahl<\/p>","protected":false},"author":1,"featured_media":0,"parent":10047,"menu_order":1,"comment_status":"closed","ping_status":"closed","template":"","meta":{"footnotes":""},"class_list":["post-10523","page","type-page","status-publish","hentry"],"_links":{"self":[{"href":"https:\/\/www.derbedrosian.nl\/de\/wp-json\/wp\/v2\/pages\/10523","targetHints":{"allow":["GET"]}}],"collection":[{"href":"https:\/\/www.derbedrosian.nl\/de\/wp-json\/wp\/v2\/pages"}],"about":[{"href":"https:\/\/www.derbedrosian.nl\/de\/wp-json\/wp\/v2\/types\/page"}],"author":[{"embeddable":true,"href":"https:\/\/www.derbedrosian.nl\/de\/wp-json\/wp\/v2\/users\/1"}],"replies":[{"embeddable":true,"href":"https:\/\/www.derbedrosian.nl\/de\/wp-json\/wp\/v2\/comments?post=10523"}],"version-history":[{"count":0,"href":"https:\/\/www.derbedrosian.nl\/de\/wp-json\/wp\/v2\/pages\/10523\/revisions"}],"up":[{"embeddable":true,"href":"https:\/\/www.derbedrosian.nl\/de\/wp-json\/wp\/v2\/pages\/10047"}],"wp:attachment":[{"href":"https:\/\/www.derbedrosian.nl\/de\/wp-json\/wp\/v2\/media?parent=10523"}],"curies":[{"name":"wp","href":"https:\/\/api.w.org\/{rel}","templated":true}]}}