{"id":10507,"date":"2023-05-25T16:50:17","date_gmt":"2023-05-25T14:50:17","guid":{"rendered":"https:\/\/derbedrosian.nl\/?page_id=10507"},"modified":"2025-12-20T18:21:53","modified_gmt":"2025-12-20T16:21:53","slug":"beschlagnahmte-waren","status":"publish","type":"page","link":"https:\/\/www.derbedrosian.nl\/de\/rechtsgebieden\/strafrecht\/in-beslag-genomen-goederen\/","title":{"rendered":"Beschlagnahmte Waren"},"content":{"rendered":"<div data-elementor-type=\"wp-page\" data-elementor-id=\"10507\" class=\"elementor elementor-10507\" data-elementor-post-type=\"page\">\n\t\t\t\t<div class=\"wd-negative-gap elementor-element elementor-element-b747771 e-flex e-con-boxed e-con e-parent\" data-id=\"b747771\" data-element_type=\"container\" data-e-type=\"container\">\n\t\t\t\t\t<div class=\"e-con-inner\">\n\t\t\t\t<div class=\"elementor-element elementor-element-b41868c elementor-hidden-desktop elementor-hidden-tablet elementor-hidden-mobile elementor-widget elementor-widget-wd_image_or_svg\" data-id=\"b41868c\" data-element_type=\"widget\" data-e-type=\"widget\" id=\"seo-word\" data-widget_type=\"wd_image_or_svg.default\">\n\t\t\t\t<div class=\"elementor-widget-container\">\n\t\t\t\t\t\n\t\t<div class=\"wd-image text-left\">\n\t\t\t\t\t\t\t\t<img loading=\"lazy\" decoding=\"async\" width=\"1000\" height=\"667\" src=\"https:\/\/www.derbedrosian.nl\/wp-content\/uploads\/rechtsgebied-in-beslag-genomen-goederen.jpg\" class=\"attachment-full size-full\" alt=\"beschlagnahmte Waren Polizei beschlagnahmt Anwalt\" srcset=\"https:\/\/www.derbedrosian.nl\/wp-content\/uploads\/rechtsgebied-in-beslag-genomen-goederen.jpg 1000w, https:\/\/www.derbedrosian.nl\/wp-content\/uploads\/rechtsgebied-in-beslag-genomen-goederen-400x267.jpg 400w, https:\/\/www.derbedrosian.nl\/wp-content\/uploads\/rechtsgebied-in-beslag-genomen-goederen-768x512.jpg 768w\" sizes=\"auto, (max-width: 1000px) 100vw, 1000px\" title=\"\">\t\t\t\t\t<\/div>\n\n\t\t\t\t\t\t<\/div>\n\t\t\t\t<\/div>\n\t\t\t\t<div class=\"elementor-element elementor-element-dfeeedc elementor-hidden-desktop elementor-hidden-tablet elementor-hidden-mobile elementor-widget elementor-widget-heading\" data-id=\"dfeeedc\" data-element_type=\"widget\" data-e-type=\"widget\" id=\"seo-word\" data-widget_type=\"heading.default\">\n\t\t\t\t<div class=\"elementor-widget-container\">\n\t\t\t\t\t<h2 class=\"elementor-heading-title elementor-size-default\">beschlagnahmte Waren<\/h2>\t\t\t\t<\/div>\n\t\t\t\t<\/div>\n\t\t\t\t<div class=\"elementor-element elementor-element-fbda500 elementor-hidden-desktop elementor-hidden-tablet elementor-hidden-mobile elementor-widget elementor-widget-heading\" data-id=\"fbda500\" data-element_type=\"widget\" data-e-type=\"widget\" id=\"seo-word\" data-widget_type=\"heading.default\">\n\t\t\t\t<div class=\"elementor-widget-container\">\n\t\t\t\t\t<h5 class=\"elementor-heading-title elementor-size-default\">beschlagnahmte Waren wiedererlangen <\/h5>\t\t\t\t<\/div>\n\t\t\t\t<\/div>\n\t\t\t\t<div class=\"elementor-element elementor-element-7d2ca9a elementor-hidden-desktop elementor-hidden-tablet elementor-hidden-mobile elementor-widget elementor-widget-heading\" data-id=\"7d2ca9a\" data-element_type=\"widget\" data-e-type=\"widget\" id=\"seo-word\" data-widget_type=\"heading.default\">\n\t\t\t\t<div class=\"elementor-widget-container\">\n\t\t\t\t\t<h5 class=\"elementor-heading-title elementor-size-default\">Beschlagnahmte Waren wiederherstellen Polizei <\/h5>\t\t\t\t<\/div>\n\t\t\t\t<\/div>\n\t\t\t\t<div class=\"elementor-element elementor-element-e299bc3 elementor-hidden-desktop elementor-hidden-tablet elementor-hidden-mobile elementor-widget elementor-widget-heading\" data-id=\"e299bc3\" data-element_type=\"widget\" data-e-type=\"widget\" id=\"seo-word\" data-widget_type=\"heading.default\">\n\t\t\t\t<div class=\"elementor-widget-container\">\n\t\t\t\t\t<h5 class=\"elementor-heading-title elementor-size-default\">Anwalt f\u00fcr beschlagnahmte Waren<\/h5>\t\t\t\t<\/div>\n\t\t\t\t<\/div>\n\t\t\t\t<div class=\"elementor-element elementor-element-b77bbd9 elementor-hidden-desktop elementor-hidden-tablet elementor-hidden-mobile elementor-widget elementor-widget-heading\" data-id=\"b77bbd9\" data-element_type=\"widget\" data-e-type=\"widget\" id=\"seo-word\" data-widget_type=\"heading.default\">\n\t\t\t\t<div class=\"elementor-widget-container\">\n\t\t\t\t\t<h5 class=\"elementor-heading-title elementor-size-default\">Pf\u00e4ndungswagen<\/h5>\t\t\t\t<\/div>\n\t\t\t\t<\/div>\n\t\t\t\t<div class=\"elementor-element elementor-element-879421c elementor-hidden-desktop elementor-hidden-tablet elementor-hidden-mobile elementor-widget elementor-widget-heading\" data-id=\"879421c\" data-element_type=\"widget\" data-e-type=\"widget\" id=\"seo-word\" data-widget_type=\"heading.default\">\n\t\t\t\t<div class=\"elementor-widget-container\">\n\t\t\t\t\t<h5 class=\"elementor-heading-title elementor-size-default\">Anwalt Strafrecht Overijssel<\/h5>\t\t\t\t<\/div>\n\t\t\t\t<\/div>\n\t\t\t\t<div class=\"elementor-element elementor-element-f3497a8 elementor-hidden-desktop elementor-hidden-tablet elementor-hidden-mobile elementor-widget elementor-widget-heading\" data-id=\"f3497a8\" data-element_type=\"widget\" data-e-type=\"widget\" id=\"seo-word\" data-widget_type=\"heading.default\">\n\t\t\t\t<div class=\"elementor-widget-container\">\n\t\t\t\t\t<h5 class=\"elementor-heading-title elementor-size-default\">Anwalt Strafrecht Enschede<\/h5>\t\t\t\t<\/div>\n\t\t\t\t<\/div>\n\t\t\t\t<div class=\"elementor-element elementor-element-1fc277a elementor-hidden-desktop elementor-hidden-tablet elementor-hidden-mobile elementor-widget elementor-widget-heading\" data-id=\"1fc277a\" data-element_type=\"widget\" data-e-type=\"widget\" id=\"seo-word\" data-widget_type=\"heading.default\">\n\t\t\t\t<div class=\"elementor-widget-container\">\n\t\t\t\t\t<h5 class=\"elementor-heading-title elementor-size-default\">Anwalt f\u00fcr Strafrecht enschede<\/h5>\t\t\t\t<\/div>\n\t\t\t\t<\/div>\n\t\t\t\t<div class=\"elementor-element elementor-element-f62ee6d elementor-hidden-desktop elementor-hidden-tablet elementor-hidden-mobile elementor-widget elementor-widget-heading\" data-id=\"f62ee6d\" data-element_type=\"widget\" data-e-type=\"widget\" id=\"seo-word\" data-widget_type=\"heading.default\">\n\t\t\t\t<div class=\"elementor-widget-container\">\n\t\t\t\t\t<h5 class=\"elementor-heading-title elementor-size-default\">Wenn Sie in Enschede sind und rechtlichen Beistand in Bezug auf beschlagnahmtes Eigentum ben\u00f6tigen, k\u00f6nnen Sie sich auf die Expertise der Strafrechtsanw\u00e4lte von Derbedrosian Criminal Lawyers verlassen. Unsere Anw\u00e4lte in Enschede sind erfahrene Fachleute in Strafsachen und kennen sich mit dem Prozess der Beschlagnahme von Eigentum bestens aus.\n\nWenn Ihr Eigentum von der Polizei beschlagnahmt wurde, kann es von entscheidender Bedeutung sein, rechtliche Hilfe in Anspruch zu nehmen, um es wiederzuerlangen. Die Wiedererlangung von beschlagnahmtem Eigentum kann kompliziert sein, aber mit dem richtigen Rechtsbeistand k\u00f6nnen wir Ihnen durch diesen Prozess helfen.\n\nUnsere Anw\u00e4lte in Overijssel stehen Ihnen mit Rat und Tat zur Seite, wenn es um die Wiedererlangung von beschlagnahmtem Eigentum geht. Wenden Sie sich an Derbedrosian Criminal Lawyers in Enschede, wenn Sie professionelle Unterst\u00fctzung in dieser Art von F\u00e4llen ben\u00f6tigen.<\/h5>\t\t\t\t<\/div>\n\t\t\t\t<\/div>\n\t\t\t\t<div class=\"elementor-element elementor-element-0ed46b8 elementor-widget elementor-widget-spacer\" data-id=\"0ed46b8\" data-element_type=\"widget\" data-e-type=\"widget\" data-widget_type=\"spacer.default\">\n\t\t\t\t<div class=\"elementor-widget-container\">\n\t\t\t\t\t\t\t<div class=\"elementor-spacer\">\n\t\t\t<div class=\"elementor-spacer-inner\"><\/div>\n\t\t<\/div>\n\t\t\t\t\t\t<\/div>\n\t\t\t\t<\/div>\n\t\t\t\t<div class=\"elementor-element elementor-element-bb41afc elementor-widget elementor-widget-heading\" data-id=\"bb41afc\" data-element_type=\"widget\" data-e-type=\"widget\" data-widget_type=\"heading.default\">\n\t\t\t\t<div class=\"elementor-widget-container\">\n\t\t\t\t\t<h2 class=\"elementor-heading-title elementor-size-default\">Was sind beschlagnahmte Waren?<\/h2>\t\t\t\t<\/div>\n\t\t\t\t<\/div>\n\t\t\t\t<div class=\"elementor-element elementor-element-3ccf9f4 color-scheme-inherit text-left elementor-widget elementor-widget-text-editor\" data-id=\"3ccf9f4\" data-element_type=\"widget\" data-e-type=\"widget\" data-widget_type=\"text-editor.default\">\n\t\t\t\t<div class=\"elementor-widget-container\">\n\t\t\t\t\t\t\t\t\t<p>Beschlagnahmtes Eigentum bezieht sich auf verschiedene Gegenst\u00e4nde, die beschlagnahmt wurden, um zu beweisen, dass der Gegenstand illegal erworben wurde, weil er mit kriminellem Geld bezahlt wurde.<\/p><p>Die Beschlagnahme erfolgt, wenn dies im Interesse der Strafjustiz erforderlich ist.<\/p>\t\t\t\t\t\t\t\t<\/div>\n\t\t\t\t<\/div>\n\t\t\t\t<div class=\"elementor-element elementor-element-edf3262 elementor-widget elementor-widget-spacer\" data-id=\"edf3262\" data-element_type=\"widget\" data-e-type=\"widget\" data-widget_type=\"spacer.default\">\n\t\t\t\t<div class=\"elementor-widget-container\">\n\t\t\t\t\t\t\t<div class=\"elementor-spacer\">\n\t\t\t<div class=\"elementor-spacer-inner\"><\/div>\n\t\t<\/div>\n\t\t\t\t\t\t<\/div>\n\t\t\t\t<\/div>\n\t\t\t\t<div class=\"elementor-element elementor-element-796f259 elementor-widget elementor-widget-heading\" data-id=\"796f259\" data-element_type=\"widget\" data-e-type=\"widget\" data-widget_type=\"heading.default\">\n\t\t\t\t<div class=\"elementor-widget-container\">\n\t\t\t\t\t<h3 class=\"elementor-heading-title elementor-size-default\">Konfiszierung von Waren<\/h3>\t\t\t\t<\/div>\n\t\t\t\t<\/div>\n\t\t\t\t<div class=\"elementor-element elementor-element-9d04149 color-scheme-inherit text-left elementor-widget elementor-widget-text-editor\" data-id=\"9d04149\" data-element_type=\"widget\" data-e-type=\"widget\" data-widget_type=\"text-editor.default\">\n\t\t\t\t<div class=\"elementor-widget-container\">\n\t\t\t\t\t\t\t\t\t<p>Es gibt verschiedene Gr\u00fcnde, warum die Polizei oder Ermittlungsbeh\u00f6rden Gegenst\u00e4nde oder Fahrzeuge beschlagnahmen k\u00f6nnen. Eine solche Beschlagnahmung kann aus folgenden Gr\u00fcnden erfolgen:<\/p><ul><li><strong>R\u00fcckgang des Verkehrsaufkommens:<\/strong>\u00a0in einigen F\u00e4llen werden Waren aus dem Verkehr gezogen, d.h. sie werden dauerhaft aus dem Verkehr gezogen.<\/li><li><strong>Die Wahrheit sagen:<\/strong>\u00a0Beschlagnahmtes Eigentum kann in Strafsachen als Beweismittel dienen, z.B. Waffen, Drogen, Diebesgut oder andere Gegenst\u00e4nde, die mit einem Verbrechen in Verbindung stehen.<\/li><\/ul><ul><li><strong>Verdacht auf Gewinn aus Straftaten:<\/strong>\u00a0Manchmal werden Pf\u00e4ndungen als Sicherheit f\u00fcr k\u00fcnftige Geldstrafen oder Entziehungsma\u00dfnahmen vorgenommen.<\/li><\/ul>\t\t\t\t\t\t\t\t<\/div>\n\t\t\t\t<\/div>\n\t\t\t\t<div class=\"elementor-element elementor-element-0f76e18 elementor-widget elementor-widget-spacer\" data-id=\"0f76e18\" data-element_type=\"widget\" data-e-type=\"widget\" data-widget_type=\"spacer.default\">\n\t\t\t\t<div class=\"elementor-widget-container\">\n\t\t\t\t\t\t\t<div class=\"elementor-spacer\">\n\t\t\t<div class=\"elementor-spacer-inner\"><\/div>\n\t\t<\/div>\n\t\t\t\t\t\t<\/div>\n\t\t\t\t<\/div>\n\t\t\t\t<div class=\"elementor-element elementor-element-51e0710 elementor-widget elementor-widget-heading\" data-id=\"51e0710\" data-element_type=\"widget\" data-e-type=\"widget\" data-widget_type=\"heading.default\">\n\t\t\t\t<div class=\"elementor-widget-container\">\n\t\t\t\t\t<h3 class=\"elementor-heading-title elementor-size-default\">Was passiert mit meinen Waren, wenn sie beschlagnahmt werden?\n<\/h3>\t\t\t\t<\/div>\n\t\t\t\t<\/div>\n\t\t\t\t<div class=\"elementor-element elementor-element-8d58c0e color-scheme-inherit text-left elementor-widget elementor-widget-text-editor\" data-id=\"8d58c0e\" data-element_type=\"widget\" data-e-type=\"widget\" data-widget_type=\"text-editor.default\">\n\t\t\t\t<div class=\"elementor-widget-container\">\n\t\t\t\t\t\t\t\t\t<p>Wenn etwas beschlagnahmt wird, erhalten Sie eine Quittung. Ihre Gegenst\u00e4nde werden zun\u00e4chst auf dem Polizeirevier aufbewahrt und dann in eine spezielle Lagereinrichtung gebracht. Jede Polizeieinheit hat ihren eigenen Aufbewahrungsort f\u00fcr beschlagnahmte Gegenst\u00e4nde, mit Ausnahme der nationalen Einheit.<\/p><p>Die Polizei wird in einem offiziellen Beschlagnahmeprotokoll detailliert festhalten, warum sie Ihre Sachen beschlagnahmt hat und wer der Eigent\u00fcmer ist. Es ist wichtig zu wissen, dass die Polizei nicht selbst entscheidet, was mit Ihrem Eigentum geschieht; dies wird von der Staatsanwaltschaft entschieden.<\/p>\t\t\t\t\t\t\t\t<\/div>\n\t\t\t\t<\/div>\n\t\t\t\t<div class=\"elementor-element elementor-element-3b391b2 elementor-widget elementor-widget-spacer\" data-id=\"3b391b2\" data-element_type=\"widget\" data-e-type=\"widget\" data-widget_type=\"spacer.default\">\n\t\t\t\t<div class=\"elementor-widget-container\">\n\t\t\t\t\t\t\t<div class=\"elementor-spacer\">\n\t\t\t<div class=\"elementor-spacer-inner\"><\/div>\n\t\t<\/div>\n\t\t\t\t\t\t<\/div>\n\t\t\t\t<\/div>\n\t\t\t\t<div class=\"elementor-element elementor-element-314478c elementor-widget elementor-widget-heading\" data-id=\"314478c\" data-element_type=\"widget\" data-e-type=\"widget\" data-widget_type=\"heading.default\">\n\t\t\t\t<div class=\"elementor-widget-container\">\n\t\t\t\t\t<h3 class=\"elementor-heading-title elementor-size-default\">Verkauf von beschlagnahmten Waren<\/h3>\t\t\t\t<\/div>\n\t\t\t\t<\/div>\n\t\t\t\t<div class=\"elementor-element elementor-element-10f734d color-scheme-inherit text-left elementor-widget elementor-widget-text-editor\" data-id=\"10f734d\" data-element_type=\"widget\" data-e-type=\"widget\" data-widget_type=\"text-editor.default\">\n\t\t\t\t<div class=\"elementor-widget-container\">\n\t\t\t\t\t\t\t\t\t<p>Es ist \u00e4u\u00dferst wichtig, dass Sie sich sofort nach der Beschlagnahmung Ihres Eigentums mit einem unserer Anw\u00e4lte in Verbindung setzen. Dies ist unter anderem aufgrund von Artikel 117 Sv wichtig, der besagt, dass die Staatsanwaltschaft beschlagnahmte Gegenst\u00e4nde sofort verkaufen kann und dass Waren vernichtet werden k\u00f6nnen, bevor der Fall vor Gericht verhandelt wurde.<\/p>\t\t\t\t\t\t\t\t<\/div>\n\t\t\t\t<\/div>\n\t\t\t\t<div class=\"elementor-element elementor-element-4cb11b2 elementor-widget elementor-widget-spacer\" data-id=\"4cb11b2\" data-element_type=\"widget\" data-e-type=\"widget\" data-widget_type=\"spacer.default\">\n\t\t\t\t<div class=\"elementor-widget-container\">\n\t\t\t\t\t\t\t<div class=\"elementor-spacer\">\n\t\t\t<div class=\"elementor-spacer-inner\"><\/div>\n\t\t<\/div>\n\t\t\t\t\t\t<\/div>\n\t\t\t\t<\/div>\n\t\t\t\t<div class=\"elementor-element elementor-element-b9ce831 elementor-widget elementor-widget-heading\" data-id=\"b9ce831\" data-element_type=\"widget\" data-e-type=\"widget\" data-widget_type=\"heading.default\">\n\t\t\t\t<div class=\"elementor-widget-container\">\n\t\t\t\t\t<h3 class=\"elementor-heading-title elementor-size-default\">Verfahren zur Beschlagnahme von Waren<\/h3>\t\t\t\t<\/div>\n\t\t\t\t<\/div>\n\t\t\t\t<div class=\"elementor-element elementor-element-6369039 color-scheme-inherit text-left elementor-widget elementor-widget-text-editor\" data-id=\"6369039\" data-element_type=\"widget\" data-e-type=\"widget\" data-widget_type=\"text-editor.default\">\n\t\t\t\t<div class=\"elementor-widget-container\">\n\t\t\t\t\t\t\t\t\t<p>Bei der Beschlagnahmung erhalten Sie eine Quittung. Darin sind alle beschlagnahmten Gegenst\u00e4nde und das Datum der Beschlagnahme aufgef\u00fchrt.<\/p><p>Der Anwalt wird unmittelbar nach der Beschlagnahme einen Antrag beim Staatsanwalt auf R\u00fcckgabe der Waren stellen. Zun\u00e4chst wird der Anwalt alle Prozessunterlagen anfordern, um zu verstehen, warum die Waren beschlagnahmt wurden. Die Chancen auf eine R\u00fcckgabe sind dann gro\u00df, was f\u00fcr die Festlegung der Verteidigungsstrategie von entscheidender Bedeutung ist.\u00a0Wenn der Staatsanwalt dies ablehnt, kann der Anwalt eine Beschwerde einreichen, mit der der Richter gebeten wird, \u00fcber die R\u00fcckgabe der beschlagnahmten Gegenst\u00e4nde zu entscheiden.<\/p><p>Diese Petition soll sicherstellen, dass Sie Ihr Eigentum so schnell wie m\u00f6glich zur\u00fcckbekommen. Tats\u00e4chlich ist dies die einzige M\u00f6glichkeit, die Staatsanwaltschaft zur R\u00fcckgabe Ihres Eigentums zu zwingen.<\/p>\t\t\t\t\t\t\t\t<\/div>\n\t\t\t\t<\/div>\n\t\t\t\t<div class=\"elementor-element elementor-element-21cbf25 elementor-widget elementor-widget-spacer\" data-id=\"21cbf25\" data-element_type=\"widget\" data-e-type=\"widget\" data-widget_type=\"spacer.default\">\n\t\t\t\t<div class=\"elementor-widget-container\">\n\t\t\t\t\t\t\t<div class=\"elementor-spacer\">\n\t\t\t<div class=\"elementor-spacer-inner\"><\/div>\n\t\t<\/div>\n\t\t\t\t\t\t<\/div>\n\t\t\t\t<\/div>\n\t\t\t\t<div class=\"elementor-element elementor-element-7ec3aa1 elementor-widget elementor-widget-heading\" data-id=\"7ec3aa1\" data-element_type=\"widget\" data-e-type=\"widget\" data-widget_type=\"heading.default\">\n\t\t\t\t<div class=\"elementor-widget-container\">\n\t\t\t\t\t<h3 class=\"elementor-heading-title elementor-size-default\">Anwalt f\u00fcr beschlagnahmtes Eigentum\n<\/h3>\t\t\t\t<\/div>\n\t\t\t\t<\/div>\n\t\t\t\t<div class=\"elementor-element elementor-element-037de6a color-scheme-inherit text-left elementor-widget elementor-widget-text-editor\" data-id=\"037de6a\" data-element_type=\"widget\" data-e-type=\"widget\" data-widget_type=\"text-editor.default\">\n\t\t\t\t<div class=\"elementor-widget-container\">\n\t\t\t\t\t\t\t\t\t<p>In der Praxis kommt es h\u00e4ufig vor, dass die Polizei Dinge wie Geld, Autos und Mobiltelefone mitnimmt, auch wenn sofort klar ist, dass diese Dinge nichts mit dem Verdacht zu tun haben. Das kann f\u00fcr die Person, der die Gegenst\u00e4nde abgenommen wurden, sehr \u00e4rgerlich sein.<\/p><p>Daher ist es sehr ratsam, einen erfahrenen Anwalt zu beauftragen, um Ihre beschlagnahmten G\u00fcter so schnell wie m\u00f6glich zur\u00fcckzubekommen. Die Anwaltskanzlei Der Bedrosian verf\u00fcgt \u00fcber spezialisierte Anw\u00e4lte, die viel Erfahrung mit Beschlagnahmungsf\u00e4llen haben und ihr Fachwissen einsetzen werden, um das beste Ergebnis f\u00fcr Sie zu erzielen.<\/p><p>Sie k\u00f6nnen sich also gerne mit uns in Verbindung setzen, um die weiteren Schritte zu besprechen.<\/p>\t\t\t\t\t\t\t\t<\/div>\n\t\t\t\t<\/div>\n\t\t\t\t\t<\/div>\n\t\t\t\t<\/div>\n\t\t\t\t<\/div>","protected":false},"excerpt":{"rendered":"<p>beschlagnahmte Waren beschlagnahmte Waren zur\u00fcckfordern beschlagnahmte Waren zur\u00fcckerhalten von der Polizei beschlagnahmte Waren Anwalt<\/p>","protected":false},"author":1,"featured_media":0,"parent":10047,"menu_order":0,"comment_status":"closed","ping_status":"closed","template":"","meta":{"footnotes":""},"class_list":["post-10507","page","type-page","status-publish","hentry"],"_links":{"self":[{"href":"https:\/\/www.derbedrosian.nl\/de\/wp-json\/wp\/v2\/pages\/10507","targetHints":{"allow":["GET"]}}],"collection":[{"href":"https:\/\/www.derbedrosian.nl\/de\/wp-json\/wp\/v2\/pages"}],"about":[{"href":"https:\/\/www.derbedrosian.nl\/de\/wp-json\/wp\/v2\/types\/page"}],"author":[{"embeddable":true,"href":"https:\/\/www.derbedrosian.nl\/de\/wp-json\/wp\/v2\/users\/1"}],"replies":[{"embeddable":true,"href":"https:\/\/www.derbedrosian.nl\/de\/wp-json\/wp\/v2\/comments?post=10507"}],"version-history":[{"count":0,"href":"https:\/\/www.derbedrosian.nl\/de\/wp-json\/wp\/v2\/pages\/10507\/revisions"}],"up":[{"embeddable":true,"href":"https:\/\/www.derbedrosian.nl\/de\/wp-json\/wp\/v2\/pages\/10047"}],"wp:attachment":[{"href":"https:\/\/www.derbedrosian.nl\/de\/wp-json\/wp\/v2\/media?parent=10507"}],"curies":[{"name":"wp","href":"https:\/\/api.w.org\/{rel}","templated":true}]}}