{"id":10496,"date":"2023-05-25T15:48:45","date_gmt":"2023-05-25T13:48:45","guid":{"rendered":"https:\/\/derbedrosian.nl\/?page_id=10496"},"modified":"2025-12-20T18:19:36","modified_gmt":"2025-12-20T16:19:36","slug":"geschadigte-partei","status":"publish","type":"page","link":"https:\/\/www.derbedrosian.nl\/de\/rechtsgebieden\/strafrecht\/benadeelde-partij\/","title":{"rendered":"Gesch\u00e4digte Partei"},"content":{"rendered":"<div data-elementor-type=\"wp-page\" data-elementor-id=\"10496\" class=\"elementor elementor-10496\" data-elementor-post-type=\"page\">\n\t\t\t\t<div class=\"wd-negative-gap elementor-element elementor-element-fec9aae elementor-hidden-desktop elementor-hidden-tablet elementor-hidden-mobile e-flex e-con-boxed e-con e-parent\" data-id=\"fec9aae\" data-element_type=\"container\" data-e-type=\"container\" id=\"seo-word\">\n\t\t\t\t\t<div class=\"e-con-inner\">\n\t\t\t\t<div class=\"elementor-element elementor-element-1b7eb8a elementor-widget elementor-widget-wd_image_or_svg\" data-id=\"1b7eb8a\" data-element_type=\"widget\" data-e-type=\"widget\" id=\"seo-word\" data-widget_type=\"wd_image_or_svg.default\">\n\t\t\t\t<div class=\"elementor-widget-container\">\n\t\t\t\t\t\n\t\t<div class=\"wd-image text-left\">\n\t\t\t\t\t\t\t\t<img loading=\"lazy\" decoding=\"async\" width=\"1000\" height=\"667\" src=\"https:\/\/www.derbedrosian.nl\/wp-content\/uploads\/rechtsgebied-benadeelde-partij.jpg\" class=\"attachment-full size-full\" alt=\"gesch\u00e4digte Partei\" srcset=\"https:\/\/www.derbedrosian.nl\/wp-content\/uploads\/rechtsgebied-benadeelde-partij.jpg 1000w, https:\/\/www.derbedrosian.nl\/wp-content\/uploads\/rechtsgebied-benadeelde-partij-400x267.jpg 400w, https:\/\/www.derbedrosian.nl\/wp-content\/uploads\/rechtsgebied-benadeelde-partij-768x512.jpg 768w\" sizes=\"auto, (max-width: 1000px) 100vw, 1000px\" title=\"\">\t\t\t\t\t<\/div>\n\n\t\t\t\t\t\t<\/div>\n\t\t\t\t<\/div>\n\t\t\t\t<div class=\"elementor-element elementor-element-4c2bd62 elementor-widget elementor-widget-heading\" data-id=\"4c2bd62\" data-element_type=\"widget\" data-e-type=\"widget\" id=\"seo-word\" data-widget_type=\"heading.default\">\n\t\t\t\t<div class=\"elementor-widget-container\">\n\t\t\t\t\t<h2 class=\"elementor-heading-title elementor-size-default\">Gesch\u00e4digte Partei <\/h2>\t\t\t\t<\/div>\n\t\t\t\t<\/div>\n\t\t\t\t<div class=\"elementor-element elementor-element-13eb15d elementor-widget elementor-widget-heading\" data-id=\"13eb15d\" data-element_type=\"widget\" data-e-type=\"widget\" id=\"seo-word\" data-widget_type=\"heading.default\">\n\t\t\t\t<div class=\"elementor-widget-container\">\n\t\t\t\t\t<h5 class=\"elementor-heading-title elementor-size-default\">Gesch\u00e4digter verstorben <\/h5>\t\t\t\t<\/div>\n\t\t\t\t<\/div>\n\t\t\t\t<div class=\"elementor-element elementor-element-55dbaa4 elementor-widget elementor-widget-heading\" data-id=\"55dbaa4\" data-element_type=\"widget\" data-e-type=\"widget\" id=\"seo-word\" data-widget_type=\"heading.default\">\n\t\t\t\t<div class=\"elementor-widget-container\">\n\t\t\t\t\t<h5 class=\"elementor-heading-title elementor-size-default\">Gesch\u00e4digte Person <\/h5>\t\t\t\t<\/div>\n\t\t\t\t<\/div>\n\t\t\t\t<div class=\"elementor-element elementor-element-cf86d78 elementor-widget elementor-widget-heading\" data-id=\"cf86d78\" data-element_type=\"widget\" data-e-type=\"widget\" id=\"seo-word\" data-widget_type=\"heading.default\">\n\t\t\t\t<div class=\"elementor-widget-container\">\n\t\t\t\t\t<h5 class=\"elementor-heading-title elementor-size-default\">gesonderte Behandlung des Anspruchs des Gesch\u00e4digten<\/h5>\t\t\t\t<\/div>\n\t\t\t\t<\/div>\n\t\t\t\t<div class=\"elementor-element elementor-element-da0da32 elementor-widget elementor-widget-heading\" data-id=\"da0da32\" data-element_type=\"widget\" data-e-type=\"widget\" id=\"seo-word\" data-widget_type=\"heading.default\">\n\t\t\t\t<div class=\"elementor-widget-container\">\n\t\t\t\t\t<h5 class=\"elementor-heading-title elementor-size-default\">des Anspruchs Gesch\u00e4digter<\/h5>\t\t\t\t<\/div>\n\t\t\t\t<\/div>\n\t\t\t\t<div class=\"elementor-element elementor-element-545a396 elementor-widget elementor-widget-heading\" data-id=\"545a396\" data-element_type=\"widget\" data-e-type=\"widget\" id=\"seo-word\" data-widget_type=\"heading.default\">\n\t\t\t\t<div class=\"elementor-widget-container\">\n\t\t\t\t\t<h5 class=\"elementor-heading-title elementor-size-default\">Anwalt f\u00fcr Strafrecht enschede<\/h5>\t\t\t\t<\/div>\n\t\t\t\t<\/div>\n\t\t\t\t<div class=\"elementor-element elementor-element-e5c8cdf elementor-widget elementor-widget-heading\" data-id=\"e5c8cdf\" data-element_type=\"widget\" data-e-type=\"widget\" id=\"seo-word\" data-widget_type=\"heading.default\">\n\t\t\t\t<div class=\"elementor-widget-container\">\n\t\t\t\t\t<h5 class=\"elementor-heading-title elementor-size-default\">Anwalt Strafrecht Overijssel<\/h5>\t\t\t\t<\/div>\n\t\t\t\t<\/div>\n\t\t\t\t<div class=\"elementor-element elementor-element-c84ea82 elementor-widget elementor-widget-heading\" data-id=\"c84ea82\" data-element_type=\"widget\" data-e-type=\"widget\" id=\"seo-word\" data-widget_type=\"heading.default\">\n\t\t\t\t<div class=\"elementor-widget-container\">\n\t\t\t\t\t<h5 class=\"elementor-heading-title elementor-size-default\">Anwalt f\u00fcr Strafrecht enschede<\/h5>\t\t\t\t<\/div>\n\t\t\t\t<\/div>\n\t\t\t\t<div class=\"elementor-element elementor-element-bc7cba2 elementor-widget elementor-widget-heading\" data-id=\"bc7cba2\" data-element_type=\"widget\" data-e-type=\"widget\" id=\"seo-word\" data-widget_type=\"heading.default\">\n\t\t\t\t<div class=\"elementor-widget-container\">\n\t\t\t\t\t<h5 class=\"elementor-heading-title elementor-size-default\">Verfahren der gesch\u00e4digten Partei <\/h5>\t\t\t\t<\/div>\n\t\t\t\t<\/div>\n\t\t\t\t<div class=\"elementor-element elementor-element-baf9e4d elementor-widget elementor-widget-heading\" data-id=\"baf9e4d\" data-element_type=\"widget\" data-e-type=\"widget\" id=\"seo-word\" data-widget_type=\"heading.default\">\n\t\t\t\t<div class=\"elementor-widget-container\">\n\t\t\t\t\t<h5 class=\"elementor-heading-title elementor-size-default\">Im Strafrecht spielt der Gesch\u00e4digte eine entscheidende Rolle im Prozess. Wenn jemand infolge einer Straftat einen Schaden erlitten hat, kann diese Person dem Strafverfahren als Gesch\u00e4digter beitreten. Das Gesch\u00e4digtenverfahren bietet die M\u00f6glichkeit, eine Entsch\u00e4digung vom T\u00e4ter zu fordern.\n\nIn einigen F\u00e4llen kann der Gesch\u00e4digte verstorben sein. In einem solchen Fall kann der n\u00e4chste Angeh\u00f6rige die Rolle des Gesch\u00e4digten \u00fcbernehmen, um Schadenersatz zu fordern. Es ist sehr wichtig, sich in solchen Situationen rechtlich beraten zu lassen, insbesondere wenn Sie sich in der Region Enschede, Overijssel befinden. Ein erfahrener Rechtsanwalt in Enschede, Overijssel, kann Sie im Gesch\u00e4digtenverfahren unterst\u00fctzen und Ihnen helfen, eine angemessene Entsch\u00e4digung zu erhalten.<\/h5>\t\t\t\t<\/div>\n\t\t\t\t<\/div>\n\t\t\t\t\t<\/div>\n\t\t\t\t<\/div>\n\t\t<div class=\"wd-negative-gap elementor-element elementor-element-5543b11 e-flex e-con-boxed e-con e-parent\" data-id=\"5543b11\" data-element_type=\"container\" data-e-type=\"container\">\n\t\t\t\t\t<div class=\"e-con-inner\">\n\t\t\t\t<div class=\"elementor-element elementor-element-43bdcd8 color-scheme-inherit text-left elementor-widget elementor-widget-text-editor\" data-id=\"43bdcd8\" data-element_type=\"widget\" data-e-type=\"widget\" data-widget_type=\"text-editor.default\">\n\t\t\t\t<div class=\"elementor-widget-container\">\n\t\t\t\t\t\t\t\t\t<p><strong>Sind Sie Opfer einer Straftat? Dann k\u00f6nnen Sie sich als Gesch\u00e4digter registrieren lassen.<\/strong><\/p><p><strong>Es ist ratsam, sich dabei von einem unserer Anw\u00e4lte f\u00fcr Strafrecht unterst\u00fctzen zu lassen. Er kann das Formular in Ihrem Namen ausf\u00fcllen und Ihnen helfen, eine Entsch\u00e4digung f\u00fcr Personensch\u00e4den und seelischen Schmerz zu beantragen.<\/strong><\/p>\t\t\t\t\t\t\t\t<\/div>\n\t\t\t\t<\/div>\n\t\t\t\t<div class=\"elementor-element elementor-element-fb9776e elementor-widget elementor-widget-spacer\" data-id=\"fb9776e\" data-element_type=\"widget\" data-e-type=\"widget\" data-widget_type=\"spacer.default\">\n\t\t\t\t<div class=\"elementor-widget-container\">\n\t\t\t\t\t\t\t<div class=\"elementor-spacer\">\n\t\t\t<div class=\"elementor-spacer-inner\"><\/div>\n\t\t<\/div>\n\t\t\t\t\t\t<\/div>\n\t\t\t\t<\/div>\n\t\t\t\t<div class=\"elementor-element elementor-element-ed045b2 elementor-widget elementor-widget-heading\" data-id=\"ed045b2\" data-element_type=\"widget\" data-e-type=\"widget\" data-widget_type=\"heading.default\">\n\t\t\t\t<div class=\"elementor-widget-container\">\n\t\t\t\t\t<h3 class=\"elementor-heading-title elementor-size-default\">Was ist eine gesch\u00e4digte Partei?<\/h3>\t\t\t\t<\/div>\n\t\t\t\t<\/div>\n\t\t\t\t<div class=\"elementor-element elementor-element-1c7e99e color-scheme-inherit text-left elementor-widget elementor-widget-text-editor\" data-id=\"1c7e99e\" data-element_type=\"widget\" data-e-type=\"widget\" data-widget_type=\"text-editor.default\">\n\t\t\t\t<div class=\"elementor-widget-container\">\n\t\t\t\t\t\t\t\t\t<p>Eine gesch\u00e4digte Partei ist jemand, der durch eine Straftat einen Schaden erlitten hat und daf\u00fcr im Strafverfahren eine Entsch\u00e4digung vom Angeklagten verlangen kann. Dabei kann es sich sowohl um materielle Sch\u00e4den, wie z.B. zerbrochene Kleidung und besch\u00e4digtes Eigentum, als auch um emotionale Sch\u00e4den handeln. Die Einreichung eines Antrags auf Entsch\u00e4digung erfolgt \u00fcber ein Formular f\u00fcr eine Schadensmeldung oder eine Nebenklage.<\/p>\t\t\t\t\t\t\t\t<\/div>\n\t\t\t\t<\/div>\n\t\t\t\t<div class=\"elementor-element elementor-element-f983b12 elementor-widget elementor-widget-spacer\" data-id=\"f983b12\" data-element_type=\"widget\" data-e-type=\"widget\" data-widget_type=\"spacer.default\">\n\t\t\t\t<div class=\"elementor-widget-container\">\n\t\t\t\t\t\t\t<div class=\"elementor-spacer\">\n\t\t\t<div class=\"elementor-spacer-inner\"><\/div>\n\t\t<\/div>\n\t\t\t\t\t\t<\/div>\n\t\t\t\t<\/div>\n\t\t\t\t<div class=\"elementor-element elementor-element-fb22814 elementor-widget elementor-widget-heading\" data-id=\"fb22814\" data-element_type=\"widget\" data-e-type=\"widget\" data-widget_type=\"heading.default\">\n\t\t\t\t<div class=\"elementor-widget-container\">\n\t\t\t\t\t<h3 class=\"elementor-heading-title elementor-size-default\">Was ist ein Falzbogen?<\/h3>\t\t\t\t<\/div>\n\t\t\t\t<\/div>\n\t\t\t\t<div class=\"elementor-element elementor-element-d85f3d6 color-scheme-inherit text-left elementor-widget elementor-widget-text-editor\" data-id=\"d85f3d6\" data-element_type=\"widget\" data-e-type=\"widget\" data-widget_type=\"text-editor.default\">\n\t\t\t\t<div class=\"elementor-widget-container\">\n\t\t\t\t\t\t\t\t\t<p>Ein Beitrittsformular ist einfach ein Formular, das Sie ausf\u00fcllen, wenn Sie Opfer eines Verbrechens sind und am Prozess gegen die Person, die das Verbrechen begangen hat, teilnehmen m\u00f6chten. Mit diesem Formular fordern Sie eine Entsch\u00e4digung f\u00fcr den Schaden, den Sie durch die Straftat erlitten haben. Es hilft Ihnen, Ihre Rechte zu sch\u00fctzen und an dem Verfahren gegen den T\u00e4ter teilzunehmen.<\/p>\t\t\t\t\t\t\t\t<\/div>\n\t\t\t\t<\/div>\n\t\t\t\t<div class=\"elementor-element elementor-element-0130b7a elementor-widget elementor-widget-spacer\" data-id=\"0130b7a\" data-element_type=\"widget\" data-e-type=\"widget\" data-widget_type=\"spacer.default\">\n\t\t\t\t<div class=\"elementor-widget-container\">\n\t\t\t\t\t\t\t<div class=\"elementor-spacer\">\n\t\t\t<div class=\"elementor-spacer-inner\"><\/div>\n\t\t<\/div>\n\t\t\t\t\t\t<\/div>\n\t\t\t\t<\/div>\n\t\t\t\t<div class=\"elementor-element elementor-element-64ae864 elementor-widget elementor-widget-heading\" data-id=\"64ae864\" data-element_type=\"widget\" data-e-type=\"widget\" data-widget_type=\"heading.default\">\n\t\t\t\t<div class=\"elementor-widget-container\">\n\t\t\t\t\t<h3 class=\"elementor-heading-title elementor-size-default\">Anspruch des Gesch\u00e4digten<\/h3>\t\t\t\t<\/div>\n\t\t\t\t<\/div>\n\t\t\t\t<div class=\"elementor-element elementor-element-069524a color-scheme-inherit text-left elementor-widget elementor-widget-text-editor\" data-id=\"069524a\" data-element_type=\"widget\" data-e-type=\"widget\" data-widget_type=\"text-editor.default\">\n\t\t\t\t<div class=\"elementor-widget-container\">\n\t\t\t\t\t\t\t\t\t<p>Gesch\u00e4digte k\u00f6nnen verschiedene Arten von Schadensersatzanspr\u00fcchen geltend machen. Nachstehend haben wir alle Arten von Schadenersatz aufgelistet.<\/p><ul><li><strong>Sachschaden<\/strong>: Dies sind Sch\u00e4den, die sich in Geld ausdr\u00fccken lassen, wie Arztrechnungen, Einkommensverluste, besch\u00e4digte Gegenst\u00e4nde oder andere Dinge, f\u00fcr die Sie aufgrund einer Straftat Geld ben\u00f6tigen.<\/li><li><strong>Immaterieller Schaden:<\/strong> Dies ist ein Schaden, den Sie nicht mit Geld messen k\u00f6nnen, wie z.B. Gef\u00fchle von Traurigkeit, Angst oder Stress aufgrund des Geschehenen.<\/li><li><strong>Sto\u00dfschaden<\/strong>: Wenn Sie durch einen schweren Unfall oder ein Verbrechen sehr ersch\u00fcttert sind, kann dies zu emotionalen Sch\u00e4den und Stress f\u00fchren.<\/li><li><strong>Emotionaler Schaden<\/strong>: Dies ist der emotionale Schmerz, den Familienangeh\u00f6rige wie Eltern, Kinder, Partner und Geschwister empfinden, wenn ein nahestehender Mensch verletzt wurde oder verstorben ist.<\/li><li><strong>Prozesskosten<\/strong>: Dies sind die Kosten, die Sie f\u00fcr die Durchf\u00fchrung eines Gerichtsverfahrens zahlen m\u00fcssen, wie beispielsweise Anwaltskosten oder Gerichtsgeb\u00fchren.<\/li><li><strong>Gesetzlicher Zinssatz<\/strong>: Dies ist ein zus\u00e4tzlicher Betrag, der zu der Verg\u00fctung hinzukommt, die Sie erhalten, um die Tatsache auszugleichen, dass<\/li><li><strong>Schadensersatzma\u00dfnahme<\/strong>: Der T\u00e4ter muss als Teil seiner Strafe f\u00fcr den verursachten Schaden aufkommen. Dies hilft dem Opfer, sich zu erholen, indem es Geld vom Schuldigen erh\u00e4lt.<\/li><\/ul>\t\t\t\t\t\t\t\t<\/div>\n\t\t\t\t<\/div>\n\t\t\t\t<div class=\"elementor-element elementor-element-b749a1c elementor-widget elementor-widget-spacer\" data-id=\"b749a1c\" data-element_type=\"widget\" data-e-type=\"widget\" data-widget_type=\"spacer.default\">\n\t\t\t\t<div class=\"elementor-widget-container\">\n\t\t\t\t\t\t\t<div class=\"elementor-spacer\">\n\t\t\t<div class=\"elementor-spacer-inner\"><\/div>\n\t\t<\/div>\n\t\t\t\t\t\t<\/div>\n\t\t\t\t<\/div>\n\t\t\t\t<div class=\"elementor-element elementor-element-a06fffd elementor-widget elementor-widget-heading\" data-id=\"a06fffd\" data-element_type=\"widget\" data-e-type=\"widget\" data-widget_type=\"heading.default\">\n\t\t\t\t<div class=\"elementor-widget-container\">\n\t\t\t\t\t<h3 class=\"elementor-heading-title elementor-size-default\">Verfahren f\u00fcr gesch\u00e4digte Parteien<\/h3>\t\t\t\t<\/div>\n\t\t\t\t<\/div>\n\t\t\t\t<div class=\"elementor-element elementor-element-df6336f color-scheme-inherit text-left elementor-widget elementor-widget-text-editor\" data-id=\"df6336f\" data-element_type=\"widget\" data-e-type=\"widget\" data-widget_type=\"text-editor.default\">\n\t\t\t\t<div class=\"elementor-widget-container\">\n\t\t\t\t\t\t\t\t\t<p>Der Anwalt wird Ihnen mitteilen, ob es notwendig ist, dass Sie bei der Anh\u00f6rung anwesend sind. Nach dem Urteil wird der Anwalt die Entscheidung mit Ihnen besprechen und auch im Auge behalten, ob der Angeklagte oder die Staatsanwaltschaft in Berufung gehen wird. Sollte dies der Fall sein, ist es wichtig, dass Sie als Gesch\u00e4digter in Berufung gehen, damit Sie das bestm\u00f6gliche Ergebnis erzielen k\u00f6nnen.<\/p><p>Es ist wichtig zu beachten, dass der Gesch\u00e4digte in der Berufung weder seine Forderung erh\u00f6hen noch neuen Schadenersatz geltend machen kann.<\/p>\t\t\t\t\t\t\t\t<\/div>\n\t\t\t\t<\/div>\n\t\t\t\t<div class=\"elementor-element elementor-element-3d4f5e6 elementor-widget elementor-widget-spacer\" data-id=\"3d4f5e6\" data-element_type=\"widget\" data-e-type=\"widget\" data-widget_type=\"spacer.default\">\n\t\t\t\t<div class=\"elementor-widget-container\">\n\t\t\t\t\t\t\t<div class=\"elementor-spacer\">\n\t\t\t<div class=\"elementor-spacer-inner\"><\/div>\n\t\t<\/div>\n\t\t\t\t\t\t<\/div>\n\t\t\t\t<\/div>\n\t\t\t\t<div class=\"elementor-element elementor-element-b4ea4a9 elementor-widget elementor-widget-heading\" data-id=\"b4ea4a9\" data-element_type=\"widget\" data-e-type=\"widget\" data-widget_type=\"heading.default\">\n\t\t\t\t<div class=\"elementor-widget-container\">\n\t\t\t\t\t<h3 class=\"elementor-heading-title elementor-size-default\">Besondere Rechte als Gesch\u00e4digter<\/h3>\t\t\t\t<\/div>\n\t\t\t\t<\/div>\n\t\t\t\t<div class=\"elementor-element elementor-element-61027f5 color-scheme-inherit text-left elementor-widget elementor-widget-text-editor\" data-id=\"61027f5\" data-element_type=\"widget\" data-e-type=\"widget\" data-widget_type=\"text-editor.default\">\n\t\t\t\t<div class=\"elementor-widget-container\">\n\t\t\t\t\t\t\t\t\t<p>Als Gesch\u00e4digter haben Sie in der Tat mehr Rechte:<\/p><ul><li><strong>Kopie des offiziellen Berichts: <\/strong>k\u00f6nnen Sie bei der Polizei eine Kopie des offiziellen Berichts anfordern. Sie erhalten dann alle Aussagen und Dokumente \u00fcber das Verbrechen.<\/li><li><strong>Anwesenheit bei allen Sitzungen:<\/strong> k\u00f6nnen Sie an allen Anh\u00f6rungen teilnehmen, auch an den Jugendanh\u00f6rungen. Diese Jugendsitzungen sind geschlossene Sitzungen, aber als gesch\u00e4digte Partei haben Sie trotzdem das Recht, in diesem Fall teilzunehmen.<\/li><\/ul>\t\t\t\t\t\t\t\t<\/div>\n\t\t\t\t<\/div>\n\t\t\t\t<div class=\"elementor-element elementor-element-4e5ae62 elementor-widget elementor-widget-spacer\" data-id=\"4e5ae62\" data-element_type=\"widget\" data-e-type=\"widget\" data-widget_type=\"spacer.default\">\n\t\t\t\t<div class=\"elementor-widget-container\">\n\t\t\t\t\t\t\t<div class=\"elementor-spacer\">\n\t\t\t<div class=\"elementor-spacer-inner\"><\/div>\n\t\t<\/div>\n\t\t\t\t\t\t<\/div>\n\t\t\t\t<\/div>\n\t\t\t\t<div class=\"elementor-element elementor-element-75ad9c9 elementor-widget elementor-widget-heading\" data-id=\"75ad9c9\" data-element_type=\"widget\" data-e-type=\"widget\" data-widget_type=\"heading.default\">\n\t\t\t\t<div class=\"elementor-widget-container\">\n\t\t\t\t\t<h3 class=\"elementor-heading-title elementor-size-default\">Der Tod des Gesch\u00e4digten\n<\/h3>\t\t\t\t<\/div>\n\t\t\t\t<\/div>\n\t\t\t\t<div class=\"elementor-element elementor-element-559e5e4 color-scheme-inherit text-left elementor-widget elementor-widget-text-editor\" data-id=\"559e5e4\" data-element_type=\"widget\" data-e-type=\"widget\" data-widget_type=\"text-editor.default\">\n\t\t\t\t<div class=\"elementor-widget-container\">\n\t\t\t\t\t\t\t\t\t<p>Wenn das Opfer (der Gesch\u00e4digte) an den Folgen der Straftat gestorben ist, k\u00f6nnen die n\u00e4chsten Angeh\u00f6rigen, wie z.B. Familienmitglieder, als Gesch\u00e4digte auftreten und im Strafverfahren eine Entsch\u00e4digung verlangen.<\/p><p>Bitte beachten Sie, dass Sie dem Fall nur dann als \u00dcberlebender beitreten k\u00f6nnen, wenn sicher ist, dass das Opfer tats\u00e4chlich an den Folgen des Verbrechens gestorben ist.<\/p>\t\t\t\t\t\t\t\t<\/div>\n\t\t\t\t<\/div>\n\t\t\t\t<div class=\"elementor-element elementor-element-e9ddc44 elementor-widget elementor-widget-spacer\" data-id=\"e9ddc44\" data-element_type=\"widget\" data-e-type=\"widget\" data-widget_type=\"spacer.default\">\n\t\t\t\t<div class=\"elementor-widget-container\">\n\t\t\t\t\t\t\t<div class=\"elementor-spacer\">\n\t\t\t<div class=\"elementor-spacer-inner\"><\/div>\n\t\t<\/div>\n\t\t\t\t\t\t<\/div>\n\t\t\t\t<\/div>\n\t\t\t\t<div class=\"elementor-element elementor-element-405dfb0 elementor-widget elementor-widget-heading\" data-id=\"405dfb0\" data-element_type=\"widget\" data-e-type=\"widget\" data-widget_type=\"heading.default\">\n\t\t\t\t<div class=\"elementor-widget-container\">\n\t\t\t\t\t<h3 class=\"elementor-heading-title elementor-size-default\">Anwalt der gesch\u00e4digten Partei\n<\/h3>\t\t\t\t<\/div>\n\t\t\t\t<\/div>\n\t\t\t\t<div class=\"elementor-element elementor-element-4b29bf3 color-scheme-inherit text-left elementor-widget elementor-widget-text-editor\" data-id=\"4b29bf3\" data-element_type=\"widget\" data-e-type=\"widget\" data-widget_type=\"text-editor.default\">\n\t\t\t\t<div class=\"elementor-widget-container\">\n\t\t\t\t\t\t\t\t\t<p>Es ist wichtig, einen Anwalt zu konsultieren, bevor Sie sich als Gesch\u00e4digter einem Strafverfahren anschlie\u00dfen. Sie k\u00f6nnen mit dem Anwalt besprechen, wie Sie Ihren Antrag am besten stellen, und der Anwalt kann die Akten f\u00fcr Sie anfordern und Sie \u00fcber die Beweise gegen den Angeklagten informieren.<\/p><p>Sie k\u00f6nnen auf unsere spezialisierten Anw\u00e4lte z\u00e4hlen, egal ob Sie Angeklagter oder Opfer sind.<\/p><p>Wenn Sie sich mit uns in Verbindung setzen, sorgen wir daf\u00fcr, dass Sie direkt mit einem <a href=\"https:\/\/www.derbedrosian.nl\/de\/rechtsanwalte-2\/\">Fachanwalt<\/a> der Ihnen als Gesch\u00e4digter w\u00e4hrend des Strafverfahrens mit Rat und Tat zur Seite stehen kann<\/p>\t\t\t\t\t\t\t\t<\/div>\n\t\t\t\t<\/div>\n\t\t\t\t\t<\/div>\n\t\t\t\t<\/div>\n\t\t\t\t<\/div>","protected":false},"excerpt":{"rendered":"<p>Gesch\u00e4digter Verstorbener Gesch\u00e4digter Getrennte Behandlung des Anspruchs Gesch\u00e4digter des Anspruchs Gesch\u00e4digter des Anspruchs Strafrechtlicher Anwalt enschede Anwalt<\/p>","protected":false},"author":1,"featured_media":0,"parent":10047,"menu_order":0,"comment_status":"closed","ping_status":"closed","template":"","meta":{"footnotes":""},"class_list":["post-10496","page","type-page","status-publish","hentry"],"_links":{"self":[{"href":"https:\/\/www.derbedrosian.nl\/de\/wp-json\/wp\/v2\/pages\/10496","targetHints":{"allow":["GET"]}}],"collection":[{"href":"https:\/\/www.derbedrosian.nl\/de\/wp-json\/wp\/v2\/pages"}],"about":[{"href":"https:\/\/www.derbedrosian.nl\/de\/wp-json\/wp\/v2\/types\/page"}],"author":[{"embeddable":true,"href":"https:\/\/www.derbedrosian.nl\/de\/wp-json\/wp\/v2\/users\/1"}],"replies":[{"embeddable":true,"href":"https:\/\/www.derbedrosian.nl\/de\/wp-json\/wp\/v2\/comments?post=10496"}],"version-history":[{"count":0,"href":"https:\/\/www.derbedrosian.nl\/de\/wp-json\/wp\/v2\/pages\/10496\/revisions"}],"up":[{"embeddable":true,"href":"https:\/\/www.derbedrosian.nl\/de\/wp-json\/wp\/v2\/pages\/10047"}],"wp:attachment":[{"href":"https:\/\/www.derbedrosian.nl\/de\/wp-json\/wp\/v2\/media?parent=10496"}],"curies":[{"name":"wp","href":"https:\/\/api.w.org\/{rel}","templated":true}]}}