{"id":10488,"date":"2023-05-25T15:35:11","date_gmt":"2023-05-25T13:35:11","guid":{"rendered":"https:\/\/derbedrosian.nl\/?page_id=10488"},"modified":"2025-12-21T15:46:34","modified_gmt":"2025-12-21T13:46:34","slug":"beleidigen","status":"publish","type":"page","link":"https:\/\/www.derbedrosian.nl\/de\/rechtsgebieden\/strafrecht\/belediging\/","title":{"rendered":"Beleidigung"},"content":{"rendered":"<div data-elementor-type=\"wp-page\" data-elementor-id=\"10488\" class=\"elementor elementor-10488\" data-elementor-post-type=\"page\">\n\t\t\t\t<div class=\"wd-negative-gap elementor-element elementor-element-f5caaf7 e-flex e-con-boxed e-con e-parent\" data-id=\"f5caaf7\" data-element_type=\"container\" data-e-type=\"container\">\n\t\t\t\t\t<div class=\"e-con-inner\">\n\t\t\t\t<div class=\"elementor-element elementor-element-450f538 elementor-hidden-desktop elementor-hidden-tablet elementor-hidden-mobile elementor-widget elementor-widget-wd_image_or_svg\" data-id=\"450f538\" data-element_type=\"widget\" data-e-type=\"widget\" id=\"seo-word\" data-widget_type=\"wd_image_or_svg.default\">\n\t\t\t\t<div class=\"elementor-widget-container\">\n\t\t\t\t\t\n\t\t<div class=\"wd-image text-center\">\n\t\t\t\t\t\t\t\t<img loading=\"lazy\" decoding=\"async\" width=\"1000\" height=\"667\" src=\"https:\/\/www.derbedrosian.nl\/wp-content\/uploads\/belediging-advocaat.jpg\" class=\"attachment-full size-full\" alt=\"\u00fcble Nachrede Verleumdung Beamter im Amt Anwalt\" srcset=\"https:\/\/www.derbedrosian.nl\/wp-content\/uploads\/belediging-advocaat.jpg 1000w, https:\/\/www.derbedrosian.nl\/wp-content\/uploads\/belediging-advocaat-400x267.jpg 400w, https:\/\/www.derbedrosian.nl\/wp-content\/uploads\/belediging-advocaat-768x512.jpg 768w\" sizes=\"auto, (max-width: 1000px) 100vw, 1000px\" title=\"\">\t\t\t\t\t<\/div>\n\n\t\t\t\t\t\t<\/div>\n\t\t\t\t<\/div>\n\t\t\t\t<div class=\"elementor-element elementor-element-49512f8 elementor-hidden-desktop elementor-hidden-tablet elementor-hidden-mobile elementor-widget elementor-widget-heading\" data-id=\"49512f8\" data-element_type=\"widget\" data-e-type=\"widget\" id=\"seo-word\" data-widget_type=\"heading.default\">\n\t\t\t\t<div class=\"elementor-widget-container\">\n\t\t\t\t\t<h2 class=\"elementor-heading-title elementor-size-default\">Beleidigung Verleumdung Verleumdung<\/h2>\t\t\t\t<\/div>\n\t\t\t\t<\/div>\n\t\t\t\t<div class=\"elementor-element elementor-element-b7b9180 elementor-hidden-desktop elementor-hidden-tablet elementor-hidden-mobile elementor-widget elementor-widget-heading\" data-id=\"b7b9180\" data-element_type=\"widget\" data-e-type=\"widget\" id=\"seo-word\" data-widget_type=\"heading.default\">\n\t\t\t\t<div class=\"elementor-widget-container\">\n\t\t\t\t\t<h5 class=\"elementor-heading-title elementor-size-default\">Beleidigung eines Beamten im Amt<\/h5>\t\t\t\t<\/div>\n\t\t\t\t<\/div>\n\t\t\t\t<div class=\"elementor-element elementor-element-42c27a5 elementor-hidden-desktop elementor-hidden-tablet elementor-hidden-mobile elementor-widget elementor-widget-heading\" data-id=\"42c27a5\" data-element_type=\"widget\" data-e-type=\"widget\" id=\"seo-word\" data-widget_type=\"heading.default\">\n\t\t\t\t<div class=\"elementor-widget-container\">\n\t\t\t\t\t<h5 class=\"elementor-heading-title elementor-size-default\">Beleidigungsdelikt<\/h5>\t\t\t\t<\/div>\n\t\t\t\t<\/div>\n\t\t\t\t<div class=\"elementor-element elementor-element-713e47e elementor-hidden-desktop elementor-hidden-tablet elementor-hidden-mobile elementor-widget elementor-widget-heading\" data-id=\"713e47e\" data-element_type=\"widget\" data-e-type=\"widget\" id=\"seo-word\" data-widget_type=\"heading.default\">\n\t\t\t\t<div class=\"elementor-widget-container\">\n\t\t\t\t\t<h5 class=\"elementor-heading-title elementor-size-default\">beleidigender Anwalt<\/h5>\t\t\t\t<\/div>\n\t\t\t\t<\/div>\n\t\t\t\t<div class=\"elementor-element elementor-element-813d85e elementor-hidden-desktop elementor-hidden-tablet elementor-hidden-mobile elementor-widget elementor-widget-heading\" data-id=\"813d85e\" data-element_type=\"widget\" data-e-type=\"widget\" id=\"seo-word\" data-widget_type=\"heading.default\">\n\t\t\t\t<div class=\"elementor-widget-container\">\n\t\t\t\t\t<h5 class=\"elementor-heading-title elementor-size-default\">Anwalt f\u00fcr Strafrecht enschede<\/h5>\t\t\t\t<\/div>\n\t\t\t\t<\/div>\n\t\t\t\t<div class=\"elementor-element elementor-element-b444ed6 elementor-hidden-desktop elementor-hidden-tablet elementor-hidden-mobile elementor-widget elementor-widget-heading\" data-id=\"b444ed6\" data-element_type=\"widget\" data-e-type=\"widget\" id=\"seo-word\" data-widget_type=\"heading.default\">\n\t\t\t\t<div class=\"elementor-widget-container\">\n\t\t\t\t\t<h5 class=\"elementor-heading-title elementor-size-default\">Strafrecht enschede<\/h5>\t\t\t\t<\/div>\n\t\t\t\t<\/div>\n\t\t\t\t<div class=\"elementor-element elementor-element-dc496f1 elementor-hidden-desktop elementor-hidden-tablet elementor-hidden-mobile elementor-widget elementor-widget-heading\" data-id=\"dc496f1\" data-element_type=\"widget\" data-e-type=\"widget\" id=\"seo-word\" data-widget_type=\"heading.default\">\n\t\t\t\t<div class=\"elementor-widget-container\">\n\t\t\t\t\t<h5 class=\"elementor-heading-title elementor-size-default\">Anwalt Strafrecht Enschede\n<\/h5>\t\t\t\t<\/div>\n\t\t\t\t<\/div>\n\t\t\t\t<div class=\"elementor-element elementor-element-0dd2621 elementor-hidden-desktop elementor-hidden-tablet elementor-hidden-mobile elementor-widget elementor-widget-heading\" data-id=\"0dd2621\" data-element_type=\"widget\" data-e-type=\"widget\" id=\"seo-word\" data-widget_type=\"heading.default\">\n\t\t\t\t<div class=\"elementor-widget-container\">\n\t\t\t\t\t<h5 class=\"elementor-heading-title elementor-size-default\">Anwalt Strafrecht Overijssel<\/h5>\t\t\t\t<\/div>\n\t\t\t\t<\/div>\n\t\t\t\t<div class=\"elementor-element elementor-element-b70cc7f elementor-hidden-desktop elementor-hidden-tablet elementor-hidden-mobile elementor-widget elementor-widget-heading\" data-id=\"b70cc7f\" data-element_type=\"widget\" data-e-type=\"widget\" id=\"seo-word\" data-widget_type=\"heading.default\">\n\t\t\t\t<div class=\"elementor-widget-container\">\n\t\t\t\t\t<h5 class=\"elementor-heading-title elementor-size-default\">In Enschede und Overijssel stehen Ihnen die erfahrenen Strafrechtsanw\u00e4lte von Derbedrosian Criminal Lawyers zur Seite. Unsere Anw\u00e4lte in Enschede verf\u00fcgen \u00fcber umfangreiche Erfahrung in Strafsachen, einschlie\u00dflich F\u00e4llen von Beleidigung und damit zusammenh\u00e4ngenden Straftaten.\n\nDie Beleidigung eines Amtstr\u00e4gers ist eine Straftat, die strafrechtlich geahndet wird. Diffamierung, Verleumdung und \u00fcble Nachrede sind allesamt Straftatbest\u00e4nde, die sich auf die Sch\u00e4digung des Rufs oder der Ehre einer Person beziehen.\n\nEs ist wichtig zu verstehen, dass Verleumdung eine Straftat ist und rechtliche Konsequenzen nach sich ziehen kann. Wenn Sie mit dem Vorwurf der Diffamierung, Verleumdung oder \u00fcblen Nachrede konfrontiert sind, sollten Sie unbedingt rechtlichen Rat einholen und die entsprechenden Schritte einleiten.\n\nUnsere Anw\u00e4lte in Enschede beraten Sie und vertreten Ihre Interessen in F\u00e4llen von Verleumdung und damit zusammenh\u00e4ngenden Straftaten. Wenn Sie rechtlichen Beistand ben\u00f6tigen, z\u00f6gern Sie nicht, Derbedrosian Criminal Lawyers zu kontaktieren. Wir sind hier, um Ihnen zu helfen und Ihren Fall zu bearbeiten.<\/h5>\t\t\t\t<\/div>\n\t\t\t\t<\/div>\n\t\t\t\t<div class=\"elementor-element elementor-element-9578370 color-scheme-inherit text-left elementor-widget elementor-widget-text-editor\" data-id=\"9578370\" data-element_type=\"widget\" data-e-type=\"widget\" data-widget_type=\"text-editor.default\">\n\t\t\t\t<div class=\"elementor-widget-container\">\n\t\t\t\t\t\t\t\t\t<p><strong>In den Niederlanden k\u00f6nnen Sie Ihre Meinung frei \u00e4u\u00dfern, aber nicht alles ist ohne Konsequenzen erlaubt. Beleidigungen, Verleumdungen und Diffamierungen k\u00f6nnen von Beschimpfungen bis hin zu Online-Verleumdungen reichen und haben das Potenzial, der Ehre und dem Ruf einer Person erheblichen Schaden zuzuf\u00fcgen.<\/strong><\/p><p><strong>Im Strafgesetzbuch gibt es Vorschriften, die Ihre \u00c4u\u00dferungen einschr\u00e4nken. Zum Beispiel sind Beleidigungen nach den Paragraphen 266 und 267 nicht erlaubt. Diese Gesetze sollen Menschen vor Rufsch\u00e4digung sch\u00fctzen.<\/strong><\/p>\t\t\t\t\t\t\t\t<\/div>\n\t\t\t\t<\/div>\n\t\t\t\t<div class=\"elementor-element elementor-element-b149e06 elementor-widget elementor-widget-spacer\" data-id=\"b149e06\" data-element_type=\"widget\" data-e-type=\"widget\" data-widget_type=\"spacer.default\">\n\t\t\t\t<div class=\"elementor-widget-container\">\n\t\t\t\t\t\t\t<div class=\"elementor-spacer\">\n\t\t\t<div class=\"elementor-spacer-inner\"><\/div>\n\t\t<\/div>\n\t\t\t\t\t\t<\/div>\n\t\t\t\t<\/div>\n\t\t\t\t<div class=\"elementor-element elementor-element-275714a elementor-widget elementor-widget-heading\" data-id=\"275714a\" data-element_type=\"widget\" data-e-type=\"widget\" data-widget_type=\"heading.default\">\n\t\t\t\t<div class=\"elementor-widget-container\">\n\t\t\t\t\t<h3 class=\"elementor-heading-title elementor-size-default\">Was ist eine Beleidigung?<\/h3>\t\t\t\t<\/div>\n\t\t\t\t<\/div>\n\t\t\t\t<div class=\"elementor-element elementor-element-1fa19c7 color-scheme-inherit text-left elementor-widget elementor-widget-text-editor\" data-id=\"1fa19c7\" data-element_type=\"widget\" data-e-type=\"widget\" data-widget_type=\"text-editor.default\">\n\t\t\t\t<div class=\"elementor-widget-container\">\n\t\t\t\t\t\t\t\t\t<p>Eine Beleidigung ist einfach etwas, das Menschen sagen oder tun, um jemanden l\u00e4cherlich zu machen oder herabzusetzen. Das kann absichtlich oder versehentlich geschehen, aber das Ziel ist in der Regel, die andere Person zu dem\u00fctigen.<\/p>\t\t\t\t\t\t\t\t<\/div>\n\t\t\t\t<\/div>\n\t\t\t\t<div class=\"elementor-element elementor-element-4bbd213 elementor-widget elementor-widget-spacer\" data-id=\"4bbd213\" data-element_type=\"widget\" data-e-type=\"widget\" data-widget_type=\"spacer.default\">\n\t\t\t\t<div class=\"elementor-widget-container\">\n\t\t\t\t\t\t\t<div class=\"elementor-spacer\">\n\t\t\t<div class=\"elementor-spacer-inner\"><\/div>\n\t\t<\/div>\n\t\t\t\t\t\t<\/div>\n\t\t\t\t<\/div>\n\t\t\t\t<div class=\"elementor-element elementor-element-57b25d1 elementor-widget elementor-widget-heading\" data-id=\"57b25d1\" data-element_type=\"widget\" data-e-type=\"widget\" data-widget_type=\"heading.default\">\n\t\t\t\t<div class=\"elementor-widget-container\">\n\t\t\t\t\t<h3 class=\"elementor-heading-title elementor-size-default\">Wann sind Beleidigungen strafbar?<\/h3>\t\t\t\t<\/div>\n\t\t\t\t<\/div>\n\t\t\t\t<div class=\"elementor-element elementor-element-2bba180 color-scheme-inherit text-left elementor-widget elementor-widget-text-editor\" data-id=\"2bba180\" data-element_type=\"widget\" data-e-type=\"widget\" data-widget_type=\"text-editor.default\">\n\t\t\t\t<div class=\"elementor-widget-container\">\n\t\t\t\t\t\t\t\t\t<p>Obwohl Beleidigungen oft als schockierend und beleidigend empfunden werden, fallen viele \u00c4u\u00dferungen immer noch unter das Recht auf freie Meinungs\u00e4u\u00dferung, wenn auch mit gewissen Einschr\u00e4nkungen. Im Bereich der Beleidigung wird zwischen absichtlichen und unabsichtlichen Beleidigungen unterschieden. In Artikel 267 des Strafgesetzbuches werden bestimmte Kategorien getrennt behandelt:<\/p><ul><li><strong>\u00d6ffentlich:<\/strong> Beleidigung einer Beh\u00f6rde, einer \u00f6ffentlichen Stelle oder einer \u00f6ffentlichen Einrichtung.<\/li><li><strong>Offiziell im Amt:<\/strong> Beleidigung eines Beamten bei der Aus\u00fcbung seiner Pflichten. Dies k\u00f6nnte zum Beispiel ein Polizeibeamter sein.<\/li><li><strong>Freundlicher Staat:<\/strong> Die Beleidigung eines Mitglieds der Regierung eines befreundeten Staates ist ebenfalls strafbar.<\/li><\/ul>\t\t\t\t\t\t\t\t<\/div>\n\t\t\t\t<\/div>\n\t\t\t\t<div class=\"elementor-element elementor-element-4bbd088 elementor-widget elementor-widget-spacer\" data-id=\"4bbd088\" data-element_type=\"widget\" data-e-type=\"widget\" data-widget_type=\"spacer.default\">\n\t\t\t\t<div class=\"elementor-widget-container\">\n\t\t\t\t\t\t\t<div class=\"elementor-spacer\">\n\t\t\t<div class=\"elementor-spacer-inner\"><\/div>\n\t\t<\/div>\n\t\t\t\t\t\t<\/div>\n\t\t\t\t<\/div>\n\t\t\t\t<div class=\"elementor-element elementor-element-62e77f4 elementor-widget elementor-widget-heading\" data-id=\"62e77f4\" data-element_type=\"widget\" data-e-type=\"widget\" data-widget_type=\"heading.default\">\n\t\t\t\t<div class=\"elementor-widget-container\">\n\t\t\t\t\t<h3 class=\"elementor-heading-title elementor-size-default\">Verschiedene Arten von Beleidigungen<\/h3>\t\t\t\t<\/div>\n\t\t\t\t<\/div>\n\t\t\t\t<div class=\"elementor-element elementor-element-3a8e1ad color-scheme-inherit text-left elementor-widget elementor-widget-text-editor\" data-id=\"3a8e1ad\" data-element_type=\"widget\" data-e-type=\"widget\" data-widget_type=\"text-editor.default\">\n\t\t\t\t<div class=\"elementor-widget-container\">\n\t\t\t\t\t\t\t\t\t<ul><li>Im Strafgesetzbuch gibt es drei Arten der Beleidigung, n\u00e4mlich;<\/li><li><strong>Beleidigung:<\/strong> Wenn jemand absichtlich versucht, die Ehre oder den Ruf von jemandem zu sch\u00e4digen. Dies kann durch Worte, geschriebenen Text, aber zum Beispiel auch durch Bilder geschehen.<\/li><li><strong>Verleumdung:<\/strong>\u00a0Wenn jemand versucht, Ihren guten Ruf zu sch\u00e4digen, indem er negative Informationen \u00fcber Sie verbreitet, selbst wenn diese Informationen nicht wahr sind. Ein Beispiel hierf\u00fcr ist, wenn Sie im Gef\u00e4ngnis waren und jemand falsche Behauptungen \u00fcber Ihre Zeit dort verbreitet<\/li><li><strong>Verleumdung:<\/strong> Verleumdung ist der \u00fcblen Nachrede sehr \u00e4hnlich, nur dass es sich bei der \u00fcblen Nachrede um eine L\u00fcge \u00fcber eine Person oder Gruppe handelt, die sich somit als nicht wahr herausstellt.<\/li><\/ul><p>In allen drei F\u00e4llen handelt es sich um Beschwerdedelikte.<br \/>Eine Person wird nur dann strafrechtlich verfolgt, wenn das Opfer dies beantragt.<\/p>\t\t\t\t\t\t\t\t<\/div>\n\t\t\t\t<\/div>\n\t\t\t\t<div class=\"elementor-element elementor-element-5cb15f3 elementor-widget elementor-widget-spacer\" data-id=\"5cb15f3\" data-element_type=\"widget\" data-e-type=\"widget\" data-widget_type=\"spacer.default\">\n\t\t\t\t<div class=\"elementor-widget-container\">\n\t\t\t\t\t\t\t<div class=\"elementor-spacer\">\n\t\t\t<div class=\"elementor-spacer-inner\"><\/div>\n\t\t<\/div>\n\t\t\t\t\t\t<\/div>\n\t\t\t\t<\/div>\n\t\t\t\t<div class=\"elementor-element elementor-element-78cf454 elementor-widget elementor-widget-heading\" data-id=\"78cf454\" data-element_type=\"widget\" data-e-type=\"widget\" data-widget_type=\"heading.default\">\n\t\t\t\t<div class=\"elementor-widget-container\">\n\t\t\t\t\t<h3 class=\"elementor-heading-title elementor-size-default\">Wann gilt ein beleidigendes Verhalten als Straftat?\n<\/h3>\t\t\t\t<\/div>\n\t\t\t\t<\/div>\n\t\t\t\t<div class=\"elementor-element elementor-element-a4ba26c color-scheme-inherit text-left elementor-widget elementor-widget-text-editor\" data-id=\"a4ba26c\" data-element_type=\"widget\" data-e-type=\"widget\" data-widget_type=\"text-editor.default\">\n\t\t\t\t<div class=\"elementor-widget-container\">\n\t\t\t\t\t\t\t\t\t<p>Wann ist beleidigendes Verhalten eine Straftat?<\/p><p>Um festzustellen, ob etwas eine Beleidigung ist, m\u00fcssen mehrere Faktoren ber\u00fccksichtigt werden.<\/p><ul><li><strong>Tats\u00e4chliche Beleidigung:<\/strong>\u00a0die \u00c4u\u00dferung muss wirklich beleidigend sein, d.h. sie muss die Ehre, den Ruf oder die W\u00fcrde einer Person beeintr\u00e4chtigen.<\/li><li><strong>Intention:<\/strong>\u00a0Damit ist gemeint, dass Vorsatz vorliegt, d.h. dass der T\u00e4ter die Absicht hatte, die Person oder Gruppe zu beleidigen.<\/li><li><strong>Die Art des Ausdrucks:<\/strong>\u00a0Eine Beleidigung kann auf unterschiedliche Weise ausgedr\u00fcckt werden. Zum Beispiel m\u00fcndlich (in einer Rede) oder schriftlich (in einem Brief oder einer E-Mail).<\/li><\/ul>\t\t\t\t\t\t\t\t<\/div>\n\t\t\t\t<\/div>\n\t\t\t\t<div class=\"elementor-element elementor-element-dfdb17d elementor-widget elementor-widget-spacer\" data-id=\"dfdb17d\" data-element_type=\"widget\" data-e-type=\"widget\" data-widget_type=\"spacer.default\">\n\t\t\t\t<div class=\"elementor-widget-container\">\n\t\t\t\t\t\t\t<div class=\"elementor-spacer\">\n\t\t\t<div class=\"elementor-spacer-inner\"><\/div>\n\t\t<\/div>\n\t\t\t\t\t\t<\/div>\n\t\t\t\t<\/div>\n\t\t\t\t<div class=\"elementor-element elementor-element-b2e5270 elementor-widget elementor-widget-heading\" data-id=\"b2e5270\" data-element_type=\"widget\" data-e-type=\"widget\" data-widget_type=\"heading.default\">\n\t\t\t\t<div class=\"elementor-widget-container\">\n\t\t\t\t\t<h3 class=\"elementor-heading-title elementor-size-default\">Verfahren Beleidigung, Verleumdung oder \u00fcble Nachrede\n<\/h3>\t\t\t\t<\/div>\n\t\t\t\t<\/div>\n\t\t\t\t<div class=\"elementor-element elementor-element-27dcf70 color-scheme-inherit text-left elementor-widget elementor-widget-text-editor\" data-id=\"27dcf70\" data-element_type=\"widget\" data-e-type=\"widget\" data-widget_type=\"text-editor.default\">\n\t\t\t\t<div class=\"elementor-widget-container\">\n\t\t\t\t\t\t\t\t\t<p>Wenn jemandem ein Verfahren wegen Beleidigung droht, ist es ratsam, die folgenden zwei Dinge zu beachten.<\/p><ul><li><strong>Sammlung von Beweisen:<\/strong> Die Anfertigung von Kopien der notwendigen Dokumente, Fotos, Chatverl\u00e4ufe oder anderer Beweise f\u00fcr die Straftat ist der erste Schritt zu einer starken Verteidigung. Denken Sie an Nachrichten, die der Person oder dem Unternehmen finanziellen Schaden zugef\u00fcgt haben. Aufgezeichnete Telefonanrufe und E-Mails, die eine Person in der Vergangenheit erhalten hat, k\u00f6nnen bei einem Strafverfahren ebenfalls hilfreich sein.<\/li><li><strong>Melden Sie sich bei der Polizei:<\/strong> nachdem die notwendigen Beweise gesammelt wurden, k\u00f6nnen Sie Anzeige bei der Polizei erstatten. Es ist wichtig zu wissen, dass Verleumdung und \u00fcble Nachrede Antragsdelikte sind. Das bedeutet, dass die Anzeige noch innerhalb von acht Tagen zur\u00fcckgezogen werden kann.<\/li><\/ul>\t\t\t\t\t\t\t\t<\/div>\n\t\t\t\t<\/div>\n\t\t\t\t<div class=\"elementor-element elementor-element-8296042 elementor-widget elementor-widget-spacer\" data-id=\"8296042\" data-element_type=\"widget\" data-e-type=\"widget\" data-widget_type=\"spacer.default\">\n\t\t\t\t<div class=\"elementor-widget-container\">\n\t\t\t\t\t\t\t<div class=\"elementor-spacer\">\n\t\t\t<div class=\"elementor-spacer-inner\"><\/div>\n\t\t<\/div>\n\t\t\t\t\t\t<\/div>\n\t\t\t\t<\/div>\n\t\t\t\t<div class=\"elementor-element elementor-element-c925f56 elementor-widget elementor-widget-heading\" data-id=\"c925f56\" data-element_type=\"widget\" data-e-type=\"widget\" data-widget_type=\"heading.default\">\n\t\t\t\t<div class=\"elementor-widget-container\">\n\t\t\t\t\t<h3 class=\"elementor-heading-title elementor-size-default\">Folgen einer Beleidigung<\/h3>\t\t\t\t<\/div>\n\t\t\t\t<\/div>\n\t\t\t\t<div class=\"elementor-element elementor-element-2205c26 color-scheme-inherit text-left elementor-widget elementor-widget-text-editor\" data-id=\"2205c26\" data-element_type=\"widget\" data-e-type=\"widget\" data-widget_type=\"text-editor.default\">\n\t\t\t\t<div class=\"elementor-widget-container\">\n\t\t\t\t\t\t\t\t\tNicht nur die Person, die den Fehler macht, sondern auch das Opfer kann einen gro\u00dfen Schaden erleiden. Wenn zum Beispiel ein Unternehmen schlecht geredet wird, kann dies gro\u00dfen finanziellen Schaden verursachen. Aber auch Einzelpersonen k\u00f6nnen unter falschen Anschuldigungen schwer leiden. Wenn eine Person im Internet sehr negativ dargestellt wird, m\u00f6chten weit weniger Menschen mit dieser Person zusammenarbeiten.\n\t\t\t\t\t\t\t\t<\/div>\n\t\t\t\t<\/div>\n\t\t\t\t<div class=\"elementor-element elementor-element-77fc7e9 elementor-widget elementor-widget-spacer\" data-id=\"77fc7e9\" data-element_type=\"widget\" data-e-type=\"widget\" data-widget_type=\"spacer.default\">\n\t\t\t\t<div class=\"elementor-widget-container\">\n\t\t\t\t\t\t\t<div class=\"elementor-spacer\">\n\t\t\t<div class=\"elementor-spacer-inner\"><\/div>\n\t\t<\/div>\n\t\t\t\t\t\t<\/div>\n\t\t\t\t<\/div>\n\t\t\t\t<div class=\"elementor-element elementor-element-cc22235 elementor-widget elementor-widget-heading\" data-id=\"cc22235\" data-element_type=\"widget\" data-e-type=\"widget\" data-widget_type=\"heading.default\">\n\t\t\t\t<div class=\"elementor-widget-container\">\n\t\t\t\t\t<h3 class=\"elementor-heading-title elementor-size-default\">Beleidigender Anwalt <\/h3>\t\t\t\t<\/div>\n\t\t\t\t<\/div>\n\t\t\t\t<div class=\"elementor-element elementor-element-9d840f9 color-scheme-inherit text-left elementor-widget elementor-widget-text-editor\" data-id=\"9d840f9\" data-element_type=\"widget\" data-e-type=\"widget\" data-widget_type=\"text-editor.default\">\n\t\t\t\t<div class=\"elementor-widget-container\">\n\t\t\t\t\t\t\t\t\t<p>Eine Verurteilung wegen Beleidigung kann zu einem Strafregistereintrag in Ihrem Namen f\u00fchren, der Sie daran hindert, ein F\u00fchrungszeugnis (VOG) zu beantragen. Das wollen Sie nat\u00fcrlich vermeiden. Es ist daher ratsam, sich an einen erfahrenen Anwalt zu wenden, der Ihnen helfen kann, wenn Sie mit Beleidigungen wie Verleumdung oder \u00fcble Nachrede konfrontiert sind.<\/p><p>In der Anwaltskanzlei Der Bedrosian, haben wir <a href=\"https:\/\/www.derbedrosian.nl\/de\/rechtsanwalte-2\/\">Fachanw\u00e4lte<\/a> im <a href=\"https:\/\/www.derbedrosian.nl\/de\/gerichtsbarkeiten\/strafrecht\/\">Strafrecht<\/a> damit sie Ihnen professionelle Hilfe anbieten k\u00f6nnen.\u00a0<\/p><p>Wenn Sie sich mit uns in Verbindung setzen, wird Ihnen einer unserer Anw\u00e4lte so schnell wie m\u00f6glich weiterhelfen.<\/p>\t\t\t\t\t\t\t\t<\/div>\n\t\t\t\t<\/div>\n\t\t\t\t\t<\/div>\n\t\t\t\t<\/div>\n\t\t\t\t<\/div>","protected":false},"excerpt":{"rendered":"<p>verleumdung verleumdung amtsperson verleumdung strafrecht enschede strafrecht enschede rechtsanwalt strafrecht enschede rechtsanwalt strafrecht enschede<\/p>","protected":false},"author":1,"featured_media":0,"parent":10047,"menu_order":5,"comment_status":"closed","ping_status":"closed","template":"","meta":{"footnotes":""},"class_list":["post-10488","page","type-page","status-publish","hentry"],"_links":{"self":[{"href":"https:\/\/www.derbedrosian.nl\/de\/wp-json\/wp\/v2\/pages\/10488","targetHints":{"allow":["GET"]}}],"collection":[{"href":"https:\/\/www.derbedrosian.nl\/de\/wp-json\/wp\/v2\/pages"}],"about":[{"href":"https:\/\/www.derbedrosian.nl\/de\/wp-json\/wp\/v2\/types\/page"}],"author":[{"embeddable":true,"href":"https:\/\/www.derbedrosian.nl\/de\/wp-json\/wp\/v2\/users\/1"}],"replies":[{"embeddable":true,"href":"https:\/\/www.derbedrosian.nl\/de\/wp-json\/wp\/v2\/comments?post=10488"}],"version-history":[{"count":0,"href":"https:\/\/www.derbedrosian.nl\/de\/wp-json\/wp\/v2\/pages\/10488\/revisions"}],"up":[{"embeddable":true,"href":"https:\/\/www.derbedrosian.nl\/de\/wp-json\/wp\/v2\/pages\/10047"}],"wp:attachment":[{"href":"https:\/\/www.derbedrosian.nl\/de\/wp-json\/wp\/v2\/media?parent=10488"}],"curies":[{"name":"wp","href":"https:\/\/api.w.org\/{rel}","templated":true}]}}