{"id":10455,"date":"2023-05-25T13:23:30","date_gmt":"2023-05-25T11:23:30","guid":{"rendered":"https:\/\/derbedrosian.nl\/?page_id=10455"},"modified":"2025-12-20T18:18:16","modified_gmt":"2025-12-20T16:18:16","slug":"beschwerde-nicht-strafverfolgung","status":"publish","type":"page","link":"https:\/\/www.derbedrosian.nl\/de\/rechtsgebieden\/strafrecht\/beklag-niet-vervolging\/","title":{"rendered":"Beschwerde nicht strafrechtlich verfolgt"},"content":{"rendered":"<div data-elementor-type=\"wp-page\" data-elementor-id=\"10455\" class=\"elementor elementor-10455\" data-elementor-post-type=\"page\">\n\t\t\t\t<div class=\"wd-negative-gap elementor-element elementor-element-67d9b49 elementor-hidden-desktop elementor-hidden-tablet elementor-hidden-mobile e-flex e-con-boxed e-con e-parent\" data-id=\"67d9b49\" data-element_type=\"container\" data-e-type=\"container\" id=\"seo-word\">\n\t\t\t\t\t<div class=\"e-con-inner\">\n\t\t\t\t<div class=\"elementor-element elementor-element-42f2392 elementor-widget elementor-widget-wd_image_or_svg\" data-id=\"42f2392\" data-element_type=\"widget\" data-e-type=\"widget\" id=\"seo-word\" data-widget_type=\"wd_image_or_svg.default\">\n\t\t\t\t<div class=\"elementor-widget-container\">\n\t\t\t\t\t\n\t\t<div class=\"wd-image text-left\">\n\t\t\t\t\t\t\t\t<img loading=\"lazy\" decoding=\"async\" width=\"1000\" height=\"667\" src=\"https:\/\/www.derbedrosian.nl\/wp-content\/uploads\/beklag-niet-vervolging.jpeg\" class=\"attachment-full size-full\" alt=\"beschwerde nichtverfolgung, beschwerdeverfahren, artikel 12 sv\" srcset=\"https:\/\/www.derbedrosian.nl\/wp-content\/uploads\/beklag-niet-vervolging.jpeg 1000w, https:\/\/www.derbedrosian.nl\/wp-content\/uploads\/beklag-niet-vervolging-400x267.jpeg 400w, https:\/\/www.derbedrosian.nl\/wp-content\/uploads\/beklag-niet-vervolging-768x512.jpeg 768w\" sizes=\"auto, (max-width: 1000px) 100vw, 1000px\" title=\"\">\t\t\t\t\t<\/div>\n\n\t\t\t\t\t\t<\/div>\n\t\t\t\t<\/div>\n\t\t\t\t<div class=\"elementor-element elementor-element-ae67129 elementor-widget elementor-widget-heading\" data-id=\"ae67129\" data-element_type=\"widget\" data-e-type=\"widget\" id=\"seo-word\" data-widget_type=\"heading.default\">\n\t\t\t\t<div class=\"elementor-widget-container\">\n\t\t\t\t\t<h2 class=\"elementor-heading-title elementor-size-default\">eine Beschwerde einreichen<\/h2>\t\t\t\t<\/div>\n\t\t\t\t<\/div>\n\t\t\t\t<div class=\"elementor-element elementor-element-d4750f2 elementor-widget elementor-widget-heading\" data-id=\"d4750f2\" data-element_type=\"widget\" data-e-type=\"widget\" id=\"seo-word\" data-widget_type=\"heading.default\">\n\t\t\t\t<div class=\"elementor-widget-container\">\n\t\t\t\t\t<h5 class=\"elementor-heading-title elementor-size-default\">Beschwerde nicht Strafverfolgungsfrist<\/h5>\t\t\t\t<\/div>\n\t\t\t\t<\/div>\n\t\t\t\t<div class=\"elementor-element elementor-element-0aa9aa6 elementor-widget elementor-widget-heading\" data-id=\"0aa9aa6\" data-element_type=\"widget\" data-e-type=\"widget\" id=\"seo-word\" data-widget_type=\"heading.default\">\n\t\t\t\t<div class=\"elementor-widget-container\">\n\t\t\t\t\t<h5 class=\"elementor-heading-title elementor-size-default\">Beschwerde nicht Strafverfolgung<\/h5>\t\t\t\t<\/div>\n\t\t\t\t<\/div>\n\t\t\t\t<div class=\"elementor-element elementor-element-86bbc4f elementor-widget elementor-widget-heading\" data-id=\"86bbc4f\" data-element_type=\"widget\" data-e-type=\"widget\" id=\"seo-word\" data-widget_type=\"heading.default\">\n\t\t\t\t<div class=\"elementor-widget-container\">\n\t\t\t\t\t<h5 class=\"elementor-heading-title elementor-size-default\">Anwalt f\u00fcr Beschwerdeverfahren<\/h5>\t\t\t\t<\/div>\n\t\t\t\t<\/div>\n\t\t\t\t<div class=\"elementor-element elementor-element-56fd3aa elementor-widget elementor-widget-heading\" data-id=\"56fd3aa\" data-element_type=\"widget\" data-e-type=\"widget\" id=\"seo-word\" data-widget_type=\"heading.default\">\n\t\t\t\t<div class=\"elementor-widget-container\">\n\t\t\t\t\t<h5 class=\"elementor-heading-title elementor-size-default\">artikel 12 sv-verfahren<\/h5>\t\t\t\t<\/div>\n\t\t\t\t<\/div>\n\t\t\t\t<div class=\"elementor-element elementor-element-a16d22b elementor-widget elementor-widget-heading\" data-id=\"a16d22b\" data-element_type=\"widget\" data-e-type=\"widget\" id=\"seo-word\" data-widget_type=\"heading.default\">\n\t\t\t\t<div class=\"elementor-widget-container\">\n\t\t\t\t\t<h5 class=\"elementor-heading-title elementor-size-default\">Anwalt Strafrecht Enschede<\/h5>\t\t\t\t<\/div>\n\t\t\t\t<\/div>\n\t\t\t\t<div class=\"elementor-element elementor-element-d08e2c2 elementor-widget elementor-widget-heading\" data-id=\"d08e2c2\" data-element_type=\"widget\" data-e-type=\"widget\" id=\"seo-word\" data-widget_type=\"heading.default\">\n\t\t\t\t<div class=\"elementor-widget-container\">\n\t\t\t\t\t<h5 class=\"elementor-heading-title elementor-size-default\">beschwerde gegen nichtverfolgung artikel sv verfahren beschwerde nicht weiterverfolgung<\/h5>\t\t\t\t<\/div>\n\t\t\t\t<\/div>\n\t\t\t\t<div class=\"elementor-element elementor-element-fcd3c74 elementor-widget elementor-widget-heading\" data-id=\"fcd3c74\" data-element_type=\"widget\" data-e-type=\"widget\" id=\"seo-word\" data-widget_type=\"heading.default\">\n\t\t\t\t<div class=\"elementor-widget-container\">\n\t\t\t\t\t<h5 class=\"elementor-heading-title elementor-size-default\">Anwalt Strafrecht Overijssel<\/h5>\t\t\t\t<\/div>\n\t\t\t\t<\/div>\n\t\t\t\t<div class=\"elementor-element elementor-element-4e73962 elementor-widget elementor-widget-heading\" data-id=\"4e73962\" data-element_type=\"widget\" data-e-type=\"widget\" id=\"seo-word\" data-widget_type=\"heading.default\">\n\t\t\t\t<div class=\"elementor-widget-container\">\n\t\t\t\t\t<h5 class=\"elementor-heading-title elementor-size-default\">an art sv verfahren nicht strafrechtliche strafverfolgung baum grundlagen datenschutzrecht baum grundlagen<\/h5>\t\t\t\t<\/div>\n\t\t\t\t<\/div>\n\t\t\t\t<div class=\"elementor-element elementor-element-9c68fd8 elementor-widget elementor-widget-heading\" data-id=\"9c68fd8\" data-element_type=\"widget\" data-e-type=\"widget\" id=\"seo-word\" data-widget_type=\"heading.default\">\n\t\t\t\t<div class=\"elementor-widget-container\">\n\t\t\t\t\t<h5 class=\"elementor-heading-title elementor-size-default\">Wenn Sie mit der Entscheidung der Staatsanwaltschaft, kein Strafverfahren einzuleiten, unzufrieden sind, k\u00f6nnen Sie das Beschwerdeverfahren nutzen. Dieses Verfahren, das sich auf Artikel 12 der Strafprozessordnung (Sv) st\u00fctzt, erm\u00f6glicht es Ihnen, Beschwerde gegen die Nichtverfolgung einzulegen. F\u00fcr dieses Beschwerdeverfahren sollten Sie unbedingt einen erfahrenen Anwalt f\u00fcr Strafrecht einschalten, vor allem, wenn Sie sich in der Region Overijssel befinden, wie zum Beispiel in Enschede. Der Anwalt f\u00fcr Strafrecht in Enschede kann Sie fachkundig beraten und Sie durch das Beschwerdeverfahren f\u00fchren. W\u00e4hlen Sie einen kompetenten Strafrechtsanwalt in Overijssel, um sicherzustellen, dass Ihre Beschwerde gegen die Nichtverfolgung die Aufmerksamkeit erh\u00e4lt, die sie verdient.<\/h5>\t\t\t\t<\/div>\n\t\t\t\t<\/div>\n\t\t\t\t\t<\/div>\n\t\t\t\t<\/div>\n\t\t<div class=\"wd-negative-gap elementor-element elementor-element-53a4bad e-flex e-con-boxed e-con e-parent\" data-id=\"53a4bad\" data-element_type=\"container\" data-e-type=\"container\">\n\t\t\t\t\t<div class=\"e-con-inner\">\n\t\t\t\t<div class=\"elementor-element elementor-element-978a18a color-scheme-inherit text-left elementor-widget elementor-widget-text-editor\" data-id=\"978a18a\" data-element_type=\"widget\" data-e-type=\"widget\" data-widget_type=\"text-editor.default\">\n\t\t\t\t<div class=\"elementor-widget-container\">\n\t\t\t\t\t\t\t\t\t<p><strong>Eine Beschwerde wegen Nichtverfolgung, auch bekannt als Beschwerdeverfahren, bezieht sich auf Situationen, in denen bestimmte Schritte unternommen werden, um ein Strafverfahren wieder aufzunehmen.\u00a0<\/strong><\/p><p><strong>Die Einreichung einer Beschwerde gegen die Nichtverfolgung ist f\u00fcr Opfer ein wichtiges Mittel, um ihr Recht auf Gerechtigkeit zu wahren. Sie bietet ihnen die M\u00f6glichkeit, die Entscheidung der Staatsanwaltschaft anzufechten und dennoch zu versuchen, den Verd\u00e4chtigen vor Gericht zu bringen.<\/strong><\/p>\t\t\t\t\t\t\t\t<\/div>\n\t\t\t\t<\/div>\n\t\t\t\t<div class=\"elementor-element elementor-element-e69be44 elementor-widget elementor-widget-spacer\" data-id=\"e69be44\" data-element_type=\"widget\" data-e-type=\"widget\" data-widget_type=\"spacer.default\">\n\t\t\t\t<div class=\"elementor-widget-container\">\n\t\t\t\t\t\t\t<div class=\"elementor-spacer\">\n\t\t\t<div class=\"elementor-spacer-inner\"><\/div>\n\t\t<\/div>\n\t\t\t\t\t\t<\/div>\n\t\t\t\t<\/div>\n\t\t\t\t<div class=\"elementor-element elementor-element-a8a8e73 elementor-widget elementor-widget-heading\" data-id=\"a8a8e73\" data-element_type=\"widget\" data-e-type=\"widget\" data-widget_type=\"heading.default\">\n\t\t\t\t<div class=\"elementor-widget-container\">\n\t\t\t\t\t<h3 class=\"elementor-heading-title elementor-size-default\">Was ist ein Beschwerdeverfahren?<\/h3>\t\t\t\t<\/div>\n\t\t\t\t<\/div>\n\t\t\t\t<div class=\"elementor-element elementor-element-6ada32c color-scheme-inherit text-left elementor-widget elementor-widget-text-editor\" data-id=\"6ada32c\" data-element_type=\"widget\" data-e-type=\"widget\" data-widget_type=\"text-editor.default\">\n\t\t\t\t<div class=\"elementor-widget-container\">\n\t\t\t\t\t\t\t\t\t<p>Eine Beschwerde wegen Nichtverfolgung (oft als Beschwerdeverfahren in Strafsachen bezeichnet) bezieht sich auf Artikel 12 Sv des Strafprozessrechts, der einem Opfer oder Hinterbliebenen einfach die M\u00f6glichkeit gibt, beim Gericht eine Beschwerde einzureichen, wenn die Staatsanwaltschaft beschlossen hat, eine Straftat nicht zu verfolgen. Die Einreichung einer \u201cBeschwerde wegen Nichtverfolgung\u201d kann zur Wiederaufnahme der strafrechtlichen Ermittlungen oder zur Einleitung eines Strafverfahrens f\u00fchren.<\/p>\t\t\t\t\t\t\t\t<\/div>\n\t\t\t\t<\/div>\n\t\t\t\t<div class=\"elementor-element elementor-element-b020ece elementor-widget elementor-widget-spacer\" data-id=\"b020ece\" data-element_type=\"widget\" data-e-type=\"widget\" data-widget_type=\"spacer.default\">\n\t\t\t\t<div class=\"elementor-widget-container\">\n\t\t\t\t\t\t\t<div class=\"elementor-spacer\">\n\t\t\t<div class=\"elementor-spacer-inner\"><\/div>\n\t\t<\/div>\n\t\t\t\t\t\t<\/div>\n\t\t\t\t<\/div>\n\t\t\t\t<div class=\"elementor-element elementor-element-e645c9e elementor-widget elementor-widget-heading\" data-id=\"e645c9e\" data-element_type=\"widget\" data-e-type=\"widget\" data-widget_type=\"heading.default\">\n\t\t\t\t<div class=\"elementor-widget-container\">\n\t\t\t\t\t<h3 class=\"elementor-heading-title elementor-size-default\">Was kann die Staatsanwaltschaft dazu bringen, einen Fall nicht zu verfolgen?<\/h3>\t\t\t\t<\/div>\n\t\t\t\t<\/div>\n\t\t\t\t<div class=\"elementor-element elementor-element-b77f782 color-scheme-inherit text-left elementor-widget elementor-widget-text-editor\" data-id=\"b77f782\" data-element_type=\"widget\" data-e-type=\"widget\" data-widget_type=\"text-editor.default\">\n\t\t\t\t<div class=\"elementor-widget-container\">\n\t\t\t\t\t\t\t\t\t<p>Ein Staatsanwalt kann aus verschiedenen Gr\u00fcnden beschlie\u00dfen, einen Fall nicht vor Gericht zu bringen:<\/p><ul><li><strong>Unzureichende Beweise: <\/strong>\u00a0Wenn es nicht gen\u00fcgend Beweise gibt, um den Angeklagten zweifelsfrei schuldig zu sprechen, wird der Fall in der Regel nicht wieder aufgenommen.<\/li><li><strong>Nicht genug Bedeutung f\u00fcr die Gesellschaft:<\/strong>\u00a0Manchmal ist der Staatsanwalt der Meinung, dass der Fall f\u00fcr die Gesellschaft nicht wichtig genug ist, um ihn zu verfolgen.<\/li><li><strong>Andere L\u00f6sungen:<\/strong>\u00a0Anstatt ein Gerichtsverfahren neu aufzurollen, kann die Angelegenheit auf andere Weise gel\u00f6st werden, z.B. indem man mit den beteiligten Parteien spricht und Vereinbarungen trifft.<\/li><li><strong>Eigene Kompetenz:<\/strong>\u00a0der Staatsanwalt kann sich aufgrund seiner eigenen Zust\u00e4ndigkeit und Politik daf\u00fcr entscheiden, einen Fall nicht zu verfolgen, selbst wenn es Beweise gibt.<\/li><li><strong>Verj\u00e4hrung:<\/strong>\u00a0wenn seit der Straftat zu viel Zeit verstrichen ist, kann der Fall nicht verhandelt werden.<\/li><li><strong>Pers\u00f6nliche Umst\u00e4nde:<\/strong>\u00a0Manchmal werden auch die pers\u00f6nlichen Umst\u00e4nde des Verd\u00e4chtigen, wie sein Gesundheitszustand und sein Alter, ber\u00fccksichtigt.<\/li><\/ul><p>Es ist wichtig zu verstehen, dass die Nichtverfolgung eines Falles nicht bedeutet, dass der Angeklagte unschuldig ist, sondern dass es Gr\u00fcnde gibt, den Fall zu diesem Zeitpunkt nicht vor Gericht zu bringen. Opfer und Angeh\u00f6rige k\u00f6nnen in manchen F\u00e4llen Einspruch gegen diese Entscheidung erheben.<\/p>\t\t\t\t\t\t\t\t<\/div>\n\t\t\t\t<\/div>\n\t\t\t\t<div class=\"elementor-element elementor-element-866ed69 elementor-widget elementor-widget-spacer\" data-id=\"866ed69\" data-element_type=\"widget\" data-e-type=\"widget\" data-widget_type=\"spacer.default\">\n\t\t\t\t<div class=\"elementor-widget-container\">\n\t\t\t\t\t\t\t<div class=\"elementor-spacer\">\n\t\t\t<div class=\"elementor-spacer-inner\"><\/div>\n\t\t<\/div>\n\t\t\t\t\t\t<\/div>\n\t\t\t\t<\/div>\n\t\t\t\t<div class=\"elementor-element elementor-element-aaa77f7 elementor-widget elementor-widget-heading\" data-id=\"aaa77f7\" data-element_type=\"widget\" data-e-type=\"widget\" data-widget_type=\"heading.default\">\n\t\t\t\t<div class=\"elementor-widget-container\">\n\t\t\t\t\t<h3 class=\"elementor-heading-title elementor-size-default\">Bedingungen der Beschwerde<\/h3>\t\t\t\t<\/div>\n\t\t\t\t<\/div>\n\t\t\t\t<div class=\"elementor-element elementor-element-37c7e35 color-scheme-inherit text-left elementor-widget elementor-widget-text-editor\" data-id=\"37c7e35\" data-element_type=\"widget\" data-e-type=\"widget\" data-widget_type=\"text-editor.default\">\n\t\t\t\t<div class=\"elementor-widget-container\">\n\t\t\t\t\t\t\t\t\t<p>Bevor Sie eine Klageschrift an das Gericht schreiben k\u00f6nnen, m\u00fcssen Sie eine Reihe von Bedingungen erf\u00fcllen.<\/p><ul><li><strong>Engagement f\u00fcr die Sache:<\/strong>\u00a0In den meisten F\u00e4llen muss der Beschwerdef\u00fchrer ein direktes Interesse an dem Fall haben, d.h. er muss in irgendeiner Weise an der Straftat oder der Situation, \u00fcber die er sich beschwert, beteiligt sein.<\/li><li><strong>G\u00fcltiger Grund f\u00fcr die Beschwerde:<\/strong>\u00a0der Beschwerdef\u00fchrer muss einen triftigen Grund f\u00fcr die Annahme haben, dass der Angeklagte zu Unrecht nicht strafrechtlich verfolgt wird. Dies k\u00f6nnte zum Beispiel auf neuen Beweisen oder einem rechtlichen Fehler bei der Entscheidung, keine Strafverfolgung durchzuf\u00fchren, beruhen.<\/li><li><strong>Fristen: <\/strong>Ihre Klageschrift muss innerhalb der Frist beim Gericht eingereicht werden. Diese Frist kann sich \u00fcber mehrere Wochen erstrecken. Wenn Sie sich mit unseren Anw\u00e4lten in Verbindung setzen, k\u00f6nnen Sie eine Sch\u00e4tzung erhalten, wie lange diese Frist tats\u00e4chlich sein wird.\u00a0\u00a0<\/li><\/ul>\t\t\t\t\t\t\t\t<\/div>\n\t\t\t\t<\/div>\n\t\t\t\t<div class=\"elementor-element elementor-element-b3d946d elementor-widget elementor-widget-spacer\" data-id=\"b3d946d\" data-element_type=\"widget\" data-e-type=\"widget\" data-widget_type=\"spacer.default\">\n\t\t\t\t<div class=\"elementor-widget-container\">\n\t\t\t\t\t\t\t<div class=\"elementor-spacer\">\n\t\t\t<div class=\"elementor-spacer-inner\"><\/div>\n\t\t<\/div>\n\t\t\t\t\t\t<\/div>\n\t\t\t\t<\/div>\n\t\t\t\t<div class=\"elementor-element elementor-element-18d1c8b elementor-widget elementor-widget-heading\" data-id=\"18d1c8b\" data-element_type=\"widget\" data-e-type=\"widget\" data-widget_type=\"heading.default\">\n\t\t\t\t<div class=\"elementor-widget-container\">\n\t\t\t\t\t<h3 class=\"elementor-heading-title elementor-size-default\">Reklamation<\/h3>\t\t\t\t<\/div>\n\t\t\t\t<\/div>\n\t\t\t\t<div class=\"elementor-element elementor-element-086a8e2 color-scheme-inherit text-left elementor-widget elementor-widget-text-editor\" data-id=\"086a8e2\" data-element_type=\"widget\" data-e-type=\"widget\" data-widget_type=\"text-editor.default\">\n\t\t\t\t<div class=\"elementor-widget-container\">\n\t\t\t\t\t\t\t\t\t<p>Wenn Sie den Brief mit Ihrer Beschwerde (Beschwerdeschreiben) schreiben, ist es wichtig, dass Sie die notwendigen Informationen enthalten. Es kann viel Zeit und M\u00fche kosten, einen professionellen Beschwerdebrief zu schreiben. Es ist ratsam, einen Anwalt damit zu beauftragen, um unn\u00f6tige Fehler und Verz\u00f6gerungen zu vermeiden.<\/p><p>Zu den notwendigen Informationen, die in einer solchen Beschwerde enthalten sein sollten, geh\u00f6ren:<\/p><ul><li>Staatsanwaltschaft und Mutationsnummer: Die Nummer, die der Staatsanwalt (Staatsanwaltschaftsnummer) oder die Polizei (Mutationsnummer) dem Fall zugewiesen hat.<\/li><li>Die Straftat: die Person, die Ihrer Meinung nach strafrechtlich verfolgt werden sollte (der Angeklagte).<\/li><li>Grund f\u00fcr die Beschwerde: Warum Sie mit der Entscheidung des Staatsanwalts nicht einverstanden sind.<\/li><li>Kontaktdaten: Sie m\u00fcssen Ihre Kontaktdaten in der Beschwerde angeben, damit das Gericht Sie erreichen kann.<\/li><\/ul>\t\t\t\t\t\t\t\t<\/div>\n\t\t\t\t<\/div>\n\t\t\t\t<div class=\"elementor-element elementor-element-5db459c elementor-widget elementor-widget-spacer\" data-id=\"5db459c\" data-element_type=\"widget\" data-e-type=\"widget\" data-widget_type=\"spacer.default\">\n\t\t\t\t<div class=\"elementor-widget-container\">\n\t\t\t\t\t\t\t<div class=\"elementor-spacer\">\n\t\t\t<div class=\"elementor-spacer-inner\"><\/div>\n\t\t<\/div>\n\t\t\t\t\t\t<\/div>\n\t\t\t\t<\/div>\n\t\t\t\t<div class=\"elementor-element elementor-element-259a9bd elementor-widget elementor-widget-heading\" data-id=\"259a9bd\" data-element_type=\"widget\" data-e-type=\"widget\" data-widget_type=\"heading.default\">\n\t\t\t\t<div class=\"elementor-widget-container\">\n\t\t\t\t\t<h3 class=\"elementor-heading-title elementor-size-default\">Beschwerdeverfahren <\/h3>\t\t\t\t<\/div>\n\t\t\t\t<\/div>\n\t\t\t\t<div class=\"elementor-element elementor-element-98cb9e4 color-scheme-inherit text-left elementor-widget elementor-widget-text-editor\" data-id=\"98cb9e4\" data-element_type=\"widget\" data-e-type=\"widget\" data-widget_type=\"text-editor.default\">\n\t\t\t\t<div class=\"elementor-widget-container\">\n\t\t\t\t\t\t\t\t\t<p>Um ein Beschwerdeverfahren erfolgreich einzuleiten, m\u00fcssen einige Schritte befolgt werden. Nachstehend finden Sie eine \u00dcbersicht \u00fcber den Ablauf eines solchen Verfahrens:<\/p><ul><li><strong>Beschwerde einreichen<\/strong>: Zun\u00e4chst muss, wie bereits erl\u00e4utert, die Klageschrift an das Gericht geschickt werden, in der dargelegt wird, warum der Verd\u00e4chtige strafrechtlich verfolgt werden muss.<\/li><li><strong>Registrierung<\/strong>: Das Gericht wird die Beschwerde registrieren und eine Kopie an den Generalstaatsanwalt senden. Dieser ist ein Vertreter der Staatsanwaltschaft bei einem Gericht und hat eine \u00e4hnliche Funktion wie ein Staatsanwalt.<br \/>Beurteilung der Beschwerde: Das Gericht pr\u00fcft, ob Sie w\u00e4hrend einer Verhandlung zus\u00e4tzliche Erl\u00e4uterungen abgeben m\u00fcssen.<\/li><li><strong>Sitzung<\/strong>: Nach der Pr\u00fcfung der Beschwerde werden Sie zu einer Sitzung vor die Beschwerdekammer geladen. W\u00e4hrend der Sitzung behandelt die Beschwerdekammer Ihre Beschwerde und stellt Ihnen dazu Fragen.<\/li><li><strong>Entscheidung<\/strong>: Innerhalb von sechs Wochen nach der Verhandlung entscheidet die Beschlagnahmungskammer, ob die Klage zugelassen oder abgelehnt wird. Wird die Klage abgelehnt, wird der Angeklagte nicht weiter strafrechtlich verfolgt. Wird die Klage jedoch zugelassen, muss der Staatsanwalt das Verfahren wieder aufnehmen und den Angeklagten strafrechtlich verfolgen.<\/li><li><strong>Keine Berufung m\u00f6glich<\/strong>: Sobald diese Entscheidung getroffen wurde, ist es nicht mehr m\u00f6glich, Berufung einzulegen.<\/li><\/ul>\t\t\t\t\t\t\t\t<\/div>\n\t\t\t\t<\/div>\n\t\t\t\t<div class=\"elementor-element elementor-element-27f2c24 elementor-widget elementor-widget-spacer\" data-id=\"27f2c24\" data-element_type=\"widget\" data-e-type=\"widget\" data-widget_type=\"spacer.default\">\n\t\t\t\t<div class=\"elementor-widget-container\">\n\t\t\t\t\t\t\t<div class=\"elementor-spacer\">\n\t\t\t<div class=\"elementor-spacer-inner\"><\/div>\n\t\t<\/div>\n\t\t\t\t\t\t<\/div>\n\t\t\t\t<\/div>\n\t\t\t\t<div class=\"elementor-element elementor-element-db3f046 elementor-widget elementor-widget-heading\" data-id=\"db3f046\" data-element_type=\"widget\" data-e-type=\"widget\" data-widget_type=\"heading.default\">\n\t\t\t\t<div class=\"elementor-widget-container\">\n\t\t\t\t\t<h3 class=\"elementor-heading-title elementor-size-default\">Beschwerde nicht Strafverteidiger<\/h3>\t\t\t\t<\/div>\n\t\t\t\t<\/div>\n\t\t\t\t<div class=\"elementor-element elementor-element-90baef2 color-scheme-inherit text-left elementor-widget elementor-widget-text-editor\" data-id=\"90baef2\" data-element_type=\"widget\" data-e-type=\"widget\" data-widget_type=\"text-editor.default\">\n\t\t\t\t<div class=\"elementor-widget-container\">\n\t\t\t\t\t\t\t\t\t<p>Wenn Sie Probleme damit haben, dass jemand nicht strafrechtlich verfolgt wird, oder wenn gegen Sie Anzeige erstattet wurde, ist es ratsam, sich an einen Anwalt mit umfassender Erfahrung zu wenden, um Ihre wertvolle Zeit zu sparen.<\/p><p>In der Anwaltskanzlei Der Bedrosian, haben wir <a title=\"spezialisierte Anw\u00e4lte Beschwerde nicht Staatsanwaltschaft\" href=\"https:\/\/www.derbedrosian.nl\/de\/rechtsanwalte-2\/\">Fachanw\u00e4lte<\/a> mit viel Erfahrung in der<a href=\"https:\/\/www.derbedrosian.nl\/de\/gerichtsbarkeiten\/strafrecht\/\"> Strafrecht<\/a> und kann Ihnen daher z.B. bei der Einreichung Ihrer Beschwerde helfen.<\/p><p>Nehmen Sie also Kontakt mit uns auf, damit einer unserer Anw\u00e4lte Ihnen so schnell wie m\u00f6glich in Ihrem Fall helfen kann.<\/p>\t\t\t\t\t\t\t\t<\/div>\n\t\t\t\t<\/div>\n\t\t\t\t\t<\/div>\n\t\t\t\t<\/div>\n\t\t\t\t<\/div>","protected":false},"excerpt":{"rendered":"<p>beschwerde einreichen beschwerde nicht strafverfolgung frist beschwerde nicht strafverfolgung beschwerdeverfahren rechtsanwalt artikel 12 sv verfahren rechtsanwalt strafrecht enschede beschwerden gegen<\/p>","protected":false},"author":1,"featured_media":0,"parent":10047,"menu_order":0,"comment_status":"closed","ping_status":"closed","template":"","meta":{"footnotes":""},"class_list":["post-10455","page","type-page","status-publish","hentry"],"_links":{"self":[{"href":"https:\/\/www.derbedrosian.nl\/de\/wp-json\/wp\/v2\/pages\/10455","targetHints":{"allow":["GET"]}}],"collection":[{"href":"https:\/\/www.derbedrosian.nl\/de\/wp-json\/wp\/v2\/pages"}],"about":[{"href":"https:\/\/www.derbedrosian.nl\/de\/wp-json\/wp\/v2\/types\/page"}],"author":[{"embeddable":true,"href":"https:\/\/www.derbedrosian.nl\/de\/wp-json\/wp\/v2\/users\/1"}],"replies":[{"embeddable":true,"href":"https:\/\/www.derbedrosian.nl\/de\/wp-json\/wp\/v2\/comments?post=10455"}],"version-history":[{"count":0,"href":"https:\/\/www.derbedrosian.nl\/de\/wp-json\/wp\/v2\/pages\/10455\/revisions"}],"up":[{"embeddable":true,"href":"https:\/\/www.derbedrosian.nl\/de\/wp-json\/wp\/v2\/pages\/10047"}],"wp:attachment":[{"href":"https:\/\/www.derbedrosian.nl\/de\/wp-json\/wp\/v2\/media?parent=10455"}],"curies":[{"name":"wp","href":"https:\/\/api.w.org\/{rel}","templated":true}]}}