{"id":10395,"date":"2023-05-25T11:32:44","date_gmt":"2023-05-25T09:32:44","guid":{"rendered":"https:\/\/derbedrosian.nl\/?page_id=10395"},"modified":"2025-12-20T17:48:25","modified_gmt":"2025-12-20T15:48:25","slug":"haftungsausschluss","status":"publish","type":"page","link":"https:\/\/www.derbedrosian.nl\/de\/disclaimer\/","title":{"rendered":"Haftungsausschluss"},"content":{"rendered":"<div data-elementor-type=\"wp-page\" data-elementor-id=\"10395\" class=\"elementor elementor-10395\" data-elementor-post-type=\"page\">\n\t\t\t\t<div class=\"wd-negative-gap elementor-element elementor-element-a787ca2 wd-section-stretch e-flex e-con-boxed e-con e-parent\" data-id=\"a787ca2\" data-element_type=\"container\" data-e-type=\"container\" data-settings=\"{&quot;background_background&quot;:&quot;gradient&quot;}\">\n\t\t\t\t\t<div class=\"e-con-inner\">\n\t\t<div class=\"elementor-element elementor-element-dc0d471 e-con-full e-flex e-con e-child\" data-id=\"dc0d471\" data-element_type=\"container\" data-e-type=\"container\">\n\t\t\t\t<div class=\"elementor-element elementor-element-568ef1b elementor-hidden-tablet elementor-hidden-mobile wd-el-breadcrumbs text-left elementor-widget elementor-widget-wd_element_breadcrumbs\" data-id=\"568ef1b\" data-element_type=\"widget\" data-e-type=\"widget\" data-widget_type=\"wd_element_breadcrumbs.default\">\n\t\t\t\t<div class=\"elementor-widget-container\">\n\t\t\t\t\t<nav class=\"wd-breadcrumbs\"><a href=\"https:\/\/www.derbedrosian.nl\/de\/\">Startseite<\/a><span class=\"wd-delimiter\"><\/span><span class=\"wd-last\">Seite<\/span><\/nav>\t\t\t\t<\/div>\n\t\t\t\t<\/div>\n\t\t\t\t<\/div>\n\t\t<div class=\"elementor-element elementor-element-0df1ce1 e-con-full e-flex e-con e-child\" data-id=\"0df1ce1\" data-element_type=\"container\" data-e-type=\"container\">\n\t\t\t\t<div class=\"elementor-element elementor-element-73ffe05 elementor-widget-tablet__width-initial elementor-widget-mobile__width-inherit text-balance color-scheme-inherit text-left elementor-widget elementor-widget-text-editor\" data-id=\"73ffe05\" data-element_type=\"widget\" data-e-type=\"widget\" data-widget_type=\"text-editor.default\">\n\t\t\t\t<div class=\"elementor-widget-container\">\n\t\t\t\t\t\t\t\t\t<p>Der Bedrosian verf\u00fcgt \u00fcber spezialisierte Anw\u00e4lte. Kontaktieren Sie uns in dringenden F\u00e4llen.<\/p>\t\t\t\t\t\t\t\t<\/div>\n\t\t\t\t<\/div>\n\t\t\t\t<div class=\"elementor-element elementor-element-201efeb elementor-align-left btn-cta elementor-widget elementor-widget-button\" data-id=\"201efeb\" data-element_type=\"widget\" data-e-type=\"widget\" data-widget_type=\"button.default\">\n\t\t\t\t<div class=\"elementor-widget-container\">\n\t\t\t\t\t\t\t\t\t<div class=\"elementor-button-wrapper\">\n\t\t\t\t\t<a class=\"elementor-button elementor-button-link elementor-size-sm\" href=\"https:\/\/www.derbedrosian.nl\/de\/kontakt\/\" alt=\"contact strafrecht advocaat\">\n\t\t\t\t\t\t<span class=\"elementor-button-content-wrapper\">\n\t\t\t\t\t\t<span class=\"elementor-button-icon\">\n\t\t\t\t<svg aria-hidden=\"true\" class=\"e-font-icon-svg e-fas-long-arrow-alt-down\" viewbox=\"0 0 256 512\" xmlns=\"http:\/\/www.w3.org\/2000\/svg\"><path d=\"M168 345.941V44c0-6.627-5.373-12-12-12h-56c-6.627 0-12 5.373-12 12v301.941H41.941c-21.382 0-32.09 25.851-16.971 40.971l86.059 86.059c9.373 9.373 24.569 9.373 33.941 0l86.059-86.059c15.119-15.119 4.411-40.971-16.971-40.971H168z\"><\/path><\/svg>\t\t\t<\/span>\n\t\t\t\t\t\t\t\t\t<span class=\"elementor-button-text\">Erhalten Sie eine unverbindliche Beratung<\/span>\n\t\t\t\t\t<\/span>\n\t\t\t\t\t<\/a>\n\t\t\t\t<\/div>\n\t\t\t\t\t\t\t\t<\/div>\n\t\t\t\t<\/div>\n\t\t\t\t<\/div>\n\t\t\t\t\t<\/div>\n\t\t\t\t<\/div>\n\t\t<div class=\"wd-negative-gap elementor-element elementor-element-64cc95f wd-section-stretch e-flex e-con-boxed e-con e-parent\" data-id=\"64cc95f\" data-element_type=\"container\" data-e-type=\"container\">\n\t\t\t\t\t<div class=\"e-con-inner\">\n\t\t\t\t<div class=\"elementor-element elementor-element-b90f737 color-scheme-inherit text-left elementor-widget elementor-widget-text-editor\" data-id=\"b90f737\" data-element_type=\"widget\" data-e-type=\"widget\" data-widget_type=\"text-editor.default\">\n\t\t\t\t<div class=\"elementor-widget-container\">\n\t\t\t\t\t\t\t\t\t<p>Die Bedingungen dieses Haftungsausschlusses gelten f\u00fcr die Website www.derbedrosian.nl der Anwaltskanzlei Der Bedrosian in Enschede, Niederlande. Bitte lesen Sie diesen Haftungsausschluss sorgf\u00e4ltig durch. Durch den Zugriff auf diese Website und die Nutzung der auf dieser Website oder \u00fcber diese Website angebotenen Informationen erkl\u00e4ren Sie sich mit diesem Haftungsausschluss einverstanden. Im Falle eines Widerspruchs zwischen den Bedingungen f\u00fcr bestimmte Produkte und Dienstleistungen der Anwaltskanzlei Der Bedrosian und diesem Haftungsausschluss haben die Bedingungen f\u00fcr diese Produkte und Dienstleistungen Vorrang.<\/p>\t\t\t\t\t\t\t\t<\/div>\n\t\t\t\t<\/div>\n\t\t\t\t<div class=\"elementor-element elementor-element-e4cb187 elementor-widget elementor-widget-spacer\" data-id=\"e4cb187\" data-element_type=\"widget\" data-e-type=\"widget\" data-widget_type=\"spacer.default\">\n\t\t\t\t<div class=\"elementor-widget-container\">\n\t\t\t\t\t\t\t<div class=\"elementor-spacer\">\n\t\t\t<div class=\"elementor-spacer-inner\"><\/div>\n\t\t<\/div>\n\t\t\t\t\t\t<\/div>\n\t\t\t\t<\/div>\n\t\t\t\t<div class=\"elementor-element elementor-element-63450d9 elementor-widget elementor-widget-heading\" data-id=\"63450d9\" data-element_type=\"widget\" data-e-type=\"widget\" data-widget_type=\"heading.default\">\n\t\t\t\t<div class=\"elementor-widget-container\">\n\t\t\t\t\t<h3 class=\"elementor-heading-title elementor-size-default\">1. Nutzung der Website<\/h3>\t\t\t\t<\/div>\n\t\t\t\t<\/div>\n\t\t\t\t<div class=\"elementor-element elementor-element-8fd169f color-scheme-inherit text-left elementor-widget elementor-widget-text-editor\" data-id=\"8fd169f\" data-element_type=\"widget\" data-e-type=\"widget\" data-widget_type=\"text-editor.default\">\n\t\t\t\t<div class=\"elementor-widget-container\">\n\t\t\t\t\t\t\t\t\t<p>Die auf dieser Website angebotenen Informationen d\u00fcrfen nicht als Ersatz f\u00fcr eine Beratung verwendet werden. Entscheidungen, die auf der Grundlage dieser Informationen getroffen werden, erfolgen auf eigene Rechnung und eigenes Risiko. Obwohl die Anwaltskanzlei Der Bedrosian sich bem\u00fcht, korrekte, vollst\u00e4ndige und aktuelle Informationen anzubieten, \u00fcbernimmt die Anwaltskanzlei Der Bedrosian weder ausdr\u00fccklich noch stillschweigend eine Gew\u00e4hr daf\u00fcr, dass die auf dieser Website angebotenen Informationen korrekt, vollst\u00e4ndig oder aktuell sind. Mit dem Besuch dieser Website und\/oder der Nutzung der darauf angebotenen Informationen oder Dienste erkl\u00e4ren Sie sich mit den von der Anwaltskanzlei Der Bedrosian zu diesem Zweck aufgestellten Website-Bedingungen und der geltenden Datenschutzerkl\u00e4rung einverstanden. Diese Website wurde gem\u00e4\u00df den von w3c.org verwendeten Standards und Techniken erstellt und gestaltet. F\u00fcr eine optimale Nutzung der Website empfehlen wir die neueste Version der Webbrowser Firefox, Chrome, Safari und\/oder Internet Explorer.<\/p>\t\t\t\t\t\t\t\t<\/div>\n\t\t\t\t<\/div>\n\t\t\t\t<div class=\"elementor-element elementor-element-651b2aa elementor-widget elementor-widget-spacer\" data-id=\"651b2aa\" data-element_type=\"widget\" data-e-type=\"widget\" data-widget_type=\"spacer.default\">\n\t\t\t\t<div class=\"elementor-widget-container\">\n\t\t\t\t\t\t\t<div class=\"elementor-spacer\">\n\t\t\t<div class=\"elementor-spacer-inner\"><\/div>\n\t\t<\/div>\n\t\t\t\t\t\t<\/div>\n\t\t\t\t<\/div>\n\t\t\t\t<div class=\"elementor-element elementor-element-59ad096 elementor-widget elementor-widget-heading\" data-id=\"59ad096\" data-element_type=\"widget\" data-e-type=\"widget\" data-widget_type=\"heading.default\">\n\t\t\t\t<div class=\"elementor-widget-container\">\n\t\t\t\t\t<h3 class=\"elementor-heading-title elementor-size-default\">2. Informationen von Dritten, Produkte und Dienstleistungen<\/h3>\t\t\t\t<\/div>\n\t\t\t\t<\/div>\n\t\t\t\t<div class=\"elementor-element elementor-element-d57edf8 color-scheme-inherit text-left elementor-widget elementor-widget-text-editor\" data-id=\"d57edf8\" data-element_type=\"widget\" data-e-type=\"widget\" data-widget_type=\"text-editor.default\">\n\t\t\t\t<div class=\"elementor-widget-container\">\n\t\t\t\t\t\t\t\t\t<p>Wenn die Anwaltskanzlei Der Bedrosian Hyperlinks zu Internetseiten Dritter anbietet, bedeutet dies nicht, dass die Anwaltskanzlei Der Bedrosian die auf oder \u00fcber diese Internetseiten angebotenen Produkte oder Dienstleistungen empfiehlt. Die Nutzung solcher Hyperlinks erfolgt auf eigene Gefahr. Die Anwaltskanzlei Der Bedrosian \u00fcbernimmt keine Haftung f\u00fcr den Inhalt, die Nutzung oder die Verf\u00fcgbarkeit solcher Internetseiten. Die Wahrhaftigkeit, Richtigkeit, Angemessenheit, Zuverl\u00e4ssigkeit und Vollst\u00e4ndigkeit der Informationen auf solchen Internetseiten wurde von der Anwaltskanzlei Der Bedrosian nicht \u00fcberpr\u00fcft.<\/p>\t\t\t\t\t\t\t\t<\/div>\n\t\t\t\t<\/div>\n\t\t\t\t<div class=\"elementor-element elementor-element-73281b9 elementor-widget elementor-widget-spacer\" data-id=\"73281b9\" data-element_type=\"widget\" data-e-type=\"widget\" data-widget_type=\"spacer.default\">\n\t\t\t\t<div class=\"elementor-widget-container\">\n\t\t\t\t\t\t\t<div class=\"elementor-spacer\">\n\t\t\t<div class=\"elementor-spacer-inner\"><\/div>\n\t\t<\/div>\n\t\t\t\t\t\t<\/div>\n\t\t\t\t<\/div>\n\t\t\t\t<div class=\"elementor-element elementor-element-2c4f81e elementor-widget elementor-widget-heading\" data-id=\"2c4f81e\" data-element_type=\"widget\" data-e-type=\"widget\" data-widget_type=\"heading.default\">\n\t\t\t\t<div class=\"elementor-widget-container\">\n\t\t\t\t\t<h3 class=\"elementor-heading-title elementor-size-default\">3. Rechte an geistigem Eigentum\n<\/h3>\t\t\t\t<\/div>\n\t\t\t\t<\/div>\n\t\t\t\t<div class=\"elementor-element elementor-element-f2c5df3 color-scheme-inherit text-left elementor-widget elementor-widget-text-editor\" data-id=\"f2c5df3\" data-element_type=\"widget\" data-e-type=\"widget\" data-widget_type=\"text-editor.default\">\n\t\t\t\t<div class=\"elementor-widget-container\">\n\t\t\t\t\t\t\t\t\t<p>Die Anwaltskanzlei Der Bedrosian (oder der Rechteinhaber) beh\u00e4lt sich alle Rechte am geistigen Eigentum in Bezug auf alle auf oder \u00fcber diese Website angebotenen Informationen vor, darunter alle Texte, Grafiken und Logos. Es ist nicht gestattet, Informationen auf dieser Website ohne vorherige schriftliche Genehmigung der Anwaltskanzlei Der Bedrosian oder ohne vorherige schriftliche Genehmigung des Rechteinhabers zu kopieren, herunterzuladen oder in irgendeiner Weise zu ver\u00f6ffentlichen, zu verbreiten oder zu vervielf\u00e4ltigen. Sie d\u00fcrfen jedoch Informationen auf dieser Website f\u00fcr Ihren pers\u00f6nlichen Gebrauch ausdrucken und\/oder herunterladen.<\/p>\t\t\t\t\t\t\t\t<\/div>\n\t\t\t\t<\/div>\n\t\t\t\t<div class=\"elementor-element elementor-element-57a4112 elementor-widget elementor-widget-spacer\" data-id=\"57a4112\" data-element_type=\"widget\" data-e-type=\"widget\" data-widget_type=\"spacer.default\">\n\t\t\t\t<div class=\"elementor-widget-container\">\n\t\t\t\t\t\t\t<div class=\"elementor-spacer\">\n\t\t\t<div class=\"elementor-spacer-inner\"><\/div>\n\t\t<\/div>\n\t\t\t\t\t\t<\/div>\n\t\t\t\t<\/div>\n\t\t\t\t<div class=\"elementor-element elementor-element-0f42b54 elementor-widget elementor-widget-heading\" data-id=\"0f42b54\" data-element_type=\"widget\" data-e-type=\"widget\" data-widget_type=\"heading.default\">\n\t\t\t\t<div class=\"elementor-widget-container\">\n\t\t\t\t\t<h3 class=\"elementor-heading-title elementor-size-default\">4. Haftungsausschluss\n<\/h3>\t\t\t\t<\/div>\n\t\t\t\t<\/div>\n\t\t\t\t<div class=\"elementor-element elementor-element-0ca36a8 color-scheme-inherit text-left elementor-widget elementor-widget-text-editor\" data-id=\"0ca36a8\" data-element_type=\"widget\" data-e-type=\"widget\" data-widget_type=\"text-editor.default\">\n\t\t\t\t<div class=\"elementor-widget-container\">\n\t\t\t\t\t\t\t\t\t<p>Die Anwaltskanzlei Der Bedrosian \u00fcbernimmt keinerlei Haftung f\u00fcr direkte, indirekte, besondere, zuf\u00e4llige, immaterielle oder Folgesch\u00e4den (einschlie\u00dflich entgangener Gewinne), unabh\u00e4ngig davon, ob die Anwaltskanzlei Der Bedrosian auf die M\u00f6glichkeit dieser Sch\u00e4den hingewiesen wurde, die in irgendeiner Weise daraus resultieren, aber nicht darauf beschr\u00e4nkt sein m\u00fcssen.<\/p>\n<ul>\n<li>(i) Defekte, Viren oder sonstige M\u00e4ngel an Ger\u00e4ten und anderer Software im Zusammenhang mit dem Zugriff auf oder der Nutzung dieser Internetseite,<\/li>\n<li>(ii) Informationen, die auf oder \u00fcber diese Website angeboten werden,<\/li>\n<li>(iii) das Abfangen, \u00c4ndern oder missbr\u00e4uchliche Verwenden von Informationen, die an die Anwaltskanzlei Der Bedrosian oder an Sie gesendet werden,<\/li>\n<li>(iv) die Funktionsweise oder Nichtverf\u00fcgbarkeit dieser Website,<\/li>\n<li>(v) Missbrauch dieser Website,<\/li>\n<li>(vi) Datenverlust,<\/li>\n<li>(vii) das Herunterladen oder Verwenden von Software, die \u00fcber diese Website zur Verf\u00fcgung gestellt wird, oder<\/li>\n<li>(viii) Anspr\u00fcche Dritter im Zusammenhang mit der Nutzung dieser Website. Der Haftungsausschluss gilt auch zugunsten der Gesch\u00e4ftsf\u00fchrer, Mitarbeiter der Anwaltskanzlei Der Bedrosian und der mit der Anwaltskanzlei Der Bedrosian verbundenen juristischen Personen.<\/li>\n<\/ul>\t\t\t\t\t\t\t\t<\/div>\n\t\t\t\t<\/div>\n\t\t\t\t<div class=\"elementor-element elementor-element-ba585ba elementor-widget elementor-widget-spacer\" data-id=\"ba585ba\" data-element_type=\"widget\" data-e-type=\"widget\" data-widget_type=\"spacer.default\">\n\t\t\t\t<div class=\"elementor-widget-container\">\n\t\t\t\t\t\t\t<div class=\"elementor-spacer\">\n\t\t\t<div class=\"elementor-spacer-inner\"><\/div>\n\t\t<\/div>\n\t\t\t\t\t\t<\/div>\n\t\t\t\t<\/div>\n\t\t\t\t<div class=\"elementor-element elementor-element-099a176 elementor-widget elementor-widget-heading\" data-id=\"099a176\" data-element_type=\"widget\" data-e-type=\"widget\" data-widget_type=\"heading.default\">\n\t\t\t\t<div class=\"elementor-widget-container\">\n\t\t\t\t\t<h3 class=\"elementor-heading-title elementor-size-default\">5. Anwendbares Recht\n<\/h3>\t\t\t\t<\/div>\n\t\t\t\t<\/div>\n\t\t\t\t<div class=\"elementor-element elementor-element-a17e9d3 color-scheme-inherit text-left elementor-widget elementor-widget-text-editor\" data-id=\"a17e9d3\" data-element_type=\"widget\" data-e-type=\"widget\" data-widget_type=\"text-editor.default\">\n\t\t\t\t<div class=\"elementor-widget-container\">\n\t\t\t\t\t\t\t\t\t<p>Diese Website und der Haftungsausschluss unterliegen niederl\u00e4ndischem Recht. Alle Streitigkeiten, die sich aus oder im Zusammenhang mit diesem Haftungsausschluss ergeben, werden ausschlie\u00dflich dem zust\u00e4ndigen Gericht in den Niederlanden vorgelegt. Wenn fremdsprachige Versionen des Haftungsausschlusses Abweichungen aufweisen oder zu unterschiedlichen Auslegungen f\u00fchren, ist die niederl\u00e4ndische Version ma\u00dfgebend.<\/p>\t\t\t\t\t\t\t\t<\/div>\n\t\t\t\t<\/div>\n\t\t\t\t<div class=\"elementor-element elementor-element-8f39395 elementor-widget elementor-widget-spacer\" data-id=\"8f39395\" data-element_type=\"widget\" data-e-type=\"widget\" data-widget_type=\"spacer.default\">\n\t\t\t\t<div class=\"elementor-widget-container\">\n\t\t\t\t\t\t\t<div class=\"elementor-spacer\">\n\t\t\t<div class=\"elementor-spacer-inner\"><\/div>\n\t\t<\/div>\n\t\t\t\t\t\t<\/div>\n\t\t\t\t<\/div>\n\t\t\t\t<div class=\"elementor-element elementor-element-677bb16 elementor-widget elementor-widget-heading\" data-id=\"677bb16\" data-element_type=\"widget\" data-e-type=\"widget\" data-widget_type=\"heading.default\">\n\t\t\t\t<div class=\"elementor-widget-container\">\n\t\t\t\t\t<h3 class=\"elementor-heading-title elementor-size-default\">6. \u00c4nderungen\n<\/h3>\t\t\t\t<\/div>\n\t\t\t\t<\/div>\n\t\t\t\t<div class=\"elementor-element elementor-element-4928cca color-scheme-inherit text-left elementor-widget elementor-widget-text-editor\" data-id=\"4928cca\" data-element_type=\"widget\" data-e-type=\"widget\" data-widget_type=\"text-editor.default\">\n\t\t\t\t<div class=\"elementor-widget-container\">\n\t\t\t\t\t\t\t\t\t<p>Die Anwaltskanzlei Der Bedrosian beh\u00e4lt sich das Recht vor, die auf dieser Website angebotenen Informationen, einschlie\u00dflich des Textes dieses Haftungsausschlusses, jederzeit ohne vorherige Ank\u00fcndigung zu \u00e4ndern. Es wird empfohlen, regelm\u00e4\u00dfig zu \u00fcberpr\u00fcfen, ob die auf dieser Website angebotenen Informationen, einschlie\u00dflich des Textes dieses Haftungsausschlusses, ge\u00e4ndert wurden.<\/p>\t\t\t\t\t\t\t\t<\/div>\n\t\t\t\t<\/div>\n\t\t\t\t<div class=\"elementor-element elementor-element-0ba8c4f elementor-widget elementor-widget-spacer\" data-id=\"0ba8c4f\" data-element_type=\"widget\" data-e-type=\"widget\" data-widget_type=\"spacer.default\">\n\t\t\t\t<div class=\"elementor-widget-container\">\n\t\t\t\t\t\t\t<div class=\"elementor-spacer\">\n\t\t\t<div class=\"elementor-spacer-inner\"><\/div>\n\t\t<\/div>\n\t\t\t\t\t\t<\/div>\n\t\t\t\t<\/div>\n\t\t\t\t<div class=\"elementor-element elementor-element-d84a2f5 elementor-widget elementor-widget-heading\" data-id=\"d84a2f5\" data-element_type=\"widget\" data-e-type=\"widget\" data-widget_type=\"heading.default\">\n\t\t\t\t<div class=\"elementor-widget-container\">\n\t\t\t\t\t<h3 class=\"elementor-heading-title elementor-size-default\">7. Kontakt<\/h3>\t\t\t\t<\/div>\n\t\t\t\t<\/div>\n\t\t\t\t<div class=\"elementor-element elementor-element-e30b8aa color-scheme-inherit text-left elementor-widget elementor-widget-text-editor\" data-id=\"e30b8aa\" data-element_type=\"widget\" data-e-type=\"widget\" data-widget_type=\"text-editor.default\">\n\t\t\t\t<div class=\"elementor-widget-container\">\n\t\t\t\t\t\t\t\t\t<p>Bei Anmerkungen oder Fragen zu dieser Website wenden Sie sich bitte an thomas@derbedrosian.nl.<\/p>\t\t\t\t\t\t\t\t<\/div>\n\t\t\t\t<\/div>\n\t\t\t\t\t<\/div>\n\t\t\t\t<\/div>\n\t\t\t\t<\/div>","protected":false},"excerpt":{"rendered":"<p>HomePagina Der Bedrosian beschikt over gespecialiseerde advocaten. Neem contact op bij spoedgevallen. Ontvang vrijblijvend advies De voorwaarden van deze disclaimer<\/p>","protected":false},"author":1,"featured_media":0,"parent":0,"menu_order":23,"comment_status":"closed","ping_status":"closed","template":"","meta":{"footnotes":""},"class_list":["post-10395","page","type-page","status-publish","hentry"],"_links":{"self":[{"href":"https:\/\/www.derbedrosian.nl\/de\/wp-json\/wp\/v2\/pages\/10395","targetHints":{"allow":["GET"]}}],"collection":[{"href":"https:\/\/www.derbedrosian.nl\/de\/wp-json\/wp\/v2\/pages"}],"about":[{"href":"https:\/\/www.derbedrosian.nl\/de\/wp-json\/wp\/v2\/types\/page"}],"author":[{"embeddable":true,"href":"https:\/\/www.derbedrosian.nl\/de\/wp-json\/wp\/v2\/users\/1"}],"replies":[{"embeddable":true,"href":"https:\/\/www.derbedrosian.nl\/de\/wp-json\/wp\/v2\/comments?post=10395"}],"version-history":[{"count":0,"href":"https:\/\/www.derbedrosian.nl\/de\/wp-json\/wp\/v2\/pages\/10395\/revisions"}],"wp:attachment":[{"href":"https:\/\/www.derbedrosian.nl\/de\/wp-json\/wp\/v2\/media?parent=10395"}],"curies":[{"name":"wp","href":"https:\/\/api.w.org\/{rel}","templated":true}]}}