{"id":10188,"date":"2023-05-24T11:55:59","date_gmt":"2023-05-24T09:55:59","guid":{"rendered":"https:\/\/derbedrosian.nl\/?page_id=10188"},"modified":"2025-12-20T17:27:38","modified_gmt":"2025-12-20T15:27:38","slug":"stellenausschreibung","status":"publish","type":"page","link":"https:\/\/www.derbedrosian.nl\/de\/vacature\/","title":{"rendered":"Stellenausschreibung"},"content":{"rendered":"<div data-elementor-type=\"wp-page\" data-elementor-id=\"10188\" class=\"elementor elementor-10188\" data-elementor-post-type=\"page\">\n\t\t\t\t<div class=\"wd-negative-gap elementor-element elementor-element-0a6a373 wd-section-stretch e-flex e-con-boxed e-con e-parent\" data-id=\"0a6a373\" data-element_type=\"container\" data-e-type=\"container\" data-settings=\"{&quot;background_background&quot;:&quot;gradient&quot;}\">\n\t\t\t\t\t<div class=\"e-con-inner\">\n\t\t<div class=\"elementor-element elementor-element-b41662a e-con-full e-flex e-con e-child\" data-id=\"b41662a\" data-element_type=\"container\" data-e-type=\"container\">\n\t\t\t\t<div class=\"elementor-element elementor-element-632b136 elementor-hidden-tablet elementor-hidden-mobile wd-el-breadcrumbs text-left elementor-widget elementor-widget-wd_element_breadcrumbs\" data-id=\"632b136\" data-element_type=\"widget\" data-e-type=\"widget\" data-widget_type=\"wd_element_breadcrumbs.default\">\n\t\t\t\t<div class=\"elementor-widget-container\">\n\t\t\t\t\t<nav class=\"wd-breadcrumbs\"><a href=\"https:\/\/www.derbedrosian.nl\/de\/\">Startseite<\/a><span class=\"wd-delimiter\"><\/span><span class=\"wd-last\">Seite<\/span><\/nav>\t\t\t\t<\/div>\n\t\t\t\t<\/div>\n\t\t\t\t<\/div>\n\t\t<div class=\"elementor-element elementor-element-defa89b e-con-full e-flex e-con e-child\" data-id=\"defa89b\" data-element_type=\"container\" data-e-type=\"container\">\n\t\t\t\t<div class=\"elementor-element elementor-element-3312171 elementor-widget-tablet__width-initial elementor-widget-mobile__width-inherit text-balance color-scheme-inherit text-left elementor-widget elementor-widget-text-editor\" data-id=\"3312171\" data-element_type=\"widget\" data-e-type=\"widget\" data-widget_type=\"text-editor.default\">\n\t\t\t\t<div class=\"elementor-widget-container\">\n\t\t\t\t\t\t\t\t\t<p>Der Bedrosian verf\u00fcgt \u00fcber spezialisierte Anw\u00e4lte. Kontaktieren Sie uns in dringenden F\u00e4llen.<\/p>\t\t\t\t\t\t\t\t<\/div>\n\t\t\t\t<\/div>\n\t\t\t\t<div class=\"elementor-element elementor-element-984ddce elementor-align-left btn-cta elementor-widget elementor-widget-button\" data-id=\"984ddce\" data-element_type=\"widget\" data-e-type=\"widget\" data-widget_type=\"button.default\">\n\t\t\t\t<div class=\"elementor-widget-container\">\n\t\t\t\t\t\t\t\t\t<div class=\"elementor-button-wrapper\">\n\t\t\t\t\t<a class=\"elementor-button elementor-button-link elementor-size-sm\" href=\"https:\/\/www.derbedrosian.nl\/de\/kontakt\/\" alt=\"contact strafrecht advocaat\">\n\t\t\t\t\t\t<span class=\"elementor-button-content-wrapper\">\n\t\t\t\t\t\t<span class=\"elementor-button-icon\">\n\t\t\t\t<svg aria-hidden=\"true\" class=\"e-font-icon-svg e-fas-long-arrow-alt-down\" viewbox=\"0 0 256 512\" xmlns=\"http:\/\/www.w3.org\/2000\/svg\"><path d=\"M168 345.941V44c0-6.627-5.373-12-12-12h-56c-6.627 0-12 5.373-12 12v301.941H41.941c-21.382 0-32.09 25.851-16.971 40.971l86.059 86.059c9.373 9.373 24.569 9.373 33.941 0l86.059-86.059c15.119-15.119 4.411-40.971-16.971-40.971H168z\"><\/path><\/svg>\t\t\t<\/span>\n\t\t\t\t\t\t\t\t\t<span class=\"elementor-button-text\">Erhalten Sie eine unverbindliche Beratung<\/span>\n\t\t\t\t\t<\/span>\n\t\t\t\t\t<\/a>\n\t\t\t\t<\/div>\n\t\t\t\t\t\t\t\t<\/div>\n\t\t\t\t<\/div>\n\t\t\t\t<\/div>\n\t\t\t\t\t<\/div>\n\t\t\t\t<\/div>\n\t\t<div class=\"wd-negative-gap elementor-element elementor-element-37bff6a wd-section-stretch e-flex e-con-boxed e-con e-parent\" data-id=\"37bff6a\" data-element_type=\"container\" data-e-type=\"container\">\n\t\t\t\t\t<div class=\"e-con-inner\">\n\t\t\t\t<div class=\"elementor-element elementor-element-c03b48f elementor-widget elementor-widget-heading\" data-id=\"c03b48f\" data-element_type=\"widget\" data-e-type=\"widget\" data-widget_type=\"heading.default\">\n\t\t\t\t<div class=\"elementor-widget-container\">\n\t\t\t\t\t<h3 class=\"elementor-heading-title elementor-size-default\">Stellenangebot Strafrechtler<\/h3>\t\t\t\t<\/div>\n\t\t\t\t<\/div>\n\t\t\t\t<div class=\"elementor-element elementor-element-b92f06e color-scheme-inherit text-left elementor-widget elementor-widget-text-editor\" data-id=\"b92f06e\" data-element_type=\"widget\" data-e-type=\"widget\" data-widget_type=\"text-editor.default\">\n\t\t\t\t<div class=\"elementor-widget-container\">\n\t\t\t\t\t\t\t\t\t<p>Die Anwaltskanzlei Der Bedrosian ist immer auf der Suche nach engagierten, erfahrenen Strafrechtsanw\u00e4lten, die unser Team verst\u00e4rken und unseren Mandanten den bestm\u00f6glichen Rechtsbeistand bieten. Wenn Sie \u00fcber au\u00dfergew\u00f6hnliche Qualit\u00e4ten, fundierte Kenntnisse im Strafrecht und eine Leidenschaft f\u00fcr die Verteidigung der Rechte des Einzelnen verf\u00fcgen, sollten Sie nicht z\u00f6gern, mit uns Kontakt aufzunehmen. Wir freuen uns \u00fcber Bewerber, die kreativ denken und entschlossen sind, Ergebnisse zu erzielen.<\/p>\t\t\t\t\t\t\t\t<\/div>\n\t\t\t\t<\/div>\n\t\t\t\t<div class=\"elementor-element elementor-element-5440051 elementor-widget elementor-widget-spacer\" data-id=\"5440051\" data-element_type=\"widget\" data-e-type=\"widget\" data-widget_type=\"spacer.default\">\n\t\t\t\t<div class=\"elementor-widget-container\">\n\t\t\t\t\t\t\t<div class=\"elementor-spacer\">\n\t\t\t<div class=\"elementor-spacer-inner\"><\/div>\n\t\t<\/div>\n\t\t\t\t\t\t<\/div>\n\t\t\t\t<\/div>\n\t\t\t\t<div class=\"elementor-element elementor-element-ae21af2 elementor-widget elementor-widget-heading\" data-id=\"ae21af2\" data-element_type=\"widget\" data-e-type=\"widget\" data-widget_type=\"heading.default\">\n\t\t\t\t<div class=\"elementor-widget-container\">\n\t\t\t\t\t<h3 class=\"elementor-heading-title elementor-size-default\">Stellenangebot Rechtsanwalt f\u00fcr Asylrecht<\/h3>\t\t\t\t<\/div>\n\t\t\t\t<\/div>\n\t\t\t\t<div class=\"elementor-element elementor-element-3769d27 color-scheme-inherit text-left elementor-widget elementor-widget-text-editor\" data-id=\"3769d27\" data-element_type=\"widget\" data-e-type=\"widget\" data-widget_type=\"text-editor.default\">\n\t\t\t\t<div class=\"elementor-widget-container\">\n\t\t\t\t\t\t\t\t\t<p>Die Anwaltskanzlei Der Bedrosian ist immer auf der Suche nach engagierten, erfahrenen Anw\u00e4lten f\u00fcr Asylrecht, die unser Team verst\u00e4rken und unseren Mandanten den bestm\u00f6glichen Rechtsbeistand bieten. Wir bieten ein anregendes Arbeitsumfeld, in dem unsere Anw\u00e4lte die M\u00f6glichkeit haben, ihre F\u00e4higkeiten weiterzuentwickeln und ein tiefes Verst\u00e4ndnis f\u00fcr das Asylrecht aufzubauen, damit sie unsere Mandanten in ihrem Rechtsstreit weiter unterst\u00fctzen k\u00f6nnen.<\/p>\t\t\t\t\t\t\t\t<\/div>\n\t\t\t\t<\/div>\n\t\t\t\t<div class=\"elementor-element elementor-element-d13a078 elementor-widget elementor-widget-spacer\" data-id=\"d13a078\" data-element_type=\"widget\" data-e-type=\"widget\" data-widget_type=\"spacer.default\">\n\t\t\t\t<div class=\"elementor-widget-container\">\n\t\t\t\t\t\t\t<div class=\"elementor-spacer\">\n\t\t\t<div class=\"elementor-spacer-inner\"><\/div>\n\t\t<\/div>\n\t\t\t\t\t\t<\/div>\n\t\t\t\t<\/div>\n\t\t\t\t<div class=\"elementor-element elementor-element-493a1ef elementor-widget elementor-widget-heading\" data-id=\"493a1ef\" data-element_type=\"widget\" data-e-type=\"widget\" data-widget_type=\"heading.default\">\n\t\t\t\t<div class=\"elementor-widget-container\">\n\t\t\t\t\t<h3 class=\"elementor-heading-title elementor-size-default\">Offene Praktikumsstelle f\u00fcr Studenten <\/h3>\t\t\t\t<\/div>\n\t\t\t\t<\/div>\n\t\t\t\t<div class=\"elementor-element elementor-element-cc5a905 color-scheme-inherit text-left elementor-widget elementor-widget-text-editor\" data-id=\"cc5a905\" data-element_type=\"widget\" data-e-type=\"widget\" data-widget_type=\"text-editor.default\">\n\t\t\t\t<div class=\"elementor-widget-container\">\n\t\t\t\t\t\t\t\t\t<p>Studieren Sie oder sind Sie auf der Suche nach einem Praktikum? In der Anwaltskanzlei Der Bedrosian bieten wir Praktikumspl\u00e4tze an. Werden Sie <a href=\"https:\/\/www.derbedrosian.nl\/de\/rechtsanwalte-2\/\">unser Team<\/a> und senden Sie Ihren Lebenslauf mit Anschreiben an thomas@derbedrosian.nl. Wir freuen uns auf Ihre Bewerbung!<\/p>\t\t\t\t\t\t\t\t<\/div>\n\t\t\t\t<\/div>\n\t\t\t\t<div class=\"elementor-element elementor-element-cbfe829 elementor-widget elementor-widget-spacer\" data-id=\"cbfe829\" data-element_type=\"widget\" data-e-type=\"widget\" data-widget_type=\"spacer.default\">\n\t\t\t\t<div class=\"elementor-widget-container\">\n\t\t\t\t\t\t\t<div class=\"elementor-spacer\">\n\t\t\t<div class=\"elementor-spacer-inner\"><\/div>\n\t\t<\/div>\n\t\t\t\t\t\t<\/div>\n\t\t\t\t<\/div>\n\t\t\t\t<div class=\"elementor-element elementor-element-b4f5889 elementor-widget elementor-widget-heading\" data-id=\"b4f5889\" data-element_type=\"widget\" data-e-type=\"widget\" data-widget_type=\"heading.default\">\n\t\t\t\t<div class=\"elementor-widget-container\">\n\t\t\t\t\t<h4 class=\"elementor-heading-title elementor-size-default\">Bewerbung<\/h4>\t\t\t\t<\/div>\n\t\t\t\t<\/div>\n\t\t\t\t<div class=\"elementor-element elementor-element-321b6ee color-scheme-inherit text-left elementor-widget elementor-widget-text-editor\" data-id=\"321b6ee\" data-element_type=\"widget\" data-e-type=\"widget\" data-widget_type=\"text-editor.default\">\n\t\t\t\t<div class=\"elementor-widget-container\">\n\t\t\t\t\t\t\t\t\t<p>Wenn Sie an einer der beschriebenen Stellen interessiert sind und sich bewerben m\u00f6chten, senden Sie bitte Ihr ausf\u00fchrliches Anschreiben zusammen mit Ihrem Lebenslauf an folgende E-Mail-Adresse: thomas@derbedrosian.nl. Wir freuen uns auf Ihre Bewerbung.<\/p>\t\t\t\t\t\t\t\t<\/div>\n\t\t\t\t<\/div>\n\t\t\t\t\t<\/div>\n\t\t\t\t<\/div>\n\t\t\t\t<\/div>","protected":false},"excerpt":{"rendered":"<p>HomePage Der Bedrosian hat spezialisierte Anw\u00e4lte. Bitte kontaktieren Sie uns in Notf\u00e4llen. Erhalten Sie eine unverbindliche Beratung Stellenangebot Strafrechtsanwalt Der Bedrosian Anwaltskanzlei<\/p>","protected":false},"author":1,"featured_media":0,"parent":0,"menu_order":7,"comment_status":"closed","ping_status":"closed","template":"","meta":{"footnotes":""},"class_list":["post-10188","page","type-page","status-publish","hentry"],"_links":{"self":[{"href":"https:\/\/www.derbedrosian.nl\/de\/wp-json\/wp\/v2\/pages\/10188","targetHints":{"allow":["GET"]}}],"collection":[{"href":"https:\/\/www.derbedrosian.nl\/de\/wp-json\/wp\/v2\/pages"}],"about":[{"href":"https:\/\/www.derbedrosian.nl\/de\/wp-json\/wp\/v2\/types\/page"}],"author":[{"embeddable":true,"href":"https:\/\/www.derbedrosian.nl\/de\/wp-json\/wp\/v2\/users\/1"}],"replies":[{"embeddable":true,"href":"https:\/\/www.derbedrosian.nl\/de\/wp-json\/wp\/v2\/comments?post=10188"}],"version-history":[{"count":0,"href":"https:\/\/www.derbedrosian.nl\/de\/wp-json\/wp\/v2\/pages\/10188\/revisions"}],"wp:attachment":[{"href":"https:\/\/www.derbedrosian.nl\/de\/wp-json\/wp\/v2\/media?parent=10188"}],"curies":[{"name":"wp","href":"https:\/\/api.w.org\/{rel}","templated":true}]}}