{"id":10049,"date":"2023-05-24T09:59:50","date_gmt":"2023-05-24T07:59:50","guid":{"rendered":"https:\/\/derbedrosian.nl\/?page_id=10049"},"modified":"2025-12-19T20:19:33","modified_gmt":"2025-12-19T18:19:33","slug":"preise","status":"publish","type":"page","link":"https:\/\/www.derbedrosian.nl\/de\/tarieven\/","title":{"rendered":"Preise"},"content":{"rendered":"<div data-elementor-type=\"wp-page\" data-elementor-id=\"10049\" class=\"elementor elementor-10049\" data-elementor-post-type=\"page\">\n\t\t\t\t<div class=\"wd-negative-gap elementor-element elementor-element-8718dcb wd-section-stretch e-flex e-con-boxed e-con e-parent\" data-id=\"8718dcb\" data-element_type=\"container\" data-e-type=\"container\" data-settings=\"{&quot;background_background&quot;:&quot;gradient&quot;}\">\n\t\t\t\t\t<div class=\"e-con-inner\">\n\t\t<div class=\"elementor-element elementor-element-b1e3193 e-con-full e-flex e-con e-child\" data-id=\"b1e3193\" data-element_type=\"container\" data-e-type=\"container\">\n\t\t\t\t<div class=\"elementor-element elementor-element-e5ffdc3 elementor-hidden-tablet elementor-hidden-mobile wd-el-breadcrumbs text-left elementor-widget elementor-widget-wd_element_breadcrumbs\" data-id=\"e5ffdc3\" data-element_type=\"widget\" data-e-type=\"widget\" data-widget_type=\"wd_element_breadcrumbs.default\">\n\t\t\t\t<div class=\"elementor-widget-container\">\n\t\t\t\t\t<nav class=\"wd-breadcrumbs\"><a href=\"https:\/\/www.derbedrosian.nl\/de\/\">Startseite<\/a><span class=\"wd-delimiter\"><\/span><span class=\"wd-last\">Seite<\/span><\/nav>\t\t\t\t<\/div>\n\t\t\t\t<\/div>\n\t\t\t\t<\/div>\n\t\t<div class=\"elementor-element elementor-element-bd71ce2 e-con-full e-flex e-con e-child\" data-id=\"bd71ce2\" data-element_type=\"container\" data-e-type=\"container\">\n\t\t\t\t<div class=\"elementor-element elementor-element-3578e6d elementor-widget-tablet__width-initial elementor-widget-mobile__width-inherit text-balance color-scheme-inherit text-left elementor-widget elementor-widget-text-editor\" data-id=\"3578e6d\" data-element_type=\"widget\" data-e-type=\"widget\" data-widget_type=\"text-editor.default\">\n\t\t\t\t<div class=\"elementor-widget-container\">\n\t\t\t\t\t\t\t\t\t<p>Der Bedrosian verf\u00fcgt \u00fcber spezialisierte Anw\u00e4lte. Kontaktieren Sie uns in dringenden F\u00e4llen.<\/p>\t\t\t\t\t\t\t\t<\/div>\n\t\t\t\t<\/div>\n\t\t\t\t<div class=\"elementor-element elementor-element-bb65c66 elementor-align-left btn-cta elementor-widget elementor-widget-button\" data-id=\"bb65c66\" data-element_type=\"widget\" data-e-type=\"widget\" data-widget_type=\"button.default\">\n\t\t\t\t<div class=\"elementor-widget-container\">\n\t\t\t\t\t\t\t\t\t<div class=\"elementor-button-wrapper\">\n\t\t\t\t\t<a class=\"elementor-button elementor-button-link elementor-size-sm\" href=\"https:\/\/www.derbedrosian.nl\/de\/kontakt\/\" alt=\"contact strafrechtadvocaat enschede\">\n\t\t\t\t\t\t<span class=\"elementor-button-content-wrapper\">\n\t\t\t\t\t\t<span class=\"elementor-button-icon\">\n\t\t\t\t<svg aria-hidden=\"true\" class=\"e-font-icon-svg e-fas-long-arrow-alt-down\" viewbox=\"0 0 256 512\" xmlns=\"http:\/\/www.w3.org\/2000\/svg\"><path d=\"M168 345.941V44c0-6.627-5.373-12-12-12h-56c-6.627 0-12 5.373-12 12v301.941H41.941c-21.382 0-32.09 25.851-16.971 40.971l86.059 86.059c9.373 9.373 24.569 9.373 33.941 0l86.059-86.059c15.119-15.119 4.411-40.971-16.971-40.971H168z\"><\/path><\/svg>\t\t\t<\/span>\n\t\t\t\t\t\t\t\t\t<span class=\"elementor-button-text\">Erhalten Sie eine unverbindliche Beratung<\/span>\n\t\t\t\t\t<\/span>\n\t\t\t\t\t<\/a>\n\t\t\t\t<\/div>\n\t\t\t\t\t\t\t\t<\/div>\n\t\t\t\t<\/div>\n\t\t\t\t<\/div>\n\t\t\t\t\t<\/div>\n\t\t\t\t<\/div>\n\t\t<div class=\"wd-negative-gap elementor-element elementor-element-b1314ff wd-section-stretch e-flex e-con-boxed e-con e-parent\" data-id=\"b1314ff\" data-element_type=\"container\" data-e-type=\"container\">\n\t\t\t\t\t<div class=\"e-con-inner\">\n\t\t\t\t<div class=\"elementor-element elementor-element-67009b4 elementor-hidden-desktop elementor-hidden-tablet elementor-hidden-mobile elementor-widget elementor-widget-wd_image_or_svg\" data-id=\"67009b4\" data-element_type=\"widget\" data-e-type=\"widget\" id=\"seo-word\" data-widget_type=\"wd_image_or_svg.default\">\n\t\t\t\t<div class=\"elementor-widget-container\">\n\t\t\t\t\t\n\t\t<div class=\"wd-image text-left\">\n\t\t\t\t\t\t\t\t<img decoding=\"async\" src=\"https:\/\/www.derbedrosian.nl\/wp-content\/plugins\/elementor\/assets\/images\/placeholder.png\" alt=\"\" title=\"\">\t\t\t\t\t<\/div>\n\n\t\t\t\t\t\t<\/div>\n\t\t\t\t<\/div>\n\t\t\t\t<div class=\"elementor-element elementor-element-09a2915 elementor-hidden-desktop elementor-hidden-tablet elementor-hidden-mobile color-scheme-inherit text-left elementor-widget elementor-widget-text-editor\" data-id=\"09a2915\" data-element_type=\"widget\" data-e-type=\"widget\" id=\"seo-word\" data-widget_type=\"text-editor.default\">\n\t\t\t\t<div class=\"elementor-widget-container\">\n\t\t\t\t\t\t\t\t\t<p>Diese Geb\u00fchren k\u00f6nnen je nach Art des Falles, der Erfahrung des Anwalts und der Komplexit\u00e4t des Rechtsproblems variieren. Die Honorare sind ein wesentlicher Aspekt bei der Auswahl des richtigen Anwalts f\u00fcr Ihren Fall.<\/p><p>Es ist wichtig zu wissen, dass die Anwaltsgeb\u00fchren in den Niederlanden nicht gesetzlich geregelt sind. Das bedeutet, dass Anwaltskanzleien die Freiheit haben, ihre Honorare auf der Grundlage ihrer eigenen Richtlinien festzulegen. Daher k\u00f6nnen die Tarife zwischen verschiedenen Anwaltskanzleien und sogar zwischen verschiedenen Anw\u00e4lten innerhalb derselben Kanzlei stark variieren.<\/p><p>Honorare k\u00f6nnen auf unterschiedliche Weise berechnet werden, z.B. als Stundensatz, Festhonorar oder eine Kombination aus beidem. Das g\u00e4ngigste Geb\u00fchrenmodell ist der Stundensatz, bei dem Anw\u00e4lte einen festen Betrag pro Stunde f\u00fcr ihre Dienste berechnen. Dieses Honorarmodell kann jedoch zu erheblichen Kosten f\u00fchren, insbesondere in komplexen F\u00e4llen.<\/p>\t\t\t\t\t\t\t\t<\/div>\n\t\t\t\t<\/div>\n\t\t\t\t<div class=\"elementor-element elementor-element-df6694f elementor-widget elementor-widget-heading\" data-id=\"df6694f\" data-element_type=\"widget\" data-e-type=\"widget\" data-widget_type=\"heading.default\">\n\t\t\t\t<div class=\"elementor-widget-container\">\n\t\t\t\t\t<h3 class=\"elementor-heading-title elementor-size-default\">Finanzierte Prozesskostenhilfe (Zusatz)<\/h3>\t\t\t\t<\/div>\n\t\t\t\t<\/div>\n\t\t\t\t<div class=\"elementor-element elementor-element-3df86d6 elementor-widget elementor-widget-heading\" data-id=\"3df86d6\" data-element_type=\"widget\" data-e-type=\"widget\" data-widget_type=\"heading.default\">\n\t\t\t\t<div class=\"elementor-widget-container\">\n\t\t\t\t\t<h4 class=\"elementor-heading-title elementor-size-default\">Anwalt f\u00fcr Insolvenzrecht oder pro bono Anwalt\n<\/h4>\t\t\t\t<\/div>\n\t\t\t\t<\/div>\n\t\t\t\t<div class=\"elementor-element elementor-element-757a082 color-scheme-inherit text-left elementor-widget elementor-widget-text-editor\" data-id=\"757a082\" data-element_type=\"widget\" data-e-type=\"widget\" data-widget_type=\"text-editor.default\">\n\t\t\t\t<div class=\"elementor-widget-container\">\n\t\t\t\t\t\t\t\t\t<p>In der Anwaltskanzlei Der Bedrosian bem\u00fchen wir uns, jedem den Zugang zum Recht zu erm\u00f6glichen, auch wenn jemand nicht in der Lage ist, die Kosten f\u00fcr einen Anwalt zu bezahlen. Deshalb bieten wir Prozesskostenhilfe auf der Basis von subventionierter Prozesskostenhilfe an, auch bekannt als 'Anwalt f\u00fcr Unverm\u00f6gen' oder 'Pro Bono Anwalt'.<\/p><p>Beim ersten Gespr\u00e4ch wird der Anwalt gemeinsam mit Ihnen pr\u00fcfen, ob Sie f\u00fcr diese subventionierte Prozesskostenhilfe in Frage kommen. Wenn dies der Fall zu sein scheint, wird der Anwalt einen Antrag auf finanzielle Unterst\u00fctzung bei der Rechtshilfekammer (RvR) stellen.<\/p><p>Der AdR pr\u00fcft dann, ob Sie Anspruch auf finanzielle Unterst\u00fctzung oder einen \"Zuschlag\" haben. Wenn ja, \u00fcbernimmt die Regierung einen Teil der Kosten f\u00fcr den Anwalt. Sie m\u00fcssen jedoch weiterhin eine Zuzahlung leisten.<\/p>\t\t\t\t\t\t\t\t<\/div>\n\t\t\t\t<\/div>\n\t\t\t\t<div class=\"elementor-element elementor-element-075acfd elementor-widget elementor-widget-spacer\" data-id=\"075acfd\" data-element_type=\"widget\" data-e-type=\"widget\" data-widget_type=\"spacer.default\">\n\t\t\t\t<div class=\"elementor-widget-container\">\n\t\t\t\t\t\t\t<div class=\"elementor-spacer\">\n\t\t\t<div class=\"elementor-spacer-inner\"><\/div>\n\t\t<\/div>\n\t\t\t\t\t\t<\/div>\n\t\t\t\t<\/div>\n\t\t\t\t<div class=\"elementor-element elementor-element-62c324c elementor-widget elementor-widget-heading\" data-id=\"62c324c\" data-element_type=\"widget\" data-e-type=\"widget\" data-widget_type=\"heading.default\">\n\t\t\t\t<div class=\"elementor-widget-container\">\n\t\t\t\t\t<h3 class=\"elementor-heading-title elementor-size-default\">Nach Stundensatz\n<\/h3>\t\t\t\t<\/div>\n\t\t\t\t<\/div>\n\t\t\t\t<div class=\"elementor-element elementor-element-f148615 elementor-widget elementor-widget-heading\" data-id=\"f148615\" data-element_type=\"widget\" data-e-type=\"widget\" data-widget_type=\"heading.default\">\n\t\t\t\t<div class=\"elementor-widget-container\">\n\t\t\t\t\t<h4 class=\"elementor-heading-title elementor-size-default\">Wettbewerbsf\u00e4hig und transparent\n\n<\/h4>\t\t\t\t<\/div>\n\t\t\t\t<\/div>\n\t\t\t\t<div class=\"elementor-element elementor-element-d8e32df color-scheme-inherit text-left elementor-widget elementor-widget-text-editor\" data-id=\"d8e32df\" data-element_type=\"widget\" data-e-type=\"widget\" data-widget_type=\"text-editor.default\">\n\t\t\t\t<div class=\"elementor-widget-container\">\n\t\t\t\t\t\t\t\t\t<p>In unserer Anwaltskanzlei bem\u00fchen wir uns um faire Preise f\u00fcr unsere Dienstleistungen. Das Honorar, das wir berechnen, h\u00e4ngt von der Art des Falles (Beratung, Schlichtung oder Rechtsstreit) und dem jeweiligen Rechtsgebiet ab. W\u00e4hrend unseres Erstgespr\u00e4chs legen wir das Honorar f\u00fcr Ihren Fall fest. Wir berechnen unser Honorar auf der Grundlage der Anzahl der Stunden, die unser Anwalt an Ihrem Fall arbeitet, multipliziert mit dem vereinbarten Stundensatz. Manchmal bitten wir um eine Vorauszahlung zur Deckung der Kosten.<\/p><p>Es ist oft schwierig, im Voraus genau vorherzusagen, wie viel ein Fall kosten wird. Das liegt daran, dass das Ergebnis von den beteiligten Parteien abh\u00e4ngt und davon, wie ein Richter den Fall beurteilt, was manchmal schwer vorherzusagen ist.<\/p><p>Dennoch versuchen wir, den endg\u00fcltigen Stundensatz im Voraus zu kl\u00e4ren. Bei der Festlegung dieses Stundensatzes ber\u00fccksichtigen wir mehrere Dinge, z. B. wie kompliziert der Fall ist, ob Eile geboten ist, wie viel Erfahrung der <a href=\"https:\/\/www.derbedrosian.nl\/de\/rechtsanwalte-2\/\">Rechtsanwalt<\/a> hat, worauf er oder sie spezialisiert ist und welche Ergebnisse in \u00e4hnlichen F\u00e4llen erzielt wurden. Wir sind bestrebt, einen fairen Preis zu berechnen, damit Sie eine klare Vorstellung von den Kosten haben und es w\u00e4hrend des Prozesses keine \u00dcberraschungen gibt.<\/p>\t\t\t\t\t\t\t\t<\/div>\n\t\t\t\t<\/div>\n\t\t\t\t<div class=\"elementor-element elementor-element-e143d5b elementor-widget elementor-widget-spacer\" data-id=\"e143d5b\" data-element_type=\"widget\" data-e-type=\"widget\" data-widget_type=\"spacer.default\">\n\t\t\t\t<div class=\"elementor-widget-container\">\n\t\t\t\t\t\t\t<div class=\"elementor-spacer\">\n\t\t\t<div class=\"elementor-spacer-inner\"><\/div>\n\t\t<\/div>\n\t\t\t\t\t\t<\/div>\n\t\t\t\t<\/div>\n\t\t\t\t<div class=\"elementor-element elementor-element-02fa28c elementor-widget elementor-widget-heading\" data-id=\"02fa28c\" data-element_type=\"widget\" data-e-type=\"widget\" data-widget_type=\"heading.default\">\n\t\t\t\t<div class=\"elementor-widget-container\">\n\t\t\t\t\t<h3 class=\"elementor-heading-title elementor-size-default\">Festpreisvereinbarung\n<\/h3>\t\t\t\t<\/div>\n\t\t\t\t<\/div>\n\t\t\t\t<div class=\"elementor-element elementor-element-b344106 elementor-widget elementor-widget-heading\" data-id=\"b344106\" data-element_type=\"widget\" data-e-type=\"widget\" data-widget_type=\"heading.default\">\n\t\t\t\t<div class=\"elementor-widget-container\">\n\t\t\t\t\t<h4 class=\"elementor-heading-title elementor-size-default\">Keine Sorgen \u00fcber unvorhergesehene Kosten<\/h4>\t\t\t\t<\/div>\n\t\t\t\t<\/div>\n\t\t\t\t<div class=\"elementor-element elementor-element-a60deb9 color-scheme-inherit text-left elementor-widget elementor-widget-text-editor\" data-id=\"a60deb9\" data-element_type=\"widget\" data-e-type=\"widget\" data-widget_type=\"text-editor.default\">\n\t\t\t\t<div class=\"elementor-widget-container\">\n\t\t\t\t\t\t\t\t\t<p>Manchmal k\u00f6nnen wir ein \"All-in-One-Honorar\" f\u00fcr Ihren Fall vereinbaren. Das bedeutet, dass der Anwalt mit Ihnen einen festen Betrag f\u00fcr die gesamte Arbeit an Ihrem Fall vereinbart. Auf diese Weise wissen Sie im Voraus genau, wie hoch die Kosten sein werden, und wir vermeiden unerwartete \u00dcberraschungen.<\/p><p>W\u00e4hrend unseres ersten Treffens in unserem B\u00fcro werden wir besprechen, ob diese Option f\u00fcr Ihren Fall geeignet ist und welche Bedingungen gelten. Das endg\u00fcltige Honorar wird im Voraus mit Ihnen vereinbart. Dabei ber\u00fccksichtigen wir mehrere Dinge, wie Art und Umfang des Falles, seine Bedeutung, die Dringlichkeit des Falles, die Erfahrung und Spezialisierung des Anwalts und was Sie erwarten k\u00f6nnen. Auf diese Weise streben wir faire und klare Preise an, damit Sie sich der Kosten bewusst sind und w\u00e4hrend des Prozesses keine unangenehmen \u00dcberraschungen erleben.<\/p>\t\t\t\t\t\t\t\t<\/div>\n\t\t\t\t<\/div>\n\t\t\t\t\t<\/div>\n\t\t\t\t<\/div>\n\t\t\t\t<\/div>","protected":false},"excerpt":{"rendered":"<p>HomePage Der Bedrosian hat spezialisierte Anw\u00e4lte. Bitte kontaktieren Sie uns in dringenden F\u00e4llen. Erhalten Sie eine kostenlose Beratung Diese Preise k\u00f6nnen variieren je nach<\/p>","protected":false},"author":1,"featured_media":0,"parent":0,"menu_order":4,"comment_status":"closed","ping_status":"closed","template":"","meta":{"footnotes":""},"class_list":["post-10049","page","type-page","status-publish","hentry"],"_links":{"self":[{"href":"https:\/\/www.derbedrosian.nl\/de\/wp-json\/wp\/v2\/pages\/10049","targetHints":{"allow":["GET"]}}],"collection":[{"href":"https:\/\/www.derbedrosian.nl\/de\/wp-json\/wp\/v2\/pages"}],"about":[{"href":"https:\/\/www.derbedrosian.nl\/de\/wp-json\/wp\/v2\/types\/page"}],"author":[{"embeddable":true,"href":"https:\/\/www.derbedrosian.nl\/de\/wp-json\/wp\/v2\/users\/1"}],"replies":[{"embeddable":true,"href":"https:\/\/www.derbedrosian.nl\/de\/wp-json\/wp\/v2\/comments?post=10049"}],"version-history":[{"count":0,"href":"https:\/\/www.derbedrosian.nl\/de\/wp-json\/wp\/v2\/pages\/10049\/revisions"}],"wp:attachment":[{"href":"https:\/\/www.derbedrosian.nl\/de\/wp-json\/wp\/v2\/media?parent=10049"}],"curies":[{"name":"wp","href":"https:\/\/api.w.org\/{rel}","templated":true}]}}